{"id":20943,"date":"2023-12-26T16:51:45","date_gmt":"2023-12-26T16:51:45","guid":{"rendered":"https:\/\/www.unavets.com\/povetval\/?page_id=20943"},"modified":"2023-12-28T13:02:53","modified_gmt":"2023-12-28T13:02:53","slug":"servicio-de-reproduccion","status":"publish","type":"page","link":"https:\/\/www.unavets.com\/povetval\/es\/servicio-de-reproduccion\/","title":{"rendered":"Servicio de Reproducci\u00f3n"},"content":{"rendered":"\t\t<div data-elementor-type=\"wp-page\" data-elementor-id=\"20943\" class=\"elementor elementor-20943\" data-elementor-post-type=\"page\">\n\t\t\t\t\t\t<section class=\"elementor-section elementor-top-section elementor-element elementor-element-0af78bc elementor-section-boxed elementor-section-height-default elementor-section-height-default\" data-id=\"0af78bc\" data-element_type=\"section\" data-e-type=\"section\">\n\t\t\t\t\t\t<div class=\"elementor-container elementor-column-gap-default\">\n\t\t\t\t\t<div class=\"elementor-column elementor-col-66 elementor-top-column elementor-element elementor-element-14cf91c\" data-id=\"14cf91c\" data-element_type=\"column\" data-e-type=\"column\">\n\t\t\t<div class=\"elementor-widget-wrap elementor-element-populated\">\n\t\t\t\t\t\t<div class=\"elementor-element elementor-element-02fd6f3 elementor-widget elementor-widget-text-editor\" data-id=\"02fd6f3\" data-element_type=\"widget\" data-e-type=\"widget\" data-widget_type=\"text-editor.default\">\n\t\t\t\t<div class=\"elementor-widget-container\">\n\t\t\t\t\t\t\t\t\t<h2 class=\"title title--1 font--primary\">Hospital Veterinario Ciudad de Lugo, cuidamos de los animales incluso antes\u00a0<span class=\"block\">de su nacimiento<\/span><\/h2><p>En nuestro centro de reproducci\u00f3n animal en Lugo, nos especializamos ofrecer servicios de calidad para satisfacer las necesidades de nuestros clientes en el \u00e1mbito de la inseminaci\u00f3n animal en Lugo.<\/p><p>Contamos con un equipo de profesionales con amplia experiencia en la reproducci\u00f3n veterinaria en Lugo de m\u00faltiples especies, desde gatos y perros hasta otros animales de mayor tama\u00f1o. Nuestros expertos veterinarios est\u00e1n capacitados en t\u00e9cnicas avanzadas de inseminaci\u00f3n artificial para perros en Lugo y dem\u00e1s animales.<\/p><p>En nuestro hospital veterinario especializado en inseminaci\u00f3n animal en Lugo, estamos equipados con las instalaciones y el equipamiento adecuados para atender a cualquier tipo de parto u otros servicios de reproducci\u00f3n, como es la ecograf\u00eda veterinaria en Lugo. Nuestros especialistas cuentan con tecnolog\u00eda de vanguardia para realizar ecograf\u00eda para perro en Lugo con precisi\u00f3n y diagn\u00f3stico temprano.<\/p><p>En el Hospital Veterinario Ciudad de Lugo, nuestro compromiso es proporcionar la mejor atenci\u00f3n posible en el \u00e1mbito de la reproducci\u00f3n animal en Lugo y ayudar a que las mascotas y sus due\u00f1os ampl\u00eden la familia con una camada saludable y exitosa.<\/p>\t\t\t\t\t\t\t\t<\/div>\n\t\t\t\t<\/div>\n\t\t\t\t\t<\/div>\n\t\t<\/div>\n\t\t\t\t<div class=\"elementor-column elementor-col-33 elementor-top-column elementor-element elementor-element-666c269\" data-id=\"666c269\" data-element_type=\"column\" data-e-type=\"column\">\n\t\t\t<div class=\"elementor-widget-wrap elementor-element-populated\">\n\t\t\t\t\t\t<div class=\"elementor-element elementor-element-dd9e8e6 elementor-widget elementor-widget-image\" data-id=\"dd9e8e6\" data-element_type=\"widget\" data-e-type=\"widget\" data-widget_type=\"image.default\">\n\t\t\t\t<div class=\"elementor-widget-container\">\n\t\t\t\t\t\t\t\t\t\t\t\t\t\t\t<img fetchpriority=\"high\" width=\"500\" height=\"727\" class=\"attachment-large size-large wp-image-20957 lazy\" alt=\"\" data-src=\"https:\/\/www.unavets.com\/povetval\/wp-content\/uploads\/sites\/50\/2023\/12\/reproduccion-gatos-en-lugo-e1703610897566.png\" data-lazy=\"https:\/\/www.unavets.com\/povetval\/wp-content\/uploads\/sites\/50\/2023\/12\/reproduccion-gatos-en-lugo-e1703610897566.png\" \/>\t\t\t\t\t\t\t\t\t\t\t\t\t\t\t<\/div>\n\t\t\t\t<\/div>\n\t\t\t\t\t<\/div>\n\t\t<\/div>\n\t\t\t\t\t<\/div>\n\t\t<\/section>\n\t\t\t\t<section class=\"elementor-section elementor-top-section elementor-element elementor-element-221a063 elementor-section-boxed elementor-section-height-default elementor-section-height-default\" data-id=\"221a063\" data-element_type=\"section\" data-e-type=\"section\">\n\t\t\t\t\t\t<div class=\"elementor-container elementor-column-gap-default\">\n\t\t\t\t\t<div class=\"elementor-column elementor-col-50 elementor-top-column elementor-element elementor-element-9936371\" data-id=\"9936371\" data-element_type=\"column\" data-e-type=\"column\">\n\t\t\t<div class=\"elementor-widget-wrap elementor-element-populated\">\n\t\t\t\t\t\t<div class=\"elementor-element elementor-element-fdb192e elementor-widget elementor-widget-image\" data-id=\"fdb192e\" data-element_type=\"widget\" data-e-type=\"widget\" data-widget_type=\"image.default\">\n\t\t\t\t<div class=\"elementor-widget-container\">\n\t\t\t\t\t\t\t\t\t\t\t\t\t\t\t<img width=\"491\" height=\"523\" class=\"attachment-large size-large wp-image-20959 lazy\" alt=\"\" data-src=\"https:\/\/www.unavets.com\/povetval\/wp-content\/uploads\/sites\/50\/2023\/12\/reproduccion-perros-en-lugo--e1703610950547.png\" data-lazy=\"https:\/\/www.unavets.com\/povetval\/wp-content\/uploads\/sites\/50\/2023\/12\/reproduccion-perros-en-lugo--e1703610950547.png\" \/>\t\t\t\t\t\t\t\t\t\t\t\t\t\t\t<\/div>\n\t\t\t\t<\/div>\n\t\t\t\t\t<\/div>\n\t\t<\/div>\n\t\t\t\t<div class=\"elementor-column elementor-col-50 elementor-top-column elementor-element elementor-element-b96c3c3\" data-id=\"b96c3c3\" data-element_type=\"column\" data-e-type=\"column\">\n\t\t\t<div class=\"elementor-widget-wrap elementor-element-populated\">\n\t\t\t\t\t\t<div class=\"elementor-element elementor-element-c8d8825 elementor-widget elementor-widget-text-editor\" data-id=\"c8d8825\" data-element_type=\"widget\" data-e-type=\"widget\" data-widget_type=\"text-editor.default\">\n\t\t\t\t<div class=\"elementor-widget-container\">\n\t\t\t\t\t\t\t\t\t<h2 class=\"title title--1 font--primary\">Descubre todos los servicios de reproducci\u00f3n animal en nuestra cl\u00ednica<\/h2><p><br \/>Ya sea que tu mascota requiera asistencia en reproducci\u00f3n veterinaria en Lugo o t\u00fa necesites informaci\u00f3n sobre esta \u00e1rea, estamos aqu\u00ed para ayudarte. En Hospital Veterinario Ciudad de Lugo contamos con un equipo de expertos especializados en la inseminaci\u00f3n animal en Lugo. Adem\u00e1s, nuestras ecograf\u00edas veterinarias en Lugo ofrecen diagn\u00f3sticos precisos y confiables para el bienestar de tus animales.<\/p><p>Entre los servicios de nuestro centro de reproducci\u00f3n animal en Lugo destacan:<\/p><p>Mediciones de progesterona<br \/>Inseminaci\u00f3n artificial<br \/>Ecograf\u00edas<br \/>Diagn\u00f3stico y control de la gestaci\u00f3n<br \/>Asistencia al parto<br \/>Ces\u00e1reas<br \/>Cuidado de neonatos<\/p>\t\t\t\t\t\t\t\t<\/div>\n\t\t\t\t<\/div>\n\t\t\t\t\t<\/div>\n\t\t<\/div>\n\t\t\t\t\t<\/div>\n\t\t<\/section>\n\t\t\t\t<section class=\"elementor-section elementor-top-section elementor-element elementor-element-2560a5a elementor-section-boxed elementor-section-height-default elementor-section-height-default\" data-id=\"2560a5a\" data-element_type=\"section\" data-e-type=\"section\">\n\t\t\t\t\t\t<div class=\"elementor-container elementor-column-gap-default\">\n\t\t\t\t\t<div class=\"elementor-column elementor-col-66 elementor-top-column elementor-element elementor-element-309640a\" data-id=\"309640a\" data-element_type=\"column\" data-e-type=\"column\">\n\t\t\t<div class=\"elementor-widget-wrap elementor-element-populated\">\n\t\t\t\t\t\t<div class=\"elementor-element elementor-element-99b1411 elementor-widget elementor-widget-text-editor\" data-id=\"99b1411\" data-element_type=\"widget\" data-e-type=\"widget\" data-widget_type=\"text-editor.default\">\n\t\t\t\t<div class=\"elementor-widget-container\">\n\t\t\t\t\t\t\t\t\t<h2 class=\"title title--1 font--primary\">Determinaci\u00f3n del momento adecuado para la monta o inseminaci\u00f3n artificial en Lugo<\/h2><p>Como veterinarios especialistas en la\u00a0<strong>reproducci\u00f3n animal en Lugo<\/strong>, estamos altamente capacitados para estimar la determinaci\u00f3n del momento \u00f3ptimo para la monta o la\u00a0<strong>inseminaci\u00f3n artificial para perros<\/strong>\u00a0en Lugo. Nuestro equipo posee los conocimientos, t\u00e9cnicas y experiencia necesaria para conocer el momento de la ovulaci\u00f3n en las hembras, lo que nos permite sincronizar la monta o lograr con \u00e9xito la\u00a0<strong>reproducci\u00f3n veterinaria<\/strong>\u00a0en Lugo.<\/p><p>No importa si se trata de peque\u00f1os o grandes animales, estamos preparados para asistir en la\u00a0<strong>inseminaci\u00f3n animal<\/strong>\u00a0en Lugo de cualquier especie. A trav\u00e9s de la\u00a0<strong>ecograf\u00eda veterinaria en Lugo<\/strong>\u00a0podemos monitorear el ciclo reproductivo y evaluar la salud de los animales durante todo el proceso.<\/p><p>Con la ayuda de la\u00a0<strong>inseminaci\u00f3n artificial para perros<\/strong>\u00a0en Lugo, logramos camadas sanas y un parto seguro para las hembras, minimizando los riesgos asociados con la reproducci\u00f3n natural. Nuestro objetivo es garantizar el \u00e9xito de los procesos reproductivos, brindando atenci\u00f3n de calidad y utilizando las t\u00e9cnicas m\u00e1s avanzadas en\u00a0<strong>ecograf\u00eda para perro<\/strong>\u00a0en Lugo.<\/p><p>Si est\u00e1s buscando una cl\u00ednica experta en\u00a0<strong>inseminaci\u00f3n artificial para perro en Lugo<\/strong>, en Hospital Veterinario Ciudad de Lugo podemos ayudarte y superar tus expectativas con nuestro m\u00e9todo de trabajo y resultados. Nuestras\u00a0<strong>ecograf\u00edas para perro<\/strong>\u00a0en Lugo brindan im\u00e1genes claras y precisas para un diagn\u00f3stico efectivo.<\/p>\t\t\t\t\t\t\t\t<\/div>\n\t\t\t\t<\/div>\n\t\t\t\t\t<\/div>\n\t\t<\/div>\n\t\t\t\t<div class=\"elementor-column elementor-col-33 elementor-top-column elementor-element elementor-element-8561625\" data-id=\"8561625\" data-element_type=\"column\" data-e-type=\"column\">\n\t\t\t<div class=\"elementor-widget-wrap elementor-element-populated\">\n\t\t\t\t\t\t<div class=\"elementor-element elementor-element-4be51aa elementor-widget elementor-widget-image\" data-id=\"4be51aa\" data-element_type=\"widget\" data-e-type=\"widget\" data-widget_type=\"image.default\">\n\t\t\t\t<div class=\"elementor-widget-container\">\n\t\t\t\t\t\t\t\t\t\t\t\t\t\t\t<img decoding=\"async\" src=\"https:\/\/www.unavets.com\/veterinariolugo\/wp-content\/uploads\/sites\/47\/2023\/12\/280-e1703611215317.png\" title=\"\" alt=\"\" loading=\"lazy\" \/>\t\t\t\t\t\t\t\t\t\t\t\t\t\t\t<\/div>\n\t\t\t\t<\/div>\n\t\t\t\t\t<\/div>\n\t\t<\/div>\n\t\t\t\t\t<\/div>\n\t\t<\/section>\n\t\t\t\t<section class=\"elementor-section elementor-top-section elementor-element elementor-element-7937040 elementor-section-boxed elementor-section-height-default elementor-section-height-default\" data-id=\"7937040\" data-element_type=\"section\" data-e-type=\"section\">\n\t\t\t\t\t\t<div class=\"elementor-container elementor-column-gap-default\">\n\t\t\t\t\t<div class=\"elementor-column elementor-col-50 elementor-top-column elementor-element elementor-element-9051bf7\" data-id=\"9051bf7\" data-element_type=\"column\" data-e-type=\"column\">\n\t\t\t<div class=\"elementor-widget-wrap elementor-element-populated\">\n\t\t\t\t\t\t<div class=\"elementor-element elementor-element-4b613e1 elementor-widget elementor-widget-image\" data-id=\"4b613e1\" data-element_type=\"widget\" data-e-type=\"widget\" data-widget_type=\"image.default\">\n\t\t\t\t<div class=\"elementor-widget-container\">\n\t\t\t\t\t\t\t\t\t\t\t\t\t\t\t<img width=\"600\" height=\"400\" class=\"attachment-large size-large wp-image-20874 lazy\" alt=\"\" data-src=\"https:\/\/www.unavets.com\/povetval\/wp-content\/uploads\/sites\/50\/2023\/12\/ecografia-veterinaria-en-lugo.jpg\" data-lazy=\"https:\/\/www.unavets.com\/povetval\/wp-content\/uploads\/sites\/50\/2023\/12\/ecografia-veterinaria-en-lugo.jpg\" \/>\t\t\t\t\t\t\t\t\t\t\t\t\t\t\t<\/div>\n\t\t\t\t<\/div>\n\t\t\t\t\t<\/div>\n\t\t<\/div>\n\t\t\t\t<div class=\"elementor-column elementor-col-50 elementor-top-column elementor-element elementor-element-6024c0b\" data-id=\"6024c0b\" data-element_type=\"column\" data-e-type=\"column\">\n\t\t\t<div class=\"elementor-widget-wrap elementor-element-populated\">\n\t\t\t\t\t\t<div class=\"elementor-element elementor-element-33ba95b elementor-widget elementor-widget-image\" data-id=\"33ba95b\" data-element_type=\"widget\" data-e-type=\"widget\" data-widget_type=\"image.default\">\n\t\t\t\t<div class=\"elementor-widget-container\">\n\t\t\t\t\t\t\t\t\t\t\t\t\t\t\t<img loading=\"lazy\" width=\"600\" height=\"400\" class=\"attachment-large size-large wp-image-20948 lazy\" alt=\"\" data-src=\"https:\/\/www.unavets.com\/povetval\/wp-content\/uploads\/sites\/50\/2023\/12\/parto-animal-veterinarios-lugo.jpg\" data-lazy=\"https:\/\/www.unavets.com\/povetval\/wp-content\/uploads\/sites\/50\/2023\/12\/parto-animal-veterinarios-lugo.jpg\" \/>\t\t\t\t\t\t\t\t\t\t\t\t\t\t\t<\/div>\n\t\t\t\t<\/div>\n\t\t\t\t\t<\/div>\n\t\t<\/div>\n\t\t\t\t\t<\/div>\n\t\t<\/section>\n\t\t\t\t<section class=\"elementor-section elementor-top-section elementor-element elementor-element-bd26cd1 elementor-section-boxed elementor-section-height-default elementor-section-height-default\" data-id=\"bd26cd1\" data-element_type=\"section\" data-e-type=\"section\">\n\t\t\t\t\t\t<div class=\"elementor-container elementor-column-gap-default\">\n\t\t\t\t\t<div class=\"elementor-column elementor-col-50 elementor-top-column elementor-element elementor-element-f6e5da3\" data-id=\"f6e5da3\" data-element_type=\"column\" data-e-type=\"column\">\n\t\t\t<div class=\"elementor-widget-wrap elementor-element-populated\">\n\t\t\t\t\t\t<div class=\"elementor-element elementor-element-931e8eb elementor-widget elementor-widget-text-editor\" data-id=\"931e8eb\" data-element_type=\"widget\" data-e-type=\"widget\" data-widget_type=\"text-editor.default\">\n\t\t\t\t<div class=\"elementor-widget-container\">\n\t\t\t\t\t\t\t\t\t<h3 class=\"box__title title title--2 font--primary\">Ecograf\u00eda veterinaria<\/h3><p>Nuestro servicio de\u00a0<strong>ecograf\u00eda veterinaria en Lugo<\/strong>\u00a0nos permite medir y evaluar el desarrollo de los fetos en las hembras, proporcionando informaci\u00f3n crucial para el seguimiento de la gestaci\u00f3n. Mediante la\u00a0<strong>ecograf\u00eda de perro<\/strong>\u00a0en Lugo, tambi\u00e9n podemos confirmar el n\u00famero de cr\u00edas que se esperan en el parto, lo que resulta fundamental para una planificaci\u00f3n adecuada y un cuidado \u00f3ptimo de la madre y sus cr\u00edas.<\/p>\t\t\t\t\t\t\t\t<\/div>\n\t\t\t\t<\/div>\n\t\t\t\t\t<\/div>\n\t\t<\/div>\n\t\t\t\t<div class=\"elementor-column elementor-col-50 elementor-top-column elementor-element elementor-element-bff7561\" data-id=\"bff7561\" data-element_type=\"column\" data-e-type=\"column\">\n\t\t\t<div class=\"elementor-widget-wrap elementor-element-populated\">\n\t\t\t\t\t\t<div class=\"elementor-element elementor-element-1301392 elementor-widget elementor-widget-text-editor\" data-id=\"1301392\" data-element_type=\"widget\" data-e-type=\"widget\" data-widget_type=\"text-editor.default\">\n\t\t\t\t<div class=\"elementor-widget-container\">\n\t\t\t\t\t\t\t\t\t<h3 class=\"box__title title title--2 font--primary\">Parto animal<\/h3><p>Nuestro equipo veterinario brinda una completa asistencia al parto animal, ya sea de forma natural o mediante ces\u00e1rea, garantizando un proceso seguro y cuidadoso tanto para la madre como para las cr\u00edas. Las\u00a0<strong>ecograf\u00edas para perro<\/strong>\u00a0en Lugo que realizamos en nuestra cl\u00ednica son una herramienta valiosa para evaluar la salud y el bienestar de tu fiel compa\u00f1ero, porque como expertos en\u00a0<strong>reproducci\u00f3n veterinaria en Lugo<\/strong>, cuidamos de tus animales en cada etapa de su reproducci\u00f3n.<\/p>\t\t\t\t\t\t\t\t<\/div>\n\t\t\t\t<\/div>\n\t\t\t\t\t<\/div>\n\t\t<\/div>\n\t\t\t\t\t<\/div>\n\t\t<\/section>\n\t\t\t\t<section class=\"elementor-section elementor-top-section elementor-element elementor-element-0e4f9f3 elementor-section-boxed elementor-section-height-default elementor-section-height-default\" data-id=\"0e4f9f3\" data-element_type=\"section\" data-e-type=\"section\">\n\t\t\t\t\t\t<div class=\"elementor-container elementor-column-gap-default\">\n\t\t\t\t\t<div class=\"elementor-column elementor-col-100 elementor-top-column elementor-element elementor-element-b95fc03\" data-id=\"b95fc03\" data-element_type=\"column\" data-e-type=\"column\">\n\t\t\t<div class=\"elementor-widget-wrap elementor-element-populated\">\n\t\t\t\t\t\t<div class=\"elementor-element elementor-element-6ad9595 elementor-widget elementor-widget-text-editor\" data-id=\"6ad9595\" data-element_type=\"widget\" data-e-type=\"widget\" data-widget_type=\"text-editor.default\">\n\t\t\t\t<div class=\"elementor-widget-container\">\n\t\t\t\t\t\t\t\t\t<h2>\u00bfNecesitas m\u00e1s informaci\u00f3n acerca de alguno de nuestros servicios de reproducci\u00f3n animal?<\/h2><p><br \/>En Hospital Veterinario Ciudad Ciudad de Lugo, estamos aqu\u00ed para ayudarte con nuestra amplia variedad de servicios de reproducci\u00f3n veterinaria.<\/p><p>Nuestro equipo de profesionales en reproducci\u00f3n animal en Lugo est\u00e1 listo para brindarte el mejor cuidado y asesoramiento. Con nuestra t\u00e9cnica perfeccionada de inseminaci\u00f3n artificial para perros en Lugo, podemos lograr camadas sanas y exitosas. Utilizando m\u00e9todos avanzados, como la ecograf\u00eda veterinaria en Lugo, podemos determinar el momento \u00f3ptimo para la inseminaci\u00f3n y realizar un seguimiento exhaustivo del proceso de gestaci\u00f3n para asegurarnos en todo momento de que todo va bien.<\/p><p>En las instalaciones de nuestro hospital veterinario, contamos con el equipamiento necesario para llevar a cabo ecograf\u00edas para perro en Lugo, lo que nos permite obtener im\u00e1genes detalladas y evaluar la salud de los fetos. Adem\u00e1s, brindamos asistencia en inseminaci\u00f3n animal en Lugo, tanto en casos de partos naturales como en aquellos que requieren intervenci\u00f3n quir\u00fargica.<\/p><p>Si est\u00e1s interesado en conocer m\u00e1s sobre nuestros servicios, ll\u00e1manos o visita nuestra cl\u00ednica. Nuestros veterinarios profesionales estar\u00e1n encantados de proporcionarte informaci\u00f3n adicional y responder a todas tus preguntas. En el Hospital Veterinario Ciudad de Lugo, nos enorgullece ayudar a que tus mascotas tengan una reproducci\u00f3n exitosa y saludable.<\/p>\t\t\t\t\t\t\t\t<\/div>\n\t\t\t\t<\/div>\n\t\t\t\t\t<\/div>\n\t\t<\/div>\n\t\t\t\t\t<\/div>\n\t\t<\/section>\n\t\t\t\t<\/div>\n\t\t","protected":false},"excerpt":{"rendered":"<p>Hospital Veterinario Ciudad de Lugo, cuidamos de los animales incluso antes\u00a0de su nacimiento En nuestro centro de reproducci\u00f3n animal en Lugo, nos especializamos ofrecer servicios de calidad para satisfacer las necesidades de nuestros clientes en el \u00e1mbito de la inseminaci\u00f3n animal en Lugo. Contamos con un equipo de profesionales con amplia experiencia en la reproducci\u00f3n &hellip; <\/p>\n","protected":false},"author":8,"featured_media":0,"parent":0,"menu_order":0,"comment_status":"closed","ping_status":"closed","template":"page-fullwidth.php","meta":{"_acf_changed":false,"content-type":"","footnotes":""},"class_list":["post-20943","page","type-page","status-publish","hentry"],"acf":[],"_links":{"self":[{"href":"https:\/\/www.unavets.com\/povetval\/es\/wp-json\/wp\/v2\/pages\/20943","targetHints":{"allow":["GET"]}}],"collection":[{"href":"https:\/\/www.unavets.com\/povetval\/es\/wp-json\/wp\/v2\/pages"}],"about":[{"href":"https:\/\/www.unavets.com\/povetval\/es\/wp-json\/wp\/v2\/types\/page"}],"author":[{"embeddable":true,"href":"https:\/\/www.unavets.com\/povetval\/es\/wp-json\/wp\/v2\/users\/8"}],"replies":[{"embeddable":true,"href":"https:\/\/www.unavets.com\/povetval\/es\/wp-json\/wp\/v2\/comments?post=20943"}],"version-history":[{"count":23,"href":"https:\/\/www.unavets.com\/povetval\/es\/wp-json\/wp\/v2\/pages\/20943\/revisions"}],"predecessor-version":[{"id":21053,"href":"https:\/\/www.unavets.com\/povetval\/es\/wp-json\/wp\/v2\/pages\/20943\/revisions\/21053"}],"wp:attachment":[{"href":"https:\/\/www.unavets.com\/povetval\/es\/wp-json\/wp\/v2\/media?parent=20943"}],"curies":[{"name":"wp","href":"https:\/\/api.w.org\/{rel}","templated":true}]}}