{"id":15234,"date":"2021-06-15T11:31:27","date_gmt":"2021-06-15T11:31:27","guid":{"rendered":"http:\/\/www.unavets.com\/povetval\/?page_id=15234"},"modified":"2024-05-27T11:04:03","modified_gmt":"2024-05-27T11:04:03","slug":"hospitalizacion","status":"publish","type":"page","link":"https:\/\/www.unavets.com\/povetval\/es\/servicios\/hospitalizacion\/","title":{"rendered":"Hospitalizaci\u00f3n"},"content":{"rendered":"\t\t<div data-elementor-type=\"wp-page\" data-elementor-id=\"15234\" class=\"elementor elementor-15234 elementor-523\" data-elementor-post-type=\"page\">\n\t\t\t\t\t\t<section class=\"elementor-section elementor-top-section elementor-element elementor-element-d47bece pad-top-0 elementor-section-boxed elementor-section-height-default elementor-section-height-default\" data-id=\"d47bece\" data-element_type=\"section\" data-e-type=\"section\" id=\"main-sec\">\n\t\t\t\t\t\t<div class=\"elementor-container elementor-column-gap-wide\">\n\t\t\t\t\t<div class=\"elementor-column elementor-col-50 elementor-top-column elementor-element elementor-element-17d14fe\" data-id=\"17d14fe\" data-element_type=\"column\" data-e-type=\"column\">\n\t\t\t<div class=\"elementor-widget-wrap elementor-element-populated\">\n\t\t\t\t\t\t<div class=\"elementor-element elementor-element-aea8b6d elementor-widget elementor-widget-image\" data-id=\"aea8b6d\" data-element_type=\"widget\" data-e-type=\"widget\" data-widget_type=\"image.default\">\n\t\t\t\t<div class=\"elementor-widget-container\">\n\t\t\t\t\t\t\t\t\t\t\t\t\t\t\t<img fetchpriority=\"high\" width=\"640\" height=\"427\" class=\"attachment-large size-large wp-image-21566 lazy\" alt=\"\" data-src=\"https:\/\/www.unavets.com\/povetval\/wp-content\/uploads\/sites\/50\/2024\/04\/hospitalizacion-povetval.jpg\" data-lazy=\"https:\/\/www.unavets.com\/povetval\/wp-content\/uploads\/sites\/50\/2024\/04\/hospitalizacion-povetval.jpg\" \/>\t\t\t\t\t\t\t\t\t\t\t\t\t\t\t<\/div>\n\t\t\t\t<\/div>\n\t\t\t\t\t<\/div>\n\t\t<\/div>\n\t\t\t\t<div class=\"elementor-column elementor-col-50 elementor-top-column elementor-element elementor-element-c7280af\" data-id=\"c7280af\" data-element_type=\"column\" data-e-type=\"column\">\n\t\t\t<div class=\"elementor-widget-wrap elementor-element-populated\">\n\t\t\t\t\t\t<div class=\"elementor-element elementor-element-feb8866 elementor-widget elementor-widget-text-editor\" data-id=\"feb8866\" data-element_type=\"widget\" data-e-type=\"widget\" data-widget_type=\"text-editor.default\">\n\t\t\t\t<div class=\"elementor-widget-container\">\n\t\t\t\t\t\t\t\t\t<h3>Policl\u00ednica Veterinaria Avenida del Puerto &#8211; Hospitalizaci\u00f3n Diurna<\/h3><p>A veces, nuestras mascotas necesitan cuidados intensivos, aunque no sea imprescindible que se queden con nosotros durante la noche. Para estas situaciones, ofrecemos un servicio de hospitalizaci\u00f3n diurna, que nos permite estar con el animal y atender todas sus necesidades al m\u00e1ximo durante su estancia en nuestro centro.<\/p><p><strong>Servicios de Hospital de D\u00eda<\/strong><\/p><ul><li>Realizaci\u00f3n de Pruebas Diagn\u00f3sticas: Mantener al animal bajo control durante estas pruebas nos permite llevarlas a cabo de la forma m\u00e1s eficiente posible.<\/li><li>Cuidados Postquir\u00fargicos: Las primeras horas despu\u00e9s de una cirug\u00eda son cruciales y requieren una atenci\u00f3n y cuidados intensivos espec\u00edficos.<\/li><li>Observaci\u00f3n: En ciertos casos, el animal necesita estar bajo observaci\u00f3n durante un periodo determinado, tiempo en el que nuestro equipo de veterinarios monitoriza sus reacciones y s\u00edntomas minuciosamente.<\/li><li>Administraci\u00f3n de Tratamientos: Para aquellos tratamientos que no se pueden realizar en casa, aseguramos su correcta distribuci\u00f3n y supervisi\u00f3n en nuestro centro.<\/li><\/ul>\t\t\t\t\t\t\t\t<\/div>\n\t\t\t\t<\/div>\n\t\t\t\t<div class=\"elementor-element elementor-element-d73455c elementor-align-center elementor-widget elementor-widget-button\" data-id=\"d73455c\" data-element_type=\"widget\" data-e-type=\"widget\" data-widget_type=\"button.default\">\n\t\t\t\t<div class=\"elementor-widget-container\">\n\t\t\t\t\t\t\t\t\t<div class=\"elementor-button-wrapper\">\n\t\t\t\t\t<a class=\"elementor-button elementor-button-link elementor-size-md\" href=\"https:\/\/www.unavets.com\/povetval\/es\/contacto\/\">\n\t\t\t\t\t\t<span class=\"elementor-button-content-wrapper\">\n\t\t\t\t\t\t<span class=\"elementor-button-icon\">\n\t\t\t\t<i aria-hidden=\"true\" class=\"far fa-calendar-alt\"><\/i>\t\t\t<\/span>\n\t\t\t\t\t\t\t\t\t<span class=\"elementor-button-text\">Pide Cita<\/span>\n\t\t\t\t\t<\/span>\n\t\t\t\t\t<\/a>\n\t\t\t\t<\/div>\n\t\t\t\t\t\t\t\t<\/div>\n\t\t\t\t<\/div>\n\t\t\t\t\t<\/div>\n\t\t<\/div>\n\t\t\t\t\t<\/div>\n\t\t<\/section>\n\t\t\t\t<section class=\"elementor-section elementor-top-section elementor-element elementor-element-8c87f7e elementor-section-boxed elementor-section-height-default elementor-section-height-default\" data-id=\"8c87f7e\" data-element_type=\"section\" data-e-type=\"section\">\n\t\t\t\t\t\t<div class=\"elementor-container elementor-column-gap-default\">\n\t\t\t\t\t<div class=\"elementor-column elementor-col-25 elementor-top-column elementor-element elementor-element-845bcba\" data-id=\"845bcba\" data-element_type=\"column\" data-e-type=\"column\">\n\t\t\t<div class=\"elementor-widget-wrap elementor-element-populated\">\n\t\t\t\t\t\t<div class=\"elementor-element elementor-element-7c184e2 elementor-widget elementor-widget-heading\" data-id=\"7c184e2\" data-element_type=\"widget\" data-e-type=\"widget\" data-widget_type=\"heading.default\">\n\t\t\t\t<div class=\"elementor-widget-container\">\n\t\t\t\t\t<h2 class=\"elementor-heading-title elementor-size-default\">Continua supervisi\u00f3n<\/h2>\t\t\t\t<\/div>\n\t\t\t\t<\/div>\n\t\t\t\t\t<\/div>\n\t\t<\/div>\n\t\t\t\t<div class=\"elementor-column elementor-col-25 elementor-top-column elementor-element elementor-element-c40dad5\" data-id=\"c40dad5\" data-element_type=\"column\" data-e-type=\"column\">\n\t\t\t<div class=\"elementor-widget-wrap elementor-element-populated\">\n\t\t\t\t\t\t<div class=\"elementor-element elementor-element-8ebee99 elementor-widget elementor-widget-heading\" data-id=\"8ebee99\" data-element_type=\"widget\" data-e-type=\"widget\" data-widget_type=\"heading.default\">\n\t\t\t\t<div class=\"elementor-widget-container\">\n\t\t\t\t\t<h2 class=\"elementor-heading-title elementor-size-default\">Contacto con el due\u00f1o <\/h2>\t\t\t\t<\/div>\n\t\t\t\t<\/div>\n\t\t\t\t\t<\/div>\n\t\t<\/div>\n\t\t\t\t<div class=\"elementor-column elementor-col-25 elementor-top-column elementor-element elementor-element-8b0c029\" data-id=\"8b0c029\" data-element_type=\"column\" data-e-type=\"column\">\n\t\t\t<div class=\"elementor-widget-wrap elementor-element-populated\">\n\t\t\t\t\t\t<div class=\"elementor-element elementor-element-f5f81b9 elementor-widget elementor-widget-heading\" data-id=\"f5f81b9\" data-element_type=\"widget\" data-e-type=\"widget\" data-widget_type=\"heading.default\">\n\t\t\t\t<div class=\"elementor-widget-container\">\n\t\t\t\t\t<h2 class=\"elementor-heading-title elementor-size-default\">Cuidados con mimo <\/h2>\t\t\t\t<\/div>\n\t\t\t\t<\/div>\n\t\t\t\t\t<\/div>\n\t\t<\/div>\n\t\t\t\t<div class=\"elementor-column elementor-col-25 elementor-top-column elementor-element elementor-element-3424f6c\" data-id=\"3424f6c\" data-element_type=\"column\" data-e-type=\"column\">\n\t\t\t<div class=\"elementor-widget-wrap elementor-element-populated\">\n\t\t\t\t\t\t<div class=\"elementor-element elementor-element-4f67898 elementor-widget elementor-widget-heading\" data-id=\"4f67898\" data-element_type=\"widget\" data-e-type=\"widget\" data-widget_type=\"heading.default\">\n\t\t\t\t<div class=\"elementor-widget-container\">\n\t\t\t\t\t<h2 class=\"elementor-heading-title elementor-size-default\">Tratamiento especializado<\/h2>\t\t\t\t<\/div>\n\t\t\t\t<\/div>\n\t\t\t\t\t<\/div>\n\t\t<\/div>\n\t\t\t\t\t<\/div>\n\t\t<\/section>\n\t\t\t\t<section class=\"elementor-section elementor-top-section elementor-element elementor-element-5ace570 elementor-section-boxed elementor-section-height-default elementor-section-height-default\" data-id=\"5ace570\" data-element_type=\"section\" data-e-type=\"section\">\n\t\t\t\t\t\t<div class=\"elementor-container elementor-column-gap-default\">\n\t\t\t\t\t<div class=\"elementor-column elementor-col-66 elementor-top-column elementor-element elementor-element-574b01e\" data-id=\"574b01e\" data-element_type=\"column\" data-e-type=\"column\">\n\t\t\t<div class=\"elementor-widget-wrap elementor-element-populated\">\n\t\t\t\t\t\t<div class=\"elementor-element elementor-element-e318dfb elementor-widget elementor-widget-text-editor\" data-id=\"e318dfb\" data-element_type=\"widget\" data-e-type=\"widget\" data-widget_type=\"text-editor.default\">\n\t\t\t\t<div class=\"elementor-widget-container\">\n\t\t\t\t\t\t\t\t\t<h2 class=\"title title--1 font--secondary\">Hospitalizaci\u00f3n para perros y gatos en Valencia<\/h2><p>En nuestro\u00a0<strong>centro veterinario en Valencia<\/strong>, comprendemos la importancia de brindar un entorno tranquilo y seguro para nuestras mascotas hospitalizadas. Es por eso que mantenemos a perros y gatos separados durante su estancia, evitando cualquier alteraci\u00f3n o estr\u00e9s adicional.<\/p><p>Adem\u00e1s, en nuestra Policl\u00ednica Veterinaria Avenida del Puerto <strong>abierta durante 12 horas<\/strong> en Valencia, tomamos medidas concretas para prevenir la propagaci\u00f3n de enfermedades. No ingresamos a animales con enfermedades infecciosas en las mismas salas que aquellos que no las presentan, lo que garantiza la salud y el bienestar de todos nuestros pacientes.<\/p><p>En las instalaciones de nuestro centro, seguimos un estricto protocolo de limpieza y desinfecci\u00f3n para mantener un ambiente higi\u00e9nico. Los cub\u00edculos individuales donde se encuentran las mascotas ingresadas se limpian diariamente, asegurando el m\u00e1ximo confort para cada paciente.<\/p>\t\t\t\t\t\t\t\t<\/div>\n\t\t\t\t<\/div>\n\t\t\t\t\t<\/div>\n\t\t<\/div>\n\t\t\t\t<div class=\"elementor-column elementor-col-33 elementor-top-column elementor-element elementor-element-c056571\" data-id=\"c056571\" data-element_type=\"column\" data-e-type=\"column\">\n\t\t\t<div class=\"elementor-widget-wrap elementor-element-populated\">\n\t\t\t\t\t\t<div class=\"elementor-element elementor-element-21b6fb7 elementor-widget elementor-widget-image\" data-id=\"21b6fb7\" data-element_type=\"widget\" data-e-type=\"widget\" data-widget_type=\"image.default\">\n\t\t\t\t<div class=\"elementor-widget-container\">\n\t\t\t\t\t\t\t\t\t\t\t\t\t\t\t<img width=\"388\" height=\"257\" class=\"attachment-townhub-lcat-one size-townhub-lcat-one wp-image-21554 lazy\" alt=\"\" data-src=\"https:\/\/www.unavets.com\/povetval\/wp-content\/uploads\/sites\/50\/2024\/04\/cuidados-intensivos-povetval-388x257.jpg\" data-lazy=\"https:\/\/www.unavets.com\/povetval\/wp-content\/uploads\/sites\/50\/2024\/04\/cuidados-intensivos-povetval-388x257.jpg\" \/>\t\t\t\t\t\t\t\t\t\t\t\t\t\t\t<\/div>\n\t\t\t\t<\/div>\n\t\t\t\t\t<\/div>\n\t\t<\/div>\n\t\t\t\t\t<\/div>\n\t\t<\/section>\n\t\t\t\t<\/div>\n\t\t","protected":false},"excerpt":{"rendered":"<p>Policl\u00ednica Veterinaria Avenida del Puerto &#8211; Hospitalizaci\u00f3n Diurna A veces, nuestras mascotas necesitan cuidados intensivos, aunque no sea imprescindible que se queden con nosotros durante la noche. Para estas situaciones, ofrecemos un servicio de hospitalizaci\u00f3n diurna, que nos permite estar con el animal y atender todas sus necesidades al m\u00e1ximo durante su estancia en nuestro &hellip; <\/p>\n","protected":false},"author":8,"featured_media":0,"parent":13564,"menu_order":0,"comment_status":"closed","ping_status":"closed","template":"page-fullwidth.php","meta":{"_acf_changed":false,"content-type":"","footnotes":""},"class_list":["post-15234","page","type-page","status-publish","hentry"],"acf":[],"_links":{"self":[{"href":"https:\/\/www.unavets.com\/povetval\/es\/wp-json\/wp\/v2\/pages\/15234","targetHints":{"allow":["GET"]}}],"collection":[{"href":"https:\/\/www.unavets.com\/povetval\/es\/wp-json\/wp\/v2\/pages"}],"about":[{"href":"https:\/\/www.unavets.com\/povetval\/es\/wp-json\/wp\/v2\/types\/page"}],"author":[{"embeddable":true,"href":"https:\/\/www.unavets.com\/povetval\/es\/wp-json\/wp\/v2\/users\/8"}],"replies":[{"embeddable":true,"href":"https:\/\/www.unavets.com\/povetval\/es\/wp-json\/wp\/v2\/comments?post=15234"}],"version-history":[{"count":41,"href":"https:\/\/www.unavets.com\/povetval\/es\/wp-json\/wp\/v2\/pages\/15234\/revisions"}],"predecessor-version":[{"id":22077,"href":"https:\/\/www.unavets.com\/povetval\/es\/wp-json\/wp\/v2\/pages\/15234\/revisions\/22077"}],"up":[{"embeddable":true,"href":"https:\/\/www.unavets.com\/povetval\/es\/wp-json\/wp\/v2\/pages\/13564"}],"wp:attachment":[{"href":"https:\/\/www.unavets.com\/povetval\/es\/wp-json\/wp\/v2\/media?parent=15234"}],"curies":[{"name":"wp","href":"https:\/\/api.w.org\/{rel}","templated":true}]}}