{"id":14607,"date":"2021-06-09T14:56:04","date_gmt":"2021-06-09T14:56:04","guid":{"rendered":"http:\/\/www.unavets.com\/povetval\/?page_id=14607"},"modified":"2024-05-22T16:49:35","modified_gmt":"2024-05-22T16:49:35","slug":"medicina-felina","status":"publish","type":"page","link":"https:\/\/www.unavets.com\/povetval\/es\/medicina-felina\/","title":{"rendered":"Medicina Felina"},"content":{"rendered":"\t\t<div data-elementor-type=\"wp-page\" data-elementor-id=\"14607\" class=\"elementor elementor-14607 elementor-14603\" data-elementor-post-type=\"page\">\n\t\t\t\t\t\t<section class=\"elementor-section elementor-top-section elementor-element elementor-element-d993722 elementor-section-boxed elementor-section-height-default elementor-section-height-default\" data-id=\"d993722\" data-element_type=\"section\" data-e-type=\"section\" id=\"main-sec\">\n\t\t\t\t\t\t<div class=\"elementor-container elementor-column-gap-default\">\n\t\t\t\t\t<div class=\"elementor-column elementor-col-100 elementor-top-column elementor-element elementor-element-2048e61\" data-id=\"2048e61\" data-element_type=\"column\" data-e-type=\"column\">\n\t\t\t<div class=\"elementor-widget-wrap elementor-element-populated\">\n\t\t\t\t\t\t<div class=\"elementor-element elementor-element-1d02c2d elementor-widget elementor-widget-text-editor\" data-id=\"1d02c2d\" data-element_type=\"widget\" data-e-type=\"widget\" data-widget_type=\"text-editor.default\">\n\t\t\t\t<div class=\"elementor-widget-container\">\n\t\t\t\t\t\t\t\t\t<p>El gato es un animal muy diferente del perro, su comportamiento, manejo e incluso sus enfermedades son totalmente distintas a las de los perros, es por ello que en Policl\u00ednica Veterinaria Avenida del Puerto (Povetval), Valencia disponemos de instalaciones dise\u00f1adas espec\u00edficamente para los gatos, sala de espera, consulta y hospitalizaciones exclusivas para ellos.<\/p><p data-sourcepos=\"3:1-3:524\">En nuestro centro, damos mucha importancia a la reducci\u00f3n del estr\u00e9s de nuestros pacientes felinos. Por ello, separamos la zona de atenci\u00f3n de gatos de la de perros. Contamos con dos salas de espera totalmente independientes, dos consultas felinas y cuatro consultas caninas.\u00a0<\/p><p>Policl\u00ednica Veterinaria Avenida del Puerto (Povetval) cuenta con veterinarios y auxiliares con formaci\u00f3n espec\u00edfica en medicina felina, que adoran a los gatos y saben c\u00f3mo manejarlos y tratarlos.<\/p>\t\t\t\t\t\t\t\t<\/div>\n\t\t\t\t<\/div>\n\t\t\t\t<div class=\"elementor-element elementor-element-02838e3 elementor-align-center elementor-widget elementor-widget-button\" data-id=\"02838e3\" data-element_type=\"widget\" data-e-type=\"widget\" data-widget_type=\"button.default\">\n\t\t\t\t<div class=\"elementor-widget-container\">\n\t\t\t\t\t\t\t\t\t<div class=\"elementor-button-wrapper\">\n\t\t\t\t\t<a class=\"elementor-button elementor-button-link elementor-size-md\" href=\"https:\/\/www.unavets.com\/povetval\/es\/contacto\/\">\n\t\t\t\t\t\t<span class=\"elementor-button-content-wrapper\">\n\t\t\t\t\t\t<span class=\"elementor-button-icon\">\n\t\t\t\t<i aria-hidden=\"true\" class=\"far fa-calendar-alt\"><\/i>\t\t\t<\/span>\n\t\t\t\t\t\t\t\t\t<span class=\"elementor-button-text\">Pide Cita<\/span>\n\t\t\t\t\t<\/span>\n\t\t\t\t\t<\/a>\n\t\t\t\t<\/div>\n\t\t\t\t\t\t\t\t<\/div>\n\t\t\t\t<\/div>\n\t\t\t\t<div class=\"elementor-element elementor-element-dc7c821 elementor-widget elementor-widget-image\" data-id=\"dc7c821\" data-element_type=\"widget\" data-e-type=\"widget\" data-widget_type=\"image.default\">\n\t\t\t\t<div class=\"elementor-widget-container\">\n\t\t\t\t\t\t\t\t\t\t\t\t\t\t\t<img fetchpriority=\"high\" width=\"724\" height=\"483\" class=\"attachment-medium_large size-medium_large wp-image-22007 lazy\" alt=\"\" data-src=\"https:\/\/www.unavets.com\/povetval\/wp-content\/uploads\/sites\/50\/2024\/05\/povetval-medicina-felina--768x512.png\" data-lazy=\"https:\/\/www.unavets.com\/povetval\/wp-content\/uploads\/sites\/50\/2024\/05\/povetval-medicina-felina--768x512.png\" \/>\t\t\t\t\t\t\t\t\t\t\t\t\t\t\t<\/div>\n\t\t\t\t<\/div>\n\t\t\t\t\t<\/div>\n\t\t<\/div>\n\t\t\t\t\t<\/div>\n\t\t<\/section>\n\t\t\t\t<\/div>\n\t\t","protected":false},"excerpt":{"rendered":"<p>El gato es un animal muy diferente del perro, su comportamiento, manejo e incluso sus enfermedades son totalmente distintas a las de los perros, es por ello que en , disponemos de instalaciones dise\u00f1adas espec\u00edficamente para los gatos, sala de espera, consulta y hospitalizaciones exclusivas para ellos. En nuestro centro, damos mucha importancia a la &hellip; <\/p>\n","protected":false},"author":8,"featured_media":0,"parent":0,"menu_order":0,"comment_status":"closed","ping_status":"closed","template":"page-fullwidth.php","meta":{"_acf_changed":false,"content-type":"","footnotes":""},"class_list":["post-14607","page","type-page","status-publish","hentry"],"acf":[],"_links":{"self":[{"href":"https:\/\/www.unavets.com\/povetval\/es\/wp-json\/wp\/v2\/pages\/14607","targetHints":{"allow":["GET"]}}],"collection":[{"href":"https:\/\/www.unavets.com\/povetval\/es\/wp-json\/wp\/v2\/pages"}],"about":[{"href":"https:\/\/www.unavets.com\/povetval\/es\/wp-json\/wp\/v2\/types\/page"}],"author":[{"embeddable":true,"href":"https:\/\/www.unavets.com\/povetval\/es\/wp-json\/wp\/v2\/users\/8"}],"replies":[{"embeddable":true,"href":"https:\/\/www.unavets.com\/povetval\/es\/wp-json\/wp\/v2\/comments?post=14607"}],"version-history":[{"count":17,"href":"https:\/\/www.unavets.com\/povetval\/es\/wp-json\/wp\/v2\/pages\/14607\/revisions"}],"predecessor-version":[{"id":22011,"href":"https:\/\/www.unavets.com\/povetval\/es\/wp-json\/wp\/v2\/pages\/14607\/revisions\/22011"}],"wp:attachment":[{"href":"https:\/\/www.unavets.com\/povetval\/es\/wp-json\/wp\/v2\/media?parent=14607"}],"curies":[{"name":"wp","href":"https:\/\/api.w.org\/{rel}","templated":true}]}}