{"id":17383,"date":"2022-03-14T13:48:06","date_gmt":"2022-03-14T13:48:06","guid":{"rendered":"https:\/\/www.unavets.com\/nuevaandalucia\/?page_id=17383"},"modified":"2022-07-08T07:39:44","modified_gmt":"2022-07-08T07:39:44","slug":"clinical-cases","status":"publish","type":"page","link":"https:\/\/www.unavets.com\/nuevaandalucia\/clinical-cases\/","title":{"rendered":"Clinical Cases"},"content":{"rendered":"\t\t<div data-elementor-type=\"wp-page\" data-elementor-id=\"17383\" class=\"elementor elementor-17383\" data-elementor-post-type=\"page\">\n\t\t\t\t\t\t<section class=\"elementor-section elementor-top-section elementor-element elementor-element-16cdb17f elementor-section-boxed elementor-section-height-default elementor-section-height-default\" data-id=\"16cdb17f\" data-element_type=\"section\" data-e-type=\"section\" id=\"main-sec\">\n\t\t\t\t\t\t<div class=\"elementor-container elementor-column-gap-default\">\n\t\t\t\t\t<div class=\"elementor-column elementor-col-100 elementor-top-column elementor-element elementor-element-6167940c\" data-id=\"6167940c\" data-element_type=\"column\" data-e-type=\"column\">\n\t\t\t<div class=\"elementor-widget-wrap elementor-element-populated\">\n\t\t\t\t\t\t<div class=\"elementor-element elementor-element-63a88793 elementor-widget elementor-widget-shortcode\" data-id=\"63a88793\" data-element_type=\"widget\" data-e-type=\"widget\" data-widget_type=\"shortcode.default\">\n\t\t\t\t<div class=\"elementor-widget-container\">\n\t\t\t\t\t\t\t<div class=\"elementor-shortcode\">    <div class=\"container-fluid cc-container\">\n        <div class=\"cc-wrapper\">\n<div class='cc-item'><div class='cc-thumb'><img src='https:\/\/www.unavets.com\/nuevaandalucia\/wp-content\/uploads\/sites\/10\/2022\/06\/caso-clinico-1.jpg'><\/div><div class='cc-content'><a href='https:\/\/www.unavets.com\/nuevaandalucia\/es\/?post_type=clinical_case&p=17779'><h3 class='cc-title'>Fractura f\u00e9mur<\/h3><\/a><div class='cc-text' data-full-text='Podemos observar fracturas de f\u00e9mur de dos perros distintos, Alan y Sansa, reparadas con placas de osteos\u00edntesis de bloqueo y combinadas con clavo intramedular para aumentar la resistencia del sistema.\r\n\r\n&nbsp;\r\n\r\n<img fetchpriority=\"high\" decoding=\"async\" class=\"alignnone size-medium wp-image-17356\" src=\"http:\/\/www.unavets.com\/sansebastian\/wp-content\/uploads\/sites\/7\/2022\/03\/Sansa-1-239x300.jpg\" alt=\"\" width=\"239\" height=\"300\" \/> <img decoding=\"async\" class=\"alignnone size-medium wp-image-17358\" src=\"http:\/\/www.unavets.com\/sansebastian\/wp-content\/uploads\/sites\/7\/2022\/03\/Sansa-2-239x300.jpg\" alt=\"\" width=\"239\" height=\"300\" \/>\r\n\r\n<img decoding=\"async\" class=\"alignnone size-medium wp-image-17362\" src=\"http:\/\/www.unavets.com\/sansebastian\/wp-content\/uploads\/sites\/7\/2022\/03\/Alan-1-239x300.jpg\" alt=\"\" width=\"239\" height=\"300\" \/><img loading=\"lazy\" decoding=\"async\" class=\"alignnone size-medium wp-image-17360\" src=\"http:\/\/www.unavets.com\/sansebastian\/wp-content\/uploads\/sites\/7\/2022\/03\/Alan-2-1-239x300.jpg\" alt=\"\" width=\"239\" height=\"300\" \/>'><span>Podemos observar fracturas de f\u00e9mur de dos perros distintos, Alan y Sansa, reparadas con placas&hellip;<\/span><a href='https:\/\/www.unavets.com\/nuevaandalucia\/es\/?post_type=clinical_case&p=17779'><div class='cc-readmore'>Read more<\/div><\/a>\n                <div class='cc-readless'>Read less<\/div><\/div><\/div><\/div><div class='cc-item'><div class='cc-thumb'><img src='https:\/\/www.unavets.com\/nuevaandalucia\/wp-content\/uploads\/sites\/10\/2022\/06\/caso-clinco-2.jpg'><\/div><div class='cc-content'><a href='https:\/\/www.unavets.com\/nuevaandalucia\/es\/?post_type=clinical_case&p=17778'><h3 class='cc-title'>Fractura proximal<\/h3><\/a><div class='cc-text' data-full-text='Fractura proximal de un teckel, John, que debido a su especial anatom\u00eda se le puso una placa de osteos\u00edntesis de bloqueo hecha a medida.\r\n\r\n&nbsp;\r\n\r\n<img loading=\"lazy\" decoding=\"async\" class=\"alignnone size-medium wp-image-17344\" src=\"http:\/\/www.unavets.com\/sansebastian\/wp-content\/uploads\/sites\/7\/2022\/05\/John-1-239x300.jpg\" alt=\"\" width=\"239\" height=\"300\" \/> <img loading=\"lazy\" decoding=\"async\" class=\"alignnone size-medium wp-image-17346\" src=\"http:\/\/www.unavets.com\/sansebastian\/wp-content\/uploads\/sites\/7\/2022\/05\/John-2-239x300.jpg\" alt=\"\" width=\"239\" height=\"300\" \/>'><span>Fractura proximal de un teckel, John, que debido a su especial anatom\u00eda se le puso&hellip;<\/span><a href='https:\/\/www.unavets.com\/nuevaandalucia\/es\/?post_type=clinical_case&p=17778'><div class='cc-readmore'>Read more<\/div><\/a>\n                <div class='cc-readless'>Read less<\/div><\/div><\/div><\/div><div class='cc-item'><div class='cc-thumb'><img src='https:\/\/www.unavets.com\/nuevaandalucia\/wp-content\/uploads\/sites\/10\/2022\/06\/caso-clinico-3.jpg'><\/div><div class='cc-content'><a href='https:\/\/www.unavets.com\/nuevaandalucia\/es\/?post_type=clinical_case&p=17777'><h3 class='cc-title'>Fractura disfisaria conminuta<\/h3><\/a><div class='cc-text' data-full-text='Fractura disfisaria conminuta de un perro de 40 kg, Hachiko. Se trata de una placa tipo puente de bloqueo.\r\n\r\n&nbsp;\r\n\r\n<img loading=\"lazy\" decoding=\"async\" class=\"alignnone size-medium wp-image-17349\" src=\"http:\/\/www.unavets.com\/sansebastian\/wp-content\/uploads\/sites\/7\/2022\/05\/Hachiko-2-239x300.jpg\" alt=\"\" width=\"239\" height=\"300\" \/> <img loading=\"lazy\" decoding=\"async\" class=\"alignnone size-medium wp-image-17351\" src=\"http:\/\/www.unavets.com\/sansebastian\/wp-content\/uploads\/sites\/7\/2022\/05\/Hachiko-3-239x300.jpg\" alt=\"\" width=\"239\" height=\"300\" \/> <img loading=\"lazy\" decoding=\"async\" class=\"alignnone size-medium wp-image-17354\" src=\"http:\/\/www.unavets.com\/sansebastian\/wp-content\/uploads\/sites\/7\/2022\/05\/Hachiko-1-239x300.jpg\" alt=\"\" width=\"239\" height=\"300\" \/>'><span>Fractura disfisaria conminuta de un perro de 40 kg, Hachiko. Se trata de una placa&hellip;<\/span><a href='https:\/\/www.unavets.com\/nuevaandalucia\/es\/?post_type=clinical_case&p=17777'><div class='cc-readmore'>Read more<\/div><\/a>\n                <div class='cc-readless'>Read less<\/div><\/div><\/div><\/div><div class='cc-item'><div class='cc-thumb'><img src='https:\/\/www.unavets.com\/nuevaandalucia\/wp-content\/uploads\/sites\/10\/2022\/06\/caso-clinico-4-1.jpg'><\/div><div class='cc-content'><a href='https:\/\/www.unavets.com\/nuevaandalucia\/es\/?post_type=clinical_case&p=17776'><h3 class='cc-title'>Fractura conminuta gato<\/h3><\/a><div class='cc-text' data-full-text='Caso de gato, Campi, con fractura conminuta que lleva 2 placas de bloqueo para aumentar la resistencia ya que los gatos tienen huesos ligeros que se fisuran con facilidad.\r\n\r\n&nbsp;\r\n\r\n&nbsp;\r\n\r\n<img loading=\"lazy\" decoding=\"async\" class=\"alignnone size-medium wp-image-17338\" src=\"http:\/\/www.unavets.com\/sansebastian\/wp-content\/uploads\/sites\/7\/2022\/05\/Campi-1-237x300.jpg\" alt=\"\" width=\"237\" height=\"300\" \/> <img loading=\"lazy\" decoding=\"async\" class=\"alignnone size-medium wp-image-17340\" src=\"http:\/\/www.unavets.com\/sansebastian\/wp-content\/uploads\/sites\/7\/2022\/05\/Campi-2-236x300.jpg\" alt=\"\" width=\"236\" height=\"300\" \/> <img loading=\"lazy\" decoding=\"async\" class=\"alignnone size-medium wp-image-17342\" src=\"http:\/\/www.unavets.com\/sansebastian\/wp-content\/uploads\/sites\/7\/2022\/05\/Campi-3-238x300.jpg\" alt=\"\" width=\"238\" height=\"300\" \/>'><span>Caso de gato, Campi, con fractura conminuta que lleva 2 placas de bloqueo para aumentar&hellip;<\/span><a href='https:\/\/www.unavets.com\/nuevaandalucia\/es\/?post_type=clinical_case&p=17776'><div class='cc-readmore'>Read more<\/div><\/a>\n                <div class='cc-readless'>Read less<\/div><\/div><\/div><\/div><div class='cc-item'><div class='cc-thumb'><img src='https:\/\/www.unavets.com\/nuevaandalucia\/wp-content\/uploads\/sites\/10\/2022\/06\/caso-clinico-5.jpg'><\/div><div class='cc-content'><a href='https:\/\/www.unavets.com\/nuevaandalucia\/es\/?post_type=clinical_case&p=17775'><h3 class='cc-title'>T\u00e9cnica MIPO<\/h3><\/a><div class='cc-text' data-full-text='Esta radiograf\u00eda corresponde a una fractura conminuta de la tibia de un gato al que se le implant\u00f3 una placa de bloqueo tipo puente espec\u00edfica, es decir, hecha a medida del paciente. La particularidad es que se emple\u00f3 la t\u00e9cnica MIPO (Minimally Invasive Plate Osteosynthesis) o t\u00e9cnica de m\u00ednima invasi\u00f3n para el tratamiento de las fracturas con placas. Esto nos permiti\u00f3 un menor trauma quir\u00fargico en el paciente y una recuperaci\u00f3n m\u00e1s temprana y con menor grado de complicaciones.\r\n\r\n&nbsp;\r\n\r\n&nbsp;\r\n\r\n<img loading=\"lazy\" decoding=\"async\" class=\"alignnone size-medium wp-image-17365\" src=\"http:\/\/www.unavets.com\/sansebastian\/wp-content\/uploads\/sites\/7\/2022\/05\/Gato-1-239x300.jpg\" alt=\"\" width=\"239\" height=\"300\" \/> <img loading=\"lazy\" decoding=\"async\" class=\"alignnone size-medium wp-image-17367\" src=\"http:\/\/www.unavets.com\/sansebastian\/wp-content\/uploads\/sites\/7\/2022\/05\/Gato-2-239x300.jpg\" alt=\"\" width=\"239\" height=\"300\" \/>'><span>Esta radiograf\u00eda corresponde a una fractura conminuta de la tibia de un gato al que&hellip;<\/span><a href='https:\/\/www.unavets.com\/nuevaandalucia\/es\/?post_type=clinical_case&p=17775'><div class='cc-readmore'>Read more<\/div><\/a>\n                <div class='cc-readless'>Read less<\/div><\/div><\/div><\/div><div class='cc-item'><div class='cc-thumb'><img src='https:\/\/www.unavets.com\/nuevaandalucia\/wp-content\/uploads\/sites\/10\/2022\/06\/caso-clinico-6.jpg'><\/div><div class='cc-content'><a href='https:\/\/www.unavets.com\/nuevaandalucia\/es\/?post_type=clinical_case&p=17774'><h3 class='cc-title'>T\u00e9nica CTWO<\/h3><\/a><div class='cc-text' data-full-text='Presentamos un caso donde hemos utilizado la t\u00e9nica CTWO (Cranial Tibial Wedge Osteotomy). Esta t\u00e9cnica consiste en nivelar la meseta tibial que se emplea para la rehabilitaci\u00f3n de pacientes con rotura del ligamento cruzado craneal.\r\n\r\n&nbsp;\r\n\r\n&nbsp;\r\n\r\n<img loading=\"lazy\" decoding=\"async\" class=\"alignnone size-medium wp-image-17370\" src=\"http:\/\/www.unavets.com\/sansebastian\/wp-content\/uploads\/sites\/7\/2022\/05\/Mia-1-239x300.jpg\" alt=\"\" width=\"239\" height=\"300\" \/> <img loading=\"lazy\" decoding=\"async\" class=\"alignnone size-medium wp-image-17372\" src=\"http:\/\/www.unavets.com\/sansebastian\/wp-content\/uploads\/sites\/7\/2022\/05\/Mia-2-239x300.jpg\" alt=\"\" width=\"239\" height=\"300\" \/>'><span>Presentamos un caso donde hemos utilizado la t\u00e9nica CTWO (Cranial Tibial Wedge Osteotomy). Esta t\u00e9cnica&hellip;<\/span><a href='https:\/\/www.unavets.com\/nuevaandalucia\/es\/?post_type=clinical_case&p=17774'><div class='cc-readmore'>Read more<\/div><\/a>\n                <div class='cc-readless'>Read less<\/div><\/div><\/div><\/div><div class='cc-item'><div class='cc-thumb'><img src='https:\/\/www.unavets.com\/nuevaandalucia\/wp-content\/uploads\/sites\/10\/2022\/06\/caso-clinico-7.jpg'><\/div><div class='cc-content'><a href='https:\/\/www.unavets.com\/nuevaandalucia\/es\/?post_type=clinical_case&p=17773'><h3 class='cc-title'>Fractura de c\u00fabito y radio<\/h3><\/a><div class='cc-text' data-full-text='Este caso corresponden a un perro de raza toy con fractura de c\u00fabito y radio que se implant\u00f3 una placa de bloqueo de titanio.\r\n\r\n&nbsp;\r\n\r\n&nbsp;\r\n\r\n<img loading=\"lazy\" decoding=\"async\" class=\"alignnone size-medium wp-image-17375\" src=\"http:\/\/www.unavets.com\/sansebastian\/wp-content\/uploads\/sites\/7\/2022\/05\/Linda-Soler-1-239x300.jpg\" alt=\"\" width=\"239\" height=\"300\" \/> <img loading=\"lazy\" decoding=\"async\" class=\"alignnone size-medium wp-image-17377\" src=\"http:\/\/www.unavets.com\/sansebastian\/wp-content\/uploads\/sites\/7\/2022\/05\/Linda-Soler-2-239x300.jpg\" alt=\"\" width=\"239\" height=\"300\" \/>'><span>Este caso corresponden a un perro de raza toy con fractura de c\u00fabito y radio&hellip;<\/span><a href='https:\/\/www.unavets.com\/nuevaandalucia\/es\/?post_type=clinical_case&p=17773'><div class='cc-readmore'>Read more<\/div><\/a>\n                <div class='cc-readless'>Read less<\/div><\/div><\/div><\/div><div class='cc-item'><div class='cc-thumb'><img src='https:\/\/www.unavets.com\/nuevaandalucia\/wp-content\/uploads\/sites\/10\/2022\/06\/caso-clinico-8.jpg'><\/div><div class='cc-content'><a href='https:\/\/www.unavets.com\/nuevaandalucia\/es\/?post_type=clinical_case&p=17772'><h3 class='cc-title'>Placa de bloqueo de titanio<\/h3><\/a><div class='cc-text' data-full-text='En este caso, una gata, Akira, se cay\u00f3 de un 5\u00ba piso y se implant\u00f3 una placa de bloqueo de titanio.\r\n\r\n&nbsp;\r\n\r\n<img loading=\"lazy\" decoding=\"async\" class=\"alignnone size-medium wp-image-17380\" src=\"http:\/\/www.unavets.com\/sansebastian\/wp-content\/uploads\/sites\/7\/2022\/05\/Akira-1-239x300.jpg\" alt=\"\" width=\"239\" height=\"300\" \/> <img loading=\"lazy\" decoding=\"async\" class=\"alignnone size-medium wp-image-17382\" src=\"http:\/\/www.unavets.com\/sansebastian\/wp-content\/uploads\/sites\/7\/2022\/05\/Akira-2-239x300.jpg\" alt=\"\" width=\"239\" height=\"300\" \/>'><span>En este caso, una gata, Akira, se cay\u00f3 de un 5\u00ba piso y se implant\u00f3&hellip;<\/span><a href='https:\/\/www.unavets.com\/nuevaandalucia\/es\/?post_type=clinical_case&p=17772'><div class='cc-readmore'>Read more<\/div><\/a>\n                <div class='cc-readless'>Read less<\/div><\/div><\/div><\/div><div class='cc-item'><div class='cc-thumb'><img src='https:\/\/www.unavets.com\/nuevaandalucia\/wp-content\/uploads\/sites\/10\/2022\/06\/caso-clinico-8.jpg'><\/div><div class='cc-content'><a href='https:\/\/www.unavets.com\/nuevaandalucia\/?post_type=clinical_case&p=17769'><h3 class='cc-title'>Titanium locking plate<\/h3><\/a><div class='cc-text' data-full-text='In this case, a cat, Akira, fell from the 5th floor and a titanium locking plate was implanted.\r\n\r\n&nbsp;\r\n\r\n<img loading=\"lazy\" decoding=\"async\" class=\"alignnone size-medium wp-image-17380\" src=\"http:\/\/www.unavets.com\/sansebastian\/wp-content\/uploads\/sites\/7\/2022\/05\/Akira-1-239x300.jpg\" alt=\"\" width=\"239\" height=\"300\" \/> <img loading=\"lazy\" decoding=\"async\" class=\"alignnone size-medium wp-image-17382\" src=\"http:\/\/www.unavets.com\/sansebastian\/wp-content\/uploads\/sites\/7\/2022\/05\/Akira-2-239x300.jpg\" alt=\"\" width=\"239\" height=\"300\" \/>'><span>In this case, a cat, Akira, fell from the 5th floor and a titanium locking&hellip;<\/span><a href='https:\/\/www.unavets.com\/nuevaandalucia\/?post_type=clinical_case&p=17769'><div class='cc-readmore'>Read more<\/div><\/a>\n                <div class='cc-readless'>Read less<\/div><\/div><\/div><\/div><div class='cc-item'><div class='cc-thumb'><img src='https:\/\/www.unavets.com\/nuevaandalucia\/wp-content\/uploads\/sites\/10\/2022\/06\/caso-clinico-7.jpg'><\/div><div class='cc-content'><a href='https:\/\/www.unavets.com\/nuevaandalucia\/?post_type=clinical_case&p=17766'><h3 class='cc-title'>Fractured ulna and radius<\/h3><\/a><div class='cc-text' data-full-text='This case corresponds to a toy breed dog with a fractured ulna and radius that had a titanium locking plate implanted.\r\n\r\n&nbsp;\r\n\r\n&nbsp;\r\n\r\n<img loading=\"lazy\" decoding=\"async\" class=\"alignnone size-medium wp-image-17375\" src=\"http:\/\/www.unavets.com\/sansebastian\/wp-content\/uploads\/sites\/7\/2022\/05\/Linda-Soler-1-239x300.jpg\" alt=\"\" width=\"239\" height=\"300\" \/> <img loading=\"lazy\" decoding=\"async\" class=\"alignnone size-medium wp-image-17377\" src=\"http:\/\/www.unavets.com\/sansebastian\/wp-content\/uploads\/sites\/7\/2022\/05\/Linda-Soler-2-239x300.jpg\" alt=\"\" width=\"239\" height=\"300\" \/>'><span>This case corresponds to a toy breed dog with a fractured ulna and radius that&hellip;<\/span><a href='https:\/\/www.unavets.com\/nuevaandalucia\/?post_type=clinical_case&p=17766'><div class='cc-readmore'>Read more<\/div><\/a>\n                <div class='cc-readless'>Read less<\/div><\/div><\/div><\/div><div class='cc-item'><div class='cc-thumb'><img src='https:\/\/www.unavets.com\/nuevaandalucia\/wp-content\/uploads\/sites\/10\/2022\/06\/caso-clinico-6.jpg'><\/div><div class='cc-content'><a href='https:\/\/www.unavets.com\/nuevaandalucia\/?post_type=clinical_case&p=17763'><h3 class='cc-title'>CTWO Technique<\/h3><\/a><div class='cc-text' data-full-text='We present a case where we have used the CTWO (Cranial Tibial Wedge Osteotomy) technique. This technique consists of levelling the tibial plateau and is used for the rehabilitation of patients with cranial cruciate ligament rupture.\r\n\r\n&nbsp;\r\n\r\n&nbsp;\r\n\r\n<img loading=\"lazy\" decoding=\"async\" class=\"alignnone size-medium wp-image-17370\" src=\"http:\/\/www.unavets.com\/sansebastian\/wp-content\/uploads\/sites\/7\/2022\/05\/Mia-1-239x300.jpg\" alt=\"\" width=\"239\" height=\"300\" \/> <img loading=\"lazy\" decoding=\"async\" class=\"alignnone size-medium wp-image-17372\" src=\"http:\/\/www.unavets.com\/sansebastian\/wp-content\/uploads\/sites\/7\/2022\/05\/Mia-2-239x300.jpg\" alt=\"\" width=\"239\" height=\"300\" \/>'><span>We present a case where we have used the CTWO (Cranial Tibial Wedge Osteotomy) technique.&hellip;<\/span><a href='https:\/\/www.unavets.com\/nuevaandalucia\/?post_type=clinical_case&p=17763'><div class='cc-readmore'>Read more<\/div><\/a>\n                <div class='cc-readless'>Read less<\/div><\/div><\/div><\/div><div class='cc-item'><div class='cc-thumb'><img src='https:\/\/www.unavets.com\/nuevaandalucia\/wp-content\/uploads\/sites\/10\/2022\/06\/caso-clinico-5.jpg'><\/div><div class='cc-content'><a href='https:\/\/www.unavets.com\/nuevaandalucia\/?post_type=clinical_case&p=17760'><h3 class='cc-title'>MIPO technique<\/h3><\/a><div class='cc-text' data-full-text='This radiograph corresponds to a comminuted fracture of the tibia of a cat in which a specific bridge-type locking plate was implanted, i.e. custom-made for the patient. The special feature is that we used the MIPO technique (Minimally Invasive Plate Osteosynthesis) or minimally invasive technique for the treatment of fractures with plates. This allowed for less surgical trauma to the patient and an earlier recovery with fewer complications.\r\n\r\n&nbsp;\r\n\r\n<img loading=\"lazy\" decoding=\"async\" class=\"alignnone size-medium wp-image-17365\" src=\"http:\/\/www.unavets.com\/sansebastian\/wp-content\/uploads\/sites\/7\/2022\/05\/Gato-1-239x300.jpg\" alt=\"\" width=\"239\" height=\"300\" \/> <img loading=\"lazy\" decoding=\"async\" class=\"alignnone size-medium wp-image-17367\" src=\"http:\/\/www.unavets.com\/sansebastian\/wp-content\/uploads\/sites\/7\/2022\/05\/Gato-2-239x300.jpg\" alt=\"\" width=\"239\" height=\"300\" \/>'><span>This radiograph corresponds to a comminuted fracture of the tibia of a cat in which&hellip;<\/span><a href='https:\/\/www.unavets.com\/nuevaandalucia\/?post_type=clinical_case&p=17760'><div class='cc-readmore'>Read more<\/div><\/a>\n                <div class='cc-readless'>Read less<\/div><\/div><\/div><\/div><div class='cc-item'><div class='cc-thumb'><img src='https:\/\/www.unavets.com\/nuevaandalucia\/wp-content\/uploads\/sites\/10\/2022\/06\/caso-clinico-4-1.jpg'><\/div><div class='cc-content'><a href='https:\/\/www.unavets.com\/nuevaandalucia\/?post_type=clinical_case&p=17755'><h3 class='cc-title'>Comminuted fracture<\/h3><\/a><div class='cc-text' data-full-text='Cat case, Campi, with comminuted fracture with 2 locking plates to increase strength as cats have light bones that crack easily.\r\n\r\n&nbsp;\r\n\r\n&nbsp;\r\n\r\n<img loading=\"lazy\" decoding=\"async\" class=\"alignnone size-medium wp-image-17338\" src=\"http:\/\/www.unavets.com\/sansebastian\/wp-content\/uploads\/sites\/7\/2022\/05\/Campi-1-237x300.jpg\" alt=\"\" width=\"237\" height=\"300\" \/> <img loading=\"lazy\" decoding=\"async\" class=\"alignnone size-medium wp-image-17340\" src=\"http:\/\/www.unavets.com\/sansebastian\/wp-content\/uploads\/sites\/7\/2022\/05\/Campi-2-236x300.jpg\" alt=\"\" width=\"236\" height=\"300\" \/> <img loading=\"lazy\" decoding=\"async\" class=\"alignnone size-medium wp-image-17342\" src=\"http:\/\/www.unavets.com\/sansebastian\/wp-content\/uploads\/sites\/7\/2022\/05\/Campi-3-238x300.jpg\" alt=\"\" width=\"238\" height=\"300\" \/>'><span>Cat case, Campi, with comminuted fracture with 2 locking plates to increase strength as cats&hellip;<\/span><a href='https:\/\/www.unavets.com\/nuevaandalucia\/?post_type=clinical_case&p=17755'><div class='cc-readmore'>Read more<\/div><\/a>\n                <div class='cc-readless'>Read less<\/div><\/div><\/div><\/div><div class='cc-item'><div class='cc-thumb'><img src='https:\/\/www.unavets.com\/nuevaandalucia\/wp-content\/uploads\/sites\/10\/2022\/06\/caso-clinico-3.jpg'><\/div><div class='cc-content'><a href='https:\/\/www.unavets.com\/nuevaandalucia\/?post_type=clinical_case&p=17750'><h3 class='cc-title'>Comminuted dysphysial fracture<\/h3><\/a><div class='cc-text' data-full-text='Comminuted dysphysial fracture of a 40 kg dog, Hachiko. This is a locking bridge plate.\r\n\r\n&nbsp;\r\n\r\n<img loading=\"lazy\" decoding=\"async\" class=\"alignnone size-medium wp-image-17349\" src=\"http:\/\/www.unavets.com\/sansebastian\/wp-content\/uploads\/sites\/7\/2022\/05\/Hachiko-2-239x300.jpg\" alt=\"\" width=\"239\" height=\"300\" \/> <img loading=\"lazy\" decoding=\"async\" class=\"alignnone size-medium wp-image-17351\" src=\"http:\/\/www.unavets.com\/sansebastian\/wp-content\/uploads\/sites\/7\/2022\/05\/Hachiko-3-239x300.jpg\" alt=\"\" width=\"239\" height=\"300\" \/> <img loading=\"lazy\" decoding=\"async\" class=\"alignnone size-medium wp-image-17354\" src=\"http:\/\/www.unavets.com\/sansebastian\/wp-content\/uploads\/sites\/7\/2022\/05\/Hachiko-1-239x300.jpg\" alt=\"\" width=\"239\" height=\"300\" \/>'><span>Comminuted dysphysial fracture of a 40 kg dog, Hachiko. This is a locking bridge plate.&hellip;<\/span><a href='https:\/\/www.unavets.com\/nuevaandalucia\/?post_type=clinical_case&p=17750'><div class='cc-readmore'>Read more<\/div><\/a>\n                <div class='cc-readless'>Read less<\/div><\/div><\/div><\/div><div class='cc-item'><div class='cc-thumb'><img src='https:\/\/www.unavets.com\/nuevaandalucia\/wp-content\/uploads\/sites\/10\/2022\/06\/caso-clinco-2.jpg'><\/div><div class='cc-content'><a href='https:\/\/www.unavets.com\/nuevaandalucia\/?post_type=clinical_case&p=17747'><h3 class='cc-title'>Proximal fracture<\/h3><\/a><div class='cc-text' data-full-text='Proximal fracture of a teckel, John, who due to his special anatomy was fitted with a custom-made locking osteosynthesis plate.\r\n\r\n&nbsp;\r\n\r\n<img loading=\"lazy\" decoding=\"async\" class=\"alignnone size-medium wp-image-17344\" src=\"http:\/\/www.unavets.com\/sansebastian\/wp-content\/uploads\/sites\/7\/2022\/05\/John-1-239x300.jpg\" alt=\"\" width=\"239\" height=\"300\" \/> <img loading=\"lazy\" decoding=\"async\" class=\"alignnone size-medium wp-image-17346\" src=\"http:\/\/www.unavets.com\/sansebastian\/wp-content\/uploads\/sites\/7\/2022\/05\/John-2-239x300.jpg\" alt=\"\" width=\"239\" height=\"300\" \/>'><span>Proximal fracture of a teckel, John, who due to his special anatomy was fitted with&hellip;<\/span><a href='https:\/\/www.unavets.com\/nuevaandalucia\/?post_type=clinical_case&p=17747'><div class='cc-readmore'>Read more<\/div><\/a>\n                <div class='cc-readless'>Read less<\/div><\/div><\/div><\/div><div class='cc-item'><div class='cc-thumb'><img src='https:\/\/www.unavets.com\/nuevaandalucia\/wp-content\/uploads\/sites\/10\/2022\/06\/caso-clinico-1.jpg'><\/div><div class='cc-content'><a href='https:\/\/www.unavets.com\/nuevaandalucia\/?post_type=clinical_case&p=17743'><h3 class='cc-title'>Femur fractures<\/h3><\/a><div class='cc-text' data-full-text='We can see femur fractures of two different dogs, Alan and Sansa, repaired with locking osteosynthesis plates and combined with intramedullary nailing to increase the strength of the system.\r\n\r\n&nbsp;\r\n\r\n<img fetchpriority=\"high\" decoding=\"async\" class=\"alignnone size-medium wp-image-17356\" src=\"http:\/\/www.unavets.com\/sansebastian\/wp-content\/uploads\/sites\/7\/2022\/03\/Sansa-1-239x300.jpg\" alt=\"\" width=\"239\" height=\"300\" \/> <img decoding=\"async\" class=\"alignnone size-medium wp-image-17358\" src=\"http:\/\/www.unavets.com\/sansebastian\/wp-content\/uploads\/sites\/7\/2022\/03\/Sansa-2-239x300.jpg\" alt=\"\" width=\"239\" height=\"300\" \/>\r\n\r\n<img decoding=\"async\" class=\"alignnone size-medium wp-image-17362\" src=\"http:\/\/www.unavets.com\/sansebastian\/wp-content\/uploads\/sites\/7\/2022\/03\/Alan-1-239x300.jpg\" alt=\"\" width=\"239\" height=\"300\" \/><img loading=\"lazy\" decoding=\"async\" class=\"alignnone size-medium wp-image-17360\" src=\"http:\/\/www.unavets.com\/sansebastian\/wp-content\/uploads\/sites\/7\/2022\/03\/Alan-2-1-239x300.jpg\" alt=\"\" width=\"239\" height=\"300\" \/>'><span>We can see femur fractures of two different dogs, Alan and Sansa, repaired with locking&hellip;<\/span><a href='https:\/\/www.unavets.com\/nuevaandalucia\/?post_type=clinical_case&p=17743'><div class='cc-readmore'>Read more<\/div><\/a>\n                <div class='cc-readless'>Read less<\/div><\/div><\/div><\/div>        <\/div>\n    <\/div>\n    <\/div>\n\t\t\t\t\t\t<\/div>\n\t\t\t\t<\/div>\n\t\t\t\t\t<\/div>\n\t\t<\/div>\n\t\t\t\t\t<\/div>\n\t\t<\/section>\n\t\t\t\t<\/div>\n\t\t","protected":false},"excerpt":{"rendered":"","protected":false},"author":8,"featured_media":0,"parent":0,"menu_order":0,"comment_status":"closed","ping_status":"closed","template":"page-fullwidth.php","meta":{"_acf_changed":false,"content-type":"","footnotes":""},"class_list":["post-17383","page","type-page","status-publish","hentry"],"acf":[],"_links":{"self":[{"href":"https:\/\/www.unavets.com\/nuevaandalucia\/wp-json\/wp\/v2\/pages\/17383","targetHints":{"allow":["GET"]}}],"collection":[{"href":"https:\/\/www.unavets.com\/nuevaandalucia\/wp-json\/wp\/v2\/pages"}],"about":[{"href":"https:\/\/www.unavets.com\/nuevaandalucia\/wp-json\/wp\/v2\/types\/page"}],"author":[{"embeddable":true,"href":"https:\/\/www.unavets.com\/nuevaandalucia\/wp-json\/wp\/v2\/users\/8"}],"replies":[{"embeddable":true,"href":"https:\/\/www.unavets.com\/nuevaandalucia\/wp-json\/wp\/v2\/comments?post=17383"}],"version-history":[{"count":0,"href":"https:\/\/www.unavets.com\/nuevaandalucia\/wp-json\/wp\/v2\/pages\/17383\/revisions"}],"wp:attachment":[{"href":"https:\/\/www.unavets.com\/nuevaandalucia\/wp-json\/wp\/v2\/media?parent=17383"}],"curies":[{"name":"wp","href":"https:\/\/api.w.org\/{rel}","templated":true}]}}