{"id":18349,"date":"2025-04-21T13:53:45","date_gmt":"2025-04-21T13:53:45","guid":{"rendered":"https:\/\/www.unavets.com\/nuevaandalucia\/?page_id=18349"},"modified":"2025-04-21T14:30:07","modified_gmt":"2025-04-21T14:30:07","slug":"remitir-caso","status":"publish","type":"page","link":"https:\/\/www.unavets.com\/nuevaandalucia\/es\/remitir-caso\/","title":{"rendered":"Remitir caso"},"content":{"rendered":"\t\t<div data-elementor-type=\"wp-page\" data-elementor-id=\"18349\" class=\"elementor elementor-18349\" data-elementor-post-type=\"page\">\n\t\t\t\t\t\t<section class=\"elementor-section elementor-top-section elementor-element elementor-element-38874c9 elementor-section-boxed elementor-section-height-default elementor-section-height-default\" data-id=\"38874c9\" data-element_type=\"section\" data-e-type=\"section\">\n\t\t\t\t\t\t<div class=\"elementor-container elementor-column-gap-default\">\n\t\t\t\t\t<div class=\"elementor-column elementor-col-50 elementor-top-column elementor-element elementor-element-5205f5d\" data-id=\"5205f5d\" data-element_type=\"column\" data-e-type=\"column\">\n\t\t\t<div class=\"elementor-widget-wrap elementor-element-populated\">\n\t\t\t\t\t\t<div class=\"elementor-element elementor-element-0af8a8c elementor-widget elementor-widget-image\" data-id=\"0af8a8c\" data-element_type=\"widget\" data-e-type=\"widget\" data-widget_type=\"image.default\">\n\t\t\t\t<div class=\"elementor-widget-container\">\n\t\t\t\t\t\t\t\t\t\t\t\t\t\t\t<img fetchpriority=\"high\" width=\"724\" height=\"472\" class=\"attachment-large size-large wp-image-18356 lazy\" alt=\"\" data-src=\"https:\/\/www.unavets.com\/nuevaandalucia\/wp-content\/uploads\/sites\/10\/2025\/04\/Remitir-caso-NA-1024x668.jpg\" data-lazy=\"https:\/\/www.unavets.com\/nuevaandalucia\/wp-content\/uploads\/sites\/10\/2025\/04\/Remitir-caso-NA-1024x668.jpg\" \/>\t\t\t\t\t\t\t\t\t\t\t\t\t\t\t<\/div>\n\t\t\t\t<\/div>\n\t\t\t\t\t<\/div>\n\t\t<\/div>\n\t\t\t\t<div class=\"elementor-column elementor-col-50 elementor-top-column elementor-element elementor-element-929b339\" data-id=\"929b339\" data-element_type=\"column\" data-e-type=\"column\">\n\t\t\t<div class=\"elementor-widget-wrap elementor-element-populated\">\n\t\t\t\t\t\t<div class=\"elementor-element elementor-element-3cc8c74 elementor-widget elementor-widget-section_titleleft\" data-id=\"3cc8c74\" data-element_type=\"widget\" data-e-type=\"widget\" data-widget_type=\"section_titleleft.default\">\n\t\t\t\t<div class=\"elementor-widget-container\">\n\t\t\t\t\t        <div class=\"ab_text-title fl-wrap\">\n            <h3>C\u00f3mo remitirnos un caso<\/h3>Servicio exclusivo para veterinarios<span class=\"section-separator fl-sec-sep\"><\/span>        <\/div>\n        \t\t\t\t<\/div>\n\t\t\t\t<\/div>\n\t\t\t\t<div class=\"elementor-element elementor-element-31b1d73 elementor-widget elementor-widget-text-editor\" data-id=\"31b1d73\" data-element_type=\"widget\" data-e-type=\"widget\" data-widget_type=\"text-editor.default\">\n\t\t\t\t<div class=\"elementor-widget-container\">\n\t\t\t\t\t\t\t\t\t<p>Si necesitas remitirnos un caso veterinario, sigue los siguientes pasos:<\/p><div>\u00a0<\/div><ol><li>Ll\u00e1manos al 950 229 863.<\/li><li>Rellena el formulario que encontrar\u00e1s m\u00e1s abajo.<\/li><li>Si tienes m\u00e1s informaci\u00f3n que quieras compartir\u00a0escr\u00edbenos al email <a href=\"mailto:referir.nuevaandalucia@unavets.com\">referir.nuevaandalucia@unavets.com<\/a>.<\/li><\/ol><p>Te iremos informando diariamente de la evoluci\u00f3n de tus pacientes teniendo la tranquilidad de que han recibido un trato\u00a0excepcional.<\/p>\t\t\t\t\t\t\t\t<\/div>\n\t\t\t\t<\/div>\n\t\t\t\t\t<\/div>\n\t\t<\/div>\n\t\t\t\t\t<\/div>\n\t\t<\/section>\n\t\t\t\t<section class=\"elementor-section elementor-top-section elementor-element elementor-element-fa3382b elementor-section-boxed elementor-section-height-default elementor-section-height-default\" data-id=\"fa3382b\" data-element_type=\"section\" data-e-type=\"section\">\n\t\t\t\t\t\t<div class=\"elementor-container elementor-column-gap-default\">\n\t\t\t\t\t<div class=\"elementor-column elementor-col-50 elementor-top-column elementor-element elementor-element-181e97f\" data-id=\"181e97f\" data-element_type=\"column\" data-e-type=\"column\">\n\t\t\t<div class=\"elementor-widget-wrap elementor-element-populated\">\n\t\t\t\t\t\t<div class=\"elementor-element elementor-element-3b7f57b elementor-align-center elementor-widget elementor-widget-button\" data-id=\"3b7f57b\" data-element_type=\"widget\" data-e-type=\"widget\" data-widget_type=\"button.default\">\n\t\t\t\t<div class=\"elementor-widget-container\">\n\t\t\t\t\t\t\t\t\t<div class=\"elementor-button-wrapper\">\n\t\t\t\t\t<a class=\"elementor-button elementor-button-link elementor-size-md\" href=\"https:\/\/www.unavets.com\/nuevaandalucia\/es\/formulario-remision-de-caso\/\">\n\t\t\t\t\t\t<span class=\"elementor-button-content-wrapper\">\n\t\t\t\t\t\t\t\t\t<span class=\"elementor-button-text\">Formulario Remisi\u00f3n de caso<\/span>\n\t\t\t\t\t<\/span>\n\t\t\t\t\t<\/a>\n\t\t\t\t<\/div>\n\t\t\t\t\t\t\t\t<\/div>\n\t\t\t\t<\/div>\n\t\t\t\t\t<\/div>\n\t\t<\/div>\n\t\t\t\t<div class=\"elementor-column elementor-col-50 elementor-top-column elementor-element elementor-element-341ff62\" data-id=\"341ff62\" data-element_type=\"column\" data-e-type=\"column\">\n\t\t\t<div class=\"elementor-widget-wrap elementor-element-populated\">\n\t\t\t\t\t\t<div class=\"elementor-element elementor-element-40bfc49 elementor-align-center elementor-widget elementor-widget-button\" data-id=\"40bfc49\" data-element_type=\"widget\" data-e-type=\"widget\" data-widget_type=\"button.default\">\n\t\t\t\t<div class=\"elementor-widget-container\">\n\t\t\t\t\t\t\t\t\t<div class=\"elementor-button-wrapper\">\n\t\t\t\t\t<a class=\"elementor-button elementor-button-link elementor-size-md\" href=\"https:\/\/www.unavets.com\/nuevaandalucia\/es\/formulario-remision-de-caso-diagnostico-por-imagen\/\">\n\t\t\t\t\t\t<span class=\"elementor-button-content-wrapper\">\n\t\t\t\t\t\t\t\t\t<span class=\"elementor-button-text\">Formulario Remisi\u00f3n de caso Diagn\u00f3stico por Imagen<\/span>\n\t\t\t\t\t<\/span>\n\t\t\t\t\t<\/a>\n\t\t\t\t<\/div>\n\t\t\t\t\t\t\t\t<\/div>\n\t\t\t\t<\/div>\n\t\t\t\t\t<\/div>\n\t\t<\/div>\n\t\t\t\t\t<\/div>\n\t\t<\/section>\n\t\t\t\t<\/div>\n\t\t","protected":false},"excerpt":{"rendered":"<p>C\u00f3mo remitirnos un caso Servicio exclusivo para veterinarios Si necesitas remitirnos un caso veterinario, sigue los siguientes pasos: \u00a0 Ll\u00e1manos al 950 229 863. Rellena el formulario que encontrar\u00e1s m\u00e1s abajo. Si tienes m\u00e1s informaci\u00f3n que quieras compartir\u00a0escr\u00edbenos al email referir.nuevaandalucia@unavets.com. Te iremos informando diariamente de la evoluci\u00f3n de tus pacientes teniendo la tranquilidad de &hellip; <\/p>\n","protected":false},"author":60,"featured_media":0,"parent":0,"menu_order":0,"comment_status":"closed","ping_status":"closed","template":"page-fullwidth.php","meta":{"_acf_changed":false,"content-type":"","footnotes":""},"class_list":["post-18349","page","type-page","status-publish","hentry"],"acf":[],"_links":{"self":[{"href":"https:\/\/www.unavets.com\/nuevaandalucia\/es\/wp-json\/wp\/v2\/pages\/18349","targetHints":{"allow":["GET"]}}],"collection":[{"href":"https:\/\/www.unavets.com\/nuevaandalucia\/es\/wp-json\/wp\/v2\/pages"}],"about":[{"href":"https:\/\/www.unavets.com\/nuevaandalucia\/es\/wp-json\/wp\/v2\/types\/page"}],"author":[{"embeddable":true,"href":"https:\/\/www.unavets.com\/nuevaandalucia\/es\/wp-json\/wp\/v2\/users\/60"}],"replies":[{"embeddable":true,"href":"https:\/\/www.unavets.com\/nuevaandalucia\/es\/wp-json\/wp\/v2\/comments?post=18349"}],"version-history":[{"count":13,"href":"https:\/\/www.unavets.com\/nuevaandalucia\/es\/wp-json\/wp\/v2\/pages\/18349\/revisions"}],"predecessor-version":[{"id":18391,"href":"https:\/\/www.unavets.com\/nuevaandalucia\/es\/wp-json\/wp\/v2\/pages\/18349\/revisions\/18391"}],"wp:attachment":[{"href":"https:\/\/www.unavets.com\/nuevaandalucia\/es\/wp-json\/wp\/v2\/media?parent=18349"}],"curies":[{"name":"wp","href":"https:\/\/api.w.org\/{rel}","templated":true}]}}