{"id":15440,"date":"2021-06-17T09:58:28","date_gmt":"2021-06-17T09:58:28","guid":{"rendered":"http:\/\/www.unavets.com\/nuevaandalucia\/?page_id=15440"},"modified":"2022-04-25T15:38:17","modified_gmt":"2022-04-25T15:38:17","slug":"planes-de-salud","status":"publish","type":"page","link":"https:\/\/www.unavets.com\/nuevaandalucia\/es\/planes-de-salud\/","title":{"rendered":"Planes de Salud"},"content":{"rendered":"\t\t<div data-elementor-type=\"wp-page\" data-elementor-id=\"15440\" class=\"elementor elementor-15440 elementor-15434\" data-elementor-post-type=\"page\">\n\t\t\t\t\t\t<section class=\"elementor-section elementor-top-section elementor-element elementor-element-5e32cfb elementor-section-boxed elementor-section-height-default elementor-section-height-default\" data-id=\"5e32cfb\" data-element_type=\"section\" data-e-type=\"section\" id=\"main-sec\">\n\t\t\t\t\t\t<div class=\"elementor-container elementor-column-gap-default\">\n\t\t\t\t\t<div class=\"elementor-column elementor-col-100 elementor-top-column elementor-element elementor-element-1253c7f\" data-id=\"1253c7f\" data-element_type=\"column\" data-e-type=\"column\">\n\t\t\t<div class=\"elementor-widget-wrap elementor-element-populated\">\n\t\t\t\t\t\t<div class=\"elementor-element elementor-element-27f03b1 elementor-widget elementor-widget-text-editor\" data-id=\"27f03b1\" data-element_type=\"widget\" data-e-type=\"widget\" data-widget_type=\"text-editor.default\">\n\t\t\t\t<div class=\"elementor-widget-container\">\n\t\t\t\t\t\t\t\t\t<p>Los Planes de Salud de UNAVETS garantizan que tu mascota reciba un tratamiento preventivo a lo largo de todo el a\u00f1o en el momento adecuado, haciendo un seguimiento de su salud para que puedas disfrutar de su compa\u00f1\u00eda durante muchos a\u00f1os.<\/p><p>Los Planes de Salud de UNAVETS estar\u00e1n disponibles en Hospital Veterinario Nueva Andaluc\u00eda<strong>\u00a0pr\u00f3ximamente.<\/strong><\/p><p>Si tienes inter\u00e9s en ellos, descubre los precios y coberturas y los centros de UNAVETS en los que est\u00e1n disponibles actualmente\u00a0<strong><a href=\"https:\/\/www.unavets.com\/es\/planes-de-salud\/\">aqu\u00ed<\/a>.<\/strong>\u00a0<\/p><p>Si quieres que te avisemos cuando est\u00e9n disponibles en Hospital Veterinario Nueva Andaluc\u00eda rellena el siguiente formulario:\u00a0<\/p><p>\n\t\t\t\t\t\t<script>\n\t\t\t\t\t\t\twindow.hsFormsOnReady = window.hsFormsOnReady || [];\n\t\t\t\t\t\t\twindow.hsFormsOnReady.push(()=>{\n\t\t\t\t\t\t\t\thbspt.forms.create({\n\t\t\t\t\t\t\t\t\tportalId: 8560088,\n\t\t\t\t\t\t\t\t\tformId: \"b6e1dfa6-9fcb-4b82-8cde-9974e25315e2\",\n\t\t\t\t\t\t\t\t\ttarget: \"#hbspt-form-1778172995000-5730122193\",\n\t\t\t\t\t\t\t\t\tregion: \"\",\n\t\t\t\t\t\t\t\t\t\n\t\t\t\t\t\t\t})});\n\t\t\t\t\t\t<\/script>\n\t\t\t\t\t\t<div class=\"hbspt-form\" id=\"hbspt-form-1778172995000-5730122193\"><\/div><\/p>\t\t\t\t\t\t\t\t<\/div>\n\t\t\t\t<\/div>\n\t\t\t\t\t<\/div>\n\t\t<\/div>\n\t\t\t\t\t<\/div>\n\t\t<\/section>\n\t\t\t\t<\/div>\n\t\t","protected":false},"excerpt":{"rendered":"<p>Los Planes de Salud de UNAVETS garantizan que tu mascota reciba un tratamiento preventivo a lo largo de todo el a\u00f1o en el momento adecuado, haciendo un seguimiento de su salud para que puedas disfrutar de su compa\u00f1\u00eda durante muchos a\u00f1os. Los Planes de Salud de UNAVETS estar\u00e1n disponibles en Hospital Veterinario Nueva Andaluc\u00eda\u00a0pr\u00f3ximamente. Si &hellip; <\/p>\n","protected":false},"author":6,"featured_media":0,"parent":0,"menu_order":0,"comment_status":"closed","ping_status":"closed","template":"page-fullwidth.php","meta":{"_acf_changed":false,"content-type":"","footnotes":""},"class_list":["post-15440","page","type-page","status-publish","hentry"],"acf":[],"_links":{"self":[{"href":"https:\/\/www.unavets.com\/nuevaandalucia\/es\/wp-json\/wp\/v2\/pages\/15440","targetHints":{"allow":["GET"]}}],"collection":[{"href":"https:\/\/www.unavets.com\/nuevaandalucia\/es\/wp-json\/wp\/v2\/pages"}],"about":[{"href":"https:\/\/www.unavets.com\/nuevaandalucia\/es\/wp-json\/wp\/v2\/types\/page"}],"author":[{"embeddable":true,"href":"https:\/\/www.unavets.com\/nuevaandalucia\/es\/wp-json\/wp\/v2\/users\/6"}],"replies":[{"embeddable":true,"href":"https:\/\/www.unavets.com\/nuevaandalucia\/es\/wp-json\/wp\/v2\/comments?post=15440"}],"version-history":[{"count":0,"href":"https:\/\/www.unavets.com\/nuevaandalucia\/es\/wp-json\/wp\/v2\/pages\/15440\/revisions"}],"wp:attachment":[{"href":"https:\/\/www.unavets.com\/nuevaandalucia\/es\/wp-json\/wp\/v2\/media?parent=15440"}],"curies":[{"name":"wp","href":"https:\/\/api.w.org\/{rel}","templated":true}]}}