{"id":14607,"date":"2021-06-09T14:56:04","date_gmt":"2021-06-09T14:56:04","guid":{"rendered":"http:\/\/www.unavets.com\/nuevaandalucia\/?page_id=14607"},"modified":"2025-02-28T14:19:39","modified_gmt":"2025-02-28T14:19:39","slug":"medicina-felina","status":"publish","type":"page","link":"https:\/\/www.unavets.com\/nuevaandalucia\/es\/medicina-felina\/","title":{"rendered":"Medicina Felina en Nueva Andaluc\u00eda Almer\u00eda"},"content":{"rendered":"\t\t<div data-elementor-type=\"wp-page\" data-elementor-id=\"14607\" class=\"elementor elementor-14607 elementor-14603\" data-elementor-post-type=\"page\">\n\t\t\t\t\t\t<section class=\"elementor-section elementor-top-section elementor-element elementor-element-d993722 elementor-section-boxed elementor-section-height-default elementor-section-height-default\" data-id=\"d993722\" data-element_type=\"section\" data-e-type=\"section\" id=\"main-sec\">\n\t\t\t\t\t\t<div class=\"elementor-container elementor-column-gap-default\">\n\t\t\t\t\t<div class=\"elementor-column elementor-col-100 elementor-top-column elementor-element elementor-element-2048e61\" data-id=\"2048e61\" data-element_type=\"column\" data-e-type=\"column\">\n\t\t\t<div class=\"elementor-widget-wrap elementor-element-populated\">\n\t\t\t\t\t\t<div class=\"elementor-element elementor-element-1d02c2d elementor-widget elementor-widget-text-editor\" data-id=\"1d02c2d\" data-element_type=\"widget\" data-e-type=\"widget\" data-widget_type=\"text-editor.default\">\n\t\t\t\t<div class=\"elementor-widget-container\">\n\t\t\t\t\t\t\t\t\t<p><strong>Somos una Cat Friendly Clinic acreditada con el nivel Plata<\/strong><\/p><p>Queremos minimizar el estr\u00e9s para los gatos que visitan nuestra cl\u00ednica, por lo que somos una cl\u00ednica amable con los gatos de la International Cat Care<br \/><br \/><\/p><p><strong>T<\/strong><b>E PROMETEMOS QUE:<\/b><\/p><ul><li>Somos delicados y cuidadosos con los gatos<\/li><li>Comprendemos las necesidades de los gatos<\/li><li>Tenemos instalacions amables con los gatos<\/li><li>Habla con cualquiera de nuestros empleados si deseas ver nuestras cl\u00ednica o si tienes alguna pregunta<\/li><\/ul><p>El gato es un animal muy diferente del perro, su comportamiento, manejo e incluso sus enfermedades son totalmente distintas a las de los perros, es por ello que en Hospital Veterinario Nueva Andaluc\u00eda, Almer\u00eda disponemos de instalaciones dise\u00f1adas espec\u00edficamente para los gatos, sala de espera, consulta y hospitalizaciones exclusivas para ellos.<\/p><p>Hospital Veterinario Nueva Andaluc\u00eda cuenta con veterinarios y auxiliares con formaci\u00f3n espec\u00edfica en medicina felina, que adoran a los gatos y saben c\u00f3mo manejarlos y tratarlos.<\/p>\t\t\t\t\t\t\t\t<\/div>\n\t\t\t\t<\/div>\n\t\t\t\t<div class=\"elementor-element elementor-element-02838e3 elementor-align-center elementor-widget elementor-widget-button\" data-id=\"02838e3\" data-element_type=\"widget\" data-e-type=\"widget\" data-widget_type=\"button.default\">\n\t\t\t\t<div class=\"elementor-widget-container\">\n\t\t\t\t\t\t\t\t\t<div class=\"elementor-button-wrapper\">\n\t\t\t\t\t<a class=\"elementor-button elementor-button-link elementor-size-md\" href=\"tel:950229863\">\n\t\t\t\t\t\t<span class=\"elementor-button-content-wrapper\">\n\t\t\t\t\t\t<span class=\"elementor-button-icon\">\n\t\t\t\t<i aria-hidden=\"true\" class=\"far fa-calendar-alt\"><\/i>\t\t\t<\/span>\n\t\t\t\t\t\t\t\t\t<span class=\"elementor-button-text\">Pide Cita<\/span>\n\t\t\t\t\t<\/span>\n\t\t\t\t\t<\/a>\n\t\t\t\t<\/div>\n\t\t\t\t\t\t\t\t<\/div>\n\t\t\t\t<\/div>\n\t\t\t\t<div class=\"elementor-element elementor-element-dc7c821 elementor-widget elementor-widget-image\" data-id=\"dc7c821\" data-element_type=\"widget\" data-e-type=\"widget\" data-widget_type=\"image.default\">\n\t\t\t\t<div class=\"elementor-widget-container\">\n\t\t\t\t\t\t\t\t\t\t\t\t\t\t\t<img fetchpriority=\"high\" width=\"724\" height=\"385\" class=\"attachment-medium_large size-medium_large wp-image-18239 lazy\" alt=\"\" data-src=\"https:\/\/www.unavets.com\/nuevaandalucia\/wp-content\/uploads\/sites\/10\/2025\/02\/c6bacaa8-341c-4521-b413-3a1f532133e2-768x408.jpg\" data-lazy=\"https:\/\/www.unavets.com\/nuevaandalucia\/wp-content\/uploads\/sites\/10\/2025\/02\/c6bacaa8-341c-4521-b413-3a1f532133e2-768x408.jpg\" \/>\t\t\t\t\t\t\t\t\t\t\t\t\t\t\t<\/div>\n\t\t\t\t<\/div>\n\t\t\t\t\t<\/div>\n\t\t<\/div>\n\t\t\t\t\t<\/div>\n\t\t<\/section>\n\t\t\t\t<\/div>\n\t\t","protected":false},"excerpt":{"rendered":"<p>Somos una Cat Friendly Clinic acreditada con el nivel Plata Queremos minimizar el estr\u00e9s para los gatos que visitan nuestra cl\u00ednica, por lo que somos una cl\u00ednica amable con los gatos de la International Cat Care TE PROMETEMOS QUE: Somos delicados y cuidadosos con los gatos Comprendemos las necesidades de los gatos Tenemos instalacions amables &hellip; <\/p>\n","protected":false},"author":4,"featured_media":0,"parent":0,"menu_order":0,"comment_status":"closed","ping_status":"closed","template":"page-fullwidth.php","meta":{"_acf_changed":false,"content-type":"","footnotes":""},"class_list":["post-14607","page","type-page","status-publish","hentry"],"acf":[],"_links":{"self":[{"href":"https:\/\/www.unavets.com\/nuevaandalucia\/es\/wp-json\/wp\/v2\/pages\/14607","targetHints":{"allow":["GET"]}}],"collection":[{"href":"https:\/\/www.unavets.com\/nuevaandalucia\/es\/wp-json\/wp\/v2\/pages"}],"about":[{"href":"https:\/\/www.unavets.com\/nuevaandalucia\/es\/wp-json\/wp\/v2\/types\/page"}],"author":[{"embeddable":true,"href":"https:\/\/www.unavets.com\/nuevaandalucia\/es\/wp-json\/wp\/v2\/users\/4"}],"replies":[{"embeddable":true,"href":"https:\/\/www.unavets.com\/nuevaandalucia\/es\/wp-json\/wp\/v2\/comments?post=14607"}],"version-history":[{"count":3,"href":"https:\/\/www.unavets.com\/nuevaandalucia\/es\/wp-json\/wp\/v2\/pages\/14607\/revisions"}],"predecessor-version":[{"id":18244,"href":"https:\/\/www.unavets.com\/nuevaandalucia\/es\/wp-json\/wp\/v2\/pages\/14607\/revisions\/18244"}],"wp:attachment":[{"href":"https:\/\/www.unavets.com\/nuevaandalucia\/es\/wp-json\/wp\/v2\/media?parent=14607"}],"curies":[{"name":"wp","href":"https:\/\/api.w.org\/{rel}","templated":true}]}}