{"id":13558,"date":"2020-10-03T08:10:58","date_gmt":"2020-10-03T08:10:58","guid":{"rendered":"http:\/\/www.unavets.com\/nuevaandalucia\/our-facilities\/"},"modified":"2023-01-17T13:44:17","modified_gmt":"2023-01-17T13:44:17","slug":"instalaciones","status":"publish","type":"page","link":"https:\/\/www.unavets.com\/nuevaandalucia\/es\/instalaciones\/","title":{"rendered":"Instalaciones"},"content":{"rendered":"\t\t<div data-elementor-type=\"wp-page\" data-elementor-id=\"13558\" class=\"elementor elementor-13558 elementor-281\" data-elementor-post-type=\"page\">\n\t\t\t\t\t\t<section class=\"elementor-section elementor-top-section elementor-element elementor-element-54cf215 pad-top-0 elementor-section-boxed elementor-section-height-default elementor-section-height-default\" data-id=\"54cf215\" data-element_type=\"section\" data-e-type=\"section\" id=\"main-sec\" data-settings=\"{&quot;background_background&quot;:&quot;classic&quot;}\">\n\t\t\t\t\t\t<div class=\"elementor-container elementor-column-gap-wide\">\n\t\t\t\t\t<div class=\"elementor-column elementor-col-100 elementor-top-column elementor-element elementor-element-d926441\" data-id=\"d926441\" data-element_type=\"column\" data-e-type=\"column\">\n\t\t\t<div class=\"elementor-widget-wrap elementor-element-populated\">\n\t\t\t\t\t\t<div class=\"elementor-element elementor-element-ac5c964 elementor-widget elementor-widget-text-editor\" data-id=\"ac5c964\" data-element_type=\"widget\" data-e-type=\"widget\" data-widget_type=\"text-editor.default\">\n\t\t\t\t<div class=\"elementor-widget-container\">\n\t\t\t\t\t\t\t\t\tEl Hospital Veterinario Nueva Andaluc\u00eda cuenta con los mejores equipos e instalaciones a nuestra disposici\u00f3n para brindarte el m\u00e1s alto nivel de atenci\u00f3n.\t\t\t\t\t\t\t\t<\/div>\n\t\t\t\t<\/div>\n\t\t\t\t<section class=\"elementor-section elementor-inner-section elementor-element elementor-element-98275a1 elementor-section-boxed elementor-section-height-default elementor-section-height-default\" data-id=\"98275a1\" data-element_type=\"section\" data-e-type=\"section\">\n\t\t\t\t\t\t<div class=\"elementor-container elementor-column-gap-default\">\n\t\t\t\t\t<div class=\"elementor-column elementor-col-50 elementor-inner-column elementor-element elementor-element-07b222c\" data-id=\"07b222c\" data-element_type=\"column\" data-e-type=\"column\">\n\t\t\t<div class=\"elementor-widget-wrap elementor-element-populated\">\n\t\t\t\t\t\t<div class=\"elementor-element elementor-element-44b52f4 elementor-widget elementor-widget-image\" data-id=\"44b52f4\" data-element_type=\"widget\" data-e-type=\"widget\" data-widget_type=\"image.default\">\n\t\t\t\t<div class=\"elementor-widget-container\">\n\t\t\t\t\t\t\t\t\t\t\t\t\t\t\t<img fetchpriority=\"high\" width=\"724\" height=\"483\" class=\"attachment-large size-large wp-image-16789 lazy\" alt=\"\" data-src=\"https:\/\/www.unavets.com\/nuevaandalucia\/wp-content\/uploads\/sites\/10\/2021\/07\/Facilities-Hero-Image-1024x683.jpg\" data-lazy=\"https:\/\/www.unavets.com\/nuevaandalucia\/wp-content\/uploads\/sites\/10\/2021\/07\/Facilities-Hero-Image-1024x683.jpg\" \/>\t\t\t\t\t\t\t\t\t\t\t\t\t\t\t<\/div>\n\t\t\t\t<\/div>\n\t\t\t\t\t<\/div>\n\t\t<\/div>\n\t\t\t\t<div class=\"elementor-column elementor-col-50 elementor-inner-column elementor-element elementor-element-e32254f\" data-id=\"e32254f\" data-element_type=\"column\" data-e-type=\"column\">\n\t\t\t<div class=\"elementor-widget-wrap elementor-element-populated\">\n\t\t\t\t\t\t<div class=\"elementor-element elementor-element-6494dd8 elementor-widget elementor-widget-text-editor\" data-id=\"6494dd8\" data-element_type=\"widget\" data-e-type=\"widget\" data-widget_type=\"text-editor.default\">\n\t\t\t\t<div class=\"elementor-widget-container\">\n\t\t\t\t\t\t\t\t\t<p>Destacan las amplias salas de hospitalizaci\u00f3n, una de ellas exclusiva para gatos y otra para aislamiento de infecciosos.<\/p><p>Tambi\u00e9n contamos con equipamiento de endoscopia flexible y r\u00edgida, radiolog\u00eda digital, ecograf\u00eda abdominal y ecocardiograf\u00eda y laboratorio cl\u00ednico propio.<\/p><p>Hacemos cirug\u00eda de tejidos blandos, traumatolog\u00eda y ortopedia, cirug\u00eda laparosc\u00f3pica.<\/p><p>Somos especialistas en:<\/p><ul><li>Oncolog\u00eda<\/li><li>Cardiolog\u00eda<\/li><li>Neurolog\u00eda<\/li><li>Medicina de ex\u00f3ticos.<\/li><\/ul><p>Tenemos servicio de peluquer\u00eda y contamos con 3 consultas simult\u00e1neas.<\/p>\t\t\t\t\t\t\t\t<\/div>\n\t\t\t\t<\/div>\n\t\t\t\t\t<\/div>\n\t\t<\/div>\n\t\t\t\t\t<\/div>\n\t\t<\/section>\n\t\t\t\t<section class=\"elementor-section elementor-inner-section elementor-element elementor-element-cbd28ac elementor-section-boxed elementor-section-height-default elementor-section-height-default\" data-id=\"cbd28ac\" data-element_type=\"section\" data-e-type=\"section\">\n\t\t\t\t\t\t<div class=\"elementor-container elementor-column-gap-default\">\n\t\t\t\t\t<div class=\"elementor-column elementor-col-50 elementor-inner-column elementor-element elementor-element-e54cc90\" data-id=\"e54cc90\" data-element_type=\"column\" data-e-type=\"column\">\n\t\t\t<div class=\"elementor-widget-wrap elementor-element-populated\">\n\t\t\t\t\t\t<div class=\"elementor-element elementor-element-5db3b67 elementor-align-center elementor-widget elementor-widget-button\" data-id=\"5db3b67\" data-element_type=\"widget\" data-e-type=\"widget\" data-widget_type=\"button.default\">\n\t\t\t\t<div class=\"elementor-widget-container\">\n\t\t\t\t\t\t\t\t\t<div class=\"elementor-button-wrapper\">\n\t\t\t\t\t<a class=\"elementor-button elementor-button-link elementor-size-sm\" href=\"http:\/\/www.unavets.com\/nuevaandalucia\/es\/nuestro-equipo\/\">\n\t\t\t\t\t\t<span class=\"elementor-button-content-wrapper\">\n\t\t\t\t\t\t\t\t\t<span class=\"elementor-button-text\">Nuestro Equipo<\/span>\n\t\t\t\t\t<\/span>\n\t\t\t\t\t<\/a>\n\t\t\t\t<\/div>\n\t\t\t\t\t\t\t\t<\/div>\n\t\t\t\t<\/div>\n\t\t\t\t\t<\/div>\n\t\t<\/div>\n\t\t\t\t<div class=\"elementor-column elementor-col-50 elementor-inner-column elementor-element elementor-element-dc3e6b5\" data-id=\"dc3e6b5\" data-element_type=\"column\" data-e-type=\"column\">\n\t\t\t<div class=\"elementor-widget-wrap elementor-element-populated\">\n\t\t\t\t\t\t<div class=\"elementor-element elementor-element-ebe1efe elementor-align-center elementor-widget elementor-widget-button\" data-id=\"ebe1efe\" data-element_type=\"widget\" data-e-type=\"widget\" data-widget_type=\"button.default\">\n\t\t\t\t<div class=\"elementor-widget-container\">\n\t\t\t\t\t\t\t\t\t<div class=\"elementor-button-wrapper\">\n\t\t\t\t\t<a class=\"elementor-button elementor-button-link elementor-size-sm\" href=\"http:\/\/www.unavets.com\/nuevaandalucia\/es\/servicios\/\">\n\t\t\t\t\t\t<span class=\"elementor-button-content-wrapper\">\n\t\t\t\t\t\t\t\t\t<span class=\"elementor-button-text\">Servicios<\/span>\n\t\t\t\t\t<\/span>\n\t\t\t\t\t<\/a>\n\t\t\t\t<\/div>\n\t\t\t\t\t\t\t\t<\/div>\n\t\t\t\t<\/div>\n\t\t\t\t\t<\/div>\n\t\t<\/div>\n\t\t\t\t\t<\/div>\n\t\t<\/section>\n\t\t\t\t\t<\/div>\n\t\t<\/div>\n\t\t\t\t\t<\/div>\n\t\t<\/section>\n\t\t\t\t<section class=\"elementor-section elementor-top-section elementor-element elementor-element-c64bf4c elementor-section-boxed elementor-section-height-default elementor-section-height-default\" data-id=\"c64bf4c\" data-element_type=\"section\" data-e-type=\"section\">\n\t\t\t\t\t\t<div class=\"elementor-container elementor-column-gap-default\">\n\t\t\t\t\t<div class=\"elementor-column elementor-col-100 elementor-top-column elementor-element elementor-element-46ea748\" data-id=\"46ea748\" data-element_type=\"column\" data-e-type=\"column\">\n\t\t\t<div class=\"elementor-widget-wrap elementor-element-populated\">\n\t\t\t\t\t\t<div class=\"elementor-element elementor-element-933d7c1 elementor-widget elementor-widget-gallery\" data-id=\"933d7c1\" data-element_type=\"widget\" data-e-type=\"widget\" data-settings=\"{&quot;columns&quot;:&quot;3&quot;,&quot;aspect_ratio&quot;:&quot;1:1&quot;,&quot;lazyload&quot;:&quot;yes&quot;,&quot;gallery_layout&quot;:&quot;grid&quot;,&quot;columns_tablet&quot;:2,&quot;columns_mobile&quot;:1,&quot;gap&quot;:{&quot;unit&quot;:&quot;px&quot;,&quot;size&quot;:10,&quot;sizes&quot;:[]},&quot;gap_tablet&quot;:{&quot;unit&quot;:&quot;px&quot;,&quot;size&quot;:10,&quot;sizes&quot;:[]},&quot;gap_mobile&quot;:{&quot;unit&quot;:&quot;px&quot;,&quot;size&quot;:10,&quot;sizes&quot;:[]},&quot;link_to&quot;:&quot;file&quot;,&quot;overlay_background&quot;:&quot;yes&quot;,&quot;content_hover_animation&quot;:&quot;fade-in&quot;}\" data-widget_type=\"gallery.default\">\n\t\t\t\t<div class=\"elementor-widget-container\">\n\t\t\t\t\t\t\t<div class=\"elementor-gallery__container\">\n\t\t\t\t\t\t\t<a class=\"e-gallery-item elementor-gallery-item elementor-animated-content\" href=\"https:\/\/www.unavets.com\/nuevaandalucia\/wp-content\/uploads\/sites\/10\/2021\/07\/Facilities_7.jpg\" data-elementor-open-lightbox=\"yes\" data-elementor-lightbox-slideshow=\"933d7c1\" data-elementor-lightbox-title=\"Recepci\u00f3n\" data-e-action-hash=\"#elementor-action%3Aaction%3Dlightbox%26settings%3DeyJpZCI6MTY4MDcsInVybCI6Imh0dHBzOlwvXC93d3cudW5hdmV0cy5jb21cL251ZXZhYW5kYWx1Y2lhXC93cC1jb250ZW50XC91cGxvYWRzXC9zaXRlc1wvMTBcLzIwMjFcLzA3XC9GYWNpbGl0aWVzXzcuanBnIiwic2xpZGVzaG93IjoiOTMzZDdjMSJ9\">\n\t\t\t\t\t<div class=\"e-gallery-image elementor-gallery-item__image\" data-thumbnail=\"https:\/\/www.unavets.com\/nuevaandalucia\/wp-content\/uploads\/sites\/10\/2021\/07\/Facilities_7-1024x699.jpg\" data-width=\"724\" data-height=\"494\" aria-label=\"\" role=\"img\" ><\/div>\n\t\t\t\t\t\t\t\t\t\t\t<div class=\"elementor-gallery-item__overlay\"><\/div>\n\t\t\t\t\t\t\t\t\t\t\t\t\t\t<\/a>\n\t\t\t\t\t\t\t<a class=\"e-gallery-item elementor-gallery-item elementor-animated-content\" href=\"https:\/\/www.unavets.com\/nuevaandalucia\/wp-content\/uploads\/sites\/10\/2021\/07\/Facilities_8...jpg\" data-elementor-open-lightbox=\"yes\" data-elementor-lightbox-slideshow=\"933d7c1\" data-elementor-lightbox-title=\"Hospitalizaci\u00f3n\" data-e-action-hash=\"#elementor-action%3Aaction%3Dlightbox%26settings%3DeyJpZCI6MTY4MTAsInVybCI6Imh0dHBzOlwvXC93d3cudW5hdmV0cy5jb21cL251ZXZhYW5kYWx1Y2lhXC93cC1jb250ZW50XC91cGxvYWRzXC9zaXRlc1wvMTBcLzIwMjFcLzA3XC9GYWNpbGl0aWVzXzguLi5qcGciLCJzbGlkZXNob3ciOiI5MzNkN2MxIn0%3D\">\n\t\t\t\t\t<div class=\"e-gallery-image elementor-gallery-item__image\" data-thumbnail=\"https:\/\/www.unavets.com\/nuevaandalucia\/wp-content\/uploads\/sites\/10\/2021\/07\/Facilities_8..-683x1024.jpg\" data-width=\"683\" data-height=\"1024\" aria-label=\"\" role=\"img\" ><\/div>\n\t\t\t\t\t\t\t\t\t\t\t<div class=\"elementor-gallery-item__overlay\"><\/div>\n\t\t\t\t\t\t\t\t\t\t\t\t\t\t<\/a>\n\t\t\t\t\t\t\t<a class=\"e-gallery-item elementor-gallery-item elementor-animated-content\" href=\"https:\/\/www.unavets.com\/nuevaandalucia\/wp-content\/uploads\/sites\/10\/2022\/06\/caso-clinco-2.jpg\" data-elementor-open-lightbox=\"yes\" data-elementor-lightbox-slideshow=\"933d7c1\" data-elementor-lightbox-title=\"caso cl\u00ednco 2\" data-e-action-hash=\"#elementor-action%3Aaction%3Dlightbox%26settings%3DeyJpZCI6MTc3NDgsInVybCI6Imh0dHBzOlwvXC93d3cudW5hdmV0cy5jb21cL251ZXZhYW5kYWx1Y2lhXC93cC1jb250ZW50XC91cGxvYWRzXC9zaXRlc1wvMTBcLzIwMjJcLzA2XC9jYXNvLWNsaW5jby0yLmpwZyIsInNsaWRlc2hvdyI6IjkzM2Q3YzEifQ%3D%3D\">\n\t\t\t\t\t<div class=\"e-gallery-image elementor-gallery-item__image\" data-thumbnail=\"https:\/\/www.unavets.com\/nuevaandalucia\/wp-content\/uploads\/sites\/10\/2022\/06\/caso-clinco-2.jpg\" data-width=\"539\" data-height=\"464\" aria-label=\"\" role=\"img\" ><\/div>\n\t\t\t\t\t\t\t\t\t\t\t<div class=\"elementor-gallery-item__overlay\"><\/div>\n\t\t\t\t\t\t\t\t\t\t\t\t\t\t<\/a>\n\t\t\t\t\t\t\t<a class=\"e-gallery-item elementor-gallery-item elementor-animated-content\" href=\"https:\/\/www.unavets.com\/nuevaandalucia\/wp-content\/uploads\/sites\/10\/2021\/07\/Facilities_6..jpg\" data-elementor-open-lightbox=\"yes\" data-elementor-lightbox-slideshow=\"933d7c1\" data-elementor-lightbox-title=\"Consulta\" data-e-action-hash=\"#elementor-action%3Aaction%3Dlightbox%26settings%3DeyJpZCI6MTY4MDQsInVybCI6Imh0dHBzOlwvXC93d3cudW5hdmV0cy5jb21cL251ZXZhYW5kYWx1Y2lhXC93cC1jb250ZW50XC91cGxvYWRzXC9zaXRlc1wvMTBcLzIwMjFcLzA3XC9GYWNpbGl0aWVzXzYuLmpwZyIsInNsaWRlc2hvdyI6IjkzM2Q3YzEifQ%3D%3D\">\n\t\t\t\t\t<div class=\"e-gallery-image elementor-gallery-item__image\" data-thumbnail=\"https:\/\/www.unavets.com\/nuevaandalucia\/wp-content\/uploads\/sites\/10\/2021\/07\/Facilities_6.-1024x683.jpg\" data-width=\"724\" data-height=\"483\" aria-label=\"\" role=\"img\" ><\/div>\n\t\t\t\t\t\t\t\t\t\t\t<div class=\"elementor-gallery-item__overlay\"><\/div>\n\t\t\t\t\t\t\t\t\t\t\t\t\t\t<\/a>\n\t\t\t\t\t\t\t<a class=\"e-gallery-item elementor-gallery-item elementor-animated-content\" href=\"https:\/\/www.unavets.com\/nuevaandalucia\/wp-content\/uploads\/sites\/10\/2021\/07\/Facilities_2.jpg\" data-elementor-open-lightbox=\"yes\" data-elementor-lightbox-slideshow=\"933d7c1\" data-elementor-lightbox-title=\"Diagn\u00f3stico por imagen\" data-e-action-hash=\"#elementor-action%3Aaction%3Dlightbox%26settings%3DeyJpZCI6MTY3OTUsInVybCI6Imh0dHBzOlwvXC93d3cudW5hdmV0cy5jb21cL251ZXZhYW5kYWx1Y2lhXC93cC1jb250ZW50XC91cGxvYWRzXC9zaXRlc1wvMTBcLzIwMjFcLzA3XC9GYWNpbGl0aWVzXzIuanBnIiwic2xpZGVzaG93IjoiOTMzZDdjMSJ9\">\n\t\t\t\t\t<div class=\"e-gallery-image elementor-gallery-item__image\" data-thumbnail=\"https:\/\/www.unavets.com\/nuevaandalucia\/wp-content\/uploads\/sites\/10\/2021\/07\/Facilities_2-1024x683.jpg\" data-width=\"724\" data-height=\"483\" aria-label=\"\" role=\"img\" ><\/div>\n\t\t\t\t\t\t\t\t\t\t\t<div class=\"elementor-gallery-item__overlay\"><\/div>\n\t\t\t\t\t\t\t\t\t\t\t\t\t\t<\/a>\n\t\t\t\t\t\t\t<a class=\"e-gallery-item elementor-gallery-item elementor-animated-content\" href=\"https:\/\/www.unavets.com\/nuevaandalucia\/wp-content\/uploads\/sites\/10\/2022\/06\/caso-clinico-4-1.jpg\" data-elementor-open-lightbox=\"yes\" data-elementor-lightbox-slideshow=\"933d7c1\" data-elementor-lightbox-title=\"caso cl\u00ednico 4\" data-e-action-hash=\"#elementor-action%3Aaction%3Dlightbox%26settings%3DeyJpZCI6MTc3NTgsInVybCI6Imh0dHBzOlwvXC93d3cudW5hdmV0cy5jb21cL251ZXZhYW5kYWx1Y2lhXC93cC1jb250ZW50XC91cGxvYWRzXC9zaXRlc1wvMTBcLzIwMjJcLzA2XC9jYXNvLWNsaW5pY28tNC0xLmpwZyIsInNsaWRlc2hvdyI6IjkzM2Q3YzEifQ%3D%3D\">\n\t\t\t\t\t<div class=\"e-gallery-image elementor-gallery-item__image\" data-thumbnail=\"https:\/\/www.unavets.com\/nuevaandalucia\/wp-content\/uploads\/sites\/10\/2022\/06\/caso-clinico-4-1-1024x1024.jpg\" data-width=\"724\" data-height=\"724\" aria-label=\"\" role=\"img\" ><\/div>\n\t\t\t\t\t\t\t\t\t\t\t<div class=\"elementor-gallery-item__overlay\"><\/div>\n\t\t\t\t\t\t\t\t\t\t\t\t\t\t<\/a>\n\t\t\t\t\t\t\t<a class=\"e-gallery-item elementor-gallery-item elementor-animated-content\" href=\"https:\/\/www.unavets.com\/nuevaandalucia\/wp-content\/uploads\/sites\/10\/2021\/07\/Facilities_1.jpg\" data-elementor-open-lightbox=\"yes\" data-elementor-lightbox-slideshow=\"933d7c1\" data-elementor-lightbox-title=\"Consulta\" data-e-action-hash=\"#elementor-action%3Aaction%3Dlightbox%26settings%3DeyJpZCI6MTY3OTIsInVybCI6Imh0dHBzOlwvXC93d3cudW5hdmV0cy5jb21cL251ZXZhYW5kYWx1Y2lhXC93cC1jb250ZW50XC91cGxvYWRzXC9zaXRlc1wvMTBcLzIwMjFcLzA3XC9GYWNpbGl0aWVzXzEuanBnIiwic2xpZGVzaG93IjoiOTMzZDdjMSJ9\">\n\t\t\t\t\t<div class=\"e-gallery-image elementor-gallery-item__image\" data-thumbnail=\"https:\/\/www.unavets.com\/nuevaandalucia\/wp-content\/uploads\/sites\/10\/2021\/07\/Facilities_1-1024x683.jpg\" data-width=\"724\" data-height=\"483\" aria-label=\"\" role=\"img\" ><\/div>\n\t\t\t\t\t\t\t\t\t\t\t<div class=\"elementor-gallery-item__overlay\"><\/div>\n\t\t\t\t\t\t\t\t\t\t\t\t\t\t<\/a>\n\t\t\t\t\t\t\t<a class=\"e-gallery-item elementor-gallery-item elementor-animated-content\" href=\"https:\/\/www.unavets.com\/nuevaandalucia\/wp-content\/uploads\/sites\/10\/2021\/07\/Facilities-Hero-Image.jpg\" data-elementor-open-lightbox=\"yes\" data-elementor-lightbox-slideshow=\"933d7c1\" data-elementor-lightbox-title=\"Diagn\u00f3stico por imagen\" data-e-action-hash=\"#elementor-action%3Aaction%3Dlightbox%26settings%3DeyJpZCI6MTY3ODksInVybCI6Imh0dHBzOlwvXC93d3cudW5hdmV0cy5jb21cL251ZXZhYW5kYWx1Y2lhXC93cC1jb250ZW50XC91cGxvYWRzXC9zaXRlc1wvMTBcLzIwMjFcLzA3XC9GYWNpbGl0aWVzLUhlcm8tSW1hZ2UuanBnIiwic2xpZGVzaG93IjoiOTMzZDdjMSJ9\">\n\t\t\t\t\t<div class=\"e-gallery-image elementor-gallery-item__image\" data-thumbnail=\"https:\/\/www.unavets.com\/nuevaandalucia\/wp-content\/uploads\/sites\/10\/2021\/07\/Facilities-Hero-Image-1024x683.jpg\" data-width=\"724\" data-height=\"483\" aria-label=\"\" role=\"img\" ><\/div>\n\t\t\t\t\t\t\t\t\t\t\t<div class=\"elementor-gallery-item__overlay\"><\/div>\n\t\t\t\t\t\t\t\t\t\t\t\t\t\t<\/a>\n\t\t\t\t\t\t\t<a class=\"e-gallery-item elementor-gallery-item elementor-animated-content\" href=\"https:\/\/www.unavets.com\/nuevaandalucia\/wp-content\/uploads\/sites\/10\/2021\/07\/About-Us_2.jpg\" data-elementor-open-lightbox=\"yes\" data-elementor-lightbox-slideshow=\"933d7c1\" data-elementor-lightbox-title=\"Peluquer\u00eda\" data-e-action-hash=\"#elementor-action%3Aaction%3Dlightbox%26settings%3DeyJpZCI6MTY4MjUsInVybCI6Imh0dHBzOlwvXC93d3cudW5hdmV0cy5jb21cL251ZXZhYW5kYWx1Y2lhXC93cC1jb250ZW50XC91cGxvYWRzXC9zaXRlc1wvMTBcLzIwMjFcLzA3XC9BYm91dC1Vc18yLmpwZyIsInNsaWRlc2hvdyI6IjkzM2Q3YzEifQ%3D%3D\">\n\t\t\t\t\t<div class=\"e-gallery-image elementor-gallery-item__image\" data-thumbnail=\"https:\/\/www.unavets.com\/nuevaandalucia\/wp-content\/uploads\/sites\/10\/2021\/07\/About-Us_2-1024x683.jpg\" data-width=\"724\" data-height=\"483\" aria-label=\"\" role=\"img\" ><\/div>\n\t\t\t\t\t\t\t\t\t\t\t<div class=\"elementor-gallery-item__overlay\"><\/div>\n\t\t\t\t\t\t\t\t\t\t\t\t\t\t<\/a>\n\t\t\t\t\t<\/div>\n\t\t\t\t\t<\/div>\n\t\t\t\t<\/div>\n\t\t\t\t\t<\/div>\n\t\t<\/div>\n\t\t\t\t\t<\/div>\n\t\t<\/section>\n\t\t\t\t<\/div>\n\t\t","protected":false},"excerpt":{"rendered":"<p>El Hospital Veterinario Nueva Andaluc\u00eda cuenta con los mejores equipos e instalaciones a nuestra disposici\u00f3n para brindarte el m\u00e1s alto nivel de atenci\u00f3n. Destacan las amplias salas de hospitalizaci\u00f3n, una de ellas exclusiva para gatos y otra para aislamiento de infecciosos. Tambi\u00e9n contamos con equipamiento de endoscopia flexible y r\u00edgida, radiolog\u00eda digital, ecograf\u00eda abdominal y &hellip; <\/p>\n","protected":false},"author":1,"featured_media":0,"parent":0,"menu_order":0,"comment_status":"closed","ping_status":"closed","template":"page-fullwidth.php","meta":{"_acf_changed":false,"content-type":"","footnotes":""},"class_list":["post-13558","page","type-page","status-publish","hentry"],"acf":[],"_links":{"self":[{"href":"https:\/\/www.unavets.com\/nuevaandalucia\/es\/wp-json\/wp\/v2\/pages\/13558","targetHints":{"allow":["GET"]}}],"collection":[{"href":"https:\/\/www.unavets.com\/nuevaandalucia\/es\/wp-json\/wp\/v2\/pages"}],"about":[{"href":"https:\/\/www.unavets.com\/nuevaandalucia\/es\/wp-json\/wp\/v2\/types\/page"}],"author":[{"embeddable":true,"href":"https:\/\/www.unavets.com\/nuevaandalucia\/es\/wp-json\/wp\/v2\/users\/1"}],"replies":[{"embeddable":true,"href":"https:\/\/www.unavets.com\/nuevaandalucia\/es\/wp-json\/wp\/v2\/comments?post=13558"}],"version-history":[{"count":0,"href":"https:\/\/www.unavets.com\/nuevaandalucia\/es\/wp-json\/wp\/v2\/pages\/13558\/revisions"}],"wp:attachment":[{"href":"https:\/\/www.unavets.com\/nuevaandalucia\/es\/wp-json\/wp\/v2\/media?parent=13558"}],"curies":[{"name":"wp","href":"https:\/\/api.w.org\/{rel}","templated":true}]}}