{"id":20398,"date":"2024-08-01T08:32:04","date_gmt":"2024-08-01T08:32:04","guid":{"rendered":"https:\/\/www.unavets.com\/neptuno\/?page_id=20398"},"modified":"2024-10-29T08:15:49","modified_gmt":"2024-10-29T08:15:49","slug":"blog","status":"publish","type":"page","link":"https:\/\/www.unavets.com\/neptuno\/es\/blog\/","title":{"rendered":"Blog"},"content":{"rendered":"\t\t<div data-elementor-type=\"wp-page\" data-elementor-id=\"20398\" class=\"elementor elementor-20398\" data-elementor-post-type=\"page\">\n\t\t\t\t\t\t<section class=\"elementor-section elementor-top-section elementor-element elementor-element-bb48843 elementor-section-boxed elementor-section-height-default elementor-section-height-default\" data-id=\"bb48843\" data-element_type=\"section\" data-e-type=\"section\">\n\t\t\t\t\t\t<div class=\"elementor-container elementor-column-gap-default\">\n\t\t\t\t\t<div class=\"elementor-column elementor-col-100 elementor-top-column elementor-element elementor-element-cead6d4\" data-id=\"cead6d4\" data-element_type=\"column\" data-e-type=\"column\">\n\t\t\t<div class=\"elementor-widget-wrap elementor-element-populated\">\n\t\t\t\t\t\t<div class=\"elementor-element elementor-element-54abb15 elementor-grid-3 elementor-grid-tablet-2 elementor-grid-mobile-1 elementor-posts--thumbnail-top elementor-card-shadow-yes elementor-posts__hover-gradient load-more-align-center elementor-widget elementor-widget-posts\" data-id=\"54abb15\" data-element_type=\"widget\" data-e-type=\"widget\" data-settings=\"{&quot;pagination_type&quot;:&quot;load_more_on_click&quot;,&quot;cards_columns&quot;:&quot;3&quot;,&quot;cards_columns_tablet&quot;:&quot;2&quot;,&quot;cards_columns_mobile&quot;:&quot;1&quot;,&quot;cards_row_gap&quot;:{&quot;unit&quot;:&quot;px&quot;,&quot;size&quot;:35,&quot;sizes&quot;:[]},&quot;cards_row_gap_tablet&quot;:{&quot;unit&quot;:&quot;px&quot;,&quot;size&quot;:&quot;&quot;,&quot;sizes&quot;:[]},&quot;cards_row_gap_mobile&quot;:{&quot;unit&quot;:&quot;px&quot;,&quot;size&quot;:&quot;&quot;,&quot;sizes&quot;:[]},&quot;load_more_spinner&quot;:{&quot;value&quot;:&quot;fas fa-spinner&quot;,&quot;library&quot;:&quot;fa-solid&quot;}}\" data-widget_type=\"posts.cards\">\n\t\t\t\t<div class=\"elementor-widget-container\">\n\t\t\t\t\t\t\t<div class=\"elementor-posts-container elementor-posts elementor-posts--skin-cards elementor-grid\" role=\"list\">\n\t\t\t\t<article class=\"elementor-post elementor-grid-item post-7788 post type-post status-publish format-standard has-post-thumbnail hentry category-noticias\" role=\"listitem\">\n\t\t\t<div class=\"elementor-post__card\">\n\t\t\t\t<div class=\"elementor-post__text\">\n\t\t\t\t<h2 class=\"elementor-post__title\">\n\t\t\t<a href=\"https:\/\/www.unavets.com\/neptuno\/es\/2023\/03\/31\/leishmaniosis-canina-sintomas-contagio\/\" >\n\t\t\t\tLeishmaniosis canina. Todo lo que debes saber\t\t\t<\/a>\n\t\t<\/h2>\n\t\t\t\t<div class=\"elementor-post__excerpt\">\n\t\t\t<p>La leishmaniosis canina es una enfermedad parasitaria que puede ser potencialmente mortal para los perros. Esta enfermedad es causada por un par\u00e1sito llamado Leishmania y<\/p>\n\t\t<\/div>\n\t\t\t\t\t<div class=\"elementor-post__read-more-wrapper\">\n\t\t\n\t\t<a class=\"elementor-post__read-more\" href=\"https:\/\/www.unavets.com\/neptuno\/es\/2023\/03\/31\/leishmaniosis-canina-sintomas-contagio\/\" aria-label=\"M\u00e1s informaci\u00f3n sobre Leishmaniosis canina. Todo lo que debes saber\" tabindex=\"-1\" >\n\t\t\tLeer m\u00e1s \u00bb\t\t<\/a>\n\n\t\t\t\t\t<\/div>\n\t\t\t\t<\/div>\n\t\t\t\t<div class=\"elementor-post__meta-data\">\n\t\t\t\t\t<span class=\"elementor-post-date\">\n\t\t\tmarzo 31, 2023\t\t<\/span>\n\t\t\t\t<span class=\"elementor-post-avatar\">\n\t\t\tNo hay comentarios\t\t<\/span>\n\t\t\t\t<\/div>\n\t\t\t\t\t<\/div>\n\t\t<\/article>\n\t\t\t\t<article class=\"elementor-post elementor-grid-item post-7393 post type-post status-publish format-standard has-post-thumbnail hentry category-cuidados-mascotas category-enfermedades-gatos category-noticias\" role=\"listitem\">\n\t\t\t<div class=\"elementor-post__card\">\n\t\t\t\t<div class=\"elementor-post__text\">\n\t\t\t\t<h2 class=\"elementor-post__title\">\n\t\t\t<a href=\"https:\/\/www.unavets.com\/neptuno\/es\/2023\/02\/08\/lipidosis-hepatica-felina-sintomas-tratamiento\/\" >\n\t\t\t\tLipidosis hep\u00e1tica felina. Todo lo que debes saber\t\t\t<\/a>\n\t\t<\/h2>\n\t\t\t\t<div class=\"elementor-post__excerpt\">\n\t\t\t<p>La lipidosis hep\u00e1tica felina es una enfermedad grave del h\u00edgado que puede ser fatal si no se detecta y trata a tiempo. Es importante estar<\/p>\n\t\t<\/div>\n\t\t\t\t\t<div class=\"elementor-post__read-more-wrapper\">\n\t\t\n\t\t<a class=\"elementor-post__read-more\" href=\"https:\/\/www.unavets.com\/neptuno\/es\/2023\/02\/08\/lipidosis-hepatica-felina-sintomas-tratamiento\/\" aria-label=\"M\u00e1s informaci\u00f3n sobre Lipidosis hep\u00e1tica felina. Todo lo que debes saber\" tabindex=\"-1\" >\n\t\t\tLeer m\u00e1s \u00bb\t\t<\/a>\n\n\t\t\t\t\t<\/div>\n\t\t\t\t<\/div>\n\t\t\t\t<div class=\"elementor-post__meta-data\">\n\t\t\t\t\t<span class=\"elementor-post-date\">\n\t\t\tfebrero 8, 2023\t\t<\/span>\n\t\t\t\t<span class=\"elementor-post-avatar\">\n\t\t\tNo hay comentarios\t\t<\/span>\n\t\t\t\t<\/div>\n\t\t\t\t\t<\/div>\n\t\t<\/article>\n\t\t\t\t<article class=\"elementor-post elementor-grid-item post-7385 post type-post status-publish format-standard has-post-thumbnail hentry category-cuidados-mascotas category-noticias\" role=\"listitem\">\n\t\t\t<div class=\"elementor-post__card\">\n\t\t\t\t<div class=\"elementor-post__text\">\n\t\t\t\t<h2 class=\"elementor-post__title\">\n\t\t\t<a href=\"https:\/\/www.unavets.com\/neptuno\/es\/2023\/01\/05\/esterilizar-mascota-todo-debes-saber\/\" >\n\t\t\t\t\u00bfSabes por qu\u00e9 es importante esterilizar a tu mascota?\t\t\t<\/a>\n\t\t<\/h2>\n\t\t\t\t<div class=\"elementor-post__excerpt\">\n\t\t\t<p>Si has pensado en esterilizar a tu mascota, vas por el buen camino. Afortunadamente cada vez m\u00e1s due\u00f1os de animales de compa\u00f1\u00eda toman la decisi\u00f3n<\/p>\n\t\t<\/div>\n\t\t\t\t\t<div class=\"elementor-post__read-more-wrapper\">\n\t\t\n\t\t<a class=\"elementor-post__read-more\" href=\"https:\/\/www.unavets.com\/neptuno\/es\/2023\/01\/05\/esterilizar-mascota-todo-debes-saber\/\" aria-label=\"M\u00e1s informaci\u00f3n sobre \u00bfSabes por qu\u00e9 es importante esterilizar a tu mascota?\" tabindex=\"-1\" >\n\t\t\tLeer m\u00e1s \u00bb\t\t<\/a>\n\n\t\t\t\t\t<\/div>\n\t\t\t\t<\/div>\n\t\t\t\t<div class=\"elementor-post__meta-data\">\n\t\t\t\t\t<span class=\"elementor-post-date\">\n\t\t\tenero 5, 2023\t\t<\/span>\n\t\t\t\t<span class=\"elementor-post-avatar\">\n\t\t\tNo hay comentarios\t\t<\/span>\n\t\t\t\t<\/div>\n\t\t\t\t\t<\/div>\n\t\t<\/article>\n\t\t\t\t<article class=\"elementor-post elementor-grid-item post-7381 post type-post status-publish format-standard has-post-thumbnail hentry category-noticias\" role=\"listitem\">\n\t\t\t<div class=\"elementor-post__card\">\n\t\t\t\t<div class=\"elementor-post__text\">\n\t\t\t\t<h2 class=\"elementor-post__title\">\n\t\t\t<a href=\"https:\/\/www.unavets.com\/neptuno\/es\/2022\/12\/12\/feliz-navidad-para-tu-mascota-y-para-ti\/\" >\n\t\t\t\tFeliz navidad para tu mascota y para ti\t\t\t<\/a>\n\t\t<\/h2>\n\t\t\t\t<div class=\"elementor-post__excerpt\">\n\t\t\t<p>Ahora que las celebraciones navide\u00f1as se acercan, queremos recordar contigo cada instante en que pudimos ofrecerte nuestros servicios y esperamos haberte dado nuestra mejor atenci\u00f3n,<\/p>\n\t\t<\/div>\n\t\t\t\t\t<div class=\"elementor-post__read-more-wrapper\">\n\t\t\n\t\t<a class=\"elementor-post__read-more\" href=\"https:\/\/www.unavets.com\/neptuno\/es\/2022\/12\/12\/feliz-navidad-para-tu-mascota-y-para-ti\/\" aria-label=\"M\u00e1s informaci\u00f3n sobre Feliz navidad para tu mascota y para ti\" tabindex=\"-1\" >\n\t\t\tLeer m\u00e1s \u00bb\t\t<\/a>\n\n\t\t\t\t\t<\/div>\n\t\t\t\t<\/div>\n\t\t\t\t<div class=\"elementor-post__meta-data\">\n\t\t\t\t\t<span class=\"elementor-post-date\">\n\t\t\tdiciembre 12, 2022\t\t<\/span>\n\t\t\t\t<span class=\"elementor-post-avatar\">\n\t\t\tNo hay comentarios\t\t<\/span>\n\t\t\t\t<\/div>\n\t\t\t\t\t<\/div>\n\t\t<\/article>\n\t\t\t\t<article class=\"elementor-post elementor-grid-item post-7375 post type-post status-publish format-standard has-post-thumbnail hentry category-cuidados-mascotas category-noticias\" role=\"listitem\">\n\t\t\t<div class=\"elementor-post__card\">\n\t\t\t\t<div class=\"elementor-post__text\">\n\t\t\t\t<h2 class=\"elementor-post__title\">\n\t\t\t<a href=\"https:\/\/www.unavets.com\/neptuno\/es\/2022\/11\/07\/consejos-veterinarios-adopcion-responsable-mascotas\/\" >\n\t\t\t\tConsejos veterinarios para la adopci\u00f3n de perros y gatos\t\t\t<\/a>\n\t\t<\/h2>\n\t\t\t\t<div class=\"elementor-post__excerpt\">\n\t\t\t<p>Cuando nos decidimos por la adopci\u00f3n de perros y gatos estamos realizando un acto sumamente noble que cambia enormemente tu vida y la del animal<\/p>\n\t\t<\/div>\n\t\t\t\t\t<div class=\"elementor-post__read-more-wrapper\">\n\t\t\n\t\t<a class=\"elementor-post__read-more\" href=\"https:\/\/www.unavets.com\/neptuno\/es\/2022\/11\/07\/consejos-veterinarios-adopcion-responsable-mascotas\/\" aria-label=\"M\u00e1s informaci\u00f3n sobre Consejos veterinarios para la adopci\u00f3n de perros y gatos\" tabindex=\"-1\" >\n\t\t\tLeer m\u00e1s \u00bb\t\t<\/a>\n\n\t\t\t\t\t<\/div>\n\t\t\t\t<\/div>\n\t\t\t\t<div class=\"elementor-post__meta-data\">\n\t\t\t\t\t<span class=\"elementor-post-date\">\n\t\t\tnoviembre 7, 2022\t\t<\/span>\n\t\t\t\t<span class=\"elementor-post-avatar\">\n\t\t\tNo hay comentarios\t\t<\/span>\n\t\t\t\t<\/div>\n\t\t\t\t\t<\/div>\n\t\t<\/article>\n\t\t\t\t<article class=\"elementor-post elementor-grid-item post-7369 post type-post status-publish format-standard has-post-thumbnail hentry category-cuidados-mascotas category-enfermedades-gatos category-noticias\" role=\"listitem\">\n\t\t\t<div class=\"elementor-post__card\">\n\t\t\t\t<div class=\"elementor-post__text\">\n\t\t\t\t<h2 class=\"elementor-post__title\">\n\t\t\t<a href=\"https:\/\/www.unavets.com\/neptuno\/es\/2022\/10\/05\/cancer-mama-gatas\/\" >\n\t\t\t\tC\u00e1ncer de mama en gatas\t\t\t<\/a>\n\t\t<\/h2>\n\t\t\t\t<div class=\"elementor-post__excerpt\">\n\t\t\t<p>El c\u00e1ncer de mama en gatas es una de las enfermedades m\u00e1s frecuentes en las felinas que no han sido esterilizadas, precedida \u00fanicamente por el<\/p>\n\t\t<\/div>\n\t\t\t\t\t<div class=\"elementor-post__read-more-wrapper\">\n\t\t\n\t\t<a class=\"elementor-post__read-more\" href=\"https:\/\/www.unavets.com\/neptuno\/es\/2022\/10\/05\/cancer-mama-gatas\/\" aria-label=\"M\u00e1s informaci\u00f3n sobre C\u00e1ncer de mama en gatas\" tabindex=\"-1\" >\n\t\t\tLeer m\u00e1s \u00bb\t\t<\/a>\n\n\t\t\t\t\t<\/div>\n\t\t\t\t<\/div>\n\t\t\t\t<div class=\"elementor-post__meta-data\">\n\t\t\t\t\t<span class=\"elementor-post-date\">\n\t\t\toctubre 5, 2022\t\t<\/span>\n\t\t\t\t<span class=\"elementor-post-avatar\">\n\t\t\tNo hay comentarios\t\t<\/span>\n\t\t\t\t<\/div>\n\t\t\t\t\t<\/div>\n\t\t<\/article>\n\t\t\t\t<article class=\"elementor-post elementor-grid-item post-7351 post type-post status-publish format-standard has-post-thumbnail hentry category-cuidados-mascotas category-noticias\" role=\"listitem\">\n\t\t\t<div class=\"elementor-post__card\">\n\t\t\t\t<div class=\"elementor-post__text\">\n\t\t\t\t<h2 class=\"elementor-post__title\">\n\t\t\t<a href=\"https:\/\/www.unavets.com\/neptuno\/es\/2022\/07\/05\/golpe-calor-mascotas-sintomas-tratamiento\/\" >\n\t\t\t\tGolpe de calor, hipertermia animal, causas y tratamiento\t\t\t<\/a>\n\t\t<\/h2>\n\t\t\t\t<div class=\"elementor-post__excerpt\">\n\t\t\t<p>La hipertermia animal es una condici\u00f3n que com\u00fanmente se conoce como \u201cgolpe de calor\u201d y se produce cuando la temperatura corporal de un ser vivo<\/p>\n\t\t<\/div>\n\t\t\t\t\t<div class=\"elementor-post__read-more-wrapper\">\n\t\t\n\t\t<a class=\"elementor-post__read-more\" href=\"https:\/\/www.unavets.com\/neptuno\/es\/2022\/07\/05\/golpe-calor-mascotas-sintomas-tratamiento\/\" aria-label=\"M\u00e1s informaci\u00f3n sobre Golpe de calor, hipertermia animal, causas y tratamiento\" tabindex=\"-1\" >\n\t\t\tLeer m\u00e1s \u00bb\t\t<\/a>\n\n\t\t\t\t\t<\/div>\n\t\t\t\t<\/div>\n\t\t\t\t<div class=\"elementor-post__meta-data\">\n\t\t\t\t\t<span class=\"elementor-post-date\">\n\t\t\tjulio 5, 2022\t\t<\/span>\n\t\t\t\t<span class=\"elementor-post-avatar\">\n\t\t\tNo hay comentarios\t\t<\/span>\n\t\t\t\t<\/div>\n\t\t\t\t\t<\/div>\n\t\t<\/article>\n\t\t\t\t<article class=\"elementor-post elementor-grid-item post-7346 post type-post status-publish format-standard has-post-thumbnail hentry category-enfermedades-perros category-noticias\" role=\"listitem\">\n\t\t\t<div class=\"elementor-post__card\">\n\t\t\t\t<div class=\"elementor-post__text\">\n\t\t\t\t<h2 class=\"elementor-post__title\">\n\t\t\t<a href=\"https:\/\/www.unavets.com\/neptuno\/es\/2022\/06\/01\/otitis-perros-causas-sintomas-tratamiento\/\" >\n\t\t\t\tOtitis en perros. Causas, s\u00edntomas y tratamiento\t\t\t<\/a>\n\t\t<\/h2>\n\t\t\t\t<div class=\"elementor-post__excerpt\">\n\t\t\t<p>La otitis en perros es m\u00e1s com\u00fan de lo que se cree. Otitis es el nombre con el cual se denomina a la inflamaci\u00f3n del<\/p>\n\t\t<\/div>\n\t\t\t\t\t<div class=\"elementor-post__read-more-wrapper\">\n\t\t\n\t\t<a class=\"elementor-post__read-more\" href=\"https:\/\/www.unavets.com\/neptuno\/es\/2022\/06\/01\/otitis-perros-causas-sintomas-tratamiento\/\" aria-label=\"M\u00e1s informaci\u00f3n sobre Otitis en perros. Causas, s\u00edntomas y tratamiento\" tabindex=\"-1\" >\n\t\t\tLeer m\u00e1s \u00bb\t\t<\/a>\n\n\t\t\t\t\t<\/div>\n\t\t\t\t<\/div>\n\t\t\t\t<div class=\"elementor-post__meta-data\">\n\t\t\t\t\t<span class=\"elementor-post-date\">\n\t\t\tjunio 1, 2022\t\t<\/span>\n\t\t\t\t<span class=\"elementor-post-avatar\">\n\t\t\tNo hay comentarios\t\t<\/span>\n\t\t\t\t<\/div>\n\t\t\t\t\t<\/div>\n\t\t<\/article>\n\t\t\t\t<article class=\"elementor-post elementor-grid-item post-7341 post type-post status-publish format-standard has-post-thumbnail hentry category-cuidados-mascotas category-noticias\" role=\"listitem\">\n\t\t\t<div class=\"elementor-post__card\">\n\t\t\t\t<div class=\"elementor-post__text\">\n\t\t\t\t<h2 class=\"elementor-post__title\">\n\t\t\t<a href=\"https:\/\/www.unavets.com\/neptuno\/es\/2022\/05\/06\/anzuelos-peligros-mascotas\/\" >\n\t\t\t\tAnzuelos: un peligro para las mascotas de tu hogar\t\t\t<\/a>\n\t\t<\/h2>\n\t\t\t\t<div class=\"elementor-post__excerpt\">\n\t\t\t<p>Los anzuelos son un peligro para las mascotas, debido a que son peque\u00f1os objetos coloridos que pueden resultar muy atractivos para ellas. Son especialmente peligrosas<\/p>\n\t\t<\/div>\n\t\t\t\t\t<div class=\"elementor-post__read-more-wrapper\">\n\t\t\n\t\t<a class=\"elementor-post__read-more\" href=\"https:\/\/www.unavets.com\/neptuno\/es\/2022\/05\/06\/anzuelos-peligros-mascotas\/\" aria-label=\"M\u00e1s informaci\u00f3n sobre Anzuelos: un peligro para las mascotas de tu hogar\" tabindex=\"-1\" >\n\t\t\tLeer m\u00e1s \u00bb\t\t<\/a>\n\n\t\t\t\t\t<\/div>\n\t\t\t\t<\/div>\n\t\t\t\t<div class=\"elementor-post__meta-data\">\n\t\t\t\t\t<span class=\"elementor-post-date\">\n\t\t\tmayo 6, 2022\t\t<\/span>\n\t\t\t\t<span class=\"elementor-post-avatar\">\n\t\t\tNo hay comentarios\t\t<\/span>\n\t\t\t\t<\/div>\n\t\t\t\t\t<\/div>\n\t\t<\/article>\n\t\t\t\t<\/div>\n\t\t\t\t\t<span class=\"e-load-more-spinner\">\n\t\t\t\t<i aria-hidden=\"true\" class=\"fas fa-spinner\"><\/i>\t\t\t<\/span>\n\t\t\n\t\t\t\t<div class=\"e-load-more-anchor\" data-page=\"1\" data-max-page=\"4\" data-next-page=\"https:\/\/www.unavets.com\/neptuno\/es\/wp-json\/wp\/v2\/pages\/20398\/page\/2\/\"><\/div>\n\t\t\t\t<div class=\"elementor-button-wrapper\">\n\t\t\t<a class=\"elementor-button elementor-size-sm\" role=\"button\">\n\t\t\t\t\t\t<span class=\"elementor-button-content-wrapper\">\n\t\t\t\t\t\t\t\t\t<span class=\"elementor-button-text\">Cargar m\u00e1s<\/span>\n\t\t\t\t\t<\/span>\n\t\t\t\t\t<\/a>\n\t\t<\/div>\n\t\t\t\t<div class=\"e-load-more-message\"><\/div>\n\t\t\t\t\t\t<\/div>\n\t\t\t\t<\/div>\n\t\t\t\t\t<\/div>\n\t\t<\/div>\n\t\t\t\t\t<\/div>\n\t\t<\/section>\n\t\t\t\t<\/div>\n\t\t","protected":false},"excerpt":{"rendered":"","protected":false},"author":43,"featured_media":0,"parent":0,"menu_order":0,"comment_status":"closed","ping_status":"closed","template":"page-fullwidth.php","meta":{"_acf_changed":false,"content-type":"","footnotes":""},"class_list":["post-20398","page","type-page","status-publish","hentry"],"acf":[],"_links":{"self":[{"href":"https:\/\/www.unavets.com\/neptuno\/es\/wp-json\/wp\/v2\/pages\/20398","targetHints":{"allow":["GET"]}}],"collection":[{"href":"https:\/\/www.unavets.com\/neptuno\/es\/wp-json\/wp\/v2\/pages"}],"about":[{"href":"https:\/\/www.unavets.com\/neptuno\/es\/wp-json\/wp\/v2\/types\/page"}],"author":[{"embeddable":true,"href":"https:\/\/www.unavets.com\/neptuno\/es\/wp-json\/wp\/v2\/users\/43"}],"replies":[{"embeddable":true,"href":"https:\/\/www.unavets.com\/neptuno\/es\/wp-json\/wp\/v2\/comments?post=20398"}],"version-history":[{"count":10,"href":"https:\/\/www.unavets.com\/neptuno\/es\/wp-json\/wp\/v2\/pages\/20398\/revisions"}],"predecessor-version":[{"id":20463,"href":"https:\/\/www.unavets.com\/neptuno\/es\/wp-json\/wp\/v2\/pages\/20398\/revisions\/20463"}],"wp:attachment":[{"href":"https:\/\/www.unavets.com\/neptuno\/es\/wp-json\/wp\/v2\/media?parent=20398"}],"curies":[{"name":"wp","href":"https:\/\/api.w.org\/{rel}","templated":true}]}}