{"id":14607,"date":"2021-06-09T14:56:04","date_gmt":"2021-06-09T14:56:04","guid":{"rendered":"http:\/\/www.unavets.com\/neptuno\/?page_id=14607"},"modified":"2024-10-28T10:17:27","modified_gmt":"2024-10-28T10:17:27","slug":"medicina-felina","status":"publish","type":"page","link":"https:\/\/www.unavets.com\/neptuno\/es\/medicina-felina\/","title":{"rendered":"Medicina Felina"},"content":{"rendered":"\t\t<div data-elementor-type=\"wp-page\" data-elementor-id=\"14607\" class=\"elementor elementor-14607 elementor-14603\" data-elementor-post-type=\"page\">\n\t\t\t\t\t\t<section class=\"elementor-section elementor-top-section elementor-element elementor-element-d993722 elementor-section-boxed elementor-section-height-default elementor-section-height-default\" data-id=\"d993722\" data-element_type=\"section\" data-e-type=\"section\" id=\"main-sec\">\n\t\t\t\t\t\t<div class=\"elementor-container elementor-column-gap-default\">\n\t\t\t\t\t<div class=\"elementor-column elementor-col-100 elementor-top-column elementor-element elementor-element-2048e61\" data-id=\"2048e61\" data-element_type=\"column\" data-e-type=\"column\">\n\t\t\t<div class=\"elementor-widget-wrap elementor-element-populated\">\n\t\t\t\t\t\t<div class=\"elementor-element elementor-element-1d02c2d elementor-widget elementor-widget-text-editor\" data-id=\"1d02c2d\" data-element_type=\"widget\" data-e-type=\"widget\" data-widget_type=\"text-editor.default\">\n\t\t\t\t<div class=\"elementor-widget-container\">\n\t\t\t\t\t\t\t\t\t<h3><strong>Cl\u00ednica Felina<\/strong><\/h3><h4><strong>Que nuestros visitantes felinos est\u00e9n tranquilos y disfruten de un trato excelente es primordial para nosotros.<\/strong><\/h4><p>Por ello, en Neptuno, contamos con una sala de espera exclusiva para clientes con gatos. Un ambiente id\u00f3neo para hacer su visita lo m\u00e1s agradable posible y poder disfrutar del entorno.<\/p><p>Con una zona especialmente pensada para ellos, podr\u00e1n curiosear o descansar c\u00f3modamente antes de su cita y es que un gato feliz lo es todo para nuestro equipo.<\/p><p>Usamos protocolos de manejo enfocados a minimizar el estr\u00e9s del gato, con consulta y hospitalizaci\u00f3n independientes para evitar en todo momento su contacto con los perros.<\/p><p>Nuestro equipo de veterinarios y auxiliares cuenta con una amplia experiencia en el campo de la medicina felina.<\/p><p>El gato es un animal muy diferente del perro, su comportamiento, manejo e incluso sus enfermedades son totalmente distintas a las de los perros, es por ello que en el Centro Veterinario Neptuno, Valladolid disponemos de instalaciones dise\u00f1adas espec\u00edficamente para los gatos, sala de espera, consulta y hospitalizaciones exclusivas para ellos.<\/p><p>Centro Veterinario Neptuno cuenta con veterinarios y auxiliares con formaci\u00f3n espec\u00edfica en medicina felina, que adoran a los gatos y saben c\u00f3mo manejarlos y tratarlos.<\/p>\t\t\t\t\t\t\t\t<\/div>\n\t\t\t\t<\/div>\n\t\t\t\t<div class=\"elementor-element elementor-element-4de1951 elementor-align-center elementor-widget elementor-widget-button\" data-id=\"4de1951\" data-element_type=\"widget\" data-e-type=\"widget\" data-widget_type=\"button.default\">\n\t\t\t\t<div class=\"elementor-widget-container\">\n\t\t\t\t\t\t\t\t\t<div class=\"elementor-button-wrapper\">\n\t\t\t\t\t<a class=\"elementor-button elementor-button-link elementor-size-md\" href=\"tel:+34%20983%20341%20767\">\n\t\t\t\t\t\t<span class=\"elementor-button-content-wrapper\">\n\t\t\t\t\t\t<span class=\"elementor-button-icon\">\n\t\t\t\t<i aria-hidden=\"true\" class=\"far fa-calendar-alt\"><\/i>\t\t\t<\/span>\n\t\t\t\t\t\t\t\t\t<span class=\"elementor-button-text\">Pide Cita<\/span>\n\t\t\t\t\t<\/span>\n\t\t\t\t\t<\/a>\n\t\t\t\t<\/div>\n\t\t\t\t\t\t\t\t<\/div>\n\t\t\t\t<\/div>\n\t\t\t\t<div class=\"elementor-element elementor-element-dc7c821 elementor-widget elementor-widget-image\" data-id=\"dc7c821\" data-element_type=\"widget\" data-e-type=\"widget\" data-widget_type=\"image.default\">\n\t\t\t\t<div class=\"elementor-widget-container\">\n\t\t\t\t\t\t\t\t\t\t\t\t\t\t\t<img fetchpriority=\"high\" width=\"724\" height=\"483\" class=\"attachment-medium_large size-medium_large wp-image-19682 lazy\" alt=\"\" data-src=\"https:\/\/www.unavets.com\/neptuno\/wp-content\/uploads\/sites\/40\/2023\/10\/Unavets-Valladolid-61-2-768x512.jpg\" data-lazy=\"https:\/\/www.unavets.com\/neptuno\/wp-content\/uploads\/sites\/40\/2023\/10\/Unavets-Valladolid-61-2-768x512.jpg\" \/>\t\t\t\t\t\t\t\t\t\t\t\t\t\t\t<\/div>\n\t\t\t\t<\/div>\n\t\t\t\t\t<\/div>\n\t\t<\/div>\n\t\t\t\t\t<\/div>\n\t\t<\/section>\n\t\t\t\t<\/div>\n\t\t","protected":false},"excerpt":{"rendered":"<p>Cl\u00ednica Felina Que nuestros visitantes felinos est\u00e9n tranquilos y disfruten de un trato excelente es primordial para nosotros. Por ello, en Neptuno, contamos con una sala de espera exclusiva para clientes con gatos. Un ambiente id\u00f3neo para hacer su visita lo m\u00e1s agradable posible y poder disfrutar del entorno. Con una zona especialmente pensada para &hellip; <\/p>\n","protected":false},"author":8,"featured_media":0,"parent":0,"menu_order":0,"comment_status":"closed","ping_status":"closed","template":"page-fullwidth.php","meta":{"_acf_changed":false,"content-type":"","footnotes":""},"class_list":["post-14607","page","type-page","status-publish","hentry"],"acf":[],"_links":{"self":[{"href":"https:\/\/www.unavets.com\/neptuno\/es\/wp-json\/wp\/v2\/pages\/14607","targetHints":{"allow":["GET"]}}],"collection":[{"href":"https:\/\/www.unavets.com\/neptuno\/es\/wp-json\/wp\/v2\/pages"}],"about":[{"href":"https:\/\/www.unavets.com\/neptuno\/es\/wp-json\/wp\/v2\/types\/page"}],"author":[{"embeddable":true,"href":"https:\/\/www.unavets.com\/neptuno\/es\/wp-json\/wp\/v2\/users\/8"}],"replies":[{"embeddable":true,"href":"https:\/\/www.unavets.com\/neptuno\/es\/wp-json\/wp\/v2\/comments?post=14607"}],"version-history":[{"count":10,"href":"https:\/\/www.unavets.com\/neptuno\/es\/wp-json\/wp\/v2\/pages\/14607\/revisions"}],"predecessor-version":[{"id":20299,"href":"https:\/\/www.unavets.com\/neptuno\/es\/wp-json\/wp\/v2\/pages\/14607\/revisions\/20299"}],"wp:attachment":[{"href":"https:\/\/www.unavets.com\/neptuno\/es\/wp-json\/wp\/v2\/media?parent=14607"}],"curies":[{"name":"wp","href":"https:\/\/api.w.org\/{rel}","templated":true}]}}