{"id":12997,"date":"2021-01-04T08:19:34","date_gmt":"2021-01-04T08:19:34","guid":{"rendered":"http:\/\/www.unavets.com\/neptuno\/?page_id=12997"},"modified":"2026-04-21T11:47:13","modified_gmt":"2026-04-21T11:47:13","slug":"quienes-somos","status":"publish","type":"page","link":"https:\/\/www.unavets.com\/neptuno\/es\/quienes-somos\/","title":{"rendered":"Qui\u00e9nes Somos"},"content":{"rendered":"\t\t<div data-elementor-type=\"wp-page\" data-elementor-id=\"12997\" class=\"elementor elementor-12997 elementor-268\" data-elementor-post-type=\"page\">\n\t\t\t\t\t\t<section class=\"elementor-section elementor-top-section elementor-element elementor-element-54cf215 pad-top-0 elementor-section-boxed elementor-section-height-default elementor-section-height-default\" data-id=\"54cf215\" data-element_type=\"section\" data-e-type=\"section\" id=\"main-sec\" data-settings=\"{&quot;background_background&quot;:&quot;classic&quot;}\">\n\t\t\t\t\t\t<div class=\"elementor-container elementor-column-gap-default\">\n\t\t\t\t\t<div class=\"elementor-column elementor-col-100 elementor-top-column elementor-element elementor-element-d926441\" data-id=\"d926441\" data-element_type=\"column\" data-e-type=\"column\">\n\t\t\t<div class=\"elementor-widget-wrap elementor-element-populated\">\n\t\t\t\t\t\t<div class=\"elementor-element elementor-element-9725bcd elementor-widget elementor-widget-section_titleleft\" data-id=\"9725bcd\" data-element_type=\"widget\" data-e-type=\"widget\" data-widget_type=\"section_titleleft.default\">\n\t\t\t\t<div class=\"elementor-widget-container\">\n\t\t\t\t\t        <div class=\"ab_text-title fl-wrap\">\n            <h3>Cl\u00ednica Veterinaria con especializaci\u00f3n en oncolog\u00eda<\/h3>D\u00eda a d\u00eda nos formamos en nuevas formas de tratamiento y trabajamos en nuestras instalaciones para ofrecer la mejor atenci\u00f3n a tu mascota.<span class=\"section-separator fl-sec-sep\"><\/span>        <\/div>\n        \t\t\t\t<\/div>\n\t\t\t\t<\/div>\n\t\t\t\t<section class=\"elementor-section elementor-inner-section elementor-element elementor-element-35814f4 elementor-section-full_width elementor-section-height-default elementor-section-height-default\" data-id=\"35814f4\" data-element_type=\"section\" data-e-type=\"section\">\n\t\t\t\t\t\t<div class=\"elementor-container elementor-column-gap-wide\">\n\t\t\t\t\t<div class=\"elementor-column elementor-col-50 elementor-inner-column elementor-element elementor-element-7fa3f34\" data-id=\"7fa3f34\" data-element_type=\"column\" data-e-type=\"column\">\n\t\t\t<div class=\"elementor-widget-wrap elementor-element-populated\">\n\t\t\t\t\t\t<div class=\"elementor-element elementor-element-9e79898 elementor-widget elementor-widget-image\" data-id=\"9e79898\" data-element_type=\"widget\" data-e-type=\"widget\" data-widget_type=\"image.default\">\n\t\t\t\t<div class=\"elementor-widget-container\">\n\t\t\t\t\t\t\t\t\t\t\t\t\t\t\t<img fetchpriority=\"high\" width=\"815\" height=\"544\" class=\"attachment-full size-full wp-image-19666 lazy\" alt=\"\" data-src=\"https:\/\/www.unavets.com\/neptuno\/wp-content\/uploads\/sites\/40\/2023\/10\/Unavets-Valladolid-36.jpg\" data-lazy=\"https:\/\/www.unavets.com\/neptuno\/wp-content\/uploads\/sites\/40\/2023\/10\/Unavets-Valladolid-36.jpg\" \/>\t\t\t\t\t\t\t\t\t\t\t\t\t\t\t<\/div>\n\t\t\t\t<\/div>\n\t\t\t\t\t<\/div>\n\t\t<\/div>\n\t\t\t\t<div class=\"elementor-column elementor-col-50 elementor-inner-column elementor-element elementor-element-202374d\" data-id=\"202374d\" data-element_type=\"column\" data-e-type=\"column\">\n\t\t\t<div class=\"elementor-widget-wrap elementor-element-populated\">\n\t\t\t\t\t\t<div class=\"elementor-element elementor-element-2077247 about-wrap elementor-widget elementor-widget-text-editor\" data-id=\"2077247\" data-element_type=\"widget\" data-e-type=\"widget\" data-widget_type=\"text-editor.default\">\n\t\t\t\t<div class=\"elementor-widget-container\">\n\t\t\t\t\t\t\t\t\t<p>El Centro Veterinario Neptuno se inaugur\u00f3 en 2007 y r\u00e1pidamente gan\u00f3 popularidad. En 2017, nos mudamos a un nuevo local en la misma calle para poder atender a m\u00e1s clientes. Las nuevas instalaciones son m\u00e1s espaciosas y modernas.<\/p><p><strong>Nuestro centro ha sido seleccionado por el Ayuntamiento de Valladolid para llevar a cabo un programa piloto de control de colonias felinas y esterilizaci\u00f3n de los animales que se encuentran en la perrera municipal de Valladolid.<\/strong><\/p><p>Adem\u00e1s, colaboramos con asociaciones y protectoras que, de forma altruista, dedican todos sus recursos para mejorar su calidad de vida ofreci\u00e9ndoles nuestros servicios m\u00e9dicos.\u00a0Rodrigo, Director Cl\u00ednico de Neptuno participa dando consejos sobre la salud de nuestras mascotas en el programa de Television de Castilla y Leon \u201cVamos a ver\u201d.<\/p><p>\u00a0<\/p>\t\t\t\t\t\t\t\t<\/div>\n\t\t\t\t<\/div>\n\t\t\t\t\t<\/div>\n\t\t<\/div>\n\t\t\t\t\t<\/div>\n\t\t<\/section>\n\t\t\t\t<section class=\"elementor-section elementor-inner-section elementor-element elementor-element-31d68ae elementor-section-boxed elementor-section-height-default elementor-section-height-default\" data-id=\"31d68ae\" data-element_type=\"section\" data-e-type=\"section\">\n\t\t\t\t\t\t<div class=\"elementor-container elementor-column-gap-default\">\n\t\t\t\t\t<div class=\"elementor-column elementor-col-50 elementor-inner-column elementor-element elementor-element-8ddd41b\" data-id=\"8ddd41b\" data-element_type=\"column\" data-e-type=\"column\">\n\t\t\t<div class=\"elementor-widget-wrap elementor-element-populated\">\n\t\t\t\t\t\t<div class=\"elementor-element elementor-element-c87b63e elementor-align-center elementor-widget elementor-widget-button\" data-id=\"c87b63e\" data-element_type=\"widget\" data-e-type=\"widget\" data-widget_type=\"button.default\">\n\t\t\t\t<div class=\"elementor-widget-container\">\n\t\t\t\t\t\t\t\t\t<div class=\"elementor-button-wrapper\">\n\t\t\t\t\t<a class=\"elementor-button elementor-button-link elementor-size-sm\" href=\"https:\/\/www.unavets.com\/neptuno\/es\/instalaciones\/\">\n\t\t\t\t\t\t<span class=\"elementor-button-content-wrapper\">\n\t\t\t\t\t\t\t\t\t<span class=\"elementor-button-text\">Instalaciones<\/span>\n\t\t\t\t\t<\/span>\n\t\t\t\t\t<\/a>\n\t\t\t\t<\/div>\n\t\t\t\t\t\t\t\t<\/div>\n\t\t\t\t<\/div>\n\t\t\t\t\t<\/div>\n\t\t<\/div>\n\t\t\t\t<div class=\"elementor-column elementor-col-50 elementor-inner-column elementor-element elementor-element-d044a7e\" data-id=\"d044a7e\" data-element_type=\"column\" data-e-type=\"column\">\n\t\t\t<div class=\"elementor-widget-wrap elementor-element-populated\">\n\t\t\t\t\t\t<div class=\"elementor-element elementor-element-75ee515 elementor-align-center elementor-widget elementor-widget-button\" data-id=\"75ee515\" data-element_type=\"widget\" data-e-type=\"widget\" data-widget_type=\"button.default\">\n\t\t\t\t<div class=\"elementor-widget-container\">\n\t\t\t\t\t\t\t\t\t<div class=\"elementor-button-wrapper\">\n\t\t\t\t\t<a class=\"elementor-button elementor-button-link elementor-size-sm\" href=\"https:\/\/www.unavets.com\/neptuno\/es\/nuestro-equipo\/\">\n\t\t\t\t\t\t<span class=\"elementor-button-content-wrapper\">\n\t\t\t\t\t\t\t\t\t<span class=\"elementor-button-text\">Equipo<\/span>\n\t\t\t\t\t<\/span>\n\t\t\t\t\t<\/a>\n\t\t\t\t<\/div>\n\t\t\t\t\t\t\t\t<\/div>\n\t\t\t\t<\/div>\n\t\t\t\t\t<\/div>\n\t\t<\/div>\n\t\t\t\t\t<\/div>\n\t\t<\/section>\n\t\t\t\t\t<\/div>\n\t\t<\/div>\n\t\t\t\t\t<\/div>\n\t\t<\/section>\n\t\t\t\t<section class=\"elementor-section elementor-top-section elementor-element elementor-element-38295de elementor-section-boxed elementor-section-height-default elementor-section-height-default\" data-id=\"38295de\" data-element_type=\"section\" data-e-type=\"section\">\n\t\t\t\t\t\t<div class=\"elementor-container elementor-column-gap-default\">\n\t\t\t\t\t<div class=\"elementor-column elementor-col-100 elementor-top-column elementor-element elementor-element-c3d38f1\" data-id=\"c3d38f1\" data-element_type=\"column\" data-e-type=\"column\">\n\t\t\t<div class=\"elementor-widget-wrap elementor-element-populated\">\n\t\t\t\t\t\t<div class=\"elementor-element elementor-element-d803770 elementor-widget elementor-widget-gallery\" data-id=\"d803770\" data-element_type=\"widget\" data-e-type=\"widget\" data-settings=\"{&quot;columns&quot;:&quot;3&quot;,&quot;aspect_ratio&quot;:&quot;1:1&quot;,&quot;lazyload&quot;:&quot;yes&quot;,&quot;gallery_layout&quot;:&quot;grid&quot;,&quot;columns_tablet&quot;:2,&quot;columns_mobile&quot;:1,&quot;gap&quot;:{&quot;unit&quot;:&quot;px&quot;,&quot;size&quot;:10,&quot;sizes&quot;:[]},&quot;gap_tablet&quot;:{&quot;unit&quot;:&quot;px&quot;,&quot;size&quot;:10,&quot;sizes&quot;:[]},&quot;gap_mobile&quot;:{&quot;unit&quot;:&quot;px&quot;,&quot;size&quot;:10,&quot;sizes&quot;:[]},&quot;link_to&quot;:&quot;file&quot;,&quot;overlay_background&quot;:&quot;yes&quot;,&quot;content_hover_animation&quot;:&quot;fade-in&quot;}\" data-widget_type=\"gallery.default\">\n\t\t\t\t<div class=\"elementor-widget-container\">\n\t\t\t\t\t\t\t<div class=\"elementor-gallery__container\">\n\t\t\t\t\t\t\t<a class=\"e-gallery-item elementor-gallery-item elementor-animated-content\" href=\"https:\/\/www.unavets.com\/neptuno\/wp-content\/uploads\/sites\/40\/2023\/10\/Unavets-Valladolid-61-1.jpg\" data-elementor-open-lightbox=\"yes\" data-elementor-lightbox-slideshow=\"d803770\" data-elementor-lightbox-title=\"Unavets Valladolid -61\" data-e-action-hash=\"#elementor-action%3Aaction%3Dlightbox%26settings%3DeyJpZCI6MTkzODEsInVybCI6Imh0dHBzOlwvXC93d3cudW5hdmV0cy5jb21cL25lcHR1bm9cL3dwLWNvbnRlbnRcL3VwbG9hZHNcL3NpdGVzXC80MFwvMjAyM1wvMTBcL1VuYXZldHMtVmFsbGFkb2xpZC02MS0xLmpwZyIsInNsaWRlc2hvdyI6ImQ4MDM3NzAifQ%3D%3D\">\n\t\t\t\t\t<div class=\"e-gallery-image elementor-gallery-item__image\" data-thumbnail=\"https:\/\/www.unavets.com\/neptuno\/wp-content\/uploads\/sites\/40\/2023\/10\/Unavets-Valladolid-61-1.jpg\" data-width=\"724\" data-height=\"483\" aria-label=\"\" role=\"img\" ><\/div>\n\t\t\t\t\t\t\t\t\t\t\t<div class=\"elementor-gallery-item__overlay\"><\/div>\n\t\t\t\t\t\t\t\t\t\t\t\t\t\t<\/a>\n\t\t\t\t\t\t\t<a class=\"e-gallery-item elementor-gallery-item elementor-animated-content\" href=\"https:\/\/www.unavets.com\/neptuno\/wp-content\/uploads\/sites\/40\/2023\/10\/ecografia-veterinaria-valladolid.jpg\" data-elementor-open-lightbox=\"yes\" data-elementor-lightbox-slideshow=\"d803770\" data-elementor-lightbox-title=\"ecografia-veterinaria-valladolid\" data-e-action-hash=\"#elementor-action%3Aaction%3Dlightbox%26settings%3DeyJpZCI6MTk2MjMsInVybCI6Imh0dHBzOlwvXC93d3cudW5hdmV0cy5jb21cL25lcHR1bm9cL3dwLWNvbnRlbnRcL3VwbG9hZHNcL3NpdGVzXC80MFwvMjAyM1wvMTBcL2Vjb2dyYWZpYS12ZXRlcmluYXJpYS12YWxsYWRvbGlkLmpwZyIsInNsaWRlc2hvdyI6ImQ4MDM3NzAifQ%3D%3D\">\n\t\t\t\t\t<div class=\"e-gallery-image elementor-gallery-item__image\" data-thumbnail=\"https:\/\/www.unavets.com\/neptuno\/wp-content\/uploads\/sites\/40\/2023\/10\/ecografia-veterinaria-valladolid.jpg\" data-width=\"275\" data-height=\"275\" aria-label=\"\" role=\"img\" ><\/div>\n\t\t\t\t\t\t\t\t\t\t\t<div class=\"elementor-gallery-item__overlay\"><\/div>\n\t\t\t\t\t\t\t\t\t\t\t\t\t\t<\/a>\n\t\t\t\t\t\t\t<a class=\"e-gallery-item elementor-gallery-item elementor-animated-content\" href=\"https:\/\/www.unavets.com\/neptuno\/wp-content\/uploads\/sites\/40\/2023\/10\/Unavets-Valladolid-8-1.jpg\" data-elementor-open-lightbox=\"yes\" data-elementor-lightbox-slideshow=\"d803770\" data-elementor-lightbox-title=\"Unavets Valladolid -8\" data-e-action-hash=\"#elementor-action%3Aaction%3Dlightbox%26settings%3DeyJpZCI6MTkzNzAsInVybCI6Imh0dHBzOlwvXC93d3cudW5hdmV0cy5jb21cL25lcHR1bm9cL3dwLWNvbnRlbnRcL3VwbG9hZHNcL3NpdGVzXC80MFwvMjAyM1wvMTBcL1VuYXZldHMtVmFsbGFkb2xpZC04LTEuanBnIiwic2xpZGVzaG93IjoiZDgwMzc3MCJ9\">\n\t\t\t\t\t<div class=\"e-gallery-image elementor-gallery-item__image\" data-thumbnail=\"https:\/\/www.unavets.com\/neptuno\/wp-content\/uploads\/sites\/40\/2023\/10\/Unavets-Valladolid-8-1.jpg\" data-width=\"724\" data-height=\"483\" aria-label=\"\" role=\"img\" ><\/div>\n\t\t\t\t\t\t\t\t\t\t\t<div class=\"elementor-gallery-item__overlay\"><\/div>\n\t\t\t\t\t\t\t\t\t\t\t\t\t\t<\/a>\n\t\t\t\t\t\t\t<a class=\"e-gallery-item elementor-gallery-item elementor-animated-content\" href=\"https:\/\/www.unavets.com\/neptuno\/wp-content\/uploads\/sites\/40\/2023\/10\/Unavets-Valladolid-18-1.jpg\" data-elementor-open-lightbox=\"yes\" data-elementor-lightbox-slideshow=\"d803770\" data-elementor-lightbox-title=\"Unavets Valladolid -18\" data-e-action-hash=\"#elementor-action%3Aaction%3Dlightbox%26settings%3DeyJpZCI6MTkzNzIsInVybCI6Imh0dHBzOlwvXC93d3cudW5hdmV0cy5jb21cL25lcHR1bm9cL3dwLWNvbnRlbnRcL3VwbG9hZHNcL3NpdGVzXC80MFwvMjAyM1wvMTBcL1VuYXZldHMtVmFsbGFkb2xpZC0xOC0xLmpwZyIsInNsaWRlc2hvdyI6ImQ4MDM3NzAifQ%3D%3D\">\n\t\t\t\t\t<div class=\"e-gallery-image elementor-gallery-item__image\" data-thumbnail=\"https:\/\/www.unavets.com\/neptuno\/wp-content\/uploads\/sites\/40\/2023\/10\/Unavets-Valladolid-18-1.jpg\" data-width=\"724\" data-height=\"483\" aria-label=\"\" role=\"img\" ><\/div>\n\t\t\t\t\t\t\t\t\t\t\t<div class=\"elementor-gallery-item__overlay\"><\/div>\n\t\t\t\t\t\t\t\t\t\t\t\t\t\t<\/a>\n\t\t\t\t\t\t\t<a class=\"e-gallery-item elementor-gallery-item elementor-animated-content\" href=\"https:\/\/www.unavets.com\/neptuno\/wp-content\/uploads\/sites\/40\/2023\/10\/Unavets-Valladolid-53-1.jpg\" data-elementor-open-lightbox=\"yes\" data-elementor-lightbox-slideshow=\"d803770\" data-elementor-lightbox-title=\"Unavets Valladolid -53\" data-e-action-hash=\"#elementor-action%3Aaction%3Dlightbox%26settings%3DeyJpZCI6MTkzNzQsInVybCI6Imh0dHBzOlwvXC93d3cudW5hdmV0cy5jb21cL25lcHR1bm9cL3dwLWNvbnRlbnRcL3VwbG9hZHNcL3NpdGVzXC80MFwvMjAyM1wvMTBcL1VuYXZldHMtVmFsbGFkb2xpZC01My0xLmpwZyIsInNsaWRlc2hvdyI6ImQ4MDM3NzAifQ%3D%3D\">\n\t\t\t\t\t<div class=\"e-gallery-image elementor-gallery-item__image\" data-thumbnail=\"https:\/\/www.unavets.com\/neptuno\/wp-content\/uploads\/sites\/40\/2023\/10\/Unavets-Valladolid-53-1.jpg\" data-width=\"724\" data-height=\"483\" aria-label=\"\" role=\"img\" ><\/div>\n\t\t\t\t\t\t\t\t\t\t\t<div class=\"elementor-gallery-item__overlay\"><\/div>\n\t\t\t\t\t\t\t\t\t\t\t\t\t\t<\/a>\n\t\t\t\t\t\t\t<a class=\"e-gallery-item elementor-gallery-item elementor-animated-content\" href=\"https:\/\/www.unavets.com\/neptuno\/wp-content\/uploads\/sites\/40\/2023\/10\/33299362572_15a6b91d10_z.jpg\" data-elementor-open-lightbox=\"yes\" data-elementor-lightbox-slideshow=\"d803770\" data-elementor-lightbox-title=\"33299362572_15a6b91d10_z\" data-e-action-hash=\"#elementor-action%3Aaction%3Dlightbox%26settings%3DeyJpZCI6MjAxMDgsInVybCI6Imh0dHBzOlwvXC93d3cudW5hdmV0cy5jb21cL25lcHR1bm9cL3dwLWNvbnRlbnRcL3VwbG9hZHNcL3NpdGVzXC80MFwvMjAyM1wvMTBcLzMzMjk5MzYyNTcyXzE1YTZiOTFkMTBfei5qcGciLCJzbGlkZXNob3ciOiJkODAzNzcwIn0%3D\">\n\t\t\t\t\t<div class=\"e-gallery-image elementor-gallery-item__image\" data-thumbnail=\"https:\/\/www.unavets.com\/neptuno\/wp-content\/uploads\/sites\/40\/2023\/10\/33299362572_15a6b91d10_z.jpg\" data-width=\"640\" data-height=\"481\" aria-label=\"\" role=\"img\" ><\/div>\n\t\t\t\t\t\t\t\t\t\t\t<div class=\"elementor-gallery-item__overlay\"><\/div>\n\t\t\t\t\t\t\t\t\t\t\t\t\t\t<\/a>\n\t\t\t\t\t<\/div>\n\t\t\t\t\t<\/div>\n\t\t\t\t<\/div>\n\t\t\t\t<div class=\"elementor-element elementor-element-70a6dc8 elementor-widget elementor-widget-video\" data-id=\"70a6dc8\" data-element_type=\"widget\" data-e-type=\"widget\" data-settings=\"{&quot;video_type&quot;:&quot;hosted&quot;,&quot;start&quot;:3,&quot;controls&quot;:&quot;yes&quot;}\" data-widget_type=\"video.default\">\n\t\t\t\t<div class=\"elementor-widget-container\">\n\t\t\t\t\t\t\t<div class=\"e-hosted-video elementor-wrapper elementor-open-inline\">\n\t\t\t\t\t<video class=\"elementor-video\" src=\"https:\/\/www.unavets.com\/neptuno\/wp-content\/uploads\/sites\/40\/2023\/09\/clinica_veterinaria_neptuno_-_spot_2017-720p-1-1.mp4#t=3\" controls=\"\" preload=\"auto\" controlsList=\"nodownload\" poster=\"https:\/\/www.unavets.com\/neptuno\/wp-content\/uploads\/sites\/40\/2023\/09\/cropped-Logo-Neptuno.png\"><\/video>\n\t\t\t\t<\/div>\n\t\t\t\t\t\t<\/div>\n\t\t\t\t<\/div>\n\t\t\t\t\t<\/div>\n\t\t<\/div>\n\t\t\t\t\t<\/div>\n\t\t<\/section>\n\t\t\t\t<\/div>\n\t\t","protected":false},"excerpt":{"rendered":"<p>Cl\u00ednica Veterinaria con especializaci\u00f3n en oncolog\u00eda D\u00eda a d\u00eda nos formamos en nuevas formas de tratamiento y trabajamos en nuestras instalaciones para ofrecer la mejor atenci\u00f3n a tu mascota. El Centro Veterinario Neptuno se inaugur\u00f3 en 2007 y r\u00e1pidamente gan\u00f3 popularidad. En 2017, nos mudamos a un nuevo local en la misma calle para poder &hellip; <\/p>\n","protected":false},"author":1,"featured_media":0,"parent":0,"menu_order":0,"comment_status":"closed","ping_status":"closed","template":"page-fullwidth.php","meta":{"_acf_changed":false,"content-type":"","footnotes":""},"class_list":["post-12997","page","type-page","status-publish","hentry"],"acf":[],"_links":{"self":[{"href":"https:\/\/www.unavets.com\/neptuno\/es\/wp-json\/wp\/v2\/pages\/12997","targetHints":{"allow":["GET"]}}],"collection":[{"href":"https:\/\/www.unavets.com\/neptuno\/es\/wp-json\/wp\/v2\/pages"}],"about":[{"href":"https:\/\/www.unavets.com\/neptuno\/es\/wp-json\/wp\/v2\/types\/page"}],"author":[{"embeddable":true,"href":"https:\/\/www.unavets.com\/neptuno\/es\/wp-json\/wp\/v2\/users\/1"}],"replies":[{"embeddable":true,"href":"https:\/\/www.unavets.com\/neptuno\/es\/wp-json\/wp\/v2\/comments?post=12997"}],"version-history":[{"count":25,"href":"https:\/\/www.unavets.com\/neptuno\/es\/wp-json\/wp\/v2\/pages\/12997\/revisions"}],"predecessor-version":[{"id":20659,"href":"https:\/\/www.unavets.com\/neptuno\/es\/wp-json\/wp\/v2\/pages\/12997\/revisions\/20659"}],"wp:attachment":[{"href":"https:\/\/www.unavets.com\/neptuno\/es\/wp-json\/wp\/v2\/media?parent=12997"}],"curies":[{"name":"wp","href":"https:\/\/api.w.org\/{rel}","templated":true}]}}