{"id":21424,"date":"2025-06-19T11:21:38","date_gmt":"2025-06-19T11:21:38","guid":{"rendered":"https:\/\/www.unavets.com\/naveterinarios\/?page_id=21424"},"modified":"2025-07-01T08:00:09","modified_gmt":"2025-07-01T08:00:09","slug":"remitir-caso","status":"publish","type":"page","link":"https:\/\/www.unavets.com\/naveterinarios\/es\/remitir-caso\/","title":{"rendered":"Remitir Caso"},"content":{"rendered":"\t\t<div data-elementor-type=\"wp-page\" data-elementor-id=\"21424\" class=\"elementor elementor-21424\" data-elementor-post-type=\"page\">\n\t\t\t\t\t\t<section class=\"elementor-section elementor-top-section elementor-element elementor-element-621aa8a elementor-section-boxed elementor-section-height-default elementor-section-height-default\" data-id=\"621aa8a\" data-element_type=\"section\" data-e-type=\"section\">\n\t\t\t\t\t\t<div class=\"elementor-container elementor-column-gap-default\">\n\t\t\t\t\t<div class=\"elementor-column elementor-col-50 elementor-top-column elementor-element elementor-element-c3e56d8\" data-id=\"c3e56d8\" data-element_type=\"column\" data-e-type=\"column\">\n\t\t\t<div class=\"elementor-widget-wrap elementor-element-populated\">\n\t\t\t\t\t\t<div class=\"elementor-element elementor-element-0ccabd5 elementor-widget elementor-widget-image\" data-id=\"0ccabd5\" data-element_type=\"widget\" data-e-type=\"widget\" data-widget_type=\"image.default\">\n\t\t\t\t<div class=\"elementor-widget-container\">\n\t\t\t\t\t\t\t\t\t\t\t\t\t\t\t<img fetchpriority=\"high\" width=\"724\" height=\"482\" class=\"attachment-large size-large wp-image-21296 lazy\" alt=\"\" data-src=\"https:\/\/www.unavets.com\/naveterinarios\/wp-content\/uploads\/sites\/42\/2025\/06\/Captura6-1024x682.jpg\" data-lazy=\"https:\/\/www.unavets.com\/naveterinarios\/wp-content\/uploads\/sites\/42\/2025\/06\/Captura6-1024x682.jpg\" \/>\t\t\t\t\t\t\t\t\t\t\t\t\t\t\t<\/div>\n\t\t\t\t<\/div>\n\t\t\t\t\t<\/div>\n\t\t<\/div>\n\t\t\t\t<div class=\"elementor-column elementor-col-50 elementor-top-column elementor-element elementor-element-de6a9a2\" data-id=\"de6a9a2\" data-element_type=\"column\" data-e-type=\"column\">\n\t\t\t<div class=\"elementor-widget-wrap elementor-element-populated\">\n\t\t\t\t\t\t<div class=\"elementor-element elementor-element-7da95f5 elementor-widget elementor-widget-section_titleleft\" data-id=\"7da95f5\" data-element_type=\"widget\" data-e-type=\"widget\" data-widget_type=\"section_titleleft.default\">\n\t\t\t\t<div class=\"elementor-widget-container\">\n\t\t\t\t\t        <div class=\"ab_text-title fl-wrap\">\n            <h3>C\u00f3mo remitirnos un caso<\/h3>Servicio exclusivo para veterinarios<span class=\"section-separator fl-sec-sep\"><\/span>        <\/div>\n        \t\t\t\t<\/div>\n\t\t\t\t<\/div>\n\t\t\t\t<div class=\"elementor-element elementor-element-464ba3c elementor-widget elementor-widget-text-editor\" data-id=\"464ba3c\" data-element_type=\"widget\" data-e-type=\"widget\" data-widget_type=\"text-editor.default\">\n\t\t\t\t<div class=\"elementor-widget-container\">\n\t\t\t\t\t\t\t\t\t<p>Si necesitas remitirnos un caso veterinario, sigue los siguientes pasos:<\/p><div>\u00a0<\/div><ol><li>Ll\u00e1manos al 956 34 32 14<\/li><li>Rellena el formulario que encontrar\u00e1s m\u00e1s abajo.<\/li><li>Si tienes m\u00e1s informaci\u00f3n que quieras compartir\u00a0escr\u00edbenos al email <a href=\"mailto:referir.nuevaandalucia@unavets.com\">referir.naveterinarios@unavets.com<\/a>.<\/li><\/ol><p>Te iremos informando diariamente de la evoluci\u00f3n de tus pacientes teniendo la tranquilidad de que han recibido un trato\u00a0excepcional.<\/p>\t\t\t\t\t\t\t\t<\/div>\n\t\t\t\t<\/div>\n\t\t\t\t\t<\/div>\n\t\t<\/div>\n\t\t\t\t\t<\/div>\n\t\t<\/section>\n\t\t\t\t<section class=\"elementor-section elementor-top-section elementor-element elementor-element-d6636a6 elementor-section-boxed elementor-section-height-default elementor-section-height-default\" data-id=\"d6636a6\" data-element_type=\"section\" data-e-type=\"section\">\n\t\t\t\t\t\t<div class=\"elementor-container elementor-column-gap-default\">\n\t\t\t\t\t<div class=\"elementor-column elementor-col-50 elementor-top-column elementor-element elementor-element-ba015d1\" data-id=\"ba015d1\" data-element_type=\"column\" data-e-type=\"column\">\n\t\t\t<div class=\"elementor-widget-wrap elementor-element-populated\">\n\t\t\t\t\t\t<div class=\"elementor-element elementor-element-33455cb elementor-align-center elementor-widget elementor-widget-button\" data-id=\"33455cb\" data-element_type=\"widget\" data-e-type=\"widget\" data-widget_type=\"button.default\">\n\t\t\t\t<div class=\"elementor-widget-container\">\n\t\t\t\t\t\t\t\t\t<div class=\"elementor-button-wrapper\">\n\t\t\t\t\t<a class=\"elementor-button elementor-button-link elementor-size-md\" href=\"https:\/\/www.unavets.com\/naveterinarios\/es\/formulario-remision-de-caso\/\">\n\t\t\t\t\t\t<span class=\"elementor-button-content-wrapper\">\n\t\t\t\t\t\t\t\t\t<span class=\"elementor-button-text\">Formulario Remisi\u00f3n de caso<\/span>\n\t\t\t\t\t<\/span>\n\t\t\t\t\t<\/a>\n\t\t\t\t<\/div>\n\t\t\t\t\t\t\t\t<\/div>\n\t\t\t\t<\/div>\n\t\t\t\t\t<\/div>\n\t\t<\/div>\n\t\t\t\t<div class=\"elementor-column elementor-col-50 elementor-top-column elementor-element elementor-element-bb2fdc6\" data-id=\"bb2fdc6\" data-element_type=\"column\" data-e-type=\"column\">\n\t\t\t<div class=\"elementor-widget-wrap elementor-element-populated\">\n\t\t\t\t\t\t<div class=\"elementor-element elementor-element-56ad8bb elementor-align-center elementor-widget elementor-widget-button\" data-id=\"56ad8bb\" data-element_type=\"widget\" data-e-type=\"widget\" data-widget_type=\"button.default\">\n\t\t\t\t<div class=\"elementor-widget-container\">\n\t\t\t\t\t\t\t\t\t<div class=\"elementor-button-wrapper\">\n\t\t\t\t\t<a class=\"elementor-button elementor-button-link elementor-size-md\" href=\"https:\/\/www.unavets.com\/naveterinarios\/es\/formulario-remision-de-caso-diagnostico-por-imagen\/\">\n\t\t\t\t\t\t<span class=\"elementor-button-content-wrapper\">\n\t\t\t\t\t\t\t\t\t<span class=\"elementor-button-text\">Formulario Remisi\u00f3n de caso Diagn\u00f3stico por Imagen<\/span>\n\t\t\t\t\t<\/span>\n\t\t\t\t\t<\/a>\n\t\t\t\t<\/div>\n\t\t\t\t\t\t\t\t<\/div>\n\t\t\t\t<\/div>\n\t\t\t\t\t<\/div>\n\t\t<\/div>\n\t\t\t\t\t<\/div>\n\t\t<\/section>\n\t\t\t\t<\/div>\n\t\t","protected":false},"excerpt":{"rendered":"<p>C\u00f3mo remitirnos un caso Servicio exclusivo para veterinarios Si necesitas remitirnos un caso veterinario, sigue los siguientes pasos: \u00a0 Ll\u00e1manos al 956 34 32 14 Rellena el formulario que encontrar\u00e1s m\u00e1s abajo. Si tienes m\u00e1s informaci\u00f3n que quieras compartir\u00a0escr\u00edbenos al email referir.naveterinarios@unavets.com. Te iremos informando diariamente de la evoluci\u00f3n de tus pacientes teniendo la tranquilidad &hellip; <\/p>\n","protected":false},"author":60,"featured_media":0,"parent":0,"menu_order":0,"comment_status":"closed","ping_status":"closed","template":"page-fullwidth.php","meta":{"_acf_changed":false,"content-type":"","footnotes":""},"class_list":["post-21424","page","type-page","status-publish","hentry"],"acf":[],"_links":{"self":[{"href":"https:\/\/www.unavets.com\/naveterinarios\/es\/wp-json\/wp\/v2\/pages\/21424","targetHints":{"allow":["GET"]}}],"collection":[{"href":"https:\/\/www.unavets.com\/naveterinarios\/es\/wp-json\/wp\/v2\/pages"}],"about":[{"href":"https:\/\/www.unavets.com\/naveterinarios\/es\/wp-json\/wp\/v2\/types\/page"}],"author":[{"embeddable":true,"href":"https:\/\/www.unavets.com\/naveterinarios\/es\/wp-json\/wp\/v2\/users\/60"}],"replies":[{"embeddable":true,"href":"https:\/\/www.unavets.com\/naveterinarios\/es\/wp-json\/wp\/v2\/comments?post=21424"}],"version-history":[{"count":16,"href":"https:\/\/www.unavets.com\/naveterinarios\/es\/wp-json\/wp\/v2\/pages\/21424\/revisions"}],"predecessor-version":[{"id":21483,"href":"https:\/\/www.unavets.com\/naveterinarios\/es\/wp-json\/wp\/v2\/pages\/21424\/revisions\/21483"}],"wp:attachment":[{"href":"https:\/\/www.unavets.com\/naveterinarios\/es\/wp-json\/wp\/v2\/media?parent=21424"}],"curies":[{"name":"wp","href":"https:\/\/api.w.org\/{rel}","templated":true}]}}