{"id":13558,"date":"2020-10-03T08:10:58","date_gmt":"2020-10-03T08:10:58","guid":{"rendered":"http:\/\/www.unavets.com\/naveterinarios\/our-facilities\/"},"modified":"2025-06-09T08:52:18","modified_gmt":"2025-06-09T08:52:18","slug":"instalaciones","status":"publish","type":"page","link":"https:\/\/www.unavets.com\/naveterinarios\/es\/instalaciones\/","title":{"rendered":"Instalaciones"},"content":{"rendered":"\t\t<div data-elementor-type=\"wp-page\" data-elementor-id=\"13558\" class=\"elementor elementor-13558 elementor-281\" data-elementor-post-type=\"page\">\n\t\t\t\t\t\t<section class=\"elementor-section elementor-top-section elementor-element elementor-element-54cf215 pad-top-0 elementor-section-boxed elementor-section-height-default elementor-section-height-default\" data-id=\"54cf215\" data-element_type=\"section\" data-e-type=\"section\" id=\"main-sec\" data-settings=\"{&quot;background_background&quot;:&quot;classic&quot;}\">\n\t\t\t\t\t\t<div class=\"elementor-container elementor-column-gap-wide\">\n\t\t\t\t\t<div class=\"elementor-column elementor-col-100 elementor-top-column elementor-element elementor-element-d926441\" data-id=\"d926441\" data-element_type=\"column\" data-e-type=\"column\">\n\t\t\t<div class=\"elementor-widget-wrap elementor-element-populated\">\n\t\t\t\t\t\t<div class=\"elementor-element elementor-element-ac5c964 elementor-widget elementor-widget-text-editor\" data-id=\"ac5c964\" data-element_type=\"widget\" data-e-type=\"widget\" data-widget_type=\"text-editor.default\">\n\t\t\t\t<div class=\"elementor-widget-container\">\n\t\t\t\t\t\t\t\t\t<p>Nuestro hospital veterinario es un centro de vanguardia que ofrece a sus mascotas la mejor atenci\u00f3n posible. Contamos con tres plantas para ofrecer una amplia gama de servicios, desde cuidados preventivos hasta atenci\u00f3n especializada.<\/p>\t\t\t\t\t\t\t\t<\/div>\n\t\t\t\t<\/div>\n\t\t\t\t<section class=\"elementor-section elementor-inner-section elementor-element elementor-element-98275a1 elementor-section-boxed elementor-section-height-default elementor-section-height-default\" data-id=\"98275a1\" data-element_type=\"section\" data-e-type=\"section\">\n\t\t\t\t\t\t<div class=\"elementor-container elementor-column-gap-default\">\n\t\t\t\t\t<div class=\"elementor-column elementor-col-50 elementor-inner-column elementor-element elementor-element-07b222c\" data-id=\"07b222c\" data-element_type=\"column\" data-e-type=\"column\">\n\t\t\t<div class=\"elementor-widget-wrap elementor-element-populated\">\n\t\t\t\t\t\t<div class=\"elementor-element elementor-element-44b52f4 elementor-widget elementor-widget-image\" data-id=\"44b52f4\" data-element_type=\"widget\" data-e-type=\"widget\" data-widget_type=\"image.default\">\n\t\t\t\t<div class=\"elementor-widget-container\">\n\t\t\t\t\t\t\t\t\t\t\t\t\t\t\t<img fetchpriority=\"high\" width=\"888\" height=\"912\" class=\"attachment-1536x1536 size-1536x1536 wp-image-21259 lazy\" alt=\"\" data-src=\"https:\/\/www.unavets.com\/naveterinarios\/wp-content\/uploads\/sites\/42\/2025\/06\/vertical-2.jpg\" data-lazy=\"https:\/\/www.unavets.com\/naveterinarios\/wp-content\/uploads\/sites\/42\/2025\/06\/vertical-2.jpg\" \/>\t\t\t\t\t\t\t\t\t\t\t\t\t\t\t<\/div>\n\t\t\t\t<\/div>\n\t\t\t\t\t<\/div>\n\t\t<\/div>\n\t\t\t\t<div class=\"elementor-column elementor-col-50 elementor-inner-column elementor-element elementor-element-e32254f\" data-id=\"e32254f\" data-element_type=\"column\" data-e-type=\"column\">\n\t\t\t<div class=\"elementor-widget-wrap elementor-element-populated\">\n\t\t\t\t\t\t<div class=\"elementor-element elementor-element-6494dd8 elementor-widget elementor-widget-text-editor\" data-id=\"6494dd8\" data-element_type=\"widget\" data-e-type=\"widget\" data-widget_type=\"text-editor.default\">\n\t\t\t\t<div class=\"elementor-widget-container\">\n\t\t\t\t\t\t\t\t\t<p>En nuestras instalaciones, encontrar\u00e1s:<\/p><ul><li><strong>Dos quir\u00f3fanos equipados con la \u00faltima tecnolog\u00eda<\/strong>: Nuestros quir\u00f3fanos est\u00e1n equipados con la \u00faltima tecnolog\u00eda para garantizar la seguridad y el bienestar de sus mascotas durante las intervenciones quir\u00fargicas.<\/li><li><strong>Sala de diagn\u00f3stico por imagen: <\/strong>Nuestra sala de diagn\u00f3stico por imagen es un pilar fundamental para detectar y evaluar con precisi\u00f3n las enfermedades de sus mascotas. Disponemos de:<ul><li><strong>TAC<\/strong>: Una herramienta de diagn\u00f3stico indispensable, especialmente \u00fatil para la detecci\u00f3n y evaluaci\u00f3n de enfermedades graves que requieren una visi\u00f3n detallada de estructuras internas.<\/li><li><strong>Ec\u00f3grafo:<\/strong> Permite realizar ecograf\u00edas en tiempo real, ideales para la evaluaci\u00f3n de \u00f3rganos blandos, gestaciones y patolog\u00edas abdominales y tor\u00e1cicas.<\/li><li><strong>Radiolog\u00eda Digital:<\/strong> Ofrece radiograf\u00edas de alta calidad de forma instant\u00e1nea, crucial para el diagn\u00f3stico de problemas \u00f3seos, articulares y respiratorios, con la ventaja de una menor exposici\u00f3n a la radiaci\u00f3n y un mejor procesamiento de la imagen.<\/li><li><strong>Endoscopia y Fluoroscopia:<\/strong> <strong>La endoscopia<\/strong> nos permite visualizar directamente el interior de \u00f3rganos como el sistema digestivo o respiratorio, realizar biopsias y procedimientos m\u00ednimamente invasivos. <strong>La fluoroscopia<\/strong> proporciona im\u00e1genes de rayos X en movimiento y en tiempo real, nos ayuda a guiar procedimientos complejos o evaluar la din\u00e1mica de ciertos \u00f3rganos.<\/li><\/ul><\/li><li><p data-sourcepos=\"13:1-13:26\"><span style=\"font-size: 16px;\"><strong>Tres consultas veterinarias: <\/strong>Disponemos de tres amplias y modernas consultas dise\u00f1adas para ofrecer un ambiente c\u00f3modo y funcional donde realizamos desde evaluaciones rutinarias hasta diagn\u00f3sticos m\u00e1s complejos.<\/span><\/p><\/li><li><p data-sourcepos=\"13:1-13:26\"><strong><span style=\"font-size: 16px;\">Una <\/span>sala de rehabilitaci\u00f3n<\/strong><span style=\"font-size: 16px;\">: Nuestra sala de rehabilitaci\u00f3n est\u00e1 equipada con los \u00faltimos equipos para ayudar a vuestras mascotas a recuperarse de lesiones o enfermedades.<\/span><\/p><\/li><li><strong>Una<\/strong> <strong>zona de hospitalizaci\u00f3n canina y felina:<\/strong> Nuestra zona de hospitalizaci\u00f3n est\u00e1 dise\u00f1ada para proporcionar un entorno c\u00e1lido y acogedor durante su estancia.<\/li><\/ul>\t\t\t\t\t\t\t\t<\/div>\n\t\t\t\t<\/div>\n\t\t\t\t\t<\/div>\n\t\t<\/div>\n\t\t\t\t\t<\/div>\n\t\t<\/section>\n\t\t\t\t<section class=\"elementor-section elementor-inner-section elementor-element elementor-element-cbd28ac elementor-section-boxed elementor-section-height-default elementor-section-height-default\" data-id=\"cbd28ac\" data-element_type=\"section\" data-e-type=\"section\">\n\t\t\t\t\t\t<div class=\"elementor-container elementor-column-gap-default\">\n\t\t\t\t\t<div class=\"elementor-column elementor-col-50 elementor-inner-column elementor-element elementor-element-e54cc90\" data-id=\"e54cc90\" data-element_type=\"column\" data-e-type=\"column\">\n\t\t\t<div class=\"elementor-widget-wrap elementor-element-populated\">\n\t\t\t\t\t\t<div class=\"elementor-element elementor-element-e77ffdd elementor-align-center elementor-widget elementor-widget-button\" data-id=\"e77ffdd\" data-element_type=\"widget\" data-e-type=\"widget\" data-widget_type=\"button.default\">\n\t\t\t\t<div class=\"elementor-widget-container\">\n\t\t\t\t\t\t\t\t\t<div class=\"elementor-button-wrapper\">\n\t\t\t\t\t<a class=\"elementor-button elementor-button-link elementor-size-sm\" href=\"https:\/\/www.unavets.com\/naveterinarios\/es\/nuestro-equipo\/\">\n\t\t\t\t\t\t<span class=\"elementor-button-content-wrapper\">\n\t\t\t\t\t\t\t\t\t<span class=\"elementor-button-text\">Nuestro Equipo<\/span>\n\t\t\t\t\t<\/span>\n\t\t\t\t\t<\/a>\n\t\t\t\t<\/div>\n\t\t\t\t\t\t\t\t<\/div>\n\t\t\t\t<\/div>\n\t\t\t\t\t<\/div>\n\t\t<\/div>\n\t\t\t\t<div class=\"elementor-column elementor-col-50 elementor-inner-column elementor-element elementor-element-dc3e6b5\" data-id=\"dc3e6b5\" data-element_type=\"column\" data-e-type=\"column\">\n\t\t\t<div class=\"elementor-widget-wrap elementor-element-populated\">\n\t\t\t\t\t\t<div class=\"elementor-element elementor-element-ebe1efe elementor-align-center elementor-widget elementor-widget-button\" data-id=\"ebe1efe\" data-element_type=\"widget\" data-e-type=\"widget\" data-widget_type=\"button.default\">\n\t\t\t\t<div class=\"elementor-widget-container\">\n\t\t\t\t\t\t\t\t\t<div class=\"elementor-button-wrapper\">\n\t\t\t\t\t<a class=\"elementor-button elementor-button-link elementor-size-sm\" href=\"https:\/\/www.unavets.com\/naveterinarios\/es\/servicios\/\">\n\t\t\t\t\t\t<span class=\"elementor-button-content-wrapper\">\n\t\t\t\t\t\t\t\t\t<span class=\"elementor-button-text\">Servicios<\/span>\n\t\t\t\t\t<\/span>\n\t\t\t\t\t<\/a>\n\t\t\t\t<\/div>\n\t\t\t\t\t\t\t\t<\/div>\n\t\t\t\t<\/div>\n\t\t\t\t\t<\/div>\n\t\t<\/div>\n\t\t\t\t\t<\/div>\n\t\t<\/section>\n\t\t\t\t\t<\/div>\n\t\t<\/div>\n\t\t\t\t\t<\/div>\n\t\t<\/section>\n\t\t\t\t<section class=\"elementor-section elementor-top-section elementor-element elementor-element-78a18a3 elementor-section-boxed elementor-section-height-default elementor-section-height-default\" data-id=\"78a18a3\" data-element_type=\"section\" data-e-type=\"section\">\n\t\t\t\t\t\t<div class=\"elementor-container elementor-column-gap-default\">\n\t\t\t\t\t<div class=\"elementor-column elementor-col-100 elementor-top-column elementor-element elementor-element-ae96487\" data-id=\"ae96487\" data-element_type=\"column\" data-e-type=\"column\">\n\t\t\t<div class=\"elementor-widget-wrap elementor-element-populated\">\n\t\t\t\t\t\t<div class=\"elementor-element elementor-element-d296140 elementor-widget elementor-widget-gallery\" data-id=\"d296140\" data-element_type=\"widget\" data-e-type=\"widget\" data-settings=\"{&quot;columns&quot;:&quot;3&quot;,&quot;aspect_ratio&quot;:&quot;1:1&quot;,&quot;lazyload&quot;:&quot;yes&quot;,&quot;gallery_layout&quot;:&quot;grid&quot;,&quot;columns_tablet&quot;:2,&quot;columns_mobile&quot;:1,&quot;gap&quot;:{&quot;unit&quot;:&quot;px&quot;,&quot;size&quot;:10,&quot;sizes&quot;:[]},&quot;gap_tablet&quot;:{&quot;unit&quot;:&quot;px&quot;,&quot;size&quot;:10,&quot;sizes&quot;:[]},&quot;gap_mobile&quot;:{&quot;unit&quot;:&quot;px&quot;,&quot;size&quot;:10,&quot;sizes&quot;:[]},&quot;link_to&quot;:&quot;file&quot;,&quot;overlay_background&quot;:&quot;yes&quot;,&quot;content_hover_animation&quot;:&quot;fade-in&quot;}\" data-widget_type=\"gallery.default\">\n\t\t\t\t<div class=\"elementor-widget-container\">\n\t\t\t\t\t\t\t<div class=\"elementor-gallery__container\">\n\t\t\t\t\t\t\t<a class=\"e-gallery-item elementor-gallery-item elementor-animated-content\" href=\"https:\/\/www.unavets.com\/naveterinarios\/wp-content\/uploads\/sites\/42\/2023\/11\/fachada-NA-Veterinarios-jerez.jpg\" data-elementor-open-lightbox=\"yes\" data-elementor-lightbox-slideshow=\"d296140\" data-elementor-lightbox-title=\"fachada NA Veterinarios jerez\" data-e-action-hash=\"#elementor-action%3Aaction%3Dlightbox%26settings%3DeyJpZCI6MjAzNDEsInVybCI6Imh0dHBzOlwvXC93d3cudW5hdmV0cy5jb21cL25hdmV0ZXJpbmFyaW9zXC93cC1jb250ZW50XC91cGxvYWRzXC9zaXRlc1wvNDJcLzIwMjNcLzExXC9mYWNoYWRhLU5BLVZldGVyaW5hcmlvcy1qZXJlei5qcGciLCJzbGlkZXNob3ciOiJkMjk2MTQwIn0%3D\">\n\t\t\t\t\t<div class=\"e-gallery-image elementor-gallery-item__image\" data-thumbnail=\"https:\/\/www.unavets.com\/naveterinarios\/wp-content\/uploads\/sites\/42\/2023\/11\/fachada-NA-Veterinarios-jerez.jpg\" data-width=\"724\" data-height=\"483\" aria-label=\"\" role=\"img\" ><\/div>\n\t\t\t\t\t\t\t\t\t\t\t<div class=\"elementor-gallery-item__overlay\"><\/div>\n\t\t\t\t\t\t\t\t\t\t\t\t\t\t<\/a>\n\t\t\t\t\t\t\t<a class=\"e-gallery-item elementor-gallery-item elementor-animated-content\" href=\"https:\/\/www.unavets.com\/naveterinarios\/wp-content\/uploads\/sites\/42\/2023\/11\/hospitalizacion-na-veterinarios.jpg\" data-elementor-open-lightbox=\"yes\" data-elementor-lightbox-slideshow=\"d296140\" data-elementor-lightbox-title=\"hospitalizacion na veterinarios\" data-e-action-hash=\"#elementor-action%3Aaction%3Dlightbox%26settings%3DeyJpZCI6MjAzNDMsInVybCI6Imh0dHBzOlwvXC93d3cudW5hdmV0cy5jb21cL25hdmV0ZXJpbmFyaW9zXC93cC1jb250ZW50XC91cGxvYWRzXC9zaXRlc1wvNDJcLzIwMjNcLzExXC9ob3NwaXRhbGl6YWNpb24tbmEtdmV0ZXJpbmFyaW9zLmpwZyIsInNsaWRlc2hvdyI6ImQyOTYxNDAifQ%3D%3D\">\n\t\t\t\t\t<div class=\"e-gallery-image elementor-gallery-item__image\" data-thumbnail=\"https:\/\/www.unavets.com\/naveterinarios\/wp-content\/uploads\/sites\/42\/2023\/11\/hospitalizacion-na-veterinarios.jpg\" data-width=\"724\" data-height=\"483\" aria-label=\"\" role=\"img\" ><\/div>\n\t\t\t\t\t\t\t\t\t\t\t<div class=\"elementor-gallery-item__overlay\"><\/div>\n\t\t\t\t\t\t\t\t\t\t\t\t\t\t<\/a>\n\t\t\t\t\t\t\t<a class=\"e-gallery-item elementor-gallery-item elementor-animated-content\" href=\"https:\/\/www.unavets.com\/naveterinarios\/wp-content\/uploads\/sites\/42\/2023\/11\/instalaciones-na-veterinarios-entrada.jpg\" data-elementor-open-lightbox=\"yes\" data-elementor-lightbox-slideshow=\"d296140\" data-elementor-lightbox-title=\"instalaciones na veterinarios entrada\" data-e-action-hash=\"#elementor-action%3Aaction%3Dlightbox%26settings%3DeyJpZCI6MjAzNDUsInVybCI6Imh0dHBzOlwvXC93d3cudW5hdmV0cy5jb21cL25hdmV0ZXJpbmFyaW9zXC93cC1jb250ZW50XC91cGxvYWRzXC9zaXRlc1wvNDJcLzIwMjNcLzExXC9pbnN0YWxhY2lvbmVzLW5hLXZldGVyaW5hcmlvcy1lbnRyYWRhLmpwZyIsInNsaWRlc2hvdyI6ImQyOTYxNDAifQ%3D%3D\">\n\t\t\t\t\t<div class=\"e-gallery-image elementor-gallery-item__image\" data-thumbnail=\"https:\/\/www.unavets.com\/naveterinarios\/wp-content\/uploads\/sites\/42\/2023\/11\/instalaciones-na-veterinarios-entrada.jpg\" data-width=\"724\" data-height=\"483\" aria-label=\"\" role=\"img\" ><\/div>\n\t\t\t\t\t\t\t\t\t\t\t<div class=\"elementor-gallery-item__overlay\"><\/div>\n\t\t\t\t\t\t\t\t\t\t\t\t\t\t<\/a>\n\t\t\t\t\t\t\t<a class=\"e-gallery-item elementor-gallery-item elementor-animated-content\" href=\"https:\/\/www.unavets.com\/naveterinarios\/wp-content\/uploads\/sites\/42\/2023\/11\/instalaciones-na-veterinarios-quirofano-1-1.jpg\" data-elementor-open-lightbox=\"yes\" data-elementor-lightbox-slideshow=\"d296140\" data-elementor-lightbox-title=\"instalaciones na veterinarios quirofano\" data-e-action-hash=\"#elementor-action%3Aaction%3Dlightbox%26settings%3DeyJpZCI6MjAzNDksInVybCI6Imh0dHBzOlwvXC93d3cudW5hdmV0cy5jb21cL25hdmV0ZXJpbmFyaW9zXC93cC1jb250ZW50XC91cGxvYWRzXC9zaXRlc1wvNDJcLzIwMjNcLzExXC9pbnN0YWxhY2lvbmVzLW5hLXZldGVyaW5hcmlvcy1xdWlyb2Zhbm8tMS0xLmpwZyIsInNsaWRlc2hvdyI6ImQyOTYxNDAifQ%3D%3D\">\n\t\t\t\t\t<div class=\"e-gallery-image elementor-gallery-item__image\" data-thumbnail=\"https:\/\/www.unavets.com\/naveterinarios\/wp-content\/uploads\/sites\/42\/2023\/11\/instalaciones-na-veterinarios-quirofano-1-1.jpg\" data-width=\"724\" data-height=\"483\" aria-label=\"\" role=\"img\" ><\/div>\n\t\t\t\t\t\t\t\t\t\t\t<div class=\"elementor-gallery-item__overlay\"><\/div>\n\t\t\t\t\t\t\t\t\t\t\t\t\t\t<\/a>\n\t\t\t\t\t\t\t<a class=\"e-gallery-item elementor-gallery-item elementor-animated-content\" href=\"https:\/\/www.unavets.com\/naveterinarios\/wp-content\/uploads\/sites\/42\/2023\/11\/tac-veterinarios-jerez-na-veterinarios.jpg\" data-elementor-open-lightbox=\"yes\" data-elementor-lightbox-slideshow=\"d296140\" data-elementor-lightbox-title=\"tac veterinarios jerez na veterinarios\" data-e-action-hash=\"#elementor-action%3Aaction%3Dlightbox%26settings%3DeyJpZCI6MjAzNTMsInVybCI6Imh0dHBzOlwvXC93d3cudW5hdmV0cy5jb21cL25hdmV0ZXJpbmFyaW9zXC93cC1jb250ZW50XC91cGxvYWRzXC9zaXRlc1wvNDJcLzIwMjNcLzExXC90YWMtdmV0ZXJpbmFyaW9zLWplcmV6LW5hLXZldGVyaW5hcmlvcy5qcGciLCJzbGlkZXNob3ciOiJkMjk2MTQwIn0%3D\">\n\t\t\t\t\t<div class=\"e-gallery-image elementor-gallery-item__image\" data-thumbnail=\"https:\/\/www.unavets.com\/naveterinarios\/wp-content\/uploads\/sites\/42\/2023\/11\/tac-veterinarios-jerez-na-veterinarios.jpg\" data-width=\"724\" data-height=\"483\" aria-label=\"\" role=\"img\" ><\/div>\n\t\t\t\t\t\t\t\t\t\t\t<div class=\"elementor-gallery-item__overlay\"><\/div>\n\t\t\t\t\t\t\t\t\t\t\t\t\t\t<\/a>\n\t\t\t\t\t\t\t<a class=\"e-gallery-item elementor-gallery-item elementor-animated-content\" href=\"https:\/\/www.unavets.com\/naveterinarios\/wp-content\/uploads\/sites\/42\/2023\/11\/anestesia-na-veterinarios-jerez____.jpg\" data-elementor-open-lightbox=\"yes\" data-elementor-lightbox-slideshow=\"d296140\" data-elementor-lightbox-title=\"anestesia na veterinarios jerez____\" data-e-action-hash=\"#elementor-action%3Aaction%3Dlightbox%26settings%3DeyJpZCI6MjA1MTksInVybCI6Imh0dHBzOlwvXC93d3cudW5hdmV0cy5jb21cL25hdmV0ZXJpbmFyaW9zXC93cC1jb250ZW50XC91cGxvYWRzXC9zaXRlc1wvNDJcLzIwMjNcLzExXC9hbmVzdGVzaWEtbmEtdmV0ZXJpbmFyaW9zLWplcmV6X19fXy5qcGciLCJzbGlkZXNob3ciOiJkMjk2MTQwIn0%3D\">\n\t\t\t\t\t<div class=\"e-gallery-image elementor-gallery-item__image\" data-thumbnail=\"https:\/\/www.unavets.com\/naveterinarios\/wp-content\/uploads\/sites\/42\/2023\/11\/anestesia-na-veterinarios-jerez____.jpg\" data-width=\"724\" data-height=\"483\" aria-label=\"\" role=\"img\" ><\/div>\n\t\t\t\t\t\t\t\t\t\t\t<div class=\"elementor-gallery-item__overlay\"><\/div>\n\t\t\t\t\t\t\t\t\t\t\t\t\t\t<\/a>\n\t\t\t\t\t\t\t<a class=\"e-gallery-item elementor-gallery-item elementor-animated-content\" href=\"https:\/\/www.unavets.com\/naveterinarios\/wp-content\/uploads\/sites\/42\/2025\/06\/Captura3.jpg\" data-elementor-open-lightbox=\"yes\" data-elementor-lightbox-slideshow=\"d296140\" data-elementor-lightbox-title=\"Captura3\" data-e-action-hash=\"#elementor-action%3Aaction%3Dlightbox%26settings%3DeyJpZCI6MjEyNjQsInVybCI6Imh0dHBzOlwvXC93d3cudW5hdmV0cy5jb21cL25hdmV0ZXJpbmFyaW9zXC93cC1jb250ZW50XC91cGxvYWRzXC9zaXRlc1wvNDJcLzIwMjVcLzA2XC9DYXB0dXJhMy5qcGciLCJzbGlkZXNob3ciOiJkMjk2MTQwIn0%3D\">\n\t\t\t\t\t<div class=\"e-gallery-image elementor-gallery-item__image\" data-thumbnail=\"https:\/\/www.unavets.com\/naveterinarios\/wp-content\/uploads\/sites\/42\/2025\/06\/Captura3-1024x682.jpg\" data-width=\"724\" data-height=\"482\" aria-label=\"\" role=\"img\" ><\/div>\n\t\t\t\t\t\t\t\t\t\t\t<div class=\"elementor-gallery-item__overlay\"><\/div>\n\t\t\t\t\t\t\t\t\t\t\t\t\t\t<\/a>\n\t\t\t\t\t\t\t<a class=\"e-gallery-item elementor-gallery-item elementor-animated-content\" href=\"https:\/\/www.unavets.com\/naveterinarios\/wp-content\/uploads\/sites\/42\/2023\/11\/Unavets-\u00a8Jerez\u00a8-83.jpg\" data-elementor-open-lightbox=\"yes\" data-elementor-lightbox-slideshow=\"d296140\" data-elementor-lightbox-title=\"Unavets \u00a8Jerez\u00a8 -83\" data-e-action-hash=\"#elementor-action%3Aaction%3Dlightbox%26settings%3DeyJpZCI6MjA0MzIsInVybCI6Imh0dHBzOlwvXC93d3cudW5hdmV0cy5jb21cL25hdmV0ZXJpbmFyaW9zXC93cC1jb250ZW50XC91cGxvYWRzXC9zaXRlc1wvNDJcLzIwMjNcLzExXC9VbmF2ZXRzLVx1MDBhOEplcmV6XHUwMGE4LTgzLmpwZyIsInNsaWRlc2hvdyI6ImQyOTYxNDAifQ%3D%3D\">\n\t\t\t\t\t<div class=\"e-gallery-image elementor-gallery-item__image\" data-thumbnail=\"https:\/\/www.unavets.com\/naveterinarios\/wp-content\/uploads\/sites\/42\/2023\/11\/Unavets-\u00a8Jerez\u00a8-83.jpg\" data-width=\"724\" data-height=\"483\" aria-label=\"\" role=\"img\" ><\/div>\n\t\t\t\t\t\t\t\t\t\t\t<div class=\"elementor-gallery-item__overlay\"><\/div>\n\t\t\t\t\t\t\t\t\t\t\t\t\t\t<\/a>\n\t\t\t\t\t\t\t<a class=\"e-gallery-item elementor-gallery-item elementor-animated-content\" href=\"https:\/\/www.unavets.com\/naveterinarios\/wp-content\/uploads\/sites\/42\/2023\/11\/Unavets-\u00a8Jerez\u00a8-94.jpg\" data-elementor-open-lightbox=\"yes\" data-elementor-lightbox-slideshow=\"d296140\" data-elementor-lightbox-title=\"Unavets \u00a8Jerez\u00a8 -94\" data-e-action-hash=\"#elementor-action%3Aaction%3Dlightbox%26settings%3DeyJpZCI6MjA0MzgsInVybCI6Imh0dHBzOlwvXC93d3cudW5hdmV0cy5jb21cL25hdmV0ZXJpbmFyaW9zXC93cC1jb250ZW50XC91cGxvYWRzXC9zaXRlc1wvNDJcLzIwMjNcLzExXC9VbmF2ZXRzLVx1MDBhOEplcmV6XHUwMGE4LTk0LmpwZyIsInNsaWRlc2hvdyI6ImQyOTYxNDAifQ%3D%3D\">\n\t\t\t\t\t<div class=\"e-gallery-image elementor-gallery-item__image\" data-thumbnail=\"https:\/\/www.unavets.com\/naveterinarios\/wp-content\/uploads\/sites\/42\/2023\/11\/Unavets-\u00a8Jerez\u00a8-94.jpg\" data-width=\"724\" data-height=\"483\" aria-label=\"\" role=\"img\" ><\/div>\n\t\t\t\t\t\t\t\t\t\t\t<div class=\"elementor-gallery-item__overlay\"><\/div>\n\t\t\t\t\t\t\t\t\t\t\t\t\t\t<\/a>\n\t\t\t\t\t<\/div>\n\t\t\t\t\t<\/div>\n\t\t\t\t<\/div>\n\t\t\t\t\t<\/div>\n\t\t<\/div>\n\t\t\t\t\t<\/div>\n\t\t<\/section>\n\t\t\t\t<\/div>\n\t\t","protected":false},"excerpt":{"rendered":"<p>Nuestro hospital veterinario es un centro de vanguardia que ofrece a sus mascotas la mejor atenci\u00f3n posible. Contamos con tres plantas para ofrecer una amplia gama de servicios, desde cuidados preventivos hasta atenci\u00f3n especializada. En nuestras instalaciones, encontrar\u00e1s: Dos quir\u00f3fanos equipados con la \u00faltima tecnolog\u00eda: Nuestros quir\u00f3fanos est\u00e1n equipados con la \u00faltima tecnolog\u00eda para garantizar &hellip; <\/p>\n","protected":false},"author":1,"featured_media":0,"parent":0,"menu_order":0,"comment_status":"closed","ping_status":"closed","template":"page-fullwidth.php","meta":{"_acf_changed":false,"content-type":"","footnotes":""},"class_list":["post-13558","page","type-page","status-publish","hentry"],"acf":[],"_links":{"self":[{"href":"https:\/\/www.unavets.com\/naveterinarios\/es\/wp-json\/wp\/v2\/pages\/13558","targetHints":{"allow":["GET"]}}],"collection":[{"href":"https:\/\/www.unavets.com\/naveterinarios\/es\/wp-json\/wp\/v2\/pages"}],"about":[{"href":"https:\/\/www.unavets.com\/naveterinarios\/es\/wp-json\/wp\/v2\/types\/page"}],"author":[{"embeddable":true,"href":"https:\/\/www.unavets.com\/naveterinarios\/es\/wp-json\/wp\/v2\/users\/1"}],"replies":[{"embeddable":true,"href":"https:\/\/www.unavets.com\/naveterinarios\/es\/wp-json\/wp\/v2\/comments?post=13558"}],"version-history":[{"count":29,"href":"https:\/\/www.unavets.com\/naveterinarios\/es\/wp-json\/wp\/v2\/pages\/13558\/revisions"}],"predecessor-version":[{"id":21552,"href":"https:\/\/www.unavets.com\/naveterinarios\/es\/wp-json\/wp\/v2\/pages\/13558\/revisions\/21552"}],"wp:attachment":[{"href":"https:\/\/www.unavets.com\/naveterinarios\/es\/wp-json\/wp\/v2\/media?parent=13558"}],"curies":[{"name":"wp","href":"https:\/\/api.w.org\/{rel}","templated":true}]}}