{"id":12939,"date":"2020-10-14T09:47:42","date_gmt":"2020-10-14T09:47:42","guid":{"rendered":"http:\/\/www.unavets.com\/naveterinarios\/rehabilitation\/"},"modified":"2025-07-01T07:51:39","modified_gmt":"2025-07-01T07:51:39","slug":"rehabilitacion","status":"publish","type":"page","link":"https:\/\/www.unavets.com\/naveterinarios\/es\/servicios\/rehabilitacion\/","title":{"rendered":"Rehabilitaci\u00f3n"},"content":{"rendered":"\t\t<div data-elementor-type=\"wp-page\" data-elementor-id=\"12939\" class=\"elementor elementor-12939 elementor-746\" data-elementor-post-type=\"page\">\n\t\t\t\t\t\t<section class=\"elementor-section elementor-top-section elementor-element elementor-element-16949c0 elementor-section-boxed elementor-section-height-default elementor-section-height-default\" data-id=\"16949c0\" data-element_type=\"section\" data-e-type=\"section\" id=\"main-sec\">\n\t\t\t\t\t\t<div class=\"elementor-container elementor-column-gap-default\">\n\t\t\t\t\t<div class=\"elementor-column elementor-col-100 elementor-top-column elementor-element elementor-element-7afa5eb\" data-id=\"7afa5eb\" data-element_type=\"column\" data-e-type=\"column\">\n\t\t\t<div class=\"elementor-widget-wrap elementor-element-populated\">\n\t\t\t\t\t\t<div class=\"elementor-element elementor-element-0bfd30c elementor-widget elementor-widget-section_titleleft\" data-id=\"0bfd30c\" data-element_type=\"widget\" data-e-type=\"widget\" data-widget_type=\"section_titleleft.default\">\n\t\t\t\t<div class=\"elementor-widget-container\">\n\t\t\t\t\t        <div class=\"ab_text-title fl-wrap\">\n            <h3>\u00bfEn qu\u00e9 consiste?<\/h3>En Hospital Veterinario NA ofrecemos rehabilitaci\u00f3n, un tipo de terapia no invasiva, que se centra en las relaciones entre los m\u00fasculos, huesos, nervios, tendones y ligamentos para disminuir el dolor y mejorar la funci\u00f3n corporal tras una lesi\u00f3n o enfermedad. <span class=\"section-separator fl-sec-sep\"><\/span>        <\/div>\n        \t\t\t\t<\/div>\n\t\t\t\t<\/div>\n\t\t\t\t\t<\/div>\n\t\t<\/div>\n\t\t\t\t\t<\/div>\n\t\t<\/section>\n\t\t\t\t<section class=\"elementor-section elementor-top-section elementor-element elementor-element-fc2785c elementor-section-boxed elementor-section-height-default elementor-section-height-default\" data-id=\"fc2785c\" data-element_type=\"section\" data-e-type=\"section\">\n\t\t\t\t\t\t<div class=\"elementor-container elementor-column-gap-default\">\n\t\t\t\t\t<div class=\"elementor-column elementor-col-50 elementor-top-column elementor-element elementor-element-8f0fc8c\" data-id=\"8f0fc8c\" data-element_type=\"column\" data-e-type=\"column\">\n\t\t\t<div class=\"elementor-widget-wrap elementor-element-populated\">\n\t\t\t\t\t\t<div class=\"elementor-element elementor-element-8e92a1f elementor-widget elementor-widget-text-editor\" data-id=\"8e92a1f\" data-element_type=\"widget\" data-e-type=\"widget\" data-widget_type=\"text-editor.default\">\n\t\t\t\t<div class=\"elementor-widget-container\">\n\t\t\t\t\t\t\t\t\t<p>La rehabilitaci\u00f3n canina y felina emplea t\u00e9cnicas similares a las usadas en la fisioterapia humana, para lograr uno o m\u00e1s de los siguientes objetivos:<\/p><ul><li>Acelerar la recuperaci\u00f3n tras una lesi\u00f3n o cirug\u00eda.<\/li><li>Aumentar la movilidad y la flexibilidad.<\/li><li>Mejorar la resistencia y la agilidad.<\/li><li>Disminuir el dolor.<\/li><li>Facilitar la p\u00e9rdida de peso.<\/li><li>Mantener las funciones y prevenir futuros problemas.<\/li><li>Mejorar la calidad de vida.<\/li><\/ul>\t\t\t\t\t\t\t\t<\/div>\n\t\t\t\t<\/div>\n\t\t\t\t<div class=\"elementor-element elementor-element-e1a83f8 elementor-align-center elementor-widget elementor-widget-button\" data-id=\"e1a83f8\" data-element_type=\"widget\" data-e-type=\"widget\" data-widget_type=\"button.default\">\n\t\t\t\t<div class=\"elementor-widget-container\">\n\t\t\t\t\t\t\t\t\t<div class=\"elementor-button-wrapper\">\n\t\t\t\t\t<a class=\"elementor-button elementor-button-link elementor-size-md\" href=\"https:\/\/www.unavets.com\/naveterinarios\/es\/contacto\/\">\n\t\t\t\t\t\t<span class=\"elementor-button-content-wrapper\">\n\t\t\t\t\t\t<span class=\"elementor-button-icon\">\n\t\t\t\t<i aria-hidden=\"true\" class=\"far fa-calendar-alt\"><\/i>\t\t\t<\/span>\n\t\t\t\t\t\t\t\t\t<span class=\"elementor-button-text\">Pide Cita<\/span>\n\t\t\t\t\t<\/span>\n\t\t\t\t\t<\/a>\n\t\t\t\t<\/div>\n\t\t\t\t\t\t\t\t<\/div>\n\t\t\t\t<\/div>\n\t\t\t\t\t<\/div>\n\t\t<\/div>\n\t\t\t\t<div class=\"elementor-column elementor-col-50 elementor-top-column elementor-element elementor-element-a1ba534\" data-id=\"a1ba534\" data-element_type=\"column\" data-e-type=\"column\">\n\t\t\t<div class=\"elementor-widget-wrap elementor-element-populated\">\n\t\t\t\t\t\t<div class=\"elementor-element elementor-element-9407c17 elementor-widget elementor-widget-image\" data-id=\"9407c17\" data-element_type=\"widget\" data-e-type=\"widget\" data-widget_type=\"image.default\">\n\t\t\t\t<div class=\"elementor-widget-container\">\n\t\t\t\t\t\t\t\t\t\t\t\t\t\t\t<img fetchpriority=\"high\" width=\"724\" height=\"483\" class=\"attachment-large size-large wp-image-20768 lazy\" alt=\"\" data-src=\"https:\/\/www.unavets.com\/naveterinarios\/wp-content\/uploads\/sites\/42\/2023\/11\/rehabilitacion-na-veterinarios.jpg\" data-lazy=\"https:\/\/www.unavets.com\/naveterinarios\/wp-content\/uploads\/sites\/42\/2023\/11\/rehabilitacion-na-veterinarios.jpg\" \/>\t\t\t\t\t\t\t\t\t\t\t\t\t\t\t<\/div>\n\t\t\t\t<\/div>\n\t\t\t\t\t<\/div>\n\t\t<\/div>\n\t\t\t\t\t<\/div>\n\t\t<\/section>\n\t\t\t\t<section class=\"elementor-section elementor-top-section elementor-element elementor-element-6d2f62e elementor-section-boxed elementor-section-height-default elementor-section-height-default\" data-id=\"6d2f62e\" data-element_type=\"section\" data-e-type=\"section\">\n\t\t\t\t\t\t<div class=\"elementor-container elementor-column-gap-default\">\n\t\t\t\t\t<div class=\"elementor-column elementor-col-100 elementor-top-column elementor-element elementor-element-a925989\" data-id=\"a925989\" data-element_type=\"column\" data-e-type=\"column\">\n\t\t\t<div class=\"elementor-widget-wrap elementor-element-populated\">\n\t\t\t\t\t\t<div class=\"elementor-element elementor-element-6a729b5 elementor-widget elementor-widget-section_titleleft\" data-id=\"6a729b5\" data-element_type=\"widget\" data-e-type=\"widget\" data-widget_type=\"section_titleleft.default\">\n\t\t\t\t<div class=\"elementor-widget-container\">\n\t\t\t\t\t        <div class=\"ab_text-title fl-wrap\">\n            <h3>Tipos de terapias de rehabilitaci\u00f3n<\/h3><span class=\"section-separator fl-sec-sep\"><\/span>        <\/div>\n        \t\t\t\t<\/div>\n\t\t\t\t<\/div>\n\t\t\t\t\t<\/div>\n\t\t<\/div>\n\t\t\t\t\t<\/div>\n\t\t<\/section>\n\t\t\t\t<section class=\"elementor-section elementor-top-section elementor-element elementor-element-8015f2b elementor-section-boxed elementor-section-height-default elementor-section-height-default\" data-id=\"8015f2b\" data-element_type=\"section\" data-e-type=\"section\">\n\t\t\t\t\t\t<div class=\"elementor-container elementor-column-gap-default\">\n\t\t\t\t\t<div class=\"elementor-column elementor-col-50 elementor-top-column elementor-element elementor-element-c6123fe\" data-id=\"c6123fe\" data-element_type=\"column\" data-e-type=\"column\">\n\t\t\t<div class=\"elementor-widget-wrap elementor-element-populated\">\n\t\t\t\t\t\t<div class=\"elementor-element elementor-element-1b2c62b elementor-widget elementor-widget-image\" data-id=\"1b2c62b\" data-element_type=\"widget\" data-e-type=\"widget\" data-widget_type=\"image.default\">\n\t\t\t\t<div class=\"elementor-widget-container\">\n\t\t\t\t\t\t\t\t\t\t\t\t\t\t\t<img width=\"724\" height=\"483\" class=\"attachment-large size-large wp-image-20766 lazy\" alt=\"\" data-src=\"https:\/\/www.unavets.com\/naveterinarios\/wp-content\/uploads\/sites\/42\/2023\/11\/rehabilitacion-na-veterinarios-jerez.jpg\" data-lazy=\"https:\/\/www.unavets.com\/naveterinarios\/wp-content\/uploads\/sites\/42\/2023\/11\/rehabilitacion-na-veterinarios-jerez.jpg\" \/>\t\t\t\t\t\t\t\t\t\t\t\t\t\t\t<\/div>\n\t\t\t\t<\/div>\n\t\t\t\t\t<\/div>\n\t\t<\/div>\n\t\t\t\t<div class=\"elementor-column elementor-col-50 elementor-top-column elementor-element elementor-element-422a2f3\" data-id=\"422a2f3\" data-element_type=\"column\" data-e-type=\"column\">\n\t\t\t<div class=\"elementor-widget-wrap elementor-element-populated\">\n\t\t\t\t\t\t<div class=\"elementor-element elementor-element-ce4af12 elementor-widget elementor-widget-text-editor\" data-id=\"ce4af12\" data-element_type=\"widget\" data-e-type=\"widget\" data-widget_type=\"text-editor.default\">\n\t\t\t\t<div class=\"elementor-widget-container\">\n\t\t\t\t\t\t\t\t\t<p>Tras una evaluaci\u00f3n realizada por nuestros especialistas, dise\u00f1amos un plan individual de tratamiento, bas\u00e1ndonos en las necesidades del paciente. La mayor\u00eda de mascotas puede beneficiarse de un enfoque multidisciplinar, que incorpora terapias como:<\/p><ul><li>Acupuntura\u00a0<\/li><li>Electroacupuntura<\/li><li>Masaje<\/li><li>Magnetoterapia<\/li><li>Infrarrojos TDP<\/li><li>Estimulaci\u00f3n el\u00e9ctrica neuromuscular<\/li><li>L\u00e1ser o ultrasonido terap\u00e9utico<\/li><li>Ejercicios terap\u00e9uticos<\/li><\/ul><p>Estas t\u00e9cnicas pueden ayudar tanto a los animales que sufren disminuci\u00f3n de las funciones vitales o que sienten dolor relacionado con la artrosis y el envejecimiento, como a animales obesos o perros de trabajo y de deporte; tambi\u00e9n es efectiva con los animales que se recuperan de una lesi\u00f3n o cirug\u00eda.<\/p>\t\t\t\t\t\t\t\t<\/div>\n\t\t\t\t<\/div>\n\t\t\t\t\t<\/div>\n\t\t<\/div>\n\t\t\t\t\t<\/div>\n\t\t<\/section>\n\t\t\t\t<section class=\"elementor-section elementor-top-section elementor-element elementor-element-e894e04 elementor-section-boxed elementor-section-height-default elementor-section-height-default\" data-id=\"e894e04\" data-element_type=\"section\" data-e-type=\"section\">\n\t\t\t\t\t\t<div class=\"elementor-container elementor-column-gap-default\">\n\t\t\t\t\t<div class=\"elementor-column elementor-col-100 elementor-top-column elementor-element elementor-element-aaeb22d\" data-id=\"aaeb22d\" data-element_type=\"column\" data-e-type=\"column\">\n\t\t\t<div class=\"elementor-widget-wrap elementor-element-populated\">\n\t\t\t\t\t\t<div class=\"elementor-element elementor-element-281b76d elementor-widget elementor-widget-section_titleleft\" data-id=\"281b76d\" data-element_type=\"widget\" data-e-type=\"widget\" data-widget_type=\"section_titleleft.default\">\n\t\t\t\t<div class=\"elementor-widget-container\">\n\t\t\t\t\t        <div class=\"ab_text-title fl-wrap\">\n            <h3>\u00bfC\u00f3mo saber si tu mascota necesita rehabilitaci\u00f3n?<\/h3><span class=\"section-separator fl-sec-sep\"><\/span>        <\/div>\n        \t\t\t\t<\/div>\n\t\t\t\t<\/div>\n\t\t\t\t<div class=\"elementor-element elementor-element-ce9eaa9 elementor-widget elementor-widget-text-editor\" data-id=\"ce9eaa9\" data-element_type=\"widget\" data-e-type=\"widget\" data-widget_type=\"text-editor.default\">\n\t\t\t\t<div class=\"elementor-widget-container\">\n\t\t\t\t\t\t\t\t\t<p>La mayor\u00eda de las mascotas puede beneficiarse de alguna forma de rehabilitaci\u00f3n.<br \/>Est\u00e1 indicada, entre otros, en los siguientes casos:<\/p><p><strong>Ortopedia<\/strong><\/p><ul><li>Cirug\u00eda articular<\/li><li>Artritis<\/li><li>Lesiones deportivas<\/li><li>Reparaci\u00f3n de fracturas<\/li><li>Reparaci\u00f3n de tendones y ligamentos<\/li><li>Displasia de cadera y codo<\/li><\/ul><p><strong>Neurolog\u00eda<\/strong><\/p><ul><li>Cirug\u00eda postoperatoria de columna o de disco<\/li><li>Enfermedad del disco intervertebral no quir\u00fargico<\/li><li>S\u00edndrome de Wobbler<\/li><li>Movimiento descoordinado (ataxia)<\/li><li>Lesi\u00f3n del nervio perif\u00e9rico<\/li><li>Enfermedad nerviosa degenerativa<\/li><\/ul><p><strong>General<\/strong><\/p><ul><li>Dolor cr\u00f3nico<\/li><li>Envejecimiento (debilidad, rigidez, artritis)<\/li><li>Reducci\u00f3n y mantenimiento de la obesidad\/peso<\/li><li>Entrenamiento de fuerza y de aptitud f\u00edsica para los atletas caninos y los perros de trabajo<\/li><\/ul>\t\t\t\t\t\t\t\t<\/div>\n\t\t\t\t<\/div>\n\t\t\t\t\t<\/div>\n\t\t<\/div>\n\t\t\t\t\t<\/div>\n\t\t<\/section>\n\t\t\t\t<\/div>\n\t\t","protected":false},"excerpt":{"rendered":"<p>\u00bfEn qu\u00e9 consiste? En ofrecemos rehabilitaci\u00f3n, un tipo de terapia no invasiva, que se centra en las relaciones entre los m\u00fasculos, huesos, nervios, tendones y ligamentos para disminuir el dolor y mejorar la funci\u00f3n corporal tras una lesi\u00f3n o enfermedad. La rehabilitaci\u00f3n canina y felina emplea t\u00e9cnicas similares a las usadas en la fisioterapia humana, &hellip; <\/p>\n","protected":false},"author":8,"featured_media":0,"parent":13564,"menu_order":0,"comment_status":"closed","ping_status":"closed","template":"page-fullwidth.php","meta":{"_acf_changed":false,"content-type":"","footnotes":""},"class_list":["post-12939","page","type-page","status-publish","hentry"],"acf":[],"_links":{"self":[{"href":"https:\/\/www.unavets.com\/naveterinarios\/es\/wp-json\/wp\/v2\/pages\/12939","targetHints":{"allow":["GET"]}}],"collection":[{"href":"https:\/\/www.unavets.com\/naveterinarios\/es\/wp-json\/wp\/v2\/pages"}],"about":[{"href":"https:\/\/www.unavets.com\/naveterinarios\/es\/wp-json\/wp\/v2\/types\/page"}],"author":[{"embeddable":true,"href":"https:\/\/www.unavets.com\/naveterinarios\/es\/wp-json\/wp\/v2\/users\/8"}],"replies":[{"embeddable":true,"href":"https:\/\/www.unavets.com\/naveterinarios\/es\/wp-json\/wp\/v2\/comments?post=12939"}],"version-history":[{"count":10,"href":"https:\/\/www.unavets.com\/naveterinarios\/es\/wp-json\/wp\/v2\/pages\/12939\/revisions"}],"predecessor-version":[{"id":21477,"href":"https:\/\/www.unavets.com\/naveterinarios\/es\/wp-json\/wp\/v2\/pages\/12939\/revisions\/21477"}],"up":[{"embeddable":true,"href":"https:\/\/www.unavets.com\/naveterinarios\/es\/wp-json\/wp\/v2\/pages\/13564"}],"wp:attachment":[{"href":"https:\/\/www.unavets.com\/naveterinarios\/es\/wp-json\/wp\/v2\/media?parent=12939"}],"curies":[{"name":"wp","href":"https:\/\/api.w.org\/{rel}","templated":true}]}}