{"id":12809,"date":"2020-10-14T12:43:40","date_gmt":"2020-10-14T12:43:40","guid":{"rendered":"http:\/\/www.unavets.com\/naveterinarios\/endoscopy\/"},"modified":"2025-08-05T08:08:15","modified_gmt":"2025-08-05T08:08:15","slug":"endoscopia-fluoroscopia","status":"publish","type":"page","link":"https:\/\/www.unavets.com\/naveterinarios\/es\/especialidades\/endoscopia-fluoroscopia\/","title":{"rendered":"Endoscopia y Fluoroscopia"},"content":{"rendered":"\t\t<div data-elementor-type=\"wp-page\" data-elementor-id=\"12809\" class=\"elementor elementor-12809\" data-elementor-post-type=\"page\">\n\t\t\t\t\t\t<section class=\"elementor-section elementor-top-section elementor-element elementor-element-3b7f1f2 elementor-section-boxed elementor-section-height-default elementor-section-height-default\" data-id=\"3b7f1f2\" data-element_type=\"section\" data-e-type=\"section\" id=\"main-sec\">\n\t\t\t\t\t\t<div class=\"elementor-container elementor-column-gap-default\">\n\t\t\t\t\t<div class=\"elementor-column elementor-col-100 elementor-top-column elementor-element elementor-element-138c88c\" data-id=\"138c88c\" data-element_type=\"column\" data-e-type=\"column\">\n\t\t\t<div class=\"elementor-widget-wrap elementor-element-populated\">\n\t\t\t\t\t\t<div class=\"elementor-element elementor-element-ec83cf0 elementor-widget elementor-widget-section_titleleft\" data-id=\"ec83cf0\" data-element_type=\"widget\" data-e-type=\"widget\" data-widget_type=\"section_titleleft.default\">\n\t\t\t\t<div class=\"elementor-widget-container\">\n\t\t\t\t\t        <div class=\"ab_text-title fl-wrap\">\n            <h3>\u00bfQu\u00e9 es la endoscopia?<\/h3><span class=\"section-separator fl-sec-sep\"><\/span>        <\/div>\n        \t\t\t\t<\/div>\n\t\t\t\t<\/div>\n\t\t\t\t\t<\/div>\n\t\t<\/div>\n\t\t\t\t\t<\/div>\n\t\t<\/section>\n\t\t\t\t<section class=\"elementor-section elementor-top-section elementor-element elementor-element-d993722 elementor-section-boxed elementor-section-height-default elementor-section-height-default\" data-id=\"d993722\" data-element_type=\"section\" data-e-type=\"section\">\n\t\t\t\t\t\t<div class=\"elementor-container elementor-column-gap-wide\">\n\t\t\t\t\t<div class=\"elementor-column elementor-col-50 elementor-top-column elementor-element elementor-element-065811d\" data-id=\"065811d\" data-element_type=\"column\" data-e-type=\"column\">\n\t\t\t<div class=\"elementor-widget-wrap elementor-element-populated\">\n\t\t\t\t\t\t<div class=\"elementor-element elementor-element-63d99ac elementor-widget elementor-widget-text-editor\" data-id=\"63d99ac\" data-element_type=\"widget\" data-e-type=\"widget\" data-widget_type=\"text-editor.default\">\n\t\t\t\t<div class=\"elementor-widget-container\">\n\t\t\t\t\t\t\t\t\t<p>La<strong> Endoscopia<\/strong>, es un procedimiento en el que nuestros veterinarios de Hospital Veterinario NA en Jerez de la Frontera introducen un tubo que incorpora una c\u00e1mara y una fuente de luz a trav\u00e9s de los orificios naturales del organismo, tales como las v\u00edas respiratorias o el tracto intestinal, o bien mediante incisiones quir\u00fargicas en, por ejemplo, la cavidad abdominal o una articulaci\u00f3n, para observar cavidades internas del cuerpo. Puede tambi\u00e9n incorporar instrumental para llevar a cabo tomas de muestras o intervenciones quir\u00fargicas con m\u00ednima invasi\u00f3n al mismo tiempo (cauterizaci\u00f3n de tejidos, extirpaci\u00f3n de quistes, p\u00f3lipos o tumores\u2026).<\/p><p>La endoscopia requiere anestesia, por lo tanto, no produce dolor o trauma alguno para el paciente. Se puede utilizar para explorar la nariz, los o\u00eddos, el sistema digestivo, el sistema respiratorio, el sistema reproductivo y el sistema urinario.<\/p>\t\t\t\t\t\t\t\t<\/div>\n\t\t\t\t<\/div>\n\t\t\t\t<div class=\"elementor-element elementor-element-70fb1ad elementor-widget elementor-widget-section_titleleft\" data-id=\"70fb1ad\" data-element_type=\"widget\" data-e-type=\"widget\" data-widget_type=\"section_titleleft.default\">\n\t\t\t\t<div class=\"elementor-widget-container\">\n\t\t\t\t\t        <div class=\"ab_text-title fl-wrap\">\n            <h3>\u00bfCu\u00e1ndo se considera realizar una endoscopia?<\/h3><span class=\"section-separator fl-sec-sep\"><\/span>        <\/div>\n        \t\t\t\t<\/div>\n\t\t\t\t<\/div>\n\t\t\t\t<div class=\"elementor-element elementor-element-e1b240e elementor-widget elementor-widget-text-editor\" data-id=\"e1b240e\" data-element_type=\"widget\" data-e-type=\"widget\" data-widget_type=\"text-editor.default\">\n\t\t\t\t<div class=\"elementor-widget-container\">\n\t\t\t\t\t\t\t\t\t<p>Se recomienda para entender la causa de los estornudos, v\u00f3mitos, diarrea o problemas urinarios en las mascotas y se puede utilizar para extraer objetos de la nariz, los pulmones, el est\u00f3mago o el es\u00f3fago sin tener que practicar una dolorosa cirug\u00eda.<\/p><p>El tiempo de recuperaci\u00f3n es inmediato, as\u00ed que una vez realizada, la mascota puede reanudar su vida cotidiana enseguida.<\/p>\t\t\t\t\t\t\t\t<\/div>\n\t\t\t\t<\/div>\n\t\t\t\t<div class=\"elementor-element elementor-element-a350bb9 elementor-align-center elementor-widget elementor-widget-button\" data-id=\"a350bb9\" data-element_type=\"widget\" data-e-type=\"widget\" data-widget_type=\"button.default\">\n\t\t\t\t<div class=\"elementor-widget-container\">\n\t\t\t\t\t\t\t\t\t<div class=\"elementor-button-wrapper\">\n\t\t\t\t\t<a class=\"elementor-button elementor-button-link elementor-size-md\" href=\"tel:856242078\">\n\t\t\t\t\t\t<span class=\"elementor-button-content-wrapper\">\n\t\t\t\t\t\t<span class=\"elementor-button-icon\">\n\t\t\t\t<i aria-hidden=\"true\" class=\"far fa-calendar-alt\"><\/i>\t\t\t<\/span>\n\t\t\t\t\t\t\t\t\t<span class=\"elementor-button-text\">Pide Cita<\/span>\n\t\t\t\t\t<\/span>\n\t\t\t\t\t<\/a>\n\t\t\t\t<\/div>\n\t\t\t\t\t\t\t\t<\/div>\n\t\t\t\t<\/div>\n\t\t\t\t\t<\/div>\n\t\t<\/div>\n\t\t\t\t<div class=\"elementor-column elementor-col-50 elementor-top-column elementor-element elementor-element-2048e61\" data-id=\"2048e61\" data-element_type=\"column\" data-e-type=\"column\">\n\t\t\t<div class=\"elementor-widget-wrap elementor-element-populated\">\n\t\t\t\t\t\t<div class=\"elementor-element elementor-element-22043a1 elementor-widget elementor-widget-image\" data-id=\"22043a1\" data-element_type=\"widget\" data-e-type=\"widget\" data-widget_type=\"image.default\">\n\t\t\t\t<div class=\"elementor-widget-container\">\n\t\t\t\t\t\t\t\t\t\t\t\t\t\t\t<img decoding=\"async\" src=\"https:\/\/www.unavets.com\/naveterinarios\/wp-content\/uploads\/sites\/42\/elementor\/thumbs\/endoscopia-2-r9sv6d90929av3auwao021oa995rbs96ameaigxdv4.jpg\" title=\"endoscopia 2\" alt=\"endoscopia 2\" loading=\"lazy\" \/>\t\t\t\t\t\t\t\t\t\t\t\t\t\t\t<\/div>\n\t\t\t\t<\/div>\n\t\t\t\t\t<\/div>\n\t\t<\/div>\n\t\t\t\t\t<\/div>\n\t\t<\/section>\n\t\t\t\t<section class=\"elementor-section elementor-top-section elementor-element elementor-element-99b8650 elementor-section-boxed elementor-section-height-default elementor-section-height-default\" data-id=\"99b8650\" data-element_type=\"section\" data-e-type=\"section\">\n\t\t\t\t\t\t<div class=\"elementor-container elementor-column-gap-default\">\n\t\t\t\t\t<div class=\"elementor-column elementor-col-50 elementor-top-column elementor-element elementor-element-847b22f\" data-id=\"847b22f\" data-element_type=\"column\" data-e-type=\"column\">\n\t\t\t<div class=\"elementor-widget-wrap elementor-element-populated\">\n\t\t\t\t\t\t<div class=\"elementor-element elementor-element-74a104a elementor-widget elementor-widget-image\" data-id=\"74a104a\" data-element_type=\"widget\" data-e-type=\"widget\" data-widget_type=\"image.default\">\n\t\t\t\t<div class=\"elementor-widget-container\">\n\t\t\t\t\t\t\t\t\t\t\t\t\t\t\t<img decoding=\"async\" src=\"https:\/\/www.unavets.com\/naveterinarios\/wp-content\/uploads\/sites\/42\/elementor\/thumbs\/fluoroscopia-3-r9sv62ws5vv5bdpvko73sma7q0kpz444l77y8fcprk.jpg\" title=\"fluoroscopia 3\" alt=\"fluoroscopia 3\" loading=\"lazy\" \/>\t\t\t\t\t\t\t\t\t\t\t\t\t\t\t<\/div>\n\t\t\t\t<\/div>\n\t\t\t\t\t<\/div>\n\t\t<\/div>\n\t\t\t\t<div class=\"elementor-column elementor-col-50 elementor-top-column elementor-element elementor-element-9d170af\" data-id=\"9d170af\" data-element_type=\"column\" data-e-type=\"column\">\n\t\t\t<div class=\"elementor-widget-wrap elementor-element-populated\">\n\t\t\t\t\t\t<div class=\"elementor-element elementor-element-cdde1f9 elementor-widget elementor-widget-section_titleleft\" data-id=\"cdde1f9\" data-element_type=\"widget\" data-e-type=\"widget\" data-widget_type=\"section_titleleft.default\">\n\t\t\t\t<div class=\"elementor-widget-container\">\n\t\t\t\t\t        <div class=\"ab_text-title fl-wrap\">\n            <h3>\u00bfQu\u00e9 es la fluoroscopia?<\/h3><span class=\"section-separator fl-sec-sep\"><\/span>        <\/div>\n        \t\t\t\t<\/div>\n\t\t\t\t<\/div>\n\t\t\t\t<div class=\"elementor-element elementor-element-319ff1f elementor-widget elementor-widget-text-editor\" data-id=\"319ff1f\" data-element_type=\"widget\" data-e-type=\"widget\" data-widget_type=\"text-editor.default\">\n\t\t\t\t<div class=\"elementor-widget-container\">\n\t\t\t\t\t\t\t\t\t<p>La <strong>fluoroscopia<\/strong> es una t\u00e9cnica de diagn\u00f3stico por imagen que utiliza <strong>rayos X<\/strong> para crear <strong>im\u00e1genes en movimiento y en tiempo real<\/strong> del interior del cuerpo. A diferencia de una radiograf\u00eda convencional, que es como una &#8220;fotograf\u00eda fija&#8221;, la fluoroscopia es como un &#8220;video&#8221; de lo que est\u00e1 ocurriendo dentro del organismo.\u00a0<\/p><p>Se utiliza un equipo de rayos X especializado, a menudo con un <strong>arco en C<\/strong> (que permite mover el generador de rayos X y el detector alrededor del paciente). Los rayos X atraviesan el cuerpo del animal y son captados por un detector que convierte la informaci\u00f3n en im\u00e1genes digitales que se muestran en un monitor.<\/p>\t\t\t\t\t\t\t\t<\/div>\n\t\t\t\t<\/div>\n\t\t\t\t<div class=\"elementor-element elementor-element-55a27b1 elementor-widget elementor-widget-section_titleleft\" data-id=\"55a27b1\" data-element_type=\"widget\" data-e-type=\"widget\" data-widget_type=\"section_titleleft.default\">\n\t\t\t\t<div class=\"elementor-widget-container\">\n\t\t\t\t\t        <div class=\"ab_text-title fl-wrap\">\n            <h3>\u00bfCu\u00e1ndo se considera realizar una fluoroscopia?<\/h3><span class=\"section-separator fl-sec-sep\"><\/span>        <\/div>\n        \t\t\t\t<\/div>\n\t\t\t\t<\/div>\n\t\t\t\t<div class=\"elementor-element elementor-element-72581a9 elementor-widget elementor-widget-text-editor\" data-id=\"72581a9\" data-element_type=\"widget\" data-e-type=\"widget\" data-widget_type=\"text-editor.default\">\n\t\t\t\t<div class=\"elementor-widget-container\">\n\t\t\t\t\t\t\t\t\t<p>Se recomienda para evaluar c\u00f3mo un animal traga (disfagia), el tr\u00e1nsito del alimento por el sistema digestivo, o para diagnosticar el colapso de la tr\u00e1quea o los bronquios, ya que estas condiciones solo son evidentes al verlas en movimiento. Adem\u00e1s, es indispensable para guiar procedimientos como la colocaci\u00f3n exacta de implantes en cirug\u00edas ortop\u00e9dicas, la extracci\u00f3n de cuerpos extra\u00f1os sin necesidad de cirug\u00eda abierta, o la inserci\u00f3n precisa de cat\u00e9teres y stents en sistemas tan delicados como el card\u00edaco, urinario o respiratorio.<\/p>\t\t\t\t\t\t\t\t<\/div>\n\t\t\t\t<\/div>\n\t\t\t\t<div class=\"elementor-element elementor-element-b288de4 elementor-align-center elementor-widget elementor-widget-button\" data-id=\"b288de4\" data-element_type=\"widget\" data-e-type=\"widget\" data-widget_type=\"button.default\">\n\t\t\t\t<div class=\"elementor-widget-container\">\n\t\t\t\t\t\t\t\t\t<div class=\"elementor-button-wrapper\">\n\t\t\t\t\t<a class=\"elementor-button elementor-button-link elementor-size-md\" href=\"tel:856242078\">\n\t\t\t\t\t\t<span class=\"elementor-button-content-wrapper\">\n\t\t\t\t\t\t<span class=\"elementor-button-icon\">\n\t\t\t\t<i aria-hidden=\"true\" class=\"far fa-calendar-alt\"><\/i>\t\t\t<\/span>\n\t\t\t\t\t\t\t\t\t<span class=\"elementor-button-text\">Pide Cita<\/span>\n\t\t\t\t\t<\/span>\n\t\t\t\t\t<\/a>\n\t\t\t\t<\/div>\n\t\t\t\t\t\t\t\t<\/div>\n\t\t\t\t<\/div>\n\t\t\t\t\t<\/div>\n\t\t<\/div>\n\t\t\t\t\t<\/div>\n\t\t<\/section>\n\t\t\t\t<section class=\"elementor-section elementor-top-section elementor-element elementor-element-82220a6 elementor-section-boxed elementor-section-height-default elementor-section-height-default\" data-id=\"82220a6\" data-element_type=\"section\" data-e-type=\"section\">\n\t\t\t\t\t\t<div class=\"elementor-container elementor-column-gap-default\">\n\t\t\t\t\t<div class=\"elementor-column elementor-col-100 elementor-top-column elementor-element elementor-element-5bf5ffc\" data-id=\"5bf5ffc\" data-element_type=\"column\" data-e-type=\"column\">\n\t\t\t<div class=\"elementor-widget-wrap\">\n\t\t\t\t\t\t\t<\/div>\n\t\t<\/div>\n\t\t\t\t\t<\/div>\n\t\t<\/section>\n\t\t\t\t<\/div>\n\t\t","protected":false},"excerpt":{"rendered":"<p>\u00bfQu\u00e9 es la endoscopia? La Endoscopia, es un procedimiento en el que nuestros veterinarios de en introducen un tubo que incorpora una c\u00e1mara y una fuente de luz a trav\u00e9s de los orificios naturales del organismo, tales como las v\u00edas respiratorias o el tracto intestinal, o bien mediante incisiones quir\u00fargicas en, por ejemplo, la cavidad &hellip; <\/p>\n","protected":false},"author":8,"featured_media":0,"parent":13592,"menu_order":0,"comment_status":"closed","ping_status":"closed","template":"page-fullwidth.php","meta":{"_acf_changed":false,"content-type":"","footnotes":""},"class_list":["post-12809","page","type-page","status-publish","hentry"],"acf":[],"_links":{"self":[{"href":"https:\/\/www.unavets.com\/naveterinarios\/es\/wp-json\/wp\/v2\/pages\/12809","targetHints":{"allow":["GET"]}}],"collection":[{"href":"https:\/\/www.unavets.com\/naveterinarios\/es\/wp-json\/wp\/v2\/pages"}],"about":[{"href":"https:\/\/www.unavets.com\/naveterinarios\/es\/wp-json\/wp\/v2\/types\/page"}],"author":[{"embeddable":true,"href":"https:\/\/www.unavets.com\/naveterinarios\/es\/wp-json\/wp\/v2\/users\/8"}],"replies":[{"embeddable":true,"href":"https:\/\/www.unavets.com\/naveterinarios\/es\/wp-json\/wp\/v2\/comments?post=12809"}],"version-history":[{"count":17,"href":"https:\/\/www.unavets.com\/naveterinarios\/es\/wp-json\/wp\/v2\/pages\/12809\/revisions"}],"predecessor-version":[{"id":21826,"href":"https:\/\/www.unavets.com\/naveterinarios\/es\/wp-json\/wp\/v2\/pages\/12809\/revisions\/21826"}],"up":[{"embeddable":true,"href":"https:\/\/www.unavets.com\/naveterinarios\/es\/wp-json\/wp\/v2\/pages\/13592"}],"wp:attachment":[{"href":"https:\/\/www.unavets.com\/naveterinarios\/es\/wp-json\/wp\/v2\/media?parent=12809"}],"curies":[{"name":"wp","href":"https:\/\/api.w.org\/{rel}","templated":true}]}}