{"id":18683,"date":"2022-04-20T13:45:44","date_gmt":"2022-04-20T13:45:44","guid":{"rendered":"https:\/\/www.unavets.com\/nanclares\/?page_id=18683"},"modified":"2022-07-25T13:51:28","modified_gmt":"2022-07-25T13:51:28","slug":"residencia-canina","status":"publish","type":"page","link":"https:\/\/www.unavets.com\/nanclares\/es\/residencia-canina\/","title":{"rendered":"Residencia canina"},"content":{"rendered":"\t\t<div data-elementor-type=\"wp-page\" data-elementor-id=\"18683\" class=\"elementor elementor-18683\" data-elementor-post-type=\"page\">\n\t\t\t\t\t\t<section class=\"elementor-section elementor-top-section elementor-element elementor-element-d993722 elementor-section-boxed elementor-section-height-default elementor-section-height-default\" data-id=\"d993722\" data-element_type=\"section\" data-e-type=\"section\" id=\"main-sec\">\n\t\t\t\t\t\t<div class=\"elementor-container elementor-column-gap-default\">\n\t\t\t\t\t<div class=\"elementor-column elementor-col-100 elementor-top-column elementor-element elementor-element-065811d\" data-id=\"065811d\" data-element_type=\"column\" data-e-type=\"column\">\n\t\t\t<div class=\"elementor-widget-wrap elementor-element-populated\">\n\t\t\t\t\t\t<div class=\"elementor-element elementor-element-63d99ac elementor-widget elementor-widget-text-editor\" data-id=\"63d99ac\" data-element_type=\"widget\" data-e-type=\"widget\" data-widget_type=\"text-editor.default\">\n\t\t\t\t<div class=\"elementor-widget-container\">\n\t\t\t\t\t\t\t\t\t<p>Nuestra Residencia Canina en Nanclares de la Oca est\u00e1 <strong>gestionada por veterinarios<\/strong> y la plantilla la componen 5 veterinarias y 3 auxiliares de veterinaria que trabajan d\u00eda a d\u00eda en dichas instalaciones con el fin de que tanto nuestros pacientes de cl\u00ednica, como nuestros hu\u00e9spedes de residencia, reciban todos los cuidados necesarios para su bienestar.<\/p><p>Tambi\u00e9n pueden permanecer en las instalaciones de la residencia aquellos perros que necesiten\u00a0<strong>recuperaciones postquir\u00fargicas, terapias de rehabilitaci\u00f3n o cualquier tratamiento espec\u00edfico<\/strong>\u00a0que sus propietarios no puedan llevar a cabo en sus casas. Por supuesto, siempre que no sean procesos infectocontagiosos.<\/p><p>La residencia cuenta con 60 chelines de 8 metros cuadrados cada uno y con sistema de\u00a0<strong>calefacci\u00f3n<\/strong>\u00a0el\u00e9ctrica individual. Tambi\u00e9n dispone de amplias\u00a0<strong>zonas de recreo<\/strong>\u00a0para el esparcimiento de las mascotas.<\/p><p>En cuanto a la\u00a0<strong>alimentaci\u00f3n<\/strong>, solo trabajamos con marcas de calidad premium y tambi\u00e9n disponemos de dietas de prescripci\u00f3n veterinaria, espec\u00edficas para ciertas enfermedades o patolog\u00edas.<\/p>\t\t\t\t\t\t\t\t<\/div>\n\t\t\t\t<\/div>\n\t\t\t\t<div class=\"elementor-element elementor-element-40924b5 elementor-align-center round-button elementor-widget elementor-widget-button\" data-id=\"40924b5\" data-element_type=\"widget\" data-e-type=\"widget\" data-widget_type=\"button.default\">\n\t\t\t\t<div class=\"elementor-widget-container\">\n\t\t\t\t\t\t\t\t\t<div class=\"elementor-button-wrapper\">\n\t\t\t\t\t<a class=\"elementor-button elementor-button-link elementor-size-md\" href=\"tel:945361556\">\n\t\t\t\t\t\t<span class=\"elementor-button-content-wrapper\">\n\t\t\t\t\t\t<span class=\"elementor-button-icon\">\n\t\t\t\t<i aria-hidden=\"true\" class=\"far fa-calendar-alt\"><\/i>\t\t\t<\/span>\n\t\t\t\t\t\t\t\t\t<span class=\"elementor-button-text\">Pide cita<\/span>\n\t\t\t\t\t<\/span>\n\t\t\t\t\t<\/a>\n\t\t\t\t<\/div>\n\t\t\t\t\t\t\t\t<\/div>\n\t\t\t\t<\/div>\n\t\t\t\t<div class=\"elementor-element elementor-element-dc7c821 elementor-widget elementor-widget-image\" data-id=\"dc7c821\" data-element_type=\"widget\" data-e-type=\"widget\" data-widget_type=\"image.default\">\n\t\t\t\t<div class=\"elementor-widget-container\">\n\t\t\t\t\t\t\t\t\t\t\t\t\t\t\t<img fetchpriority=\"high\" width=\"623\" height=\"421\" class=\"attachment-medium_large size-medium_large wp-image-19160 lazy\" alt=\"\" data-src=\"https:\/\/www.unavets.com\/nanclares\/wp-content\/uploads\/sites\/18\/2022\/07\/4-1.jpg\" data-lazy=\"https:\/\/www.unavets.com\/nanclares\/wp-content\/uploads\/sites\/18\/2022\/07\/4-1.jpg\" \/>\t\t\t\t\t\t\t\t\t\t\t\t\t\t\t<\/div>\n\t\t\t\t<\/div>\n\t\t\t\t\t<\/div>\n\t\t<\/div>\n\t\t\t\t\t<\/div>\n\t\t<\/section>\n\t\t\t\t<\/div>\n\t\t","protected":false},"excerpt":{"rendered":"<p>Nuestra Residencia Canina en Nanclares de la Oca est\u00e1 gestionada por veterinarios y la plantilla la componen 5 veterinarias y 3 auxiliares de veterinaria que trabajan d\u00eda a d\u00eda en dichas instalaciones con el fin de que tanto nuestros pacientes de cl\u00ednica, como nuestros hu\u00e9spedes de residencia, reciban todos los cuidados necesarios para su bienestar. &hellip; <\/p>\n","protected":false},"author":8,"featured_media":0,"parent":0,"menu_order":0,"comment_status":"closed","ping_status":"closed","template":"page-fullwidth.php","meta":{"_acf_changed":false,"content-type":"","footnotes":""},"class_list":["post-18683","page","type-page","status-publish","hentry"],"acf":[],"_links":{"self":[{"href":"https:\/\/www.unavets.com\/nanclares\/es\/wp-json\/wp\/v2\/pages\/18683","targetHints":{"allow":["GET"]}}],"collection":[{"href":"https:\/\/www.unavets.com\/nanclares\/es\/wp-json\/wp\/v2\/pages"}],"about":[{"href":"https:\/\/www.unavets.com\/nanclares\/es\/wp-json\/wp\/v2\/types\/page"}],"author":[{"embeddable":true,"href":"https:\/\/www.unavets.com\/nanclares\/es\/wp-json\/wp\/v2\/users\/8"}],"replies":[{"embeddable":true,"href":"https:\/\/www.unavets.com\/nanclares\/es\/wp-json\/wp\/v2\/comments?post=18683"}],"version-history":[{"count":0,"href":"https:\/\/www.unavets.com\/nanclares\/es\/wp-json\/wp\/v2\/pages\/18683\/revisions"}],"wp:attachment":[{"href":"https:\/\/www.unavets.com\/nanclares\/es\/wp-json\/wp\/v2\/media?parent=18683"}],"curies":[{"name":"wp","href":"https:\/\/api.w.org\/{rel}","templated":true}]}}