{"id":12986,"date":"2020-10-03T08:11:17","date_gmt":"2020-10-03T08:11:17","guid":{"rendered":"http:\/\/www.unavets.com\/nanclares\/work-with-us\/"},"modified":"2022-07-27T08:57:08","modified_gmt":"2022-07-27T08:57:08","slug":"trabaja-con-nosotros","status":"publish","type":"page","link":"https:\/\/www.unavets.com\/nanclares\/es\/trabaja-con-nosotros\/","title":{"rendered":"Trabaja con nosotros"},"content":{"rendered":"\t\t<div data-elementor-type=\"wp-page\" data-elementor-id=\"12986\" class=\"elementor elementor-12986 elementor-280\" data-elementor-post-type=\"page\">\n\t\t\t\t\t\t<section class=\"elementor-section elementor-top-section elementor-element elementor-element-54428c4 pad-bot-50 elementor-section-boxed elementor-section-height-default elementor-section-height-default\" data-id=\"54428c4\" data-element_type=\"section\" data-e-type=\"section\" id=\"main-sec\">\n\t\t\t\t\t\t<div class=\"elementor-container elementor-column-gap-wide\">\n\t\t\t\t\t<div class=\"elementor-column elementor-col-33 elementor-top-column elementor-element elementor-element-a3257a6\" data-id=\"a3257a6\" data-element_type=\"column\" data-e-type=\"column\">\n\t\t\t<div class=\"elementor-widget-wrap elementor-element-populated\">\n\t\t\t\t\t\t<div class=\"elementor-element elementor-element-5b2bc8f elementor-widget elementor-widget-section_titleleft\" data-id=\"5b2bc8f\" data-element_type=\"widget\" data-e-type=\"widget\" data-widget_type=\"section_titleleft.default\">\n\t\t\t\t<div class=\"elementor-widget-container\">\n\t\t\t\t\t        <div class=\"ab_text-title fl-wrap\">\n            <h3>Ponte en contacto<\/h3><span class=\"section-separator fl-sec-sep\"><\/span>        <\/div>\n        \t\t\t\t<\/div>\n\t\t\t\t<\/div>\n\t\t\t\t<section class=\"elementor-section elementor-inner-section elementor-element elementor-element-c0bc527 elementor-section-boxed elementor-section-height-default elementor-section-height-default\" data-id=\"c0bc527\" data-element_type=\"section\" data-e-type=\"section\">\n\t\t\t\t\t\t<div class=\"elementor-container elementor-column-gap-default\">\n\t\t\t\t\t<div class=\"elementor-column elementor-col-50 elementor-inner-column elementor-element elementor-element-64afbbf\" data-id=\"64afbbf\" data-element_type=\"column\" data-e-type=\"column\">\n\t\t\t<div class=\"elementor-widget-wrap elementor-element-populated\">\n\t\t\t\t\t\t<div class=\"elementor-element elementor-element-1309db6 elementor-widget elementor-widget-image\" data-id=\"1309db6\" data-element_type=\"widget\" data-e-type=\"widget\" data-widget_type=\"image.default\">\n\t\t\t\t<div class=\"elementor-widget-container\">\n\t\t\t\t\t\t\t\t\t\t\t\t\t\t\t<img width=\"205\" height=\"44\" class=\"attachment-large size-large wp-image-18729 lazy\" alt=\"\" data-src=\"https:\/\/www.unavets.com\/nanclares\/wp-content\/uploads\/sites\/18\/2022\/04\/cropped-Diseno-sin-titulo-11.png\" data-lazy=\"https:\/\/www.unavets.com\/nanclares\/wp-content\/uploads\/sites\/18\/2022\/04\/cropped-Diseno-sin-titulo-11.png\" \/>\t\t\t\t\t\t\t\t\t\t\t\t\t\t\t<\/div>\n\t\t\t\t<\/div>\n\t\t\t\t\t<\/div>\n\t\t<\/div>\n\t\t\t\t<div class=\"elementor-column elementor-col-50 elementor-inner-column elementor-element elementor-element-aef3bdb\" data-id=\"aef3bdb\" data-element_type=\"column\" data-e-type=\"column\">\n\t\t\t<div class=\"elementor-widget-wrap\">\n\t\t\t\t\t\t\t<\/div>\n\t\t<\/div>\n\t\t\t\t\t<\/div>\n\t\t<\/section>\n\t\t\t\t<div class=\"elementor-element elementor-element-26580b3 contact-infos-widget elementor-widget elementor-widget-text-editor\" data-id=\"26580b3\" data-element_type=\"widget\" data-e-type=\"widget\" data-widget_type=\"text-editor.default\">\n\t\t\t\t<div class=\"elementor-widget-container\">\n\t\t\t\t\t\t\t\t\t<ul class=\"no-list-style contact-infos\"><li><span class=\"no-rep\"><i class=\"fal fa-map-marker\"><\/i> Direcci\u00f3n: <a href=\"https:\/\/www.google.com\/maps\/place\/Clinica+Veterinaria+Nanclares+De+La+Oca\/@42.8146728,-2.7934372,17z\/data=!3m1!4b1!4m5!3m4!1s0xd4f95442895170b:0x768b913951daeb42!8m2!3d42.8146707!4d-2.7912433\" target=\"_blank\" rel=\"noopener\"><span style=\"color: #808080;\">Calle La Haya, 8 &#8211; 01230 Nanclares de la Oca, \u00c1lava<\/span><\/a><\/span><\/li><li><span class=\"no-rep\"><i class=\"fal fa-phone\"><\/i> Tel\u00e9fono:<a href=\"tel:+34945361556\">945 361 556<\/a><\/span><\/li><li><span class=\"no-rep\"><i class=\"fal fa-envelope\"><\/i> Correo:<\/span> <a href=\"mailto:nanclares@clinicaveterinariananclares.com\">nanclares@clinicaveterinariananclares.com<\/a><\/li><\/ul><ul class=\"no-list-style contact-socials\"><li><a href=\"https:\/\/www.facebook.com\/clinicasveterinariasnanclares\" target=\"_blank\" rel=\"noopener\"><i class=\"fab fa-facebook-f\"><\/i><\/a><\/li><li><a href=\"https:\/\/www.instagram.com\/clinicasveterinariasnanclares\" target=\"_blank\" rel=\"noopener\"><i class=\"fab fa-instagram\"><\/i><\/a><\/li><\/ul>\t\t\t\t\t\t\t\t<\/div>\n\t\t\t\t<\/div>\n\t\t\t\t<section class=\"elementor-section elementor-inner-section elementor-element elementor-element-833a901 elementor-section-boxed elementor-section-height-default elementor-section-height-default\" data-id=\"833a901\" data-element_type=\"section\" data-e-type=\"section\">\n\t\t\t\t\t\t<div class=\"elementor-container elementor-column-gap-default\">\n\t\t\t\t\t<div class=\"elementor-column elementor-col-50 elementor-inner-column elementor-element elementor-element-bc81a63\" data-id=\"bc81a63\" data-element_type=\"column\" data-e-type=\"column\">\n\t\t\t<div class=\"elementor-widget-wrap elementor-element-populated\">\n\t\t\t\t\t\t<div class=\"elementor-element elementor-element-dbe825c elementor-widget elementor-widget-image\" data-id=\"dbe825c\" data-element_type=\"widget\" data-e-type=\"widget\" data-widget_type=\"image.default\">\n\t\t\t\t<div class=\"elementor-widget-container\">\n\t\t\t\t\t\t\t\t\t\t\t\t\t\t\t<img width=\"205\" height=\"58\" class=\"attachment-large size-large wp-image-18699 lazy\" alt=\"\" data-src=\"https:\/\/www.unavets.com\/nanclares\/wp-content\/uploads\/sites\/18\/2022\/04\/Miranda-e1658397611724.png\" data-lazy=\"https:\/\/www.unavets.com\/nanclares\/wp-content\/uploads\/sites\/18\/2022\/04\/Miranda-e1658397611724.png\" \/>\t\t\t\t\t\t\t\t\t\t\t\t\t\t\t<\/div>\n\t\t\t\t<\/div>\n\t\t\t\t\t<\/div>\n\t\t<\/div>\n\t\t\t\t<div class=\"elementor-column elementor-col-50 elementor-inner-column elementor-element elementor-element-e162890\" data-id=\"e162890\" data-element_type=\"column\" data-e-type=\"column\">\n\t\t\t<div class=\"elementor-widget-wrap\">\n\t\t\t\t\t\t\t<\/div>\n\t\t<\/div>\n\t\t\t\t\t<\/div>\n\t\t<\/section>\n\t\t\t\t<div class=\"elementor-element elementor-element-f5407b9 contact-infos-widget elementor-widget elementor-widget-text-editor\" data-id=\"f5407b9\" data-element_type=\"widget\" data-e-type=\"widget\" data-widget_type=\"text-editor.default\">\n\t\t\t\t<div class=\"elementor-widget-container\">\n\t\t\t\t\t\t\t\t\t<ul class=\"no-list-style contact-infos\"><li><span class=\"no-rep\"><i class=\"fal fa-map-marker\"><\/i> Direcci\u00f3n: <a href=\"https:\/\/www.google.com\/maps\/place\/Cl%C3%ADnica+Veterinaria+Nanclares+Miranda+de+Ebro\/@42.6843639,-2.9455787,17z\/data=!3m1!4b1!4m5!3m4!1s0xd4f9aa4068016cb:0x80e6832596daf4b5!8m2!3d42.68436!4d-2.94339\" target=\"_blank\" rel=\"noopener\">Plaza Rep\u00fablica Argentina, 1, 09200 Miranda de Ebro, Burgos<\/a><\/span><\/li><li><span class=\"no-rep\"><i class=\"fal fa-phone\"><\/i> Tel\u00e9fono: <a href=\"tel:+34947323738\">947 323 738<\/a><\/span><\/li><li><span class=\"no-rep\"><i class=\"fal fa-envelope\"><\/i> Correo:<\/span><a href=\"mailto:miranda@clinicaveterinariananclares.com\">miranda@clinicaveterinariananclares.com<\/a><\/li><\/ul><ul class=\"no-list-style contact-socials\"><li><a href=\"https:\/\/www.facebook.com\/clinicasveterinariasnanclares\" target=\"_blank\" rel=\"noopener\"><i class=\"fab fa-facebook-f\"><\/i><\/a><\/li><li><a href=\"https:\/\/www.instagram.com\/clinicasveterinariasnanclares\" target=\"_blank\" rel=\"noopener\"><i class=\"fab fa-instagram\"><\/i><\/a><\/li><\/ul>\t\t\t\t\t\t\t\t<\/div>\n\t\t\t\t<\/div>\n\t\t\t\t\t<\/div>\n\t\t<\/div>\n\t\t\t\t<div class=\"elementor-column elementor-col-66 elementor-top-column elementor-element elementor-element-d435c3f\" data-id=\"d435c3f\" data-element_type=\"column\" data-e-type=\"column\">\n\t\t\t<div class=\"elementor-widget-wrap elementor-element-populated\">\n\t\t\t\t\t\t<div class=\"elementor-element elementor-element-4659daa elementor-widget elementor-widget-section_titleleft\" data-id=\"4659daa\" data-element_type=\"widget\" data-e-type=\"widget\" data-widget_type=\"section_titleleft.default\">\n\t\t\t\t<div class=\"elementor-widget-container\">\n\t\t\t\t\t        <div class=\"ab_text-title fl-wrap\">\n            <h3>\u00bfQuieres unirte a nuestro equipo?<\/h3><span class=\"section-separator fl-sec-sep\"><\/span>        <\/div>\n        \t\t\t\t<\/div>\n\t\t\t\t<\/div>\n\t\t\t\t<div class=\"elementor-element elementor-element-f74f60c elementor-widget elementor-widget-text-editor\" data-id=\"f74f60c\" data-element_type=\"widget\" data-e-type=\"widget\" data-widget_type=\"text-editor.default\">\n\t\t\t\t<div class=\"elementor-widget-container\">\n\t\t\t\t\t\t\t\t\t<p>Siempre estamos abiertos a ampliar nuestro equipo con profesionales cualificados, dedicados y apasionados. <span style=\"text-decoration: underline;color: #3366ff\"><strong><a style=\"color: #3366ff;text-decoration: underline\" href=\"http:\/\/www.unavets.com\/es\/trabaja-con-nosotros\/\">Descubre aqu\u00ed<\/a><\/strong><\/span> los puestos vacantes en Cl\u00ednicas Veterinarias Nanclares y otras cl\u00ednicas de UNAVETS de tu zona.<\/p><p>Si actualmente no tenemos posiciones disponibles y est\u00e1s interesado en trabajar con nosotros, rellena el siguiente formulario y tendremos en cuenta tu perfil para pr\u00f3ximas vacantes.<\/p><p>\n\t\t\t\t\t\t<script>\n\t\t\t\t\t\t\twindow.hsFormsOnReady = window.hsFormsOnReady || [];\n\t\t\t\t\t\t\twindow.hsFormsOnReady.push(()=>{\n\t\t\t\t\t\t\t\thbspt.forms.create({\n\t\t\t\t\t\t\t\t\tportalId: 8560088,\n\t\t\t\t\t\t\t\t\tformId: \"41f51d17-0868-428b-a158-023e02fab217\",\n\t\t\t\t\t\t\t\t\ttarget: \"#hbspt-form-1778307499000-2638442159\",\n\t\t\t\t\t\t\t\t\tregion: \"\",\n\t\t\t\t\t\t\t\t\t\n\t\t\t\t\t\t\t})});\n\t\t\t\t\t\t<\/script>\n\t\t\t\t\t\t<div class=\"hbspt-form\" id=\"hbspt-form-1778307499000-2638442159\"><\/div><\/p>\t\t\t\t\t\t\t\t<\/div>\n\t\t\t\t<\/div>\n\t\t\t\t\t<\/div>\n\t\t<\/div>\n\t\t\t\t\t<\/div>\n\t\t<\/section>\n\t\t\t\t<\/div>\n\t\t","protected":false},"excerpt":{"rendered":"<p>Ponte en contacto Direcci\u00f3n: Calle La Haya, 8 &#8211; 01230 Nanclares de la Oca, \u00c1lava Tel\u00e9fono:945 361 556 Correo: nanclares@clinicaveterinariananclares.com Direcci\u00f3n: Plaza Rep\u00fablica Argentina, 1, 09200 Miranda de Ebro, Burgos Tel\u00e9fono: 947 323 738 Correo:miranda@clinicaveterinariananclares.com \u00bfQuieres unirte a nuestro equipo? Siempre estamos abiertos a ampliar nuestro equipo con profesionales cualificados, dedicados y apasionados. Descubre aqu\u00ed &hellip; <\/p>\n","protected":false},"author":1,"featured_media":0,"parent":0,"menu_order":0,"comment_status":"closed","ping_status":"closed","template":"page-fullwidth.php","meta":{"_acf_changed":false,"content-type":"","footnotes":""},"class_list":["post-12986","page","type-page","status-publish","hentry"],"acf":[],"_links":{"self":[{"href":"https:\/\/www.unavets.com\/nanclares\/es\/wp-json\/wp\/v2\/pages\/12986","targetHints":{"allow":["GET"]}}],"collection":[{"href":"https:\/\/www.unavets.com\/nanclares\/es\/wp-json\/wp\/v2\/pages"}],"about":[{"href":"https:\/\/www.unavets.com\/nanclares\/es\/wp-json\/wp\/v2\/types\/page"}],"author":[{"embeddable":true,"href":"https:\/\/www.unavets.com\/nanclares\/es\/wp-json\/wp\/v2\/users\/1"}],"replies":[{"embeddable":true,"href":"https:\/\/www.unavets.com\/nanclares\/es\/wp-json\/wp\/v2\/comments?post=12986"}],"version-history":[{"count":0,"href":"https:\/\/www.unavets.com\/nanclares\/es\/wp-json\/wp\/v2\/pages\/12986\/revisions"}],"wp:attachment":[{"href":"https:\/\/www.unavets.com\/nanclares\/es\/wp-json\/wp\/v2\/media?parent=12986"}],"curies":[{"name":"wp","href":"https:\/\/api.w.org\/{rel}","templated":true}]}}