{"id":15234,"date":"2021-06-15T11:31:27","date_gmt":"2021-06-15T11:31:27","guid":{"rendered":"http:\/\/www.unavets.com\/mundocan\/?page_id=15234"},"modified":"2024-10-08T13:53:37","modified_gmt":"2024-10-08T13:53:37","slug":"hospitalizacion","status":"publish","type":"page","link":"https:\/\/www.unavets.com\/mundocan\/es\/servicios\/hospitalizacion\/","title":{"rendered":"Hospitalizaci\u00f3n"},"content":{"rendered":"\t\t<div data-elementor-type=\"wp-page\" data-elementor-id=\"15234\" class=\"elementor elementor-15234 elementor-523\" data-elementor-post-type=\"page\">\n\t\t\t\t\t\t<section class=\"elementor-section elementor-top-section elementor-element elementor-element-d47bece pad-top-0 elementor-section-boxed elementor-section-height-default elementor-section-height-default\" data-id=\"d47bece\" data-element_type=\"section\" data-e-type=\"section\" id=\"main-sec\">\n\t\t\t\t\t\t<div class=\"elementor-container elementor-column-gap-wide\">\n\t\t\t\t\t<div class=\"elementor-column elementor-col-50 elementor-top-column elementor-element elementor-element-17d14fe\" data-id=\"17d14fe\" data-element_type=\"column\" data-e-type=\"column\">\n\t\t\t<div class=\"elementor-widget-wrap elementor-element-populated\">\n\t\t\t\t\t\t<div class=\"elementor-element elementor-element-aea8b6d elementor-widget elementor-widget-image\" data-id=\"aea8b6d\" data-element_type=\"widget\" data-e-type=\"widget\" data-widget_type=\"image.default\">\n\t\t\t\t<div class=\"elementor-widget-container\">\n\t\t\t\t\t\t\t\t\t\t\t\t\t\t\t<img fetchpriority=\"high\" width=\"700\" height=\"707\" class=\"attachment-large size-large wp-image-23199 lazy\" alt=\"\" data-src=\"https:\/\/www.unavets.com\/mundocan\/wp-content\/uploads\/sites\/53\/2024\/08\/Unavets-Madrid83-1-e1724929933788.jpg\" data-lazy=\"https:\/\/www.unavets.com\/mundocan\/wp-content\/uploads\/sites\/53\/2024\/08\/Unavets-Madrid83-1-e1724929933788.jpg\" \/>\t\t\t\t\t\t\t\t\t\t\t\t\t\t\t<\/div>\n\t\t\t\t<\/div>\n\t\t\t\t\t<\/div>\n\t\t<\/div>\n\t\t\t\t<div class=\"elementor-column elementor-col-50 elementor-top-column elementor-element elementor-element-c7280af\" data-id=\"c7280af\" data-element_type=\"column\" data-e-type=\"column\">\n\t\t\t<div class=\"elementor-widget-wrap elementor-element-populated\">\n\t\t\t\t\t\t<div class=\"elementor-element elementor-element-feb8866 elementor-widget elementor-widget-text-editor\" data-id=\"feb8866\" data-element_type=\"widget\" data-e-type=\"widget\" data-widget_type=\"text-editor.default\">\n\t\t\t\t<div class=\"elementor-widget-container\">\n\t\t\t\t\t\t\t\t\t<h3>\u00a0Hospitalizaci\u00f3n Diurna<\/h3><p>A veces, nuestras mascotas necesitan cuidados intensivos, aunque no sea imprescindible que se queden con nosotros durante la noche. Para estas situaciones, ofrecemos un servicio de hospitalizaci\u00f3n diurna, que nos permite estar con el animal y atender todas sus necesidades al m\u00e1ximo durante su estancia en nuestro centro.<\/p><p><strong>Servicios de Hospital de D\u00eda<\/strong><\/p><ul><li>Realizaci\u00f3n de Pruebas Diagn\u00f3sticas: Mantener al animal bajo control durante estas pruebas nos permite llevarlas a cabo de la forma m\u00e1s eficiente posible.<\/li><li>Cuidados Postquir\u00fargicos: Las primeras horas despu\u00e9s de una cirug\u00eda son cruciales y requieren una atenci\u00f3n y cuidados intensivos espec\u00edficos.<\/li><li>Observaci\u00f3n: En ciertos casos, el animal necesita estar bajo observaci\u00f3n durante un periodo determinado, tiempo en el que nuestro equipo de veterinarios monitoriza sus reacciones y s\u00edntomas minuciosamente.<\/li><li>Administraci\u00f3n de Tratamientos: Para aquellos tratamientos que no se pueden realizar en casa, aseguramos su correcta distribuci\u00f3n y supervisi\u00f3n en nuestro centro.<\/li><\/ul>\t\t\t\t\t\t\t\t<\/div>\n\t\t\t\t<\/div>\n\t\t\t\t<div class=\"elementor-element elementor-element-d73455c elementor-align-center elementor-widget elementor-widget-button\" data-id=\"d73455c\" data-element_type=\"widget\" data-e-type=\"widget\" data-widget_type=\"button.default\">\n\t\t\t\t<div class=\"elementor-widget-container\">\n\t\t\t\t\t\t\t\t\t<div class=\"elementor-button-wrapper\">\n\t\t\t\t\t<a class=\"elementor-button elementor-button-link elementor-size-md\" href=\"tel:%20914%20769%20837\">\n\t\t\t\t\t\t<span class=\"elementor-button-content-wrapper\">\n\t\t\t\t\t\t<span class=\"elementor-button-icon\">\n\t\t\t\t<i aria-hidden=\"true\" class=\"far fa-calendar-alt\"><\/i>\t\t\t<\/span>\n\t\t\t\t\t\t\t\t\t<span class=\"elementor-button-text\">Pide Cita<\/span>\n\t\t\t\t\t<\/span>\n\t\t\t\t\t<\/a>\n\t\t\t\t<\/div>\n\t\t\t\t\t\t\t\t<\/div>\n\t\t\t\t<\/div>\n\t\t\t\t\t<\/div>\n\t\t<\/div>\n\t\t\t\t\t<\/div>\n\t\t<\/section>\n\t\t\t\t<section class=\"elementor-section elementor-top-section elementor-element elementor-element-8c87f7e elementor-section-boxed elementor-section-height-default elementor-section-height-default\" data-id=\"8c87f7e\" data-element_type=\"section\" data-e-type=\"section\">\n\t\t\t\t\t\t<div class=\"elementor-container elementor-column-gap-default\">\n\t\t\t\t\t<div class=\"elementor-column elementor-col-25 elementor-top-column elementor-element elementor-element-845bcba\" data-id=\"845bcba\" data-element_type=\"column\" data-e-type=\"column\">\n\t\t\t<div class=\"elementor-widget-wrap elementor-element-populated\">\n\t\t\t\t\t\t<div class=\"elementor-element elementor-element-7c184e2 elementor-widget elementor-widget-heading\" data-id=\"7c184e2\" data-element_type=\"widget\" data-e-type=\"widget\" data-widget_type=\"heading.default\">\n\t\t\t\t<div class=\"elementor-widget-container\">\n\t\t\t\t\t<h2 class=\"elementor-heading-title elementor-size-default\">Continua supervisi\u00f3n<\/h2>\t\t\t\t<\/div>\n\t\t\t\t<\/div>\n\t\t\t\t\t<\/div>\n\t\t<\/div>\n\t\t\t\t<div class=\"elementor-column elementor-col-25 elementor-top-column elementor-element elementor-element-c40dad5\" data-id=\"c40dad5\" data-element_type=\"column\" data-e-type=\"column\">\n\t\t\t<div class=\"elementor-widget-wrap elementor-element-populated\">\n\t\t\t\t\t\t<div class=\"elementor-element elementor-element-8ebee99 elementor-widget elementor-widget-heading\" data-id=\"8ebee99\" data-element_type=\"widget\" data-e-type=\"widget\" data-widget_type=\"heading.default\">\n\t\t\t\t<div class=\"elementor-widget-container\">\n\t\t\t\t\t<h2 class=\"elementor-heading-title elementor-size-default\">Contacto con el due\u00f1o <\/h2>\t\t\t\t<\/div>\n\t\t\t\t<\/div>\n\t\t\t\t\t<\/div>\n\t\t<\/div>\n\t\t\t\t<div class=\"elementor-column elementor-col-25 elementor-top-column elementor-element elementor-element-8b0c029\" data-id=\"8b0c029\" data-element_type=\"column\" data-e-type=\"column\">\n\t\t\t<div class=\"elementor-widget-wrap elementor-element-populated\">\n\t\t\t\t\t\t<div class=\"elementor-element elementor-element-f5f81b9 elementor-widget elementor-widget-heading\" data-id=\"f5f81b9\" data-element_type=\"widget\" data-e-type=\"widget\" data-widget_type=\"heading.default\">\n\t\t\t\t<div class=\"elementor-widget-container\">\n\t\t\t\t\t<h2 class=\"elementor-heading-title elementor-size-default\">Cuidados con mimo <\/h2>\t\t\t\t<\/div>\n\t\t\t\t<\/div>\n\t\t\t\t\t<\/div>\n\t\t<\/div>\n\t\t\t\t<div class=\"elementor-column elementor-col-25 elementor-top-column elementor-element elementor-element-3424f6c\" data-id=\"3424f6c\" data-element_type=\"column\" data-e-type=\"column\">\n\t\t\t<div class=\"elementor-widget-wrap elementor-element-populated\">\n\t\t\t\t\t\t<div class=\"elementor-element elementor-element-4f67898 elementor-widget elementor-widget-heading\" data-id=\"4f67898\" data-element_type=\"widget\" data-e-type=\"widget\" data-widget_type=\"heading.default\">\n\t\t\t\t<div class=\"elementor-widget-container\">\n\t\t\t\t\t<h2 class=\"elementor-heading-title elementor-size-default\">Tratamiento especializado<\/h2>\t\t\t\t<\/div>\n\t\t\t\t<\/div>\n\t\t\t\t\t<\/div>\n\t\t<\/div>\n\t\t\t\t\t<\/div>\n\t\t<\/section>\n\t\t\t\t<section class=\"elementor-section elementor-top-section elementor-element elementor-element-e0d7ca2 elementor-section-boxed elementor-section-height-default elementor-section-height-default\" data-id=\"e0d7ca2\" data-element_type=\"section\" data-e-type=\"section\">\n\t\t\t\t\t\t<div class=\"elementor-container elementor-column-gap-default\">\n\t\t\t\t\t<div class=\"elementor-column elementor-col-50 elementor-top-column elementor-element elementor-element-57cd8c7\" data-id=\"57cd8c7\" data-element_type=\"column\" data-e-type=\"column\">\n\t\t\t<div class=\"elementor-widget-wrap elementor-element-populated\">\n\t\t\t\t\t\t<div class=\"elementor-element elementor-element-f8a042e elementor-widget elementor-widget-image\" data-id=\"f8a042e\" data-element_type=\"widget\" data-e-type=\"widget\" data-widget_type=\"image.default\">\n\t\t\t\t<div class=\"elementor-widget-container\">\n\t\t\t\t\t\t\t\t\t\t\t\t\t\t\t<img width=\"724\" height=\"501\" class=\"attachment-large size-large wp-image-23948 lazy\" alt=\"\" data-src=\"https:\/\/www.unavets.com\/mundocan\/wp-content\/uploads\/sites\/53\/2024\/09\/WhatsApp-Image-2024-09-25-at-12.17.40-2-e1728395507472-1024x709.jpeg\" data-lazy=\"https:\/\/www.unavets.com\/mundocan\/wp-content\/uploads\/sites\/53\/2024\/09\/WhatsApp-Image-2024-09-25-at-12.17.40-2-e1728395507472-1024x709.jpeg\" \/>\t\t\t\t\t\t\t\t\t\t\t\t\t\t\t<\/div>\n\t\t\t\t<\/div>\n\t\t\t\t\t<\/div>\n\t\t<\/div>\n\t\t\t\t<div class=\"elementor-column elementor-col-50 elementor-top-column elementor-element elementor-element-c1437cd\" data-id=\"c1437cd\" data-element_type=\"column\" data-e-type=\"column\">\n\t\t\t<div class=\"elementor-widget-wrap elementor-element-populated\">\n\t\t\t\t\t\t<div class=\"elementor-element elementor-element-7ca7b07 elementor-widget elementor-widget-image\" data-id=\"7ca7b07\" data-element_type=\"widget\" data-e-type=\"widget\" data-widget_type=\"image.default\">\n\t\t\t\t<div class=\"elementor-widget-container\">\n\t\t\t\t\t\t\t\t\t\t\t\t\t\t\t<img width=\"724\" height=\"487\" class=\"attachment-large size-large wp-image-23932 lazy\" alt=\"\" data-src=\"https:\/\/www.unavets.com\/mundocan\/wp-content\/uploads\/sites\/53\/2024\/09\/WhatsApp-Image-2024-09-25-at-12.17.44-1-e1728395590959-1024x689.jpeg\" data-lazy=\"https:\/\/www.unavets.com\/mundocan\/wp-content\/uploads\/sites\/53\/2024\/09\/WhatsApp-Image-2024-09-25-at-12.17.44-1-e1728395590959-1024x689.jpeg\" \/>\t\t\t\t\t\t\t\t\t\t\t\t\t\t\t<\/div>\n\t\t\t\t<\/div>\n\t\t\t\t\t<\/div>\n\t\t<\/div>\n\t\t\t\t\t<\/div>\n\t\t<\/section>\n\t\t\t\t<\/div>\n\t\t","protected":false},"excerpt":{"rendered":"<p>\u00a0Hospitalizaci\u00f3n Diurna A veces, nuestras mascotas necesitan cuidados intensivos, aunque no sea imprescindible que se queden con nosotros durante la noche. Para estas situaciones, ofrecemos un servicio de hospitalizaci\u00f3n diurna, que nos permite estar con el animal y atender todas sus necesidades al m\u00e1ximo durante su estancia en nuestro centro. Servicios de Hospital de D\u00eda &hellip; <\/p>\n","protected":false},"author":8,"featured_media":0,"parent":13564,"menu_order":0,"comment_status":"closed","ping_status":"closed","template":"page-fullwidth.php","meta":{"_acf_changed":false,"content-type":"","footnotes":""},"class_list":["post-15234","page","type-page","status-publish","hentry"],"acf":[],"_links":{"self":[{"href":"https:\/\/www.unavets.com\/mundocan\/es\/wp-json\/wp\/v2\/pages\/15234","targetHints":{"allow":["GET"]}}],"collection":[{"href":"https:\/\/www.unavets.com\/mundocan\/es\/wp-json\/wp\/v2\/pages"}],"about":[{"href":"https:\/\/www.unavets.com\/mundocan\/es\/wp-json\/wp\/v2\/types\/page"}],"author":[{"embeddable":true,"href":"https:\/\/www.unavets.com\/mundocan\/es\/wp-json\/wp\/v2\/users\/8"}],"replies":[{"embeddable":true,"href":"https:\/\/www.unavets.com\/mundocan\/es\/wp-json\/wp\/v2\/comments?post=15234"}],"version-history":[{"count":53,"href":"https:\/\/www.unavets.com\/mundocan\/es\/wp-json\/wp\/v2\/pages\/15234\/revisions"}],"predecessor-version":[{"id":24178,"href":"https:\/\/www.unavets.com\/mundocan\/es\/wp-json\/wp\/v2\/pages\/15234\/revisions\/24178"}],"up":[{"embeddable":true,"href":"https:\/\/www.unavets.com\/mundocan\/es\/wp-json\/wp\/v2\/pages\/13564"}],"wp:attachment":[{"href":"https:\/\/www.unavets.com\/mundocan\/es\/wp-json\/wp\/v2\/media?parent=15234"}],"curies":[{"name":"wp","href":"https:\/\/api.w.org\/{rel}","templated":true}]}}