{"id":13558,"date":"2020-10-03T08:10:58","date_gmt":"2020-10-03T08:10:58","guid":{"rendered":"http:\/\/www.unavets.com\/mundocan\/our-facilities\/"},"modified":"2025-11-26T10:49:22","modified_gmt":"2025-11-26T10:49:22","slug":"instalaciones","status":"publish","type":"page","link":"https:\/\/www.unavets.com\/mundocan\/es\/instalaciones\/","title":{"rendered":"Instalaciones"},"content":{"rendered":"\t\t<div data-elementor-type=\"wp-page\" data-elementor-id=\"13558\" class=\"elementor elementor-13558 elementor-281\" data-elementor-post-type=\"page\">\n\t\t\t\t\t\t<section class=\"elementor-section elementor-top-section elementor-element elementor-element-54cf215 pad-top-0 elementor-section-boxed elementor-section-height-default elementor-section-height-default\" data-id=\"54cf215\" data-element_type=\"section\" data-e-type=\"section\" id=\"main-sec\" data-settings=\"{&quot;background_background&quot;:&quot;classic&quot;}\">\n\t\t\t\t\t\t<div class=\"elementor-container elementor-column-gap-wide\">\n\t\t\t\t\t<div class=\"elementor-column elementor-col-100 elementor-top-column elementor-element elementor-element-d926441\" data-id=\"d926441\" data-element_type=\"column\" data-e-type=\"column\">\n\t\t\t<div class=\"elementor-widget-wrap elementor-element-populated\">\n\t\t\t\t\t\t<div class=\"elementor-element elementor-element-ac5c964 elementor-widget elementor-widget-text-editor\" data-id=\"ac5c964\" data-element_type=\"widget\" data-e-type=\"widget\" data-widget_type=\"text-editor.default\">\n\t\t\t\t<div class=\"elementor-widget-container\">\n\t\t\t\t\t\t\t\t\t<p>Nuestras modernas instalaciones de Mundocan est\u00e1n al servicio de tu mascota.<\/p>\t\t\t\t\t\t\t\t<\/div>\n\t\t\t\t<\/div>\n\t\t\t\t<section class=\"elementor-section elementor-inner-section elementor-element elementor-element-98275a1 elementor-section-boxed elementor-section-height-default elementor-section-height-default\" data-id=\"98275a1\" data-element_type=\"section\" data-e-type=\"section\">\n\t\t\t\t\t\t<div class=\"elementor-container elementor-column-gap-default\">\n\t\t\t\t\t<div class=\"elementor-column elementor-col-50 elementor-inner-column elementor-element elementor-element-07b222c\" data-id=\"07b222c\" data-element_type=\"column\" data-e-type=\"column\">\n\t\t\t<div class=\"elementor-widget-wrap elementor-element-populated\">\n\t\t\t\t\t\t<div class=\"elementor-element elementor-element-44b52f4 elementor-widget elementor-widget-image\" data-id=\"44b52f4\" data-element_type=\"widget\" data-e-type=\"widget\" data-widget_type=\"image.default\">\n\t\t\t\t<div class=\"elementor-widget-container\">\n\t\t\t\t\t\t\t\t\t\t\t\t\t\t\t<img fetchpriority=\"high\" width=\"819\" height=\"546\" class=\"attachment-1536x1536 size-1536x1536 wp-image-23179 lazy\" alt=\"\" data-src=\"https:\/\/www.unavets.com\/mundocan\/wp-content\/uploads\/sites\/53\/2024\/08\/Unavets-Madrid72-1.jpg\" data-lazy=\"https:\/\/www.unavets.com\/mundocan\/wp-content\/uploads\/sites\/53\/2024\/08\/Unavets-Madrid72-1.jpg\" \/>\t\t\t\t\t\t\t\t\t\t\t\t\t\t\t<\/div>\n\t\t\t\t<\/div>\n\t\t\t\t\t<\/div>\n\t\t<\/div>\n\t\t\t\t<div class=\"elementor-column elementor-col-50 elementor-inner-column elementor-element elementor-element-e32254f\" data-id=\"e32254f\" data-element_type=\"column\" data-e-type=\"column\">\n\t\t\t<div class=\"elementor-widget-wrap elementor-element-populated\">\n\t\t\t\t\t\t<div class=\"elementor-element elementor-element-6494dd8 elementor-widget elementor-widget-text-editor\" data-id=\"6494dd8\" data-element_type=\"widget\" data-e-type=\"widget\" data-widget_type=\"text-editor.default\">\n\t\t\t\t<div class=\"elementor-widget-container\">\n\t\t\t\t\t\t\t\t\t<p>En nuestras instalaciones ofrecemos una amplia gama de servicios para el cuidado integral de tu mascota:<\/p><ul><li><strong>Consultas:<\/strong> Disponemos de dos consultas para ex\u00e1menes ordinarios, una m\u00e1s grande con laboratorio propio para diagn\u00f3sticos bioqu\u00edmicos y hematol\u00f3gicos, y otra m\u00e1s peque\u00f1a, pero completamente equipada para brindar la mejor atenci\u00f3n.<\/li><li><strong>Diagn\u00f3stico por imagen:<\/strong> Disponemos de una sala equipada con radiolog\u00eda digital y ecograf\u00eda, con el \u00e1rea de RX ubicada junto al quir\u00f3fano y la zona de hospitalizaci\u00f3n para un diagn\u00f3stico eficiente.<\/li><li><strong>Laboratorio:<\/strong> Tenemos un laboratorio propio donde realizamos diagn\u00f3sticos bioqu\u00edmicos y hematol\u00f3gicos.<\/li><li><strong>Quir\u00f3fano:<\/strong> Nuestro quir\u00f3fano est\u00e1 equipado con sistemas de anestesia, respiraci\u00f3n asistida, bistur\u00ed el\u00e9ctrico y avanzados sistemas de monitorizaci\u00f3n para garantizar la seguridad de tu mascota durante las intervenciones.<\/li><li><strong>Hospitalizaci\u00f3n diurna:<\/strong> Ofrecemos atenci\u00f3n y seguimiento durante el d\u00eda para mascotas que necesitan hospitalizaci\u00f3n.<\/li><li><strong>Tienda<\/strong>: Adem\u00e1s, contamos con una tienda donde ofrecemos juguetes de buena calidad y piensos de alta gama para el bienestar de tu mascota.<\/li><\/ul><p><span style=\"text-decoration: underline;\"><strong><a href=\"https:\/\/veterios.com\/\" target=\"_blank\" rel=\"noopener\">Hospital Veterinario (Veterios):<\/a><\/strong><\/span><\/p><p>En caso de que tu mascota necesite atenci\u00f3n 24\/7, colaboramos con un hospital veterinario que est\u00e1 disponible las 24 horas, los 365 d\u00edas del a\u00f1o.<\/p>\t\t\t\t\t\t\t\t<\/div>\n\t\t\t\t<\/div>\n\t\t\t\t\t<\/div>\n\t\t<\/div>\n\t\t\t\t\t<\/div>\n\t\t<\/section>\n\t\t\t\t<section class=\"elementor-section elementor-inner-section elementor-element elementor-element-cbd28ac elementor-section-boxed elementor-section-height-default elementor-section-height-default\" data-id=\"cbd28ac\" data-element_type=\"section\" data-e-type=\"section\">\n\t\t\t\t\t\t<div class=\"elementor-container elementor-column-gap-default\">\n\t\t\t\t\t<div class=\"elementor-column elementor-col-50 elementor-inner-column elementor-element elementor-element-e54cc90\" data-id=\"e54cc90\" data-element_type=\"column\" data-e-type=\"column\">\n\t\t\t<div class=\"elementor-widget-wrap elementor-element-populated\">\n\t\t\t\t\t\t<div class=\"elementor-element elementor-element-e77ffdd elementor-align-center elementor-widget elementor-widget-button\" data-id=\"e77ffdd\" data-element_type=\"widget\" data-e-type=\"widget\" data-widget_type=\"button.default\">\n\t\t\t\t<div class=\"elementor-widget-container\">\n\t\t\t\t\t\t\t\t\t<div class=\"elementor-button-wrapper\">\n\t\t\t\t\t<a class=\"elementor-button elementor-button-link elementor-size-sm\" href=\"https:\/\/www.unavets.com\/mundocan\/es\/nuestro-equipo\/\">\n\t\t\t\t\t\t<span class=\"elementor-button-content-wrapper\">\n\t\t\t\t\t\t\t\t\t<span class=\"elementor-button-text\">Nuestro Equipo<\/span>\n\t\t\t\t\t<\/span>\n\t\t\t\t\t<\/a>\n\t\t\t\t<\/div>\n\t\t\t\t\t\t\t\t<\/div>\n\t\t\t\t<\/div>\n\t\t\t\t\t<\/div>\n\t\t<\/div>\n\t\t\t\t<div class=\"elementor-column elementor-col-50 elementor-inner-column elementor-element elementor-element-dc3e6b5\" data-id=\"dc3e6b5\" data-element_type=\"column\" data-e-type=\"column\">\n\t\t\t<div class=\"elementor-widget-wrap elementor-element-populated\">\n\t\t\t\t\t\t<div class=\"elementor-element elementor-element-ebe1efe elementor-align-center elementor-widget elementor-widget-button\" data-id=\"ebe1efe\" data-element_type=\"widget\" data-e-type=\"widget\" data-widget_type=\"button.default\">\n\t\t\t\t<div class=\"elementor-widget-container\">\n\t\t\t\t\t\t\t\t\t<div class=\"elementor-button-wrapper\">\n\t\t\t\t\t<a class=\"elementor-button elementor-button-link elementor-size-sm\" href=\"https:\/\/www.unavets.com\/mundocan\/es\/servicios\/\">\n\t\t\t\t\t\t<span class=\"elementor-button-content-wrapper\">\n\t\t\t\t\t\t\t\t\t<span class=\"elementor-button-text\">Servicios<\/span>\n\t\t\t\t\t<\/span>\n\t\t\t\t\t<\/a>\n\t\t\t\t<\/div>\n\t\t\t\t\t\t\t\t<\/div>\n\t\t\t\t<\/div>\n\t\t\t\t\t<\/div>\n\t\t<\/div>\n\t\t\t\t\t<\/div>\n\t\t<\/section>\n\t\t\t\t\t<\/div>\n\t\t<\/div>\n\t\t\t\t\t<\/div>\n\t\t<\/section>\n\t\t\t\t<section class=\"elementor-section elementor-top-section elementor-element elementor-element-c64bf4c elementor-section-boxed elementor-section-height-default elementor-section-height-default\" data-id=\"c64bf4c\" data-element_type=\"section\" data-e-type=\"section\">\n\t\t\t\t\t\t<div class=\"elementor-container elementor-column-gap-default\">\n\t\t\t\t\t<div class=\"elementor-column elementor-col-100 elementor-top-column elementor-element elementor-element-46ea748\" data-id=\"46ea748\" data-element_type=\"column\" data-e-type=\"column\">\n\t\t\t<div class=\"elementor-widget-wrap elementor-element-populated\">\n\t\t\t\t\t\t<div class=\"elementor-element elementor-element-ad3e405 elementor-widget elementor-widget-gallery\" data-id=\"ad3e405\" data-element_type=\"widget\" data-e-type=\"widget\" data-settings=\"{&quot;columns&quot;:&quot;3&quot;,&quot;aspect_ratio&quot;:&quot;1:1&quot;,&quot;lazyload&quot;:&quot;yes&quot;,&quot;gallery_layout&quot;:&quot;grid&quot;,&quot;columns_tablet&quot;:2,&quot;columns_mobile&quot;:1,&quot;gap&quot;:{&quot;unit&quot;:&quot;px&quot;,&quot;size&quot;:10,&quot;sizes&quot;:[]},&quot;gap_tablet&quot;:{&quot;unit&quot;:&quot;px&quot;,&quot;size&quot;:10,&quot;sizes&quot;:[]},&quot;gap_mobile&quot;:{&quot;unit&quot;:&quot;px&quot;,&quot;size&quot;:10,&quot;sizes&quot;:[]},&quot;link_to&quot;:&quot;file&quot;,&quot;overlay_background&quot;:&quot;yes&quot;,&quot;content_hover_animation&quot;:&quot;fade-in&quot;}\" data-widget_type=\"gallery.default\">\n\t\t\t\t<div class=\"elementor-widget-container\">\n\t\t\t\t\t\t\t<div class=\"elementor-gallery__container\">\n\t\t\t\t\t\t\t<a class=\"e-gallery-item elementor-gallery-item elementor-animated-content\" href=\"https:\/\/www.unavets.com\/mundocan\/wp-content\/uploads\/sites\/53\/2024\/09\/WhatsApp-Image-2024-09-25-at-12.17.40-1.jpeg\" data-elementor-open-lightbox=\"yes\" data-elementor-lightbox-slideshow=\"ad3e405\" data-elementor-lightbox-title=\"WhatsApp Image 2024-09-25 at 12.17.40 (1)\" data-e-action-hash=\"#elementor-action%3Aaction%3Dlightbox%26settings%3DeyJpZCI6MjM5NTAsInVybCI6Imh0dHBzOlwvXC93d3cudW5hdmV0cy5jb21cL211bmRvY2FuXC93cC1jb250ZW50XC91cGxvYWRzXC9zaXRlc1wvNTNcLzIwMjRcLzA5XC9XaGF0c0FwcC1JbWFnZS0yMDI0LTA5LTI1LWF0LTEyLjE3LjQwLTEuanBlZyIsInNsaWRlc2hvdyI6ImFkM2U0MDUifQ%3D%3D\">\n\t\t\t\t\t<div class=\"e-gallery-image elementor-gallery-item__image\" data-thumbnail=\"https:\/\/www.unavets.com\/mundocan\/wp-content\/uploads\/sites\/53\/2024\/09\/WhatsApp-Image-2024-09-25-at-12.17.40-1-768x1024.jpeg\" data-width=\"724\" data-height=\"965\" aria-label=\"\" role=\"img\" ><\/div>\n\t\t\t\t\t\t\t\t\t\t\t<div class=\"elementor-gallery-item__overlay\"><\/div>\n\t\t\t\t\t\t\t\t\t\t\t\t\t\t<\/a>\n\t\t\t\t\t\t\t<a class=\"e-gallery-item elementor-gallery-item elementor-animated-content\" href=\"https:\/\/www.unavets.com\/mundocan\/wp-content\/uploads\/sites\/53\/2024\/09\/WhatsApp-Image-2024-09-25-at-12.20.04.jpeg\" data-elementor-open-lightbox=\"yes\" data-elementor-lightbox-slideshow=\"ad3e405\" data-elementor-lightbox-title=\"WhatsApp Image 2024-09-25 at 12.20.04\" data-e-action-hash=\"#elementor-action%3Aaction%3Dlightbox%26settings%3DeyJpZCI6MjM4MDYsInVybCI6Imh0dHBzOlwvXC93d3cudW5hdmV0cy5jb21cL211bmRvY2FuXC93cC1jb250ZW50XC91cGxvYWRzXC9zaXRlc1wvNTNcLzIwMjRcLzA5XC9XaGF0c0FwcC1JbWFnZS0yMDI0LTA5LTI1LWF0LTEyLjIwLjA0LmpwZWciLCJzbGlkZXNob3ciOiJhZDNlNDA1In0%3D\">\n\t\t\t\t\t<div class=\"e-gallery-image elementor-gallery-item__image\" data-thumbnail=\"https:\/\/www.unavets.com\/mundocan\/wp-content\/uploads\/sites\/53\/2024\/09\/WhatsApp-Image-2024-09-25-at-12.20.04-1024x768.jpeg\" data-width=\"724\" data-height=\"543\" aria-label=\"\" role=\"img\" ><\/div>\n\t\t\t\t\t\t\t\t\t\t\t<div class=\"elementor-gallery-item__overlay\"><\/div>\n\t\t\t\t\t\t\t\t\t\t\t\t\t\t<\/a>\n\t\t\t\t\t\t\t<a class=\"e-gallery-item elementor-gallery-item elementor-animated-content\" href=\"https:\/\/www.unavets.com\/mundocan\/wp-content\/uploads\/sites\/53\/2024\/08\/Unavets-Madrid93-1.jpg\" data-elementor-open-lightbox=\"yes\" data-elementor-lightbox-slideshow=\"ad3e405\" data-elementor-lightbox-title=\"Unavets Madrid93\" data-e-action-hash=\"#elementor-action%3Aaction%3Dlightbox%26settings%3DeyJpZCI6MjMyMTksInVybCI6Imh0dHBzOlwvXC93d3cudW5hdmV0cy5jb21cL211bmRvY2FuXC93cC1jb250ZW50XC91cGxvYWRzXC9zaXRlc1wvNTNcLzIwMjRcLzA4XC9VbmF2ZXRzLU1hZHJpZDkzLTEuanBnIiwic2xpZGVzaG93IjoiYWQzZTQwNSJ9\">\n\t\t\t\t\t<div class=\"e-gallery-image elementor-gallery-item__image\" data-thumbnail=\"https:\/\/www.unavets.com\/mundocan\/wp-content\/uploads\/sites\/53\/2024\/08\/Unavets-Madrid93-1.jpg\" data-width=\"724\" data-height=\"483\" aria-label=\"\" role=\"img\" ><\/div>\n\t\t\t\t\t\t\t\t\t\t\t<div class=\"elementor-gallery-item__overlay\"><\/div>\n\t\t\t\t\t\t\t\t\t\t\t\t\t\t<\/a>\n\t\t\t\t\t\t\t<a class=\"e-gallery-item elementor-gallery-item elementor-animated-content\" href=\"https:\/\/www.unavets.com\/mundocan\/wp-content\/uploads\/sites\/53\/2024\/09\/WhatsApp-Image-2024-09-25-at-12.18.25-2.jpeg\" data-elementor-open-lightbox=\"yes\" data-elementor-lightbox-slideshow=\"ad3e405\" data-elementor-lightbox-title=\"WhatsApp Image 2024-09-25 at 12.18.25 (2)\" data-e-action-hash=\"#elementor-action%3Aaction%3Dlightbox%26settings%3DeyJpZCI6MjM5MjAsInVybCI6Imh0dHBzOlwvXC93d3cudW5hdmV0cy5jb21cL211bmRvY2FuXC93cC1jb250ZW50XC91cGxvYWRzXC9zaXRlc1wvNTNcLzIwMjRcLzA5XC9XaGF0c0FwcC1JbWFnZS0yMDI0LTA5LTI1LWF0LTEyLjE4LjI1LTIuanBlZyIsInNsaWRlc2hvdyI6ImFkM2U0MDUifQ%3D%3D\">\n\t\t\t\t\t<div class=\"e-gallery-image elementor-gallery-item__image\" data-thumbnail=\"https:\/\/www.unavets.com\/mundocan\/wp-content\/uploads\/sites\/53\/2024\/09\/WhatsApp-Image-2024-09-25-at-12.18.25-2-1024x768.jpeg\" data-width=\"724\" data-height=\"543\" aria-label=\"\" role=\"img\" ><\/div>\n\t\t\t\t\t\t\t\t\t\t\t<div class=\"elementor-gallery-item__overlay\"><\/div>\n\t\t\t\t\t\t\t\t\t\t\t\t\t\t<\/a>\n\t\t\t\t\t\t\t<a class=\"e-gallery-item elementor-gallery-item elementor-animated-content\" href=\"https:\/\/www.unavets.com\/mundocan\/wp-content\/uploads\/sites\/53\/2024\/08\/Unavets-Madrid78-1.jpg\" data-elementor-open-lightbox=\"yes\" data-elementor-lightbox-slideshow=\"ad3e405\" data-elementor-lightbox-title=\"Unavets Madrid78\" data-e-action-hash=\"#elementor-action%3Aaction%3Dlightbox%26settings%3DeyJpZCI6MjMxOTEsInVybCI6Imh0dHBzOlwvXC93d3cudW5hdmV0cy5jb21cL211bmRvY2FuXC93cC1jb250ZW50XC91cGxvYWRzXC9zaXRlc1wvNTNcLzIwMjRcLzA4XC9VbmF2ZXRzLU1hZHJpZDc4LTEuanBnIiwic2xpZGVzaG93IjoiYWQzZTQwNSJ9\">\n\t\t\t\t\t<div class=\"e-gallery-image elementor-gallery-item__image\" data-thumbnail=\"https:\/\/www.unavets.com\/mundocan\/wp-content\/uploads\/sites\/53\/2024\/08\/Unavets-Madrid78-1.jpg\" data-width=\"724\" data-height=\"483\" aria-label=\"\" role=\"img\" ><\/div>\n\t\t\t\t\t\t\t\t\t\t\t<div class=\"elementor-gallery-item__overlay\"><\/div>\n\t\t\t\t\t\t\t\t\t\t\t\t\t\t<\/a>\n\t\t\t\t\t\t\t<a class=\"e-gallery-item elementor-gallery-item elementor-animated-content\" href=\"https:\/\/www.unavets.com\/mundocan\/wp-content\/uploads\/sites\/53\/2024\/08\/Unavets-Madrid80-1.jpg\" data-elementor-open-lightbox=\"yes\" data-elementor-lightbox-slideshow=\"ad3e405\" data-elementor-lightbox-title=\"Unavets Madrid80\" data-e-action-hash=\"#elementor-action%3Aaction%3Dlightbox%26settings%3DeyJpZCI6MjMxOTMsInVybCI6Imh0dHBzOlwvXC93d3cudW5hdmV0cy5jb21cL211bmRvY2FuXC93cC1jb250ZW50XC91cGxvYWRzXC9zaXRlc1wvNTNcLzIwMjRcLzA4XC9VbmF2ZXRzLU1hZHJpZDgwLTEuanBnIiwic2xpZGVzaG93IjoiYWQzZTQwNSJ9\">\n\t\t\t\t\t<div class=\"e-gallery-image elementor-gallery-item__image\" data-thumbnail=\"https:\/\/www.unavets.com\/mundocan\/wp-content\/uploads\/sites\/53\/2024\/08\/Unavets-Madrid80-1.jpg\" data-width=\"724\" data-height=\"483\" aria-label=\"\" role=\"img\" ><\/div>\n\t\t\t\t\t\t\t\t\t\t\t<div class=\"elementor-gallery-item__overlay\"><\/div>\n\t\t\t\t\t\t\t\t\t\t\t\t\t\t<\/a>\n\t\t\t\t\t\t\t<a class=\"e-gallery-item elementor-gallery-item elementor-animated-content\" href=\"https:\/\/www.unavets.com\/mundocan\/wp-content\/uploads\/sites\/53\/2024\/08\/bascula-mundocan.jpg\" data-elementor-open-lightbox=\"yes\" data-elementor-lightbox-slideshow=\"ad3e405\" data-elementor-lightbox-title=\"bascula mundocan\" data-e-action-hash=\"#elementor-action%3Aaction%3Dlightbox%26settings%3DeyJpZCI6MjM1MDQsInVybCI6Imh0dHBzOlwvXC93d3cudW5hdmV0cy5jb21cL211bmRvY2FuXC93cC1jb250ZW50XC91cGxvYWRzXC9zaXRlc1wvNTNcLzIwMjRcLzA4XC9iYXNjdWxhLW11bmRvY2FuLmpwZyIsInNsaWRlc2hvdyI6ImFkM2U0MDUifQ%3D%3D\">\n\t\t\t\t\t<div class=\"e-gallery-image elementor-gallery-item__image\" data-thumbnail=\"https:\/\/www.unavets.com\/mundocan\/wp-content\/uploads\/sites\/53\/2024\/08\/bascula-mundocan.jpg\" data-width=\"480\" data-height=\"640\" aria-label=\"\" role=\"img\" ><\/div>\n\t\t\t\t\t\t\t\t\t\t\t<div class=\"elementor-gallery-item__overlay\"><\/div>\n\t\t\t\t\t\t\t\t\t\t\t\t\t\t<\/a>\n\t\t\t\t\t\t\t<a class=\"e-gallery-item elementor-gallery-item elementor-animated-content\" href=\"https:\/\/www.unavets.com\/mundocan\/wp-content\/uploads\/sites\/53\/2024\/08\/Unavets-Madrid77-1.jpg\" data-elementor-open-lightbox=\"yes\" data-elementor-lightbox-slideshow=\"ad3e405\" data-elementor-lightbox-title=\"Unavets Madrid77\" data-e-action-hash=\"#elementor-action%3Aaction%3Dlightbox%26settings%3DeyJpZCI6MjMxODksInVybCI6Imh0dHBzOlwvXC93d3cudW5hdmV0cy5jb21cL211bmRvY2FuXC93cC1jb250ZW50XC91cGxvYWRzXC9zaXRlc1wvNTNcLzIwMjRcLzA4XC9VbmF2ZXRzLU1hZHJpZDc3LTEuanBnIiwic2xpZGVzaG93IjoiYWQzZTQwNSJ9\">\n\t\t\t\t\t<div class=\"e-gallery-image elementor-gallery-item__image\" data-thumbnail=\"https:\/\/www.unavets.com\/mundocan\/wp-content\/uploads\/sites\/53\/2024\/08\/Unavets-Madrid77-1-683x1024.jpg\" data-width=\"683\" data-height=\"1024\" aria-label=\"\" role=\"img\" ><\/div>\n\t\t\t\t\t\t\t\t\t\t\t<div class=\"elementor-gallery-item__overlay\"><\/div>\n\t\t\t\t\t\t\t\t\t\t\t\t\t\t<\/a>\n\t\t\t\t\t\t\t<a class=\"e-gallery-item elementor-gallery-item elementor-animated-content\" href=\"https:\/\/www.unavets.com\/mundocan\/wp-content\/uploads\/sites\/53\/2024\/08\/Unavets-Madrid75-1.jpg\" data-elementor-open-lightbox=\"yes\" data-elementor-lightbox-slideshow=\"ad3e405\" data-elementor-lightbox-title=\"Unavets Madrid75\" data-e-action-hash=\"#elementor-action%3Aaction%3Dlightbox%26settings%3DeyJpZCI6MjMxODUsInVybCI6Imh0dHBzOlwvXC93d3cudW5hdmV0cy5jb21cL211bmRvY2FuXC93cC1jb250ZW50XC91cGxvYWRzXC9zaXRlc1wvNTNcLzIwMjRcLzA4XC9VbmF2ZXRzLU1hZHJpZDc1LTEuanBnIiwic2xpZGVzaG93IjoiYWQzZTQwNSJ9\">\n\t\t\t\t\t<div class=\"e-gallery-image elementor-gallery-item__image\" data-thumbnail=\"https:\/\/www.unavets.com\/mundocan\/wp-content\/uploads\/sites\/53\/2024\/08\/Unavets-Madrid75-1.jpg\" data-width=\"724\" data-height=\"483\" aria-label=\"\" role=\"img\" ><\/div>\n\t\t\t\t\t\t\t\t\t\t\t<div class=\"elementor-gallery-item__overlay\"><\/div>\n\t\t\t\t\t\t\t\t\t\t\t\t\t\t<\/a>\n\t\t\t\t\t<\/div>\n\t\t\t\t\t<\/div>\n\t\t\t\t<\/div>\n\t\t\t\t\t<\/div>\n\t\t<\/div>\n\t\t\t\t\t<\/div>\n\t\t<\/section>\n\t\t\t\t<\/div>\n\t\t","protected":false},"excerpt":{"rendered":"<p>Nuestras modernas instalaciones de Mundocan est\u00e1n al servicio de tu mascota. En nuestras instalaciones ofrecemos una amplia gama de servicios para el cuidado integral de tu mascota: Consultas: Disponemos de dos consultas para ex\u00e1menes ordinarios, una m\u00e1s grande con laboratorio propio para diagn\u00f3sticos bioqu\u00edmicos y hematol\u00f3gicos, y otra m\u00e1s peque\u00f1a, pero completamente equipada para brindar &hellip; <\/p>\n","protected":false},"author":1,"featured_media":0,"parent":0,"menu_order":0,"comment_status":"closed","ping_status":"closed","template":"page-fullwidth.php","meta":{"_acf_changed":false,"content-type":"","footnotes":""},"class_list":["post-13558","page","type-page","status-publish","hentry"],"acf":[],"_links":{"self":[{"href":"https:\/\/www.unavets.com\/mundocan\/es\/wp-json\/wp\/v2\/pages\/13558","targetHints":{"allow":["GET"]}}],"collection":[{"href":"https:\/\/www.unavets.com\/mundocan\/es\/wp-json\/wp\/v2\/pages"}],"about":[{"href":"https:\/\/www.unavets.com\/mundocan\/es\/wp-json\/wp\/v2\/types\/page"}],"author":[{"embeddable":true,"href":"https:\/\/www.unavets.com\/mundocan\/es\/wp-json\/wp\/v2\/users\/1"}],"replies":[{"embeddable":true,"href":"https:\/\/www.unavets.com\/mundocan\/es\/wp-json\/wp\/v2\/comments?post=13558"}],"version-history":[{"count":72,"href":"https:\/\/www.unavets.com\/mundocan\/es\/wp-json\/wp\/v2\/pages\/13558\/revisions"}],"predecessor-version":[{"id":24333,"href":"https:\/\/www.unavets.com\/mundocan\/es\/wp-json\/wp\/v2\/pages\/13558\/revisions\/24333"}],"wp:attachment":[{"href":"https:\/\/www.unavets.com\/mundocan\/es\/wp-json\/wp\/v2\/media?parent=13558"}],"curies":[{"name":"wp","href":"https:\/\/api.w.org\/{rel}","templated":true}]}}