{"id":13550,"date":"2020-10-03T08:10:45","date_gmt":"2020-10-03T08:10:45","guid":{"rendered":"http:\/\/www.unavets.com\/mundocan\/our-team\/"},"modified":"2025-12-04T06:59:43","modified_gmt":"2025-12-04T06:59:43","slug":"nuestro-equipo","status":"publish","type":"page","link":"https:\/\/www.unavets.com\/mundocan\/es\/nuestro-equipo\/","title":{"rendered":"Nuestro equipo"},"content":{"rendered":"\t\t<div data-elementor-type=\"wp-page\" data-elementor-id=\"13550\" class=\"elementor elementor-13550 elementor-282\" data-elementor-post-type=\"page\">\n\t\t\t\t\t\t<section class=\"elementor-section elementor-top-section elementor-element elementor-element-2315038 pad-bot-0 elementor-section-boxed elementor-section-height-default elementor-section-height-default\" data-id=\"2315038\" data-element_type=\"section\" data-e-type=\"section\" id=\"main-sec\" data-settings=\"{&quot;background_background&quot;:&quot;classic&quot;}\">\n\t\t\t\t\t\t<div class=\"elementor-container elementor-column-gap-default\">\n\t\t\t\t\t<div class=\"elementor-column elementor-col-100 elementor-top-column elementor-element elementor-element-35c75b2\" data-id=\"35c75b2\" data-element_type=\"column\" data-e-type=\"column\">\n\t\t\t<div class=\"elementor-widget-wrap elementor-element-populated\">\n\t\t\t\t\t\t<div class=\"elementor-element elementor-element-28b1762 elementor-widget elementor-widget-text-editor\" data-id=\"28b1762\" data-element_type=\"widget\" data-e-type=\"widget\" data-widget_type=\"text-editor.default\">\n\t\t\t\t<div class=\"elementor-widget-container\">\n\t\t\t\t\t\t\t\t\t<h2 class=\"title title--1 font--primary\">Un multidisciplinar equipo de Veterinarios y Auxiliares<\/h2><p>En Mundocan nos enorgullecemos de contar con un equipo altamente cualificado y dedicado, comprometido en brindar la mejor atenci\u00f3n y cuidado a todos nuestros pacientes.<\/p>\t\t\t\t\t\t\t\t<\/div>\n\t\t\t\t<\/div>\n\t\t\t\t\t<\/div>\n\t\t<\/div>\n\t\t\t\t\t<\/div>\n\t\t<\/section>\n\t\t\t\t<section class=\"elementor-section elementor-top-section elementor-element elementor-element-e31a7cf team-member elementor-section-boxed elementor-section-height-default elementor-section-height-default\" data-id=\"e31a7cf\" data-element_type=\"section\" data-e-type=\"section\">\n\t\t\t\t\t\t<div class=\"elementor-container elementor-column-gap-default\">\n\t\t\t\t\t<div class=\"elementor-column elementor-col-100 elementor-top-column elementor-element elementor-element-74bc16f\" data-id=\"74bc16f\" data-element_type=\"column\" data-e-type=\"column\">\n\t\t\t<div class=\"elementor-widget-wrap elementor-element-populated\">\n\t\t\t\t\t\t<div class=\"elementor-element elementor-element-26c3b90 elementor-hidden-tablet elementor-hidden-phone elementor-widget elementor-widget-section_titleleft\" data-id=\"26c3b90\" data-element_type=\"widget\" data-e-type=\"widget\" data-widget_type=\"section_titleleft.default\">\n\t\t\t\t<div class=\"elementor-widget-container\">\n\t\t\t\t\t        <div class=\"ab_text-title fl-wrap\">\n            <h3>Veterinarios <\/h3><span class=\"section-separator fl-sec-sep\"><\/span>        <\/div>\n        \t\t\t\t<\/div>\n\t\t\t\t<\/div>\n\t\t\t\t<section class=\"elementor-section elementor-inner-section elementor-element elementor-element-3669b34 elementor-section-boxed elementor-section-height-default elementor-section-height-default\" data-id=\"3669b34\" data-element_type=\"section\" data-e-type=\"section\">\n\t\t\t\t\t\t<div class=\"elementor-container elementor-column-gap-default\">\n\t\t\t\t\t<div class=\"elementor-column elementor-col-25 elementor-inner-column elementor-element elementor-element-a7cd8be\" data-id=\"a7cd8be\" data-element_type=\"column\" data-e-type=\"column\">\n\t\t\t<div class=\"elementor-widget-wrap elementor-element-populated\">\n\t\t\t\t\t\t<div class=\"elementor-element elementor-element-f06a80a elementor-widget elementor-widget-team_box\" data-id=\"f06a80a\" data-element_type=\"widget\" data-e-type=\"widget\" data-widget_type=\"team_box.default\">\n\t\t\t\t<div class=\"elementor-widget-container\">\n\t\t\t\t\t            <div class=\"team-holder section-team fl-wrap\">\n                <div class=\"team-box-image\">\n                    <div class=\"team-photo\">\n                        <img decoding=\"async\" src=\"https:\/\/www.unavets.com\/mundocan\/wp-content\/uploads\/sites\/53\/2024\/08\/412.png\" class=\"respimg\">                                    \n                    <\/div>\n                    <div class=\"team-info\">\n                        <h3><a href=\"\">Esther Zapata <\/a><\/h3><h4>Directora<\/h4>Licenciada en Veterinaria por la Universidad Complutense de Madrid en 2012, Esther forma parte del equipo de Mundocan desde 2014.                     <\/div>\n                <\/div>\n            <\/div>\n        \t\t\t\t<\/div>\n\t\t\t\t<\/div>\n\t\t\t\t<div class=\"elementor-element elementor-element-53cee80 readmoretoggle elementor-widget elementor-widget-toggle\" data-id=\"53cee80\" data-element_type=\"widget\" data-e-type=\"widget\" data-widget_type=\"toggle.default\">\n\t\t\t\t<div class=\"elementor-widget-container\">\n\t\t\t\t\t\t\t<div class=\"elementor-toggle\">\n\t\t\t\t\t\t\t<div class=\"elementor-toggle-item\">\n\t\t\t\t\t<div id=\"elementor-tab-title-8781\" class=\"elementor-tab-title\" data-tab=\"1\" role=\"button\" aria-controls=\"elementor-tab-content-8781\" aria-expanded=\"false\">\n\t\t\t\t\t\t\t\t\t\t\t\t<a class=\"elementor-toggle-title\" tabindex=\"0\">Leer m\u00e1s<\/a>\n\t\t\t\t\t<\/div>\n\n\t\t\t\t\t<div id=\"elementor-tab-content-8781\" class=\"elementor-tab-content elementor-clearfix\" data-tab=\"1\" role=\"region\" aria-labelledby=\"elementor-tab-title-8781\"><p>\u00a0En 2015 complet\u00f3 la Diplomatura en Acupuntura Veterinaria por la escuela ACUVETS, disciplina que combina con la medicina veterinaria tradicional. Se ha especializado en peque\u00f1os animales y ex\u00f3ticos. Le gustan las motos, la pintura y el deporte.<\/p><\/div>\n\t\t\t\t<\/div>\n\t\t\t\t\t\t\t\t<\/div>\n\t\t\t\t\t\t<\/div>\n\t\t\t\t<\/div>\n\t\t\t\t\t<\/div>\n\t\t<\/div>\n\t\t\t\t<div class=\"elementor-column elementor-col-25 elementor-inner-column elementor-element elementor-element-cee61de\" data-id=\"cee61de\" data-element_type=\"column\" data-e-type=\"column\">\n\t\t\t<div class=\"elementor-widget-wrap elementor-element-populated\">\n\t\t\t\t\t\t<div class=\"elementor-element elementor-element-ec942c4 elementor-widget elementor-widget-team_box\" data-id=\"ec942c4\" data-element_type=\"widget\" data-e-type=\"widget\" data-widget_type=\"team_box.default\">\n\t\t\t\t<div class=\"elementor-widget-container\">\n\t\t\t\t\t            <div class=\"team-holder section-team fl-wrap\">\n                <div class=\"team-box-image\">\n                    <div class=\"team-photo\">\n                        <img decoding=\"async\" src=\"https:\/\/www.unavets.com\/mundocan\/wp-content\/uploads\/sites\/53\/2025\/11\/Empleados-Pagina-web-8-scaled.jpg\" class=\"respimg\">                                    \n                    <\/div>\n                    <div class=\"team-info\">\n                        <h3><a href=\"\">Alejandro Pomeda<\/a><\/h3><h4>Veterinario<\/h4>Alejandro se gradu\u00f3 en Veterinaria por la Universidad Alfonso X el Sabio en 2025. Es t\u00e9cnico en Anatom\u00eda Patol\u00f3gica y Citodiagn\u00f3stico y ha realizado un posgrado en Oncolog\u00eda de Peque\u00f1os Animales por la ISVPS.                     <\/div>\n                <\/div>\n            <\/div>\n        \t\t\t\t<\/div>\n\t\t\t\t<\/div>\n\t\t\t\t<div class=\"elementor-element elementor-element-3afcb83 readmoretoggle elementor-widget elementor-widget-toggle\" data-id=\"3afcb83\" data-element_type=\"widget\" data-e-type=\"widget\" data-widget_type=\"toggle.default\">\n\t\t\t\t<div class=\"elementor-widget-container\">\n\t\t\t\t\t\t\t<div class=\"elementor-toggle\">\n\t\t\t\t\t\t\t<div class=\"elementor-toggle-item\">\n\t\t\t\t\t<div id=\"elementor-tab-title-6181\" class=\"elementor-tab-title\" data-tab=\"1\" role=\"button\" aria-controls=\"elementor-tab-content-6181\" aria-expanded=\"false\">\n\t\t\t\t\t\t\t\t\t\t\t\t<a class=\"elementor-toggle-title\" tabindex=\"0\">Leer m\u00e1s<\/a>\n\t\t\t\t\t<\/div>\n\n\t\t\t\t\t<div id=\"elementor-tab-content-6181\" class=\"elementor-tab-content elementor-clearfix\" data-tab=\"1\" role=\"region\" aria-labelledby=\"elementor-tab-title-6181\"><p>Le apasionan la oncolog\u00eda y la anatom\u00eda patol\u00f3gica veterinaria. En su tiempo libre disfruta haciendo deporte y jugando al f\u00fatbol.<\/p><\/div>\n\t\t\t\t<\/div>\n\t\t\t\t\t\t\t\t<\/div>\n\t\t\t\t\t\t<\/div>\n\t\t\t\t<\/div>\n\t\t\t\t\t<\/div>\n\t\t<\/div>\n\t\t\t\t<div class=\"elementor-column elementor-col-25 elementor-inner-column elementor-element elementor-element-a7b2c50\" data-id=\"a7b2c50\" data-element_type=\"column\" data-e-type=\"column\">\n\t\t\t<div class=\"elementor-widget-wrap elementor-element-populated\">\n\t\t\t\t\t\t<div class=\"elementor-element elementor-element-65106c1 elementor-widget elementor-widget-team_box\" data-id=\"65106c1\" data-element_type=\"widget\" data-e-type=\"widget\" data-widget_type=\"team_box.default\">\n\t\t\t\t<div class=\"elementor-widget-container\">\n\t\t\t\t\t            <div class=\"team-holder section-team fl-wrap\">\n                <div class=\"team-box-image\">\n                    <div class=\"team-photo\">\n                        <img decoding=\"async\" src=\"https:\/\/www.unavets.com\/mundocan\/wp-content\/uploads\/sites\/53\/2025\/12\/Empleados-Pagina-web-21-scaled.jpg\" class=\"respimg\">                                    \n                    <\/div>\n                    <div class=\"team-info\">\n                        <h3><a href=\"\">Paula Miranda<\/a><\/h3><h4>Veterinaria<\/h4>Graduada en veterinaria por la Universidad de Santiago de Compostela en 2023. En 2024 complet\u00f3 los estudios en el posgrado de medicina interna impartido por Ifevet. En su tiempo libre disfruta del deporte, m\u00fasica y la lectura.                    <\/div>\n                <\/div>\n            <\/div>\n        \t\t\t\t<\/div>\n\t\t\t\t<\/div>\n\t\t\t\t\t<\/div>\n\t\t<\/div>\n\t\t\t\t<div class=\"elementor-column elementor-col-25 elementor-inner-column elementor-element elementor-element-ceefdd4 nodata_bor\" data-id=\"ceefdd4\" data-element_type=\"column\" data-e-type=\"column\">\n\t\t\t<div class=\"elementor-widget-wrap\">\n\t\t\t\t\t\t\t<\/div>\n\t\t<\/div>\n\t\t\t\t\t<\/div>\n\t\t<\/section>\n\t\t\t\t\t<\/div>\n\t\t<\/div>\n\t\t\t\t\t<\/div>\n\t\t<\/section>\n\t\t\t\t<section class=\"elementor-section elementor-top-section elementor-element elementor-element-eafa286 elementor-section-boxed elementor-section-height-default elementor-section-height-default\" data-id=\"eafa286\" data-element_type=\"section\" data-e-type=\"section\">\n\t\t\t\t\t\t<div class=\"elementor-container elementor-column-gap-default\">\n\t\t\t\t\t<div class=\"elementor-column elementor-col-100 elementor-top-column elementor-element elementor-element-c6e215b\" data-id=\"c6e215b\" data-element_type=\"column\" data-e-type=\"column\">\n\t\t\t<div class=\"elementor-widget-wrap elementor-element-populated\">\n\t\t\t\t\t\t<div class=\"elementor-element elementor-element-4f23991 elementor-hidden-tablet elementor-hidden-phone elementor-widget elementor-widget-section_titleleft\" data-id=\"4f23991\" data-element_type=\"widget\" data-e-type=\"widget\" data-widget_type=\"section_titleleft.default\">\n\t\t\t\t<div class=\"elementor-widget-container\">\n\t\t\t\t\t        <div class=\"ab_text-title fl-wrap\">\n            <h3>T\u00e9cnicos y Auxiliares<\/h3><span class=\"section-separator fl-sec-sep\"><\/span>        <\/div>\n        \t\t\t\t<\/div>\n\t\t\t\t<\/div>\n\t\t\t\t\t<\/div>\n\t\t<\/div>\n\t\t\t\t\t<\/div>\n\t\t<\/section>\n\t\t\t\t<section class=\"elementor-section elementor-top-section elementor-element elementor-element-ab3c99e team-member elementor-section-boxed elementor-section-height-default elementor-section-height-default\" data-id=\"ab3c99e\" data-element_type=\"section\" data-e-type=\"section\">\n\t\t\t\t\t\t<div class=\"elementor-container elementor-column-gap-default\">\n\t\t\t\t\t<div class=\"elementor-column elementor-col-100 elementor-top-column elementor-element elementor-element-a4391cd\" data-id=\"a4391cd\" data-element_type=\"column\" data-e-type=\"column\">\n\t\t\t<div class=\"elementor-widget-wrap elementor-element-populated\">\n\t\t\t\t\t\t<section class=\"elementor-section elementor-inner-section elementor-element elementor-element-dbb1eba elementor-section-boxed elementor-section-height-default elementor-section-height-default\" data-id=\"dbb1eba\" data-element_type=\"section\" data-e-type=\"section\">\n\t\t\t\t\t\t<div class=\"elementor-container elementor-column-gap-default\">\n\t\t\t\t\t<div class=\"elementor-column elementor-col-25 elementor-inner-column elementor-element elementor-element-08580f5\" data-id=\"08580f5\" data-element_type=\"column\" data-e-type=\"column\">\n\t\t\t<div class=\"elementor-widget-wrap elementor-element-populated\">\n\t\t\t\t\t\t<div class=\"elementor-element elementor-element-de85e81 elementor-widget elementor-widget-team_box\" data-id=\"de85e81\" data-element_type=\"widget\" data-e-type=\"widget\" data-widget_type=\"team_box.default\">\n\t\t\t\t<div class=\"elementor-widget-container\">\n\t\t\t\t\t            <div class=\"team-holder section-team fl-wrap\">\n                <div class=\"team-box-image\">\n                    <div class=\"team-photo\">\n                        <img decoding=\"async\" src=\"https:\/\/www.unavets.com\/mundocan\/wp-content\/uploads\/sites\/53\/2024\/08\/411.png\" class=\"respimg\">                                    \n                    <\/div>\n                    <div class=\"team-info\">\n                        <h3><a href=\"\"> Gemma Ca\u00f1as<\/a><\/h3><h4>Auxiliar Veterinaria<\/h4>Con formaci\u00f3n en Auxiliar Cl\u00ednico Veterinario desde 2004 en ISED, Gemma se uni\u00f3 al equipo en 2006. A lo largo de su carrera, ha realizado numerosas formaciones para ofrecer una atenci\u00f3n personalizada.                    <\/div>\n                <\/div>\n            <\/div>\n        \t\t\t\t<\/div>\n\t\t\t\t<\/div>\n\t\t\t\t<div class=\"elementor-element elementor-element-a451e2e readmoretoggle elementor-widget elementor-widget-toggle\" data-id=\"a451e2e\" data-element_type=\"widget\" data-e-type=\"widget\" data-widget_type=\"toggle.default\">\n\t\t\t\t<div class=\"elementor-widget-container\">\n\t\t\t\t\t\t\t<div class=\"elementor-toggle\">\n\t\t\t\t\t\t\t<div class=\"elementor-toggle-item\">\n\t\t\t\t\t<div id=\"elementor-tab-title-1721\" class=\"elementor-tab-title\" data-tab=\"1\" role=\"button\" aria-controls=\"elementor-tab-content-1721\" aria-expanded=\"false\">\n\t\t\t\t\t\t\t\t\t\t\t\t<a class=\"elementor-toggle-title\" tabindex=\"0\">Leer m\u00e1s<\/a>\n\t\t\t\t\t<\/div>\n\n\t\t\t\t\t<div id=\"elementor-tab-content-1721\" class=\"elementor-tab-content elementor-clearfix\" data-tab=\"1\" role=\"region\" aria-labelledby=\"elementor-tab-title-1721\"><p>Actualmente, se desempe\u00f1a en la recepci\u00f3n, manejando el \u00e1rea administrativa, tr\u00e1mites para viajar y redes sociales. Sus aficiones incluyen la cocina y la m\u00fasica.<\/p><\/div>\n\t\t\t\t<\/div>\n\t\t\t\t\t\t\t\t<\/div>\n\t\t\t\t\t\t<\/div>\n\t\t\t\t<\/div>\n\t\t\t\t\t<\/div>\n\t\t<\/div>\n\t\t\t\t<div class=\"elementor-column elementor-col-25 elementor-inner-column elementor-element elementor-element-d4fe815\" data-id=\"d4fe815\" data-element_type=\"column\" data-e-type=\"column\">\n\t\t\t<div class=\"elementor-widget-wrap elementor-element-populated\">\n\t\t\t\t\t\t<div class=\"elementor-element elementor-element-7d1d46e elementor-widget elementor-widget-team_box\" data-id=\"7d1d46e\" data-element_type=\"widget\" data-e-type=\"widget\" data-widget_type=\"team_box.default\">\n\t\t\t\t<div class=\"elementor-widget-container\">\n\t\t\t\t\t            <div class=\"team-holder section-team fl-wrap\">\n                <div class=\"team-box-image\">\n                    <div class=\"team-photo\">\n                        <img decoding=\"async\" src=\"https:\/\/www.unavets.com\/mundocan\/wp-content\/uploads\/sites\/53\/2024\/08\/Copia-de-Empleados-Pagina-web-1.png\" class=\"respimg\">                                    \n                    <\/div>\n                    <div class=\"team-info\">\n                        <h3><a href=\"\">Ana\u00edma Mart\u00edn<\/a><\/h3><h4>Auxiliar Veterinaria<\/h4>Complet\u00f3 el Curso de Auxiliar Cl\u00ednico Veterinario en el centro de formaci\u00f3n ISED en 2007 y forma parte del equipo de Mundocan desde 2008.                    <\/div>\n                <\/div>\n            <\/div>\n        \t\t\t\t<\/div>\n\t\t\t\t<\/div>\n\t\t\t\t<div class=\"elementor-element elementor-element-d96f0ee readmoretoggle elementor-widget elementor-widget-toggle\" data-id=\"d96f0ee\" data-element_type=\"widget\" data-e-type=\"widget\" data-widget_type=\"toggle.default\">\n\t\t\t\t<div class=\"elementor-widget-container\">\n\t\t\t\t\t\t\t<div class=\"elementor-toggle\">\n\t\t\t\t\t\t\t<div class=\"elementor-toggle-item\">\n\t\t\t\t\t<div id=\"elementor-tab-title-2271\" class=\"elementor-tab-title\" data-tab=\"1\" role=\"button\" aria-controls=\"elementor-tab-content-2271\" aria-expanded=\"false\">\n\t\t\t\t\t\t\t\t\t\t\t\t<a class=\"elementor-toggle-title\" tabindex=\"0\">Leer m\u00e1s<\/a>\n\t\t\t\t\t<\/div>\n\n\t\t\t\t\t<div id=\"elementor-tab-content-2271\" class=\"elementor-tab-content elementor-clearfix\" data-tab=\"1\" role=\"region\" aria-labelledby=\"elementor-tab-title-2271\"><p>Como aficiones, le gusta estar con la familia y disfrutar de la gastronom\u00eda (nos encanta probar restaurantes), practicar deportes de nieve, especialmente el snowboard, y estar en contacto con la naturaleza.<\/p><\/div>\n\t\t\t\t<\/div>\n\t\t\t\t\t\t\t\t<\/div>\n\t\t\t\t\t\t<\/div>\n\t\t\t\t<\/div>\n\t\t\t\t\t<\/div>\n\t\t<\/div>\n\t\t\t\t<div class=\"elementor-column elementor-col-25 elementor-inner-column elementor-element elementor-element-6004337\" data-id=\"6004337\" data-element_type=\"column\" data-e-type=\"column\">\n\t\t\t<div class=\"elementor-widget-wrap elementor-element-populated\">\n\t\t\t\t\t\t<div class=\"elementor-element elementor-element-38da00d elementor-widget elementor-widget-team_box\" data-id=\"38da00d\" data-element_type=\"widget\" data-e-type=\"widget\" data-widget_type=\"team_box.default\">\n\t\t\t\t<div class=\"elementor-widget-container\">\n\t\t\t\t\t            <div class=\"team-holder section-team fl-wrap\">\n                <div class=\"team-box-image\">\n                    <div class=\"team-photo\">\n                        <img decoding=\"async\" src=\"https:\/\/www.unavets.com\/mundocan\/wp-content\/uploads\/sites\/53\/2025\/12\/Empleados-Pagina-web-22-scaled.jpg\" class=\"respimg\">                                    \n                    <\/div>\n                    <div class=\"team-info\">\n                        <h3><a href=\"\">Angela Correia<\/a><\/h3><h4>Auxiliar Veterinaria<\/h4>ATV formada en VETFORMACI\u00d3N (2025). Apasionada por el bienestar animal y por ofrecer una atenci\u00f3n de calidad que mejore la vida de cada paciente.                     <\/div>\n                <\/div>\n            <\/div>\n        \t\t\t\t<\/div>\n\t\t\t\t<\/div>\n\t\t\t\t<div class=\"elementor-element elementor-element-70c9ee5 readmoretoggle elementor-widget elementor-widget-toggle\" data-id=\"70c9ee5\" data-element_type=\"widget\" data-e-type=\"widget\" data-widget_type=\"toggle.default\">\n\t\t\t\t<div class=\"elementor-widget-container\">\n\t\t\t\t\t\t\t<div class=\"elementor-toggle\">\n\t\t\t\t\t\t\t<div class=\"elementor-toggle-item\">\n\t\t\t\t\t<div id=\"elementor-tab-title-1181\" class=\"elementor-tab-title\" data-tab=\"1\" role=\"button\" aria-controls=\"elementor-tab-content-1181\" aria-expanded=\"false\">\n\t\t\t\t\t\t\t\t\t\t\t\t<a class=\"elementor-toggle-title\" tabindex=\"0\">Leer m\u00e1s<\/a>\n\t\t\t\t\t<\/div>\n\n\t\t\t\t\t<div id=\"elementor-tab-content-1181\" class=\"elementor-tab-content elementor-clearfix\" data-tab=\"1\" role=\"region\" aria-labelledby=\"elementor-tab-title-1181\"><p>Destaca por su empat\u00eda, su energ\u00eda positiva y su gran disposici\u00f3n para ayudar en todo momento.<\/p><\/div>\n\t\t\t\t<\/div>\n\t\t\t\t\t\t\t\t<\/div>\n\t\t\t\t\t\t<\/div>\n\t\t\t\t<\/div>\n\t\t\t\t\t<\/div>\n\t\t<\/div>\n\t\t\t\t<div class=\"elementor-column elementor-col-25 elementor-inner-column elementor-element elementor-element-d5a23af nodata_bor\" data-id=\"d5a23af\" data-element_type=\"column\" data-e-type=\"column\">\n\t\t\t<div class=\"elementor-widget-wrap\">\n\t\t\t\t\t\t\t<\/div>\n\t\t<\/div>\n\t\t\t\t\t<\/div>\n\t\t<\/section>\n\t\t\t\t\t<\/div>\n\t\t<\/div>\n\t\t\t\t\t<\/div>\n\t\t<\/section>\n\t\t\t\t<\/div>\n\t\t","protected":false},"excerpt":{"rendered":"<p>Un multidisciplinar equipo de Veterinarios y Auxiliares En Mundocan nos enorgullecemos de contar con un equipo altamente cualificado y dedicado, comprometido en brindar la mejor atenci\u00f3n y cuidado a todos nuestros pacientes. Veterinarios Esther Zapata Directora Licenciada en Veterinaria por la Universidad Complutense de Madrid en 2012, Esther forma parte del equipo de Mundocan desde &hellip; <\/p>\n","protected":false},"author":1,"featured_media":0,"parent":0,"menu_order":0,"comment_status":"closed","ping_status":"closed","template":"page-fullwidth.php","meta":{"_acf_changed":false,"content-type":"","footnotes":""},"class_list":["post-13550","page","type-page","status-publish","hentry"],"acf":[],"_links":{"self":[{"href":"https:\/\/www.unavets.com\/mundocan\/es\/wp-json\/wp\/v2\/pages\/13550","targetHints":{"allow":["GET"]}}],"collection":[{"href":"https:\/\/www.unavets.com\/mundocan\/es\/wp-json\/wp\/v2\/pages"}],"about":[{"href":"https:\/\/www.unavets.com\/mundocan\/es\/wp-json\/wp\/v2\/types\/page"}],"author":[{"embeddable":true,"href":"https:\/\/www.unavets.com\/mundocan\/es\/wp-json\/wp\/v2\/users\/1"}],"replies":[{"embeddable":true,"href":"https:\/\/www.unavets.com\/mundocan\/es\/wp-json\/wp\/v2\/comments?post=13550"}],"version-history":[{"count":355,"href":"https:\/\/www.unavets.com\/mundocan\/es\/wp-json\/wp\/v2\/pages\/13550\/revisions"}],"predecessor-version":[{"id":24358,"href":"https:\/\/www.unavets.com\/mundocan\/es\/wp-json\/wp\/v2\/pages\/13550\/revisions\/24358"}],"wp:attachment":[{"href":"https:\/\/www.unavets.com\/mundocan\/es\/wp-json\/wp\/v2\/media?parent=13550"}],"curies":[{"name":"wp","href":"https:\/\/api.w.org\/{rel}","templated":true}]}}