{"id":12822,"date":"2020-10-07T11:02:29","date_gmt":"2020-10-07T11:02:29","guid":{"rendered":"http:\/\/www.unavets.com\/mundocan\/grooming\/"},"modified":"2024-10-08T12:03:18","modified_gmt":"2024-10-08T12:03:18","slug":"peluqueria","status":"publish","type":"page","link":"https:\/\/www.unavets.com\/mundocan\/es\/servicios\/peluqueria\/","title":{"rendered":"Peluquer\u00eda"},"content":{"rendered":"\t\t<div data-elementor-type=\"wp-page\" data-elementor-id=\"12822\" class=\"elementor elementor-12822 elementor-465\" data-elementor-post-type=\"page\">\n\t\t\t\t\t\t<section class=\"elementor-section elementor-top-section elementor-element elementor-element-3b7f1f2 elementor-section-boxed elementor-section-height-default elementor-section-height-default\" data-id=\"3b7f1f2\" data-element_type=\"section\" data-e-type=\"section\" id=\"main-sec\">\n\t\t\t\t\t\t<div class=\"elementor-container elementor-column-gap-default\">\n\t\t\t\t\t<div class=\"elementor-column elementor-col-100 elementor-top-column elementor-element elementor-element-138c88c\" data-id=\"138c88c\" data-element_type=\"column\" data-e-type=\"column\">\n\t\t\t<div class=\"elementor-widget-wrap elementor-element-populated\">\n\t\t\t\t\t\t<div class=\"elementor-element elementor-element-ec83cf0 elementor-widget elementor-widget-section_titleleft\" data-id=\"ec83cf0\" data-element_type=\"widget\" data-e-type=\"widget\" data-widget_type=\"section_titleleft.default\">\n\t\t\t\t<div class=\"elementor-widget-container\">\n\t\t\t\t\t        <div class=\"ab_text-title fl-wrap\">\n            <h3>\u00bfPor qu\u00e9 es importante?<\/h3><span class=\"section-separator fl-sec-sep\"><\/span>        <\/div>\n        \t\t\t\t<\/div>\n\t\t\t\t<\/div>\n\t\t\t\t\t<\/div>\n\t\t<\/div>\n\t\t\t\t\t<\/div>\n\t\t<\/section>\n\t\t\t\t<section class=\"elementor-section elementor-top-section elementor-element elementor-element-d993722 elementor-section-boxed elementor-section-height-default elementor-section-height-default\" data-id=\"d993722\" data-element_type=\"section\" data-e-type=\"section\">\n\t\t\t\t\t\t<div class=\"elementor-container elementor-column-gap-default\">\n\t\t\t\t\t<div class=\"elementor-column elementor-col-50 elementor-top-column elementor-element elementor-element-065811d\" data-id=\"065811d\" data-element_type=\"column\" data-e-type=\"column\">\n\t\t\t<div class=\"elementor-widget-wrap elementor-element-populated\">\n\t\t\t\t\t\t<div class=\"elementor-element elementor-element-63d99ac elementor-widget elementor-widget-text-editor\" data-id=\"63d99ac\" data-element_type=\"widget\" data-e-type=\"widget\" data-widget_type=\"text-editor.default\">\n\t\t\t\t<div class=\"elementor-widget-container\">\n\t\t\t\t\t\t\t\t\t<p>No es solo una cuesti\u00f3n de imagen, tener el pelo aseado es esencial para la salud y el bienestar de tu mascota. Descuidar su aseo puede dar lugar a un pelo largo y enmara\u00f1ado que resulte muy inc\u00f3modo; puede originar enfermedades en la piel y aumentar la posibilidad de que el animal contraiga pulgas o \u00e1caros.<\/p><p>Nuestros servicios de peluquer\u00eda en Cl\u00ednica Veterinaria Mundocan se adaptan a las necesidades de cada animal. Ofrecemos servicio de peluquer\u00eda para gatos y perros que ayudan a eliminar el pelo ca\u00eddo y la piel muerta, adem\u00e1s de aportar aceites naturales a su pelaje.<\/p><p>Nuestros especialistas de Madrid tienen experiencia en el corte y peinado de casi 200 perros y gatos de diferentes razas y tama\u00f1os. Mientras tu mascota disfruta del servicio, nuestro peluquero tambi\u00e9n revisar\u00e1 si hay alguna irregularidad en su piel. Ll\u00e1manos para saber cu\u00e1l de los siguientes servicios es el m\u00e1s adecuado para tu mascota:  914 769 837.<\/p>\t\t\t\t\t\t\t\t<\/div>\n\t\t\t\t<\/div>\n\t\t\t\t<div class=\"elementor-element elementor-element-d46a6b5 elementor-align-center elementor-widget elementor-widget-button\" data-id=\"d46a6b5\" data-element_type=\"widget\" data-e-type=\"widget\" data-widget_type=\"button.default\">\n\t\t\t\t<div class=\"elementor-widget-container\">\n\t\t\t\t\t\t\t\t\t<div class=\"elementor-button-wrapper\">\n\t\t\t\t\t<a class=\"elementor-button elementor-button-link elementor-size-md\" href=\"tel:%20914%20769%20837\">\n\t\t\t\t\t\t<span class=\"elementor-button-content-wrapper\">\n\t\t\t\t\t\t<span class=\"elementor-button-icon\">\n\t\t\t\t<i aria-hidden=\"true\" class=\"far fa-calendar-alt\"><\/i>\t\t\t<\/span>\n\t\t\t\t\t\t\t\t\t<span class=\"elementor-button-text\">Pide Cita<\/span>\n\t\t\t\t\t<\/span>\n\t\t\t\t\t<\/a>\n\t\t\t\t<\/div>\n\t\t\t\t\t\t\t\t<\/div>\n\t\t\t\t<\/div>\n\t\t\t\t\t<\/div>\n\t\t<\/div>\n\t\t\t\t<div class=\"elementor-column elementor-col-50 elementor-top-column elementor-element elementor-element-2048e61\" data-id=\"2048e61\" data-element_type=\"column\" data-e-type=\"column\">\n\t\t\t<div class=\"elementor-widget-wrap elementor-element-populated\">\n\t\t\t\t\t\t<div class=\"elementor-element elementor-element-01118fc elementor-widget elementor-widget-image\" data-id=\"01118fc\" data-element_type=\"widget\" data-e-type=\"widget\" data-widget_type=\"image.default\">\n\t\t\t\t<div class=\"elementor-widget-container\">\n\t\t\t\t\t\t\t\t\t\t\t\t\t\t\t<img fetchpriority=\"high\" width=\"724\" height=\"543\" class=\"attachment-large size-large wp-image-23920 lazy\" alt=\"\" data-src=\"https:\/\/www.unavets.com\/mundocan\/wp-content\/uploads\/sites\/53\/2024\/09\/WhatsApp-Image-2024-09-25-at-12.18.25-2-1024x768.jpeg\" data-lazy=\"https:\/\/www.unavets.com\/mundocan\/wp-content\/uploads\/sites\/53\/2024\/09\/WhatsApp-Image-2024-09-25-at-12.18.25-2-1024x768.jpeg\" \/>\t\t\t\t\t\t\t\t\t\t\t\t\t\t\t<\/div>\n\t\t\t\t<\/div>\n\t\t\t\t\t<\/div>\n\t\t<\/div>\n\t\t\t\t\t<\/div>\n\t\t<\/section>\n\t\t\t\t<section class=\"elementor-section elementor-top-section elementor-element elementor-element-c6e8d26 elementor-section-boxed elementor-section-height-default elementor-section-height-default\" data-id=\"c6e8d26\" data-element_type=\"section\" data-e-type=\"section\">\n\t\t\t\t\t\t<div class=\"elementor-container elementor-column-gap-default\">\n\t\t\t\t\t<div class=\"elementor-column elementor-col-100 elementor-top-column elementor-element elementor-element-d92d362\" data-id=\"d92d362\" data-element_type=\"column\" data-e-type=\"column\">\n\t\t\t<div class=\"elementor-widget-wrap elementor-element-populated\">\n\t\t\t\t\t\t<div class=\"elementor-element elementor-element-70fb1ad elementor-widget elementor-widget-section_titleleft\" data-id=\"70fb1ad\" data-element_type=\"widget\" data-e-type=\"widget\" data-widget_type=\"section_titleleft.default\">\n\t\t\t\t<div class=\"elementor-widget-container\">\n\t\t\t\t\t        <div class=\"ab_text-title fl-wrap\">\n            <h3>Servicios de peluquer\u00eda:<\/h3><span class=\"section-separator fl-sec-sep\"><\/span>        <\/div>\n        \t\t\t\t<\/div>\n\t\t\t\t<\/div>\n\t\t\t\t\t<\/div>\n\t\t<\/div>\n\t\t\t\t\t<\/div>\n\t\t<\/section>\n\t\t\t\t<section class=\"elementor-section elementor-top-section elementor-element elementor-element-149f379 elementor-section-boxed elementor-section-height-default elementor-section-height-default\" data-id=\"149f379\" data-element_type=\"section\" data-e-type=\"section\">\n\t\t\t\t\t\t<div class=\"elementor-container elementor-column-gap-default\">\n\t\t\t\t\t<div class=\"elementor-column elementor-col-50 elementor-top-column elementor-element elementor-element-2a8ea5b\" data-id=\"2a8ea5b\" data-element_type=\"column\" data-e-type=\"column\">\n\t\t\t<div class=\"elementor-widget-wrap elementor-element-populated\">\n\t\t\t\t\t\t<div class=\"elementor-element elementor-element-dc7c821 elementor-widget elementor-widget-image\" data-id=\"dc7c821\" data-element_type=\"widget\" data-e-type=\"widget\" data-widget_type=\"image.default\">\n\t\t\t\t<div class=\"elementor-widget-container\">\n\t\t\t\t\t\t\t\t\t\t\t\t\t\t\t<img width=\"724\" height=\"483\" class=\"attachment-large size-large wp-image-23145 lazy\" alt=\"\" data-src=\"https:\/\/www.unavets.com\/mundocan\/wp-content\/uploads\/sites\/53\/2024\/08\/Unavets-Madrid54-1.jpg\" data-lazy=\"https:\/\/www.unavets.com\/mundocan\/wp-content\/uploads\/sites\/53\/2024\/08\/Unavets-Madrid54-1.jpg\" \/>\t\t\t\t\t\t\t\t\t\t\t\t\t\t\t<\/div>\n\t\t\t\t<\/div>\n\t\t\t\t\t<\/div>\n\t\t<\/div>\n\t\t\t\t<div class=\"elementor-column elementor-col-50 elementor-top-column elementor-element elementor-element-08b8459\" data-id=\"08b8459\" data-element_type=\"column\" data-e-type=\"column\">\n\t\t\t<div class=\"elementor-widget-wrap elementor-element-populated\">\n\t\t\t\t\t\t<div class=\"elementor-element elementor-element-e1b240e elementor-widget elementor-widget-text-editor\" data-id=\"e1b240e\" data-element_type=\"widget\" data-e-type=\"widget\" data-widget_type=\"text-editor.default\">\n\t\t\t\t<div class=\"elementor-widget-container\">\n\t\t\t\t\t\t\t\t\t<ul>\n<li>Ba\u00f1o y champ\u00fa especial para mascotas.<\/li>\n<li>Secado suave.<\/li>\n<li>15 minutos de cepillado.<\/li>\n<li>Corte de pelo y desenredado de nudos.<\/li>\n<li>Corte de pelaje facial.<\/li>\n<li>Limpieza de o\u00eddos, depilaci\u00f3n y lavado.<\/li>\n<li>Corte de u\u00f1as y recorte del pelo de las almohadillas.<\/li>\n<li>Corte sanitario y ba\u00f1o terap\u00e9utico.<\/li>\n<li>Limpieza de gl\u00e1ndulas anales.<\/li>\n<\/ul>\t\t\t\t\t\t\t\t<\/div>\n\t\t\t\t<\/div>\n\t\t\t\t\t<\/div>\n\t\t<\/div>\n\t\t\t\t\t<\/div>\n\t\t<\/section>\n\t\t\t\t<section class=\"elementor-section elementor-top-section elementor-element elementor-element-d95b36a elementor-section-boxed elementor-section-height-default elementor-section-height-default\" data-id=\"d95b36a\" data-element_type=\"section\" data-e-type=\"section\">\n\t\t\t\t\t\t<div class=\"elementor-container elementor-column-gap-default\">\n\t\t\t\t\t<div class=\"elementor-column elementor-col-100 elementor-top-column elementor-element elementor-element-9820b30\" data-id=\"9820b30\" data-element_type=\"column\" data-e-type=\"column\">\n\t\t\t<div class=\"elementor-widget-wrap elementor-element-populated\">\n\t\t\t\t\t\t<div class=\"elementor-element elementor-element-967a61a elementor-widget elementor-widget-text-editor\" data-id=\"967a61a\" data-element_type=\"widget\" data-e-type=\"widget\" data-widget_type=\"text-editor.default\">\n\t\t\t\t<div class=\"elementor-widget-container\">\n\t\t\t\t\t\t\t\t\t<blockquote><p><i>LLlev\u00e9 a mi perro Rocky, un Cocker Spaniel, a la peluquer\u00eda de Mundocan y no puedo estar m\u00e1s contento con el resultado. El personal fue s\u00faper amable y trataron a Rocky con mucho cari\u00f1o. Su pelaje, que siempre requiere un buen corte, qued\u00f3 impecable y justo como quer\u00eda. El lugar es limpio y se nota que de verdad se preocupan por los animales. Definitivamente voy a seguir llevando a Rocky all\u00ed, 100% recomendado.<\/i><\/p><p><i>Antonio M. (Madrid)<\/i><\/p><\/blockquote>\t\t\t\t\t\t\t\t<\/div>\n\t\t\t\t<\/div>\n\t\t\t\t\t<\/div>\n\t\t<\/div>\n\t\t\t\t\t<\/div>\n\t\t<\/section>\n\t\t\t\t<section class=\"elementor-section elementor-top-section elementor-element elementor-element-49ff81c elementor-section-boxed elementor-section-height-default elementor-section-height-default\" data-id=\"49ff81c\" data-element_type=\"section\" data-e-type=\"section\">\n\t\t\t\t\t\t<div class=\"elementor-container elementor-column-gap-default\">\n\t\t\t\t\t<div class=\"elementor-column elementor-col-100 elementor-top-column elementor-element elementor-element-1dff2ba\" data-id=\"1dff2ba\" data-element_type=\"column\" data-e-type=\"column\">\n\t\t\t<div class=\"elementor-widget-wrap elementor-element-populated\">\n\t\t\t\t\t\t<div class=\"elementor-element elementor-element-9ea1c2e elementor-widget elementor-widget-section_titleleft\" data-id=\"9ea1c2e\" data-element_type=\"widget\" data-e-type=\"widget\" data-widget_type=\"section_titleleft.default\">\n\t\t\t\t<div class=\"elementor-widget-container\">\n\t\t\t\t\t        <div class=\"ab_text-title fl-wrap\">\n            <h3>\u00bfC\u00f3mo preparar a tu mascota para llevarla a la peluquer\u00eda?<\/h3><span class=\"section-separator fl-sec-sep\"><\/span>        <\/div>\n        \t\t\t\t<\/div>\n\t\t\t\t<\/div>\n\t\t\t\t<div class=\"elementor-element elementor-element-ac2f888 elementor-widget elementor-widget-text-editor\" data-id=\"ac2f888\" data-element_type=\"widget\" data-e-type=\"widget\" data-widget_type=\"text-editor.default\">\n\t\t\t\t<div class=\"elementor-widget-container\">\n\t\t\t\t\t\t\t\t\t<p>Primero, recomendamos que el animal haya recibido las vacunas necesarias al menos 48 h antes de la visita. Tambi\u00e9n aconsejamos apuntar las dolencias espec\u00edficas que debamos saber, como afecciones de la piel, irritaciones, bultos, etc. La salud de tu mascota es lo m\u00e1s importante y para mantenerla es esencial que nos comuniques cualquier problema existente o necesidad particular con antelaci\u00f3n.<\/p><p>Segundo, acostumbra a tu mascota al aseo haciendo algunas cosas: primero toca sus patas por debajo, tambi\u00e9n las almohadillas y otras partes que normalmente no toques, como el interior de las orejas o incluso entre las garras. Tambi\u00e9n es \u00fatil usar algunos objetos cotidianos como el secador, para que se acostumbre al ruido y la vibraci\u00f3n, la tijera de cortar o el corta\u00fa\u00f1as. Cuando uses el secador, ponlo a la potencia m\u00ednima, con aire fr\u00edo y no apuntes con \u00e9l hacia su cara. Cuanto m\u00e1s c\u00f3moda est\u00e9 antes de la visita mejor experiencia tendr\u00e1, sobre todo si es su primera vez.<\/p><p>Tambi\u00e9n recomendamos que ba\u00f1es a tu mascota con antelaci\u00f3n y que la cepilles regularmente en casa. Esto no s\u00f3lo la preparar\u00e1 para la peluquer\u00eda<br \/>sino que la ayudar\u00e1 a crear un v\u00ednculo emocional contigo. Un ba\u00f1o y un cepillado en casa, con regularidad, la ayudar\u00e1n a mantenerse sana y aseada entre sus visitas a la peluquer\u00eda.<\/p><p>Para los principiantes \u2014especialmente si se ponen nerviosos\u2014 aconsejamos, si puedes, que pas\u00e9is a conocer al peluquero. Esto ayudar\u00e1 a tu animal a crear una relaci\u00f3n con esta persona y a acostumbrarse a los olores y sonidos de la peluquer\u00eda.<\/p><p>El d\u00eda de la visita, te proponemos un par de cosas para ayudarte a controlar sus nervios. Primero, puedes llevarla al parque a dar un paseo, para ayudarla a calmarse con un poco de ejercicio. Justo antes de la visita, puedes ayudarla a relajarse estando un rato con ella acarici\u00e1ndola, frotando su espalda, patas, vientre y cola. Eso la ayudar\u00e1 a controlar la ansiedad y la preparar\u00e1 para tener una buena experiencia.<\/p>\t\t\t\t\t\t\t\t<\/div>\n\t\t\t\t<\/div>\n\t\t\t\t\t<\/div>\n\t\t<\/div>\n\t\t\t\t\t<\/div>\n\t\t<\/section>\n\t\t\t\t<section class=\"elementor-section elementor-top-section elementor-element elementor-element-c209a7a elementor-section-boxed elementor-section-height-default elementor-section-height-default\" data-id=\"c209a7a\" data-element_type=\"section\" data-e-type=\"section\">\n\t\t\t\t\t\t<div class=\"elementor-container elementor-column-gap-default\">\n\t\t\t\t\t<div class=\"elementor-column elementor-col-100 elementor-top-column elementor-element elementor-element-89393e2\" data-id=\"89393e2\" data-element_type=\"column\" data-e-type=\"column\">\n\t\t\t<div class=\"elementor-widget-wrap elementor-element-populated\">\n\t\t\t\t\t\t<div class=\"elementor-element elementor-element-9953e23 elementor-align-center elementor-widget elementor-widget-button\" data-id=\"9953e23\" data-element_type=\"widget\" data-e-type=\"widget\" data-widget_type=\"button.default\">\n\t\t\t\t<div class=\"elementor-widget-container\">\n\t\t\t\t\t\t\t\t\t<div class=\"elementor-button-wrapper\">\n\t\t\t\t\t<a class=\"elementor-button elementor-button-link elementor-size-sm\" href=\"tel:%20%20914%20769%20837\">\n\t\t\t\t\t\t<span class=\"elementor-button-content-wrapper\">\n\t\t\t\t\t\t<span class=\"elementor-button-icon\">\n\t\t\t\t<i aria-hidden=\"true\" class=\"far fa-calendar-alt\"><\/i>\t\t\t<\/span>\n\t\t\t\t\t\t\t\t\t<span class=\"elementor-button-text\">Pide cita<\/span>\n\t\t\t\t\t<\/span>\n\t\t\t\t\t<\/a>\n\t\t\t\t<\/div>\n\t\t\t\t\t\t\t\t<\/div>\n\t\t\t\t<\/div>\n\t\t\t\t\t<\/div>\n\t\t<\/div>\n\t\t\t\t\t<\/div>\n\t\t<\/section>\n\t\t\t\t<\/div>\n\t\t","protected":false},"excerpt":{"rendered":"<p>\u00bfPor qu\u00e9 es importante? No es solo una cuesti\u00f3n de imagen, tener el pelo aseado es esencial para la salud y el bienestar de tu mascota. Descuidar su aseo puede dar lugar a un pelo largo y enmara\u00f1ado que resulte muy inc\u00f3modo; puede originar enfermedades en la piel y aumentar la posibilidad de que el &hellip; <\/p>\n","protected":false},"author":8,"featured_media":0,"parent":13564,"menu_order":0,"comment_status":"closed","ping_status":"closed","template":"page-fullwidth.php","meta":{"_acf_changed":false,"content-type":"","footnotes":""},"class_list":["post-12822","page","type-page","status-publish","hentry"],"acf":[],"_links":{"self":[{"href":"https:\/\/www.unavets.com\/mundocan\/es\/wp-json\/wp\/v2\/pages\/12822","targetHints":{"allow":["GET"]}}],"collection":[{"href":"https:\/\/www.unavets.com\/mundocan\/es\/wp-json\/wp\/v2\/pages"}],"about":[{"href":"https:\/\/www.unavets.com\/mundocan\/es\/wp-json\/wp\/v2\/types\/page"}],"author":[{"embeddable":true,"href":"https:\/\/www.unavets.com\/mundocan\/es\/wp-json\/wp\/v2\/users\/8"}],"replies":[{"embeddable":true,"href":"https:\/\/www.unavets.com\/mundocan\/es\/wp-json\/wp\/v2\/comments?post=12822"}],"version-history":[{"count":29,"href":"https:\/\/www.unavets.com\/mundocan\/es\/wp-json\/wp\/v2\/pages\/12822\/revisions"}],"predecessor-version":[{"id":24151,"href":"https:\/\/www.unavets.com\/mundocan\/es\/wp-json\/wp\/v2\/pages\/12822\/revisions\/24151"}],"up":[{"embeddable":true,"href":"https:\/\/www.unavets.com\/mundocan\/es\/wp-json\/wp\/v2\/pages\/13564"}],"wp:attachment":[{"href":"https:\/\/www.unavets.com\/mundocan\/es\/wp-json\/wp\/v2\/media?parent=12822"}],"curies":[{"name":"wp","href":"https:\/\/api.w.org\/{rel}","templated":true}]}}