{"id":17703,"date":"2025-04-01T13:50:43","date_gmt":"2025-04-01T13:50:43","guid":{"rendered":"https:\/\/www.unavets.com\/losmadrazo\/?page_id=17703"},"modified":"2025-06-03T08:13:30","modified_gmt":"2025-06-03T08:13:30","slug":"viajes-con-mascotas-fuera-de-la-union-europea","status":"publish","type":"page","link":"https:\/\/www.unavets.com\/losmadrazo\/es\/viajes-con-mascotas-fuera-de-la-union-europea\/","title":{"rendered":"Viajes con Mascotas fuera de la Uni\u00f3n Europea"},"content":{"rendered":"\t\t<div data-elementor-type=\"wp-page\" data-elementor-id=\"17703\" class=\"elementor elementor-17703\" data-elementor-post-type=\"page\">\n\t\t\t\t\t\t<section class=\"elementor-section elementor-top-section elementor-element elementor-element-d993722 elementor-section-boxed elementor-section-height-default elementor-section-height-default\" data-id=\"d993722\" data-element_type=\"section\" data-e-type=\"section\" id=\"main-sec\">\n\t\t\t\t\t\t<div class=\"elementor-container elementor-column-gap-default\">\n\t\t\t\t\t<div class=\"elementor-column elementor-col-100 elementor-top-column elementor-element elementor-element-065811d\" data-id=\"065811d\" data-element_type=\"column\" data-e-type=\"column\">\n\t\t\t<div class=\"elementor-widget-wrap elementor-element-populated\">\n\t\t\t\t\t\t<div class=\"elementor-element elementor-element-63d99ac elementor-widget elementor-widget-text-editor\" data-id=\"63d99ac\" data-element_type=\"widget\" data-e-type=\"widget\" data-widget_type=\"text-editor.default\">\n\t\t\t\t<div class=\"elementor-widget-container\">\n\t\t\t\t\t\t\t\t\t<div class=\"ewa-rteLine\"><div class=\"ewa-rteLine\"><p>En Los Madrazo\u00a0 ofrecemos un servicio especializado en la<b> tramitaci\u00f3n de viajes internacionales con mascotas.<\/b> Si est\u00e1s planeando viajar fuera de la Uni\u00f3n Europea con tu perro, gato u otra mascota, nos encargamos de gestionar toda la documentaci\u00f3n y los requisitos necesarios para garantizar un traslado seguro y sin contratiempos.<\/p><h3>Requisitos legales para viajar con mascotas fuera de la UE<\/h3><p>Cada pa\u00eds tiene regulaciones espec\u00edficas para la entrada de animales de compa\u00f1\u00eda, y es fundamental cumplir con las normativas internacionales para evitar problemas en la aduana o la imposici\u00f3n de cuarentenas obligatorias. Algunos de los requisitos generales que deben cumplirse incluyen:<\/p><ul><li><strong>Pasaporte para mascotas:<\/strong> Documento obligatorio en muchos pa\u00edses que certifica la identidad del animal y su historial de vacunaci\u00f3n.<\/li><li><strong>Microchip homologado:<\/strong> Debe cumplir con la normativa ISO 11784\/11785 para la identificaci\u00f3n del animal.<\/li><li><strong>Vacunaci\u00f3n antirr\u00e1bica<\/strong>: La mayor\u00eda de los pa\u00edses exigen que la vacuna de la rabia est\u00e9 vigente y administrada al menos 21 d\u00edas antes del viaje.<\/li><li><strong>An\u00e1lisis serol\u00f3gico de la rabia:<\/strong> Algunos pa\u00edses, como Australia o Jap\u00f3n, exigen un test serol\u00f3gico para comprobar la eficacia de la vacunaci\u00f3n.<\/li><li><strong>Tratamientos antiparasitarios:<\/strong> Dependiendo del destino, puede ser obligatoria la administraci\u00f3n de tratamientos espec\u00edficos contra par\u00e1sitos internos y externos.<\/li><li><strong>Certificado de salud veterinario:<\/strong>\u00a0Documento expedido por un veterinario autorizado con acceso a la plataforma <strong>CEXGAN (Comercio Exterior Ganadero).<\/strong><\/li><\/ul><p>Si necesitas m\u00e1s informaci\u00f3n o quieres comenzar el proceso de tramitaci\u00f3n del viaje de tu mascota, no dudes en ponerte en contacto con nosotros.<\/p><\/div><\/div>\t\t\t\t\t\t\t\t<\/div>\n\t\t\t\t<\/div>\n\t\t\t\t\t<\/div>\n\t\t<\/div>\n\t\t\t\t\t<\/div>\n\t\t<\/section>\n\t\t\t\t<section class=\"elementor-section elementor-top-section elementor-element elementor-element-a35c29b elementor-section-boxed elementor-section-height-default elementor-section-height-default\" data-id=\"a35c29b\" data-element_type=\"section\" data-e-type=\"section\">\n\t\t\t\t\t\t<div class=\"elementor-container elementor-column-gap-default\">\n\t\t\t\t\t<div class=\"elementor-column elementor-col-100 elementor-top-column elementor-element elementor-element-224b52e\" data-id=\"224b52e\" data-element_type=\"column\" data-e-type=\"column\">\n\t\t\t<div class=\"elementor-widget-wrap elementor-element-populated\">\n\t\t\t\t\t\t<div class=\"elementor-element elementor-element-1c3dec1 elementor-widget elementor-widget-image\" data-id=\"1c3dec1\" data-element_type=\"widget\" data-e-type=\"widget\" data-widget_type=\"image.default\">\n\t\t\t\t<div class=\"elementor-widget-container\">\n\t\t\t\t\t\t\t\t\t\t\t\t\t\t\t<img fetchpriority=\"high\" width=\"724\" height=\"593\" class=\"attachment-medium_large size-medium_large wp-image-17706 lazy\" alt=\"\" data-src=\"https:\/\/www.unavets.com\/losmadrazo\/wp-content\/uploads\/sites\/13\/2025\/04\/Diseno-sin-titulo-19-768x629.png\" data-lazy=\"https:\/\/www.unavets.com\/losmadrazo\/wp-content\/uploads\/sites\/13\/2025\/04\/Diseno-sin-titulo-19-768x629.png\" \/>\t\t\t\t\t\t\t\t\t\t\t\t\t\t\t<\/div>\n\t\t\t\t<\/div>\n\t\t\t\t\t<\/div>\n\t\t<\/div>\n\t\t\t\t\t<\/div>\n\t\t<\/section>\n\t\t\t\t<\/div>\n\t\t","protected":false},"excerpt":{"rendered":"<p>En Los Madrazo\u00a0 ofrecemos un servicio especializado en la tramitaci\u00f3n de viajes internacionales con mascotas. Si est\u00e1s planeando viajar fuera de la Uni\u00f3n Europea con tu perro, gato u otra mascota, nos encargamos de gestionar toda la documentaci\u00f3n y los requisitos necesarios para garantizar un traslado seguro y sin contratiempos. Requisitos legales para viajar con &hellip; <\/p>\n","protected":false},"author":8,"featured_media":0,"parent":0,"menu_order":0,"comment_status":"closed","ping_status":"closed","template":"page-fullwidth.php","meta":{"_acf_changed":false,"content-type":"","footnotes":""},"class_list":["post-17703","page","type-page","status-publish","hentry"],"acf":[],"_links":{"self":[{"href":"https:\/\/www.unavets.com\/losmadrazo\/es\/wp-json\/wp\/v2\/pages\/17703","targetHints":{"allow":["GET"]}}],"collection":[{"href":"https:\/\/www.unavets.com\/losmadrazo\/es\/wp-json\/wp\/v2\/pages"}],"about":[{"href":"https:\/\/www.unavets.com\/losmadrazo\/es\/wp-json\/wp\/v2\/types\/page"}],"author":[{"embeddable":true,"href":"https:\/\/www.unavets.com\/losmadrazo\/es\/wp-json\/wp\/v2\/users\/8"}],"replies":[{"embeddable":true,"href":"https:\/\/www.unavets.com\/losmadrazo\/es\/wp-json\/wp\/v2\/comments?post=17703"}],"version-history":[{"count":13,"href":"https:\/\/www.unavets.com\/losmadrazo\/es\/wp-json\/wp\/v2\/pages\/17703\/revisions"}],"predecessor-version":[{"id":17740,"href":"https:\/\/www.unavets.com\/losmadrazo\/es\/wp-json\/wp\/v2\/pages\/17703\/revisions\/17740"}],"wp:attachment":[{"href":"https:\/\/www.unavets.com\/losmadrazo\/es\/wp-json\/wp\/v2\/media?parent=17703"}],"curies":[{"name":"wp","href":"https:\/\/api.w.org\/{rel}","templated":true}]}}