{"id":15509,"date":"2021-06-22T10:44:08","date_gmt":"2021-06-22T10:44:08","guid":{"rendered":"http:\/\/www.unavets.com\/lleida\/?page_id=15509"},"modified":"2022-11-21T13:56:37","modified_gmt":"2022-11-21T13:56:37","slug":"analisis-clinicos","status":"publish","type":"page","link":"https:\/\/www.unavets.com\/lleida\/es\/servicios\/analisis-clinicos\/","title":{"rendered":"An\u00e1lisis Cl\u00ednicos Veterinarios en Lleida"},"content":{"rendered":"\t\t<div data-elementor-type=\"wp-page\" data-elementor-id=\"15509\" class=\"elementor elementor-15509 elementor-679\" data-elementor-post-type=\"page\">\n\t\t\t\t\t\t<section class=\"elementor-section elementor-top-section elementor-element elementor-element-3b7f1f2 elementor-section-boxed elementor-section-height-default elementor-section-height-default\" data-id=\"3b7f1f2\" data-element_type=\"section\" data-e-type=\"section\" id=\"main-sec\">\n\t\t\t\t\t\t<div class=\"elementor-container elementor-column-gap-default\">\n\t\t\t\t\t<div class=\"elementor-column elementor-col-100 elementor-top-column elementor-element elementor-element-138c88c\" data-id=\"138c88c\" data-element_type=\"column\" data-e-type=\"column\">\n\t\t\t<div class=\"elementor-widget-wrap elementor-element-populated\">\n\t\t\t\t\t\t<div class=\"elementor-element elementor-element-ec83cf0 elementor-widget elementor-widget-section_titleleft\" data-id=\"ec83cf0\" data-element_type=\"widget\" data-e-type=\"widget\" data-widget_type=\"section_titleleft.default\">\n\t\t\t\t<div class=\"elementor-widget-container\">\n\t\t\t\t\t        <div class=\"ab_text-title fl-wrap\">\n            En Hospital Veterinario de Lleida realizamos pruebas b\u00e1sicas de laboratorio. Para ello, nuestros veterinarios de Lleida pueden recoger las muestras necesarias en la consulta o t\u00fa mismo puedes tomar una muestra en casa (heces, orina) y llevarla a la cl\u00ednica.<span class=\"section-separator fl-sec-sep\"><\/span>        <\/div>\n        \t\t\t\t<\/div>\n\t\t\t\t<\/div>\n\t\t\t\t<section class=\"elementor-section elementor-inner-section elementor-element elementor-element-7cb30d6 elementor-section-boxed elementor-section-height-default elementor-section-height-default\" data-id=\"7cb30d6\" data-element_type=\"section\" data-e-type=\"section\">\n\t\t\t\t\t\t<div class=\"elementor-container elementor-column-gap-default\">\n\t\t\t\t\t<div class=\"elementor-column elementor-col-50 elementor-inner-column elementor-element elementor-element-68a2194\" data-id=\"68a2194\" data-element_type=\"column\" data-e-type=\"column\">\n\t\t\t<div class=\"elementor-widget-wrap elementor-element-populated\">\n\t\t\t\t\t\t<div class=\"elementor-element elementor-element-63d99ac elementor-widget elementor-widget-text-editor\" data-id=\"63d99ac\" data-element_type=\"widget\" data-e-type=\"widget\" data-widget_type=\"text-editor.default\">\n\t\t\t\t<div class=\"elementor-widget-container\">\n\t\t\t\t\t\t\t\t\t<p><strong>An\u00e1lisis de sangre<\/strong><\/p>\n<p>Una de las pruebas m\u00e1s comunes es el recuento sangu\u00edneo completo (CBC, por sus siglas en ingl\u00e9s) que analiza la cantidad y el aspecto de las c\u00e9lulas sangu\u00edneas. Esta prueba es importante en el diagn\u00f3stico y seguimiento de enfermedades e infecciones y puede indicar por ejemplo, si tu mascota padece deshidrataci\u00f3n, diarrea o anemia. Los resultados pueden decirnos mucho sobre el funcionamiento de su cuerpo y puede indicar posibles problemas de salud.<\/p>\n<p><strong>An\u00e1lisis de heces<\/strong><\/p>\n<p>La muestra de heces se puede obtener antes de una visita o el mismo veterinario puede tomar una muestra en la consulta. Una vez obtenida, se procesa y se examina bajo un microscopio. Permite detectar la presencia de huevos de par\u00e1sitos como Giardia y Cryptosporidium o de otros par\u00e1sitos, como lombrices, anquilostomas y tenias. Tambi\u00e9n se pueden observar larvas, gusanos adultos o segmentos de tenias.<\/p>\t\t\t\t\t\t\t\t<\/div>\n\t\t\t\t<\/div>\n\t\t\t\t<div class=\"elementor-element elementor-element-246a0b7 elementor-align-center elementor-widget elementor-widget-button\" data-id=\"246a0b7\" data-element_type=\"widget\" data-e-type=\"widget\" data-widget_type=\"button.default\">\n\t\t\t\t<div class=\"elementor-widget-container\">\n\t\t\t\t\t\t\t\t\t<div class=\"elementor-button-wrapper\">\n\t\t\t\t\t<a class=\"elementor-button elementor-button-link elementor-size-sm\" href=\"https:\/\/www.unavets.com\/lleida\/es\/pide-cita\/\">\n\t\t\t\t\t\t<span class=\"elementor-button-content-wrapper\">\n\t\t\t\t\t\t<span class=\"elementor-button-icon\">\n\t\t\t\t<i aria-hidden=\"true\" class=\"far fa-calendar-alt\"><\/i>\t\t\t<\/span>\n\t\t\t\t\t\t\t\t\t<span class=\"elementor-button-text\">Pide cita<\/span>\n\t\t\t\t\t<\/span>\n\t\t\t\t\t<\/a>\n\t\t\t\t<\/div>\n\t\t\t\t\t\t\t\t<\/div>\n\t\t\t\t<\/div>\n\t\t\t\t\t<\/div>\n\t\t<\/div>\n\t\t\t\t<div class=\"elementor-column elementor-col-50 elementor-inner-column elementor-element elementor-element-3ba58a5\" data-id=\"3ba58a5\" data-element_type=\"column\" data-e-type=\"column\">\n\t\t\t<div class=\"elementor-widget-wrap elementor-element-populated\">\n\t\t\t\t\t\t<div class=\"elementor-element elementor-element-dc7c821 elementor-widget elementor-widget-image\" data-id=\"dc7c821\" data-element_type=\"widget\" data-e-type=\"widget\" data-widget_type=\"image.default\">\n\t\t\t\t<div class=\"elementor-widget-container\">\n\t\t\t\t\t\t\t\t\t\t\t\t\t\t\t<img fetchpriority=\"high\" width=\"724\" height=\"483\" class=\"attachment-large size-large wp-image-12858 lazy\" alt=\"\" data-src=\"https:\/\/www.unavets.com\/lleida\/wp-content\/uploads\/sites\/5\/2020\/10\/shutterstock_599408846-1.jpg\" data-lazy=\"https:\/\/www.unavets.com\/lleida\/wp-content\/uploads\/sites\/5\/2020\/10\/shutterstock_599408846-1.jpg\" \/>\t\t\t\t\t\t\t\t\t\t\t\t\t\t\t<\/div>\n\t\t\t\t<\/div>\n\t\t\t\t\t<\/div>\n\t\t<\/div>\n\t\t\t\t\t<\/div>\n\t\t<\/section>\n\t\t\t\t\t<\/div>\n\t\t<\/div>\n\t\t\t\t\t<\/div>\n\t\t<\/section>\n\t\t\t\t<section class=\"elementor-section elementor-top-section elementor-element elementor-element-149f379 elementor-section-boxed elementor-section-height-default elementor-section-height-default\" data-id=\"149f379\" data-element_type=\"section\" data-e-type=\"section\">\n\t\t\t\t\t\t<div class=\"elementor-container elementor-column-gap-default\">\n\t\t\t\t\t<div class=\"elementor-column elementor-col-50 elementor-top-column elementor-element elementor-element-2a8ea5b\" data-id=\"2a8ea5b\" data-element_type=\"column\" data-e-type=\"column\">\n\t\t\t<div class=\"elementor-widget-wrap elementor-element-populated\">\n\t\t\t\t\t\t<div class=\"elementor-element elementor-element-01118fc elementor-widget elementor-widget-image\" data-id=\"01118fc\" data-element_type=\"widget\" data-e-type=\"widget\" data-widget_type=\"image.default\">\n\t\t\t\t<div class=\"elementor-widget-container\">\n\t\t\t\t\t\t\t\t\t\t\t\t\t\t\t<img width=\"724\" height=\"484\" class=\"attachment-large size-large wp-image-12860 lazy\" alt=\"\" data-src=\"https:\/\/www.unavets.com\/lleida\/wp-content\/uploads\/sites\/5\/2020\/10\/shutterstock_487940758-1.jpg\" data-lazy=\"https:\/\/www.unavets.com\/lleida\/wp-content\/uploads\/sites\/5\/2020\/10\/shutterstock_487940758-1.jpg\" \/>\t\t\t\t\t\t\t\t\t\t\t\t\t\t\t<\/div>\n\t\t\t\t<\/div>\n\t\t\t\t\t<\/div>\n\t\t<\/div>\n\t\t\t\t<div class=\"elementor-column elementor-col-50 elementor-top-column elementor-element elementor-element-08b8459\" data-id=\"08b8459\" data-element_type=\"column\" data-e-type=\"column\">\n\t\t\t<div class=\"elementor-widget-wrap elementor-element-populated\">\n\t\t\t\t\t\t<div class=\"elementor-element elementor-element-e1b240e elementor-widget elementor-widget-text-editor\" data-id=\"e1b240e\" data-element_type=\"widget\" data-e-type=\"widget\" data-widget_type=\"text-editor.default\">\n\t\t\t\t<div class=\"elementor-widget-container\">\n\t\t\t\t\t\t\t\t\t<p><strong>An\u00e1lisis de orina y sedimento<\/strong><\/p><p>El an\u00e1lisis de orina es importante para detectar varios tipos de enfermedades del tracto urinario, disminuci\u00f3n de la funci\u00f3n renal o hemorragia interna. La muestra debe analizarse inmediatamente despu\u00e9s de ser recogida, ya que la orina se degrada a determinadas temperaturas.<br \/>Habitualmente analizamos su apariencia, concentraci\u00f3n y contenido.<br \/>La orina normal es de color amarillo o \u00e1mbar y deber\u00eda ser transparente o de un tono claro. La presencia de enfermedades o infecciones puede cambiar el color o el tono.<\/p>\t\t\t\t\t\t\t\t<\/div>\n\t\t\t\t<\/div>\n\t\t\t\t\t<\/div>\n\t\t<\/div>\n\t\t\t\t\t<\/div>\n\t\t<\/section>\n\t\t\t\t<section class=\"elementor-section elementor-top-section elementor-element elementor-element-c209a7a elementor-section-boxed elementor-section-height-default elementor-section-height-default\" data-id=\"c209a7a\" data-element_type=\"section\" data-e-type=\"section\">\n\t\t\t\t\t\t<div class=\"elementor-container elementor-column-gap-default\">\n\t\t\t\t\t<div class=\"elementor-column elementor-col-100 elementor-top-column elementor-element elementor-element-89393e2\" data-id=\"89393e2\" data-element_type=\"column\" data-e-type=\"column\">\n\t\t\t<div class=\"elementor-widget-wrap elementor-element-populated\">\n\t\t\t\t\t\t<section class=\"elementor-section elementor-inner-section elementor-element elementor-element-557f8f9 elementor-section-boxed elementor-section-height-default elementor-section-height-default\" data-id=\"557f8f9\" data-element_type=\"section\" data-e-type=\"section\">\n\t\t\t\t\t\t<div class=\"elementor-container elementor-column-gap-default\">\n\t\t\t\t\t<div class=\"elementor-column elementor-col-50 elementor-inner-column elementor-element elementor-element-722ce94\" data-id=\"722ce94\" data-element_type=\"column\" data-e-type=\"column\">\n\t\t\t<div class=\"elementor-widget-wrap elementor-element-populated\">\n\t\t\t\t\t\t<div class=\"elementor-element elementor-element-cc8c09d elementor-widget elementor-widget-text-editor\" data-id=\"cc8c09d\" data-element_type=\"widget\" data-e-type=\"widget\" data-widget_type=\"text-editor.default\">\n\t\t\t\t<div class=\"elementor-widget-container\">\n\t\t\t\t\t\t\t\t\t<p><strong>An\u00e1lisis de hormonas<\/strong><\/p><p>La presencia en exceso o defecto de determinadas hormonas en el organismo de los animales de compa\u00f1\u00eda pueden desencadenar diferentes enfermedades como la diabetes, s\u00edndrome de Cushing, Addison, hipertiroidismo, etc.\u00a0\u00a0 para ello con una muestra de sangre y adecuadamente procesada en nuestro laboratorio podemos conocer el nivel de esas hormonas en el organismo.<\/p><p><strong>Citolog\u00eda<\/strong><\/p><p>La citolog\u00eda es una prueba diagn\u00f3stica que utilizamos los veterinarios de Hospital Veterinario de Lleida para detectar anomal\u00edas o lesiones en las c\u00e9lulas. Para ello necesitamos tomar una muestra de la lesi\u00f3n mediante aspiraci\u00f3n con aguja o mediante impronta de la lesi\u00f3n, aplicar a la muestra t\u00e9cnicas de tinci\u00f3n y analizarla bajo el microscopio.<\/p><p>Gracias a la citolog\u00eda podemos:<\/p><ul><li>Diferenciar si una lesi\u00f3n es tumoral o no.<\/li><li>Clasificar las neoplasias o tumores en benignos o malignos.<\/li><li>Determinar si vamos a instaurar un tratamiento m\u00e9dico o quir\u00fargico.<\/li><\/ul>\t\t\t\t\t\t\t\t<\/div>\n\t\t\t\t<\/div>\n\t\t\t\t\t<\/div>\n\t\t<\/div>\n\t\t\t\t<div class=\"elementor-column elementor-col-50 elementor-inner-column elementor-element elementor-element-6fd659a\" data-id=\"6fd659a\" data-element_type=\"column\" data-e-type=\"column\">\n\t\t\t<div class=\"elementor-widget-wrap elementor-element-populated\">\n\t\t\t\t\t\t<div class=\"elementor-element elementor-element-d89fa0f elementor-widget elementor-widget-image\" data-id=\"d89fa0f\" data-element_type=\"widget\" data-e-type=\"widget\" data-widget_type=\"image.default\">\n\t\t\t\t<div class=\"elementor-widget-container\">\n\t\t\t\t\t\t\t\t\t\t\t\t\t\t\t<img decoding=\"async\" src=\"http:\/\/www.unavets.com\/lleida\/wp-content\/uploads\/sites\/2\/2021\/06\/Citologia-scaled.jpeg\" title=\"\" alt=\"\" loading=\"lazy\" \/>\t\t\t\t\t\t\t\t\t\t\t\t\t\t\t<\/div>\n\t\t\t\t<\/div>\n\t\t\t\t<div class=\"elementor-element elementor-element-81e77d6 elementor-align-center elementor-widget elementor-widget-button\" data-id=\"81e77d6\" data-element_type=\"widget\" data-e-type=\"widget\" data-widget_type=\"button.default\">\n\t\t\t\t<div class=\"elementor-widget-container\">\n\t\t\t\t\t\t\t\t\t<div class=\"elementor-button-wrapper\">\n\t\t\t\t\t<a class=\"elementor-button elementor-button-link elementor-size-sm\" href=\"https:\/\/www.unavets.com\/lleida\/es\/pide-cita\/\">\n\t\t\t\t\t\t<span class=\"elementor-button-content-wrapper\">\n\t\t\t\t\t\t<span class=\"elementor-button-icon\">\n\t\t\t\t<i aria-hidden=\"true\" class=\"far fa-calendar-alt\"><\/i>\t\t\t<\/span>\n\t\t\t\t\t\t\t\t\t<span class=\"elementor-button-text\">Pide cita<\/span>\n\t\t\t\t\t<\/span>\n\t\t\t\t\t<\/a>\n\t\t\t\t<\/div>\n\t\t\t\t\t\t\t\t<\/div>\n\t\t\t\t<\/div>\n\t\t\t\t\t<\/div>\n\t\t<\/div>\n\t\t\t\t\t<\/div>\n\t\t<\/section>\n\t\t\t\t\t<\/div>\n\t\t<\/div>\n\t\t\t\t\t<\/div>\n\t\t<\/section>\n\t\t\t\t<\/div>\n\t\t","protected":false},"excerpt":{"rendered":"<p>En realizamos pruebas b\u00e1sicas de laboratorio. Para ello, nuestros veterinarios de pueden recoger las muestras necesarias en la consulta o t\u00fa mismo puedes tomar una muestra en casa (heces, orina) y llevarla a la cl\u00ednica. An\u00e1lisis de sangre Una de las pruebas m\u00e1s comunes es el recuento sangu\u00edneo completo (CBC, por sus siglas en ingl\u00e9s) &hellip; <\/p>\n","protected":false},"author":8,"featured_media":0,"parent":13564,"menu_order":0,"comment_status":"closed","ping_status":"closed","template":"page-fullwidth.php","meta":{"_acf_changed":false,"content-type":"","footnotes":""},"class_list":["post-15509","page","type-page","status-publish","hentry"],"acf":[],"_links":{"self":[{"href":"https:\/\/www.unavets.com\/lleida\/es\/wp-json\/wp\/v2\/pages\/15509","targetHints":{"allow":["GET"]}}],"collection":[{"href":"https:\/\/www.unavets.com\/lleida\/es\/wp-json\/wp\/v2\/pages"}],"about":[{"href":"https:\/\/www.unavets.com\/lleida\/es\/wp-json\/wp\/v2\/types\/page"}],"author":[{"embeddable":true,"href":"https:\/\/www.unavets.com\/lleida\/es\/wp-json\/wp\/v2\/users\/8"}],"replies":[{"embeddable":true,"href":"https:\/\/www.unavets.com\/lleida\/es\/wp-json\/wp\/v2\/comments?post=15509"}],"version-history":[{"count":0,"href":"https:\/\/www.unavets.com\/lleida\/es\/wp-json\/wp\/v2\/pages\/15509\/revisions"}],"up":[{"embeddable":true,"href":"https:\/\/www.unavets.com\/lleida\/es\/wp-json\/wp\/v2\/pages\/13564"}],"wp:attachment":[{"href":"https:\/\/www.unavets.com\/lleida\/es\/wp-json\/wp\/v2\/media?parent=15509"}],"curies":[{"name":"wp","href":"https:\/\/api.w.org\/{rel}","templated":true}]}}