{"id":19823,"date":"2024-10-04T12:34:44","date_gmt":"2024-10-04T12:34:44","guid":{"rendered":"https:\/\/www.unavets.com\/lavallduixo\/?page_id=19823"},"modified":"2024-11-22T13:37:34","modified_gmt":"2024-11-22T13:37:34","slug":"tienda-especializada","status":"publish","type":"page","link":"https:\/\/www.unavets.com\/lavallduixo\/es\/tienda-especializada\/","title":{"rendered":"Tienda especializada"},"content":{"rendered":"\t\t<div data-elementor-type=\"wp-page\" data-elementor-id=\"19823\" class=\"elementor elementor-19823\" data-elementor-post-type=\"page\">\n\t\t\t\t\t\t<section class=\"elementor-section elementor-top-section elementor-element elementor-element-f2636b9 elementor-section-boxed elementor-section-height-default elementor-section-height-default\" data-id=\"f2636b9\" data-element_type=\"section\" data-e-type=\"section\">\n\t\t\t\t\t\t<div class=\"elementor-container elementor-column-gap-default\">\n\t\t\t\t\t<div class=\"elementor-column elementor-col-100 elementor-top-column elementor-element elementor-element-925613d\" data-id=\"925613d\" data-element_type=\"column\" data-e-type=\"column\">\n\t\t\t<div class=\"elementor-widget-wrap elementor-element-populated\">\n\t\t\t\t\t\t<div class=\"elementor-element elementor-element-5f7b787 elementor-widget elementor-widget-text-editor\" data-id=\"5f7b787\" data-element_type=\"widget\" data-e-type=\"widget\" data-widget_type=\"text-editor.default\">\n\t\t\t\t<div class=\"elementor-widget-container\">\n\t\t\t\t\t\t\t\t\t<div>\n<p><span style=\"font-family: Muli, sans-serif;\">Centre Veterinari la Vall d&#8217;Uix\u00f3 of<\/span>recemos una amplia variedad de <strong>alimentos de alta calidad para perros y gatos<\/strong>, adaptados a cada etapa de su vida y necesidades espec\u00edficas. Desde <strong>piensos premium<\/strong> hasta <strong>dietas veterinarias<\/strong> para problemas de salud, contamos con opciones que mejoran la digesti\u00f3n, refuerzan el sistema inmunol\u00f3gico y mantienen a tu mascota saludable.<\/p>\n<p>Nuestro equipo veterinario te asesora para encontrar la alimentaci\u00f3n perfecta seg\u00fan la raza, edad y condici\u00f3n de tu mascota.<\/p>\n<\/div>\t\t\t\t\t\t\t\t<\/div>\n\t\t\t\t<\/div>\n\t\t\t\t<div class=\"elementor-element elementor-element-b86c9ce elementor-align-center elementor-widget elementor-widget-button\" data-id=\"b86c9ce\" data-element_type=\"widget\" data-e-type=\"widget\" data-widget_type=\"button.default\">\n\t\t\t\t<div class=\"elementor-widget-container\">\n\t\t\t\t\t\t\t\t\t<div class=\"elementor-button-wrapper\">\n\t\t\t\t\t<a class=\"elementor-button elementor-button-link elementor-size-md\" href=\"tel:%20964%20661%20824\">\n\t\t\t\t\t\t<span class=\"elementor-button-content-wrapper\">\n\t\t\t\t\t\t<span class=\"elementor-button-icon\">\n\t\t\t\t<i aria-hidden=\"true\" class=\"far fa-calendar-alt\"><\/i>\t\t\t<\/span>\n\t\t\t\t\t\t\t\t\t<span class=\"elementor-button-text\">Pide Cita<\/span>\n\t\t\t\t\t<\/span>\n\t\t\t\t\t<\/a>\n\t\t\t\t<\/div>\n\t\t\t\t\t\t\t\t<\/div>\n\t\t\t\t<\/div>\n\t\t\t\t\t<\/div>\n\t\t<\/div>\n\t\t\t\t\t<\/div>\n\t\t<\/section>\n\t\t\t\t<section class=\"elementor-section elementor-top-section elementor-element elementor-element-636867e elementor-section-boxed elementor-section-height-default elementor-section-height-default\" data-id=\"636867e\" data-element_type=\"section\" data-e-type=\"section\">\n\t\t\t\t\t\t<div class=\"elementor-container elementor-column-gap-default\">\n\t\t\t\t\t<div class=\"elementor-column elementor-col-100 elementor-top-column elementor-element elementor-element-0a95094\" data-id=\"0a95094\" data-element_type=\"column\" data-e-type=\"column\">\n\t\t\t<div class=\"elementor-widget-wrap elementor-element-populated\">\n\t\t\t\t\t\t<div class=\"elementor-element elementor-element-34bf38c elementor-widget elementor-widget-image\" data-id=\"34bf38c\" data-element_type=\"widget\" data-e-type=\"widget\" data-widget_type=\"image.default\">\n\t\t\t\t<div class=\"elementor-widget-container\">\n\t\t\t\t\t\t\t\t\t\t\t\t\t\t\t<img fetchpriority=\"high\" width=\"724\" height=\"483\" class=\"attachment-large size-large wp-image-19880 lazy\" alt=\"\" data-src=\"https:\/\/www.unavets.com\/lavallduixo\/wp-content\/uploads\/sites\/56\/2024\/11\/Unavets-Castellon133-la-vall-d-uixo-tienda2.jpg\" data-lazy=\"https:\/\/www.unavets.com\/lavallduixo\/wp-content\/uploads\/sites\/56\/2024\/11\/Unavets-Castellon133-la-vall-d-uixo-tienda2.jpg\" \/>\t\t\t\t\t\t\t\t\t\t\t\t\t\t\t<\/div>\n\t\t\t\t<\/div>\n\t\t\t\t\t<\/div>\n\t\t<\/div>\n\t\t\t\t\t<\/div>\n\t\t<\/section>\n\t\t\t\t<\/div>\n\t\t","protected":false},"excerpt":{"rendered":"<p>ofrecemos una amplia variedad de alimentos de alta calidad para perros y gatos, adaptados a cada etapa de su vida y necesidades espec\u00edficas. Desde piensos premium hasta dietas veterinarias para problemas de salud, contamos con opciones que mejoran la digesti\u00f3n, refuerzan el sistema inmunol\u00f3gico y mantienen a tu mascota saludable. Nuestro equipo veterinario te asesora &hellip; <\/p>\n","protected":false},"author":8,"featured_media":0,"parent":0,"menu_order":0,"comment_status":"closed","ping_status":"closed","template":"page-fullwidth.php","meta":{"_acf_changed":false,"content-type":"","footnotes":""},"class_list":["post-19823","page","type-page","status-publish","hentry"],"acf":[],"_links":{"self":[{"href":"https:\/\/www.unavets.com\/lavallduixo\/es\/wp-json\/wp\/v2\/pages\/19823","targetHints":{"allow":["GET"]}}],"collection":[{"href":"https:\/\/www.unavets.com\/lavallduixo\/es\/wp-json\/wp\/v2\/pages"}],"about":[{"href":"https:\/\/www.unavets.com\/lavallduixo\/es\/wp-json\/wp\/v2\/types\/page"}],"author":[{"embeddable":true,"href":"https:\/\/www.unavets.com\/lavallduixo\/es\/wp-json\/wp\/v2\/users\/8"}],"replies":[{"embeddable":true,"href":"https:\/\/www.unavets.com\/lavallduixo\/es\/wp-json\/wp\/v2\/comments?post=19823"}],"version-history":[{"count":10,"href":"https:\/\/www.unavets.com\/lavallduixo\/es\/wp-json\/wp\/v2\/pages\/19823\/revisions"}],"predecessor-version":[{"id":20363,"href":"https:\/\/www.unavets.com\/lavallduixo\/es\/wp-json\/wp\/v2\/pages\/19823\/revisions\/20363"}],"wp:attachment":[{"href":"https:\/\/www.unavets.com\/lavallduixo\/es\/wp-json\/wp\/v2\/media?parent=19823"}],"curies":[{"name":"wp","href":"https:\/\/api.w.org\/{rel}","templated":true}]}}