{"id":14623,"date":"2021-06-09T15:45:12","date_gmt":"2021-06-09T15:45:12","guid":{"rendered":"http:\/\/www.unavets.com\/lavallduixo\/?page_id=14623"},"modified":"2025-11-20T16:21:35","modified_gmt":"2025-11-20T16:21:35","slug":"medicina-general","status":"publish","type":"page","link":"https:\/\/www.unavets.com\/lavallduixo\/es\/servicios\/medicina-general\/","title":{"rendered":"Medicina General"},"content":{"rendered":"\t\t<div data-elementor-type=\"wp-page\" data-elementor-id=\"14623\" class=\"elementor elementor-14623 elementor-14595\" data-elementor-post-type=\"page\">\n\t\t\t\t\t\t<section class=\"elementor-section elementor-top-section elementor-element elementor-element-3446b96 elementor-section-boxed elementor-section-height-default elementor-section-height-default\" data-id=\"3446b96\" data-element_type=\"section\" data-e-type=\"section\">\n\t\t\t\t\t\t<div class=\"elementor-container elementor-column-gap-default\">\n\t\t\t\t\t<div class=\"elementor-column elementor-col-100 elementor-top-column elementor-element elementor-element-da5fb54\" data-id=\"da5fb54\" data-element_type=\"column\" data-e-type=\"column\">\n\t\t\t<div class=\"elementor-widget-wrap elementor-element-populated\">\n\t\t\t\t\t\t<div class=\"elementor-element elementor-element-b4c1c4c elementor-widget elementor-widget-heading\" data-id=\"b4c1c4c\" data-element_type=\"widget\" data-e-type=\"widget\" data-widget_type=\"heading.default\">\n\t\t\t\t<div class=\"elementor-widget-container\">\n\t\t\t\t\t<h2 class=\"elementor-heading-title elementor-size-default\">Medicina general en La Vall d\u2019Uix\u00f3<\/h2>\t\t\t\t<\/div>\n\t\t\t\t<\/div>\n\t\t\t\t\t<\/div>\n\t\t<\/div>\n\t\t\t\t\t<\/div>\n\t\t<\/section>\n\t\t\t\t<section class=\"elementor-section elementor-top-section elementor-element elementor-element-d993722 elementor-section-boxed elementor-section-height-default elementor-section-height-default\" data-id=\"d993722\" data-element_type=\"section\" data-e-type=\"section\" id=\"main-sec\">\n\t\t\t\t\t\t<div class=\"elementor-container elementor-column-gap-default\">\n\t\t\t\t\t<div class=\"elementor-column elementor-col-100 elementor-top-column elementor-element elementor-element-065811d\" data-id=\"065811d\" data-element_type=\"column\" data-e-type=\"column\">\n\t\t\t<div class=\"elementor-widget-wrap elementor-element-populated\">\n\t\t\t\t\t\t<div class=\"elementor-element elementor-element-63d99ac elementor-widget elementor-widget-text-editor\" data-id=\"63d99ac\" data-element_type=\"widget\" data-e-type=\"widget\" data-widget_type=\"text-editor.default\">\n\t\t\t\t<div class=\"elementor-widget-container\">\n\t\t\t\t\t\t\t\t\t<div class=\"ewa-rteLine\"><div class=\"ewa-rteLine\"><div class=\"ewa-rteLine\">La <strong data-start=\"308\" data-end=\"328\">Medicina General<\/strong> en <strong data-start=\"332\" data-end=\"368\">Centro Veterinari La Vall d\u2019Uix\u00f3<\/strong>\u00a0constituye el <strong data-start=\"393\" data-end=\"443\">primer nivel de atenci\u00f3n sanitaria veterinaria<\/strong> para perros y gatos. Es la base de la prevenci\u00f3n, detecci\u00f3n precoz, diagn\u00f3stico y tratamiento de enfermedades habituales, garantizando el bienestar integral de tu mascota.<\/div><div class=\"ewa-rteLine\">\u00a0<\/div><div class=\"ewa-rteLine\"><h3 data-start=\"617\" data-end=\"661\">Diagn\u00f3stico y tratamiento personalizados<\/h3><p data-start=\"663\" data-end=\"1061\">Nuestros veterinarios realizan <strong data-start=\"694\" data-end=\"730\">exploraciones cl\u00ednicas completas<\/strong>, llevando a cabo pruebas anal\u00edticas (sangre, orina, heces) y pruebas de imagen b\u00e1sicas para identificar posibles patolog\u00edas. A partir del diagn\u00f3stico, se dise\u00f1a un <strong data-start=\"895\" data-end=\"932\">plan de tratamiento personalizado<\/strong>: medicamentos, seguimiento, controles peri\u00f3dicos, pautas nutricionales y recomendaciones para favorecer una recuperaci\u00f3n \u00f3ptima.<\/p><h3 data-start=\"1063\" data-end=\"1108\">Prevenci\u00f3n activa y revisiones peri\u00f3dicas<\/h3><p data-start=\"1110\" data-end=\"1190\">La medicina general no solo trata enfermedades, sino que antepone la prevenci\u00f3n:<\/p><p data-start=\"1194\" data-end=\"1230\">&#8211; Control sanitario anual o semestral.<\/p><p data-start=\"1233\" data-end=\"1301\">&#8211; Protocolos de vacunaci\u00f3n adaptados a la edad, raza y estilo de vida.<\/p><p data-start=\"1304\" data-end=\"1360\">&#8211; Desparasitaci\u00f3n interna y externa con pautas peri\u00f3dicas.<\/p><p data-start=\"1363\" data-end=\"1423\">&#8211; Consejos sobre nutrici\u00f3n, peso adecuado y bienestar general.<\/p><p data-start=\"1425\" data-end=\"1611\">Estas medidas reducen el riesgo de enfermedades infecciosas, par\u00e1sitos y problemas metab\u00f3licos, especialmente en mascotas que pasean, conviven con otros animales o viajan frecuentemente.<\/p><\/div><div class=\"ewa-rteLine\">\u00a0<\/div><\/div><\/div>\t\t\t\t\t\t\t\t<\/div>\n\t\t\t\t<\/div>\n\t\t\t\t<div class=\"elementor-element elementor-element-c1c82c4 elementor-align-center elementor-widget elementor-widget-button\" data-id=\"c1c82c4\" data-element_type=\"widget\" data-e-type=\"widget\" data-widget_type=\"button.default\">\n\t\t\t\t<div class=\"elementor-widget-container\">\n\t\t\t\t\t\t\t\t\t<div class=\"elementor-button-wrapper\">\n\t\t\t\t\t<a class=\"elementor-button elementor-button-link elementor-size-md\" href=\"tel:964%20661%20824\">\n\t\t\t\t\t\t<span class=\"elementor-button-content-wrapper\">\n\t\t\t\t\t\t<span class=\"elementor-button-icon\">\n\t\t\t\t<i aria-hidden=\"true\" class=\"far fa-calendar-alt\"><\/i>\t\t\t<\/span>\n\t\t\t\t\t\t\t\t\t<span class=\"elementor-button-text\">Pide Cita<\/span>\n\t\t\t\t\t<\/span>\n\t\t\t\t\t<\/a>\n\t\t\t\t<\/div>\n\t\t\t\t\t\t\t\t<\/div>\n\t\t\t\t<\/div>\n\t\t\t\t<div class=\"elementor-element elementor-element-dc7c821 elementor-widget elementor-widget-image\" data-id=\"dc7c821\" data-element_type=\"widget\" data-e-type=\"widget\" data-widget_type=\"image.default\">\n\t\t\t\t<div class=\"elementor-widget-container\">\n\t\t\t\t\t\t\t\t\t\t\t\t\t\t\t<img fetchpriority=\"high\" width=\"724\" height=\"483\" class=\"attachment-medium_large size-medium_large wp-image-19898 lazy\" alt=\"\" data-src=\"https:\/\/www.unavets.com\/lavallduixo\/wp-content\/uploads\/sites\/56\/2024\/11\/Unavets-Castellon9-traumatologia-veterinaria2-768x512.jpg\" data-lazy=\"https:\/\/www.unavets.com\/lavallduixo\/wp-content\/uploads\/sites\/56\/2024\/11\/Unavets-Castellon9-traumatologia-veterinaria2-768x512.jpg\" \/>\t\t\t\t\t\t\t\t\t\t\t\t\t\t\t<\/div>\n\t\t\t\t<\/div>\n\t\t\t\t\t<\/div>\n\t\t<\/div>\n\t\t\t\t\t<\/div>\n\t\t<\/section>\n\t\t\t\t<\/div>\n\t\t","protected":false},"excerpt":{"rendered":"<p>Medicina general en La Vall d\u2019Uix\u00f3 La Medicina General en Centro Veterinari La Vall d\u2019Uix\u00f3\u00a0constituye el primer nivel de atenci\u00f3n sanitaria veterinaria para perros y gatos. Es la base de la prevenci\u00f3n, detecci\u00f3n precoz, diagn\u00f3stico y tratamiento de enfermedades habituales, garantizando el bienestar integral de tu mascota.\u00a0 Diagn\u00f3stico y tratamiento personalizados Nuestros veterinarios realizan exploraciones &hellip; <\/p>\n","protected":false},"author":4,"featured_media":0,"parent":13564,"menu_order":0,"comment_status":"closed","ping_status":"closed","template":"page-fullwidth.php","meta":{"_acf_changed":false,"content-type":"","footnotes":""},"class_list":["post-14623","page","type-page","status-publish","hentry"],"acf":[],"_links":{"self":[{"href":"https:\/\/www.unavets.com\/lavallduixo\/es\/wp-json\/wp\/v2\/pages\/14623","targetHints":{"allow":["GET"]}}],"collection":[{"href":"https:\/\/www.unavets.com\/lavallduixo\/es\/wp-json\/wp\/v2\/pages"}],"about":[{"href":"https:\/\/www.unavets.com\/lavallduixo\/es\/wp-json\/wp\/v2\/types\/page"}],"author":[{"embeddable":true,"href":"https:\/\/www.unavets.com\/lavallduixo\/es\/wp-json\/wp\/v2\/users\/4"}],"replies":[{"embeddable":true,"href":"https:\/\/www.unavets.com\/lavallduixo\/es\/wp-json\/wp\/v2\/comments?post=14623"}],"version-history":[{"count":9,"href":"https:\/\/www.unavets.com\/lavallduixo\/es\/wp-json\/wp\/v2\/pages\/14623\/revisions"}],"predecessor-version":[{"id":20750,"href":"https:\/\/www.unavets.com\/lavallduixo\/es\/wp-json\/wp\/v2\/pages\/14623\/revisions\/20750"}],"up":[{"embeddable":true,"href":"https:\/\/www.unavets.com\/lavallduixo\/es\/wp-json\/wp\/v2\/pages\/13564"}],"wp:attachment":[{"href":"https:\/\/www.unavets.com\/lavallduixo\/es\/wp-json\/wp\/v2\/media?parent=14623"}],"curies":[{"name":"wp","href":"https:\/\/api.w.org\/{rel}","templated":true}]}}