{"id":12997,"date":"2021-01-04T08:19:34","date_gmt":"2021-01-04T08:19:34","guid":{"rendered":"http:\/\/www.unavets.com\/lastablas\/?page_id=12997"},"modified":"2026-01-21T16:16:55","modified_gmt":"2026-01-21T16:16:55","slug":"quienes-somos","status":"publish","type":"page","link":"https:\/\/www.unavets.com\/lastablas\/es\/quienes-somos\/","title":{"rendered":"Qui\u00e9nes Somos"},"content":{"rendered":"\t\t<div data-elementor-type=\"wp-page\" data-elementor-id=\"12997\" class=\"elementor elementor-12997 elementor-268\" data-elementor-post-type=\"page\">\n\t\t\t\t\t\t<section class=\"elementor-section elementor-top-section elementor-element elementor-element-54cf215 pad-top-0 elementor-section-boxed elementor-section-height-default elementor-section-height-default\" data-id=\"54cf215\" data-element_type=\"section\" data-e-type=\"section\" id=\"main-sec\" data-settings=\"{&quot;background_background&quot;:&quot;classic&quot;}\">\n\t\t\t\t\t\t<div class=\"elementor-container elementor-column-gap-default\">\n\t\t\t\t\t<div class=\"elementor-column elementor-col-100 elementor-top-column elementor-element elementor-element-d926441\" data-id=\"d926441\" data-element_type=\"column\" data-e-type=\"column\">\n\t\t\t<div class=\"elementor-widget-wrap elementor-element-populated\">\n\t\t\t\t\t\t<div class=\"elementor-element elementor-element-9725bcd elementor-widget elementor-widget-section_titleleft\" data-id=\"9725bcd\" data-element_type=\"widget\" data-e-type=\"widget\" data-widget_type=\"section_titleleft.default\">\n\t\t\t\t<div class=\"elementor-widget-container\">\n\t\t\t\t\t        <div class=\"ab_text-title fl-wrap\">\n            <h3>Hospital Veterinario de d\u00eda en Las Tablas, Madrid.<\/h3>Contamos con un equipo multidisciplinar especializado en el tipo de atenci\u00f3n m\u00e9dica que tu mascota necesita.<span class=\"section-separator fl-sec-sep\"><\/span>        <\/div>\n        \t\t\t\t<\/div>\n\t\t\t\t<\/div>\n\t\t\t\t<section class=\"elementor-section elementor-inner-section elementor-element elementor-element-35814f4 elementor-section-full_width elementor-section-height-default elementor-section-height-default\" data-id=\"35814f4\" data-element_type=\"section\" data-e-type=\"section\">\n\t\t\t\t\t\t<div class=\"elementor-container elementor-column-gap-wide\">\n\t\t\t\t\t<div class=\"elementor-column elementor-col-50 elementor-inner-column elementor-element elementor-element-7fa3f34\" data-id=\"7fa3f34\" data-element_type=\"column\" data-e-type=\"column\">\n\t\t\t<div class=\"elementor-widget-wrap elementor-element-populated\">\n\t\t\t\t\t\t<div class=\"elementor-element elementor-element-9e79898 elementor-widget elementor-widget-image\" data-id=\"9e79898\" data-element_type=\"widget\" data-e-type=\"widget\" data-widget_type=\"image.default\">\n\t\t\t\t<div class=\"elementor-widget-container\">\n\t\t\t\t\t\t\t\t\t\t\t\t\t\t\t<img fetchpriority=\"high\" width=\"625\" height=\"726\" class=\"attachment-medium_large size-medium_large wp-image-18254 lazy\" alt=\"\" data-src=\"https:\/\/www.unavets.com\/lastablas\/wp-content\/uploads\/sites\/2\/2026\/01\/4-1-e1769010513301.png\" data-lazy=\"https:\/\/www.unavets.com\/lastablas\/wp-content\/uploads\/sites\/2\/2026\/01\/4-1-e1769010513301.png\" \/>\t\t\t\t\t\t\t\t\t\t\t\t\t\t\t<\/div>\n\t\t\t\t<\/div>\n\t\t\t\t\t<\/div>\n\t\t<\/div>\n\t\t\t\t<div class=\"elementor-column elementor-col-50 elementor-inner-column elementor-element elementor-element-202374d\" data-id=\"202374d\" data-element_type=\"column\" data-e-type=\"column\">\n\t\t\t<div class=\"elementor-widget-wrap elementor-element-populated\">\n\t\t\t\t\t\t<div class=\"elementor-element elementor-element-3b393ce about-wrap elementor-widget elementor-widget-text-editor\" data-id=\"3b393ce\" data-element_type=\"widget\" data-e-type=\"widget\" data-widget_type=\"text-editor.default\">\n\t\t\t\t<div class=\"elementor-widget-container\">\n\t\t\t\t\t\t\t\t\t<p>El Hospital veterinario Las Tablas es un centro veterinario de confianza.<\/p><p>Abri\u00f3 sus puertas en 2014 y fue reinaugurada en octubre de 2020 como parte de la familia UNAVETS, con nuevas t\u00e9cnicas de diagn\u00f3stico, personal, tratamientos y servicios. Estamos muy contentos con las mejoras que hemos realizado y tenemos ilusi\u00f3n en continuar proporcionando atenci\u00f3n veterinaria de m\u00e1xima calidad.<\/p><p>Contamos con 3 veterinarios en plantilla, cada uno con experiencia en su campo de especializaci\u00f3n, 2 auxiliares veterinarios y 1 peluquero, adem\u00e1s de colaborar con los mejores especialistas de Madrid.<\/p><p>Ofrecemos un servicio de hospitalizaci\u00f3n y supervisi\u00f3n veterinaria profesional y extremadamente cuidadoso con el bienestar animal. Tenemos todo lo que tus animales puedan necesitar. Puedes encontrarnos en la calle Azofra, 29, en Las Tablas.<\/p>\t\t\t\t\t\t\t\t<\/div>\n\t\t\t\t<\/div>\n\t\t\t\t\t<\/div>\n\t\t<\/div>\n\t\t\t\t\t<\/div>\n\t\t<\/section>\n\t\t\t\t<section class=\"elementor-section elementor-inner-section elementor-element elementor-element-31d68ae elementor-section-boxed elementor-section-height-default elementor-section-height-default\" data-id=\"31d68ae\" data-element_type=\"section\" data-e-type=\"section\">\n\t\t\t\t\t\t<div class=\"elementor-container elementor-column-gap-default\">\n\t\t\t\t\t<div class=\"elementor-column elementor-col-50 elementor-inner-column elementor-element elementor-element-8ddd41b\" data-id=\"8ddd41b\" data-element_type=\"column\" data-e-type=\"column\">\n\t\t\t<div class=\"elementor-widget-wrap elementor-element-populated\">\n\t\t\t\t\t\t<div class=\"elementor-element elementor-element-c87b63e elementor-align-center elementor-widget elementor-widget-button\" data-id=\"c87b63e\" data-element_type=\"widget\" data-e-type=\"widget\" data-widget_type=\"button.default\">\n\t\t\t\t<div class=\"elementor-widget-container\">\n\t\t\t\t\t\t\t\t\t<div class=\"elementor-button-wrapper\">\n\t\t\t\t\t<a class=\"elementor-button elementor-button-link elementor-size-sm\" href=\"\/lastablas\/es\/instalaciones\/\">\n\t\t\t\t\t\t<span class=\"elementor-button-content-wrapper\">\n\t\t\t\t\t\t\t\t\t<span class=\"elementor-button-text\">Instalaciones<\/span>\n\t\t\t\t\t<\/span>\n\t\t\t\t\t<\/a>\n\t\t\t\t<\/div>\n\t\t\t\t\t\t\t\t<\/div>\n\t\t\t\t<\/div>\n\t\t\t\t\t<\/div>\n\t\t<\/div>\n\t\t\t\t<div class=\"elementor-column elementor-col-50 elementor-inner-column elementor-element elementor-element-d044a7e\" data-id=\"d044a7e\" data-element_type=\"column\" data-e-type=\"column\">\n\t\t\t<div class=\"elementor-widget-wrap elementor-element-populated\">\n\t\t\t\t\t\t<div class=\"elementor-element elementor-element-75ee515 elementor-align-center elementor-widget elementor-widget-button\" data-id=\"75ee515\" data-element_type=\"widget\" data-e-type=\"widget\" data-widget_type=\"button.default\">\n\t\t\t\t<div class=\"elementor-widget-container\">\n\t\t\t\t\t\t\t\t\t<div class=\"elementor-button-wrapper\">\n\t\t\t\t\t<a class=\"elementor-button elementor-button-link elementor-size-sm\" href=\"\/lastablas\/es\/nuestro-equipo\/\">\n\t\t\t\t\t\t<span class=\"elementor-button-content-wrapper\">\n\t\t\t\t\t\t\t\t\t<span class=\"elementor-button-text\">Equipo<\/span>\n\t\t\t\t\t<\/span>\n\t\t\t\t\t<\/a>\n\t\t\t\t<\/div>\n\t\t\t\t\t\t\t\t<\/div>\n\t\t\t\t<\/div>\n\t\t\t\t\t<\/div>\n\t\t<\/div>\n\t\t\t\t\t<\/div>\n\t\t<\/section>\n\t\t\t\t\t<\/div>\n\t\t<\/div>\n\t\t\t\t\t<\/div>\n\t\t<\/section>\n\t\t\t\t<section class=\"elementor-section elementor-top-section elementor-element elementor-element-38295de elementor-section-boxed elementor-section-height-default elementor-section-height-default\" data-id=\"38295de\" data-element_type=\"section\" data-e-type=\"section\">\n\t\t\t\t\t\t<div class=\"elementor-container elementor-column-gap-default\">\n\t\t\t\t\t<div class=\"elementor-column elementor-col-100 elementor-top-column elementor-element elementor-element-c3d38f1\" data-id=\"c3d38f1\" data-element_type=\"column\" data-e-type=\"column\">\n\t\t\t<div class=\"elementor-widget-wrap elementor-element-populated\">\n\t\t\t\t\t\t<div class=\"elementor-element elementor-element-233379b elementor-widget elementor-widget-gallery\" data-id=\"233379b\" data-element_type=\"widget\" data-e-type=\"widget\" data-settings=\"{&quot;columns&quot;:&quot;3&quot;,&quot;aspect_ratio&quot;:&quot;1:1&quot;,&quot;lazyload&quot;:&quot;yes&quot;,&quot;gallery_layout&quot;:&quot;grid&quot;,&quot;columns_tablet&quot;:2,&quot;columns_mobile&quot;:1,&quot;gap&quot;:{&quot;unit&quot;:&quot;px&quot;,&quot;size&quot;:10,&quot;sizes&quot;:[]},&quot;gap_tablet&quot;:{&quot;unit&quot;:&quot;px&quot;,&quot;size&quot;:10,&quot;sizes&quot;:[]},&quot;gap_mobile&quot;:{&quot;unit&quot;:&quot;px&quot;,&quot;size&quot;:10,&quot;sizes&quot;:[]},&quot;link_to&quot;:&quot;file&quot;,&quot;overlay_background&quot;:&quot;yes&quot;,&quot;content_hover_animation&quot;:&quot;fade-in&quot;}\" data-widget_type=\"gallery.default\">\n\t\t\t\t<div class=\"elementor-widget-container\">\n\t\t\t\t\t\t\t<div class=\"elementor-gallery__container\">\n\t\t\t\t\t\t\t<a class=\"e-gallery-item elementor-gallery-item elementor-animated-content\" href=\"https:\/\/www.unavets.com\/lastablas\/wp-content\/uploads\/sites\/2\/2026\/01\/1.jpg\" data-elementor-open-lightbox=\"yes\" data-elementor-lightbox-slideshow=\"233379b\" data-elementor-lightbox-title=\"1\" data-e-action-hash=\"#elementor-action%3Aaction%3Dlightbox%26settings%3DeyJpZCI6MTgyNTAsInVybCI6Imh0dHBzOlwvXC93d3cudW5hdmV0cy5jb21cL2xhc3RhYmxhc1wvd3AtY29udGVudFwvdXBsb2Fkc1wvc2l0ZXNcLzJcLzIwMjZcLzAxXC8xLmpwZyIsInNsaWRlc2hvdyI6IjIzMzM3OWIifQ%3D%3D\">\n\t\t\t\t\t<div class=\"e-gallery-image elementor-gallery-item__image\" data-thumbnail=\"https:\/\/www.unavets.com\/lastablas\/wp-content\/uploads\/sites\/2\/2026\/01\/1-1024x682.jpg\" data-width=\"724\" data-height=\"482\" aria-label=\"\" role=\"img\" ><\/div>\n\t\t\t\t\t\t\t\t\t\t\t<div class=\"elementor-gallery-item__overlay\"><\/div>\n\t\t\t\t\t\t\t\t\t\t\t\t\t\t<\/a>\n\t\t\t\t\t\t\t<a class=\"e-gallery-item elementor-gallery-item elementor-animated-content\" href=\"https:\/\/www.unavets.com\/lastablas\/wp-content\/uploads\/sites\/2\/2021\/06\/Facilities-Hero-2-scaled.jpg\" data-elementor-open-lightbox=\"yes\" data-elementor-lightbox-slideshow=\"233379b\" data-elementor-lightbox-title=\"Facilities Hero -2\" data-e-action-hash=\"#elementor-action%3Aaction%3Dlightbox%26settings%3DeyJpZCI6MTUzMTksInVybCI6Imh0dHBzOlwvXC93d3cudW5hdmV0cy5jb21cL2xhc3RhYmxhc1wvd3AtY29udGVudFwvdXBsb2Fkc1wvc2l0ZXNcLzJcLzIwMjFcLzA2XC9GYWNpbGl0aWVzLUhlcm8tMi1zY2FsZWQuanBnIiwic2xpZGVzaG93IjoiMjMzMzc5YiJ9\">\n\t\t\t\t\t<div class=\"e-gallery-image elementor-gallery-item__image\" data-thumbnail=\"https:\/\/www.unavets.com\/lastablas\/wp-content\/uploads\/sites\/2\/2021\/06\/Facilities-Hero-2-1024x683.jpg\" data-width=\"724\" data-height=\"483\" aria-label=\"\" role=\"img\" ><\/div>\n\t\t\t\t\t\t\t\t\t\t\t<div class=\"elementor-gallery-item__overlay\"><\/div>\n\t\t\t\t\t\t\t\t\t\t\t\t\t\t<\/a>\n\t\t\t\t\t\t\t<a class=\"e-gallery-item elementor-gallery-item elementor-animated-content\" href=\"https:\/\/www.unavets.com\/lastablas\/wp-content\/uploads\/sites\/2\/2026\/01\/Photo-4-11-25-15-20-50-1-scaled.jpg\" data-elementor-open-lightbox=\"yes\" data-elementor-lightbox-slideshow=\"233379b\" data-elementor-lightbox-title=\"Photo 4-11-25, 15 20 50\" data-e-action-hash=\"#elementor-action%3Aaction%3Dlightbox%26settings%3DeyJpZCI6MTgyNTgsInVybCI6Imh0dHBzOlwvXC93d3cudW5hdmV0cy5jb21cL2xhc3RhYmxhc1wvd3AtY29udGVudFwvdXBsb2Fkc1wvc2l0ZXNcLzJcLzIwMjZcLzAxXC9QaG90by00LTExLTI1LTE1LTIwLTUwLTEtc2NhbGVkLmpwZyIsInNsaWRlc2hvdyI6IjIzMzM3OWIifQ%3D%3D\">\n\t\t\t\t\t<div class=\"e-gallery-image elementor-gallery-item__image\" data-thumbnail=\"https:\/\/www.unavets.com\/lastablas\/wp-content\/uploads\/sites\/2\/2026\/01\/Photo-4-11-25-15-20-50-1-1024x842.jpg\" data-width=\"724\" data-height=\"595\" aria-label=\"\" role=\"img\" ><\/div>\n\t\t\t\t\t\t\t\t\t\t\t<div class=\"elementor-gallery-item__overlay\"><\/div>\n\t\t\t\t\t\t\t\t\t\t\t\t\t\t<\/a>\n\t\t\t\t\t\t\t<a class=\"e-gallery-item elementor-gallery-item elementor-animated-content\" href=\"https:\/\/www.unavets.com\/lastablas\/wp-content\/uploads\/sites\/2\/2022\/11\/4.jpg\" data-elementor-open-lightbox=\"yes\" data-elementor-lightbox-slideshow=\"233379b\" data-elementor-lightbox-title=\"4\" data-e-action-hash=\"#elementor-action%3Aaction%3Dlightbox%26settings%3DeyJpZCI6MTc2OTMsInVybCI6Imh0dHBzOlwvXC93d3cudW5hdmV0cy5jb21cL2xhc3RhYmxhc1wvd3AtY29udGVudFwvdXBsb2Fkc1wvc2l0ZXNcLzJcLzIwMjJcLzExXC80LmpwZyIsInNsaWRlc2hvdyI6IjIzMzM3OWIifQ%3D%3D\">\n\t\t\t\t\t<div class=\"e-gallery-image elementor-gallery-item__image\" data-thumbnail=\"https:\/\/www.unavets.com\/lastablas\/wp-content\/uploads\/sites\/2\/2022\/11\/4.jpg\" data-width=\"352\" data-height=\"343\" aria-label=\"\" role=\"img\" ><\/div>\n\t\t\t\t\t\t\t\t\t\t\t<div class=\"elementor-gallery-item__overlay\"><\/div>\n\t\t\t\t\t\t\t\t\t\t\t\t\t\t<\/a>\n\t\t\t\t\t\t\t<a class=\"e-gallery-item elementor-gallery-item elementor-animated-content\" href=\"https:\/\/www.unavets.com\/lastablas\/wp-content\/uploads\/sites\/2\/2022\/11\/3.jpg\" data-elementor-open-lightbox=\"yes\" data-elementor-lightbox-slideshow=\"233379b\" data-elementor-lightbox-title=\"3\" data-e-action-hash=\"#elementor-action%3Aaction%3Dlightbox%26settings%3DeyJpZCI6MTc2OTEsInVybCI6Imh0dHBzOlwvXC93d3cudW5hdmV0cy5jb21cL2xhc3RhYmxhc1wvd3AtY29udGVudFwvdXBsb2Fkc1wvc2l0ZXNcLzJcLzIwMjJcLzExXC8zLmpwZyIsInNsaWRlc2hvdyI6IjIzMzM3OWIifQ%3D%3D\">\n\t\t\t\t\t<div class=\"e-gallery-image elementor-gallery-item__image\" data-thumbnail=\"https:\/\/www.unavets.com\/lastablas\/wp-content\/uploads\/sites\/2\/2022\/11\/3.jpg\" data-width=\"404\" data-height=\"404\" aria-label=\"\" role=\"img\" ><\/div>\n\t\t\t\t\t\t\t\t\t\t\t<div class=\"elementor-gallery-item__overlay\"><\/div>\n\t\t\t\t\t\t\t\t\t\t\t\t\t\t<\/a>\n\t\t\t\t\t\t\t<a class=\"e-gallery-item elementor-gallery-item elementor-animated-content\" href=\"https:\/\/www.unavets.com\/lastablas\/wp-content\/uploads\/sites\/2\/2026\/01\/3.jpg\" data-elementor-open-lightbox=\"yes\" data-elementor-lightbox-slideshow=\"233379b\" data-elementor-lightbox-title=\"3\" data-e-action-hash=\"#elementor-action%3Aaction%3Dlightbox%26settings%3DeyJpZCI6MTgyNTIsInVybCI6Imh0dHBzOlwvXC93d3cudW5hdmV0cy5jb21cL2xhc3RhYmxhc1wvd3AtY29udGVudFwvdXBsb2Fkc1wvc2l0ZXNcLzJcLzIwMjZcLzAxXC8zLmpwZyIsInNsaWRlc2hvdyI6IjIzMzM3OWIifQ%3D%3D\">\n\t\t\t\t\t<div class=\"e-gallery-image elementor-gallery-item__image\" data-thumbnail=\"https:\/\/www.unavets.com\/lastablas\/wp-content\/uploads\/sites\/2\/2026\/01\/3-1024x702.jpg\" data-width=\"724\" data-height=\"496\" aria-label=\"\" role=\"img\" ><\/div>\n\t\t\t\t\t\t\t\t\t\t\t<div class=\"elementor-gallery-item__overlay\"><\/div>\n\t\t\t\t\t\t\t\t\t\t\t\t\t\t<\/a>\n\t\t\t\t\t\t\t<a class=\"e-gallery-item elementor-gallery-item elementor-animated-content\" href=\"https:\/\/www.unavets.com\/lastablas\/wp-content\/uploads\/sites\/2\/2021\/11\/About-us-1.png\" data-elementor-open-lightbox=\"yes\" data-elementor-lightbox-slideshow=\"233379b\" data-elementor-lightbox-title=\"About us 1\" data-e-action-hash=\"#elementor-action%3Aaction%3Dlightbox%26settings%3DeyJpZCI6MTcyNTMsInVybCI6Imh0dHBzOlwvXC93d3cudW5hdmV0cy5jb21cL2xhc3RhYmxhc1wvd3AtY29udGVudFwvdXBsb2Fkc1wvc2l0ZXNcLzJcLzIwMjFcLzExXC9BYm91dC11cy0xLnBuZyIsInNsaWRlc2hvdyI6IjIzMzM3OWIifQ%3D%3D\">\n\t\t\t\t\t<div class=\"e-gallery-image elementor-gallery-item__image\" data-thumbnail=\"https:\/\/www.unavets.com\/lastablas\/wp-content\/uploads\/sites\/2\/2021\/11\/About-us-1.png\" data-width=\"724\" data-height=\"536\" aria-label=\"\" role=\"img\" ><\/div>\n\t\t\t\t\t\t\t\t\t\t\t<div class=\"elementor-gallery-item__overlay\"><\/div>\n\t\t\t\t\t\t\t\t\t\t\t\t\t\t<\/a>\n\t\t\t\t\t\t\t<a class=\"e-gallery-item elementor-gallery-item elementor-animated-content\" href=\"https:\/\/www.unavets.com\/lastablas\/wp-content\/uploads\/sites\/2\/2026\/01\/6.png\" data-elementor-open-lightbox=\"yes\" data-elementor-lightbox-slideshow=\"233379b\" data-elementor-lightbox-title=\"6\" data-e-action-hash=\"#elementor-action%3Aaction%3Dlightbox%26settings%3DeyJpZCI6MTgyNDgsInVybCI6Imh0dHBzOlwvXC93d3cudW5hdmV0cy5jb21cL2xhc3RhYmxhc1wvd3AtY29udGVudFwvdXBsb2Fkc1wvc2l0ZXNcLzJcLzIwMjZcLzAxXC82LnBuZyIsInNsaWRlc2hvdyI6IjIzMzM3OWIifQ%3D%3D\">\n\t\t\t\t\t<div class=\"e-gallery-image elementor-gallery-item__image\" data-thumbnail=\"https:\/\/www.unavets.com\/lastablas\/wp-content\/uploads\/sites\/2\/2026\/01\/6.png\" data-width=\"707\" data-height=\"942\" aria-label=\"\" role=\"img\" ><\/div>\n\t\t\t\t\t\t\t\t\t\t\t<div class=\"elementor-gallery-item__overlay\"><\/div>\n\t\t\t\t\t\t\t\t\t\t\t\t\t\t<\/a>\n\t\t\t\t\t\t\t<a class=\"e-gallery-item elementor-gallery-item elementor-animated-content\" href=\"https:\/\/www.unavets.com\/lastablas\/wp-content\/uploads\/sites\/2\/2021\/11\/Facilities-1.png\" data-elementor-open-lightbox=\"yes\" data-elementor-lightbox-slideshow=\"233379b\" data-elementor-lightbox-title=\"Facilities 1\" data-e-action-hash=\"#elementor-action%3Aaction%3Dlightbox%26settings%3DeyJpZCI6MTcyMzQsInVybCI6Imh0dHBzOlwvXC93d3cudW5hdmV0cy5jb21cL2xhc3RhYmxhc1wvd3AtY29udGVudFwvdXBsb2Fkc1wvc2l0ZXNcLzJcLzIwMjFcLzExXC9GYWNpbGl0aWVzLTEucG5nIiwic2xpZGVzaG93IjoiMjMzMzc5YiJ9\">\n\t\t\t\t\t<div class=\"e-gallery-image elementor-gallery-item__image\" data-thumbnail=\"https:\/\/www.unavets.com\/lastablas\/wp-content\/uploads\/sites\/2\/2021\/11\/Facilities-1.png\" data-width=\"724\" data-height=\"477\" aria-label=\"\" role=\"img\" ><\/div>\n\t\t\t\t\t\t\t\t\t\t\t<div class=\"elementor-gallery-item__overlay\"><\/div>\n\t\t\t\t\t\t\t\t\t\t\t\t\t\t<\/a>\n\t\t\t\t\t<\/div>\n\t\t\t\t\t<\/div>\n\t\t\t\t<\/div>\n\t\t\t\t\t<\/div>\n\t\t<\/div>\n\t\t\t\t\t<\/div>\n\t\t<\/section>\n\t\t\t\t<\/div>\n\t\t","protected":false},"excerpt":{"rendered":"<p>Hospital Veterinario de d\u00eda en Las Tablas, Madrid. Contamos con un equipo multidisciplinar especializado en el tipo de atenci\u00f3n m\u00e9dica que tu mascota necesita. El Hospital veterinario Las Tablas es un centro veterinario de confianza. Abri\u00f3 sus puertas en 2014 y fue reinaugurada en octubre de 2020 como parte de la familia UNAVETS, con nuevas &hellip; <\/p>\n","protected":false},"author":1,"featured_media":0,"parent":0,"menu_order":0,"comment_status":"closed","ping_status":"closed","template":"page-fullwidth.php","meta":{"_acf_changed":false,"content-type":"","footnotes":""},"class_list":["post-12997","page","type-page","status-publish","hentry"],"acf":[],"_links":{"self":[{"href":"https:\/\/www.unavets.com\/lastablas\/es\/wp-json\/wp\/v2\/pages\/12997","targetHints":{"allow":["GET"]}}],"collection":[{"href":"https:\/\/www.unavets.com\/lastablas\/es\/wp-json\/wp\/v2\/pages"}],"about":[{"href":"https:\/\/www.unavets.com\/lastablas\/es\/wp-json\/wp\/v2\/types\/page"}],"author":[{"embeddable":true,"href":"https:\/\/www.unavets.com\/lastablas\/es\/wp-json\/wp\/v2\/users\/1"}],"replies":[{"embeddable":true,"href":"https:\/\/www.unavets.com\/lastablas\/es\/wp-json\/wp\/v2\/comments?post=12997"}],"version-history":[{"count":3,"href":"https:\/\/www.unavets.com\/lastablas\/es\/wp-json\/wp\/v2\/pages\/12997\/revisions"}],"predecessor-version":[{"id":18261,"href":"https:\/\/www.unavets.com\/lastablas\/es\/wp-json\/wp\/v2\/pages\/12997\/revisions\/18261"}],"wp:attachment":[{"href":"https:\/\/www.unavets.com\/lastablas\/es\/wp-json\/wp\/v2\/media?parent=12997"}],"curies":[{"name":"wp","href":"https:\/\/api.w.org\/{rel}","templated":true}]}}