{"id":14607,"date":"2021-06-09T14:56:04","date_gmt":"2021-06-09T14:56:04","guid":{"rendered":"http:\/\/www.unavets.com\/lahuella\/?page_id=14607"},"modified":"2023-08-28T12:16:47","modified_gmt":"2023-08-28T12:16:47","slug":"medicina-felina","status":"publish","type":"page","link":"https:\/\/www.unavets.com\/lahuella\/es\/medicina-felina\/","title":{"rendered":"Medicina Felina"},"content":{"rendered":"\t\t<div data-elementor-type=\"wp-page\" data-elementor-id=\"14607\" class=\"elementor elementor-14607 elementor-14603\" data-elementor-post-type=\"page\">\n\t\t\t\t\t\t<section class=\"elementor-section elementor-top-section elementor-element elementor-element-d993722 elementor-section-boxed elementor-section-height-default elementor-section-height-default\" data-id=\"d993722\" data-element_type=\"section\" data-e-type=\"section\" id=\"main-sec\">\n\t\t\t\t\t\t<div class=\"elementor-container elementor-column-gap-default\">\n\t\t\t\t\t<div class=\"elementor-column elementor-col-100 elementor-top-column elementor-element elementor-element-2048e61\" data-id=\"2048e61\" data-element_type=\"column\" data-e-type=\"column\">\n\t\t\t<div class=\"elementor-widget-wrap elementor-element-populated\">\n\t\t\t\t\t\t<div class=\"elementor-element elementor-element-1d02c2d elementor-widget elementor-widget-text-editor\" data-id=\"1d02c2d\" data-element_type=\"widget\" data-e-type=\"widget\" data-widget_type=\"text-editor.default\">\n\t\t\t\t<div class=\"elementor-widget-container\">\n\t\t\t\t\t\t\t\t\t<p>En Cl\u00ednica Veterinaria La Huella, los gatos son una prioridad y por eso nuestras instalaciones, nuestro personal y nuestras actuaciones est\u00e1n adaptadas a su cuidado y a obtener los resultados de la manera menos invasiva posible y hacer as\u00ed que su visita sea de lo m\u00e1s placentera.<\/p><p>Entender su naturaleza, su conducta y sus particularidades nos hace poder comprenderlos mejor y optimizar su estancia en nuestro centro.<\/p><p>Si buscas una cl\u00ednica especializada en medicina felina en Algeciras, en Cl\u00ednica Veterinaria La Huella te ayudamos. Desde su primera consulta, hasta todo el proceso diagn\u00f3stico y los posibles tratamientos que necesite.<\/p><p>Tenemos hospitalizaci\u00f3n espec\u00edfica para gatos, zona felina reservada\u00a0 en nuestra sala de espera y muchas otras especificaciones destinadas a su bienestar en su visita.<\/p>\t\t\t\t\t\t\t\t<\/div>\n\t\t\t\t<\/div>\n\t\t\t\t<div class=\"elementor-element elementor-element-02838e3 elementor-align-center elementor-widget elementor-widget-button\" data-id=\"02838e3\" data-element_type=\"widget\" data-e-type=\"widget\" data-widget_type=\"button.default\">\n\t\t\t\t<div class=\"elementor-widget-container\">\n\t\t\t\t\t\t\t\t\t<div class=\"elementor-button-wrapper\">\n\t\t\t\t\t<a class=\"elementor-button elementor-button-link elementor-size-md\" href=\"https:\/\/www.unavets.com\/lahuella\/es\/contacto\/\">\n\t\t\t\t\t\t<span class=\"elementor-button-content-wrapper\">\n\t\t\t\t\t\t<span class=\"elementor-button-icon\">\n\t\t\t\t<i aria-hidden=\"true\" class=\"far fa-calendar-alt\"><\/i>\t\t\t<\/span>\n\t\t\t\t\t\t\t\t\t<span class=\"elementor-button-text\">Pide Cita<\/span>\n\t\t\t\t\t<\/span>\n\t\t\t\t\t<\/a>\n\t\t\t\t<\/div>\n\t\t\t\t\t\t\t\t<\/div>\n\t\t\t\t<\/div>\n\t\t\t\t<div class=\"elementor-element elementor-element-dc7c821 elementor-widget elementor-widget-image\" data-id=\"dc7c821\" data-element_type=\"widget\" data-e-type=\"widget\" data-widget_type=\"image.default\">\n\t\t\t\t<div class=\"elementor-widget-container\">\n\t\t\t\t\t\t\t\t\t\t\t\t\t\t\t<img fetchpriority=\"high\" width=\"724\" height=\"483\" class=\"attachment-medium_large size-medium_large wp-image-20608 lazy\" alt=\"\" data-src=\"https:\/\/www.unavets.com\/lahuella\/wp-content\/uploads\/sites\/36\/2023\/08\/veterinario-de-gatos-algeciras-la-huella-768x512.png\" data-lazy=\"https:\/\/www.unavets.com\/lahuella\/wp-content\/uploads\/sites\/36\/2023\/08\/veterinario-de-gatos-algeciras-la-huella-768x512.png\" \/>\t\t\t\t\t\t\t\t\t\t\t\t\t\t\t<\/div>\n\t\t\t\t<\/div>\n\t\t\t\t\t<\/div>\n\t\t<\/div>\n\t\t\t\t\t<\/div>\n\t\t<\/section>\n\t\t\t\t<\/div>\n\t\t","protected":false},"excerpt":{"rendered":"<p>En Cl\u00ednica Veterinaria La Huella, los gatos son una prioridad y por eso nuestras instalaciones, nuestro personal y nuestras actuaciones est\u00e1n adaptadas a su cuidado y a obtener los resultados de la manera menos invasiva posible y hacer as\u00ed que su visita sea de lo m\u00e1s placentera. Entender su naturaleza, su conducta y sus particularidades &hellip; <\/p>\n","protected":false},"author":8,"featured_media":0,"parent":0,"menu_order":0,"comment_status":"closed","ping_status":"closed","template":"page-fullwidth.php","meta":{"_acf_changed":false,"content-type":"","footnotes":""},"class_list":["post-14607","page","type-page","status-publish","hentry"],"acf":[],"_links":{"self":[{"href":"https:\/\/www.unavets.com\/lahuella\/es\/wp-json\/wp\/v2\/pages\/14607","targetHints":{"allow":["GET"]}}],"collection":[{"href":"https:\/\/www.unavets.com\/lahuella\/es\/wp-json\/wp\/v2\/pages"}],"about":[{"href":"https:\/\/www.unavets.com\/lahuella\/es\/wp-json\/wp\/v2\/types\/page"}],"author":[{"embeddable":true,"href":"https:\/\/www.unavets.com\/lahuella\/es\/wp-json\/wp\/v2\/users\/8"}],"replies":[{"embeddable":true,"href":"https:\/\/www.unavets.com\/lahuella\/es\/wp-json\/wp\/v2\/comments?post=14607"}],"version-history":[{"count":0,"href":"https:\/\/www.unavets.com\/lahuella\/es\/wp-json\/wp\/v2\/pages\/14607\/revisions"}],"wp:attachment":[{"href":"https:\/\/www.unavets.com\/lahuella\/es\/wp-json\/wp\/v2\/media?parent=14607"}],"curies":[{"name":"wp","href":"https:\/\/api.w.org\/{rel}","templated":true}]}}