{"id":13558,"date":"2020-10-03T08:10:58","date_gmt":"2020-10-03T08:10:58","guid":{"rendered":"http:\/\/www.unavets.com\/lahuella\/our-facilities\/"},"modified":"2026-04-27T10:56:12","modified_gmt":"2026-04-27T10:56:12","slug":"instalaciones","status":"publish","type":"page","link":"https:\/\/www.unavets.com\/lahuella\/es\/instalaciones\/","title":{"rendered":"Instalaciones"},"content":{"rendered":"\t\t<div data-elementor-type=\"wp-page\" data-elementor-id=\"13558\" class=\"elementor elementor-13558 elementor-281\" data-elementor-post-type=\"page\">\n\t\t\t\t\t\t<section class=\"elementor-section elementor-top-section elementor-element elementor-element-54cf215 pad-top-0 elementor-section-boxed elementor-section-height-default elementor-section-height-default\" data-id=\"54cf215\" data-element_type=\"section\" data-e-type=\"section\" id=\"main-sec\" data-settings=\"{&quot;background_background&quot;:&quot;classic&quot;}\">\n\t\t\t\t\t\t<div class=\"elementor-container elementor-column-gap-wide\">\n\t\t\t\t\t<div class=\"elementor-column elementor-col-100 elementor-top-column elementor-element elementor-element-d926441\" data-id=\"d926441\" data-element_type=\"column\" data-e-type=\"column\">\n\t\t\t<div class=\"elementor-widget-wrap elementor-element-populated\">\n\t\t\t\t\t\t<div class=\"elementor-element elementor-element-ac5c964 elementor-widget elementor-widget-text-editor\" data-id=\"ac5c964\" data-element_type=\"widget\" data-e-type=\"widget\" data-widget_type=\"text-editor.default\">\n\t\t\t\t<div class=\"elementor-widget-container\">\n\t\t\t\t\t\t\t\t\t<p>La Cl\u00ednica Veterinaria La Huella cuenta con los mejores equipos e instalaciones a vuestra disposici\u00f3n para brindarte el m\u00e1s alto nivel de atenci\u00f3n<\/p>\t\t\t\t\t\t\t\t<\/div>\n\t\t\t\t<\/div>\n\t\t\t\t<section class=\"elementor-section elementor-inner-section elementor-element elementor-element-98275a1 elementor-section-boxed elementor-section-height-default elementor-section-height-default\" data-id=\"98275a1\" data-element_type=\"section\" data-e-type=\"section\">\n\t\t\t\t\t\t<div class=\"elementor-container elementor-column-gap-default\">\n\t\t\t\t\t<div class=\"elementor-column elementor-col-50 elementor-inner-column elementor-element elementor-element-07b222c\" data-id=\"07b222c\" data-element_type=\"column\" data-e-type=\"column\">\n\t\t\t<div class=\"elementor-widget-wrap elementor-element-populated\">\n\t\t\t\t\t\t<div class=\"elementor-element elementor-element-44b52f4 elementor-widget elementor-widget-image\" data-id=\"44b52f4\" data-element_type=\"widget\" data-e-type=\"widget\" data-widget_type=\"image.default\">\n\t\t\t\t<div class=\"elementor-widget-container\">\n\t\t\t\t\t\t\t\t\t\t\t\t\t\t\t<img fetchpriority=\"high\" width=\"772\" height=\"515\" class=\"attachment-1536x1536 size-1536x1536 wp-image-20467 lazy\" alt=\"\" data-src=\"https:\/\/www.unavets.com\/lahuella\/wp-content\/uploads\/sites\/36\/2023\/08\/instalaciones.png\" data-lazy=\"https:\/\/www.unavets.com\/lahuella\/wp-content\/uploads\/sites\/36\/2023\/08\/instalaciones.png\" \/>\t\t\t\t\t\t\t\t\t\t\t\t\t\t\t<\/div>\n\t\t\t\t<\/div>\n\t\t\t\t\t<\/div>\n\t\t<\/div>\n\t\t\t\t<div class=\"elementor-column elementor-col-50 elementor-inner-column elementor-element elementor-element-e32254f\" data-id=\"e32254f\" data-element_type=\"column\" data-e-type=\"column\">\n\t\t\t<div class=\"elementor-widget-wrap elementor-element-populated\">\n\t\t\t\t\t\t<div class=\"elementor-element elementor-element-6494dd8 elementor-widget elementor-widget-text-editor\" data-id=\"6494dd8\" data-element_type=\"widget\" data-e-type=\"widget\" data-widget_type=\"text-editor.default\">\n\t\t\t\t<div class=\"elementor-widget-container\">\n\t\t\t\t\t\t\t\t\t<p>Somos un espacio en el que su mascota recibir\u00e1 un trato acorde a sus necesidades.<\/p>\n<p>Las instalaciones de la cl\u00ednica est\u00e1n completamente equipadas con la \u00faltima tecnolog\u00eda, lo que permite a los veterinarios proporcionar el mejor cuidado posible a sus pacientes.<\/p><p>Contamos con equipo de endoscopia, quir\u00f3fano para cirug\u00edas, equipo de di\u00e1gnotico por imagen y labotarorio.<\/p>\n<p>En Cl\u00ednica Veterinaria La Huella, los gatos tambi\u00e9n son una prioridad y por eso nuestras instalaciones, nuestro personal y nuestras actuaciones est\u00e1n adaptadas a su cuidado y a obtener los resultados de la manera menos invasiva posible y hacer as\u00ed que su visita sea de lo m\u00e1s placentera.<\/p>\n<p>Tenemos hospitalizaci\u00f3n espec\u00edfica para gatos, zona felina reservada&nbsp; en nuestra sala de espera y muchas otras especificaciones destinadas a su bienestar en su visita.<\/p>\t\t\t\t\t\t\t\t<\/div>\n\t\t\t\t<\/div>\n\t\t\t\t\t<\/div>\n\t\t<\/div>\n\t\t\t\t\t<\/div>\n\t\t<\/section>\n\t\t\t\t<section class=\"elementor-section elementor-inner-section elementor-element elementor-element-cbd28ac elementor-section-boxed elementor-section-height-default elementor-section-height-default\" data-id=\"cbd28ac\" data-element_type=\"section\" data-e-type=\"section\">\n\t\t\t\t\t\t<div class=\"elementor-container elementor-column-gap-default\">\n\t\t\t\t\t<div class=\"elementor-column elementor-col-50 elementor-inner-column elementor-element elementor-element-e54cc90\" data-id=\"e54cc90\" data-element_type=\"column\" data-e-type=\"column\">\n\t\t\t<div class=\"elementor-widget-wrap elementor-element-populated\">\n\t\t\t\t\t\t<div class=\"elementor-element elementor-element-e77ffdd elementor-align-center elementor-widget elementor-widget-button\" data-id=\"e77ffdd\" data-element_type=\"widget\" data-e-type=\"widget\" data-widget_type=\"button.default\">\n\t\t\t\t<div class=\"elementor-widget-container\">\n\t\t\t\t\t\t\t\t\t<div class=\"elementor-button-wrapper\">\n\t\t\t\t\t<a class=\"elementor-button elementor-button-link elementor-size-sm\" href=\"https:\/\/www.unavets.com\/lahuella\/es\/nuestro-equipo\/\">\n\t\t\t\t\t\t<span class=\"elementor-button-content-wrapper\">\n\t\t\t\t\t\t\t\t\t<span class=\"elementor-button-text\">Nuestro Equipo<\/span>\n\t\t\t\t\t<\/span>\n\t\t\t\t\t<\/a>\n\t\t\t\t<\/div>\n\t\t\t\t\t\t\t\t<\/div>\n\t\t\t\t<\/div>\n\t\t\t\t\t<\/div>\n\t\t<\/div>\n\t\t\t\t<div class=\"elementor-column elementor-col-50 elementor-inner-column elementor-element elementor-element-dc3e6b5\" data-id=\"dc3e6b5\" data-element_type=\"column\" data-e-type=\"column\">\n\t\t\t<div class=\"elementor-widget-wrap elementor-element-populated\">\n\t\t\t\t\t\t<div class=\"elementor-element elementor-element-ebe1efe elementor-align-center elementor-widget elementor-widget-button\" data-id=\"ebe1efe\" data-element_type=\"widget\" data-e-type=\"widget\" data-widget_type=\"button.default\">\n\t\t\t\t<div class=\"elementor-widget-container\">\n\t\t\t\t\t\t\t\t\t<div class=\"elementor-button-wrapper\">\n\t\t\t\t\t<a class=\"elementor-button elementor-button-link elementor-size-sm\" href=\"https:\/\/www.unavets.com\/lahuella\/es\/servicios\/\">\n\t\t\t\t\t\t<span class=\"elementor-button-content-wrapper\">\n\t\t\t\t\t\t\t\t\t<span class=\"elementor-button-text\">Servicios<\/span>\n\t\t\t\t\t<\/span>\n\t\t\t\t\t<\/a>\n\t\t\t\t<\/div>\n\t\t\t\t\t\t\t\t<\/div>\n\t\t\t\t<\/div>\n\t\t\t\t\t<\/div>\n\t\t<\/div>\n\t\t\t\t\t<\/div>\n\t\t<\/section>\n\t\t\t\t\t<\/div>\n\t\t<\/div>\n\t\t\t\t\t<\/div>\n\t\t<\/section>\n\t\t\t\t<section class=\"elementor-section elementor-top-section elementor-element elementor-element-78a18a3 elementor-section-boxed elementor-section-height-default elementor-section-height-default\" data-id=\"78a18a3\" data-element_type=\"section\" data-e-type=\"section\">\n\t\t\t\t\t\t<div class=\"elementor-container elementor-column-gap-default\">\n\t\t\t\t\t<div class=\"elementor-column elementor-col-100 elementor-top-column elementor-element elementor-element-ae96487\" data-id=\"ae96487\" data-element_type=\"column\" data-e-type=\"column\">\n\t\t\t<div class=\"elementor-widget-wrap elementor-element-populated\">\n\t\t\t\t\t\t<div class=\"elementor-element elementor-element-d296140 elementor-widget elementor-widget-gallery\" data-id=\"d296140\" data-element_type=\"widget\" data-e-type=\"widget\" data-settings=\"{&quot;columns&quot;:&quot;3&quot;,&quot;aspect_ratio&quot;:&quot;1:1&quot;,&quot;lazyload&quot;:&quot;yes&quot;,&quot;gallery_layout&quot;:&quot;grid&quot;,&quot;columns_tablet&quot;:2,&quot;columns_mobile&quot;:1,&quot;gap&quot;:{&quot;unit&quot;:&quot;px&quot;,&quot;size&quot;:10,&quot;sizes&quot;:[]},&quot;gap_tablet&quot;:{&quot;unit&quot;:&quot;px&quot;,&quot;size&quot;:10,&quot;sizes&quot;:[]},&quot;gap_mobile&quot;:{&quot;unit&quot;:&quot;px&quot;,&quot;size&quot;:10,&quot;sizes&quot;:[]},&quot;link_to&quot;:&quot;file&quot;,&quot;overlay_background&quot;:&quot;yes&quot;,&quot;content_hover_animation&quot;:&quot;fade-in&quot;}\" data-widget_type=\"gallery.default\">\n\t\t\t\t<div class=\"elementor-widget-container\">\n\t\t\t\t\t\t\t<div class=\"elementor-gallery__container\">\n\t\t\t\t\t\t\t<a class=\"e-gallery-item elementor-gallery-item elementor-animated-content\" href=\"https:\/\/www.unavets.com\/lahuella\/wp-content\/uploads\/sites\/36\/2023\/08\/instalaciones-la-huella-1-1.jpg\" data-elementor-open-lightbox=\"yes\" data-elementor-lightbox-slideshow=\"d296140\" data-elementor-lightbox-title=\"instalaciones la huella 1\" data-e-action-hash=\"#elementor-action%3Aaction%3Dlightbox%26settings%3DeyJpZCI6MjA0NjksInVybCI6Imh0dHBzOlwvXC93d3cudW5hdmV0cy5jb21cL2xhaHVlbGxhXC93cC1jb250ZW50XC91cGxvYWRzXC9zaXRlc1wvMzZcLzIwMjNcLzA4XC9pbnN0YWxhY2lvbmVzLWxhLWh1ZWxsYS0xLTEuanBnIiwic2xpZGVzaG93IjoiZDI5NjE0MCJ9\">\n\t\t\t\t\t<div class=\"e-gallery-image elementor-gallery-item__image\" data-thumbnail=\"https:\/\/www.unavets.com\/lahuella\/wp-content\/uploads\/sites\/36\/2023\/08\/instalaciones-la-huella-1-1.jpg\" data-width=\"724\" data-height=\"482\" aria-label=\"\" role=\"img\" ><\/div>\n\t\t\t\t\t\t\t\t\t\t\t<div class=\"elementor-gallery-item__overlay\"><\/div>\n\t\t\t\t\t\t\t\t\t\t\t\t\t\t<\/a>\n\t\t\t\t\t\t\t<a class=\"e-gallery-item elementor-gallery-item elementor-animated-content\" href=\"https:\/\/www.unavets.com\/lahuella\/wp-content\/uploads\/sites\/36\/2023\/08\/diagnostico-por-imagen-e1693218786501-1.jpg\" data-elementor-open-lightbox=\"yes\" data-elementor-lightbox-slideshow=\"d296140\" data-elementor-lightbox-title=\"diagnostico-por-imagen-e1693218786501.jpg\" data-e-action-hash=\"#elementor-action%3Aaction%3Dlightbox%26settings%3DeyJpZCI6MjA3ODIsInVybCI6Imh0dHBzOlwvXC93d3cudW5hdmV0cy5jb21cL2xhaHVlbGxhXC93cC1jb250ZW50XC91cGxvYWRzXC9zaXRlc1wvMzZcLzIwMjNcLzA4XC9kaWFnbm9zdGljby1wb3ItaW1hZ2VuLWUxNjkzMjE4Nzg2NTAxLTEuanBnIiwic2xpZGVzaG93IjoiZDI5NjE0MCJ9\">\n\t\t\t\t\t<div class=\"e-gallery-image elementor-gallery-item__image\" data-thumbnail=\"https:\/\/www.unavets.com\/lahuella\/wp-content\/uploads\/sites\/36\/2023\/08\/diagnostico-por-imagen-e1693218786501-1.jpg\" data-width=\"700\" data-height=\"525\" aria-label=\"\" role=\"img\" ><\/div>\n\t\t\t\t\t\t\t\t\t\t\t<div class=\"elementor-gallery-item__overlay\"><\/div>\n\t\t\t\t\t\t\t\t\t\t\t\t\t\t<\/a>\n\t\t\t\t\t\t\t<a class=\"e-gallery-item elementor-gallery-item elementor-animated-content\" href=\"https:\/\/www.unavets.com\/lahuella\/wp-content\/uploads\/sites\/36\/2023\/08\/instalaciones-la-huella-3-1.jpg\" data-elementor-open-lightbox=\"yes\" data-elementor-lightbox-slideshow=\"d296140\" data-elementor-lightbox-title=\"instalaciones la huella 3\" data-e-action-hash=\"#elementor-action%3Aaction%3Dlightbox%26settings%3DeyJpZCI6MjA0NzMsInVybCI6Imh0dHBzOlwvXC93d3cudW5hdmV0cy5jb21cL2xhaHVlbGxhXC93cC1jb250ZW50XC91cGxvYWRzXC9zaXRlc1wvMzZcLzIwMjNcLzA4XC9pbnN0YWxhY2lvbmVzLWxhLWh1ZWxsYS0zLTEuanBnIiwic2xpZGVzaG93IjoiZDI5NjE0MCJ9\">\n\t\t\t\t\t<div class=\"e-gallery-image elementor-gallery-item__image\" data-thumbnail=\"https:\/\/www.unavets.com\/lahuella\/wp-content\/uploads\/sites\/36\/2023\/08\/instalaciones-la-huella-3-1.jpg\" data-width=\"724\" data-height=\"482\" aria-label=\"\" role=\"img\" ><\/div>\n\t\t\t\t\t\t\t\t\t\t\t<div class=\"elementor-gallery-item__overlay\"><\/div>\n\t\t\t\t\t\t\t\t\t\t\t\t\t\t<\/a>\n\t\t\t\t\t\t\t<a class=\"e-gallery-item elementor-gallery-item elementor-animated-content\" href=\"https:\/\/www.unavets.com\/lahuella\/wp-content\/uploads\/sites\/36\/2023\/08\/instalaciones-la-huella-4-1.jpg\" data-elementor-open-lightbox=\"yes\" data-elementor-lightbox-slideshow=\"d296140\" data-elementor-lightbox-title=\"instalaciones la huella 4\" data-e-action-hash=\"#elementor-action%3Aaction%3Dlightbox%26settings%3DeyJpZCI6MjA0NzUsInVybCI6Imh0dHBzOlwvXC93d3cudW5hdmV0cy5jb21cL2xhaHVlbGxhXC93cC1jb250ZW50XC91cGxvYWRzXC9zaXRlc1wvMzZcLzIwMjNcLzA4XC9pbnN0YWxhY2lvbmVzLWxhLWh1ZWxsYS00LTEuanBnIiwic2xpZGVzaG93IjoiZDI5NjE0MCJ9\">\n\t\t\t\t\t<div class=\"e-gallery-image elementor-gallery-item__image\" data-thumbnail=\"https:\/\/www.unavets.com\/lahuella\/wp-content\/uploads\/sites\/36\/2023\/08\/instalaciones-la-huella-4-1.jpg\" data-width=\"600\" data-height=\"400\" aria-label=\"\" role=\"img\" ><\/div>\n\t\t\t\t\t\t\t\t\t\t\t<div class=\"elementor-gallery-item__overlay\"><\/div>\n\t\t\t\t\t\t\t\t\t\t\t\t\t\t<\/a>\n\t\t\t\t\t\t\t<a class=\"e-gallery-item elementor-gallery-item elementor-animated-content\" href=\"https:\/\/www.unavets.com\/lahuella\/wp-content\/uploads\/sites\/36\/2023\/08\/instalaciones-la-huella-5-1.jpg\" data-elementor-open-lightbox=\"yes\" data-elementor-lightbox-slideshow=\"d296140\" data-elementor-lightbox-title=\"instalaciones la huella 5\" data-e-action-hash=\"#elementor-action%3Aaction%3Dlightbox%26settings%3DeyJpZCI6MjA0NzcsInVybCI6Imh0dHBzOlwvXC93d3cudW5hdmV0cy5jb21cL2xhaHVlbGxhXC93cC1jb250ZW50XC91cGxvYWRzXC9zaXRlc1wvMzZcLzIwMjNcLzA4XC9pbnN0YWxhY2lvbmVzLWxhLWh1ZWxsYS01LTEuanBnIiwic2xpZGVzaG93IjoiZDI5NjE0MCJ9\">\n\t\t\t\t\t<div class=\"e-gallery-image elementor-gallery-item__image\" data-thumbnail=\"https:\/\/www.unavets.com\/lahuella\/wp-content\/uploads\/sites\/36\/2023\/08\/instalaciones-la-huella-5-1.jpg\" data-width=\"600\" data-height=\"400\" aria-label=\"\" role=\"img\" ><\/div>\n\t\t\t\t\t\t\t\t\t\t\t<div class=\"elementor-gallery-item__overlay\"><\/div>\n\t\t\t\t\t\t\t\t\t\t\t\t\t\t<\/a>\n\t\t\t\t\t\t\t<a class=\"e-gallery-item elementor-gallery-item elementor-animated-content\" href=\"https:\/\/www.unavets.com\/lahuella\/wp-content\/uploads\/sites\/36\/2023\/08\/instalaciones-la-huella-6-1.jpg\" data-elementor-open-lightbox=\"yes\" data-elementor-lightbox-slideshow=\"d296140\" data-elementor-lightbox-title=\"instalaciones la huella 6\" data-e-action-hash=\"#elementor-action%3Aaction%3Dlightbox%26settings%3DeyJpZCI6MjA0NzksInVybCI6Imh0dHBzOlwvXC93d3cudW5hdmV0cy5jb21cL2xhaHVlbGxhXC93cC1jb250ZW50XC91cGxvYWRzXC9zaXRlc1wvMzZcLzIwMjNcLzA4XC9pbnN0YWxhY2lvbmVzLWxhLWh1ZWxsYS02LTEuanBnIiwic2xpZGVzaG93IjoiZDI5NjE0MCJ9\">\n\t\t\t\t\t<div class=\"e-gallery-image elementor-gallery-item__image\" data-thumbnail=\"https:\/\/www.unavets.com\/lahuella\/wp-content\/uploads\/sites\/36\/2023\/08\/instalaciones-la-huella-6-1.jpg\" data-width=\"600\" data-height=\"400\" aria-label=\"\" role=\"img\" ><\/div>\n\t\t\t\t\t\t\t\t\t\t\t<div class=\"elementor-gallery-item__overlay\"><\/div>\n\t\t\t\t\t\t\t\t\t\t\t\t\t\t<\/a>\n\t\t\t\t\t<\/div>\n\t\t\t\t\t<\/div>\n\t\t\t\t<\/div>\n\t\t\t\t\t<\/div>\n\t\t<\/div>\n\t\t\t\t\t<\/div>\n\t\t<\/section>\n\t\t\t\t<\/div>\n\t\t","protected":false},"excerpt":{"rendered":"<p>La Cl\u00ednica Veterinaria La Huella cuenta con los mejores equipos e instalaciones a vuestra disposici\u00f3n para brindarte el m\u00e1s alto nivel de atenci\u00f3n Somos un espacio en el que su mascota recibir\u00e1 un trato acorde a sus necesidades. Las instalaciones de la cl\u00ednica est\u00e1n completamente equipadas con la \u00faltima tecnolog\u00eda, lo que permite a los &hellip; <\/p>\n","protected":false},"author":1,"featured_media":0,"parent":0,"menu_order":0,"comment_status":"closed","ping_status":"closed","template":"page-fullwidth.php","meta":{"_acf_changed":false,"content-type":"","footnotes":""},"class_list":["post-13558","page","type-page","status-publish","hentry"],"acf":[],"_links":{"self":[{"href":"https:\/\/www.unavets.com\/lahuella\/es\/wp-json\/wp\/v2\/pages\/13558","targetHints":{"allow":["GET"]}}],"collection":[{"href":"https:\/\/www.unavets.com\/lahuella\/es\/wp-json\/wp\/v2\/pages"}],"about":[{"href":"https:\/\/www.unavets.com\/lahuella\/es\/wp-json\/wp\/v2\/types\/page"}],"author":[{"embeddable":true,"href":"https:\/\/www.unavets.com\/lahuella\/es\/wp-json\/wp\/v2\/users\/1"}],"replies":[{"embeddable":true,"href":"https:\/\/www.unavets.com\/lahuella\/es\/wp-json\/wp\/v2\/comments?post=13558"}],"version-history":[{"count":3,"href":"https:\/\/www.unavets.com\/lahuella\/es\/wp-json\/wp\/v2\/pages\/13558\/revisions"}],"predecessor-version":[{"id":21364,"href":"https:\/\/www.unavets.com\/lahuella\/es\/wp-json\/wp\/v2\/pages\/13558\/revisions\/21364"}],"wp:attachment":[{"href":"https:\/\/www.unavets.com\/lahuella\/es\/wp-json\/wp\/v2\/media?parent=13558"}],"curies":[{"name":"wp","href":"https:\/\/api.w.org\/{rel}","templated":true}]}}