{"id":13550,"date":"2020-10-03T08:10:45","date_gmt":"2020-10-03T08:10:45","guid":{"rendered":"http:\/\/www.unavets.com\/lahuella\/our-team\/"},"modified":"2025-03-14T09:55:52","modified_gmt":"2025-03-14T09:55:52","slug":"nuestro-equipo","status":"publish","type":"page","link":"https:\/\/www.unavets.com\/lahuella\/es\/nuestro-equipo\/","title":{"rendered":"Nuestro equipo"},"content":{"rendered":"\t\t<div data-elementor-type=\"wp-page\" data-elementor-id=\"13550\" class=\"elementor elementor-13550 elementor-282\" data-elementor-post-type=\"page\">\n\t\t\t\t\t\t<section class=\"elementor-section elementor-top-section elementor-element elementor-element-2315038 pad-bot-0 elementor-section-boxed elementor-section-height-default elementor-section-height-default\" data-id=\"2315038\" data-element_type=\"section\" data-e-type=\"section\" id=\"main-sec\" data-settings=\"{&quot;background_background&quot;:&quot;classic&quot;}\">\n\t\t\t\t\t\t<div class=\"elementor-container elementor-column-gap-default\">\n\t\t\t\t\t<div class=\"elementor-column elementor-col-100 elementor-top-column elementor-element elementor-element-35c75b2\" data-id=\"35c75b2\" data-element_type=\"column\" data-e-type=\"column\">\n\t\t\t<div class=\"elementor-widget-wrap elementor-element-populated\">\n\t\t\t\t\t\t<div class=\"elementor-element elementor-element-28b1762 elementor-widget elementor-widget-text-editor\" data-id=\"28b1762\" data-element_type=\"widget\" data-e-type=\"widget\" data-widget_type=\"text-editor.default\">\n\t\t\t\t<div class=\"elementor-widget-container\">\n\t\t\t\t\t\t\t\t\t<p>Los due\u00f1os de mascotas conf\u00edan en nosotros para atender las necesidades de sus queridos compa\u00f1eros. Somos especialistas comprometidos a brindar el m\u00e1s alto nivel de atenci\u00f3n veterinaria y afecto<\/p>\t\t\t\t\t\t\t\t<\/div>\n\t\t\t\t<\/div>\n\t\t\t\t\t<\/div>\n\t\t<\/div>\n\t\t\t\t\t<\/div>\n\t\t<\/section>\n\t\t\t\t<section class=\"elementor-section elementor-top-section elementor-element elementor-element-e31a7cf team-member elementor-section-boxed elementor-section-height-default elementor-section-height-default\" data-id=\"e31a7cf\" data-element_type=\"section\" data-e-type=\"section\">\n\t\t\t\t\t\t<div class=\"elementor-container elementor-column-gap-default\">\n\t\t\t\t\t<div class=\"elementor-column elementor-col-100 elementor-top-column elementor-element elementor-element-74bc16f\" data-id=\"74bc16f\" data-element_type=\"column\" data-e-type=\"column\">\n\t\t\t<div class=\"elementor-widget-wrap elementor-element-populated\">\n\t\t\t\t\t\t<div class=\"elementor-element elementor-element-26c3b90 elementor-hidden-tablet elementor-hidden-phone elementor-widget elementor-widget-section_titleleft\" data-id=\"26c3b90\" data-element_type=\"widget\" data-e-type=\"widget\" data-widget_type=\"section_titleleft.default\">\n\t\t\t\t<div class=\"elementor-widget-container\">\n\t\t\t\t\t        <div class=\"ab_text-title fl-wrap\">\n            <h3>Veterinarios <\/h3><span class=\"section-separator fl-sec-sep\"><\/span>        <\/div>\n        \t\t\t\t<\/div>\n\t\t\t\t<\/div>\n\t\t\t\t<section class=\"elementor-section elementor-inner-section elementor-element elementor-element-3669b34 elementor-section-boxed elementor-section-height-default elementor-section-height-default\" data-id=\"3669b34\" data-element_type=\"section\" data-e-type=\"section\">\n\t\t\t\t\t\t<div class=\"elementor-container elementor-column-gap-default\">\n\t\t\t\t\t<div class=\"elementor-column elementor-col-25 elementor-inner-column elementor-element elementor-element-a7cd8be\" data-id=\"a7cd8be\" data-element_type=\"column\" data-e-type=\"column\">\n\t\t\t<div class=\"elementor-widget-wrap elementor-element-populated\">\n\t\t\t\t\t\t<div class=\"elementor-element elementor-element-f06a80a elementor-widget elementor-widget-team_box\" data-id=\"f06a80a\" data-element_type=\"widget\" data-e-type=\"widget\" data-widget_type=\"team_box.default\">\n\t\t\t\t<div class=\"elementor-widget-container\">\n\t\t\t\t\t            <div class=\"team-holder section-team fl-wrap\">\n                <div class=\"team-box-image\">\n                    <div class=\"team-photo\">\n                        <img decoding=\"async\" src=\"https:\/\/www.unavets.com\/lahuella\/wp-content\/uploads\/sites\/36\/2023\/08\/1-1.png\" class=\"respimg\">                                    \n                    <\/div>\n                    <div class=\"team-info\">\n                        <h3><a href=\"\">Mar\u00eda Gracia Su\u00e1rez Estrugo<\/a><\/h3><h4>Directora Veterinaria <\/h4>M\u00aa Gracia es veterinaria comprometida, siempre desempe\u00f1ando su labor con el t\u00edtulo de \"veterinario de familia\". Su enfoque se centra especialmente en la Dermatolog\u00eda y la Cirug\u00eda, \u00e1reas en las que busca crecer y mejorar constantemente.                    <\/div>\n                <\/div>\n            <\/div>\n        \t\t\t\t<\/div>\n\t\t\t\t<\/div>\n\t\t\t\t<div class=\"elementor-element elementor-element-53cee80 readmoretoggle elementor-widget elementor-widget-toggle\" data-id=\"53cee80\" data-element_type=\"widget\" data-e-type=\"widget\" data-widget_type=\"toggle.default\">\n\t\t\t\t<div class=\"elementor-widget-container\">\n\t\t\t\t\t\t\t<div class=\"elementor-toggle\">\n\t\t\t\t\t\t\t<div class=\"elementor-toggle-item\">\n\t\t\t\t\t<div id=\"elementor-tab-title-8781\" class=\"elementor-tab-title\" data-tab=\"1\" role=\"button\" aria-controls=\"elementor-tab-content-8781\" aria-expanded=\"false\">\n\t\t\t\t\t\t\t\t\t\t\t\t<a class=\"elementor-toggle-title\" tabindex=\"0\">Leer m\u00e1s<\/a>\n\t\t\t\t\t<\/div>\n\n\t\t\t\t\t<div id=\"elementor-tab-content-8781\" class=\"elementor-tab-content elementor-clearfix\" data-tab=\"1\" role=\"region\" aria-labelledby=\"elementor-tab-title-8781\"><p>\u00a0<\/p><p>Obtuvo su Licenciatura en Veterinaria en la UCO en 1993, especializ\u00e1ndose en Medicina y Sanidad. Con m\u00e1s de 20 a\u00f1os de experiencia profesional, su trayectoria comenz\u00f3 impulsada por su entusiasmo en mejorar la calidad de vida de los animales y sus propietarios.<\/p><p>Desde entonces, M\u00aa Gracia ha mantenido una actitud de constante crecimiento y responsabilidad, lo que la ha llevado a participar en congresos nacionales e internacionales, as\u00ed como en cursos de formaci\u00f3n continua. Su dedicaci\u00f3n a la actualizaci\u00f3n de conocimientos asegura que est\u00e9 al d\u00eda con los avances m\u00e1s recientes en el campo de la veterinaria, garantizando as\u00ed una atenci\u00f3n de alta calidad para sus pacientes y sus due\u00f1os<\/p><\/div>\n\t\t\t\t<\/div>\n\t\t\t\t\t\t\t\t<\/div>\n\t\t\t\t\t\t<\/div>\n\t\t\t\t<\/div>\n\t\t\t\t\t<\/div>\n\t\t<\/div>\n\t\t\t\t<div class=\"elementor-column elementor-col-25 elementor-inner-column elementor-element elementor-element-d5ec886\" data-id=\"d5ec886\" data-element_type=\"column\" data-e-type=\"column\">\n\t\t\t<div class=\"elementor-widget-wrap elementor-element-populated\">\n\t\t\t\t\t\t<div class=\"elementor-element elementor-element-4b8ca33 elementor-widget elementor-widget-team_box\" data-id=\"4b8ca33\" data-element_type=\"widget\" data-e-type=\"widget\" data-widget_type=\"team_box.default\">\n\t\t\t\t<div class=\"elementor-widget-container\">\n\t\t\t\t\t            <div class=\"team-holder section-team fl-wrap\">\n                <div class=\"team-box-image\">\n                    <div class=\"team-photo\">\n                        <img decoding=\"async\" src=\"https:\/\/www.unavets.com\/lahuella\/wp-content\/uploads\/sites\/36\/2023\/08\/4-1.png\" class=\"respimg\">                                    \n                    <\/div>\n                    <div class=\"team-info\">\n                        <h3><a href=\"\">Sara Cabo Ruiz<\/a><\/h3><h4>Veterinaria<\/h4>Sara es veterinaria graduada por la Universidad Ceu Cardenal Herrera en el per\u00edodo 2013-2018. Ha continuado su formaci\u00f3n con especializaciones destacadas, incluyendo un Posgrado en Cirug\u00eda de Tejidos Blandos en la Universidad Valencia Ceu y otro Posgrado en Endoscopia y Endocirug\u00eda por Improve International.                    <\/div>\n                <\/div>\n            <\/div>\n        \t\t\t\t<\/div>\n\t\t\t\t<\/div>\n\t\t\t\t<div class=\"elementor-element elementor-element-af24106 readmoretoggle elementor-widget elementor-widget-toggle\" data-id=\"af24106\" data-element_type=\"widget\" data-e-type=\"widget\" data-widget_type=\"toggle.default\">\n\t\t\t\t<div class=\"elementor-widget-container\">\n\t\t\t\t\t\t\t<div class=\"elementor-toggle\">\n\t\t\t\t\t\t\t<div class=\"elementor-toggle-item\">\n\t\t\t\t\t<div id=\"elementor-tab-title-1831\" class=\"elementor-tab-title\" data-tab=\"1\" role=\"button\" aria-controls=\"elementor-tab-content-1831\" aria-expanded=\"false\">\n\t\t\t\t\t\t\t\t\t\t\t\t<a class=\"elementor-toggle-title\" tabindex=\"0\">Leer m\u00e1s<\/a>\n\t\t\t\t\t<\/div>\n\n\t\t\t\t\t<div id=\"elementor-tab-content-1831\" class=\"elementor-tab-content elementor-clearfix\" data-tab=\"1\" role=\"region\" aria-labelledby=\"elementor-tab-title-1831\"><p>Siente una gran pasi\u00f3n por la Medicina Interna y su mayor motivaci\u00f3n es brindar la mejor atenci\u00f3n posible a sus pacientes y a sus cuidadores. Con un enfoque en la medicina interna, Sara ha encontrado en la endoscopia y la m\u00ednima invasi\u00f3n un valioso apoyo para un diagn\u00f3stico m\u00e1s preciso y efectivo. Este compromiso con la excelencia y la mejora continua la lleva a mantenerse en constante formaci\u00f3n y actualizaci\u00f3n, asegur\u00e1ndose de proporcionar el m\u00e1s alto nivel de atenci\u00f3n m\u00e9dica a sus pacientes.<\/p><\/div>\n\t\t\t\t<\/div>\n\t\t\t\t\t\t\t\t<\/div>\n\t\t\t\t\t\t<\/div>\n\t\t\t\t<\/div>\n\t\t\t\t\t<\/div>\n\t\t<\/div>\n\t\t\t\t<div class=\"elementor-column elementor-col-25 elementor-inner-column elementor-element elementor-element-a7f98a5\" data-id=\"a7f98a5\" data-element_type=\"column\" data-e-type=\"column\">\n\t\t\t<div class=\"elementor-widget-wrap elementor-element-populated\">\n\t\t\t\t\t\t<div class=\"elementor-element elementor-element-986cff4 elementor-widget elementor-widget-team_box\" data-id=\"986cff4\" data-element_type=\"widget\" data-e-type=\"widget\" data-widget_type=\"team_box.default\">\n\t\t\t\t<div class=\"elementor-widget-container\">\n\t\t\t\t\t            <div class=\"team-holder section-team fl-wrap\">\n                <div class=\"team-box-image\">\n                    <div class=\"team-photo\">\n                        <img decoding=\"async\" src=\"https:\/\/www.unavets.com\/lahuella\/wp-content\/uploads\/sites\/36\/2025\/03\/Ignacio-Cervera-scaled.jpg\" class=\"respimg\">                                    \n                    <\/div>\n                    <div class=\"team-info\">\n                        <h3><a href=\"\">Juan Salvador Rodr\u00edguez<\/a><\/h3><h4>Veterinario<\/h4>Amante de los animales y la naturaleza. Se licenci\u00f3 en medicina veterinaria en el a\u00f1o 2016. Despu\u00e9s, se especializ\u00f3 en el m\u00e1ster de medicina interna y cirug\u00eda animal de peque\u00f1os animales. Ha realizado m\u00faltiples cursos de ecograf\u00eda, diagn\u00f3stico laboratorial, dermatolog\u00eda y otros que le permiten actualizar permanentemente sus conocimientos.                     <\/div>\n                <\/div>\n            <\/div>\n        \t\t\t\t<\/div>\n\t\t\t\t<\/div>\n\t\t\t\t<div class=\"elementor-element elementor-element-3ac6620 readmoretoggle elementor-widget elementor-widget-toggle\" data-id=\"3ac6620\" data-element_type=\"widget\" data-e-type=\"widget\" data-widget_type=\"toggle.default\">\n\t\t\t\t<div class=\"elementor-widget-container\">\n\t\t\t\t\t\t\t<div class=\"elementor-toggle\">\n\t\t\t\t\t\t\t<div class=\"elementor-toggle-item\">\n\t\t\t\t\t<div id=\"elementor-tab-title-6161\" class=\"elementor-tab-title\" data-tab=\"1\" role=\"button\" aria-controls=\"elementor-tab-content-6161\" aria-expanded=\"false\">\n\t\t\t\t\t\t\t\t\t\t\t\t<a class=\"elementor-toggle-title\" tabindex=\"0\">Leer m\u00e1s<\/a>\n\t\t\t\t\t<\/div>\n\n\t\t\t\t\t<div id=\"elementor-tab-content-6161\" class=\"elementor-tab-content elementor-clearfix\" data-tab=\"1\" role=\"region\" aria-labelledby=\"elementor-tab-title-6161\"><p>Desde entonces, ha trabajado como veterinario generalista, implic\u00e1ndose con sus pacientes y sus cuidadores. Actualmente, est\u00e1 cursando el curso de cirug\u00eda y traumatolog\u00eda en Unavets, un m\u00e1ster de ecograf\u00eda abdominal y ecocardiograf\u00eda, y form\u00e1ndose en cirug\u00eda laparosc\u00f3pica.<\/p><\/div>\n\t\t\t\t<\/div>\n\t\t\t\t\t\t\t\t<\/div>\n\t\t\t\t\t\t<\/div>\n\t\t\t\t<\/div>\n\t\t\t\t\t<\/div>\n\t\t<\/div>\n\t\t\t\t<div class=\"elementor-column elementor-col-25 elementor-inner-column elementor-element elementor-element-a7ef87d nodata_bor\" data-id=\"a7ef87d\" data-element_type=\"column\" data-e-type=\"column\">\n\t\t\t<div class=\"elementor-widget-wrap\">\n\t\t\t\t\t\t\t<\/div>\n\t\t<\/div>\n\t\t\t\t\t<\/div>\n\t\t<\/section>\n\t\t\t\t\t<\/div>\n\t\t<\/div>\n\t\t\t\t\t<\/div>\n\t\t<\/section>\n\t\t\t\t<section class=\"elementor-section elementor-top-section elementor-element elementor-element-bd3ff8b team-member elementor-section-boxed elementor-section-height-default elementor-section-height-default\" data-id=\"bd3ff8b\" data-element_type=\"section\" data-e-type=\"section\">\n\t\t\t\t\t\t<div class=\"elementor-container elementor-column-gap-default\">\n\t\t\t\t\t<div class=\"elementor-column elementor-col-100 elementor-top-column elementor-element elementor-element-bf13140\" data-id=\"bf13140\" data-element_type=\"column\" data-e-type=\"column\">\n\t\t\t<div class=\"elementor-widget-wrap elementor-element-populated\">\n\t\t\t\t\t\t<div class=\"elementor-element elementor-element-a256994 elementor-hidden-tablet elementor-hidden-phone elementor-widget elementor-widget-section_titleleft\" data-id=\"a256994\" data-element_type=\"widget\" data-e-type=\"widget\" data-widget_type=\"section_titleleft.default\">\n\t\t\t\t<div class=\"elementor-widget-container\">\n\t\t\t\t\t        <div class=\"ab_text-title fl-wrap\">\n            <h3>T\u00e9cnicos y Auxiliares<\/h3><span class=\"section-separator fl-sec-sep\"><\/span>        <\/div>\n        \t\t\t\t<\/div>\n\t\t\t\t<\/div>\n\t\t\t\t<section class=\"elementor-section elementor-inner-section elementor-element elementor-element-01e2190 elementor-section-boxed elementor-section-height-default elementor-section-height-default\" data-id=\"01e2190\" data-element_type=\"section\" data-e-type=\"section\">\n\t\t\t\t\t\t<div class=\"elementor-container elementor-column-gap-default\">\n\t\t\t\t\t<div class=\"elementor-column elementor-col-25 elementor-inner-column elementor-element elementor-element-5740b6d\" data-id=\"5740b6d\" data-element_type=\"column\" data-e-type=\"column\">\n\t\t\t<div class=\"elementor-widget-wrap elementor-element-populated\">\n\t\t\t\t\t\t<div class=\"elementor-element elementor-element-d662d10 elementor-widget elementor-widget-team_box\" data-id=\"d662d10\" data-element_type=\"widget\" data-e-type=\"widget\" data-widget_type=\"team_box.default\">\n\t\t\t\t<div class=\"elementor-widget-container\">\n\t\t\t\t\t            <div class=\"team-holder section-team fl-wrap\">\n                <div class=\"team-box-image\">\n                    <div class=\"team-photo\">\n                        <img decoding=\"async\" src=\"https:\/\/www.unavets.com\/lahuella\/wp-content\/uploads\/sites\/36\/2023\/08\/2-1.png\" class=\"respimg\">                                    \n                    <\/div>\n                    <div class=\"team-info\">\n                        <h3><a href=\"\">Carmen Pe\u00f1a Mu\u00f1oz<\/a><\/h3><h4>Auxiliar Veterinaria <\/h4>Con una trayectoria de 16 a\u00f1os colaborando con protectoras de animales como peluquera y auxiliar, Carmen ha demostrado su dedicaci\u00f3n hacia el bienestar de los animales.                    <\/div>\n                <\/div>\n            <\/div>\n        \t\t\t\t<\/div>\n\t\t\t\t<\/div>\n\t\t\t\t<div class=\"elementor-element elementor-element-545d096 readmoretoggle elementor-widget elementor-widget-toggle\" data-id=\"545d096\" data-element_type=\"widget\" data-e-type=\"widget\" data-widget_type=\"toggle.default\">\n\t\t\t\t<div class=\"elementor-widget-container\">\n\t\t\t\t\t\t\t<div class=\"elementor-toggle\">\n\t\t\t\t\t\t\t<div class=\"elementor-toggle-item\">\n\t\t\t\t\t<div id=\"elementor-tab-title-8841\" class=\"elementor-tab-title\" data-tab=\"1\" role=\"button\" aria-controls=\"elementor-tab-content-8841\" aria-expanded=\"false\">\n\t\t\t\t\t\t\t\t\t\t\t\t<a class=\"elementor-toggle-title\" tabindex=\"0\">Leer m\u00e1s<\/a>\n\t\t\t\t\t<\/div>\n\n\t\t\t\t\t<div id=\"elementor-tab-content-8841\" class=\"elementor-tab-content elementor-clearfix\" data-tab=\"1\" role=\"region\" aria-labelledby=\"elementor-tab-title-8841\"><p>\u00a0Durante los \u00faltimos 15 a\u00f1os, ha trabajado con entusiasmo en la Cl\u00ednica Veterinaria la Huella, desempe\u00f1\u00e1ndose como peluquera canina y auxiliar.<\/p><p>Su afortunada participaci\u00f3n en este equipo le ha permitido colaborar en diversas \u00e1reas, como consulta, laboratorio, hospitalizaci\u00f3n y recepci\u00f3n. Siempre comprometida con sus compa\u00f1eros, Mar\u00eda del Carmen se esfuerza por brindar lo mejor de s\u00ed misma a los pacientes y propietarios que conf\u00edan en la cl\u00ednica para el cuidado de sus mascotas. Su pasi\u00f3n por los animales y su dedicaci\u00f3n hacia su trabajo hacen que Carmen sea una pieza valiosa en el equipo veterinario.<\/p><\/div>\n\t\t\t\t<\/div>\n\t\t\t\t\t\t\t\t<\/div>\n\t\t\t\t\t\t<\/div>\n\t\t\t\t<\/div>\n\t\t\t\t\t<\/div>\n\t\t<\/div>\n\t\t\t\t<div class=\"elementor-column elementor-col-25 elementor-inner-column elementor-element elementor-element-c54a889\" data-id=\"c54a889\" data-element_type=\"column\" data-e-type=\"column\">\n\t\t\t<div class=\"elementor-widget-wrap elementor-element-populated\">\n\t\t\t\t\t\t<div class=\"elementor-element elementor-element-6baedfe elementor-widget elementor-widget-team_box\" data-id=\"6baedfe\" data-element_type=\"widget\" data-e-type=\"widget\" data-widget_type=\"team_box.default\">\n\t\t\t\t<div class=\"elementor-widget-container\">\n\t\t\t\t\t            <div class=\"team-holder section-team fl-wrap\">\n                <div class=\"team-box-image\">\n                    <div class=\"team-photo\">\n                        <img decoding=\"async\" src=\"https:\/\/www.unavets.com\/lahuella\/wp-content\/uploads\/sites\/36\/2023\/08\/6-1.png\" class=\"respimg\">                                    \n                    <\/div>\n                    <div class=\"team-info\">\n                        <h3><a href=\"\">Beatriz Vallecillo Narv\u00e1ez <\/a><\/h3><h4>Auxiliar Veterinaria <\/h4>Beatriz es una talentosa Auxiliar Veterinaria con una responsabilidad especial en el \u00e1rea de recepci\u00f3n. Su pasi\u00f3n por la hospitalizaci\u00f3n y el cuidado de los animales es evidente en cada aspecto de su trabajo.                    <\/div>\n                <\/div>\n            <\/div>\n        \t\t\t\t<\/div>\n\t\t\t\t<\/div>\n\t\t\t\t<div class=\"elementor-element elementor-element-e722f1f readmoretoggle elementor-widget elementor-widget-toggle\" data-id=\"e722f1f\" data-element_type=\"widget\" data-e-type=\"widget\" data-widget_type=\"toggle.default\">\n\t\t\t\t<div class=\"elementor-widget-container\">\n\t\t\t\t\t\t\t<div class=\"elementor-toggle\">\n\t\t\t\t\t\t\t<div class=\"elementor-toggle-item\">\n\t\t\t\t\t<div id=\"elementor-tab-title-2421\" class=\"elementor-tab-title\" data-tab=\"1\" role=\"button\" aria-controls=\"elementor-tab-content-2421\" aria-expanded=\"false\">\n\t\t\t\t\t\t\t\t\t\t\t\t<a class=\"elementor-toggle-title\" tabindex=\"0\">Leer m\u00e1s<\/a>\n\t\t\t\t\t<\/div>\n\n\t\t\t\t\t<div id=\"elementor-tab-content-2421\" class=\"elementor-tab-content elementor-clearfix\" data-tab=\"1\" role=\"region\" aria-labelledby=\"elementor-tab-title-2421\"><p>El amor&nbsp; que siente hacia los animales es lo que le impulsa a disfrutar de su profesi\u00f3n y a encontrar una motivaci\u00f3n constante para seguir form\u00e1ndose y mejorando en su campo.<\/p>\n<p>Beatriz se asegura de recibir a los pacientes y sus due\u00f1os con amabilidad y atenci\u00f3n, proporcionando un ambiente c\u00e1lido y acogedor en la cl\u00ednica.&nbsp;<\/p><\/div>\n\t\t\t\t<\/div>\n\t\t\t\t\t\t\t\t<\/div>\n\t\t\t\t\t\t<\/div>\n\t\t\t\t<\/div>\n\t\t\t\t\t<\/div>\n\t\t<\/div>\n\t\t\t\t<div class=\"elementor-column elementor-col-25 elementor-inner-column elementor-element elementor-element-d438f04 nodata_bor\" data-id=\"d438f04\" data-element_type=\"column\" data-e-type=\"column\">\n\t\t\t<div class=\"elementor-widget-wrap\">\n\t\t\t\t\t\t\t<\/div>\n\t\t<\/div>\n\t\t\t\t<div class=\"elementor-column elementor-col-25 elementor-inner-column elementor-element elementor-element-c98919d nodata_bor\" data-id=\"c98919d\" data-element_type=\"column\" data-e-type=\"column\">\n\t\t\t<div class=\"elementor-widget-wrap\">\n\t\t\t\t\t\t\t<\/div>\n\t\t<\/div>\n\t\t\t\t\t<\/div>\n\t\t<\/section>\n\t\t\t\t\t<\/div>\n\t\t<\/div>\n\t\t\t\t\t<\/div>\n\t\t<\/section>\n\t\t\t\t<\/div>\n\t\t","protected":false},"excerpt":{"rendered":"<p>Los due\u00f1os de mascotas conf\u00edan en nosotros para atender las necesidades de sus queridos compa\u00f1eros. Somos especialistas comprometidos a brindar el m\u00e1s alto nivel de atenci\u00f3n veterinaria y afecto Veterinarios Mar\u00eda Gracia Su\u00e1rez Estrugo Directora Veterinaria M\u00aa Gracia es veterinaria comprometida, siempre desempe\u00f1ando su labor con el t\u00edtulo de &#8220;veterinario de familia&#8221;. Su enfoque se &hellip; <\/p>\n","protected":false},"author":1,"featured_media":0,"parent":0,"menu_order":0,"comment_status":"closed","ping_status":"closed","template":"page-fullwidth.php","meta":{"_acf_changed":false,"content-type":"","footnotes":""},"class_list":["post-13550","page","type-page","status-publish","hentry"],"acf":[],"_links":{"self":[{"href":"https:\/\/www.unavets.com\/lahuella\/es\/wp-json\/wp\/v2\/pages\/13550","targetHints":{"allow":["GET"]}}],"collection":[{"href":"https:\/\/www.unavets.com\/lahuella\/es\/wp-json\/wp\/v2\/pages"}],"about":[{"href":"https:\/\/www.unavets.com\/lahuella\/es\/wp-json\/wp\/v2\/types\/page"}],"author":[{"embeddable":true,"href":"https:\/\/www.unavets.com\/lahuella\/es\/wp-json\/wp\/v2\/users\/1"}],"replies":[{"embeddable":true,"href":"https:\/\/www.unavets.com\/lahuella\/es\/wp-json\/wp\/v2\/comments?post=13550"}],"version-history":[{"count":9,"href":"https:\/\/www.unavets.com\/lahuella\/es\/wp-json\/wp\/v2\/pages\/13550\/revisions"}],"predecessor-version":[{"id":21152,"href":"https:\/\/www.unavets.com\/lahuella\/es\/wp-json\/wp\/v2\/pages\/13550\/revisions\/21152"}],"wp:attachment":[{"href":"https:\/\/www.unavets.com\/lahuella\/es\/wp-json\/wp\/v2\/media?parent=13550"}],"curies":[{"name":"wp","href":"https:\/\/api.w.org\/{rel}","templated":true}]}}