{"id":12997,"date":"2021-01-04T08:19:34","date_gmt":"2021-01-04T08:19:34","guid":{"rendered":"http:\/\/www.unavets.com\/lahuella\/?page_id=12997"},"modified":"2024-11-13T17:10:24","modified_gmt":"2024-11-13T17:10:24","slug":"quienes-somos","status":"publish","type":"page","link":"https:\/\/www.unavets.com\/lahuella\/es\/quienes-somos\/","title":{"rendered":"Qui\u00e9nes Somos"},"content":{"rendered":"\t\t<div data-elementor-type=\"wp-page\" data-elementor-id=\"12997\" class=\"elementor elementor-12997 elementor-268\" data-elementor-post-type=\"page\">\n\t\t\t\t\t\t<section class=\"elementor-section elementor-top-section elementor-element elementor-element-54cf215 pad-top-0 elementor-section-boxed elementor-section-height-default elementor-section-height-default\" data-id=\"54cf215\" data-element_type=\"section\" data-e-type=\"section\" id=\"main-sec\" data-settings=\"{&quot;background_background&quot;:&quot;classic&quot;}\">\n\t\t\t\t\t\t<div class=\"elementor-container elementor-column-gap-default\">\n\t\t\t\t\t<div class=\"elementor-column elementor-col-100 elementor-top-column elementor-element elementor-element-d926441\" data-id=\"d926441\" data-element_type=\"column\" data-e-type=\"column\">\n\t\t\t<div class=\"elementor-widget-wrap elementor-element-populated\">\n\t\t\t\t\t\t<div class=\"elementor-element elementor-element-9725bcd elementor-widget elementor-widget-section_titleleft\" data-id=\"9725bcd\" data-element_type=\"widget\" data-e-type=\"widget\" data-widget_type=\"section_titleleft.default\">\n\t\t\t\t<div class=\"elementor-widget-container\">\n\t\t\t\t\t        <div class=\"ab_text-title fl-wrap\">\n            <h3>Centro Veterinario en Algeciras<\/h3>Veterinarios especialistas en peque\u00f1os animales y ex\u00f3ticos<span class=\"section-separator fl-sec-sep\"><\/span>        <\/div>\n        \t\t\t\t<\/div>\n\t\t\t\t<\/div>\n\t\t\t\t<section class=\"elementor-section elementor-inner-section elementor-element elementor-element-35814f4 elementor-section-full_width elementor-section-height-default elementor-section-height-default\" data-id=\"35814f4\" data-element_type=\"section\" data-e-type=\"section\">\n\t\t\t\t\t\t<div class=\"elementor-container elementor-column-gap-wide\">\n\t\t\t\t\t<div class=\"elementor-column elementor-col-50 elementor-inner-column elementor-element elementor-element-7fa3f34\" data-id=\"7fa3f34\" data-element_type=\"column\" data-e-type=\"column\">\n\t\t\t<div class=\"elementor-widget-wrap elementor-element-populated\">\n\t\t\t\t\t\t<div class=\"elementor-element elementor-element-9e79898 elementor-widget elementor-widget-image\" data-id=\"9e79898\" data-element_type=\"widget\" data-e-type=\"widget\" data-widget_type=\"image.default\">\n\t\t\t\t<div class=\"elementor-widget-container\">\n\t\t\t\t\t\t\t\t\t\t\t\t\t\t\t<img fetchpriority=\"high\" width=\"712\" height=\"524\" class=\"attachment-townhub-single-image size-townhub-single-image wp-image-20208 lazy\" alt=\"\" data-src=\"https:\/\/www.unavets.com\/lahuella\/wp-content\/uploads\/sites\/36\/2023\/08\/Quienes-somos-clinica-veterinaria-la-huella-algeciras5-712x524.jpg\" data-lazy=\"https:\/\/www.unavets.com\/lahuella\/wp-content\/uploads\/sites\/36\/2023\/08\/Quienes-somos-clinica-veterinaria-la-huella-algeciras5-712x524.jpg\" \/>\t\t\t\t\t\t\t\t\t\t\t\t\t\t\t<\/div>\n\t\t\t\t<\/div>\n\t\t\t\t\t<\/div>\n\t\t<\/div>\n\t\t\t\t<div class=\"elementor-column elementor-col-50 elementor-inner-column elementor-element elementor-element-202374d\" data-id=\"202374d\" data-element_type=\"column\" data-e-type=\"column\">\n\t\t\t<div class=\"elementor-widget-wrap elementor-element-populated\">\n\t\t\t\t\t\t<div class=\"elementor-element elementor-element-3b393ce about-wrap elementor-widget elementor-widget-text-editor\" data-id=\"3b393ce\" data-element_type=\"widget\" data-e-type=\"widget\" data-widget_type=\"text-editor.default\">\n\t\t\t\t<div class=\"elementor-widget-container\">\n\t\t\t\t\t\t\t\t\t<p>La cl\u00ednica veterinaria<b> La Huella abri\u00f3 sus puertas en Algeciras en el a\u00f1o 2000.<\/b> Nos ubicamos en Algeciras, en la zona conocida coloquialmente como La Cuesta del Rayo.<b> El equipo estuvo compuesto en principio por su fundadora, Mar\u00eda Gracia Su\u00e1rez<\/b>, y poco a poco se fueron uniendo al equipo m\u00e1s miembros.<\/p>\n<p>Hoy en d\u00eda somos<b> tres veterinarios y dos auxiliares<\/b>. Nos caracterizamos por nuestra gran empat\u00eda y dedicaci\u00f3n, adem\u00e1s de contar con <b>tecnolog\u00eda de \u00faltima generaci\u00f3n para realizar nuestro trabajo<\/b>, como el servicio de endoscopia, que es lo \u00faltimo que ha llegado a la cl\u00ednica y del cual nos sentimos muy orgullosos.<\/p>\n<p>Abrimos de lunes a s\u00e1bado y estamos <b>siempre en contacto con nuestros pacientes en el servicio de urgencia 24 horas los 365 d\u00edas del a\u00f1o<\/b>, donde los mismos veterinarios que nos conocen desde siempre ser\u00e1n quienes os atiendan en un momento delicado.<\/p>\t\t\t\t\t\t\t\t<\/div>\n\t\t\t\t<\/div>\n\t\t\t\t\t<\/div>\n\t\t<\/div>\n\t\t\t\t\t<\/div>\n\t\t<\/section>\n\t\t\t\t<section class=\"elementor-section elementor-inner-section elementor-element elementor-element-31d68ae elementor-section-boxed elementor-section-height-default elementor-section-height-default\" data-id=\"31d68ae\" data-element_type=\"section\" data-e-type=\"section\">\n\t\t\t\t\t\t<div class=\"elementor-container elementor-column-gap-default\">\n\t\t\t\t\t<div class=\"elementor-column elementor-col-50 elementor-inner-column elementor-element elementor-element-8ddd41b\" data-id=\"8ddd41b\" data-element_type=\"column\" data-e-type=\"column\">\n\t\t\t<div class=\"elementor-widget-wrap elementor-element-populated\">\n\t\t\t\t\t\t<div class=\"elementor-element elementor-element-c87b63e elementor-align-center elementor-widget elementor-widget-button\" data-id=\"c87b63e\" data-element_type=\"widget\" data-e-type=\"widget\" data-widget_type=\"button.default\">\n\t\t\t\t<div class=\"elementor-widget-container\">\n\t\t\t\t\t\t\t\t\t<div class=\"elementor-button-wrapper\">\n\t\t\t\t\t<a class=\"elementor-button elementor-button-link elementor-size-sm\" href=\"\/lahuella\/es\/instalaciones\/\">\n\t\t\t\t\t\t<span class=\"elementor-button-content-wrapper\">\n\t\t\t\t\t\t\t\t\t<span class=\"elementor-button-text\">Instalaciones<\/span>\n\t\t\t\t\t<\/span>\n\t\t\t\t\t<\/a>\n\t\t\t\t<\/div>\n\t\t\t\t\t\t\t\t<\/div>\n\t\t\t\t<\/div>\n\t\t\t\t\t<\/div>\n\t\t<\/div>\n\t\t\t\t<div class=\"elementor-column elementor-col-50 elementor-inner-column elementor-element elementor-element-d044a7e\" data-id=\"d044a7e\" data-element_type=\"column\" data-e-type=\"column\">\n\t\t\t<div class=\"elementor-widget-wrap elementor-element-populated\">\n\t\t\t\t\t\t<div class=\"elementor-element elementor-element-75ee515 elementor-align-center elementor-widget elementor-widget-button\" data-id=\"75ee515\" data-element_type=\"widget\" data-e-type=\"widget\" data-widget_type=\"button.default\">\n\t\t\t\t<div class=\"elementor-widget-container\">\n\t\t\t\t\t\t\t\t\t<div class=\"elementor-button-wrapper\">\n\t\t\t\t\t<a class=\"elementor-button elementor-button-link elementor-size-sm\" href=\"\/lahuella\/es\/nuestro-equipo\/\">\n\t\t\t\t\t\t<span class=\"elementor-button-content-wrapper\">\n\t\t\t\t\t\t\t\t\t<span class=\"elementor-button-text\">Equipo<\/span>\n\t\t\t\t\t<\/span>\n\t\t\t\t\t<\/a>\n\t\t\t\t<\/div>\n\t\t\t\t\t\t\t\t<\/div>\n\t\t\t\t<\/div>\n\t\t\t\t\t<\/div>\n\t\t<\/div>\n\t\t\t\t\t<\/div>\n\t\t<\/section>\n\t\t\t\t\t<\/div>\n\t\t<\/div>\n\t\t\t\t\t<\/div>\n\t\t<\/section>\n\t\t\t\t<section class=\"elementor-section elementor-top-section elementor-element elementor-element-38295de elementor-section-boxed elementor-section-height-default elementor-section-height-default\" data-id=\"38295de\" data-element_type=\"section\" data-e-type=\"section\">\n\t\t\t\t\t\t<div class=\"elementor-container elementor-column-gap-default\">\n\t\t\t\t\t<div class=\"elementor-column elementor-col-100 elementor-top-column elementor-element elementor-element-c3d38f1\" data-id=\"c3d38f1\" data-element_type=\"column\" data-e-type=\"column\">\n\t\t\t<div class=\"elementor-widget-wrap elementor-element-populated\">\n\t\t\t\t\t\t<div class=\"elementor-element elementor-element-233379b elementor-widget elementor-widget-gallery\" data-id=\"233379b\" data-element_type=\"widget\" data-e-type=\"widget\" data-settings=\"{&quot;columns&quot;:&quot;3&quot;,&quot;aspect_ratio&quot;:&quot;1:1&quot;,&quot;lazyload&quot;:&quot;yes&quot;,&quot;gallery_layout&quot;:&quot;grid&quot;,&quot;columns_tablet&quot;:2,&quot;columns_mobile&quot;:1,&quot;gap&quot;:{&quot;unit&quot;:&quot;px&quot;,&quot;size&quot;:10,&quot;sizes&quot;:[]},&quot;gap_tablet&quot;:{&quot;unit&quot;:&quot;px&quot;,&quot;size&quot;:10,&quot;sizes&quot;:[]},&quot;gap_mobile&quot;:{&quot;unit&quot;:&quot;px&quot;,&quot;size&quot;:10,&quot;sizes&quot;:[]},&quot;link_to&quot;:&quot;file&quot;,&quot;overlay_background&quot;:&quot;yes&quot;,&quot;content_hover_animation&quot;:&quot;fade-in&quot;}\" data-widget_type=\"gallery.default\">\n\t\t\t\t<div class=\"elementor-widget-container\">\n\t\t\t\t\t\t\t<div class=\"elementor-gallery__container\">\n\t\t\t\t\t\t\t<a class=\"e-gallery-item elementor-gallery-item elementor-animated-content\" href=\"https:\/\/www.unavets.com\/lahuella\/wp-content\/uploads\/sites\/36\/2023\/08\/MKG4661.jpg\" data-elementor-open-lightbox=\"yes\" data-elementor-lightbox-slideshow=\"233379b\" data-elementor-lightbox-title=\"_MKG4661\" data-e-action-hash=\"#elementor-action%3Aaction%3Dlightbox%26settings%3DeyJpZCI6MjAxOTksInVybCI6Imh0dHBzOlwvXC93d3cudW5hdmV0cy5jb21cL2xhaHVlbGxhXC93cC1jb250ZW50XC91cGxvYWRzXC9zaXRlc1wvMzZcLzIwMjNcLzA4XC9NS0c0NjYxLmpwZyIsInNsaWRlc2hvdyI6IjIzMzM3OWIifQ%3D%3D\">\n\t\t\t\t\t<div class=\"e-gallery-image elementor-gallery-item__image\" data-thumbnail=\"https:\/\/www.unavets.com\/lahuella\/wp-content\/uploads\/sites\/36\/2023\/08\/MKG4661-683x1024.jpg\" data-width=\"683\" data-height=\"1024\" aria-label=\"\" role=\"img\" ><\/div>\n\t\t\t\t\t\t\t\t\t\t\t<div class=\"elementor-gallery-item__overlay\"><\/div>\n\t\t\t\t\t\t\t\t\t\t\t\t\t\t<\/a>\n\t\t\t\t\t\t\t<a class=\"e-gallery-item elementor-gallery-item elementor-animated-content\" href=\"https:\/\/www.unavets.com\/lahuella\/wp-content\/uploads\/sites\/36\/2023\/08\/Quienes-somos-clinica-veterinaria-la-huella-algeciras.jpg\" data-elementor-open-lightbox=\"yes\" data-elementor-lightbox-slideshow=\"233379b\" data-elementor-lightbox-title=\"Quienes somos clinica veterinaria la huella algeciras\" data-e-action-hash=\"#elementor-action%3Aaction%3Dlightbox%26settings%3DeyJpZCI6MjAyMDEsInVybCI6Imh0dHBzOlwvXC93d3cudW5hdmV0cy5jb21cL2xhaHVlbGxhXC93cC1jb250ZW50XC91cGxvYWRzXC9zaXRlc1wvMzZcLzIwMjNcLzA4XC9RdWllbmVzLXNvbW9zLWNsaW5pY2EtdmV0ZXJpbmFyaWEtbGEtaHVlbGxhLWFsZ2VjaXJhcy5qcGciLCJzbGlkZXNob3ciOiIyMzMzNzliIn0%3D\">\n\t\t\t\t\t<div class=\"e-gallery-image elementor-gallery-item__image\" data-thumbnail=\"https:\/\/www.unavets.com\/lahuella\/wp-content\/uploads\/sites\/36\/2023\/08\/Quienes-somos-clinica-veterinaria-la-huella-algeciras.jpg\" data-width=\"600\" data-height=\"400\" aria-label=\"\" role=\"img\" ><\/div>\n\t\t\t\t\t\t\t\t\t\t\t<div class=\"elementor-gallery-item__overlay\"><\/div>\n\t\t\t\t\t\t\t\t\t\t\t\t\t\t<\/a>\n\t\t\t\t\t\t\t<a class=\"e-gallery-item elementor-gallery-item elementor-animated-content\" href=\"https:\/\/www.unavets.com\/lahuella\/wp-content\/uploads\/sites\/36\/2023\/08\/Quienes-somos-clinica-veterinaria-la-huella-algeciras2.jpg\" data-elementor-open-lightbox=\"yes\" data-elementor-lightbox-slideshow=\"233379b\" data-elementor-lightbox-title=\"Quienes somos clinica veterinaria la huella algeciras2\" data-e-action-hash=\"#elementor-action%3Aaction%3Dlightbox%26settings%3DeyJpZCI6MjAyMDMsInVybCI6Imh0dHBzOlwvXC93d3cudW5hdmV0cy5jb21cL2xhaHVlbGxhXC93cC1jb250ZW50XC91cGxvYWRzXC9zaXRlc1wvMzZcLzIwMjNcLzA4XC9RdWllbmVzLXNvbW9zLWNsaW5pY2EtdmV0ZXJpbmFyaWEtbGEtaHVlbGxhLWFsZ2VjaXJhczIuanBnIiwic2xpZGVzaG93IjoiMjMzMzc5YiJ9\">\n\t\t\t\t\t<div class=\"e-gallery-image elementor-gallery-item__image\" data-thumbnail=\"https:\/\/www.unavets.com\/lahuella\/wp-content\/uploads\/sites\/36\/2023\/08\/Quienes-somos-clinica-veterinaria-la-huella-algeciras2-683x1024.jpg\" data-width=\"683\" data-height=\"1024\" aria-label=\"\" role=\"img\" ><\/div>\n\t\t\t\t\t\t\t\t\t\t\t<div class=\"elementor-gallery-item__overlay\"><\/div>\n\t\t\t\t\t\t\t\t\t\t\t\t\t\t<\/a>\n\t\t\t\t\t\t\t<a class=\"e-gallery-item elementor-gallery-item elementor-animated-content\" href=\"https:\/\/www.unavets.com\/lahuella\/wp-content\/uploads\/sites\/36\/2023\/08\/Quienes-somos-clinica-veterinaria-la-huella-algeciras3.jpg\" data-elementor-open-lightbox=\"yes\" data-elementor-lightbox-slideshow=\"233379b\" data-elementor-lightbox-title=\"Quienes somos clinica veterinaria la huella algeciras3\" data-e-action-hash=\"#elementor-action%3Aaction%3Dlightbox%26settings%3DeyJpZCI6MjAyMDUsInVybCI6Imh0dHBzOlwvXC93d3cudW5hdmV0cy5jb21cL2xhaHVlbGxhXC93cC1jb250ZW50XC91cGxvYWRzXC9zaXRlc1wvMzZcLzIwMjNcLzA4XC9RdWllbmVzLXNvbW9zLWNsaW5pY2EtdmV0ZXJpbmFyaWEtbGEtaHVlbGxhLWFsZ2VjaXJhczMuanBnIiwic2xpZGVzaG93IjoiMjMzMzc5YiJ9\">\n\t\t\t\t\t<div class=\"e-gallery-image elementor-gallery-item__image\" data-thumbnail=\"https:\/\/www.unavets.com\/lahuella\/wp-content\/uploads\/sites\/36\/2023\/08\/Quienes-somos-clinica-veterinaria-la-huella-algeciras3-683x1024.jpg\" data-width=\"683\" data-height=\"1024\" aria-label=\"\" role=\"img\" ><\/div>\n\t\t\t\t\t\t\t\t\t\t\t<div class=\"elementor-gallery-item__overlay\"><\/div>\n\t\t\t\t\t\t\t\t\t\t\t\t\t\t<\/a>\n\t\t\t\t\t\t\t<a class=\"e-gallery-item elementor-gallery-item elementor-animated-content\" href=\"https:\/\/www.unavets.com\/lahuella\/wp-content\/uploads\/sites\/36\/2023\/08\/Quienes-somos-clinica-veterinaria-la-huella-algeciras4.jpg\" data-elementor-open-lightbox=\"yes\" data-elementor-lightbox-slideshow=\"233379b\" data-elementor-lightbox-title=\"Quienes somos clinica veterinaria la huella algeciras4\" data-e-action-hash=\"#elementor-action%3Aaction%3Dlightbox%26settings%3DeyJpZCI6MjAyMDcsInVybCI6Imh0dHBzOlwvXC93d3cudW5hdmV0cy5jb21cL2xhaHVlbGxhXC93cC1jb250ZW50XC91cGxvYWRzXC9zaXRlc1wvMzZcLzIwMjNcLzA4XC9RdWllbmVzLXNvbW9zLWNsaW5pY2EtdmV0ZXJpbmFyaWEtbGEtaHVlbGxhLWFsZ2VjaXJhczQuanBnIiwic2xpZGVzaG93IjoiMjMzMzc5YiJ9\">\n\t\t\t\t\t<div class=\"e-gallery-image elementor-gallery-item__image\" data-thumbnail=\"https:\/\/www.unavets.com\/lahuella\/wp-content\/uploads\/sites\/36\/2023\/08\/Quienes-somos-clinica-veterinaria-la-huella-algeciras4.jpg\" data-width=\"568\" data-height=\"379\" aria-label=\"\" role=\"img\" ><\/div>\n\t\t\t\t\t\t\t\t\t\t\t<div class=\"elementor-gallery-item__overlay\"><\/div>\n\t\t\t\t\t\t\t\t\t\t\t\t\t\t<\/a>\n\t\t\t\t\t\t\t<a class=\"e-gallery-item elementor-gallery-item elementor-animated-content\" href=\"https:\/\/www.unavets.com\/lahuella\/wp-content\/uploads\/sites\/36\/2023\/08\/anestesia-perros-la-huella.png\" data-elementor-open-lightbox=\"yes\" data-elementor-lightbox-slideshow=\"233379b\" data-elementor-lightbox-title=\"anestesia perros la huella\" data-e-action-hash=\"#elementor-action%3Aaction%3Dlightbox%26settings%3DeyJpZCI6MjA1OTUsInVybCI6Imh0dHBzOlwvXC93d3cudW5hdmV0cy5jb21cL2xhaHVlbGxhXC93cC1jb250ZW50XC91cGxvYWRzXC9zaXRlc1wvMzZcLzIwMjNcLzA4XC9hbmVzdGVzaWEtcGVycm9zLWxhLWh1ZWxsYS5wbmciLCJzbGlkZXNob3ciOiIyMzMzNzliIn0%3D\">\n\t\t\t\t\t<div class=\"e-gallery-image elementor-gallery-item__image\" data-thumbnail=\"https:\/\/www.unavets.com\/lahuella\/wp-content\/uploads\/sites\/36\/2023\/08\/anestesia-perros-la-huella.png\" data-width=\"500\" data-height=\"500\" aria-label=\"\" role=\"img\" ><\/div>\n\t\t\t\t\t\t\t\t\t\t\t<div class=\"elementor-gallery-item__overlay\"><\/div>\n\t\t\t\t\t\t\t\t\t\t\t\t\t\t<\/a>\n\t\t\t\t\t<\/div>\n\t\t\t\t\t<\/div>\n\t\t\t\t<\/div>\n\t\t\t\t\t<\/div>\n\t\t<\/div>\n\t\t\t\t\t<\/div>\n\t\t<\/section>\n\t\t\t\t<\/div>\n\t\t","protected":false},"excerpt":{"rendered":"<p>Centro Veterinario en Algeciras Veterinarios especialistas en peque\u00f1os animales y ex\u00f3ticos La cl\u00ednica veterinaria La Huella abri\u00f3 sus puertas en Algeciras en el a\u00f1o 2000. Nos ubicamos en Algeciras, en la zona conocida coloquialmente como La Cuesta del Rayo. El equipo estuvo compuesto en principio por su fundadora, Mar\u00eda Gracia Su\u00e1rez, y poco a poco &hellip; <\/p>\n","protected":false},"author":1,"featured_media":0,"parent":0,"menu_order":0,"comment_status":"closed","ping_status":"closed","template":"page-fullwidth.php","meta":{"_acf_changed":false,"content-type":"","footnotes":""},"class_list":["post-12997","page","type-page","status-publish","hentry"],"acf":[],"_links":{"self":[{"href":"https:\/\/www.unavets.com\/lahuella\/es\/wp-json\/wp\/v2\/pages\/12997","targetHints":{"allow":["GET"]}}],"collection":[{"href":"https:\/\/www.unavets.com\/lahuella\/es\/wp-json\/wp\/v2\/pages"}],"about":[{"href":"https:\/\/www.unavets.com\/lahuella\/es\/wp-json\/wp\/v2\/types\/page"}],"author":[{"embeddable":true,"href":"https:\/\/www.unavets.com\/lahuella\/es\/wp-json\/wp\/v2\/users\/1"}],"replies":[{"embeddable":true,"href":"https:\/\/www.unavets.com\/lahuella\/es\/wp-json\/wp\/v2\/comments?post=12997"}],"version-history":[{"count":3,"href":"https:\/\/www.unavets.com\/lahuella\/es\/wp-json\/wp\/v2\/pages\/12997\/revisions"}],"predecessor-version":[{"id":21132,"href":"https:\/\/www.unavets.com\/lahuella\/es\/wp-json\/wp\/v2\/pages\/12997\/revisions\/21132"}],"wp:attachment":[{"href":"https:\/\/www.unavets.com\/lahuella\/es\/wp-json\/wp\/v2\/media?parent=12997"}],"curies":[{"name":"wp","href":"https:\/\/api.w.org\/{rel}","templated":true}]}}