{"id":13550,"date":"2020-10-03T08:10:45","date_gmt":"2020-10-03T08:10:45","guid":{"rendered":"http:\/\/www.unavets.com\/irubide\/our-team\/"},"modified":"2023-11-13T17:31:51","modified_gmt":"2023-11-13T17:31:51","slug":"nuestro-equipo","status":"publish","type":"page","link":"https:\/\/www.unavets.com\/irubide\/es\/nuestro-equipo\/","title":{"rendered":"Nuestro equipo"},"content":{"rendered":"\t\t<div data-elementor-type=\"wp-page\" data-elementor-id=\"13550\" class=\"elementor elementor-13550 elementor-282\" data-elementor-post-type=\"page\">\n\t\t\t\t\t\t<section class=\"elementor-section elementor-top-section elementor-element elementor-element-2315038 pad-bot-0 elementor-section-boxed elementor-section-height-default elementor-section-height-default\" data-id=\"2315038\" data-element_type=\"section\" data-e-type=\"section\" id=\"main-sec\" data-settings=\"{&quot;background_background&quot;:&quot;classic&quot;}\">\n\t\t\t\t\t\t<div class=\"elementor-container elementor-column-gap-default\">\n\t\t\t\t\t<div class=\"elementor-column elementor-col-100 elementor-top-column elementor-element elementor-element-35c75b2\" data-id=\"35c75b2\" data-element_type=\"column\" data-e-type=\"column\">\n\t\t\t<div class=\"elementor-widget-wrap elementor-element-populated\">\n\t\t\t\t\t\t<div class=\"elementor-element elementor-element-28b1762 elementor-widget elementor-widget-text-editor\" data-id=\"28b1762\" data-element_type=\"widget\" data-e-type=\"widget\" data-widget_type=\"text-editor.default\">\n\t\t\t\t<div class=\"elementor-widget-container\">\n\t\t\t\t\t\t\t\t\t<p>En nuestro equipo\u00a0 de la Cl\u00ednica Veterinaria Irubide ofrecemos nuestro amor por los animales y su bienestar, as\u00ed como nuestro compromiso de seguir avanzando en nuestra formaci\u00f3n e innovaci\u00f3n de medios de diagn\u00f3stico y tratamientos.<\/p>\t\t\t\t\t\t\t\t<\/div>\n\t\t\t\t<\/div>\n\t\t\t\t\t<\/div>\n\t\t<\/div>\n\t\t\t\t\t<\/div>\n\t\t<\/section>\n\t\t\t\t<section class=\"elementor-section elementor-top-section elementor-element elementor-element-e31a7cf team-member elementor-section-boxed elementor-section-height-default elementor-section-height-default\" data-id=\"e31a7cf\" data-element_type=\"section\" data-e-type=\"section\">\n\t\t\t\t\t\t<div class=\"elementor-container elementor-column-gap-default\">\n\t\t\t\t\t<div class=\"elementor-column elementor-col-100 elementor-top-column elementor-element elementor-element-74bc16f\" data-id=\"74bc16f\" data-element_type=\"column\" data-e-type=\"column\">\n\t\t\t<div class=\"elementor-widget-wrap elementor-element-populated\">\n\t\t\t\t\t\t<div class=\"elementor-element elementor-element-26c3b90 elementor-hidden-tablet elementor-hidden-phone elementor-widget elementor-widget-section_titleleft\" data-id=\"26c3b90\" data-element_type=\"widget\" data-e-type=\"widget\" data-widget_type=\"section_titleleft.default\">\n\t\t\t\t<div class=\"elementor-widget-container\">\n\t\t\t\t\t        <div class=\"ab_text-title fl-wrap\">\n            <h3>Veterinarios <\/h3><span class=\"section-separator fl-sec-sep\"><\/span>        <\/div>\n        \t\t\t\t<\/div>\n\t\t\t\t<\/div>\n\t\t\t\t<section class=\"elementor-section elementor-inner-section elementor-element elementor-element-3669b34 elementor-section-boxed elementor-section-height-default elementor-section-height-default\" data-id=\"3669b34\" data-element_type=\"section\" data-e-type=\"section\">\n\t\t\t\t\t\t<div class=\"elementor-container elementor-column-gap-default\">\n\t\t\t\t\t<div class=\"elementor-column elementor-col-25 elementor-inner-column elementor-element elementor-element-a7cd8be\" data-id=\"a7cd8be\" data-element_type=\"column\" data-e-type=\"column\">\n\t\t\t<div class=\"elementor-widget-wrap elementor-element-populated\">\n\t\t\t\t\t\t<div class=\"elementor-element elementor-element-f06a80a elementor-widget elementor-widget-team_box\" data-id=\"f06a80a\" data-element_type=\"widget\" data-e-type=\"widget\" data-widget_type=\"team_box.default\">\n\t\t\t\t<div class=\"elementor-widget-container\">\n\t\t\t\t\t            <div class=\"team-holder section-team fl-wrap\">\n                <div class=\"team-box-image\">\n                    <div class=\"team-photo\">\n                        <img decoding=\"async\" src=\"https:\/\/www.unavets.com\/irubide\/wp-content\/uploads\/sites\/39\/2023\/11\/Maitane-2.png\" class=\"respimg\">                                    \n                    <\/div>\n                    <div class=\"team-info\">\n                        <h3><a href=\"\">Maitane Zubiaurre <\/a><\/h3><h4>Directora Veterinaria<\/h4>Maitane es veterinaria fundadora de la cl\u00ednica, graduada por la Universidad de Zaragoza en 2001. Con 20 a\u00f1os de experiencia profesional, se ha especializado en el \u00e1rea de medicina interna, centr\u00e1ndose especialmente en la medicina felina,                    <\/div>\n                <\/div>\n            <\/div>\n        \t\t\t\t<\/div>\n\t\t\t\t<\/div>\n\t\t\t\t<div class=\"elementor-element elementor-element-53cee80 readmoretoggle elementor-widget elementor-widget-toggle\" data-id=\"53cee80\" data-element_type=\"widget\" data-e-type=\"widget\" data-widget_type=\"toggle.default\">\n\t\t\t\t<div class=\"elementor-widget-container\">\n\t\t\t\t\t\t\t<div class=\"elementor-toggle\">\n\t\t\t\t\t\t\t<div class=\"elementor-toggle-item\">\n\t\t\t\t\t<div id=\"elementor-tab-title-8781\" class=\"elementor-tab-title\" data-tab=\"1\" role=\"button\" aria-controls=\"elementor-tab-content-8781\" aria-expanded=\"false\">\n\t\t\t\t\t\t\t\t\t\t\t\t<a class=\"elementor-toggle-title\" tabindex=\"0\">Leer m\u00e1s<\/a>\n\t\t\t\t\t<\/div>\n\n\t\t\t\t\t<div id=\"elementor-tab-content-8781\" class=\"elementor-tab-content elementor-clearfix\" data-tab=\"1\" role=\"region\" aria-labelledby=\"elementor-tab-title-8781\"><p>&nbsp;el diagn\u00f3stico por imagen y el bienestar animal. Su dedicaci\u00f3n y pasi\u00f3n por su trabajo la han convertido en una experta en su campo, brindando atenci\u00f3n de calidad y cuidado \u00f3ptimo a cada paciente que atiende.<\/p><div><br><\/div><\/div>\n\t\t\t\t<\/div>\n\t\t\t\t\t\t\t\t<\/div>\n\t\t\t\t\t\t<\/div>\n\t\t\t\t<\/div>\n\t\t\t\t\t<\/div>\n\t\t<\/div>\n\t\t\t\t<div class=\"elementor-column elementor-col-25 elementor-inner-column elementor-element elementor-element-176e0ca\" data-id=\"176e0ca\" data-element_type=\"column\" data-e-type=\"column\">\n\t\t\t<div class=\"elementor-widget-wrap elementor-element-populated\">\n\t\t\t\t\t\t<div class=\"elementor-element elementor-element-ed7375c elementor-widget elementor-widget-team_box\" data-id=\"ed7375c\" data-element_type=\"widget\" data-e-type=\"widget\" data-widget_type=\"team_box.default\">\n\t\t\t\t<div class=\"elementor-widget-container\">\n\t\t\t\t\t            <div class=\"team-holder section-team fl-wrap\">\n                <div class=\"team-box-image\">\n                    <div class=\"team-photo\">\n                        <img decoding=\"async\" src=\"https:\/\/www.unavets.com\/irubide\/wp-content\/uploads\/sites\/39\/2023\/11\/Jose.png\" class=\"respimg\">                                    \n                    <\/div>\n                    <div class=\"team-info\">\n                        <h3><a href=\"\">Jose Rodr\u00edguez<\/a><\/h3><h4>Director Veterinario<\/h4>Jose es veterinario graduado por la Universidad de Le\u00f3n en 1997. Con m\u00e1s de 20 a\u00f1os de experiencia en el campo, se ha especializado en cirug\u00eda, medicina interna y diagn\u00f3stico de problemas musculoesquel\u00e9ticos.                                                                                                                                                <\/div>\n                <\/div>\n            <\/div>\n        \t\t\t\t<\/div>\n\t\t\t\t<\/div>\n\t\t\t\t<div class=\"elementor-element elementor-element-2f9a369 readmoretoggle elementor-widget elementor-widget-toggle\" data-id=\"2f9a369\" data-element_type=\"widget\" data-e-type=\"widget\" data-widget_type=\"toggle.default\">\n\t\t\t\t<div class=\"elementor-widget-container\">\n\t\t\t\t\t\t\t<div class=\"elementor-toggle\">\n\t\t\t\t\t\t\t<div class=\"elementor-toggle-item\">\n\t\t\t\t\t<div id=\"elementor-tab-title-4991\" class=\"elementor-tab-title\" data-tab=\"1\" role=\"button\" aria-controls=\"elementor-tab-content-4991\" aria-expanded=\"false\">\n\t\t\t\t\t\t\t\t\t\t\t\t<a class=\"elementor-toggle-title\" tabindex=\"0\">Leer m\u00e1s<\/a>\n\t\t\t\t\t<\/div>\n\n\t\t\t\t\t<div id=\"elementor-tab-content-4991\" class=\"elementor-tab-content elementor-clearfix\" data-tab=\"1\" role=\"region\" aria-labelledby=\"elementor-tab-title-4991\"><p>Su dedicaci\u00f3n y conocimientos le permiten brindar una atenci\u00f3n veterinaria de calidad y soluciones efectivas a los desaf\u00edos de salud de sus pacientes.Es socio de AVEPA (Asociaci\u00f3n de Veterinarios Espa\u00f1oles Especialistas en Peque\u00f1os Animales) y miembro de GENFE (Grupo de Especialidad en Neurolog\u00eda de la Fundaci\u00f3n General de la Universidad de Le\u00f3n y Grupo de Especialidades Veterinarias).<\/p><\/div>\n\t\t\t\t<\/div>\n\t\t\t\t\t\t\t\t<\/div>\n\t\t\t\t\t\t<\/div>\n\t\t\t\t<\/div>\n\t\t\t\t\t<\/div>\n\t\t<\/div>\n\t\t\t\t<div class=\"elementor-column elementor-col-25 elementor-inner-column elementor-element elementor-element-09885dd nodata_bor\" data-id=\"09885dd\" data-element_type=\"column\" data-e-type=\"column\">\n\t\t\t<div class=\"elementor-widget-wrap elementor-element-populated\">\n\t\t\t\t\t\t<div class=\"elementor-element elementor-element-898aebd elementor-widget elementor-widget-team_box\" data-id=\"898aebd\" data-element_type=\"widget\" data-e-type=\"widget\" data-widget_type=\"team_box.default\">\n\t\t\t\t<div class=\"elementor-widget-container\">\n\t\t\t\t\t            <div class=\"team-holder section-team fl-wrap\">\n                <div class=\"team-box-image\">\n                    <div class=\"team-photo\">\n                        <img decoding=\"async\" src=\"https:\/\/www.unavets.com\/irubide\/wp-content\/uploads\/sites\/39\/2023\/11\/Amaya.png\" class=\"respimg\">                                    \n                    <\/div>\n                    <div class=\"team-info\">\n                        <h3><a href=\"\">Amaia L\u00f3pez <\/a><\/h3><h4>Veterinaria<\/h4>Amaia es veterinaria licenciada por la Universidad de C\u00e1ceres en 2012. Desarrolla su labor principalmente en el \u00e1rea de medicina interna, tanto felina como canina,                    <\/div>\n                <\/div>\n            <\/div>\n        \t\t\t\t<\/div>\n\t\t\t\t<\/div>\n\t\t\t\t<div class=\"elementor-element elementor-element-1272b75 readmoretoggle elementor-widget elementor-widget-toggle\" data-id=\"1272b75\" data-element_type=\"widget\" data-e-type=\"widget\" data-widget_type=\"toggle.default\">\n\t\t\t\t<div class=\"elementor-widget-container\">\n\t\t\t\t\t\t\t<div class=\"elementor-toggle\">\n\t\t\t\t\t\t\t<div class=\"elementor-toggle-item\">\n\t\t\t\t\t<div id=\"elementor-tab-title-1931\" class=\"elementor-tab-title\" data-tab=\"1\" role=\"button\" aria-controls=\"elementor-tab-content-1931\" aria-expanded=\"false\">\n\t\t\t\t\t\t\t\t\t\t\t\t<a class=\"elementor-toggle-title\" tabindex=\"0\">Leer m\u00e1s<\/a>\n\t\t\t\t\t<\/div>\n\n\t\t\t\t\t<div id=\"elementor-tab-content-1931\" class=\"elementor-tab-content elementor-clearfix\" data-tab=\"1\" role=\"region\" aria-labelledby=\"elementor-tab-title-1931\"><p>Participa en el servicio de atenci\u00f3n de urgencias, siendo uno de sus principales intereses, as\u00ed como la cirug\u00eda de tejidos blandos.<\/p><\/div>\n\t\t\t\t<\/div>\n\t\t\t\t\t\t\t\t<\/div>\n\t\t\t\t\t\t<\/div>\n\t\t\t\t<\/div>\n\t\t\t\t\t<\/div>\n\t\t<\/div>\n\t\t\t\t<div class=\"elementor-column elementor-col-25 elementor-inner-column elementor-element elementor-element-cb9e757 nodata_bor\" data-id=\"cb9e757\" data-element_type=\"column\" data-e-type=\"column\">\n\t\t\t<div class=\"elementor-widget-wrap elementor-element-populated\">\n\t\t\t\t\t\t<div class=\"elementor-element elementor-element-5f253e9 elementor-widget elementor-widget-team_box\" data-id=\"5f253e9\" data-element_type=\"widget\" data-e-type=\"widget\" data-widget_type=\"team_box.default\">\n\t\t\t\t<div class=\"elementor-widget-container\">\n\t\t\t\t\t            <div class=\"team-holder section-team fl-wrap\">\n                <div class=\"team-box-image\">\n                    <div class=\"team-photo\">\n                        <img decoding=\"async\" src=\"https:\/\/www.unavets.com\/irubide\/wp-content\/uploads\/sites\/39\/2023\/11\/Oihana.png\" class=\"respimg\">                                    \n                    <\/div>\n                    <div class=\"team-info\">\n                        <h3><a href=\"\">Oihana Larrazabal<\/a><\/h3><h4>Veterinaria<\/h4>Oihana es veterinaria licenciada por la Universidad de Zaragoza en 2020. Desarrolla su labor diaria principalmente en el \u00e1rea de medicina interna.                    <\/div>\n                <\/div>\n            <\/div>\n        \t\t\t\t<\/div>\n\t\t\t\t<\/div>\n\t\t\t\t<div class=\"elementor-element elementor-element-7052bc0 readmoretoggle elementor-widget elementor-widget-toggle\" data-id=\"7052bc0\" data-element_type=\"widget\" data-e-type=\"widget\" data-widget_type=\"toggle.default\">\n\t\t\t\t<div class=\"elementor-widget-container\">\n\t\t\t\t\t\t\t<div class=\"elementor-toggle\">\n\t\t\t\t\t\t\t<div class=\"elementor-toggle-item\">\n\t\t\t\t\t<div id=\"elementor-tab-title-1171\" class=\"elementor-tab-title\" data-tab=\"1\" role=\"button\" aria-controls=\"elementor-tab-content-1171\" aria-expanded=\"false\">\n\t\t\t\t\t\t\t\t\t\t\t\t<a class=\"elementor-toggle-title\" tabindex=\"0\">Leer m\u00e1s<\/a>\n\t\t\t\t\t<\/div>\n\n\t\t\t\t\t<div id=\"elementor-tab-content-1171\" class=\"elementor-tab-content elementor-clearfix\" data-tab=\"1\" role=\"region\" aria-labelledby=\"elementor-tab-title-1171\"><p>Actualmente se encuentra cursando el m\u00e1ster de Urgencias y cuidados intensivos. Sus principales \u00e1reas de inter\u00e9s son la cirug\u00eda y anestesia.<\/p><\/div>\n\t\t\t\t<\/div>\n\t\t\t\t\t\t\t\t<\/div>\n\t\t\t\t\t\t<\/div>\n\t\t\t\t<\/div>\n\t\t\t\t\t<\/div>\n\t\t<\/div>\n\t\t\t\t\t<\/div>\n\t\t<\/section>\n\t\t\t\t\t<\/div>\n\t\t<\/div>\n\t\t\t\t\t<\/div>\n\t\t<\/section>\n\t\t\t\t<section class=\"elementor-section elementor-top-section elementor-element elementor-element-285299d team-member elementor-section-boxed elementor-section-height-default elementor-section-height-default\" data-id=\"285299d\" data-element_type=\"section\" data-e-type=\"section\">\n\t\t\t\t\t\t<div class=\"elementor-container elementor-column-gap-default\">\n\t\t\t\t\t<div class=\"elementor-column elementor-col-100 elementor-top-column elementor-element elementor-element-d4e56ef\" data-id=\"d4e56ef\" data-element_type=\"column\" data-e-type=\"column\">\n\t\t\t<div class=\"elementor-widget-wrap elementor-element-populated\">\n\t\t\t\t\t\t<div class=\"elementor-element elementor-element-e4cf7d4 elementor-hidden-tablet elementor-hidden-phone elementor-widget elementor-widget-section_titleleft\" data-id=\"e4cf7d4\" data-element_type=\"widget\" data-e-type=\"widget\" data-widget_type=\"section_titleleft.default\">\n\t\t\t\t<div class=\"elementor-widget-container\">\n\t\t\t\t\t        <div class=\"ab_text-title fl-wrap\">\n            <h3>T\u00e9cnicos y Auxiliares<\/h3><h4><\/h4><span class=\"section-separator fl-sec-sep\"><\/span>        <\/div>\n        \t\t\t\t<\/div>\n\t\t\t\t<\/div>\n\t\t\t\t<section class=\"elementor-section elementor-inner-section elementor-element elementor-element-75bf86d elementor-section-boxed elementor-section-height-default elementor-section-height-default\" data-id=\"75bf86d\" data-element_type=\"section\" data-e-type=\"section\">\n\t\t\t\t\t\t<div class=\"elementor-container elementor-column-gap-default\">\n\t\t\t\t\t<div class=\"elementor-column elementor-col-25 elementor-inner-column elementor-element elementor-element-2f85b72\" data-id=\"2f85b72\" data-element_type=\"column\" data-e-type=\"column\">\n\t\t\t<div class=\"elementor-widget-wrap elementor-element-populated\">\n\t\t\t\t\t\t<div class=\"elementor-element elementor-element-f58cdb5 elementor-widget elementor-widget-team_box\" data-id=\"f58cdb5\" data-element_type=\"widget\" data-e-type=\"widget\" data-widget_type=\"team_box.default\">\n\t\t\t\t<div class=\"elementor-widget-container\">\n\t\t\t\t\t            <div class=\"team-holder section-team fl-wrap\">\n                <div class=\"team-box-image\">\n                    <div class=\"team-photo\">\n                        <img decoding=\"async\" src=\"https:\/\/www.unavets.com\/irubide\/wp-content\/uploads\/sites\/39\/2023\/11\/Dolerta.png\" class=\"respimg\">                                    \n                    <\/div>\n                    <div class=\"team-info\">\n                        <h3><a href=\"\">Dorleta Ortiz <\/a><\/h3><h4>Auxiliar Veterinaria<\/h4>Dorleta es Auxiliar T\u00e9cnico Veterinaria graduada por Master D en 2022. En su labor diaria, se enfoca en la recepci\u00f3n de pacientes, el cuidado de animales hospitalizados y brinda apoyo al resto del equipo veterinario.                                                                                                                                              <\/div>\n                <\/div>\n            <\/div>\n        \t\t\t\t<\/div>\n\t\t\t\t<\/div>\n\t\t\t\t<div class=\"elementor-element elementor-element-e0ed8a7 readmoretoggle elementor-widget elementor-widget-toggle\" data-id=\"e0ed8a7\" data-element_type=\"widget\" data-e-type=\"widget\" data-widget_type=\"toggle.default\">\n\t\t\t\t<div class=\"elementor-widget-container\">\n\t\t\t\t\t\t\t<div class=\"elementor-toggle\">\n\t\t\t\t\t\t\t<div class=\"elementor-toggle-item\">\n\t\t\t\t\t<div id=\"elementor-tab-title-2351\" class=\"elementor-tab-title\" data-tab=\"1\" role=\"button\" aria-controls=\"elementor-tab-content-2351\" aria-expanded=\"false\">\n\t\t\t\t\t\t\t\t\t\t\t\t<a class=\"elementor-toggle-title\" tabindex=\"0\">Leer m\u00e1s<\/a>\n\t\t\t\t\t<\/div>\n\n\t\t\t\t\t<div id=\"elementor-tab-content-2351\" class=\"elementor-tab-content elementor-clearfix\" data-tab=\"1\" role=\"region\" aria-labelledby=\"elementor-tab-title-2351\"><p>Con dedicaci\u00f3n y habilidades t\u00e9cnicas, contribuye al funcionamiento eficiente de la cl\u00ednica y al bienestar de los animales atendidos.<\/p><\/div>\n\t\t\t\t<\/div>\n\t\t\t\t\t\t\t\t<\/div>\n\t\t\t\t\t\t<\/div>\n\t\t\t\t<\/div>\n\t\t\t\t\t<\/div>\n\t\t<\/div>\n\t\t\t\t<div class=\"elementor-column elementor-col-25 elementor-inner-column elementor-element elementor-element-676e0ee nodata_bor\" data-id=\"676e0ee\" data-element_type=\"column\" data-e-type=\"column\">\n\t\t\t<div class=\"elementor-widget-wrap\">\n\t\t\t\t\t\t\t<\/div>\n\t\t<\/div>\n\t\t\t\t<div class=\"elementor-column elementor-col-25 elementor-inner-column elementor-element elementor-element-4022504 nodata_bor\" data-id=\"4022504\" data-element_type=\"column\" data-e-type=\"column\">\n\t\t\t<div class=\"elementor-widget-wrap\">\n\t\t\t\t\t\t\t<\/div>\n\t\t<\/div>\n\t\t\t\t<div class=\"elementor-column elementor-col-25 elementor-inner-column elementor-element elementor-element-02ec952 nodata_bor\" data-id=\"02ec952\" data-element_type=\"column\" data-e-type=\"column\">\n\t\t\t<div class=\"elementor-widget-wrap\">\n\t\t\t\t\t\t\t<\/div>\n\t\t<\/div>\n\t\t\t\t\t<\/div>\n\t\t<\/section>\n\t\t\t\t\t<\/div>\n\t\t<\/div>\n\t\t\t\t\t<\/div>\n\t\t<\/section>\n\t\t\t\t<\/div>\n\t\t","protected":false},"excerpt":{"rendered":"<p>En nuestro equipo\u00a0 de la Cl\u00ednica Veterinaria Irubide ofrecemos nuestro amor por los animales y su bienestar, as\u00ed como nuestro compromiso de seguir avanzando en nuestra formaci\u00f3n e innovaci\u00f3n de medios de diagn\u00f3stico y tratamientos. Veterinarios Maitane Zubiaurre Directora Veterinaria Maitane es veterinaria fundadora de la cl\u00ednica, graduada por la Universidad de Zaragoza en 2001. &hellip; <\/p>\n","protected":false},"author":1,"featured_media":0,"parent":0,"menu_order":0,"comment_status":"closed","ping_status":"closed","template":"page-fullwidth.php","meta":{"_acf_changed":false,"content-type":"","footnotes":""},"class_list":["post-13550","page","type-page","status-publish","hentry"],"acf":[],"_links":{"self":[{"href":"https:\/\/www.unavets.com\/irubide\/es\/wp-json\/wp\/v2\/pages\/13550","targetHints":{"allow":["GET"]}}],"collection":[{"href":"https:\/\/www.unavets.com\/irubide\/es\/wp-json\/wp\/v2\/pages"}],"about":[{"href":"https:\/\/www.unavets.com\/irubide\/es\/wp-json\/wp\/v2\/types\/page"}],"author":[{"embeddable":true,"href":"https:\/\/www.unavets.com\/irubide\/es\/wp-json\/wp\/v2\/users\/1"}],"replies":[{"embeddable":true,"href":"https:\/\/www.unavets.com\/irubide\/es\/wp-json\/wp\/v2\/comments?post=13550"}],"version-history":[{"count":4,"href":"https:\/\/www.unavets.com\/irubide\/es\/wp-json\/wp\/v2\/pages\/13550\/revisions"}],"predecessor-version":[{"id":19845,"href":"https:\/\/www.unavets.com\/irubide\/es\/wp-json\/wp\/v2\/pages\/13550\/revisions\/19845"}],"wp:attachment":[{"href":"https:\/\/www.unavets.com\/irubide\/es\/wp-json\/wp\/v2\/media?parent=13550"}],"curies":[{"name":"wp","href":"https:\/\/api.w.org\/{rel}","templated":true}]}}