{"id":15234,"date":"2021-06-15T11:31:27","date_gmt":"2021-06-15T11:31:27","guid":{"rendered":"http:\/\/www.unavets.com\/inca\/?page_id=15234"},"modified":"2024-04-03T16:01:04","modified_gmt":"2024-04-03T16:01:04","slug":"hospitalizacion","status":"publish","type":"page","link":"https:\/\/www.unavets.com\/inca\/es\/servicios\/hospitalizacion\/","title":{"rendered":"Hospitalizaci\u00f3n"},"content":{"rendered":"\t\t<div data-elementor-type=\"wp-page\" data-elementor-id=\"15234\" class=\"elementor elementor-15234 elementor-523\" data-elementor-post-type=\"page\">\n\t\t\t\t\t\t<section class=\"elementor-section elementor-top-section elementor-element elementor-element-d47bece pad-top-0 elementor-section-boxed elementor-section-height-default elementor-section-height-default\" data-id=\"d47bece\" data-element_type=\"section\" data-e-type=\"section\" id=\"main-sec\">\n\t\t\t\t\t\t<div class=\"elementor-container elementor-column-gap-wide\">\n\t\t\t\t\t<div class=\"elementor-column elementor-col-50 elementor-top-column elementor-element elementor-element-17d14fe\" data-id=\"17d14fe\" data-element_type=\"column\" data-e-type=\"column\">\n\t\t\t<div class=\"elementor-widget-wrap elementor-element-populated\">\n\t\t\t\t\t\t<div class=\"elementor-element elementor-element-aea8b6d elementor-widget elementor-widget-image\" data-id=\"aea8b6d\" data-element_type=\"widget\" data-e-type=\"widget\" data-widget_type=\"image.default\">\n\t\t\t\t<div class=\"elementor-widget-container\">\n\t\t\t\t\t\t\t\t\t\t\t\t\t\t\t<img fetchpriority=\"high\" width=\"650\" height=\"726\" class=\"attachment-large size-large wp-image-21040 lazy\" alt=\"\" data-src=\"https:\/\/www.unavets.com\/inca\/wp-content\/uploads\/sites\/49\/2024\/04\/hospitalizacion-inca-e1712159985980.png\" data-lazy=\"https:\/\/www.unavets.com\/inca\/wp-content\/uploads\/sites\/49\/2024\/04\/hospitalizacion-inca-e1712159985980.png\" \/>\t\t\t\t\t\t\t\t\t\t\t\t\t\t\t<\/div>\n\t\t\t\t<\/div>\n\t\t\t\t\t<\/div>\n\t\t<\/div>\n\t\t\t\t<div class=\"elementor-column elementor-col-50 elementor-top-column elementor-element elementor-element-c7280af\" data-id=\"c7280af\" data-element_type=\"column\" data-e-type=\"column\">\n\t\t\t<div class=\"elementor-widget-wrap elementor-element-populated\">\n\t\t\t\t\t\t<div class=\"elementor-element elementor-element-feb8866 elementor-widget elementor-widget-text-editor\" data-id=\"feb8866\" data-element_type=\"widget\" data-e-type=\"widget\" data-widget_type=\"text-editor.default\">\n\t\t\t\t<div class=\"elementor-widget-container\">\n\t\t\t\t\t\t\t\t\t<p>En <span data-sheets-value=\"{\" data-sheets-userformat=\"{\">Hospital Veterinari Ciutat D\u2019Inca n<\/span>uestro servicio de hospitalizaci\u00f3n est\u00e1 dedicado al cuidado intensivo del paciente.<\/p><div class=\"wpb_text_column wpb_content_element \"><div class=\"wpb_wrapper\"><p>Hay muchas patolog\u00edas que requieren mantener al animal en el hospital bajo control para la administraci\u00f3n de suero intravenoso o monitorizaci\u00f3n de constantes vitales. Antes, durante y despu\u00e9s de una cirug\u00eda tambi\u00e9n se requiere de un periodo de hospitalizaci\u00f3n para la realizaci\u00f3n de perfiles preoperatorios de sangre, y posteriormente, la recuperaci\u00f3n completa tras la cirug\u00eda antes de dar el alta.<\/p><p>En nuestro centro contamos con una amplia hospitalizaci\u00f3n, con jaulas para animales peque\u00f1os y medianos y jaulas m\u00e1s grandes (boxes) para perros grandes y gigantes. Adem\u00e1s tambi\u00e9n contamos con una hospitalizaci\u00f3n aparte exclusiva para gatos y otra hospitalizaci\u00f3n para animales con enfermedades infecciosas, para evitar la transmisi\u00f3n de estas enfermedades a otros animales hospitalizados.<\/p><p>Tambi\u00e9n disponemos de una incubadora para animales neonatos y especies ex\u00f3ticas, la cual les mantiene una temperatura constante en todo momento y permite la administraci\u00f3n de f\u00e1rmacos inhalatorios dentro de la c\u00e1mara.<\/p><p>Para facilitar su recuperaci\u00f3n y que su estancia sea lo mas c\u00f3moda posible , las jaulas cuentan con luz individual , suelo radiante y oxigenoterapia .<\/p><\/div><\/div>\t\t\t\t\t\t\t\t<\/div>\n\t\t\t\t<\/div>\n\t\t\t\t<div class=\"elementor-element elementor-element-d73455c elementor-align-center elementor-widget elementor-widget-button\" data-id=\"d73455c\" data-element_type=\"widget\" data-e-type=\"widget\" data-widget_type=\"button.default\">\n\t\t\t\t<div class=\"elementor-widget-container\">\n\t\t\t\t\t\t\t\t\t<div class=\"elementor-button-wrapper\">\n\t\t\t\t\t<a class=\"elementor-button elementor-button-link elementor-size-md\" href=\"https:\/\/www.unavets.com\/inca\/es\/contacto\/\">\n\t\t\t\t\t\t<span class=\"elementor-button-content-wrapper\">\n\t\t\t\t\t\t<span class=\"elementor-button-icon\">\n\t\t\t\t<i aria-hidden=\"true\" class=\"far fa-calendar-alt\"><\/i>\t\t\t<\/span>\n\t\t\t\t\t\t\t\t\t<span class=\"elementor-button-text\">Pide Cita<\/span>\n\t\t\t\t\t<\/span>\n\t\t\t\t\t<\/a>\n\t\t\t\t<\/div>\n\t\t\t\t\t\t\t\t<\/div>\n\t\t\t\t<\/div>\n\t\t\t\t\t<\/div>\n\t\t<\/div>\n\t\t\t\t\t<\/div>\n\t\t<\/section>\n\t\t\t\t<section class=\"elementor-section elementor-top-section elementor-element elementor-element-f1f8860 elementor-section-boxed elementor-section-height-default elementor-section-height-default\" data-id=\"f1f8860\" data-element_type=\"section\" data-e-type=\"section\">\n\t\t\t\t\t\t<div class=\"elementor-container elementor-column-gap-default\">\n\t\t\t\t\t<div class=\"elementor-column elementor-col-100 elementor-top-column elementor-element elementor-element-a371cb8\" data-id=\"a371cb8\" data-element_type=\"column\" data-e-type=\"column\">\n\t\t\t<div class=\"elementor-widget-wrap elementor-element-populated\">\n\t\t\t\t\t\t<div class=\"elementor-element elementor-element-98700a0 elementor-widget elementor-widget-text-editor\" data-id=\"98700a0\" data-element_type=\"widget\" data-e-type=\"widget\" data-widget_type=\"text-editor.default\">\n\t\t\t\t<div class=\"elementor-widget-container\">\n\t\t\t\t\t\t\t\t\t<p style=\"text-align: left\">La hospitalizaci\u00f3n es imprescindible en animales que acaban de ser intervenidos quir\u00fargicamente, en enfermedades que requieren un tratamiento y supervisi\u00f3n continua (insuficiencias renales, procesos infecciosos severos, cuadros digestivos\u2026) donde reciben fluidoterapia intravenosa, nutrici\u00f3n parenteral y medicaci\u00f3n.<\/p><p style=\"text-align: left\">Todo ello bajo la constante supervisi\u00f3n de veterinarios y auxiliares de <span data-sheets-value=\"{\" data-sheets-userformat=\"{\">Hospital Veterinari Ciutat D\u2019Inca <\/span>que comprueban su grado de hidrataci\u00f3n, su alimentaci\u00f3n, sus constantes vitales, realizando las curas necesarias, administrando oxigenoterapia, estando alerta de cualquier variaci\u00f3n en el estado del paciente para poder realizar las pruebas necesarias o modificar el tratamiento en funci\u00f3n de su evoluci\u00f3n.<\/p><p style=\"text-align: left\">Contamos con dos espacios diferenciados para hospitalizar los perros y los gatos y un tercer espacio independiente donde aislar a los animales con enfermedades infecciosas que evita el posible contagio al resto de hospitalizados.<\/p><p style=\"text-align: left\">La sala de hospitalizaci\u00f3n cuenta con un completo equipamiento para la monitorizaci\u00f3n y el tratamiento de todo tipo de animales (l\u00e1mparas de calor, equipos de infusi\u00f3n, y una jaula de unidad de cuidados intensivos (UCI) en las que se controla ox\u00edgeno y temperatura).<\/p>\t\t\t\t\t\t\t\t<\/div>\n\t\t\t\t<\/div>\n\t\t\t\t\t<\/div>\n\t\t<\/div>\n\t\t\t\t\t<\/div>\n\t\t<\/section>\n\t\t\t\t<\/div>\n\t\t","protected":false},"excerpt":{"rendered":"<p>En nuestro servicio de hospitalizaci\u00f3n est\u00e1 dedicado al cuidado intensivo del paciente. Hay muchas patolog\u00edas que requieren mantener al animal en el hospital bajo control para la administraci\u00f3n de suero intravenoso o monitorizaci\u00f3n de constantes vitales. Antes, durante y despu\u00e9s de una cirug\u00eda tambi\u00e9n se requiere de un periodo de hospitalizaci\u00f3n para la realizaci\u00f3n de &hellip; <\/p>\n","protected":false},"author":8,"featured_media":0,"parent":13564,"menu_order":0,"comment_status":"closed","ping_status":"closed","template":"page-fullwidth.php","meta":{"_acf_changed":false,"content-type":"","footnotes":""},"class_list":["post-15234","page","type-page","status-publish","hentry"],"acf":[],"_links":{"self":[{"href":"https:\/\/www.unavets.com\/inca\/es\/wp-json\/wp\/v2\/pages\/15234","targetHints":{"allow":["GET"]}}],"collection":[{"href":"https:\/\/www.unavets.com\/inca\/es\/wp-json\/wp\/v2\/pages"}],"about":[{"href":"https:\/\/www.unavets.com\/inca\/es\/wp-json\/wp\/v2\/types\/page"}],"author":[{"embeddable":true,"href":"https:\/\/www.unavets.com\/inca\/es\/wp-json\/wp\/v2\/users\/8"}],"replies":[{"embeddable":true,"href":"https:\/\/www.unavets.com\/inca\/es\/wp-json\/wp\/v2\/comments?post=15234"}],"version-history":[{"count":14,"href":"https:\/\/www.unavets.com\/inca\/es\/wp-json\/wp\/v2\/pages\/15234\/revisions"}],"predecessor-version":[{"id":21047,"href":"https:\/\/www.unavets.com\/inca\/es\/wp-json\/wp\/v2\/pages\/15234\/revisions\/21047"}],"up":[{"embeddable":true,"href":"https:\/\/www.unavets.com\/inca\/es\/wp-json\/wp\/v2\/pages\/13564"}],"wp:attachment":[{"href":"https:\/\/www.unavets.com\/inca\/es\/wp-json\/wp\/v2\/media?parent=15234"}],"curies":[{"name":"wp","href":"https:\/\/api.w.org\/{rel}","templated":true}]}}