{"id":14786,"date":"2021-06-11T11:25:15","date_gmt":"2021-06-11T11:25:15","guid":{"rendered":"http:\/\/www.unavets.com\/inca\/?page_id=14786"},"modified":"2024-04-04T10:40:11","modified_gmt":"2024-04-04T10:40:11","slug":"visitas-domicilio","status":"publish","type":"page","link":"https:\/\/www.unavets.com\/inca\/es\/visitas-domicilio\/","title":{"rendered":"Visitas a Domicilio"},"content":{"rendered":"\t\t<div data-elementor-type=\"wp-page\" data-elementor-id=\"14786\" class=\"elementor elementor-14786\" data-elementor-post-type=\"page\">\n\t\t\t\t\t\t<section class=\"elementor-section elementor-top-section elementor-element elementor-element-d993722 elementor-section-boxed elementor-section-height-default elementor-section-height-default\" data-id=\"d993722\" data-element_type=\"section\" data-e-type=\"section\" id=\"main-sec\">\n\t\t\t\t\t\t<div class=\"elementor-container elementor-column-gap-default\">\n\t\t\t\t\t<div class=\"elementor-column elementor-col-100 elementor-top-column elementor-element elementor-element-065811d\" data-id=\"065811d\" data-element_type=\"column\" data-e-type=\"column\">\n\t\t\t<div class=\"elementor-widget-wrap elementor-element-populated\">\n\t\t\t\t\t\t<div class=\"elementor-element elementor-element-63d99ac elementor-widget elementor-widget-text-editor\" data-id=\"63d99ac\" data-element_type=\"widget\" data-e-type=\"widget\" data-widget_type=\"text-editor.default\">\n\t\t\t\t<div class=\"elementor-widget-container\">\n\t\t\t\t\t\t\t\t\t<div class=\"ewa-rteLine\"><div class=\"ewa-rteLine\"><div class=\"ewa-rteLine\">En el caso de que no pueda desplazarse, en Hospital Veterinari Ciutat D\u2019Inca, ofrecemos el servicio de consulta a domicilio en Inca por el cual uno de nuestros veterinarios se trasladar\u00e1 a su domicilio con el fin de atender a su mascota.<\/div><div><p>En muchas ocasiones no es posible desplazar a los animales a la cl\u00ednica por diversas razones. Tenemos la opci\u00f3n de realizar la consulta en su domicilio, pudiendo hacer una primera valoraci\u00f3n del estado f\u00edsico, as\u00ed como administrar medicamentos, vacunarlo, tomar muestras de sangre para ser analizadas en la cl\u00ednica\u2026 Si se requiere pruebas diagn\u00f3sticas o terap\u00e9uticas m\u00e1s espec\u00edficas, como ecograf\u00eda, radiograf\u00eda o cirug\u00eda, estas deben ser realizadas en la cl\u00ednica.<\/p><p>Las consultas de urgencia, al requerir en gran porcentaje, pruebas de las anteriormente mencionadas no es posible realizarlas a domicilio.<\/p><\/div><div>\u00a0<\/div><div class=\"ewa-rteLine\">\u00a0<\/div><\/div><\/div>\t\t\t\t\t\t\t\t<\/div>\n\t\t\t\t<\/div>\n\t\t\t\t<div class=\"elementor-element elementor-element-298ff43 elementor-align-center elementor-widget elementor-widget-button\" data-id=\"298ff43\" data-element_type=\"widget\" data-e-type=\"widget\" data-widget_type=\"button.default\">\n\t\t\t\t<div class=\"elementor-widget-container\">\n\t\t\t\t\t\t\t\t\t<div class=\"elementor-button-wrapper\">\n\t\t\t\t\t<a class=\"elementor-button elementor-button-link elementor-size-md\" href=\"https:\/\/www.unavets.com\/inca\/es\/contacto\/\">\n\t\t\t\t\t\t<span class=\"elementor-button-content-wrapper\">\n\t\t\t\t\t\t<span class=\"elementor-button-icon\">\n\t\t\t\t<i aria-hidden=\"true\" class=\"far fa-calendar-alt\"><\/i>\t\t\t<\/span>\n\t\t\t\t\t\t\t\t\t<span class=\"elementor-button-text\">Pide Cita<\/span>\n\t\t\t\t\t<\/span>\n\t\t\t\t\t<\/a>\n\t\t\t\t<\/div>\n\t\t\t\t\t\t\t\t<\/div>\n\t\t\t\t<\/div>\n\t\t\t\t\t<\/div>\n\t\t<\/div>\n\t\t\t\t\t<\/div>\n\t\t<\/section>\n\t\t\t\t<section class=\"elementor-section elementor-top-section elementor-element elementor-element-0ac1dc6 elementor-section-boxed elementor-section-height-default elementor-section-height-default\" data-id=\"0ac1dc6\" data-element_type=\"section\" data-e-type=\"section\">\n\t\t\t\t\t\t<div class=\"elementor-container elementor-column-gap-default\">\n\t\t\t\t\t<div class=\"elementor-column elementor-col-100 elementor-top-column elementor-element elementor-element-3652622\" data-id=\"3652622\" data-element_type=\"column\" data-e-type=\"column\">\n\t\t\t<div class=\"elementor-widget-wrap elementor-element-populated\">\n\t\t\t\t\t\t<div class=\"elementor-element elementor-element-dc7c821 elementor-widget elementor-widget-image\" data-id=\"dc7c821\" data-element_type=\"widget\" data-e-type=\"widget\" data-widget_type=\"image.default\">\n\t\t\t\t<div class=\"elementor-widget-container\">\n\t\t\t\t\t\t\t\t\t\t\t\t\t\t\t<img decoding=\"async\" src=\"http:\/\/www.unavets.com\/lastablas\/wp-content\/uploads\/sites\/2\/2021\/06\/shutterstock_639299914-1-scaled.jpg\" title=\"\" alt=\"\" loading=\"lazy\" \/>\t\t\t\t\t\t\t\t\t\t\t\t\t\t\t<\/div>\n\t\t\t\t<\/div>\n\t\t\t\t\t<\/div>\n\t\t<\/div>\n\t\t\t\t\t<\/div>\n\t\t<\/section>\n\t\t\t\t<\/div>\n\t\t","protected":false},"excerpt":{"rendered":"<p>En el caso de que no pueda desplazarse, en , ofrecemos el servicio de consulta a domicilio en por el cual uno de nuestros veterinarios se trasladar\u00e1 a su domicilio con el fin de atender a su mascota. En muchas ocasiones no es posible desplazar a los animales a la cl\u00ednica por diversas razones. Tenemos &hellip; <\/p>\n","protected":false},"author":8,"featured_media":0,"parent":0,"menu_order":0,"comment_status":"closed","ping_status":"closed","template":"page-fullwidth.php","meta":{"_acf_changed":false,"content-type":"","footnotes":""},"class_list":["post-14786","page","type-page","status-publish","hentry"],"acf":[],"_links":{"self":[{"href":"https:\/\/www.unavets.com\/inca\/es\/wp-json\/wp\/v2\/pages\/14786","targetHints":{"allow":["GET"]}}],"collection":[{"href":"https:\/\/www.unavets.com\/inca\/es\/wp-json\/wp\/v2\/pages"}],"about":[{"href":"https:\/\/www.unavets.com\/inca\/es\/wp-json\/wp\/v2\/types\/page"}],"author":[{"embeddable":true,"href":"https:\/\/www.unavets.com\/inca\/es\/wp-json\/wp\/v2\/users\/8"}],"replies":[{"embeddable":true,"href":"https:\/\/www.unavets.com\/inca\/es\/wp-json\/wp\/v2\/comments?post=14786"}],"version-history":[{"count":8,"href":"https:\/\/www.unavets.com\/inca\/es\/wp-json\/wp\/v2\/pages\/14786\/revisions"}],"predecessor-version":[{"id":21282,"href":"https:\/\/www.unavets.com\/inca\/es\/wp-json\/wp\/v2\/pages\/14786\/revisions\/21282"}],"wp:attachment":[{"href":"https:\/\/www.unavets.com\/inca\/es\/wp-json\/wp\/v2\/media?parent=14786"}],"curies":[{"name":"wp","href":"https:\/\/api.w.org\/{rel}","templated":true}]}}