{"id":12986,"date":"2020-10-03T08:11:17","date_gmt":"2020-10-03T08:11:17","guid":{"rendered":"http:\/\/www.unavets.com\/inca\/work-with-us\/"},"modified":"2022-04-21T08:35:39","modified_gmt":"2022-04-21T08:35:39","slug":"trabaja-con-nosotros","status":"publish","type":"page","link":"https:\/\/www.unavets.com\/inca\/es\/trabaja-con-nosotros\/","title":{"rendered":"Trabaja con nosotros"},"content":{"rendered":"\t\t<div data-elementor-type=\"wp-page\" data-elementor-id=\"12986\" class=\"elementor elementor-12986 elementor-280\" data-elementor-post-type=\"page\">\n\t\t\t\t\t\t<section class=\"elementor-section elementor-top-section elementor-element elementor-element-54428c4 pad-bot-50 elementor-section-boxed elementor-section-height-default elementor-section-height-default\" data-id=\"54428c4\" data-element_type=\"section\" data-e-type=\"section\" id=\"main-sec\">\n\t\t\t\t\t\t<div class=\"elementor-container elementor-column-gap-wide\">\n\t\t\t\t\t<div class=\"elementor-column elementor-col-33 elementor-top-column elementor-element elementor-element-8d6c24a\" data-id=\"8d6c24a\" data-element_type=\"column\" data-e-type=\"column\">\n\t\t\t<div class=\"elementor-widget-wrap elementor-element-populated\">\n\t\t\t\t\t\t<section class=\"elementor-section elementor-inner-section elementor-element elementor-element-9ab8219 elementor-section-boxed elementor-section-height-default elementor-section-height-default\" data-id=\"9ab8219\" data-element_type=\"section\" data-e-type=\"section\">\n\t\t\t\t\t\t<div class=\"elementor-container elementor-column-gap-default\">\n\t\t\t\t\t<div class=\"elementor-column elementor-col-100 elementor-inner-column elementor-element elementor-element-4065409\" data-id=\"4065409\" data-element_type=\"column\" data-e-type=\"column\">\n\t\t\t<div class=\"elementor-widget-wrap elementor-element-populated\">\n\t\t\t\t\t\t<div class=\"elementor-element elementor-element-78b939d elementor-widget elementor-widget-image\" data-id=\"78b939d\" data-element_type=\"widget\" data-e-type=\"widget\" data-widget_type=\"image.default\">\n\t\t\t\t<div class=\"elementor-widget-container\">\n\t\t\t\t\t\t\t\t\t\t\t\t\t\t\t<img fetchpriority=\"high\" width=\"388\" height=\"257\" class=\"attachment-townhub-lcat-one size-townhub-lcat-one wp-image-12989 lazy\" alt=\"\" data-src=\"https:\/\/www.unavets.com\/inca\/wp-content\/uploads\/sites\/49\/2020\/11\/shutterstock_584236459-1-e1612279166210-388x257.jpg\" data-lazy=\"https:\/\/www.unavets.com\/inca\/wp-content\/uploads\/sites\/49\/2020\/11\/shutterstock_584236459-1-e1612279166210-388x257.jpg\" \/>\t\t\t\t\t\t\t\t\t\t\t\t\t\t\t<\/div>\n\t\t\t\t<\/div>\n\t\t\t\t\t<\/div>\n\t\t<\/div>\n\t\t\t\t\t<\/div>\n\t\t<\/section>\n\t\t\t\t<section class=\"elementor-section elementor-inner-section elementor-element elementor-element-c31f089 elementor-section-boxed elementor-section-height-default elementor-section-height-default\" data-id=\"c31f089\" data-element_type=\"section\" data-e-type=\"section\">\n\t\t\t\t\t\t<div class=\"elementor-container elementor-column-gap-default\">\n\t\t\t\t\t<div class=\"elementor-column elementor-col-50 elementor-inner-column elementor-element elementor-element-96ec4f2\" data-id=\"96ec4f2\" data-element_type=\"column\" data-e-type=\"column\">\n\t\t\t<div class=\"elementor-widget-wrap\">\n\t\t\t\t\t\t\t<\/div>\n\t\t<\/div>\n\t\t\t\t<div class=\"elementor-column elementor-col-50 elementor-inner-column elementor-element elementor-element-c2b2102\" data-id=\"c2b2102\" data-element_type=\"column\" data-e-type=\"column\">\n\t\t\t<div class=\"elementor-widget-wrap\">\n\t\t\t\t\t\t\t<\/div>\n\t\t<\/div>\n\t\t\t\t\t<\/div>\n\t\t<\/section>\n\t\t\t\t<div class=\"elementor-element elementor-element-ae66eee elementor-widget elementor-widget-section_titleleft\" data-id=\"ae66eee\" data-element_type=\"widget\" data-e-type=\"widget\" data-widget_type=\"section_titleleft.default\">\n\t\t\t\t<div class=\"elementor-widget-container\">\n\t\t\t\t\t        <div class=\"ab_text-title fl-wrap\">\n            <h3>Ponte en contacto<\/h3><span class=\"section-separator fl-sec-sep\"><\/span>        <\/div>\n        \t\t\t\t<\/div>\n\t\t\t\t<\/div>\n\t\t\t\t<div class=\"elementor-element elementor-element-74a6e23 contact-infos-widget elementor-widget elementor-widget-text-editor\" data-id=\"74a6e23\" data-element_type=\"widget\" data-e-type=\"widget\" data-widget_type=\"text-editor.default\">\n\t\t\t\t<div class=\"elementor-widget-container\">\n\t\t\t\t\t\t\t\t\t<ul class=\"no-list-style contact-infos\">\n \t<li><span class=\"no-rep\"><i class=\"fal fa-map-marker\"><\/i> Direcci\u00f3n: <\/span>Carrer dels Pagesos, 14, 07300 Inca, Islas Baleares<\/li>\n \t<li><span class=\"no-rep\"><i class=\"fal fa-phone\"><\/i> Tel\u00e9fono: <\/span><a href=\"tel:971 505 483\"> 971 505 483<\/a><\/li>\n \t<li><span class=\"no-rep\"><i class=\"fal fa-envelope\"><\/i> Correo:<\/span> <a href=\"mailto:info.inca@unavets.com\">info.inca@unavets.com<\/a><\/li>\n<\/ul>\n<ul class=\"no-list-style contact-socials\">\n \t<li><a href=\"https:\/\/www.facebook.com\/hospitalveterinariciutatdinca\" target=\"_blank\" rel=\"noopener\"><i class=\"fab fa-facebook-f\"><\/i><\/a><\/li>\n \t<li><a href=\"https:\/\/www.instagram.com\/hospitalveterinariciutatdinca\/\" target=\"_blank\" rel=\"noopener\"><i class=\"fab fa-instagram\"><\/i><\/a><\/li>\n<\/ul>\t\t\t\t\t\t\t\t<\/div>\n\t\t\t\t<\/div>\n\t\t\t\t\t<\/div>\n\t\t<\/div>\n\t\t\t\t<div class=\"elementor-column elementor-col-66 elementor-top-column elementor-element elementor-element-d435c3f\" data-id=\"d435c3f\" data-element_type=\"column\" data-e-type=\"column\">\n\t\t\t<div class=\"elementor-widget-wrap elementor-element-populated\">\n\t\t\t\t\t\t<div class=\"elementor-element elementor-element-4659daa elementor-widget elementor-widget-section_titleleft\" data-id=\"4659daa\" data-element_type=\"widget\" data-e-type=\"widget\" data-widget_type=\"section_titleleft.default\">\n\t\t\t\t<div class=\"elementor-widget-container\">\n\t\t\t\t\t        <div class=\"ab_text-title fl-wrap\">\n            <h3>\u00bfQuieres unirte a nuestro equipo?<\/h3><span class=\"section-separator fl-sec-sep\"><\/span>        <\/div>\n        \t\t\t\t<\/div>\n\t\t\t\t<\/div>\n\t\t\t\t<div class=\"elementor-element elementor-element-f74f60c elementor-widget elementor-widget-text-editor\" data-id=\"f74f60c\" data-element_type=\"widget\" data-e-type=\"widget\" data-widget_type=\"text-editor.default\">\n\t\t\t\t<div class=\"elementor-widget-container\">\n\t\t\t\t\t\t\t\t\t<p>Siempre estamos abiertos a ampliar nuestro equipo con profesionales cualificados, dedicados y apasionados. <span style=\"text-decoration: underline;color: #3366ff\"><strong><a style=\"color: #3366ff;text-decoration: underline\" href=\"http:\/\/www.unavets.com\/es\/trabaja-con-nosotros\/\">Descubre aqu\u00ed<\/a><\/strong><\/span> los puestos vacantes en Hospital Veterinari Ciutat D\u2019Inca y otras cl\u00ednicas de UNAVETS de tu zona.<\/p><p>Si actualmente no tenemos posiciones disponibles y est\u00e1s interesado en trabajar con nosotros, rellena el siguiente formulario y tendremos en cuenta tu perfil para pr\u00f3ximas vacantes.<\/p><p>\n\t\t\t\t\t\t<script>\n\t\t\t\t\t\t\twindow.hsFormsOnReady = window.hsFormsOnReady || [];\n\t\t\t\t\t\t\twindow.hsFormsOnReady.push(()=>{\n\t\t\t\t\t\t\t\thbspt.forms.create({\n\t\t\t\t\t\t\t\t\tportalId: 8560088,\n\t\t\t\t\t\t\t\t\tformId: \"41f51d17-0868-428b-a158-023e02fab217\",\n\t\t\t\t\t\t\t\t\ttarget: \"#hbspt-form-1775312474000-9007441066\",\n\t\t\t\t\t\t\t\t\tregion: \"\",\n\t\t\t\t\t\t\t\t\t\n\t\t\t\t\t\t\t})});\n\t\t\t\t\t\t<\/script>\n\t\t\t\t\t\t<div class=\"hbspt-form\" id=\"hbspt-form-1775312474000-9007441066\"><\/div><\/p>\t\t\t\t\t\t\t\t<\/div>\n\t\t\t\t<\/div>\n\t\t\t\t\t<\/div>\n\t\t<\/div>\n\t\t\t\t\t<\/div>\n\t\t<\/section>\n\t\t\t\t<\/div>\n\t\t","protected":false},"excerpt":{"rendered":"<p>Ponte en contacto Direcci\u00f3n: Tel\u00e9fono: Correo: \u00bfQuieres unirte a nuestro equipo? Siempre estamos abiertos a ampliar nuestro equipo con profesionales cualificados, dedicados y apasionados. Descubre aqu\u00ed los puestos vacantes en y otras cl\u00ednicas de UNAVETS de tu zona. Si actualmente no tenemos posiciones disponibles y est\u00e1s interesado en trabajar con nosotros, rellena el siguiente formulario &hellip; <\/p>\n","protected":false},"author":1,"featured_media":0,"parent":0,"menu_order":0,"comment_status":"closed","ping_status":"closed","template":"page-fullwidth.php","meta":{"_acf_changed":false,"content-type":"","footnotes":""},"class_list":["post-12986","page","type-page","status-publish","hentry"],"acf":[],"_links":{"self":[{"href":"https:\/\/www.unavets.com\/inca\/es\/wp-json\/wp\/v2\/pages\/12986","targetHints":{"allow":["GET"]}}],"collection":[{"href":"https:\/\/www.unavets.com\/inca\/es\/wp-json\/wp\/v2\/pages"}],"about":[{"href":"https:\/\/www.unavets.com\/inca\/es\/wp-json\/wp\/v2\/types\/page"}],"author":[{"embeddable":true,"href":"https:\/\/www.unavets.com\/inca\/es\/wp-json\/wp\/v2\/users\/1"}],"replies":[{"embeddable":true,"href":"https:\/\/www.unavets.com\/inca\/es\/wp-json\/wp\/v2\/comments?post=12986"}],"version-history":[{"count":0,"href":"https:\/\/www.unavets.com\/inca\/es\/wp-json\/wp\/v2\/pages\/12986\/revisions"}],"wp:attachment":[{"href":"https:\/\/www.unavets.com\/inca\/es\/wp-json\/wp\/v2\/media?parent=12986"}],"curies":[{"name":"wp","href":"https:\/\/api.w.org\/{rel}","templated":true}]}}