{"id":12972,"date":"2020-10-27T21:41:57","date_gmt":"2020-10-27T21:41:57","guid":{"rendered":"http:\/\/www.unavets.com\/inca\/internal-medicine-2\/"},"modified":"2024-04-04T10:53:01","modified_gmt":"2024-04-04T10:53:01","slug":"medicina-interna","status":"publish","type":"page","link":"https:\/\/www.unavets.com\/inca\/es\/especialidades\/medicina-interna\/","title":{"rendered":"Medicina interna"},"content":{"rendered":"\t\t<div data-elementor-type=\"wp-page\" data-elementor-id=\"12972\" class=\"elementor elementor-12972 elementor-1131\" data-elementor-post-type=\"page\">\n\t\t\t\t\t\t<section class=\"elementor-section elementor-top-section elementor-element elementor-element-3b7f1f2 elementor-section-boxed elementor-section-height-default elementor-section-height-default\" data-id=\"3b7f1f2\" data-element_type=\"section\" data-e-type=\"section\" id=\"main-sec\">\n\t\t\t\t\t\t<div class=\"elementor-container elementor-column-gap-default\">\n\t\t\t\t\t<div class=\"elementor-column elementor-col-100 elementor-top-column elementor-element elementor-element-138c88c\" data-id=\"138c88c\" data-element_type=\"column\" data-e-type=\"column\">\n\t\t\t<div class=\"elementor-widget-wrap elementor-element-populated\">\n\t\t\t\t\t\t<div class=\"elementor-element elementor-element-ec83cf0 elementor-widget elementor-widget-section_titleleft\" data-id=\"ec83cf0\" data-element_type=\"widget\" data-e-type=\"widget\" data-widget_type=\"section_titleleft.default\">\n\t\t\t\t<div class=\"elementor-widget-container\">\n\t\t\t\t\t        <div class=\"ab_text-title fl-wrap\">\n            Los especialistas en medicina interna de Hospital Veterinari Ciutat D\u2019Inca en Mallorca, tratan problemas en los \u00f3rganos internos de tu mascota mediante procedimientos no quir\u00fargicos.\n<span class=\"section-separator fl-sec-sep\"><\/span>        <\/div>\n        \t\t\t\t<\/div>\n\t\t\t\t<\/div>\n\t\t\t\t\t<\/div>\n\t\t<\/div>\n\t\t\t\t\t<\/div>\n\t\t<\/section>\n\t\t\t\t<section class=\"elementor-section elementor-top-section elementor-element elementor-element-d993722 elementor-section-boxed elementor-section-height-default elementor-section-height-default\" data-id=\"d993722\" data-element_type=\"section\" data-e-type=\"section\">\n\t\t\t\t\t\t<div class=\"elementor-container elementor-column-gap-default\">\n\t\t\t\t\t<div class=\"elementor-column elementor-col-50 elementor-top-column elementor-element elementor-element-065811d\" data-id=\"065811d\" data-element_type=\"column\" data-e-type=\"column\">\n\t\t\t<div class=\"elementor-widget-wrap elementor-element-populated\">\n\t\t\t\t\t\t<div class=\"elementor-element elementor-element-63d99ac elementor-widget elementor-widget-text-editor\" data-id=\"63d99ac\" data-element_type=\"widget\" data-e-type=\"widget\" data-widget_type=\"text-editor.default\">\n\t\t\t\t<div class=\"elementor-widget-container\">\n\t\t\t\t\t\t\t\t\t<p>Los especialistas de Hospital Veterinari Ciutat D\u2019Inca en medicina interna centran su labor en la atenci\u00f3n de aquellos animales cuyo diagn\u00f3stico es m\u00e1s complejo, debido a que experimentan s\u00edntomas en varios \u00f3rganos, aparatos o sistemas del organismo, o padecen varias enfermedades.<\/p><p>La medicina interna constituye la rama principal de la cual derivan varias subespecialidades:<\/p><ul><li>Endocrinolog\u00eda: estudia el sistema endocrino, compuesto por la gl\u00e1ndula tiroides, las gl\u00e1ndulas suprarrenales, el p\u00e1ncreas, el hipot\u00e1lamo y la gl\u00e1ndula pituitaria.<\/li><li>Gastroenterolog\u00eda: estudia el sistema digestivo, compuesto por el es\u00f3fago, el est\u00f3mago, los intestinos delgado y grueso, el h\u00edgado, los conductos biliares y el p\u00e1ncreas.<\/li><li>Nefrolog\u00eda: estudia la estructura y funci\u00f3n de los ri\u00f1ones, as\u00ed como la prevenci\u00f3n y el tratamiento de las enfermedades renales.<\/li><li>Urolog\u00eda: estudia el tracto urinario inferior, formado por la vejiga y la uretra.<\/li><li>Neumolog\u00eda: estudia las v\u00edas respiratorias superiores \u23e4que comprenden la nariz, la nasofaringe, la laringe y la tr\u00e1quea\u23e4 y las inferiores \u23e4que incluyen los bronquios y los pulmones\u23e4.<\/li><\/ul>\t\t\t\t\t\t\t\t<\/div>\n\t\t\t\t<\/div>\n\t\t\t\t\t<\/div>\n\t\t<\/div>\n\t\t\t\t<div class=\"elementor-column elementor-col-50 elementor-top-column elementor-element elementor-element-2048e61\" data-id=\"2048e61\" data-element_type=\"column\" data-e-type=\"column\">\n\t\t\t<div class=\"elementor-widget-wrap elementor-element-populated\">\n\t\t\t\t\t\t<div class=\"elementor-element elementor-element-dc7c821 elementor-widget elementor-widget-image\" data-id=\"dc7c821\" data-element_type=\"widget\" data-e-type=\"widget\" data-widget_type=\"image.default\">\n\t\t\t\t<div class=\"elementor-widget-container\">\n\t\t\t\t\t\t\t\t\t\t\t\t\t\t\t<img fetchpriority=\"high\" width=\"724\" height=\"483\" class=\"attachment-large size-large wp-image-21294 lazy\" alt=\"\" data-src=\"https:\/\/www.unavets.com\/inca\/wp-content\/uploads\/sites\/49\/2024\/04\/hospital-veterinario-inca-medicina-interna2.jpg\" data-lazy=\"https:\/\/www.unavets.com\/inca\/wp-content\/uploads\/sites\/49\/2024\/04\/hospital-veterinario-inca-medicina-interna2.jpg\" \/>\t\t\t\t\t\t\t\t\t\t\t\t\t\t\t<\/div>\n\t\t\t\t<\/div>\n\t\t\t\t<div class=\"elementor-element elementor-element-d62dfeb elementor-align-center elementor-widget elementor-widget-button\" data-id=\"d62dfeb\" data-element_type=\"widget\" data-e-type=\"widget\" data-widget_type=\"button.default\">\n\t\t\t\t<div class=\"elementor-widget-container\">\n\t\t\t\t\t\t\t\t\t<div class=\"elementor-button-wrapper\">\n\t\t\t\t\t<a class=\"elementor-button elementor-button-link elementor-size-md\" href=\"tel:%20971%20505%20483\">\n\t\t\t\t\t\t<span class=\"elementor-button-content-wrapper\">\n\t\t\t\t\t\t<span class=\"elementor-button-icon\">\n\t\t\t\t<i aria-hidden=\"true\" class=\"far fa-calendar-alt\"><\/i>\t\t\t<\/span>\n\t\t\t\t\t\t\t\t\t<span class=\"elementor-button-text\">Pide cita<\/span>\n\t\t\t\t\t<\/span>\n\t\t\t\t\t<\/a>\n\t\t\t\t<\/div>\n\t\t\t\t\t\t\t\t<\/div>\n\t\t\t\t<\/div>\n\t\t\t\t\t<\/div>\n\t\t<\/div>\n\t\t\t\t\t<\/div>\n\t\t<\/section>\n\t\t\t\t<section class=\"elementor-section elementor-top-section elementor-element elementor-element-f99919d elementor-section-boxed elementor-section-height-default elementor-section-height-default\" data-id=\"f99919d\" data-element_type=\"section\" data-e-type=\"section\">\n\t\t\t\t\t\t<div class=\"elementor-container elementor-column-gap-default\">\n\t\t\t\t\t<div class=\"elementor-column elementor-col-100 elementor-top-column elementor-element elementor-element-528ec41\" data-id=\"528ec41\" data-element_type=\"column\" data-e-type=\"column\">\n\t\t\t<div class=\"elementor-widget-wrap elementor-element-populated\">\n\t\t\t\t\t\t<div class=\"elementor-element elementor-element-8ea8c9f elementor-widget elementor-widget-text-editor\" data-id=\"8ea8c9f\" data-element_type=\"widget\" data-e-type=\"widget\" data-widget_type=\"text-editor.default\">\n\t\t\t\t<div class=\"elementor-widget-container\">\n\t\t\t\t\t\t\t\t\t<p>La medicina interna es probablemente la especialidad m\u00e1s completa que hay ya que engloba los distintos \u00f3rganos y sistemas y se apoya en m\u00faltiples t\u00e9cnicas de diagn\u00f3stico sin las cuales no se podr\u00eda llegar a un diagn\u00f3stico y un tratamiento adecuados.<\/p><p><strong>El equipo veterinario del Hospital Veterinari Ciutat D\u2019Inca dispone de una amplia experiencia<\/strong> en este campo y est\u00e1 en continua formaci\u00f3n con la asistencia a congresos nacionales e internacionales, cursos de formaci\u00f3n especializados y suscripci\u00f3n a revistas y foros cient\u00edficas de actualidad para poder ofrecer a nuestros pacientes las t\u00e9cnicas m\u00e1s avanzadas y las \u00faltimas actualizaciones en diagn\u00f3stico y terapias.<\/p><p>Adem\u00e1s nos apoyamos en un equipamiento de alta tecnolog\u00eda para poder realizar las distintas pruebas diagn\u00f3sticas necesarias en cada momento, base fundamental para una r\u00e1pida y correcta actuaci\u00f3n as\u00ed como unas instalaciones que nos permiten atender a nuestros pacientes hospitalizados de forma exclusiva. Esta tecnolog\u00eda junto con la preparaci\u00f3n de nuestro equipo, nos permite ofrecer un servicio de urgencias veterinarias en el que atendemos pacientes remitidos de muchas otras cl\u00ednicas que se apoyan en nosotros para cubrir este aspecto tan importante de la medicina veterinaria.<\/p><p>Nuestro af\u00e1n por ofrecer un servicio especializado nos hace tener un equipo vers\u00e1til, especializado en distintos campos para poder cubrir todas las necesidades de nuestros pacientes.<\/p><p><strong>En Hospital Veterinari Ciutat D\u2019Inca apostamos por la prevenci\u00f3n a trav\u00e9s de nuestras campa\u00f1as de diagn\u00f3stico precoz, geriatr\u00eda, pediatr\u00eda, asesoramiento individualizado en alimentaci\u00f3n, planes de salud para cada uno de nuestros pacientes,<\/strong> \u2026consiguiendo unas mascotas sanas y con un excelente control sanitario que repercute directamente en cada miembro da la familia.<\/p>\t\t\t\t\t\t\t\t<\/div>\n\t\t\t\t<\/div>\n\t\t\t\t\t<\/div>\n\t\t<\/div>\n\t\t\t\t\t<\/div>\n\t\t<\/section>\n\t\t\t\t<\/div>\n\t\t","protected":false},"excerpt":{"rendered":"<p>Los especialistas en medicina interna de en , tratan problemas en los \u00f3rganos internos de tu mascota mediante procedimientos no quir\u00fargicos. Los especialistas de en medicina interna centran su labor en la atenci\u00f3n de aquellos animales cuyo diagn\u00f3stico es m\u00e1s complejo, debido a que experimentan s\u00edntomas en varios \u00f3rganos, aparatos o sistemas del organismo, o &hellip; <\/p>\n","protected":false},"author":8,"featured_media":0,"parent":13592,"menu_order":0,"comment_status":"closed","ping_status":"closed","template":"page-fullwidth.php","meta":{"_acf_changed":false,"content-type":"","footnotes":""},"class_list":["post-12972","page","type-page","status-publish","hentry"],"acf":[],"_links":{"self":[{"href":"https:\/\/www.unavets.com\/inca\/es\/wp-json\/wp\/v2\/pages\/12972","targetHints":{"allow":["GET"]}}],"collection":[{"href":"https:\/\/www.unavets.com\/inca\/es\/wp-json\/wp\/v2\/pages"}],"about":[{"href":"https:\/\/www.unavets.com\/inca\/es\/wp-json\/wp\/v2\/types\/page"}],"author":[{"embeddable":true,"href":"https:\/\/www.unavets.com\/inca\/es\/wp-json\/wp\/v2\/users\/8"}],"replies":[{"embeddable":true,"href":"https:\/\/www.unavets.com\/inca\/es\/wp-json\/wp\/v2\/comments?post=12972"}],"version-history":[{"count":11,"href":"https:\/\/www.unavets.com\/inca\/es\/wp-json\/wp\/v2\/pages\/12972\/revisions"}],"predecessor-version":[{"id":21299,"href":"https:\/\/www.unavets.com\/inca\/es\/wp-json\/wp\/v2\/pages\/12972\/revisions\/21299"}],"up":[{"embeddable":true,"href":"https:\/\/www.unavets.com\/inca\/es\/wp-json\/wp\/v2\/pages\/13592"}],"wp:attachment":[{"href":"https:\/\/www.unavets.com\/inca\/es\/wp-json\/wp\/v2\/media?parent=12972"}],"curies":[{"name":"wp","href":"https:\/\/api.w.org\/{rel}","templated":true}]}}