{"id":12806,"date":"2020-10-12T15:01:39","date_gmt":"2020-10-12T15:01:39","guid":{"rendered":"http:\/\/www.unavets.com\/inca\/diagnostic-imaging\/"},"modified":"2025-07-17T13:14:42","modified_gmt":"2025-07-17T13:14:42","slug":"radiologia-ecografia","status":"publish","type":"page","link":"https:\/\/www.unavets.com\/inca\/es\/servicios\/radiologia-ecografia\/","title":{"rendered":"Radiolog\u00eda y Ecograf\u00eda"},"content":{"rendered":"\t\t<div data-elementor-type=\"wp-page\" data-elementor-id=\"12806\" class=\"elementor elementor-12806 elementor-652\" data-elementor-post-type=\"page\">\n\t\t\t\t\t\t<section class=\"elementor-section elementor-top-section elementor-element elementor-element-3b7f1f2 elementor-section-boxed elementor-section-height-default elementor-section-height-default\" data-id=\"3b7f1f2\" data-element_type=\"section\" data-e-type=\"section\" id=\"main-sec\">\n\t\t\t\t\t\t<div class=\"elementor-container elementor-column-gap-default\">\n\t\t\t\t\t<div class=\"elementor-column elementor-col-100 elementor-top-column elementor-element elementor-element-138c88c\" data-id=\"138c88c\" data-element_type=\"column\" data-e-type=\"column\">\n\t\t\t<div class=\"elementor-widget-wrap elementor-element-populated\">\n\t\t\t\t\t\t<div class=\"elementor-element elementor-element-ec83cf0 elementor-widget elementor-widget-section_titleleft\" data-id=\"ec83cf0\" data-element_type=\"widget\" data-e-type=\"widget\" data-widget_type=\"section_titleleft.default\">\n\t\t\t\t<div class=\"elementor-widget-container\">\n\t\t\t\t\t        <div class=\"ab_text-title fl-wrap\">\n            <h3>Importancia de las pruebas de diagn\u00f3stico por imagen <\/h3><span class=\"section-separator fl-sec-sep\"><\/span>        <\/div>\n        \t\t\t\t<\/div>\n\t\t\t\t<\/div>\n\t\t\t\t\t<\/div>\n\t\t<\/div>\n\t\t\t\t\t<\/div>\n\t\t<\/section>\n\t\t\t\t<section class=\"elementor-section elementor-top-section elementor-element elementor-element-cf266a3 elementor-section-boxed elementor-section-height-default elementor-section-height-default\" data-id=\"cf266a3\" data-element_type=\"section\" data-e-type=\"section\">\n\t\t\t\t\t\t<div class=\"elementor-container elementor-column-gap-default\">\n\t\t\t\t\t<div class=\"elementor-column elementor-col-50 elementor-top-column elementor-element elementor-element-d07674b\" data-id=\"d07674b\" data-element_type=\"column\" data-e-type=\"column\">\n\t\t\t<div class=\"elementor-widget-wrap elementor-element-populated\">\n\t\t\t\t\t\t<div class=\"elementor-element elementor-element-d72ed19 elementor-widget elementor-widget-text-editor\" data-id=\"d72ed19\" data-element_type=\"widget\" data-e-type=\"widget\" data-widget_type=\"text-editor.default\">\n\t\t\t\t<div class=\"elementor-widget-container\">\n\t\t\t\t\t\t\t\t\t<p>Cuando tu perro o gato tiene un problema de salud, nuestros veterinarios de Hospital Veterinari Ciutat D\u2019Inca utilizan diferentes t\u00e9cnicas para averiguar cu\u00e1l es el origen del problema.<\/p><p>Cambios en la temperatura corporal, peso, apetito y en los niveles de energ\u00eda pueden indicar un problema que requiera m\u00e1s atenci\u00f3n. La sensibilidad en determinadas \u00e1reas del cuerpo o la resistencia a cargar peso en las extremidades pueden indicar un problema imperceptible a simple vista.<\/p><p>En estos casos, el veterinario puede recomendar una o m\u00e1s pruebas que pueden proporcionar informaci\u00f3n sobre qu\u00e9 puede estar ocurriendo. En algunos casos, es posible que ni siquiera se sospeche que el animal padece una lesi\u00f3n, pero una prueba permitir\u00e1 identificar un problema incipiente, que se puede tratar antes de que se convierta en una lesi\u00f3n m\u00e1s grave.<\/p>\t\t\t\t\t\t\t\t<\/div>\n\t\t\t\t<\/div>\n\t\t\t\t<div class=\"elementor-element elementor-element-6f3848d elementor-align-center elementor-widget elementor-widget-button\" data-id=\"6f3848d\" data-element_type=\"widget\" data-e-type=\"widget\" data-widget_type=\"button.default\">\n\t\t\t\t<div class=\"elementor-widget-container\">\n\t\t\t\t\t\t\t\t\t<div class=\"elementor-button-wrapper\">\n\t\t\t\t\t<a class=\"elementor-button elementor-size-md\" role=\"button\">\n\t\t\t\t\t\t<span class=\"elementor-button-content-wrapper\">\n\t\t\t\t\t\t<span class=\"elementor-button-icon\">\n\t\t\t\t<i aria-hidden=\"true\" class=\"far fa-calendar-alt\"><\/i>\t\t\t<\/span>\n\t\t\t\t\t\t\t\t\t<span class=\"elementor-button-text\">Pide cita<\/span>\n\t\t\t\t\t<\/span>\n\t\t\t\t\t<\/a>\n\t\t\t\t<\/div>\n\t\t\t\t\t\t\t\t<\/div>\n\t\t\t\t<\/div>\n\t\t\t\t\t<\/div>\n\t\t<\/div>\n\t\t\t\t<div class=\"elementor-column elementor-col-50 elementor-top-column elementor-element elementor-element-fb1b368\" data-id=\"fb1b368\" data-element_type=\"column\" data-e-type=\"column\">\n\t\t\t<div class=\"elementor-widget-wrap elementor-element-populated\">\n\t\t\t\t\t\t<div class=\"elementor-element elementor-element-2bd9117 elementor-widget elementor-widget-image\" data-id=\"2bd9117\" data-element_type=\"widget\" data-e-type=\"widget\" data-widget_type=\"image.default\">\n\t\t\t\t<div class=\"elementor-widget-container\">\n\t\t\t\t\t\t\t\t\t\t\t\t\t\t\t<img fetchpriority=\"high\" width=\"724\" height=\"481\" class=\"attachment-large size-large wp-image-21988 lazy\" alt=\"\" data-src=\"https:\/\/www.unavets.com\/inca\/wp-content\/uploads\/sites\/49\/2025\/07\/gari-5-1024x680.jpg\" data-lazy=\"https:\/\/www.unavets.com\/inca\/wp-content\/uploads\/sites\/49\/2025\/07\/gari-5-1024x680.jpg\" \/>\t\t\t\t\t\t\t\t\t\t\t\t\t\t\t<\/div>\n\t\t\t\t<\/div>\n\t\t\t\t\t<\/div>\n\t\t<\/div>\n\t\t\t\t\t<\/div>\n\t\t<\/section>\n\t\t\t\t<section class=\"elementor-section elementor-top-section elementor-element elementor-element-c6e8d26 elementor-section-boxed elementor-section-height-default elementor-section-height-default\" data-id=\"c6e8d26\" data-element_type=\"section\" data-e-type=\"section\">\n\t\t\t\t\t\t<div class=\"elementor-container elementor-column-gap-default\">\n\t\t\t\t\t<div class=\"elementor-column elementor-col-100 elementor-top-column elementor-element elementor-element-d92d362\" data-id=\"d92d362\" data-element_type=\"column\" data-e-type=\"column\">\n\t\t\t<div class=\"elementor-widget-wrap elementor-element-populated\">\n\t\t\t\t\t\t<div class=\"elementor-element elementor-element-70fb1ad elementor-widget elementor-widget-section_titleleft\" data-id=\"70fb1ad\" data-element_type=\"widget\" data-e-type=\"widget\" data-widget_type=\"section_titleleft.default\">\n\t\t\t\t<div class=\"elementor-widget-container\">\n\t\t\t\t\t        <div class=\"ab_text-title fl-wrap\">\n            <h3>Pruebas de diagn\u00f3stico habituales<\/h3><span class=\"section-separator fl-sec-sep\"><\/span>        <\/div>\n        \t\t\t\t<\/div>\n\t\t\t\t<\/div>\n\t\t\t\t\t<\/div>\n\t\t<\/div>\n\t\t\t\t\t<\/div>\n\t\t<\/section>\n\t\t\t\t<section class=\"elementor-section elementor-top-section elementor-element elementor-element-4bcd0ca elementor-section-boxed elementor-section-height-default elementor-section-height-default\" data-id=\"4bcd0ca\" data-element_type=\"section\" data-e-type=\"section\">\n\t\t\t\t\t\t<div class=\"elementor-container elementor-column-gap-default\">\n\t\t\t\t\t<div class=\"elementor-column elementor-col-50 elementor-top-column elementor-element elementor-element-a69d28f\" data-id=\"a69d28f\" data-element_type=\"column\" data-e-type=\"column\">\n\t\t\t<div class=\"elementor-widget-wrap elementor-element-populated\">\n\t\t\t\t\t\t<div class=\"elementor-element elementor-element-9b0572e elementor-widget elementor-widget-image\" data-id=\"9b0572e\" data-element_type=\"widget\" data-e-type=\"widget\" data-widget_type=\"image.default\">\n\t\t\t\t<div class=\"elementor-widget-container\">\n\t\t\t\t\t\t\t\t\t\t\t\t\t\t\t<img width=\"724\" height=\"481\" class=\"attachment-large size-large wp-image-21992 lazy\" alt=\"\" data-src=\"https:\/\/www.unavets.com\/inca\/wp-content\/uploads\/sites\/49\/2025\/07\/ecografia-garbi-1024x681.jpg\" data-lazy=\"https:\/\/www.unavets.com\/inca\/wp-content\/uploads\/sites\/49\/2025\/07\/ecografia-garbi-1024x681.jpg\" \/>\t\t\t\t\t\t\t\t\t\t\t\t\t\t\t<\/div>\n\t\t\t\t<\/div>\n\t\t\t\t\t<\/div>\n\t\t<\/div>\n\t\t\t\t<div class=\"elementor-column elementor-col-50 elementor-top-column elementor-element elementor-element-418406f\" data-id=\"418406f\" data-element_type=\"column\" data-e-type=\"column\">\n\t\t\t<div class=\"elementor-widget-wrap elementor-element-populated\">\n\t\t\t\t\t\t<div class=\"elementor-element elementor-element-81a92ab elementor-widget elementor-widget-text-editor\" data-id=\"81a92ab\" data-element_type=\"widget\" data-e-type=\"widget\" data-widget_type=\"text-editor.default\">\n\t\t\t\t<div class=\"elementor-widget-container\">\n\t\t\t\t\t\t\t\t\t<p>Hospital Veterinari Ciutat D\u2019Inca de Inca ofrece pruebas de diagn\u00f3stico de imagen tales como:<\/p>\n<ul>\n<li><strong>Radiograf\u00eda digital:\u00a0<\/strong>genera im\u00e1genes m\u00e1s n\u00edtidas que los aparatos de rayos x tradicionales, con una menor emisi\u00f3n de radiaci\u00f3n y exposici\u00f3n m\u00e1s corta, lo que supone una mejora en rapidez y calidad. Permite visualizar la radiograf\u00eda en un ordenador al momento e incluirla en distintos soportes inform\u00e1ticos.<\/li>\n<li><strong>Ecograf\u00eda: <\/strong>permiten visualizar lesiones en \u00f3rganos y otros trastornos. La ecograf\u00eda no utiliza radiaci\u00f3n ionizante, lo que la hace segura para el seguimiento de embarazos y para ex\u00e1menes frecuentes.\u00a0<\/li>\n<\/ul>\n<p>Estas pruebas son herramientas importantes que pueden ayudar al veterinario a mantener sanos a los animales de compa\u00f1\u00eda durante toda su vida.<\/p>\t\t\t\t\t\t\t\t<\/div>\n\t\t\t\t<\/div>\n\t\t\t\t<div class=\"elementor-element elementor-element-bf5a46f elementor-align-center elementor-widget elementor-widget-button\" data-id=\"bf5a46f\" data-element_type=\"widget\" data-e-type=\"widget\" data-widget_type=\"button.default\">\n\t\t\t\t<div class=\"elementor-widget-container\">\n\t\t\t\t\t\t\t\t\t<div class=\"elementor-button-wrapper\">\n\t\t\t\t\t<a class=\"elementor-button elementor-size-md\" role=\"button\">\n\t\t\t\t\t\t<span class=\"elementor-button-content-wrapper\">\n\t\t\t\t\t\t<span class=\"elementor-button-icon\">\n\t\t\t\t<i aria-hidden=\"true\" class=\"far fa-calendar-alt\"><\/i>\t\t\t<\/span>\n\t\t\t\t\t\t\t\t\t<span class=\"elementor-button-text\">Pide cita<\/span>\n\t\t\t\t\t<\/span>\n\t\t\t\t\t<\/a>\n\t\t\t\t<\/div>\n\t\t\t\t\t\t\t\t<\/div>\n\t\t\t\t<\/div>\n\t\t\t\t\t<\/div>\n\t\t<\/div>\n\t\t\t\t\t<\/div>\n\t\t<\/section>\n\t\t\t\t<\/div>\n\t\t","protected":false},"excerpt":{"rendered":"<p>Importancia de las pruebas de diagn\u00f3stico por imagen Cuando tu perro o gato tiene un problema de salud, nuestros veterinarios de utilizan diferentes t\u00e9cnicas para averiguar cu\u00e1l es el origen del problema. Cambios en la temperatura corporal, peso, apetito y en los niveles de energ\u00eda pueden indicar un problema que requiera m\u00e1s atenci\u00f3n. La sensibilidad &hellip; <\/p>\n","protected":false},"author":8,"featured_media":0,"parent":13564,"menu_order":0,"comment_status":"closed","ping_status":"closed","template":"page-fullwidth.php","meta":{"_acf_changed":false,"content-type":"","footnotes":""},"class_list":["post-12806","page","type-page","status-publish","hentry"],"acf":[],"_links":{"self":[{"href":"https:\/\/www.unavets.com\/inca\/es\/wp-json\/wp\/v2\/pages\/12806","targetHints":{"allow":["GET"]}}],"collection":[{"href":"https:\/\/www.unavets.com\/inca\/es\/wp-json\/wp\/v2\/pages"}],"about":[{"href":"https:\/\/www.unavets.com\/inca\/es\/wp-json\/wp\/v2\/types\/page"}],"author":[{"embeddable":true,"href":"https:\/\/www.unavets.com\/inca\/es\/wp-json\/wp\/v2\/users\/8"}],"replies":[{"embeddable":true,"href":"https:\/\/www.unavets.com\/inca\/es\/wp-json\/wp\/v2\/comments?post=12806"}],"version-history":[{"count":25,"href":"https:\/\/www.unavets.com\/inca\/es\/wp-json\/wp\/v2\/pages\/12806\/revisions"}],"predecessor-version":[{"id":21996,"href":"https:\/\/www.unavets.com\/inca\/es\/wp-json\/wp\/v2\/pages\/12806\/revisions\/21996"}],"up":[{"embeddable":true,"href":"https:\/\/www.unavets.com\/inca\/es\/wp-json\/wp\/v2\/pages\/13564"}],"wp:attachment":[{"href":"https:\/\/www.unavets.com\/inca\/es\/wp-json\/wp\/v2\/media?parent=12806"}],"curies":[{"name":"wp","href":"https:\/\/api.w.org\/{rel}","templated":true}]}}