{"id":14786,"date":"2021-06-11T11:25:15","date_gmt":"2021-06-11T11:25:15","guid":{"rendered":"http:\/\/www.unavets.com\/imva\/?page_id=14786"},"modified":"2023-05-04T14:23:25","modified_gmt":"2023-05-04T14:23:25","slug":"reproduccion","status":"publish","type":"page","link":"https:\/\/www.unavets.com\/imva\/es\/reproduccion\/","title":{"rendered":"Reproducci\u00f3n"},"content":{"rendered":"\t\t<div data-elementor-type=\"wp-page\" data-elementor-id=\"14786\" class=\"elementor elementor-14786\" data-elementor-post-type=\"page\">\n\t\t\t\t\t\t<section class=\"elementor-section elementor-top-section elementor-element elementor-element-d993722 elementor-section-boxed elementor-section-height-default elementor-section-height-default\" data-id=\"d993722\" data-element_type=\"section\" data-e-type=\"section\" id=\"main-sec\">\n\t\t\t\t\t\t<div class=\"elementor-container elementor-column-gap-default\">\n\t\t\t\t\t<div class=\"elementor-column elementor-col-100 elementor-top-column elementor-element elementor-element-065811d\" data-id=\"065811d\" data-element_type=\"column\" data-e-type=\"column\">\n\t\t\t<div class=\"elementor-widget-wrap elementor-element-populated\">\n\t\t\t\t\t\t<div class=\"elementor-element elementor-element-63d99ac elementor-widget elementor-widget-text-editor\" data-id=\"63d99ac\" data-element_type=\"widget\" data-e-type=\"widget\" data-widget_type=\"text-editor.default\">\n\t\t\t\t<div class=\"elementor-widget-container\">\n\t\t\t\t\t\t\t\t\t<div class=\"ewa-rteLine\"><div class=\"ewa-rteLine\"><div class=\"ewa-rteLine\"><p>En Instituto M\u00e9dico Veterinario de \u00c1lava, IMVA , ofrecemos el servicio de reproducci\u00f3n.<\/p><p>Como miembro del GERPAC, especialistas en reproducci\u00f3n de animales de compa\u00f1\u00eda, disponemos de los siguientes servicios:<\/p><p>\u00a0<\/p><ul><li>Estudio completo del ciclo reproductivo de la perra, hormonas, virus, bacterias&#8230;<\/li><li>Estudio completo del reproductor del perro: test\u00edculos, pr\u00f3stata, semen, su movilidad para refrigeraci\u00f3n y congelaci\u00f3n, refrigeraci\u00f3n de semen.<\/li><li>An\u00e1lisis de progesterona, estradial, testosterona, LH<\/li><li>Estudio de funci\u00f3n de pr\u00f3stata mediante citolog\u00eda, ecograf\u00eda, radiolog\u00eda y resonancia magn\u00e9tica.<\/li><li>An\u00e1lisis de pat\u00f3genos reproductivos (herpesvirus, brucelosis, toxoplasmosis&#8230;)<\/li><li>Refrigeraci\u00f3n y env\u00edo de semen.<\/li><li>Inseminaci\u00f3n artificial con semen fresco, refrigerado y congelado.<\/li><li>Servicio de inseminaci\u00f3n tradicional e intra\u00fatero.<\/li><li>Ces\u00e1reas programadas e incubadora.<\/li><\/ul><\/div><div>\u00a0<\/div><div class=\"ewa-rteLine\">\u00a0<\/div><\/div><\/div>\t\t\t\t\t\t\t\t<\/div>\n\t\t\t\t<\/div>\n\t\t\t\t<div class=\"elementor-element elementor-element-298ff43 elementor-align-center elementor-widget elementor-widget-button\" data-id=\"298ff43\" data-element_type=\"widget\" data-e-type=\"widget\" data-widget_type=\"button.default\">\n\t\t\t\t<div class=\"elementor-widget-container\">\n\t\t\t\t\t\t\t\t\t<div class=\"elementor-button-wrapper\">\n\t\t\t\t\t<a class=\"elementor-button elementor-button-link elementor-size-md\" href=\"https:\/\/www.unavets.com\/imva\/es\/contacto\/\">\n\t\t\t\t\t\t<span class=\"elementor-button-content-wrapper\">\n\t\t\t\t\t\t<span class=\"elementor-button-icon\">\n\t\t\t\t<i aria-hidden=\"true\" class=\"far fa-calendar-alt\"><\/i>\t\t\t<\/span>\n\t\t\t\t\t\t\t\t\t<span class=\"elementor-button-text\">Pide Cita<\/span>\n\t\t\t\t\t<\/span>\n\t\t\t\t\t<\/a>\n\t\t\t\t<\/div>\n\t\t\t\t\t\t\t\t<\/div>\n\t\t\t\t<\/div>\n\t\t\t\t\t<\/div>\n\t\t<\/div>\n\t\t\t\t\t<\/div>\n\t\t<\/section>\n\t\t\t\t<section class=\"elementor-section elementor-top-section elementor-element elementor-element-0ac1dc6 elementor-section-boxed elementor-section-height-default elementor-section-height-default\" data-id=\"0ac1dc6\" data-element_type=\"section\" data-e-type=\"section\">\n\t\t\t\t\t\t<div class=\"elementor-container elementor-column-gap-default\">\n\t\t\t\t\t<div class=\"elementor-column elementor-col-100 elementor-top-column elementor-element elementor-element-3652622\" data-id=\"3652622\" data-element_type=\"column\" data-e-type=\"column\">\n\t\t\t<div class=\"elementor-widget-wrap elementor-element-populated\">\n\t\t\t\t\t\t<div class=\"elementor-element elementor-element-dc7c821 elementor-widget elementor-widget-image\" data-id=\"dc7c821\" data-element_type=\"widget\" data-e-type=\"widget\" data-widget_type=\"image.default\">\n\t\t\t\t<div class=\"elementor-widget-container\">\n\t\t\t\t\t\t\t\t\t\t\t\t\t\t\t<img fetchpriority=\"high\" width=\"500\" height=\"500\" class=\"attachment-medium_large size-medium_large wp-image-19283 lazy\" alt=\"\" data-src=\"https:\/\/www.unavets.com\/imva\/wp-content\/uploads\/sites\/23\/2023\/04\/78.png\" data-lazy=\"https:\/\/www.unavets.com\/imva\/wp-content\/uploads\/sites\/23\/2023\/04\/78.png\" \/>\t\t\t\t\t\t\t\t\t\t\t\t\t\t\t<\/div>\n\t\t\t\t<\/div>\n\t\t\t\t\t<\/div>\n\t\t<\/div>\n\t\t\t\t\t<\/div>\n\t\t<\/section>\n\t\t\t\t<\/div>\n\t\t","protected":false},"excerpt":{"rendered":"<p>En Instituto M\u00e9dico Veterinario de \u00c1lava, IMVA , ofrecemos el servicio de reproducci\u00f3n. Como miembro del GERPAC, especialistas en reproducci\u00f3n de animales de compa\u00f1\u00eda, disponemos de los siguientes servicios: Estudio completo del ciclo reproductivo de la perra, hormonas, virus, bacterias&#8230; Estudio completo del reproductor del perro: test\u00edculos, pr\u00f3stata, semen, su movilidad para refrigeraci\u00f3n y congelaci\u00f3n, &hellip; <\/p>\n","protected":false},"author":8,"featured_media":0,"parent":0,"menu_order":0,"comment_status":"closed","ping_status":"closed","template":"page-fullwidth.php","meta":{"_acf_changed":false,"content-type":"","footnotes":""},"class_list":["post-14786","page","type-page","status-publish","hentry"],"acf":[],"_links":{"self":[{"href":"https:\/\/www.unavets.com\/imva\/es\/wp-json\/wp\/v2\/pages\/14786","targetHints":{"allow":["GET"]}}],"collection":[{"href":"https:\/\/www.unavets.com\/imva\/es\/wp-json\/wp\/v2\/pages"}],"about":[{"href":"https:\/\/www.unavets.com\/imva\/es\/wp-json\/wp\/v2\/types\/page"}],"author":[{"embeddable":true,"href":"https:\/\/www.unavets.com\/imva\/es\/wp-json\/wp\/v2\/users\/8"}],"replies":[{"embeddable":true,"href":"https:\/\/www.unavets.com\/imva\/es\/wp-json\/wp\/v2\/comments?post=14786"}],"version-history":[{"count":0,"href":"https:\/\/www.unavets.com\/imva\/es\/wp-json\/wp\/v2\/pages\/14786\/revisions"}],"wp:attachment":[{"href":"https:\/\/www.unavets.com\/imva\/es\/wp-json\/wp\/v2\/media?parent=14786"}],"curies":[{"name":"wp","href":"https:\/\/api.w.org\/{rel}","templated":true}]}}