{"id":14910,"date":"2021-06-14T11:21:38","date_gmt":"2021-06-14T11:21:38","guid":{"rendered":"http:\/\/www.unavets.com\/icanatura\/?page_id=14910"},"modified":"2026-03-03T15:36:24","modified_gmt":"2026-03-03T15:36:24","slug":"esterilizacion","status":"publish","type":"page","link":"https:\/\/www.unavets.com\/icanatura\/es\/esterilizacion\/","title":{"rendered":"Esterilizaci\u00f3n"},"content":{"rendered":"\t\t<div data-elementor-type=\"wp-page\" data-elementor-id=\"14910\" class=\"elementor elementor-14910 elementor-14903\" data-elementor-post-type=\"page\">\n\t\t\t\t\t\t<section class=\"elementor-section elementor-top-section elementor-element elementor-element-d993722 elementor-section-boxed elementor-section-height-default elementor-section-height-default\" data-id=\"d993722\" data-element_type=\"section\" data-e-type=\"section\" id=\"main-sec\">\n\t\t\t\t\t\t<div class=\"elementor-container elementor-column-gap-default\">\n\t\t\t\t\t<div class=\"elementor-column elementor-col-100 elementor-top-column elementor-element elementor-element-065811d\" data-id=\"065811d\" data-element_type=\"column\" data-e-type=\"column\">\n\t\t\t<div class=\"elementor-widget-wrap elementor-element-populated\">\n\t\t\t\t\t\t<div class=\"elementor-element elementor-element-63d99ac elementor-widget elementor-widget-text-editor\" data-id=\"63d99ac\" data-element_type=\"widget\" data-e-type=\"widget\" data-widget_type=\"text-editor.default\">\n\t\t\t\t<div class=\"elementor-widget-container\">\n\t\t\t\t\t\t\t\t\t<div class=\"ewa-rteLine\"><div class=\"ewa-rteLine\"><div><p>La esterilizaci\u00f3n o castraci\u00f3n es un procedimiento quir\u00fargico com\u00fan realizado por los veterinarios de <span data-sheets-value=\"{\" data-sheets-userformat=\"{\">ICA Natura<\/span> en el que se extirpan los ovarios y el \u00fatero en las hembras y los test\u00edculos en los machos. Se realiza en un quir\u00f3fano est\u00e9ril bajo anestesia general, analgesia, monitorizaci\u00f3n constante y supervisi\u00f3n durante la recuperaci\u00f3n tras la operaci\u00f3n. En general, la esterilizaci\u00f3n evita la reproducci\u00f3n incontrolada o no deseada y el posible abandono de los cachorros.<\/p><p>La esterilizaci\u00f3n tambi\u00e9n reduce algunos problemas de comportamiento atribuidos a las hormonas, como el marcaje con orina y la dominancia.<\/p><ul><li><strong>Machos castrados:<\/strong> Reduce el riesgo de hiperplasia prost\u00e1tica, tumores perianales y c\u00e1ncer testicular.<\/li><li><strong>Hembras esterilizadas:<\/strong> Reduce el riesgo de tumores mamarios. Elimina el riesgo de trastornos hormonales y de celo, tumores en los ovarios, el \u00fatero y el cuello uterino, e infecciones uterinas como la piometra.<\/li><\/ul><\/div><div class=\"ewa-rteLine\">\u00a0<\/div><\/div><\/div>\t\t\t\t\t\t\t\t<\/div>\n\t\t\t\t<\/div>\n\t\t\t\t<div class=\"elementor-element elementor-element-19ef4c5 elementor-align-center elementor-widget elementor-widget-button\" data-id=\"19ef4c5\" data-element_type=\"widget\" data-e-type=\"widget\" data-widget_type=\"button.default\">\n\t\t\t\t<div class=\"elementor-widget-container\">\n\t\t\t\t\t\t\t\t\t<div class=\"elementor-button-wrapper\">\n\t\t\t\t\t<a class=\"elementor-button elementor-button-link elementor-size-sm\" href=\"https:\/\/www.unavets.com\/icanatura\/es\/contacto\/\">\n\t\t\t\t\t\t<span class=\"elementor-button-content-wrapper\">\n\t\t\t\t\t\t<span class=\"elementor-button-icon\">\n\t\t\t\t<i aria-hidden=\"true\" class=\"far fa-calendar-alt\"><\/i>\t\t\t<\/span>\n\t\t\t\t\t\t\t\t\t<span class=\"elementor-button-text\">Pide cita<\/span>\n\t\t\t\t\t<\/span>\n\t\t\t\t\t<\/a>\n\t\t\t\t<\/div>\n\t\t\t\t\t\t\t\t<\/div>\n\t\t\t\t<\/div>\n\t\t\t\t\t<\/div>\n\t\t<\/div>\n\t\t\t\t\t<\/div>\n\t\t<\/section>\n\t\t\t\t<section class=\"elementor-section elementor-top-section elementor-element elementor-element-0ac1dc6 elementor-section-boxed elementor-section-height-default elementor-section-height-default\" data-id=\"0ac1dc6\" data-element_type=\"section\" data-e-type=\"section\">\n\t\t\t\t\t\t<div class=\"elementor-container elementor-column-gap-default\">\n\t\t\t\t\t<div class=\"elementor-column elementor-col-100 elementor-top-column elementor-element elementor-element-3652622\" data-id=\"3652622\" data-element_type=\"column\" data-e-type=\"column\">\n\t\t\t<div class=\"elementor-widget-wrap elementor-element-populated\">\n\t\t\t\t\t\t<div class=\"elementor-element elementor-element-dc7c821 elementor-widget elementor-widget-image\" data-id=\"dc7c821\" data-element_type=\"widget\" data-e-type=\"widget\" data-widget_type=\"image.default\">\n\t\t\t\t<div class=\"elementor-widget-container\">\n\t\t\t\t\t\t\t\t\t\t\t\t\t\t\t<img fetchpriority=\"high\" width=\"724\" height=\"483\" class=\"attachment-medium_large size-medium_large wp-image-21851 lazy\" alt=\"\" data-src=\"https:\/\/www.unavets.com\/icanatura\/wp-content\/uploads\/sites\/61\/2026\/03\/Fotos-Horizontales-para-web-41-768x512.jpg\" data-lazy=\"https:\/\/www.unavets.com\/icanatura\/wp-content\/uploads\/sites\/61\/2026\/03\/Fotos-Horizontales-para-web-41-768x512.jpg\" \/>\t\t\t\t\t\t\t\t\t\t\t\t\t\t\t<\/div>\n\t\t\t\t<\/div>\n\t\t\t\t\t<\/div>\n\t\t<\/div>\n\t\t\t\t\t<\/div>\n\t\t<\/section>\n\t\t\t\t<\/div>\n\t\t","protected":false},"excerpt":{"rendered":"<p>La esterilizaci\u00f3n o castraci\u00f3n es un procedimiento quir\u00fargico com\u00fan realizado por los veterinarios de en el que se extirpan los ovarios y el \u00fatero en las hembras y los test\u00edculos en los machos. Se realiza en un quir\u00f3fano est\u00e9ril bajo anestesia general, analgesia, monitorizaci\u00f3n constante y supervisi\u00f3n durante la recuperaci\u00f3n tras la operaci\u00f3n. En general, &hellip; <\/p>\n","protected":false},"author":4,"featured_media":0,"parent":0,"menu_order":0,"comment_status":"closed","ping_status":"closed","template":"page-fullwidth.php","meta":{"_acf_changed":false,"content-type":"","footnotes":""},"class_list":["post-14910","page","type-page","status-publish","hentry"],"acf":[],"_links":{"self":[{"href":"https:\/\/www.unavets.com\/icanatura\/es\/wp-json\/wp\/v2\/pages\/14910","targetHints":{"allow":["GET"]}}],"collection":[{"href":"https:\/\/www.unavets.com\/icanatura\/es\/wp-json\/wp\/v2\/pages"}],"about":[{"href":"https:\/\/www.unavets.com\/icanatura\/es\/wp-json\/wp\/v2\/types\/page"}],"author":[{"embeddable":true,"href":"https:\/\/www.unavets.com\/icanatura\/es\/wp-json\/wp\/v2\/users\/4"}],"replies":[{"embeddable":true,"href":"https:\/\/www.unavets.com\/icanatura\/es\/wp-json\/wp\/v2\/comments?post=14910"}],"version-history":[{"count":9,"href":"https:\/\/www.unavets.com\/icanatura\/es\/wp-json\/wp\/v2\/pages\/14910\/revisions"}],"predecessor-version":[{"id":21854,"href":"https:\/\/www.unavets.com\/icanatura\/es\/wp-json\/wp\/v2\/pages\/14910\/revisions\/21854"}],"wp:attachment":[{"href":"https:\/\/www.unavets.com\/icanatura\/es\/wp-json\/wp\/v2\/media?parent=14910"}],"curies":[{"name":"wp","href":"https:\/\/api.w.org\/{rel}","templated":true}]}}