{"id":14526,"date":"2021-06-08T12:58:12","date_gmt":"2021-06-08T12:58:12","guid":{"rendered":"http:\/\/www.unavets.com\/icanatura\/?page_id=14526"},"modified":"2026-03-04T11:13:05","modified_gmt":"2026-03-04T11:13:05","slug":"microchip","status":"publish","type":"page","link":"https:\/\/www.unavets.com\/icanatura\/es\/microchip\/","title":{"rendered":"Microchip"},"content":{"rendered":"\t\t<div data-elementor-type=\"wp-page\" data-elementor-id=\"14526\" class=\"elementor elementor-14526 elementor-14519\" data-elementor-post-type=\"page\">\n\t\t\t\t\t\t<section class=\"elementor-section elementor-top-section elementor-element elementor-element-d993722 elementor-section-boxed elementor-section-height-default elementor-section-height-default\" data-id=\"d993722\" data-element_type=\"section\" data-e-type=\"section\" id=\"main-sec\">\n\t\t\t\t\t\t<div class=\"elementor-container elementor-column-gap-default\">\n\t\t\t\t\t<div class=\"elementor-column elementor-col-100 elementor-top-column elementor-element elementor-element-065811d\" data-id=\"065811d\" data-element_type=\"column\" data-e-type=\"column\">\n\t\t\t<div class=\"elementor-widget-wrap elementor-element-populated\">\n\t\t\t\t\t\t<div class=\"elementor-element elementor-element-63d99ac elementor-widget elementor-widget-text-editor\" data-id=\"63d99ac\" data-element_type=\"widget\" data-e-type=\"widget\" data-widget_type=\"text-editor.default\">\n\t\t\t\t<div class=\"elementor-widget-container\">\n\t\t\t\t\t\t\t\t\t<div>Es obligaci\u00f3n de los propietarios identificar a sus animales de compa\u00f1\u00eda, en el caso de los perros y gatos, la identificaci\u00f3n de perros y gatos se debe hacer antes de los tres meses de edad por medio de un veterinario oficial o colaborador.<\/div><div>\u00a0<\/div><div>El microchip es un diminuto dispositivo electr\u00f3nico, del tama\u00f1o de un grano de arroz, que se implanta, bajo la piel, en el lado izquierdo del cuello del animal, mediante una inyecci\u00f3n sin necesidad de anestesia. En su interior tiene un c\u00f3digo \u00fanico de d\u00edgitos y letras que sirve para identificar al animal y est\u00e1 asociado a los datos de contacto de su familia: direcci\u00f3n, tel\u00e9fonos y nombres.<\/div><div>\u00a0<\/div><h5><strong>\u00bfPara qu\u00e9 sirve el microchip?<\/strong><\/h5><div>El microchip sirve como reconocimiento legal de que el animal de compa\u00f1\u00eda pertenece a una familia. Si el animal de compa\u00f1\u00eda se pierde y tiene un microchip aumentan las posibilidades de poder reconocerlo y que pueda volver a su hogar. En caso de robo, permite demostrar que el animal te pertenece. De la misma manera, si encuentras una mascota extraviada puedes llevarla a ICA Natura y, con ayuda de un lector, un auxiliar puede escanear el microchip, leer la informaci\u00f3n que contiene y localizar al propietario de la mascota.\u00a0<\/div><div>\u00a0<\/div><div>ICA Natura en Lleida ofrece el servicio de Microchip.<\/div>\t\t\t\t\t\t\t\t<\/div>\n\t\t\t\t<\/div>\n\t\t\t\t<div class=\"elementor-element elementor-element-b36052d elementor-align-center elementor-widget elementor-widget-button\" data-id=\"b36052d\" data-element_type=\"widget\" data-e-type=\"widget\" data-widget_type=\"button.default\">\n\t\t\t\t<div class=\"elementor-widget-container\">\n\t\t\t\t\t\t\t\t\t<div class=\"elementor-button-wrapper\">\n\t\t\t\t\t<a class=\"elementor-button elementor-button-link elementor-size-md\" href=\"https:\/\/www.unavets.com\/icanatura\/es\/contacto\/\">\n\t\t\t\t\t\t<span class=\"elementor-button-content-wrapper\">\n\t\t\t\t\t\t<span class=\"elementor-button-icon\">\n\t\t\t\t<i aria-hidden=\"true\" class=\"far fa-calendar-alt\"><\/i>\t\t\t<\/span>\n\t\t\t\t\t\t\t\t\t<span class=\"elementor-button-text\">Pide Cita<\/span>\n\t\t\t\t\t<\/span>\n\t\t\t\t\t<\/a>\n\t\t\t\t<\/div>\n\t\t\t\t\t\t\t\t<\/div>\n\t\t\t\t<\/div>\n\t\t\t\t\t<\/div>\n\t\t<\/div>\n\t\t\t\t\t<\/div>\n\t\t<\/section>\n\t\t\t\t<section class=\"elementor-section elementor-top-section elementor-element elementor-element-099b2a8 elementor-section-boxed elementor-section-height-default elementor-section-height-default\" data-id=\"099b2a8\" data-element_type=\"section\" data-e-type=\"section\">\n\t\t\t\t\t\t<div class=\"elementor-container elementor-column-gap-default\">\n\t\t\t\t\t<div class=\"elementor-column elementor-col-100 elementor-top-column elementor-element elementor-element-109b8aa\" data-id=\"109b8aa\" data-element_type=\"column\" data-e-type=\"column\">\n\t\t\t<div class=\"elementor-widget-wrap elementor-element-populated\">\n\t\t\t\t\t\t<div class=\"elementor-element elementor-element-dc7c821 elementor-widget elementor-widget-image\" data-id=\"dc7c821\" data-element_type=\"widget\" data-e-type=\"widget\" data-widget_type=\"image.default\">\n\t\t\t\t<div class=\"elementor-widget-container\">\n\t\t\t\t\t\t\t\t\t\t\t\t\t\t\t<img fetchpriority=\"high\" width=\"724\" height=\"483\" class=\"attachment-medium_large size-medium_large wp-image-21902 lazy\" alt=\"\" data-src=\"https:\/\/www.unavets.com\/icanatura\/wp-content\/uploads\/sites\/61\/2026\/03\/Fotos-Horizontales-para-web-43-768x512.jpg\" data-lazy=\"https:\/\/www.unavets.com\/icanatura\/wp-content\/uploads\/sites\/61\/2026\/03\/Fotos-Horizontales-para-web-43-768x512.jpg\" \/>\t\t\t\t\t\t\t\t\t\t\t\t\t\t\t<\/div>\n\t\t\t\t<\/div>\n\t\t\t\t\t<\/div>\n\t\t<\/div>\n\t\t\t\t\t<\/div>\n\t\t<\/section>\n\t\t\t\t<\/div>\n\t\t","protected":false},"excerpt":{"rendered":"<p>Es obligaci\u00f3n de los propietarios identificar a sus animales de compa\u00f1\u00eda, en el caso de los perros y gatos, la identificaci\u00f3n de perros y gatos se debe hacer antes de los tres meses de edad por medio de un veterinario oficial o colaborador.\u00a0El microchip es un diminuto dispositivo electr\u00f3nico, del tama\u00f1o de un grano de &hellip; <\/p>\n","protected":false},"author":4,"featured_media":0,"parent":0,"menu_order":0,"comment_status":"closed","ping_status":"closed","template":"page-fullwidth.php","meta":{"_acf_changed":false,"content-type":"","footnotes":""},"class_list":["post-14526","page","type-page","status-publish","hentry"],"acf":[],"_links":{"self":[{"href":"https:\/\/www.unavets.com\/icanatura\/es\/wp-json\/wp\/v2\/pages\/14526","targetHints":{"allow":["GET"]}}],"collection":[{"href":"https:\/\/www.unavets.com\/icanatura\/es\/wp-json\/wp\/v2\/pages"}],"about":[{"href":"https:\/\/www.unavets.com\/icanatura\/es\/wp-json\/wp\/v2\/types\/page"}],"author":[{"embeddable":true,"href":"https:\/\/www.unavets.com\/icanatura\/es\/wp-json\/wp\/v2\/users\/4"}],"replies":[{"embeddable":true,"href":"https:\/\/www.unavets.com\/icanatura\/es\/wp-json\/wp\/v2\/comments?post=14526"}],"version-history":[{"count":9,"href":"https:\/\/www.unavets.com\/icanatura\/es\/wp-json\/wp\/v2\/pages\/14526\/revisions"}],"predecessor-version":[{"id":21905,"href":"https:\/\/www.unavets.com\/icanatura\/es\/wp-json\/wp\/v2\/pages\/14526\/revisions\/21905"}],"wp:attachment":[{"href":"https:\/\/www.unavets.com\/icanatura\/es\/wp-json\/wp\/v2\/media?parent=14526"}],"curies":[{"name":"wp","href":"https:\/\/api.w.org\/{rel}","templated":true}]}}