{"id":14496,"date":"2021-06-04T12:36:28","date_gmt":"2021-06-04T12:36:28","guid":{"rendered":"http:\/\/www.unavets.com\/icanatura\/?page_id=14496"},"modified":"2026-03-03T16:42:55","modified_gmt":"2026-03-03T16:42:55","slug":"oftalmologia","status":"publish","type":"page","link":"https:\/\/www.unavets.com\/icanatura\/es\/oftalmologia\/","title":{"rendered":"Oftalmolog\u00eda"},"content":{"rendered":"\t\t<div data-elementor-type=\"wp-page\" data-elementor-id=\"14496\" class=\"elementor elementor-14496\" data-elementor-post-type=\"page\">\n\t\t\t\t\t\t<section class=\"elementor-section elementor-top-section elementor-element elementor-element-d993722 elementor-section-boxed elementor-section-height-default elementor-section-height-default\" data-id=\"d993722\" data-element_type=\"section\" data-e-type=\"section\" id=\"main-sec\">\n\t\t\t\t\t\t<div class=\"elementor-container elementor-column-gap-default\">\n\t\t\t\t\t<div class=\"elementor-column elementor-col-50 elementor-top-column elementor-element elementor-element-065811d\" data-id=\"065811d\" data-element_type=\"column\" data-e-type=\"column\">\n\t\t\t<div class=\"elementor-widget-wrap elementor-element-populated\">\n\t\t\t\t\t\t<div class=\"elementor-element elementor-element-63d99ac elementor-widget elementor-widget-text-editor\" data-id=\"63d99ac\" data-element_type=\"widget\" data-e-type=\"widget\" data-widget_type=\"text-editor.default\">\n\t\t\t\t<div class=\"elementor-widget-container\">\n\t\t\t\t\t\t\t\t\t<p>Las consultas de oftalmolog\u00eda son casi siempre motivo de urgencia; ya que una actuaci\u00f3n temprana tiene siempre un mejor pron\u00f3stico, signos como rascarse los ojos, tener los parpados cerrados o la secreci\u00f3n ocular son un buen motivo para acudir al veterinario.<\/p><p>Los ojos son estructuras muy delicadas y sensibles que permiten a nuestra mascota interactuar con el ambiente que la rodea gracias al sentido de la vista.\u00a0<\/p><p>El servicio de oftalmolog\u00eda de ICA Natura, cuenta con el equipo y el material necesario para garantizar un correcto diagn\u00f3stico y tratamiento de las enfermedades oculares m\u00e1s comunes.<\/p>\t\t\t\t\t\t\t\t<\/div>\n\t\t\t\t<\/div>\n\t\t\t\t<div class=\"elementor-element elementor-element-4a4b4c1 elementor-align-center elementor-widget elementor-widget-button\" data-id=\"4a4b4c1\" data-element_type=\"widget\" data-e-type=\"widget\" data-widget_type=\"button.default\">\n\t\t\t\t<div class=\"elementor-widget-container\">\n\t\t\t\t\t\t\t\t\t<div class=\"elementor-button-wrapper\">\n\t\t\t\t\t<a class=\"elementor-button elementor-button-link elementor-size-md\" href=\"https:\/\/www.unavets.com\/icanatura\/es\/contacto\/\">\n\t\t\t\t\t\t<span class=\"elementor-button-content-wrapper\">\n\t\t\t\t\t\t<span class=\"elementor-button-icon\">\n\t\t\t\t<i aria-hidden=\"true\" class=\"far fa-calendar-alt\"><\/i>\t\t\t<\/span>\n\t\t\t\t\t\t\t\t\t<span class=\"elementor-button-text\">Pide Cita<\/span>\n\t\t\t\t\t<\/span>\n\t\t\t\t\t<\/a>\n\t\t\t\t<\/div>\n\t\t\t\t\t\t\t\t<\/div>\n\t\t\t\t<\/div>\n\t\t\t\t\t<\/div>\n\t\t<\/div>\n\t\t\t\t<div class=\"elementor-column elementor-col-50 elementor-top-column elementor-element elementor-element-2048e61\" data-id=\"2048e61\" data-element_type=\"column\" data-e-type=\"column\">\n\t\t\t<div class=\"elementor-widget-wrap elementor-element-populated\">\n\t\t\t\t\t\t<div class=\"elementor-element elementor-element-dc7c821 elementor-widget elementor-widget-image\" data-id=\"dc7c821\" data-element_type=\"widget\" data-e-type=\"widget\" data-widget_type=\"image.default\">\n\t\t\t\t<div class=\"elementor-widget-container\">\n\t\t\t\t\t\t\t\t\t\t\t\t\t\t\t<img fetchpriority=\"high\" width=\"724\" height=\"474\" class=\"attachment-large size-large wp-image-21715 lazy\" alt=\"\" data-src=\"https:\/\/www.unavets.com\/icanatura\/wp-content\/uploads\/sites\/61\/2026\/03\/12-e1772556146994-1024x671.jpg\" data-lazy=\"https:\/\/www.unavets.com\/icanatura\/wp-content\/uploads\/sites\/61\/2026\/03\/12-e1772556146994-1024x671.jpg\" \/>\t\t\t\t\t\t\t\t\t\t\t\t\t\t\t<\/div>\n\t\t\t\t<\/div>\n\t\t\t\t\t<\/div>\n\t\t<\/div>\n\t\t\t\t\t<\/div>\n\t\t<\/section>\n\t\t\t\t<section class=\"elementor-section elementor-top-section elementor-element elementor-element-c6e8d26 elementor-section-boxed elementor-section-height-default elementor-section-height-default\" data-id=\"c6e8d26\" data-element_type=\"section\" data-e-type=\"section\">\n\t\t\t\t\t\t<div class=\"elementor-container elementor-column-gap-default\">\n\t\t\t\t\t<div class=\"elementor-column elementor-col-100 elementor-top-column elementor-element elementor-element-4abf806\" data-id=\"4abf806\" data-element_type=\"column\" data-e-type=\"column\">\n\t\t\t<div class=\"elementor-widget-wrap elementor-element-populated\">\n\t\t\t\t\t\t<div class=\"elementor-element elementor-element-3a275b2 elementor-widget elementor-widget-section_titleleft\" data-id=\"3a275b2\" data-element_type=\"widget\" data-e-type=\"widget\" data-widget_type=\"section_titleleft.default\">\n\t\t\t\t<div class=\"elementor-widget-container\">\n\t\t\t\t\t        <div class=\"ab_text-title fl-wrap\">\n            <h3>Lesiones oculares m\u00e1s frecuentes<\/h3><span class=\"section-separator fl-sec-sep\"><\/span>        <\/div>\n        \t\t\t\t<\/div>\n\t\t\t\t<\/div>\n\t\t\t\t\t<\/div>\n\t\t<\/div>\n\t\t\t\t\t<\/div>\n\t\t<\/section>\n\t\t\t\t<section class=\"elementor-section elementor-top-section elementor-element elementor-element-149f379 elementor-section-boxed elementor-section-height-default elementor-section-height-default\" data-id=\"149f379\" data-element_type=\"section\" data-e-type=\"section\">\n\t\t\t\t\t\t<div class=\"elementor-container elementor-column-gap-default\">\n\t\t\t\t\t<div class=\"elementor-column elementor-col-50 elementor-top-column elementor-element elementor-element-2a8ea5b\" data-id=\"2a8ea5b\" data-element_type=\"column\" data-e-type=\"column\">\n\t\t\t<div class=\"elementor-widget-wrap elementor-element-populated\">\n\t\t\t\t\t\t<div class=\"elementor-element elementor-element-01118fc elementor-widget elementor-widget-image\" data-id=\"01118fc\" data-element_type=\"widget\" data-e-type=\"widget\" data-widget_type=\"image.default\">\n\t\t\t\t<div class=\"elementor-widget-container\">\n\t\t\t\t\t\t\t\t\t\t\t\t\t\t\t<img width=\"658\" height=\"1024\" class=\"attachment-large size-large wp-image-14456 lazy\" alt=\"\" data-src=\"https:\/\/www.unavets.com\/icanatura\/wp-content\/uploads\/sites\/61\/2021\/06\/Ophthalmology-2.jpg\" data-lazy=\"https:\/\/www.unavets.com\/icanatura\/wp-content\/uploads\/sites\/61\/2021\/06\/Ophthalmology-2.jpg\" \/>\t\t\t\t\t\t\t\t\t\t\t\t\t\t\t<\/div>\n\t\t\t\t<\/div>\n\t\t\t\t<div class=\"elementor-element elementor-element-761474e elementor-align-center elementor-widget elementor-widget-button\" data-id=\"761474e\" data-element_type=\"widget\" data-e-type=\"widget\" data-widget_type=\"button.default\">\n\t\t\t\t<div class=\"elementor-widget-container\">\n\t\t\t\t\t\t\t\t\t<div class=\"elementor-button-wrapper\">\n\t\t\t\t\t<a class=\"elementor-button elementor-button-link elementor-size-md\" href=\"https:\/\/www.unavets.com\/icanatura\/es\/contacto\/\">\n\t\t\t\t\t\t<span class=\"elementor-button-content-wrapper\">\n\t\t\t\t\t\t<span class=\"elementor-button-icon\">\n\t\t\t\t<i aria-hidden=\"true\" class=\"far fa-calendar-alt\"><\/i>\t\t\t<\/span>\n\t\t\t\t\t\t\t\t\t<span class=\"elementor-button-text\">Pide Cita<\/span>\n\t\t\t\t\t<\/span>\n\t\t\t\t\t<\/a>\n\t\t\t\t<\/div>\n\t\t\t\t\t\t\t\t<\/div>\n\t\t\t\t<\/div>\n\t\t\t\t\t<\/div>\n\t\t<\/div>\n\t\t\t\t<div class=\"elementor-column elementor-col-50 elementor-top-column elementor-element elementor-element-08b8459\" data-id=\"08b8459\" data-element_type=\"column\" data-e-type=\"column\">\n\t\t\t<div class=\"elementor-widget-wrap elementor-element-populated\">\n\t\t\t\t\t\t<div class=\"elementor-element elementor-element-e1b240e elementor-widget elementor-widget-text-editor\" data-id=\"e1b240e\" data-element_type=\"widget\" data-e-type=\"widget\" data-widget_type=\"text-editor.default\">\n\t\t\t\t<div class=\"elementor-widget-container\">\n\t\t\t\t\t\t\t\t\t<p><strong>\u00dalceras corneales:<\/strong> En nuestra cl\u00ednica tratamos diariamente \u00falceras corneales simples y complicadas. Hoy en d\u00eda, la t\u00e9cnica de pulido de c\u00f3rnea y la aplicaci\u00f3n de lentes de contacto terap\u00e9uticas han hecho que la resoluci\u00f3n quir\u00fargica de las \u00falceras m\u00e1s complicadas sea un proceso m\u00e1s sencillo y seguro. En casos excepcionales, para \u00falceras profundas o aquellas con alto riesgo de perforaci\u00f3n, utilizamos t\u00e9cnicas de injerto de membrana celular.<\/p><p><strong>Prolapso de gl\u00e1ndula lagrimal<\/strong> o de la membrana nictitante: El prolapso de esta gl\u00e1ndula es un proceso muy frecuente, responsable de producir el 40 % de la secreci\u00f3n acuosa de la l\u00e1grima. Hoy en d\u00eda se recomienda la cirug\u00eda para reposicionarla y evitar que pierda su funci\u00f3n.<\/p><p><strong>Entropi\u00f3n\/Ectropi\u00f3n:<\/strong> Muchos de los problemas oculares que afectan a nuestras mascotas se deben a anomal\u00edas en la posici\u00f3n y forma de los parpados. En nuestra cl\u00ednica realizamos t\u00e9cnicas de correcci\u00f3n pl\u00e1stica palpebral incluyendo t\u00e9cnicas especiales como la cirug\u00eda de Shar-pei, o t\u00e9cnicas para corregir el s\u00edndrome ocular del braquiocef\u00e1lico.<\/p><p><strong>Uve\u00edtis:<\/strong> Es una inflamaci\u00f3n intraocular, que puede ser resultado de procesos externos (traumatismo, accidente) o internos (infecci\u00f3n, neoplasia, procesos de respuesta inmunitaria) cuyas consecuencias pueden ser muy graves. Un diagn\u00f3stico correcto y determinar un tratamiento lo m\u00e1s r\u00e1pido posible son las claves para un buen pron\u00f3stico.<\/p><p><strong>Glaucoma:<\/strong> Es el resultado de un aumento de presi\u00f3n dentro del ojo, lo que produce una sintomatolog\u00eda muy dolorosa y puede producir la perdida de la visi\u00f3n de nuestras mascotas. En muchos casos es necesario recurrir a la cirug\u00eda para poder controlar el proceso.<\/p><p><strong>Cataratas:<\/strong> Tal como ocurre con los humanos, nuestras mascotas tambi\u00e9n pueden sufrir alteraciones en sus cristalinos que deriven en la formaci\u00f3n de cataratas. En este caso, es importante conocer la causa de las mismas para poder realizar un estudio y recomendar la cirug\u00eda, siempre y cuando nuestra mascota tenga posibilidad de recuperar la visi\u00f3n.<\/p><p><strong>Visi\u00f3n:<\/strong> La p\u00e9rdida de visi\u00f3n puede ser temporal o permanente, parcial o total; puede ocurrir a diferentes edades y ser resultado de diferentes enfermedades. Es importante, en cualquier reconocimiento m\u00e9dico, controlar que la visi\u00f3n de nuestra mascota no presenta problemas para ellos. Si notas que tu mascota tiene dificultad de visi\u00f3n, no dudes en acudir a nuestra cl\u00ednica.<\/p><p>Muchas de las enfermedades que afectan a los ojos pueden derivar en ceguera irreversible o incluso a la p\u00e9rdida del propio ojo. Solicita tu cita en ICA Natura, si tienes alguna preocupaci\u00f3n.<\/p>\t\t\t\t\t\t\t\t<\/div>\n\t\t\t\t<\/div>\n\t\t\t\t\t<\/div>\n\t\t<\/div>\n\t\t\t\t\t<\/div>\n\t\t<\/section>\n\t\t\t\t<\/div>\n\t\t","protected":false},"excerpt":{"rendered":"<p>Las consultas de oftalmolog\u00eda son casi siempre motivo de urgencia; ya que una actuaci\u00f3n temprana tiene siempre un mejor pron\u00f3stico, signos como rascarse los ojos, tener los parpados cerrados o la secreci\u00f3n ocular son un buen motivo para acudir al veterinario. Los ojos son estructuras muy delicadas y sensibles que permiten a nuestra mascota interactuar &hellip; <\/p>\n","protected":false},"author":4,"featured_media":0,"parent":0,"menu_order":0,"comment_status":"closed","ping_status":"closed","template":"page-fullwidth.php","meta":{"_acf_changed":false,"content-type":"","footnotes":""},"class_list":["post-14496","page","type-page","status-publish","hentry"],"acf":[],"_links":{"self":[{"href":"https:\/\/www.unavets.com\/icanatura\/es\/wp-json\/wp\/v2\/pages\/14496","targetHints":{"allow":["GET"]}}],"collection":[{"href":"https:\/\/www.unavets.com\/icanatura\/es\/wp-json\/wp\/v2\/pages"}],"about":[{"href":"https:\/\/www.unavets.com\/icanatura\/es\/wp-json\/wp\/v2\/types\/page"}],"author":[{"embeddable":true,"href":"https:\/\/www.unavets.com\/icanatura\/es\/wp-json\/wp\/v2\/users\/4"}],"replies":[{"embeddable":true,"href":"https:\/\/www.unavets.com\/icanatura\/es\/wp-json\/wp\/v2\/comments?post=14496"}],"version-history":[{"count":16,"href":"https:\/\/www.unavets.com\/icanatura\/es\/wp-json\/wp\/v2\/pages\/14496\/revisions"}],"predecessor-version":[{"id":21943,"href":"https:\/\/www.unavets.com\/icanatura\/es\/wp-json\/wp\/v2\/pages\/14496\/revisions\/21943"}],"wp:attachment":[{"href":"https:\/\/www.unavets.com\/icanatura\/es\/wp-json\/wp\/v2\/media?parent=14496"}],"curies":[{"name":"wp","href":"https:\/\/api.w.org\/{rel}","templated":true}]}}