{"id":12981,"date":"2020-10-27T21:47:16","date_gmt":"2020-10-27T21:47:16","guid":{"rendered":"http:\/\/www.unavets.com\/icanatura\/traumatology\/"},"modified":"2026-03-04T09:06:15","modified_gmt":"2026-03-04T09:06:15","slug":"traumatologia","status":"publish","type":"page","link":"https:\/\/www.unavets.com\/icanatura\/es\/traumatologia\/","title":{"rendered":"Traumatolog\u00eda"},"content":{"rendered":"\t\t<div data-elementor-type=\"wp-page\" data-elementor-id=\"12981\" class=\"elementor elementor-12981 elementor-1137\" data-elementor-post-type=\"page\">\n\t\t\t\t\t\t<section class=\"elementor-section elementor-top-section elementor-element elementor-element-3b7f1f2 elementor-section-boxed elementor-section-height-default elementor-section-height-default\" data-id=\"3b7f1f2\" data-element_type=\"section\" data-e-type=\"section\" id=\"main-sec\">\n\t\t\t\t\t\t<div class=\"elementor-container elementor-column-gap-default\">\n\t\t\t\t\t<div class=\"elementor-column elementor-col-100 elementor-top-column elementor-element elementor-element-138c88c\" data-id=\"138c88c\" data-element_type=\"column\" data-e-type=\"column\">\n\t\t\t<div class=\"elementor-widget-wrap elementor-element-populated\">\n\t\t\t\t\t\t<div class=\"elementor-element elementor-element-ec83cf0 elementor-widget elementor-widget-section_titleleft\" data-id=\"ec83cf0\" data-element_type=\"widget\" data-e-type=\"widget\" data-widget_type=\"section_titleleft.default\">\n\t\t\t\t<div class=\"elementor-widget-container\">\n\t\t\t\t\t        <div class=\"ab_text-title fl-wrap\">\n            En ICA Natura somos especialistas en Traumatolog\u00eda. Nuestros veterinarios especializados de Lleida se dedican al estudio y tratamiento de las lesiones del aparato locomotor.\n<span class=\"section-separator fl-sec-sep\"><\/span>        <\/div>\n        \t\t\t\t<\/div>\n\t\t\t\t<\/div>\n\t\t\t\t\t<\/div>\n\t\t<\/div>\n\t\t\t\t\t<\/div>\n\t\t<\/section>\n\t\t\t\t<section class=\"elementor-section elementor-top-section elementor-element elementor-element-d993722 elementor-section-boxed elementor-section-height-default elementor-section-height-default\" data-id=\"d993722\" data-element_type=\"section\" data-e-type=\"section\">\n\t\t\t\t\t\t<div class=\"elementor-container elementor-column-gap-default\">\n\t\t\t\t\t<div class=\"elementor-column elementor-col-50 elementor-top-column elementor-element elementor-element-065811d\" data-id=\"065811d\" data-element_type=\"column\" data-e-type=\"column\">\n\t\t\t<div class=\"elementor-widget-wrap elementor-element-populated\">\n\t\t\t\t\t\t<div class=\"elementor-element elementor-element-63d99ac elementor-widget elementor-widget-text-editor\" data-id=\"63d99ac\" data-element_type=\"widget\" data-e-type=\"widget\" data-widget_type=\"text-editor.default\">\n\t\t\t\t<div class=\"elementor-widget-container\">\n\t\t\t\t\t\t\t\t\t<p>El trabajo de nuestros especialistas va m\u00e1s all\u00e1 del campo de las lesiones traumatol\u00f3gicas; tambi\u00e9n incluye el estudio de las lesiones naturales o adquiridas que afectan al movimiento de los animales y centra su atenci\u00f3n en aspectos preventivos, terap\u00e9uticos, de rehabilitaci\u00f3n y de investigaci\u00f3n.<\/p><p>Las patolog\u00edas m\u00e1s frecuentes son:<\/p><ul><li>Fractura de hueso<\/li><li>Artrosis<\/li><li>Artritis<\/li><li>Displasia de cadera<\/li><li>Esguince<\/li><li>Luxaci\u00f3n<\/li><li>Tendinitis<\/li><li>Rotura fibrilar<\/li><\/ul><p>Los tratamientos conservadores se basan en:<br \/>&#8211; Reducci\u00f3n cerrada de fractura \u00f3sea.<br \/>&#8211; Uso de vendajes suaves (compresi\u00f3n, vendajes Velpeau, Gillchrist, Robert-Jones).<\/p><p>&#8211; Colocaci\u00f3n de una f\u00e9rula.<br \/>&#8211; Tracci\u00f3n suave o esquel\u00e9tica.<\/p><p>Las cirug\u00edas traumatol\u00f3gicas m\u00e1s frecuentes son las reparaciones de fracturas, tanto en perros como en gatos, normalmente debidas a atropellos y ca\u00eddas desde altura. Tambi\u00e9n es una lesi\u00f3n muy frecuente en el perro la rotura de ligamento cruzado de rodilla.<\/p><p>Dependiendo del tipo de lesi\u00f3n y el hueso o articulaci\u00f3n que se vea afectada: hombro, codo, cadera, rodilla, etc. \u00a0aplicamos diferentes t\u00e9cnicas avanzadas que resuelvan el problema. Mediante placas, tornillos, fijadores, agujas o con t\u00e9cnicas de m\u00ednima invasi\u00f3n como la artroscopia.<\/p>\t\t\t\t\t\t\t\t<\/div>\n\t\t\t\t<\/div>\n\t\t\t\t\t<\/div>\n\t\t<\/div>\n\t\t\t\t<div class=\"elementor-column elementor-col-50 elementor-top-column elementor-element elementor-element-2048e61\" data-id=\"2048e61\" data-element_type=\"column\" data-e-type=\"column\">\n\t\t\t<div class=\"elementor-widget-wrap elementor-element-populated\">\n\t\t\t\t\t\t<div class=\"elementor-element elementor-element-dc7c821 elementor-widget elementor-widget-image\" data-id=\"dc7c821\" data-element_type=\"widget\" data-e-type=\"widget\" data-widget_type=\"image.default\">\n\t\t\t\t<div class=\"elementor-widget-container\">\n\t\t\t\t\t\t\t\t\t\t\t\t\t\t\t<img fetchpriority=\"high\" width=\"724\" height=\"483\" class=\"attachment-large size-large wp-image-22006 lazy\" alt=\"\" data-src=\"https:\/\/www.unavets.com\/icanatura\/wp-content\/uploads\/sites\/61\/2026\/03\/Fotos-Horizontales-para-web-45-1024x683.jpg\" data-lazy=\"https:\/\/www.unavets.com\/icanatura\/wp-content\/uploads\/sites\/61\/2026\/03\/Fotos-Horizontales-para-web-45-1024x683.jpg\" \/>\t\t\t\t\t\t\t\t\t\t\t\t\t\t\t<\/div>\n\t\t\t\t<\/div>\n\t\t\t\t<div class=\"elementor-element elementor-element-274b4d7 elementor-align-center elementor-widget elementor-widget-button\" data-id=\"274b4d7\" data-element_type=\"widget\" data-e-type=\"widget\" data-widget_type=\"button.default\">\n\t\t\t\t<div class=\"elementor-widget-container\">\n\t\t\t\t\t\t\t\t\t<div class=\"elementor-button-wrapper\">\n\t\t\t\t\t<a class=\"elementor-button elementor-button-link elementor-size-md\" href=\"https:\/\/www.unavets.com\/icanatura\/es\/contacto\/\">\n\t\t\t\t\t\t<span class=\"elementor-button-content-wrapper\">\n\t\t\t\t\t\t<span class=\"elementor-button-icon\">\n\t\t\t\t<i aria-hidden=\"true\" class=\"far fa-calendar-alt\"><\/i>\t\t\t<\/span>\n\t\t\t\t\t\t\t\t\t<span class=\"elementor-button-text\">Pide cita<\/span>\n\t\t\t\t\t<\/span>\n\t\t\t\t\t<\/a>\n\t\t\t\t<\/div>\n\t\t\t\t\t\t\t\t<\/div>\n\t\t\t\t<\/div>\n\t\t\t\t\t<\/div>\n\t\t<\/div>\n\t\t\t\t\t<\/div>\n\t\t<\/section>\n\t\t\t\t<\/div>\n\t\t","protected":false},"excerpt":{"rendered":"<p>En somos especialistas en Traumatolog\u00eda. Nuestros veterinarios especializados de se dedican al estudio y tratamiento de las lesiones del aparato locomotor. El trabajo de nuestros especialistas va m\u00e1s all\u00e1 del campo de las lesiones traumatol\u00f3gicas; tambi\u00e9n incluye el estudio de las lesiones naturales o adquiridas que afectan al movimiento de los animales y centra su &hellip; <\/p>\n","protected":false},"author":6,"featured_media":0,"parent":0,"menu_order":0,"comment_status":"closed","ping_status":"closed","template":"page-fullwidth.php","meta":{"_acf_changed":false,"content-type":"","footnotes":""},"class_list":["post-12981","page","type-page","status-publish","hentry"],"acf":[],"_links":{"self":[{"href":"https:\/\/www.unavets.com\/icanatura\/es\/wp-json\/wp\/v2\/pages\/12981","targetHints":{"allow":["GET"]}}],"collection":[{"href":"https:\/\/www.unavets.com\/icanatura\/es\/wp-json\/wp\/v2\/pages"}],"about":[{"href":"https:\/\/www.unavets.com\/icanatura\/es\/wp-json\/wp\/v2\/types\/page"}],"author":[{"embeddable":true,"href":"https:\/\/www.unavets.com\/icanatura\/es\/wp-json\/wp\/v2\/users\/6"}],"replies":[{"embeddable":true,"href":"https:\/\/www.unavets.com\/icanatura\/es\/wp-json\/wp\/v2\/comments?post=12981"}],"version-history":[{"count":12,"href":"https:\/\/www.unavets.com\/icanatura\/es\/wp-json\/wp\/v2\/pages\/12981\/revisions"}],"predecessor-version":[{"id":22009,"href":"https:\/\/www.unavets.com\/icanatura\/es\/wp-json\/wp\/v2\/pages\/12981\/revisions\/22009"}],"wp:attachment":[{"href":"https:\/\/www.unavets.com\/icanatura\/es\/wp-json\/wp\/v2\/media?parent=12981"}],"curies":[{"name":"wp","href":"https:\/\/api.w.org\/{rel}","templated":true}]}}