{"id":12961,"date":"2020-10-27T21:27:22","date_gmt":"2020-10-27T21:27:22","guid":{"rendered":"http:\/\/www.unavets.com\/icanatura\/dermotology\/"},"modified":"2026-03-03T17:19:01","modified_gmt":"2026-03-03T17:19:01","slug":"dermatologia","status":"publish","type":"page","link":"https:\/\/www.unavets.com\/icanatura\/es\/dermatologia\/","title":{"rendered":"Dermatolog\u00eda"},"content":{"rendered":"\t\t<div data-elementor-type=\"wp-page\" data-elementor-id=\"12961\" class=\"elementor elementor-12961 elementor-1121\" data-elementor-post-type=\"page\">\n\t\t\t\t\t\t<section class=\"elementor-section elementor-top-section elementor-element elementor-element-3b7f1f2 elementor-section-boxed elementor-section-height-default elementor-section-height-default\" data-id=\"3b7f1f2\" data-element_type=\"section\" data-e-type=\"section\" id=\"main-sec\">\n\t\t\t\t\t\t<div class=\"elementor-container elementor-column-gap-default\">\n\t\t\t\t\t<div class=\"elementor-column elementor-col-100 elementor-top-column elementor-element elementor-element-138c88c\" data-id=\"138c88c\" data-element_type=\"column\" data-e-type=\"column\">\n\t\t\t<div class=\"elementor-widget-wrap elementor-element-populated\">\n\t\t\t\t\t\t<div class=\"elementor-element elementor-element-ec83cf0 elementor-widget elementor-widget-section_titleleft\" data-id=\"ec83cf0\" data-element_type=\"widget\" data-e-type=\"widget\" data-widget_type=\"section_titleleft.default\">\n\t\t\t\t<div class=\"elementor-widget-container\">\n\t\t\t\t\t        <div class=\"ab_text-title fl-wrap\">\n            La dermatolog\u00eda es una de las especialidades que presenta el mayor n\u00famero de casos en ICA Natura.\n<span class=\"section-separator fl-sec-sep\"><\/span>        <\/div>\n        \t\t\t\t<\/div>\n\t\t\t\t<\/div>\n\t\t\t\t\t<\/div>\n\t\t<\/div>\n\t\t\t\t\t<\/div>\n\t\t<\/section>\n\t\t\t\t<section class=\"elementor-section elementor-top-section elementor-element elementor-element-d993722 elementor-section-boxed elementor-section-height-default elementor-section-height-default\" data-id=\"d993722\" data-element_type=\"section\" data-e-type=\"section\">\n\t\t\t\t\t\t<div class=\"elementor-container elementor-column-gap-default\">\n\t\t\t\t\t<div class=\"elementor-column elementor-col-50 elementor-top-column elementor-element elementor-element-065811d\" data-id=\"065811d\" data-element_type=\"column\" data-e-type=\"column\">\n\t\t\t<div class=\"elementor-widget-wrap elementor-element-populated\">\n\t\t\t\t\t\t<div class=\"elementor-element elementor-element-63d99ac elementor-widget elementor-widget-text-editor\" data-id=\"63d99ac\" data-element_type=\"widget\" data-e-type=\"widget\" data-widget_type=\"text-editor.default\">\n\t\t\t\t<div class=\"elementor-widget-container\">\n\t\t\t\t\t\t\t\t\t<p>Los veterinarios de ICA Natura proporcionan tratamiento dermatol\u00f3gico integral para diferentes tipos de problemas en la piel, como:<\/p><ul><li>Dermatitis al\u00e9rgica y dermatitis at\u00f3pica<\/li><li>Intolerancia e hipersensibilidad alimentaria<\/li><li>Dermatitis al\u00e9rgica a la picadura de pulga<\/li><li>Enfermedades parasitarias: sarna <span style=\"font-weight: 400;\">demod\u00e9cica<\/span> y sarc\u00f3ptica, garrapatas, etc.<\/li><li>Enfermedades inmunomediadas de la piel: lupus eritematoso, p\u00e9nfigos, etc.<\/li><li>Enfermedades bacterianas: piodermas superficiales y profundas<\/li><li>Enfermedades mic\u00f3ticas: dermatofitosis, dermatitis por Malassezia, etc.<\/li><li>Enfermedades endocrinas de la piel: hiperadrenocorticismo, hipotiroidismo, alopecia, etc.<\/li><li>Des\u00f3rdenes de queratinizaci\u00f3n<\/li><li>Tumores y quistes neopl\u00e1sicos y no neopl\u00e1sicos<\/li><\/ul>\t\t\t\t\t\t\t\t<\/div>\n\t\t\t\t<\/div>\n\t\t\t\t\t<\/div>\n\t\t<\/div>\n\t\t\t\t<div class=\"elementor-column elementor-col-50 elementor-top-column elementor-element elementor-element-2048e61\" data-id=\"2048e61\" data-element_type=\"column\" data-e-type=\"column\">\n\t\t\t<div class=\"elementor-widget-wrap elementor-element-populated\">\n\t\t\t\t\t\t<div class=\"elementor-element elementor-element-dc7c821 elementor-widget elementor-widget-image\" data-id=\"dc7c821\" data-element_type=\"widget\" data-e-type=\"widget\" data-widget_type=\"image.default\">\n\t\t\t\t<div class=\"elementor-widget-container\">\n\t\t\t\t\t\t\t\t\t\t\t\t\t\t\t<img fetchpriority=\"high\" width=\"724\" height=\"483\" class=\"attachment-large size-large wp-image-21981 lazy\" alt=\"\" data-src=\"https:\/\/www.unavets.com\/icanatura\/wp-content\/uploads\/sites\/61\/2020\/10\/shutterstock_1029444703-2.jpg\" data-lazy=\"https:\/\/www.unavets.com\/icanatura\/wp-content\/uploads\/sites\/61\/2020\/10\/shutterstock_1029444703-2.jpg\" \/>\t\t\t\t\t\t\t\t\t\t\t\t\t\t\t<\/div>\n\t\t\t\t<\/div>\n\t\t\t\t<div class=\"elementor-element elementor-element-b295da5 elementor-align-center elementor-widget elementor-widget-button\" data-id=\"b295da5\" data-element_type=\"widget\" data-e-type=\"widget\" data-widget_type=\"button.default\">\n\t\t\t\t<div class=\"elementor-widget-container\">\n\t\t\t\t\t\t\t\t\t<div class=\"elementor-button-wrapper\">\n\t\t\t\t\t<a class=\"elementor-button elementor-button-link elementor-size-md\" href=\"https:\/\/www.unavets.com\/icanatura\/es\/contacto\/\">\n\t\t\t\t\t\t<span class=\"elementor-button-content-wrapper\">\n\t\t\t\t\t\t<span class=\"elementor-button-icon\">\n\t\t\t\t<i aria-hidden=\"true\" class=\"far fa-calendar-alt\"><\/i>\t\t\t<\/span>\n\t\t\t\t\t\t\t\t\t<span class=\"elementor-button-text\">Pide cita<\/span>\n\t\t\t\t\t<\/span>\n\t\t\t\t\t<\/a>\n\t\t\t\t<\/div>\n\t\t\t\t\t\t\t\t<\/div>\n\t\t\t\t<\/div>\n\t\t\t\t\t<\/div>\n\t\t<\/div>\n\t\t\t\t\t<\/div>\n\t\t<\/section>\n\t\t\t\t<section class=\"elementor-section elementor-top-section elementor-element elementor-element-c6e8d26 elementor-section-boxed elementor-section-height-default elementor-section-height-default\" data-id=\"c6e8d26\" data-element_type=\"section\" data-e-type=\"section\">\n\t\t\t\t\t\t<div class=\"elementor-container elementor-column-gap-default\">\n\t\t\t\t\t<div class=\"elementor-column elementor-col-100 elementor-top-column elementor-element elementor-element-d92d362\" data-id=\"d92d362\" data-element_type=\"column\" data-e-type=\"column\">\n\t\t\t<div class=\"elementor-widget-wrap elementor-element-populated\">\n\t\t\t\t\t\t<div class=\"elementor-element elementor-element-70fb1ad elementor-widget elementor-widget-section_titleleft\" data-id=\"70fb1ad\" data-element_type=\"widget\" data-e-type=\"widget\" data-widget_type=\"section_titleleft.default\">\n\t\t\t\t<div class=\"elementor-widget-container\">\n\t\t\t\t\t        <div class=\"ab_text-title fl-wrap\">\n            <h3>Pruebas dermatol\u00f3gicas frecuentes<\/h3><span class=\"section-separator fl-sec-sep\"><\/span>        <\/div>\n        \t\t\t\t<\/div>\n\t\t\t\t<\/div>\n\t\t\t\t\t<\/div>\n\t\t<\/div>\n\t\t\t\t\t<\/div>\n\t\t<\/section>\n\t\t\t\t<section class=\"elementor-section elementor-top-section elementor-element elementor-element-149f379 elementor-section-boxed elementor-section-height-default elementor-section-height-default\" data-id=\"149f379\" data-element_type=\"section\" data-e-type=\"section\">\n\t\t\t\t\t\t<div class=\"elementor-container elementor-column-gap-default\">\n\t\t\t\t\t<div class=\"elementor-column elementor-col-50 elementor-top-column elementor-element elementor-element-2a8ea5b\" data-id=\"2a8ea5b\" data-element_type=\"column\" data-e-type=\"column\">\n\t\t\t<div class=\"elementor-widget-wrap elementor-element-populated\">\n\t\t\t\t\t\t<div class=\"elementor-element elementor-element-01118fc elementor-widget elementor-widget-image\" data-id=\"01118fc\" data-element_type=\"widget\" data-e-type=\"widget\" data-widget_type=\"image.default\">\n\t\t\t\t<div class=\"elementor-widget-container\">\n\t\t\t\t\t\t\t\t\t\t\t\t\t\t\t<img width=\"724\" height=\"542\" class=\"attachment-large size-large wp-image-12863 lazy\" alt=\"\" data-src=\"https:\/\/www.unavets.com\/icanatura\/wp-content\/uploads\/sites\/61\/2020\/10\/shutterstock_607531682-1-1024x767.jpg\" data-lazy=\"https:\/\/www.unavets.com\/icanatura\/wp-content\/uploads\/sites\/61\/2020\/10\/shutterstock_607531682-1-1024x767.jpg\" \/>\t\t\t\t\t\t\t\t\t\t\t\t\t\t\t<\/div>\n\t\t\t\t<\/div>\n\t\t\t\t\t<\/div>\n\t\t<\/div>\n\t\t\t\t<div class=\"elementor-column elementor-col-50 elementor-top-column elementor-element elementor-element-08b8459\" data-id=\"08b8459\" data-element_type=\"column\" data-e-type=\"column\">\n\t\t\t<div class=\"elementor-widget-wrap elementor-element-populated\">\n\t\t\t\t\t\t<div class=\"elementor-element elementor-element-e1b240e elementor-widget elementor-widget-text-editor\" data-id=\"e1b240e\" data-element_type=\"widget\" data-e-type=\"widget\" data-widget_type=\"text-editor.default\">\n\t\t\t\t<div class=\"elementor-widget-container\">\n\t\t\t\t\t\t\t\t\t<p>Los veterinarios de ICA Natura realizan las siguientes pruebas para establecer un buen diagn\u00f3stico dermatol\u00f3gico:<\/p><ul><li>Raspado de piel: est\u00e1 indicado ante cualquier problema dermatol\u00f3gico, sobre todo ante la sospecha de la presencia de par\u00e1sitos cut\u00e1neos.<\/li><li>Tricograma: examen microsc\u00f3pico de pelos arrancados. Puede dar informaci\u00f3n diagn\u00f3stica importante.<\/li><li>Examen citol\u00f3gico<\/li><li>Cultivos bacteriano y micol\u00f3gico<\/li><li>Pruebas de alergia<\/li><li>Biopsia cut\u00e1nea<\/li><li>Paneles hematol\u00f3gicos y bioqu\u00edmicos<\/li><li>Pruebas de funci\u00f3n endocrina e inmune<\/li><\/ul>\t\t\t\t\t\t\t\t<\/div>\n\t\t\t\t<\/div>\n\t\t\t\t\t<\/div>\n\t\t<\/div>\n\t\t\t\t\t<\/div>\n\t\t<\/section>\n\t\t\t\t<\/div>\n\t\t","protected":false},"excerpt":{"rendered":"<p>La dermatolog\u00eda es una de las especialidades que presenta el mayor n\u00famero de casos en . Los veterinarios de proporcionan tratamiento dermatol\u00f3gico integral para diferentes tipos de problemas en la piel, como: Dermatitis al\u00e9rgica y dermatitis at\u00f3pica Intolerancia e hipersensibilidad alimentaria Dermatitis al\u00e9rgica a la picadura de pulga Enfermedades parasitarias: sarna demod\u00e9cica y sarc\u00f3ptica, garrapatas, &hellip; <\/p>\n","protected":false},"author":6,"featured_media":0,"parent":0,"menu_order":0,"comment_status":"closed","ping_status":"closed","template":"page-fullwidth.php","meta":{"_acf_changed":false,"content-type":"","footnotes":""},"class_list":["post-12961","page","type-page","status-publish","hentry"],"acf":[],"_links":{"self":[{"href":"https:\/\/www.unavets.com\/icanatura\/es\/wp-json\/wp\/v2\/pages\/12961","targetHints":{"allow":["GET"]}}],"collection":[{"href":"https:\/\/www.unavets.com\/icanatura\/es\/wp-json\/wp\/v2\/pages"}],"about":[{"href":"https:\/\/www.unavets.com\/icanatura\/es\/wp-json\/wp\/v2\/types\/page"}],"author":[{"embeddable":true,"href":"https:\/\/www.unavets.com\/icanatura\/es\/wp-json\/wp\/v2\/users\/6"}],"replies":[{"embeddable":true,"href":"https:\/\/www.unavets.com\/icanatura\/es\/wp-json\/wp\/v2\/comments?post=12961"}],"version-history":[{"count":9,"href":"https:\/\/www.unavets.com\/icanatura\/es\/wp-json\/wp\/v2\/pages\/12961\/revisions"}],"predecessor-version":[{"id":21986,"href":"https:\/\/www.unavets.com\/icanatura\/es\/wp-json\/wp\/v2\/pages\/12961\/revisions\/21986"}],"wp:attachment":[{"href":"https:\/\/www.unavets.com\/icanatura\/es\/wp-json\/wp\/v2\/media?parent=12961"}],"curies":[{"name":"wp","href":"https:\/\/api.w.org\/{rel}","templated":true}]}}