{"id":12932,"date":"2020-10-15T08:53:00","date_gmt":"2020-10-15T08:53:00","guid":{"rendered":"http:\/\/www.unavets.com\/icanatura\/preventative-care\/"},"modified":"2026-03-03T15:27:13","modified_gmt":"2026-03-03T15:27:13","slug":"medicina-preventiva","status":"publish","type":"page","link":"https:\/\/www.unavets.com\/icanatura\/es\/medicina-preventiva\/","title":{"rendered":"Medicina preventiva"},"content":{"rendered":"\t\t<div data-elementor-type=\"wp-page\" data-elementor-id=\"12932\" class=\"elementor elementor-12932 elementor-784\" data-elementor-post-type=\"page\">\n\t\t\t\t\t\t<section class=\"elementor-section elementor-top-section elementor-element elementor-element-3b7f1f2 elementor-section-boxed elementor-section-height-default elementor-section-height-default\" data-id=\"3b7f1f2\" data-element_type=\"section\" data-e-type=\"section\" id=\"main-sec\">\n\t\t\t\t\t\t<div class=\"elementor-container elementor-column-gap-default\">\n\t\t\t\t\t<div class=\"elementor-column elementor-col-100 elementor-top-column elementor-element elementor-element-138c88c\" data-id=\"138c88c\" data-element_type=\"column\" data-e-type=\"column\">\n\t\t\t<div class=\"elementor-widget-wrap elementor-element-populated\">\n\t\t\t\t\t\t<div class=\"elementor-element elementor-element-ec83cf0 elementor-widget elementor-widget-section_titleleft\" data-id=\"ec83cf0\" data-element_type=\"widget\" data-e-type=\"widget\" data-widget_type=\"section_titleleft.default\">\n\t\t\t\t<div class=\"elementor-widget-container\">\n\t\t\t\t\t        <div class=\"ab_text-title fl-wrap\">\n            <h3>Servicios de Medicina Preventiva ofrecidos<\/h3>La prevenci\u00f3n sanitaria es fundamental para evitar muchos problemas m\u00e9dicos y para aumentar el bienestar y la longevidad de nuestros queridos animales de compa\u00f1\u00eda.<span class=\"section-separator fl-sec-sep\"><\/span>        <\/div>\n        \t\t\t\t<\/div>\n\t\t\t\t<\/div>\n\t\t\t\t\t<\/div>\n\t\t<\/div>\n\t\t\t\t\t<\/div>\n\t\t<\/section>\n\t\t\t\t<section class=\"elementor-section elementor-top-section elementor-element elementor-element-d993722 elementor-section-boxed elementor-section-height-default elementor-section-height-default\" data-id=\"d993722\" data-element_type=\"section\" data-e-type=\"section\">\n\t\t\t\t\t\t<div class=\"elementor-container elementor-column-gap-wide\">\n\t\t\t\t\t<div class=\"elementor-column elementor-col-50 elementor-top-column elementor-element elementor-element-065811d\" data-id=\"065811d\" data-element_type=\"column\" data-e-type=\"column\">\n\t\t\t<div class=\"elementor-widget-wrap elementor-element-populated\">\n\t\t\t\t\t\t<div class=\"elementor-element elementor-element-63d99ac elementor-widget elementor-widget-text-editor\" data-id=\"63d99ac\" data-element_type=\"widget\" data-e-type=\"widget\" data-widget_type=\"text-editor.default\">\n\t\t\t\t<div class=\"elementor-widget-container\">\n\t\t\t\t\t\t\t\t\t<p>Vis\u00edtanos de forma frecuente o cuando recibas nuestros recordatorios de visita, no esperes a que surjan problemas. Las enfermedades son m\u00e1s f\u00e1ciles de tratar cuando se diagnostican en las primeras etapas y las revisiones regulares ayudar\u00e1n a asegurar la salud a largo plazo de tu mascota.<\/p><p>Estos son algunos de los servicios que ofrecemos en ICA Natura:\u00a0<\/p><ul><li>Esterilizaci\u00f3n o castraci\u00f3n: as\u00ed disminuyen las posibilidades de que los animales desarrollen tumores de mama y enfermedades de la pr\u00f3stata; evita que se escapen y se lesionen si se pierden, evitamos los molestos celos, las camadas indeseadas y las pseudogestaciones.<\/li><li>Vacunas: al vacunar a nuestros animales, adem\u00e1s de protegerlos, tambi\u00e9n disminuyen las posibilidades de que el resto de la familia contraiga enfermedades graves que se pueden prevenir.<\/li><li>Desparasitaci\u00f3n: este es un problema que se puede evitar y que puede ser grav\u00edsimo si se ignora. Se puede desparasitar internamente para eliminar lombrices y tenias y externamente, para luchar frente a pulgas, garrapatas, \u00e1caros, mosquito transmisor de la leishmania, etc. Para evitar problemas y escoger los productos adecuados, habla con uno de nuestros veterinarios.<\/li><li>Limpieza dental: recomendamos realizar una limpieza dental regularmente, para prevenir problemas en dientes y enc\u00edas.<\/li><\/ul>\t\t\t\t\t\t\t\t<\/div>\n\t\t\t\t<\/div>\n\t\t\t\t\t<\/div>\n\t\t<\/div>\n\t\t\t\t<div class=\"elementor-column elementor-col-50 elementor-top-column elementor-element elementor-element-2048e61\" data-id=\"2048e61\" data-element_type=\"column\" data-e-type=\"column\">\n\t\t\t<div class=\"elementor-widget-wrap elementor-element-populated\">\n\t\t\t\t\t\t<div class=\"elementor-element elementor-element-dc7c821 elementor-widget elementor-widget-image\" data-id=\"dc7c821\" data-element_type=\"widget\" data-e-type=\"widget\" data-widget_type=\"image.default\">\n\t\t\t\t<div class=\"elementor-widget-container\">\n\t\t\t\t\t\t\t\t\t\t\t\t\t\t\t<img fetchpriority=\"high\" width=\"724\" height=\"481\" class=\"attachment-large size-large wp-image-12935 lazy\" alt=\"\" data-src=\"https:\/\/www.unavets.com\/icanatura\/wp-content\/uploads\/sites\/61\/2020\/10\/Depositphotos_32245909_original-1024x680.jpg\" data-lazy=\"https:\/\/www.unavets.com\/icanatura\/wp-content\/uploads\/sites\/61\/2020\/10\/Depositphotos_32245909_original-1024x680.jpg\" \/>\t\t\t\t\t\t\t\t\t\t\t\t\t\t\t<\/div>\n\t\t\t\t<\/div>\n\t\t\t\t<div class=\"elementor-element elementor-element-a4564dd elementor-align-center elementor-widget elementor-widget-button\" data-id=\"a4564dd\" data-element_type=\"widget\" data-e-type=\"widget\" data-widget_type=\"button.default\">\n\t\t\t\t<div class=\"elementor-widget-container\">\n\t\t\t\t\t\t\t\t\t<div class=\"elementor-button-wrapper\">\n\t\t\t\t\t<a class=\"elementor-button elementor-button-link elementor-size-sm\" href=\"tel:973228222\">\n\t\t\t\t\t\t<span class=\"elementor-button-content-wrapper\">\n\t\t\t\t\t\t<span class=\"elementor-button-icon\">\n\t\t\t\t<i aria-hidden=\"true\" class=\"far fa-calendar-alt\"><\/i>\t\t\t<\/span>\n\t\t\t\t\t\t\t\t\t<span class=\"elementor-button-text\">Pide cita<\/span>\n\t\t\t\t\t<\/span>\n\t\t\t\t\t<\/a>\n\t\t\t\t<\/div>\n\t\t\t\t\t\t\t\t<\/div>\n\t\t\t\t<\/div>\n\t\t\t\t\t<\/div>\n\t\t<\/div>\n\t\t\t\t\t<\/div>\n\t\t<\/section>\n\t\t\t\t<section class=\"elementor-section elementor-top-section elementor-element elementor-element-c6e8d26 elementor-section-boxed elementor-section-height-default elementor-section-height-default\" data-id=\"c6e8d26\" data-element_type=\"section\" data-e-type=\"section\">\n\t\t\t\t\t\t<div class=\"elementor-container elementor-column-gap-default\">\n\t\t\t\t\t<div class=\"elementor-column elementor-col-100 elementor-top-column elementor-element elementor-element-d92d362\" data-id=\"d92d362\" data-element_type=\"column\" data-e-type=\"column\">\n\t\t\t<div class=\"elementor-widget-wrap elementor-element-populated\">\n\t\t\t\t\t\t<div class=\"elementor-element elementor-element-70fb1ad elementor-widget elementor-widget-section_titleleft\" data-id=\"70fb1ad\" data-element_type=\"widget\" data-e-type=\"widget\" data-widget_type=\"section_titleleft.default\">\n\t\t\t\t<div class=\"elementor-widget-container\">\n\t\t\t\t\t        <div class=\"ab_text-title fl-wrap\">\n            <h3>Prevenci\u00f3n en casa<\/h3><span class=\"section-separator fl-sec-sep\"><\/span>        <\/div>\n        \t\t\t\t<\/div>\n\t\t\t\t<\/div>\n\t\t\t\t\t<\/div>\n\t\t<\/div>\n\t\t\t\t\t<\/div>\n\t\t<\/section>\n\t\t\t\t<section class=\"elementor-section elementor-top-section elementor-element elementor-element-149f379 elementor-section-boxed elementor-section-height-default elementor-section-height-default\" data-id=\"149f379\" data-element_type=\"section\" data-e-type=\"section\">\n\t\t\t\t\t\t<div class=\"elementor-container elementor-column-gap-wide\">\n\t\t\t\t\t<div class=\"elementor-column elementor-col-50 elementor-top-column elementor-element elementor-element-2a8ea5b\" data-id=\"2a8ea5b\" data-element_type=\"column\" data-e-type=\"column\">\n\t\t\t<div class=\"elementor-widget-wrap elementor-element-populated\">\n\t\t\t\t\t\t<div class=\"elementor-element elementor-element-01118fc elementor-widget elementor-widget-image\" data-id=\"01118fc\" data-element_type=\"widget\" data-e-type=\"widget\" data-widget_type=\"image.default\">\n\t\t\t\t<div class=\"elementor-widget-container\">\n\t\t\t\t\t\t\t\t\t\t\t\t\t\t\t<img width=\"786\" height=\"524\" class=\"attachment-townhub-featured-image size-townhub-featured-image wp-image-12936 lazy\" alt=\"\" data-src=\"https:\/\/www.unavets.com\/icanatura\/wp-content\/uploads\/sites\/61\/2020\/10\/preventative-care-at-home-786x524.jpeg\" data-lazy=\"https:\/\/www.unavets.com\/icanatura\/wp-content\/uploads\/sites\/61\/2020\/10\/preventative-care-at-home-786x524.jpeg\" \/>\t\t\t\t\t\t\t\t\t\t\t\t\t\t\t<\/div>\n\t\t\t\t<\/div>\n\t\t\t\t\t<\/div>\n\t\t<\/div>\n\t\t\t\t<div class=\"elementor-column elementor-col-50 elementor-top-column elementor-element elementor-element-08b8459\" data-id=\"08b8459\" data-element_type=\"column\" data-e-type=\"column\">\n\t\t\t<div class=\"elementor-widget-wrap elementor-element-populated\">\n\t\t\t\t\t\t<div class=\"elementor-element elementor-element-e1b240e elementor-widget elementor-widget-text-editor\" data-id=\"e1b240e\" data-element_type=\"widget\" data-e-type=\"widget\" data-widget_type=\"text-editor.default\">\n\t\t\t\t<div class=\"elementor-widget-container\">\n\t\t\t\t\t\t\t\t\t<ul><li>Haz que tu mascota lleve una dieta de buena calidad, que sea apropiada para su raza. La comida de \u00f3ptima calidad promueve la buena salud a largo plazo.<\/li><li>Camina con tu perro todos los d\u00edas y aseg\u00farate de que hace suficiente ejercicio. Preg\u00fantanos sobre la cantidad de ejercicio que su raza requiere y ofr\u00e9cele mucha exposici\u00f3n al aire libre y al sol. Pasar tiempo jugando con tu gato puede ayudarle a mantenerse activo y aumentar su longevidad.<\/li><li>Evitar la obesidad puede ayudar a prevenir problemas articulares, problemas card\u00edacos o diabetes, por lo que es fundamental que tu mascota mantenga un peso saludable. Preg\u00fantanos cu\u00e1l es su peso ideal.\u00a0\u00a0<\/li><\/ul>\t\t\t\t\t\t\t\t<\/div>\n\t\t\t\t<\/div>\n\t\t\t\t\t<\/div>\n\t\t<\/div>\n\t\t\t\t\t<\/div>\n\t\t<\/section>\n\t\t\t\t<section class=\"elementor-section elementor-top-section elementor-element elementor-element-7d46ab6 elementor-section-boxed elementor-section-height-default elementor-section-height-default\" data-id=\"7d46ab6\" data-element_type=\"section\" data-e-type=\"section\">\n\t\t\t\t\t\t<div class=\"elementor-container elementor-column-gap-default\">\n\t\t\t\t\t<div class=\"elementor-column elementor-col-100 elementor-top-column elementor-element elementor-element-41ce5c3\" data-id=\"41ce5c3\" data-element_type=\"column\" data-e-type=\"column\">\n\t\t\t<div class=\"elementor-widget-wrap elementor-element-populated\">\n\t\t\t\t\t\t<div class=\"elementor-element elementor-element-4802678 elementor-widget elementor-widget-toggle\" data-id=\"4802678\" data-element_type=\"widget\" data-e-type=\"widget\" data-widget_type=\"toggle.default\">\n\t\t\t\t<div class=\"elementor-widget-container\">\n\t\t\t\t\t\t\t<div class=\"elementor-toggle\">\n\t\t\t\t\t\t\t<div class=\"elementor-toggle-item\">\n\t\t\t\t\t<div id=\"elementor-tab-title-7551\" class=\"elementor-tab-title\" data-tab=\"1\" role=\"button\" aria-controls=\"elementor-tab-content-7551\" aria-expanded=\"false\">\n\t\t\t\t\t\t\t\t\t\t\t\t<span class=\"elementor-toggle-icon elementor-toggle-icon-left\" aria-hidden=\"true\">\n\t\t\t\t\t\t\t\t\t\t\t\t\t\t\t<span class=\"elementor-toggle-icon-closed\"><i class=\"fas fa-chevron-down\"><\/i><\/span>\n\t\t\t\t\t\t\t\t<span class=\"elementor-toggle-icon-opened\"><i class=\"elementor-toggle-icon-opened fas fa-chevron-up\"><\/i><\/span>\n\t\t\t\t\t\t\t\t\t\t\t\t\t<\/span>\n\t\t\t\t\t\t\t\t\t\t\t\t<a class=\"elementor-toggle-title\" tabindex=\"0\">M\u00e1s sobre prevenci\u00f3n en casa<\/a>\n\t\t\t\t\t<\/div>\n\n\t\t\t\t\t<div id=\"elementor-tab-content-7551\" class=\"elementor-tab-content elementor-clearfix\" data-tab=\"1\" role=\"region\" aria-labelledby=\"elementor-tab-title-7551\"><ul><li><strong>Lleva a tu perro con correa en la calle en todo momento<\/strong>. No dejes que tus perros anden sueltos: las posibilidades de que sean atropellados o se pierdan son demasiado grandes como para arriesgarse a dejarlos correr libremente. Mantener a tus gatos dentro de casa tambi\u00e9n les ayudar\u00e1 a vivir m\u00e1s tiempo y evitar\u00e1 que se lesionen o tengan un accidente.<\/li><li><strong>No utilices ning\u00fan pesticida, fungicida o fertilizante t\u00f3xico<\/strong> <strong>en tu jard\u00edn si tus mascotas tienen acceso<\/strong>.<\/li><li><strong>Guarda todos los productos dom\u00e9sticos potencialmente t\u00f3xicos, incluidos los detergentes, etc., fuera del alcance de tus mascotas<\/strong>.<\/li><li><strong>Cepilla los dientes de tu perro o gato regularmente con una pasta de dientes especial para perros o gatos, o con bicarbonato de sodio<\/strong> &#8211; nunca con pasta de dientes dise\u00f1ada para uso humano. Esta pr\u00e1ctica puede ayudar a evitar costosos y graves problemas dentales en el futuro.<\/li><li><strong>Socializa y entrena a tu cachorro desde el principio<\/strong>. Esto ayudar\u00e1 a evitar enfrentamientos con otros perros m\u00e1s adelante y tambi\u00e9n ayudar\u00e1 a evitar problemas de comportamiento que pueden ser dif\u00edciles de tratar en los perros adultos.<\/li><li><strong>Pasa tiempo con tu mascota todos los d\u00edas<\/strong>. Pasar tiempo de calidad con ellos contribuir\u00e1 a su bienestar emocional y, por tanto, a mejorar su salud general.<\/li><li><strong>Nunca dejes a tu mascota en el coche en un d\u00eda caluroso<\/strong>. Las temperaturas en un coche, incluso con las ventanillas bajadas, pueden alcanzar niveles mortales en cuesti\u00f3n de minutos. Si la temperatura exterior supera los 20 grados, ya es inseguro mantener a los animales en el coche.<\/li><li><strong>Cuando viajes con tu mascota, lleva a los perros en un transport\u00edn o suj\u00e9talos con un cintur\u00f3n de seguridad especial para perros (no un cintur\u00f3n de seguridad para humanos) y lleva tambi\u00e9n a tus gatos en transportines<\/strong>. Esto ayudar\u00e1 a evitar que tus animales se lesionen en un accidente, y ten en cuenta que, incluso a baja velocidad, los pasajeros de un coche que no van sujetos (ya sean humanos, perros o gatos) pueden resultar gravemente heridos.<\/li><li><strong>Considera la posibilidad de asegurar a tu mascota con un programa de seguros para mascotas<\/strong>. Existen varios programas de seguros para mascotas que cubren sus necesidades en caso de accidente o enfermedad. Sin embargo, estos programas no cubren la atenci\u00f3n en el momento del tratamiento, lo que significa que tendr\u00e1s que estar preparado para pagar la atenci\u00f3n m\u00e9dica cuando tu animal sea tratado. Adem\u00e1s, estos planes tienen restricciones sobre los procedimientos que cubren las p\u00f3lizas, por lo que hay que leer detenidamente las limitaciones de las mismas. Estas p\u00f3lizas no sustituyen a la disponibilidad de una cuenta de ahorros para cubrir los cuidados m\u00e9dicos necesarios.<\/li><\/ul><\/div>\n\t\t\t\t<\/div>\n\t\t\t\t\t\t\t\t<\/div>\n\t\t\t\t\t\t<\/div>\n\t\t\t\t<\/div>\n\t\t\t\t\t<\/div>\n\t\t<\/div>\n\t\t\t\t\t<\/div>\n\t\t<\/section>\n\t\t\t\t<section class=\"elementor-section elementor-top-section elementor-element elementor-element-d111a8a elementor-section-boxed elementor-section-height-default elementor-section-height-default\" data-id=\"d111a8a\" data-element_type=\"section\" data-e-type=\"section\">\n\t\t\t\t\t\t<div class=\"elementor-container elementor-column-gap-default\">\n\t\t\t\t\t<div class=\"elementor-column elementor-col-100 elementor-top-column elementor-element elementor-element-839e5ca\" data-id=\"839e5ca\" data-element_type=\"column\" data-e-type=\"column\">\n\t\t\t<div class=\"elementor-widget-wrap elementor-element-populated\">\n\t\t\t\t\t\t<div class=\"elementor-element elementor-element-26eef6e elementor-align-center elementor-widget elementor-widget-button\" data-id=\"26eef6e\" data-element_type=\"widget\" data-e-type=\"widget\" data-widget_type=\"button.default\">\n\t\t\t\t<div class=\"elementor-widget-container\">\n\t\t\t\t\t\t\t\t\t<div class=\"elementor-button-wrapper\">\n\t\t\t\t\t<a class=\"elementor-button elementor-button-link elementor-size-sm\" href=\"https:\/\/www.unavets.com\/icanatura\/es\/contacto\/\">\n\t\t\t\t\t\t<span class=\"elementor-button-content-wrapper\">\n\t\t\t\t\t\t<span class=\"elementor-button-icon\">\n\t\t\t\t<i aria-hidden=\"true\" class=\"far fa-calendar-alt\"><\/i>\t\t\t<\/span>\n\t\t\t\t\t\t\t\t\t<span class=\"elementor-button-text\">Pide cita<\/span>\n\t\t\t\t\t<\/span>\n\t\t\t\t\t<\/a>\n\t\t\t\t<\/div>\n\t\t\t\t\t\t\t\t<\/div>\n\t\t\t\t<\/div>\n\t\t\t\t\t<\/div>\n\t\t<\/div>\n\t\t\t\t\t<\/div>\n\t\t<\/section>\n\t\t\t\t<\/div>\n\t\t","protected":false},"excerpt":{"rendered":"<p>Servicios de Medicina Preventiva ofrecidos La prevenci\u00f3n sanitaria es fundamental para evitar muchos problemas m\u00e9dicos y para aumentar el bienestar y la longevidad de nuestros queridos animales de compa\u00f1\u00eda. Vis\u00edtanos de forma frecuente o cuando recibas nuestros recordatorios de visita, no esperes a que surjan problemas. Las enfermedades son m\u00e1s f\u00e1ciles de tratar cuando se &hellip; <\/p>\n","protected":false},"author":4,"featured_media":0,"parent":0,"menu_order":0,"comment_status":"closed","ping_status":"closed","template":"page-fullwidth.php","meta":{"_acf_changed":false,"content-type":"","footnotes":""},"class_list":["post-12932","page","type-page","status-publish","hentry"],"acf":[],"_links":{"self":[{"href":"https:\/\/www.unavets.com\/icanatura\/es\/wp-json\/wp\/v2\/pages\/12932","targetHints":{"allow":["GET"]}}],"collection":[{"href":"https:\/\/www.unavets.com\/icanatura\/es\/wp-json\/wp\/v2\/pages"}],"about":[{"href":"https:\/\/www.unavets.com\/icanatura\/es\/wp-json\/wp\/v2\/types\/page"}],"author":[{"embeddable":true,"href":"https:\/\/www.unavets.com\/icanatura\/es\/wp-json\/wp\/v2\/users\/4"}],"replies":[{"embeddable":true,"href":"https:\/\/www.unavets.com\/icanatura\/es\/wp-json\/wp\/v2\/comments?post=12932"}],"version-history":[{"count":15,"href":"https:\/\/www.unavets.com\/icanatura\/es\/wp-json\/wp\/v2\/pages\/12932\/revisions"}],"predecessor-version":[{"id":21222,"href":"https:\/\/www.unavets.com\/icanatura\/es\/wp-json\/wp\/v2\/pages\/12932\/revisions\/21222"}],"wp:attachment":[{"href":"https:\/\/www.unavets.com\/icanatura\/es\/wp-json\/wp\/v2\/media?parent=12932"}],"curies":[{"name":"wp","href":"https:\/\/api.w.org\/{rel}","templated":true}]}}