{"id":12871,"date":"2020-10-12T15:22:44","date_gmt":"2020-10-12T15:22:44","guid":{"rendered":"http:\/\/www.unavets.com\/icanatura\/pet-dentistry\/"},"modified":"2026-03-04T11:05:14","modified_gmt":"2026-03-04T11:05:14","slug":"cuidados-dentales","status":"publish","type":"page","link":"https:\/\/www.unavets.com\/icanatura\/es\/servicios\/cuidados-dentales\/","title":{"rendered":"Cuidados Dentales y Odontolog\u00eda Veterinaria"},"content":{"rendered":"\t\t<div data-elementor-type=\"wp-page\" data-elementor-id=\"12871\" class=\"elementor elementor-12871 elementor-656\" data-elementor-post-type=\"page\">\n\t\t\t\t\t\t<section class=\"elementor-section elementor-top-section elementor-element elementor-element-d993722 elementor-section-boxed elementor-section-height-default elementor-section-height-default\" data-id=\"d993722\" data-element_type=\"section\" data-e-type=\"section\" id=\"main-sec\">\n\t\t\t\t\t\t<div class=\"elementor-container elementor-column-gap-wide\">\n\t\t\t\t\t<div class=\"elementor-column elementor-col-50 elementor-top-column elementor-element elementor-element-065811d\" data-id=\"065811d\" data-element_type=\"column\" data-e-type=\"column\">\n\t\t\t<div class=\"elementor-widget-wrap elementor-element-populated\">\n\t\t\t\t\t\t<div class=\"elementor-element elementor-element-63d99ac elementor-widget elementor-widget-text-editor\" data-id=\"63d99ac\" data-element_type=\"widget\" data-e-type=\"widget\" data-widget_type=\"text-editor.default\">\n\t\t\t\t<div class=\"elementor-widget-container\">\n\t\t\t\t\t\t\t\t\t<p>La higiene dental es una parte muy importante de la salud general de las mascotas, ya que los problemas dentales pueden causar otras enfermedades. El veterinario debe revisar los dientes y enc\u00edas de las mascotas al menos una vez al a\u00f1o, durante la revisi\u00f3n anual, con el fin de detectar signos tempranos de alg\u00fan problema y mantener su boca sana.<\/p><p>En <span data-sheets-value=\"{\" data-sheets-userformat=\"{\">ICA Natura, n<\/span>uestros servicios dentales para mascotas incluyen:<\/p><ul><li>Limpieza por ultrasonido (elimina los dep\u00f3sitos de sarro)<\/li><li>Pulido (suaviza las imperfecciones de la superficie del diente)<\/li><li>Extracciones dentales (si fuese necesario)<\/li><\/ul><p>El veterinario comienza su revisi\u00f3n con un examen de la boca de la mascota. Para evaluar el estado de la mand\u00edbula y de las ra\u00edces de los dientes tal vez necesite realizar unas radiograf\u00edas. Las limpiezas dentales se realizan bajo anestesia general para garantizar un tratamiento m\u00e1s completo.<\/p>\t\t\t\t\t\t\t\t<\/div>\n\t\t\t\t<\/div>\n\t\t\t\t\t<\/div>\n\t\t<\/div>\n\t\t\t\t<div class=\"elementor-column elementor-col-50 elementor-top-column elementor-element elementor-element-2048e61\" data-id=\"2048e61\" data-element_type=\"column\" data-e-type=\"column\">\n\t\t\t<div class=\"elementor-widget-wrap elementor-element-populated\">\n\t\t\t\t\t\t<div class=\"elementor-element elementor-element-dc7c821 elementor-widget elementor-widget-image\" data-id=\"dc7c821\" data-element_type=\"widget\" data-e-type=\"widget\" data-widget_type=\"image.default\">\n\t\t\t\t<div class=\"elementor-widget-container\">\n\t\t\t\t\t\t\t\t\t\t\t\t\t\t\t<img fetchpriority=\"high\" width=\"724\" height=\"483\" class=\"attachment-large size-large wp-image-21872 lazy\" alt=\"\" data-src=\"https:\/\/www.unavets.com\/icanatura\/wp-content\/uploads\/sites\/61\/2026\/03\/Fotos-Horizontales-para-web-42-2-1024x683.jpg\" data-lazy=\"https:\/\/www.unavets.com\/icanatura\/wp-content\/uploads\/sites\/61\/2026\/03\/Fotos-Horizontales-para-web-42-2-1024x683.jpg\" \/>\t\t\t\t\t\t\t\t\t\t\t\t\t\t\t<\/div>\n\t\t\t\t<\/div>\n\t\t\t\t<div class=\"elementor-element elementor-element-765fbff elementor-align-center elementor-widget elementor-widget-button\" data-id=\"765fbff\" data-element_type=\"widget\" data-e-type=\"widget\" data-widget_type=\"button.default\">\n\t\t\t\t<div class=\"elementor-widget-container\">\n\t\t\t\t\t\t\t\t\t<div class=\"elementor-button-wrapper\">\n\t\t\t\t\t<a class=\"elementor-button elementor-button-link elementor-size-md\" href=\"https:\/\/www.unavets.com\/icanatura\/es\/contacto\/\">\n\t\t\t\t\t\t<span class=\"elementor-button-content-wrapper\">\n\t\t\t\t\t\t<span class=\"elementor-button-icon\">\n\t\t\t\t<i aria-hidden=\"true\" class=\"far fa-calendar-alt\"><\/i>\t\t\t<\/span>\n\t\t\t\t\t\t\t\t\t<span class=\"elementor-button-text\">Pide Cita<\/span>\n\t\t\t\t\t<\/span>\n\t\t\t\t\t<\/a>\n\t\t\t\t<\/div>\n\t\t\t\t\t\t\t\t<\/div>\n\t\t\t\t<\/div>\n\t\t\t\t\t<\/div>\n\t\t<\/div>\n\t\t\t\t\t<\/div>\n\t\t<\/section>\n\t\t\t\t<section class=\"elementor-section elementor-top-section elementor-element elementor-element-c6e8d26 elementor-section-boxed elementor-section-height-default elementor-section-height-default\" data-id=\"c6e8d26\" data-element_type=\"section\" data-e-type=\"section\">\n\t\t\t\t\t\t<div class=\"elementor-container elementor-column-gap-default\">\n\t\t\t\t\t<div class=\"elementor-column elementor-col-100 elementor-top-column elementor-element elementor-element-d92d362\" data-id=\"d92d362\" data-element_type=\"column\" data-e-type=\"column\">\n\t\t\t<div class=\"elementor-widget-wrap elementor-element-populated\">\n\t\t\t\t\t\t<div class=\"elementor-element elementor-element-70fb1ad elementor-widget elementor-widget-section_titleleft\" data-id=\"70fb1ad\" data-element_type=\"widget\" data-e-type=\"widget\" data-widget_type=\"section_titleleft.default\">\n\t\t\t\t<div class=\"elementor-widget-container\">\n\t\t\t\t\t        <div class=\"ab_text-title fl-wrap\">\n            <h3>\u00bfA qu\u00e9 s\u00edntomas debes prestar atenci\u00f3n?<\/h3><span class=\"section-separator fl-sec-sep\"><\/span>        <\/div>\n        \t\t\t\t<\/div>\n\t\t\t\t<\/div>\n\t\t\t\t\t<\/div>\n\t\t<\/div>\n\t\t\t\t\t<\/div>\n\t\t<\/section>\n\t\t\t\t<section class=\"elementor-section elementor-top-section elementor-element elementor-element-149f379 elementor-section-boxed elementor-section-height-default elementor-section-height-default\" data-id=\"149f379\" data-element_type=\"section\" data-e-type=\"section\">\n\t\t\t\t\t\t<div class=\"elementor-container elementor-column-gap-wide\">\n\t\t\t\t\t<div class=\"elementor-column elementor-col-50 elementor-top-column elementor-element elementor-element-2a8ea5b\" data-id=\"2a8ea5b\" data-element_type=\"column\" data-e-type=\"column\">\n\t\t\t<div class=\"elementor-widget-wrap elementor-element-populated\">\n\t\t\t\t\t\t<div class=\"elementor-element elementor-element-01118fc elementor-widget elementor-widget-image\" data-id=\"01118fc\" data-element_type=\"widget\" data-e-type=\"widget\" data-widget_type=\"image.default\">\n\t\t\t\t<div class=\"elementor-widget-container\">\n\t\t\t\t\t\t\t\t\t\t\t\t\t\t\t<img width=\"500\" height=\"335\" class=\"attachment-townhub-featured-image size-townhub-featured-image wp-image-22127 lazy\" alt=\"\" data-src=\"https:\/\/www.unavets.com\/icanatura\/wp-content\/uploads\/sites\/61\/2020\/10\/Depositphotos_13921798_original-1-1.jpg\" data-lazy=\"https:\/\/www.unavets.com\/icanatura\/wp-content\/uploads\/sites\/61\/2020\/10\/Depositphotos_13921798_original-1-1.jpg\" \/>\t\t\t\t\t\t\t\t\t\t\t\t\t\t\t<\/div>\n\t\t\t\t<\/div>\n\t\t\t\t\t<\/div>\n\t\t<\/div>\n\t\t\t\t<div class=\"elementor-column elementor-col-50 elementor-top-column elementor-element elementor-element-08b8459\" data-id=\"08b8459\" data-element_type=\"column\" data-e-type=\"column\">\n\t\t\t<div class=\"elementor-widget-wrap elementor-element-populated\">\n\t\t\t\t\t\t<div class=\"elementor-element elementor-element-e1b240e elementor-widget elementor-widget-text-editor\" data-id=\"e1b240e\" data-element_type=\"widget\" data-e-type=\"widget\" data-widget_type=\"text-editor.default\">\n\t\t\t\t<div class=\"elementor-widget-container\">\n\t\t\t\t\t\t\t\t\t<p>Pide cita para revisar los dientes de tu mascota, si observas alguno de los siguientes problemas:<\/p><ul><li>Dientes rotos o sueltos<\/li><li>Dientes extra o dientes de leche retenidos<\/li><li>Dientes descoloridos o cubiertos de sarro<\/li><li>Mal aliento<\/li><li>Masticaci\u00f3n, babeo o alimentos que se caen de la boca de manera inusual.<\/li><li>Apetito reducido o negativa a comer<\/li><li>Dolor en o alrededor de la boca<\/li><li>Sangrado de la boca<\/li><li>Inflamaci\u00f3n de las zonas que rodean la boca.<\/li><\/ul><p>Algunas mascotas se vuelven irascibles cuando tienen problemas dentales, por lo que cualquier cambio de comportamiento deber\u00eda motivar una visita al veterinario. Ten cuidado al revisar la boca de tu mascota, porque un animal dolorido puede morder.<\/p>\t\t\t\t\t\t\t\t<\/div>\n\t\t\t\t<\/div>\n\t\t\t\t\t<\/div>\n\t\t<\/div>\n\t\t\t\t\t<\/div>\n\t\t<\/section>\n\t\t\t\t<section class=\"elementor-section elementor-top-section elementor-element elementor-element-49ff81c elementor-section-boxed elementor-section-height-default elementor-section-height-default\" data-id=\"49ff81c\" data-element_type=\"section\" data-e-type=\"section\">\n\t\t\t\t\t\t<div class=\"elementor-container elementor-column-gap-default\">\n\t\t\t\t\t<div class=\"elementor-column elementor-col-100 elementor-top-column elementor-element elementor-element-1dff2ba\" data-id=\"1dff2ba\" data-element_type=\"column\" data-e-type=\"column\">\n\t\t\t<div class=\"elementor-widget-wrap elementor-element-populated\">\n\t\t\t\t\t\t<div class=\"elementor-element elementor-element-9ea1c2e elementor-widget elementor-widget-section_titleleft\" data-id=\"9ea1c2e\" data-element_type=\"widget\" data-e-type=\"widget\" data-widget_type=\"section_titleleft.default\">\n\t\t\t\t<div class=\"elementor-widget-container\">\n\t\t\t\t\t        <div class=\"ab_text-title fl-wrap\">\n            <h3>\u00bfPor qu\u00e9 en la odontolog\u00eda veterinaria se requiere anestesia?<\/h3><span class=\"section-separator fl-sec-sep\"><\/span>        <\/div>\n        \t\t\t\t<\/div>\n\t\t\t\t<\/div>\n\t\t\t\t<div class=\"elementor-element elementor-element-ac2f888 elementor-widget elementor-widget-text-editor\" data-id=\"ac2f888\" data-element_type=\"widget\" data-e-type=\"widget\" data-widget_type=\"text-editor.default\">\n\t\t\t\t<div class=\"elementor-widget-container\">\n\t\t\t\t\t\t\t\t\t<p>Cuando traes tu mascota a ICA Natura, le realizamos en nuestra consulta los tratamientos necesarios para ayudarles a mantener la boca sana. Utilizamos t\u00e9cnicas para minimizar el dolor y las molestias y controlamos constantemente c\u00f3mo se siente el paciente a lo largo del proceso.\u00a0<\/p><p>La anestesia permite realizar los tratamientos dentales con menos estr\u00e9s y dolor. Adem\u00e1s, permite realizar una mejor limpieza porque el paciente no se mueve y no corre riesgo de lesionarse con el equipo dental. Si hay necesidad de hacer radiograf\u00edas, el paciente tiene que estar inm\u00f3vil para obtener im\u00e1genes n\u00edtidas y esto es dif\u00edcil de conseguir a menos que est\u00e9 bajo los efectos de la sedaci\u00f3n.<\/p><p>Aunque anestesiar al paciente siempre es delicado, gracias a los equipos y la formaci\u00f3n del personal los beneficios superan con creces a los riesgos. La mayor\u00eda de nuestros pacientes pueden volver a casa el mismo d\u00eda del tratamiento, aunque pueden estar un poco aturdidos durante el resto del d\u00eda.<\/p>\t\t\t\t\t\t\t\t<\/div>\n\t\t\t\t<\/div>\n\t\t\t\t\t<\/div>\n\t\t<\/div>\n\t\t\t\t\t<\/div>\n\t\t<\/section>\n\t\t\t\t<section class=\"elementor-section elementor-top-section elementor-element elementor-element-9a84a67 elementor-section-boxed elementor-section-height-default elementor-section-height-default\" data-id=\"9a84a67\" data-element_type=\"section\" data-e-type=\"section\">\n\t\t\t\t\t\t<div class=\"elementor-container elementor-column-gap-default\">\n\t\t\t\t\t<div class=\"elementor-column elementor-col-100 elementor-top-column elementor-element elementor-element-0118b94\" data-id=\"0118b94\" data-element_type=\"column\" data-e-type=\"column\">\n\t\t\t<div class=\"elementor-widget-wrap elementor-element-populated\">\n\t\t\t\t\t\t<div class=\"elementor-element elementor-element-bc0aa84 elementor-widget elementor-widget-section_titleleft\" data-id=\"bc0aa84\" data-element_type=\"widget\" data-e-type=\"widget\" data-widget_type=\"section_titleleft.default\">\n\t\t\t\t<div class=\"elementor-widget-container\">\n\t\t\t\t\t        <div class=\"ab_text-title fl-wrap\">\n            <h3>Causas de los problemas dentales en las mascotas<\/h3><span class=\"section-separator fl-sec-sep\"><\/span>        <\/div>\n        \t\t\t\t<\/div>\n\t\t\t\t<\/div>\n\t\t\t\t<div class=\"elementor-element elementor-element-6622e99 elementor-widget elementor-widget-text-editor\" data-id=\"6622e99\" data-element_type=\"widget\" data-e-type=\"widget\" data-widget_type=\"text-editor.default\">\n\t\t\t\t<div class=\"elementor-widget-container\">\n\t\t\t\t\t\t\t\t\t<p>Aunque las caries son menos comunes en ellos que en nosotros, los animales de compa\u00f1\u00eda pueden tener muchos de los mismos problemas dentales que desarrollamos las personas:<\/p><ul><li>Rotura de dientes y ra\u00edces<\/li><li>Enfermedad periodontal<\/li><li>Abscesos o dientes infectados<\/li><li>Quistes o tumores en la boca<\/li><li>Mala oclusi\u00f3n o desalineaci\u00f3n de los dientes y mordida<\/li><li>Fractura de mand\u00edbula<\/li><li>Defectos del paladar (como paladar partido)<\/li><\/ul>\t\t\t\t\t\t\t\t<\/div>\n\t\t\t\t<\/div>\n\t\t\t\t<div class=\"elementor-element elementor-element-479fa5f elementor-widget elementor-widget-toggle\" data-id=\"479fa5f\" data-element_type=\"widget\" data-e-type=\"widget\" data-widget_type=\"toggle.default\">\n\t\t\t\t<div class=\"elementor-widget-container\">\n\t\t\t\t\t\t\t<div class=\"elementor-toggle\">\n\t\t\t\t\t\t\t<div class=\"elementor-toggle-item\">\n\t\t\t\t\t<div id=\"elementor-tab-title-7511\" class=\"elementor-tab-title\" data-tab=\"1\" role=\"button\" aria-controls=\"elementor-tab-content-7511\" aria-expanded=\"false\">\n\t\t\t\t\t\t\t\t\t\t\t\t<span class=\"elementor-toggle-icon elementor-toggle-icon-left\" aria-hidden=\"true\">\n\t\t\t\t\t\t\t\t\t\t\t\t\t\t\t<span class=\"elementor-toggle-icon-closed\"><i class=\"fas fa-chevron-down\"><\/i><\/span>\n\t\t\t\t\t\t\t\t<span class=\"elementor-toggle-icon-opened\"><i class=\"elementor-toggle-icon-opened fas fa-chevron-up\"><\/i><\/span>\n\t\t\t\t\t\t\t\t\t\t\t\t\t<\/span>\n\t\t\t\t\t\t\t\t\t\t\t\t<a class=\"elementor-toggle-title\" tabindex=\"0\">Otras causas de los problemas dentales en las mascotas<\/a>\n\t\t\t\t\t<\/div>\n\n\t\t\t\t\t<div id=\"elementor-tab-content-7511\" class=\"elementor-tab-content elementor-clearfix\" data-tab=\"1\" role=\"region\" aria-labelledby=\"elementor-tab-title-7511\"><p>La enfermedad periodontal es la afecci\u00f3n dental m\u00e1s com\u00fan en perros y gatos. Los primeros s\u00edntomas de la enfermedad suelen aparecer a los 3 o 4 a\u00f1os si no se toman medidas preventivas eficaces y empeorar\u00e1n a medida que la mascota envejezca. La detecci\u00f3n y el tratamiento tempranos son fundamentales, porque la enfermedad periodontal avanzada puede ocasionar dolor y problemas graves. Otros problemas de salud asociados con esta enfermedad incluyen alteraciones en los ri\u00f1ones, el h\u00edgado y el coraz\u00f3n.<\/p><p>La enfermedad periodontal comienza con el endurecimiento de la placa bacteriana que se convierte en sarro. El sarro por encima de la enc\u00eda a menudo puede verse y eliminarse f\u00e1cilmente, pero la placa y el sarro por debajo de la enc\u00eda son perjudiciales, favorecen la infecci\u00f3n y perjudican la mand\u00edbula y los tejidos que la conectan con el diente. La enfermedad periodontal se clasifica en una escala de 0 (normal) a 4 (grave).<\/p><p>El tratamiento para esta afecci\u00f3n es una limpieza dental completa; es posible que se necesiten radiograf\u00edas para determinar la gravedad de las lesiones y un tratamiento m\u00e9dico que elimine la infecci\u00f3n y la inflamaci\u00f3n. Nuestros veterinarios te aconsejar\u00e1n qu\u00e9 hacer, bas\u00e1ndose en la salud general de la mascota y la salud de sus dientes.<\/p><\/div>\n\t\t\t\t<\/div>\n\t\t\t\t\t\t\t\t<\/div>\n\t\t\t\t\t\t<\/div>\n\t\t\t\t<\/div>\n\t\t\t\t\t<\/div>\n\t\t<\/div>\n\t\t\t\t\t<\/div>\n\t\t<\/section>\n\t\t\t\t<\/div>\n\t\t","protected":false},"excerpt":{"rendered":"<p>La higiene dental es una parte muy importante de la salud general de las mascotas, ya que los problemas dentales pueden causar otras enfermedades. El veterinario debe revisar los dientes y enc\u00edas de las mascotas al menos una vez al a\u00f1o, durante la revisi\u00f3n anual, con el fin de detectar signos tempranos de alg\u00fan problema &hellip; <\/p>\n","protected":false},"author":4,"featured_media":0,"parent":13564,"menu_order":0,"comment_status":"closed","ping_status":"closed","template":"page-fullwidth.php","meta":{"_acf_changed":false,"content-type":"","footnotes":""},"class_list":["post-12871","page","type-page","status-publish","hentry"],"acf":[],"_links":{"self":[{"href":"https:\/\/www.unavets.com\/icanatura\/es\/wp-json\/wp\/v2\/pages\/12871","targetHints":{"allow":["GET"]}}],"collection":[{"href":"https:\/\/www.unavets.com\/icanatura\/es\/wp-json\/wp\/v2\/pages"}],"about":[{"href":"https:\/\/www.unavets.com\/icanatura\/es\/wp-json\/wp\/v2\/types\/page"}],"author":[{"embeddable":true,"href":"https:\/\/www.unavets.com\/icanatura\/es\/wp-json\/wp\/v2\/users\/4"}],"replies":[{"embeddable":true,"href":"https:\/\/www.unavets.com\/icanatura\/es\/wp-json\/wp\/v2\/comments?post=12871"}],"version-history":[{"count":12,"href":"https:\/\/www.unavets.com\/icanatura\/es\/wp-json\/wp\/v2\/pages\/12871\/revisions"}],"predecessor-version":[{"id":21876,"href":"https:\/\/www.unavets.com\/icanatura\/es\/wp-json\/wp\/v2\/pages\/12871\/revisions\/21876"}],"up":[{"embeddable":true,"href":"https:\/\/www.unavets.com\/icanatura\/es\/wp-json\/wp\/v2\/pages\/13564"}],"wp:attachment":[{"href":"https:\/\/www.unavets.com\/icanatura\/es\/wp-json\/wp\/v2\/media?parent=12871"}],"curies":[{"name":"wp","href":"https:\/\/api.w.org\/{rel}","templated":true}]}}