{"id":12867,"date":"2020-10-27T21:40:12","date_gmt":"2020-10-27T21:40:12","guid":{"rendered":"http:\/\/www.unavets.com\/icanatura\/parasite-prevention\/"},"modified":"2026-01-14T15:06:54","modified_gmt":"2026-01-14T15:06:54","slug":"tratamientos-antiparasitarios","status":"publish","type":"page","link":"https:\/\/www.unavets.com\/icanatura\/es\/tratamientos-antiparasitarios\/","title":{"rendered":"Tratamientos Antiparasitarios"},"content":{"rendered":"\t\t<div data-elementor-type=\"wp-page\" data-elementor-id=\"12867\" class=\"elementor elementor-12867 elementor-1129\" data-elementor-post-type=\"page\">\n\t\t\t\t\t\t<section class=\"elementor-section elementor-top-section elementor-element elementor-element-2ffc9d3 elementor-section-boxed elementor-section-height-default elementor-section-height-default\" data-id=\"2ffc9d3\" data-element_type=\"section\" data-e-type=\"section\" id=\"main-sec\">\n\t\t\t\t\t\t<div class=\"elementor-container elementor-column-gap-default\">\n\t\t\t\t\t<div class=\"elementor-column elementor-col-100 elementor-top-column elementor-element elementor-element-675b5ee\" data-id=\"675b5ee\" data-element_type=\"column\" data-e-type=\"column\">\n\t\t\t<div class=\"elementor-widget-wrap elementor-element-populated\">\n\t\t\t\t\t\t<div class=\"elementor-element elementor-element-022555a elementor-widget elementor-widget-section_titleleft\" data-id=\"022555a\" data-element_type=\"widget\" data-e-type=\"widget\" data-widget_type=\"section_titleleft.default\">\n\t\t\t\t<div class=\"elementor-widget-container\">\n\t\t\t\t\t        <div class=\"ab_text-title fl-wrap\">\n            Los par\u00e1sitos pueden afectar a las mascotas de formas muy diferentes que van desde una simple irritaci\u00f3n a enfermedades que pueden ser mortales si no se tratan.\n<span class=\"section-separator fl-sec-sep\"><\/span>        <\/div>\n        \t\t\t\t<\/div>\n\t\t\t\t<\/div>\n\t\t\t\t\t<\/div>\n\t\t<\/div>\n\t\t\t\t\t<\/div>\n\t\t<\/section>\n\t\t\t\t<section class=\"elementor-section elementor-top-section elementor-element elementor-element-91253b8 elementor-section-boxed elementor-section-height-default elementor-section-height-default\" data-id=\"91253b8\" data-element_type=\"section\" data-e-type=\"section\">\n\t\t\t\t\t\t<div class=\"elementor-container elementor-column-gap-default\">\n\t\t\t\t\t<div class=\"elementor-column elementor-col-50 elementor-top-column elementor-element elementor-element-227f144\" data-id=\"227f144\" data-element_type=\"column\" data-e-type=\"column\">\n\t\t\t<div class=\"elementor-widget-wrap elementor-element-populated\">\n\t\t\t\t\t\t<div class=\"elementor-element elementor-element-882f490 elementor-widget elementor-widget-text-editor\" data-id=\"882f490\" data-element_type=\"widget\" data-e-type=\"widget\" data-widget_type=\"text-editor.default\">\n\t\t\t\t<div class=\"elementor-widget-container\">\n\t\t\t\t\t\t\t\t\t<p><span data-sheets-value=\"{\" data-sheets-userformat=\"{\" data-sheets-textstyleruns=\"{\">Los perros y gatos es f\u00e1cil que se infesten con facilidad con par\u00e1sitos internos o externos<\/span> en alg\u00fan momento de su vida. Los veterinarios de <span data-sheets-value=\"{\" data-sheets-userformat=\"{\">ICA Natura in Lleida<\/span> pueden ayudar a prevenir, diagnosticar infecciones parasitarias y tratar otros problemas de salud que no solo afectan a los animales, sino tambi\u00e9n a la seguridad de toda la familia.<\/p><p><strong>Par\u00e1sitos que Tratamos<\/strong><\/p><ul><li>Gusano del coraz\u00f3n (filaria)<\/li><li>Pulgas<\/li><li>Garrapatas<\/li><li>\u00c1caros de o\u00eddo<\/li><\/ul>\t\t\t\t\t\t\t\t<\/div>\n\t\t\t\t<\/div>\n\t\t\t\t<div class=\"elementor-element elementor-element-caea418 elementor-align-center elementor-widget elementor-widget-button\" data-id=\"caea418\" data-element_type=\"widget\" data-e-type=\"widget\" data-widget_type=\"button.default\">\n\t\t\t\t<div class=\"elementor-widget-container\">\n\t\t\t\t\t\t\t\t\t<div class=\"elementor-button-wrapper\">\n\t\t\t\t\t<a class=\"elementor-button elementor-button-link elementor-size-md\" href=\"https:\/\/www.unavets.com\/icanatura\/es\/contacto\/\">\n\t\t\t\t\t\t<span class=\"elementor-button-content-wrapper\">\n\t\t\t\t\t\t<span class=\"elementor-button-icon\">\n\t\t\t\t<i aria-hidden=\"true\" class=\"far fa-calendar-alt\"><\/i>\t\t\t<\/span>\n\t\t\t\t\t\t\t\t\t<span class=\"elementor-button-text\">Pide Cita<\/span>\n\t\t\t\t\t<\/span>\n\t\t\t\t\t<\/a>\n\t\t\t\t<\/div>\n\t\t\t\t\t\t\t\t<\/div>\n\t\t\t\t<\/div>\n\t\t\t\t<div class=\"elementor-element elementor-element-05551f5 elementor-widget elementor-widget-toggle\" data-id=\"05551f5\" data-element_type=\"widget\" data-e-type=\"widget\" data-widget_type=\"toggle.default\">\n\t\t\t\t<div class=\"elementor-widget-container\">\n\t\t\t\t\t\t\t<div class=\"elementor-toggle\">\n\t\t\t\t\t\t\t<div class=\"elementor-toggle-item\">\n\t\t\t\t\t<div id=\"elementor-tab-title-5591\" class=\"elementor-tab-title\" data-tab=\"1\" role=\"button\" aria-controls=\"elementor-tab-content-5591\" aria-expanded=\"false\">\n\t\t\t\t\t\t\t\t\t\t\t\t<span class=\"elementor-toggle-icon elementor-toggle-icon-left\" aria-hidden=\"true\">\n\t\t\t\t\t\t\t\t\t\t\t\t\t\t\t<span class=\"elementor-toggle-icon-closed\"><i class=\"fas fa-chevron-down\"><\/i><\/span>\n\t\t\t\t\t\t\t\t<span class=\"elementor-toggle-icon-opened\"><i class=\"elementor-toggle-icon-opened fas fa-chevron-up\"><\/i><\/span>\n\t\t\t\t\t\t\t\t\t\t\t\t\t<\/span>\n\t\t\t\t\t\t\t\t\t\t\t\t<a class=\"elementor-toggle-title\" tabindex=\"0\">Otros par\u00e1sitos que tratamos<\/a>\n\t\t\t\t\t<\/div>\n\n\t\t\t\t\t<div id=\"elementor-tab-content-5591\" class=\"elementor-tab-content elementor-clearfix\" data-tab=\"1\" role=\"region\" aria-labelledby=\"elementor-tab-title-5591\"><ul><li>Coccidio<\/li><li>Giardia<\/li><li>\u00c1caros de la sarna<\/li><li>Toxoplasmosis<\/li><li>Anquilostomas<\/li><li>Nematodos<\/li><li>Tenias<\/li><li>Tricoc\u00e9falos<\/li><\/ul><\/div>\n\t\t\t\t<\/div>\n\t\t\t\t\t\t\t\t<\/div>\n\t\t\t\t\t\t<\/div>\n\t\t\t\t<\/div>\n\t\t\t\t\t<\/div>\n\t\t<\/div>\n\t\t\t\t<div class=\"elementor-column elementor-col-50 elementor-top-column elementor-element elementor-element-bdaae4b\" data-id=\"bdaae4b\" data-element_type=\"column\" data-e-type=\"column\">\n\t\t\t<div class=\"elementor-widget-wrap elementor-element-populated\">\n\t\t\t\t\t\t<div class=\"elementor-element elementor-element-0782d84 elementor-widget elementor-widget-image\" data-id=\"0782d84\" data-element_type=\"widget\" data-e-type=\"widget\" data-widget_type=\"image.default\">\n\t\t\t\t<div class=\"elementor-widget-container\">\n\t\t\t\t\t\t\t\t\t\t\t\t\t\t\t<img fetchpriority=\"high\" width=\"724\" height=\"481\" class=\"attachment-large size-large wp-image-13819 lazy\" alt=\"\" data-src=\"https:\/\/www.unavets.com\/icanatura\/wp-content\/uploads\/sites\/61\/2021\/02\/shutterstock_654316900-1.jpg\" data-lazy=\"https:\/\/www.unavets.com\/icanatura\/wp-content\/uploads\/sites\/61\/2021\/02\/shutterstock_654316900-1.jpg\" \/>\t\t\t\t\t\t\t\t\t\t\t\t\t\t\t<\/div>\n\t\t\t\t<\/div>\n\t\t\t\t\t<\/div>\n\t\t<\/div>\n\t\t\t\t\t<\/div>\n\t\t<\/section>\n\t\t\t\t<section class=\"elementor-section elementor-top-section elementor-element elementor-element-b540859 elementor-section-boxed elementor-section-height-default elementor-section-height-default\" data-id=\"b540859\" data-element_type=\"section\" data-e-type=\"section\">\n\t\t\t\t\t\t<div class=\"elementor-container elementor-column-gap-default\">\n\t\t\t\t\t<div class=\"elementor-column elementor-col-100 elementor-top-column elementor-element elementor-element-333b762\" data-id=\"333b762\" data-element_type=\"column\" data-e-type=\"column\">\n\t\t\t<div class=\"elementor-widget-wrap elementor-element-populated\">\n\t\t\t\t\t\t<div class=\"elementor-element elementor-element-41e92b9 elementor-widget elementor-widget-section_titleleft\" data-id=\"41e92b9\" data-element_type=\"widget\" data-e-type=\"widget\" data-widget_type=\"section_titleleft.default\">\n\t\t\t\t<div class=\"elementor-widget-container\">\n\t\t\t\t\t        <div class=\"ab_text-title fl-wrap\">\n            <h3>Prevenci\u00f3n Anual<\/h3><span class=\"section-separator fl-sec-sep\"><\/span>        <\/div>\n        \t\t\t\t<\/div>\n\t\t\t\t<\/div>\n\t\t\t\t\t<\/div>\n\t\t<\/div>\n\t\t\t\t\t<\/div>\n\t\t<\/section>\n\t\t\t\t<section class=\"elementor-section elementor-top-section elementor-element elementor-element-a07e17a elementor-section-boxed elementor-section-height-default elementor-section-height-default\" data-id=\"a07e17a\" data-element_type=\"section\" data-e-type=\"section\">\n\t\t\t\t\t\t<div class=\"elementor-container elementor-column-gap-default\">\n\t\t\t\t\t<div class=\"elementor-column elementor-col-50 elementor-top-column elementor-element elementor-element-57fb559\" data-id=\"57fb559\" data-element_type=\"column\" data-e-type=\"column\">\n\t\t\t<div class=\"elementor-widget-wrap elementor-element-populated\">\n\t\t\t\t\t\t<div class=\"elementor-element elementor-element-95f3db0 elementor-widget elementor-widget-image\" data-id=\"95f3db0\" data-element_type=\"widget\" data-e-type=\"widget\" data-widget_type=\"image.default\">\n\t\t\t\t<div class=\"elementor-widget-container\">\n\t\t\t\t\t\t\t\t\t\t\t\t\t\t\t<img width=\"750\" height=\"500\" class=\"attachment-townhub-featured-image size-townhub-featured-image wp-image-533 lazy\" alt=\"\" data-src=\"https:\/\/www.unavets.com\/icanatura\/wp-content\/uploads\/sites\/61\/2020\/10\/Depositphotos_37113019_original-1.jpg\" data-lazy=\"https:\/\/www.unavets.com\/icanatura\/wp-content\/uploads\/sites\/61\/2020\/10\/Depositphotos_37113019_original-1.jpg\" \/>\t\t\t\t\t\t\t\t\t\t\t\t\t\t\t<\/div>\n\t\t\t\t<\/div>\n\t\t\t\t\t<\/div>\n\t\t<\/div>\n\t\t\t\t<div class=\"elementor-column elementor-col-50 elementor-top-column elementor-element elementor-element-59de412\" data-id=\"59de412\" data-element_type=\"column\" data-e-type=\"column\">\n\t\t\t<div class=\"elementor-widget-wrap elementor-element-populated\">\n\t\t\t\t\t\t<div class=\"elementor-element elementor-element-d9028fb elementor-widget elementor-widget-text-editor\" data-id=\"d9028fb\" data-element_type=\"widget\" data-e-type=\"widget\" data-widget_type=\"text-editor.default\">\n\t\t\t\t<div class=\"elementor-widget-container\">\n\t\t\t\t\t\t\t\t\t<p>Los par\u00e1sitos pueden infestar a los animales en cualquier \u00e9poca del a\u00f1o. Los par\u00e1sitos externos como pulgas o garrapatas pueden ser menos frecuentes en el medio ambiente durante ciertas \u00e9pocas del a\u00f1o; sin embargo, a menudo sobreviven en las casas durante los meses de invierno, creando as\u00ed un ciclo de vida ininterrumpido. Otros par\u00e1sitos internos, como las lombrices, pueden perjudicar a tu mascota durante todo el a\u00f1o. Estas son algunas de las medidas que puedes tomar para prevenirlo:<\/p><ul><li>Usar un tratamiento preventivo contra pulgas y garrapatas durante todo el a\u00f1o.<\/li><li>Alimentar a tu mascota con comida cocinada o preparada (no con carne cruda).<\/li><li>Reducir al m\u00ednimo la visita a zonas donde haya muchas otras mascotas.<\/li><li>Limpiar las heces de tu mascota con regularidad.<\/li><li>Ir al veterinario para realizar pruebas y ex\u00e1menes f\u00edsicos anuales.<\/li><li>Darle medicamentos antiparasitarios, seg\u00fan las recomendaciones del veterinario.<\/li><li>Informarte sobre los riesgos de infestaci\u00f3n por par\u00e1sitos y sobre las medidas de control preventivo anuales que administramos mensualmente.<\/li><\/ul>\t\t\t\t\t\t\t\t<\/div>\n\t\t\t\t<\/div>\n\t\t\t\t\t<\/div>\n\t\t<\/div>\n\t\t\t\t\t<\/div>\n\t\t<\/section>\n\t\t\t\t<section class=\"elementor-section elementor-top-section elementor-element elementor-element-9ed6cf9 elementor-section-boxed elementor-section-height-default elementor-section-height-default\" data-id=\"9ed6cf9\" data-element_type=\"section\" data-e-type=\"section\">\n\t\t\t\t\t\t<div class=\"elementor-container elementor-column-gap-default\">\n\t\t\t\t\t<div class=\"elementor-column elementor-col-100 elementor-top-column elementor-element elementor-element-f3fffb0\" data-id=\"f3fffb0\" data-element_type=\"column\" data-e-type=\"column\">\n\t\t\t<div class=\"elementor-widget-wrap elementor-element-populated\">\n\t\t\t\t\t\t<div class=\"elementor-element elementor-element-9ef0401 elementor-widget elementor-widget-section_titleleft\" data-id=\"9ef0401\" data-element_type=\"widget\" data-e-type=\"widget\" data-widget_type=\"section_titleleft.default\">\n\t\t\t\t<div class=\"elementor-widget-container\">\n\t\t\t\t\t        <div class=\"ab_text-title fl-wrap\">\n            <h3>Preguntas frecuentes sobre mascotas y par\u00e1sitos<\/h3><span class=\"section-separator fl-sec-sep\"><\/span>        <\/div>\n        \t\t\t\t<\/div>\n\t\t\t\t<\/div>\n\t\t\t\t<div class=\"elementor-element elementor-element-7b33342 elementor-widget elementor-widget-text-editor\" data-id=\"7b33342\" data-element_type=\"widget\" data-e-type=\"widget\" data-widget_type=\"text-editor.default\">\n\t\t\t\t<div class=\"elementor-widget-container\">\n\t\t\t\t\t\t\t\t\t<p><em>\u00bfSuponen un riesgo para la salud de mi familia las pulgas y garrapatas que tiene mi mascota?<\/em><\/p><p>S\u00ed. Las pulgas y las garrapatas pueden ser portadoras y transmitir diversas enfermedades a los humanos directa o indirectamente. Por ejemplo la rickettsiosis (infecci\u00f3n por la bacteria del g\u00e9nero <em>Rickettsia<\/em>) se puede transmitir directamente por garrapatas. La bartonelosis (infecci\u00f3n producida por bartonela) se transmite entre gatos a trav\u00e9s de las pulgas, que pueden a su vez transmitirla a los humanos. Las pulgas tambi\u00e9n sirven de hu\u00e9sped intermedio para las tenias, que pueden infectar tanto a los animales dom\u00e9sticos como a los humanos.<\/p><p><em>\u00bfQu\u00e9 tipo de par\u00e1sitos internos o lombrices pueden infectar a mi perro o gato?<\/em><\/p><p>Hay una serie de lombrices intestinales que pueden infectar a perros y gatos y var\u00edan seg\u00fan la especie. En general, incluyen nematodos, anquilostomas, tricoc\u00e9falos y tenias y son muy prol\u00edficas. De hecho, una lombriz puede producir m\u00e1s de 100.000 huevos al d\u00eda, que luego pasan por las heces de la mascota y se propagan donde quiera que vaya.<\/p><p><em>\u00bfDeber\u00eda preocuparme si mi mascota tiene gusanos del coraz\u00f3n?<\/em><\/p><p>S\u00ed. Los gusanos del coraz\u00f3n pueden representar un problema muy serio para perros y gatos, particularmente para los que est\u00e1n en zonas infestadas de mosquitos, ya que los mosquitos son un vector y hu\u00e9sped intermedio de la plaga. Los gusanos del coraz\u00f3n pueden matar o debilitar seriamente a mascotas infectadas por ellos, porque estos par\u00e1sitos viven en el torrente sangu\u00edneo, pulmones y coraz\u00f3n de las mascotas infectadas. El veterinario puede realizar un an\u00e1lisis de sangre para determinar si una mascota ha sido infectada por este par\u00e1sito.<\/p>\t\t\t\t\t\t\t\t<\/div>\n\t\t\t\t<\/div>\n\t\t\t\t<div class=\"elementor-element elementor-element-d37951f elementor-align-center elementor-widget elementor-widget-button\" data-id=\"d37951f\" data-element_type=\"widget\" data-e-type=\"widget\" data-widget_type=\"button.default\">\n\t\t\t\t<div class=\"elementor-widget-container\">\n\t\t\t\t\t\t\t\t\t<div class=\"elementor-button-wrapper\">\n\t\t\t\t\t<a class=\"elementor-button elementor-button-link elementor-size-md\" href=\"https:\/\/www.unavets.com\/icanatura\/es\/contacto\/\">\n\t\t\t\t\t\t<span class=\"elementor-button-content-wrapper\">\n\t\t\t\t\t\t<span class=\"elementor-button-icon\">\n\t\t\t\t<i aria-hidden=\"true\" class=\"far fa-calendar-alt\"><\/i>\t\t\t<\/span>\n\t\t\t\t\t\t\t\t\t<span class=\"elementor-button-text\">Pide Cita<\/span>\n\t\t\t\t\t<\/span>\n\t\t\t\t\t<\/a>\n\t\t\t\t<\/div>\n\t\t\t\t\t\t\t\t<\/div>\n\t\t\t\t<\/div>\n\t\t\t\t\t<\/div>\n\t\t<\/div>\n\t\t\t\t\t<\/div>\n\t\t<\/section>\n\t\t\t\t<\/div>\n\t\t","protected":false},"excerpt":{"rendered":"<p>Los par\u00e1sitos pueden afectar a las mascotas de formas muy diferentes que van desde una simple irritaci\u00f3n a enfermedades que pueden ser mortales si no se tratan. Los perros y gatos es f\u00e1cil que se infesten con facilidad con par\u00e1sitos internos o externos en alg\u00fan momento de su vida. Los veterinarios de in pueden ayudar &hellip; <\/p>\n","protected":false},"author":6,"featured_media":0,"parent":0,"menu_order":0,"comment_status":"closed","ping_status":"closed","template":"page-fullwidth.php","meta":{"_acf_changed":false,"content-type":"","footnotes":""},"class_list":["post-12867","page","type-page","status-publish","hentry"],"acf":[],"_links":{"self":[{"href":"https:\/\/www.unavets.com\/icanatura\/es\/wp-json\/wp\/v2\/pages\/12867","targetHints":{"allow":["GET"]}}],"collection":[{"href":"https:\/\/www.unavets.com\/icanatura\/es\/wp-json\/wp\/v2\/pages"}],"about":[{"href":"https:\/\/www.unavets.com\/icanatura\/es\/wp-json\/wp\/v2\/types\/page"}],"author":[{"embeddable":true,"href":"https:\/\/www.unavets.com\/icanatura\/es\/wp-json\/wp\/v2\/users\/6"}],"replies":[{"embeddable":true,"href":"https:\/\/www.unavets.com\/icanatura\/es\/wp-json\/wp\/v2\/comments?post=12867"}],"version-history":[{"count":3,"href":"https:\/\/www.unavets.com\/icanatura\/es\/wp-json\/wp\/v2\/pages\/12867\/revisions"}],"predecessor-version":[{"id":21229,"href":"https:\/\/www.unavets.com\/icanatura\/es\/wp-json\/wp\/v2\/pages\/12867\/revisions\/21229"}],"wp:attachment":[{"href":"https:\/\/www.unavets.com\/icanatura\/es\/wp-json\/wp\/v2\/media?parent=12867"}],"curies":[{"name":"wp","href":"https:\/\/api.w.org\/{rel}","templated":true}]}}