{"id":15458,"date":"2021-06-17T11:19:40","date_gmt":"2021-06-17T11:19:40","guid":{"rendered":"http:\/\/www.unavets.com\/icanatura\/?page_id=15458"},"modified":"2026-03-04T11:15:36","modified_gmt":"2026-03-04T11:15:36","slug":"microxip","status":"publish","type":"page","link":"https:\/\/www.unavets.com\/icanatura\/ca\/microxip\/","title":{"rendered":"Microxip"},"content":{"rendered":"\t\t<div data-elementor-type=\"wp-page\" data-elementor-id=\"15458\" class=\"elementor elementor-15458 elementor-14519\" data-elementor-post-type=\"page\">\n\t\t\t\t\t\t<section class=\"elementor-section elementor-top-section elementor-element elementor-element-4b5ecca elementor-section-boxed elementor-section-height-default elementor-section-height-default\" data-id=\"4b5ecca\" data-element_type=\"section\" data-e-type=\"section\" id=\"main-sec\">\n\t\t\t\t\t\t<div class=\"elementor-container elementor-column-gap-default\">\n\t\t\t\t\t<div class=\"elementor-column elementor-col-100 elementor-top-column elementor-element elementor-element-ddc293c\" data-id=\"ddc293c\" data-element_type=\"column\" data-e-type=\"column\">\n\t\t\t<div class=\"elementor-widget-wrap elementor-element-populated\">\n\t\t\t\t\t\t<div class=\"elementor-element elementor-element-881791e elementor-widget elementor-widget-text-editor\" data-id=\"881791e\" data-element_type=\"widget\" data-e-type=\"widget\" data-widget_type=\"text-editor.default\">\n\t\t\t\t<div class=\"elementor-widget-container\">\n\t\t\t\t\t\t\t\t\t<div class=\"ewa-rteLine\">La identificaci\u00f3 de gats i gossos s\u2019ha de fer sota control veterinari, no m\u00e9s tard de 3 mesos despr\u00e9s del naixement.<\/div><div>\u00a0<\/div><div class=\"ewa-rteLine\">El microxip \u00e9s un petit dispositiu electr\u00f2nic, de la mida d\u2019un gra d\u2019arr\u00f2s, que s\u2019implanta sota la pell de l\u2019animal, normalment al costat esquerre del coll. Cada microxip t\u00e9 un codi \u00fanic que serveix per identificar l\u2019animal i cont\u00e9 informaci\u00f3 de la seva fam\u00edlia: adre\u00e7a, n\u00fameros de tel\u00e8fon i nom dels seus propietaris.<\/div><div class=\"ewa-rteLine\">\u00a0<\/div><h5 class=\"ewa-rteLine\"><strong>Per a qu\u00e8 serveix?<\/strong><\/h5><div class=\"ewa-rteLine\">El microxip serveix com a reconeixement legal que un animal pertany a una determinada fam\u00edlia. Si una mascota es perd i porta microxip, les possibilitats que sigui identificada i reunida amb la seva fam\u00edlia augmenten significativament. En cas de robatori, el xip et permet provar que el teu animal et pertany. D\u2019altra banda, si trobes un gos o gat perdut, el pots portar a qualsevol cl\u00ednica veterin\u00e0ria i amb un simple i r\u00e0pid escaneig del xip, que es realitza amb un aparell, es pot llegir la informaci\u00f3 que cont\u00e9 i localitzar el propietari de l\u2019animal.<\/div><div>\u00a0<\/div><div>ICA Natura ofereix servei de microxip.<\/div>\t\t\t\t\t\t\t\t<\/div>\n\t\t\t\t<\/div>\n\t\t\t\t<div class=\"elementor-element elementor-element-d9325e2 elementor-align-center elementor-widget elementor-widget-button\" data-id=\"d9325e2\" data-element_type=\"widget\" data-e-type=\"widget\" data-widget_type=\"button.default\">\n\t\t\t\t<div class=\"elementor-widget-container\">\n\t\t\t\t\t\t\t\t\t<div class=\"elementor-button-wrapper\">\n\t\t\t\t\t<a class=\"elementor-button elementor-button-link elementor-size-sm\" href=\"https:\/\/www.unavets.com\/icanatura\/ca\/contacte\/\">\n\t\t\t\t\t\t<span class=\"elementor-button-content-wrapper\">\n\t\t\t\t\t\t<span class=\"elementor-button-icon\">\n\t\t\t\t<i aria-hidden=\"true\" class=\"far fa-calendar-alt\"><\/i>\t\t\t<\/span>\n\t\t\t\t\t\t\t\t\t<span class=\"elementor-button-text\">Demana Cita<\/span>\n\t\t\t\t\t<\/span>\n\t\t\t\t\t<\/a>\n\t\t\t\t<\/div>\n\t\t\t\t\t\t\t\t<\/div>\n\t\t\t\t<\/div>\n\t\t\t\t<div class=\"elementor-element elementor-element-dc7c821 elementor-widget elementor-widget-image\" data-id=\"dc7c821\" data-element_type=\"widget\" data-e-type=\"widget\" data-widget_type=\"image.default\">\n\t\t\t\t<div class=\"elementor-widget-container\">\n\t\t\t\t\t\t\t\t\t\t\t\t\t\t\t<img fetchpriority=\"high\" width=\"724\" height=\"483\" class=\"attachment-medium_large size-medium_large wp-image-21910 lazy\" alt=\"\" data-src=\"https:\/\/www.unavets.com\/icanatura\/wp-content\/uploads\/sites\/61\/2026\/03\/Fotos-Horizontales-para-web-43-2-768x512.jpg\" data-lazy=\"https:\/\/www.unavets.com\/icanatura\/wp-content\/uploads\/sites\/61\/2026\/03\/Fotos-Horizontales-para-web-43-2-768x512.jpg\" \/>\t\t\t\t\t\t\t\t\t\t\t\t\t\t\t<\/div>\n\t\t\t\t<\/div>\n\t\t\t\t\t<\/div>\n\t\t<\/div>\n\t\t\t\t\t<\/div>\n\t\t<\/section>\n\t\t\t\t<\/div>\n\t\t","protected":false},"excerpt":{"rendered":"<p>La identificaci\u00f3 de gats i gossos s\u2019ha de fer sota control veterinari, no m\u00e9s tard de 3 mesos despr\u00e9s del naixement.\u00a0El microxip \u00e9s un petit dispositiu electr\u00f2nic, de la mida d\u2019un gra d\u2019arr\u00f2s, que s\u2019implanta sota la pell de l\u2019animal, normalment al costat esquerre del coll. Cada microxip t\u00e9 un codi \u00fanic que serveix per &hellip; <\/p>\n","protected":false},"author":6,"featured_media":0,"parent":0,"menu_order":0,"comment_status":"closed","ping_status":"closed","template":"page-fullwidth.php","meta":{"_acf_changed":false,"content-type":"","footnotes":""},"class_list":["post-15458","page","type-page","status-publish","hentry"],"acf":[],"_links":{"self":[{"href":"https:\/\/www.unavets.com\/icanatura\/ca\/wp-json\/wp\/v2\/pages\/15458","targetHints":{"allow":["GET"]}}],"collection":[{"href":"https:\/\/www.unavets.com\/icanatura\/ca\/wp-json\/wp\/v2\/pages"}],"about":[{"href":"https:\/\/www.unavets.com\/icanatura\/ca\/wp-json\/wp\/v2\/types\/page"}],"author":[{"embeddable":true,"href":"https:\/\/www.unavets.com\/icanatura\/ca\/wp-json\/wp\/v2\/users\/6"}],"replies":[{"embeddable":true,"href":"https:\/\/www.unavets.com\/icanatura\/ca\/wp-json\/wp\/v2\/comments?post=15458"}],"version-history":[{"count":9,"href":"https:\/\/www.unavets.com\/icanatura\/ca\/wp-json\/wp\/v2\/pages\/15458\/revisions"}],"predecessor-version":[{"id":21914,"href":"https:\/\/www.unavets.com\/icanatura\/ca\/wp-json\/wp\/v2\/pages\/15458\/revisions\/21914"}],"wp:attachment":[{"href":"https:\/\/www.unavets.com\/icanatura\/ca\/wp-json\/wp\/v2\/media?parent=15458"}],"curies":[{"name":"wp","href":"https:\/\/api.w.org\/{rel}","templated":true}]}}