{"id":14903,"date":"2021-06-14T11:12:19","date_gmt":"2021-06-14T11:12:19","guid":{"rendered":"http:\/\/www.unavets.com\/icanatura\/?page_id=14903"},"modified":"2026-03-03T15:39:39","modified_gmt":"2026-03-03T15:39:39","slug":"esterilitzacio","status":"publish","type":"page","link":"https:\/\/www.unavets.com\/icanatura\/ca\/esterilitzacio\/","title":{"rendered":"Esterilitzaci\u00f3"},"content":{"rendered":"\t\t<div data-elementor-type=\"wp-page\" data-elementor-id=\"14903\" class=\"elementor elementor-14903\" data-elementor-post-type=\"page\">\n\t\t\t\t\t\t<section class=\"elementor-section elementor-top-section elementor-element elementor-element-d993722 elementor-section-boxed elementor-section-height-default elementor-section-height-default\" data-id=\"d993722\" data-element_type=\"section\" data-e-type=\"section\" id=\"main-sec\">\n\t\t\t\t\t\t<div class=\"elementor-container elementor-column-gap-default\">\n\t\t\t\t\t<div class=\"elementor-column elementor-col-100 elementor-top-column elementor-element elementor-element-065811d\" data-id=\"065811d\" data-element_type=\"column\" data-e-type=\"column\">\n\t\t\t<div class=\"elementor-widget-wrap elementor-element-populated\">\n\t\t\t\t\t\t<div class=\"elementor-element elementor-element-63d99ac elementor-widget elementor-widget-text-editor\" data-id=\"63d99ac\" data-element_type=\"widget\" data-e-type=\"widget\" data-widget_type=\"text-editor.default\">\n\t\t\t\t<div class=\"elementor-widget-container\">\n\t\t\t\t\t\t\t\t\t<div class=\"ewa-rteLine\"><div class=\"ewa-rteLine\"><div><p>L\u2019esterilitzaci\u00f3 i castraci\u00f3 s\u00f3n intervencions quir\u00fargiques que els nostres veterinaris de <span data-sheets-value=\"{\" data-sheets-userformat=\"{\">ICA Natura<\/span> realitzen amb freq\u00fc\u00e8ncia, en les que extreuen els ovaris i l\u2019\u00fater en les femelles i els testicles en els mascles. L\u2019operaci\u00f3 es realitza en un quir\u00f2fan sota anest\u00e8sia general i analg\u00e8sia i sota supervisi\u00f3 i monitoratge durant la recuperaci\u00f3 postoperat\u00f2ria. En general, l\u2019esterilitzaci\u00f3 evita la reproducci\u00f3 descontrolada o no desitjada i el possible abandonament dels cadells.<\/p><p>Esterilitzaci\u00f3 i castraci\u00f3 redueixen tamb\u00e9 problemes de comportament atribu\u00efts a les hormones, com el marcatge d\u2019orina i la domin\u00e0ncia.<br \/>Altres beneficis per la seva salut\u00a0s\u00f3n:<\/p><p><strong>Castraci\u00f3 en mascles<\/strong>: Redueix el risc\u00a0d\u2019hiperpl\u00e0sia\u00a0prost\u00e0tica, tumors perianals i c\u00e0ncer als testicles.<\/p><p><strong>Esterilitzaci\u00f3 en femelles<\/strong>: Redueix el risc de tumors al pit. Elimina el risc de calor i desordres hormonals, tumors en els ovaris, \u00fater i c\u00e8rvix i de desenvolupar infeccions uterines com la piom\u00e8tria.<\/p><\/div><\/div><\/div>\t\t\t\t\t\t\t\t<\/div>\n\t\t\t\t<\/div>\n\t\t\t\t<div class=\"elementor-element elementor-element-366b7ca elementor-align-center elementor-widget elementor-widget-button\" data-id=\"366b7ca\" data-element_type=\"widget\" data-e-type=\"widget\" data-widget_type=\"button.default\">\n\t\t\t\t<div class=\"elementor-widget-container\">\n\t\t\t\t\t\t\t\t\t<div class=\"elementor-button-wrapper\">\n\t\t\t\t\t<a class=\"elementor-button elementor-button-link elementor-size-sm\" href=\"https:\/\/www.unavets.com\/icanatura\/ca\/contacte\/\">\n\t\t\t\t\t\t<span class=\"elementor-button-content-wrapper\">\n\t\t\t\t\t\t<span class=\"elementor-button-icon\">\n\t\t\t\t<i aria-hidden=\"true\" class=\"far fa-calendar-alt\"><\/i>\t\t\t<\/span>\n\t\t\t\t\t\t\t\t\t<span class=\"elementor-button-text\">Demana Cita<\/span>\n\t\t\t\t\t<\/span>\n\t\t\t\t\t<\/a>\n\t\t\t\t<\/div>\n\t\t\t\t\t\t\t\t<\/div>\n\t\t\t\t<\/div>\n\t\t\t\t\t<\/div>\n\t\t<\/div>\n\t\t\t\t\t<\/div>\n\t\t<\/section>\n\t\t\t\t<section class=\"elementor-section elementor-top-section elementor-element elementor-element-0ac1dc6 elementor-section-boxed elementor-section-height-default elementor-section-height-default\" data-id=\"0ac1dc6\" data-element_type=\"section\" data-e-type=\"section\">\n\t\t\t\t\t\t<div class=\"elementor-container elementor-column-gap-default\">\n\t\t\t\t\t<div class=\"elementor-column elementor-col-100 elementor-top-column elementor-element elementor-element-3652622\" data-id=\"3652622\" data-element_type=\"column\" data-e-type=\"column\">\n\t\t\t<div class=\"elementor-widget-wrap elementor-element-populated\">\n\t\t\t\t\t\t<div class=\"elementor-element elementor-element-dc7c821 elementor-widget elementor-widget-image\" data-id=\"dc7c821\" data-element_type=\"widget\" data-e-type=\"widget\" data-widget_type=\"image.default\">\n\t\t\t\t<div class=\"elementor-widget-container\">\n\t\t\t\t\t\t\t\t\t\t\t\t\t\t\t<img fetchpriority=\"high\" width=\"724\" height=\"483\" class=\"attachment-medium_large size-medium_large wp-image-21859 lazy\" alt=\"\" data-src=\"https:\/\/www.unavets.com\/icanatura\/wp-content\/uploads\/sites\/61\/2026\/03\/Fotos-Horizontales-para-web-41-2-768x512.jpg\" data-lazy=\"https:\/\/www.unavets.com\/icanatura\/wp-content\/uploads\/sites\/61\/2026\/03\/Fotos-Horizontales-para-web-41-2-768x512.jpg\" \/>\t\t\t\t\t\t\t\t\t\t\t\t\t\t\t<\/div>\n\t\t\t\t<\/div>\n\t\t\t\t\t<\/div>\n\t\t<\/div>\n\t\t\t\t\t<\/div>\n\t\t<\/section>\n\t\t\t\t<\/div>\n\t\t","protected":false},"excerpt":{"rendered":"<p>L\u2019esterilitzaci\u00f3 i castraci\u00f3 s\u00f3n intervencions quir\u00fargiques que els nostres veterinaris de realitzen amb freq\u00fc\u00e8ncia, en les que extreuen els ovaris i l\u2019\u00fater en les femelles i els testicles en els mascles. L\u2019operaci\u00f3 es realitza en un quir\u00f2fan sota anest\u00e8sia general i analg\u00e8sia i sota supervisi\u00f3 i monitoratge durant la recuperaci\u00f3 postoperat\u00f2ria. En general, l\u2019esterilitzaci\u00f3 evita &hellip; <\/p>\n","protected":false},"author":4,"featured_media":0,"parent":0,"menu_order":0,"comment_status":"closed","ping_status":"closed","template":"page-fullwidth.php","meta":{"_acf_changed":false,"content-type":"","footnotes":""},"class_list":["post-14903","page","type-page","status-publish","hentry"],"acf":[],"_links":{"self":[{"href":"https:\/\/www.unavets.com\/icanatura\/ca\/wp-json\/wp\/v2\/pages\/14903","targetHints":{"allow":["GET"]}}],"collection":[{"href":"https:\/\/www.unavets.com\/icanatura\/ca\/wp-json\/wp\/v2\/pages"}],"about":[{"href":"https:\/\/www.unavets.com\/icanatura\/ca\/wp-json\/wp\/v2\/types\/page"}],"author":[{"embeddable":true,"href":"https:\/\/www.unavets.com\/icanatura\/ca\/wp-json\/wp\/v2\/users\/4"}],"replies":[{"embeddable":true,"href":"https:\/\/www.unavets.com\/icanatura\/ca\/wp-json\/wp\/v2\/comments?post=14903"}],"version-history":[{"count":10,"href":"https:\/\/www.unavets.com\/icanatura\/ca\/wp-json\/wp\/v2\/pages\/14903\/revisions"}],"predecessor-version":[{"id":21862,"href":"https:\/\/www.unavets.com\/icanatura\/ca\/wp-json\/wp\/v2\/pages\/14903\/revisions\/21862"}],"wp:attachment":[{"href":"https:\/\/www.unavets.com\/icanatura\/ca\/wp-json\/wp\/v2\/media?parent=14903"}],"curies":[{"name":"wp","href":"https:\/\/api.w.org\/{rel}","templated":true}]}}