{"id":14781,"date":"2021-06-11T11:20:06","date_gmt":"2021-06-11T11:20:06","guid":{"rendered":"http:\/\/www.unavets.com\/icanatura\/?page_id=14781"},"modified":"2026-03-03T16:21:35","modified_gmt":"2026-03-03T16:21:35","slug":"assessorament-nutricional","status":"publish","type":"page","link":"https:\/\/www.unavets.com\/icanatura\/ca\/assessorament-nutricional\/","title":{"rendered":"Assessorament Nutricional"},"content":{"rendered":"\t\t<div data-elementor-type=\"wp-page\" data-elementor-id=\"14781\" class=\"elementor elementor-14781 elementor-14743\" data-elementor-post-type=\"page\">\n\t\t\t\t\t\t<section class=\"elementor-section elementor-top-section elementor-element elementor-element-d993722 elementor-section-boxed elementor-section-height-default elementor-section-height-default\" data-id=\"d993722\" data-element_type=\"section\" data-e-type=\"section\" id=\"main-sec\">\n\t\t\t\t\t\t<div class=\"elementor-container elementor-column-gap-default\">\n\t\t\t\t\t<div class=\"elementor-column elementor-col-100 elementor-top-column elementor-element elementor-element-065811d\" data-id=\"065811d\" data-element_type=\"column\" data-e-type=\"column\">\n\t\t\t<div class=\"elementor-widget-wrap elementor-element-populated\">\n\t\t\t\t\t\t<div class=\"elementor-element elementor-element-63d99ac elementor-widget elementor-widget-text-editor\" data-id=\"63d99ac\" data-element_type=\"widget\" data-e-type=\"widget\" data-widget_type=\"text-editor.default\">\n\t\t\t\t<div class=\"elementor-widget-container\">\n\t\t\t\t\t\t\t\t\t<div class=\"ewa-rteLine\"><div class=\"ewa-rteLine\"><div class=\"ewa-rteLine\">Una bona dieta \u00e9s la base de la salut i millora la qualitat de vida de les mascotes.<\/div><div>\u00a0<\/div><div class=\"ewa-rteLine\">Les necessitats nutricionals de gats i gossos s\u00f3n diferents en les diferents etapes de la seva vida, de cadell, adult i en edat m\u00e9s avan\u00e7ada. Portar una dieta apropiada en cada fase ajuda a prevenir malalties com l\u2019artrosi, insufici\u00e8ncies card\u00edaca, renal, hep\u00e0tica o malaltia periodontal.<\/div><div>\u00a0<\/div><div class=\"ewa-rteLine\">Els nostres veterinaris de ICA Natura poden aconsellar-te la dieta m\u00e9s apropiada per la fase de la vida en que es troba la teva mascota. Tamb\u00e9 poden fer una avaluaci\u00f3 personalitzada per ajudar-te a prevenir problemes de sobrep\u00e8s, malalties i per ajudar les mascotes en per\u00edodes de convalesc\u00e8ncia despr\u00e9s d\u2019intervencions quir\u00fargiques.<\/div><div>\u00a0<\/div><div class=\"ewa-rteLine\">ICA Natura t\u00e9\u00a0una botiga especialitzada amb una \u00e0mplia oferta d\u2019alimentaci\u00f3 equilibrada per a gossos i gats.<\/div><\/div><\/div>\t\t\t\t\t\t\t\t<\/div>\n\t\t\t\t<\/div>\n\t\t\t\t<div class=\"elementor-element elementor-element-3c6b760 elementor-align-center elementor-widget elementor-widget-button\" data-id=\"3c6b760\" data-element_type=\"widget\" data-e-type=\"widget\" data-widget_type=\"button.default\">\n\t\t\t\t<div class=\"elementor-widget-container\">\n\t\t\t\t\t\t\t\t\t<div class=\"elementor-button-wrapper\">\n\t\t\t\t\t<a class=\"elementor-button elementor-button-link elementor-size-sm\" href=\"https:\/\/www.unavets.com\/icanatura\/ca\/contacte\/\">\n\t\t\t\t\t\t<span class=\"elementor-button-content-wrapper\">\n\t\t\t\t\t\t<span class=\"elementor-button-icon\">\n\t\t\t\t<i aria-hidden=\"true\" class=\"far fa-calendar-plus\"><\/i>\t\t\t<\/span>\n\t\t\t\t\t\t\t\t\t<span class=\"elementor-button-text\">Demana Cita<\/span>\n\t\t\t\t\t<\/span>\n\t\t\t\t\t<\/a>\n\t\t\t\t<\/div>\n\t\t\t\t\t\t\t\t<\/div>\n\t\t\t\t<\/div>\n\t\t\t\t\t<\/div>\n\t\t<\/div>\n\t\t\t\t<div class=\"elementor-column elementor-col-100 elementor-top-column elementor-element elementor-element-3652622\" data-id=\"3652622\" data-element_type=\"column\" data-e-type=\"column\">\n\t\t\t<div class=\"elementor-widget-wrap elementor-element-populated\">\n\t\t\t\t\t\t<div class=\"elementor-element elementor-element-dc7c821 elementor-widget elementor-widget-image\" data-id=\"dc7c821\" data-element_type=\"widget\" data-e-type=\"widget\" data-widget_type=\"image.default\">\n\t\t\t\t<div class=\"elementor-widget-container\">\n\t\t\t\t\t\t\t\t\t\t\t\t\t\t\t<img fetchpriority=\"high\" width=\"724\" height=\"483\" class=\"attachment-medium_large size-medium_large wp-image-20482 lazy\" alt=\"\" data-src=\"https:\/\/www.unavets.com\/icanatura\/wp-content\/uploads\/sites\/61\/2024\/05\/nutricion-veterinaria-del-pla--768x512.png\" data-lazy=\"https:\/\/www.unavets.com\/icanatura\/wp-content\/uploads\/sites\/61\/2024\/05\/nutricion-veterinaria-del-pla--768x512.png\" \/>\t\t\t\t\t\t\t\t\t\t\t\t\t\t\t<\/div>\n\t\t\t\t<\/div>\n\t\t\t\t\t<\/div>\n\t\t<\/div>\n\t\t\t\t\t<\/div>\n\t\t<\/section>\n\t\t\t\t<\/div>\n\t\t","protected":false},"excerpt":{"rendered":"<p>Una bona dieta \u00e9s la base de la salut i millora la qualitat de vida de les mascotes.\u00a0Les necessitats nutricionals de gats i gossos s\u00f3n diferents en les diferents etapes de la seva vida, de cadell, adult i en edat m\u00e9s avan\u00e7ada. Portar una dieta apropiada en cada fase ajuda a prevenir malalties com l\u2019artrosi, &hellip; <\/p>\n","protected":false},"author":4,"featured_media":0,"parent":0,"menu_order":0,"comment_status":"closed","ping_status":"closed","template":"page-fullwidth.php","meta":{"_acf_changed":false,"content-type":"","footnotes":""},"class_list":["post-14781","page","type-page","status-publish","hentry"],"acf":[],"_links":{"self":[{"href":"https:\/\/www.unavets.com\/icanatura\/ca\/wp-json\/wp\/v2\/pages\/14781","targetHints":{"allow":["GET"]}}],"collection":[{"href":"https:\/\/www.unavets.com\/icanatura\/ca\/wp-json\/wp\/v2\/pages"}],"about":[{"href":"https:\/\/www.unavets.com\/icanatura\/ca\/wp-json\/wp\/v2\/types\/page"}],"author":[{"embeddable":true,"href":"https:\/\/www.unavets.com\/icanatura\/ca\/wp-json\/wp\/v2\/users\/4"}],"replies":[{"embeddable":true,"href":"https:\/\/www.unavets.com\/icanatura\/ca\/wp-json\/wp\/v2\/comments?post=14781"}],"version-history":[{"count":9,"href":"https:\/\/www.unavets.com\/icanatura\/ca\/wp-json\/wp\/v2\/pages\/14781\/revisions"}],"predecessor-version":[{"id":21574,"href":"https:\/\/www.unavets.com\/icanatura\/ca\/wp-json\/wp\/v2\/pages\/14781\/revisions\/21574"}],"wp:attachment":[{"href":"https:\/\/www.unavets.com\/icanatura\/ca\/wp-json\/wp\/v2\/media?parent=14781"}],"curies":[{"name":"wp","href":"https:\/\/api.w.org\/{rel}","templated":true}]}}