{"id":14577,"date":"2021-06-09T13:58:17","date_gmt":"2021-06-09T13:58:17","guid":{"rendered":"http:\/\/www.unavets.com\/icanatura\/?page_id=14577"},"modified":"2026-03-03T16:53:44","modified_gmt":"2026-03-03T16:53:44","slug":"oftalmologia","status":"publish","type":"page","link":"https:\/\/www.unavets.com\/icanatura\/ca\/oftalmologia\/","title":{"rendered":"Oftalmologia"},"content":{"rendered":"\t\t<div data-elementor-type=\"wp-page\" data-elementor-id=\"14577\" class=\"elementor elementor-14577 elementor-14496\" data-elementor-post-type=\"page\">\n\t\t\t\t\t\t<section class=\"elementor-section elementor-top-section elementor-element elementor-element-d993722 elementor-section-boxed elementor-section-height-default elementor-section-height-default\" data-id=\"d993722\" data-element_type=\"section\" data-e-type=\"section\" id=\"main-sec\">\n\t\t\t\t\t\t<div class=\"elementor-container elementor-column-gap-default\">\n\t\t\t\t\t<div class=\"elementor-column elementor-col-50 elementor-top-column elementor-element elementor-element-065811d\" data-id=\"065811d\" data-element_type=\"column\" data-e-type=\"column\">\n\t\t\t<div class=\"elementor-widget-wrap elementor-element-populated\">\n\t\t\t\t\t\t<div class=\"elementor-element elementor-element-63d99ac elementor-widget elementor-widget-text-editor\" data-id=\"63d99ac\" data-element_type=\"widget\" data-e-type=\"widget\" data-widget_type=\"text-editor.default\">\n\t\t\t\t<div class=\"elementor-widget-container\">\n\t\t\t\t\t\t\t\t\t<p>Les consultes d&#8217;oftalmologia s\u00f3n gaireb\u00e9 sempre motiu d&#8217;urg\u00e8ncia; ja que una actuaci\u00f3 a temps t\u00e9 sovint un millor pron\u00f2stic, signes com gratar-se els ulls, tenir les parpelles tancades o la secreci\u00f3 ocular, s\u00f3n un bon motiu per acudir al veterinari.<\/p><p>Els ulls s\u00f3n estructures molt delicades i sensibles que permeten a un animal actuar amb l&#8217;ambient que el rodeja gr\u00e0cies al sentit de la vista.<\/p><p>El servei d&#8217;oftalmologia de ICA Natura, de Lleida compta amb l&#8217;equip i el material necessari per garantir un diagn\u00f2stic correcte i per a tractar les malalties oculars m\u00e9s comunes.<\/p>\t\t\t\t\t\t\t\t<\/div>\n\t\t\t\t<\/div>\n\t\t\t\t<div class=\"elementor-element elementor-element-a2d6efe elementor-align-center elementor-widget elementor-widget-button\" data-id=\"a2d6efe\" data-element_type=\"widget\" data-e-type=\"widget\" data-widget_type=\"button.default\">\n\t\t\t\t<div class=\"elementor-widget-container\">\n\t\t\t\t\t\t\t\t\t<div class=\"elementor-button-wrapper\">\n\t\t\t\t\t<a class=\"elementor-button elementor-button-link elementor-size-md\" href=\"https:\/\/www.unavets.com\/icanatura\/ca\/contacte\/\">\n\t\t\t\t\t\t<span class=\"elementor-button-content-wrapper\">\n\t\t\t\t\t\t<span class=\"elementor-button-icon\">\n\t\t\t\t<i aria-hidden=\"true\" class=\"far fa-calendar-alt\"><\/i>\t\t\t<\/span>\n\t\t\t\t\t\t\t\t\t<span class=\"elementor-button-text\"> Demana Cita<\/span>\n\t\t\t\t\t<\/span>\n\t\t\t\t\t<\/a>\n\t\t\t\t<\/div>\n\t\t\t\t\t\t\t\t<\/div>\n\t\t\t\t<\/div>\n\t\t\t\t\t<\/div>\n\t\t<\/div>\n\t\t\t\t<div class=\"elementor-column elementor-col-50 elementor-top-column elementor-element elementor-element-2048e61\" data-id=\"2048e61\" data-element_type=\"column\" data-e-type=\"column\">\n\t\t\t<div class=\"elementor-widget-wrap elementor-element-populated\">\n\t\t\t\t\t\t<div class=\"elementor-element elementor-element-dc7c821 elementor-widget elementor-widget-image\" data-id=\"dc7c821\" data-element_type=\"widget\" data-e-type=\"widget\" data-widget_type=\"image.default\">\n\t\t\t\t<div class=\"elementor-widget-container\">\n\t\t\t\t\t\t\t\t\t\t\t\t\t\t\t<img fetchpriority=\"high\" width=\"724\" height=\"474\" class=\"attachment-large size-large wp-image-21950 lazy\" alt=\"\" data-src=\"https:\/\/www.unavets.com\/icanatura\/wp-content\/uploads\/sites\/61\/2026\/03\/12-e1772556146994-1024x671.jpg\" data-lazy=\"https:\/\/www.unavets.com\/icanatura\/wp-content\/uploads\/sites\/61\/2026\/03\/12-e1772556146994-1024x671.jpg\" \/>\t\t\t\t\t\t\t\t\t\t\t\t\t\t\t<\/div>\n\t\t\t\t<\/div>\n\t\t\t\t\t<\/div>\n\t\t<\/div>\n\t\t\t\t\t<\/div>\n\t\t<\/section>\n\t\t\t\t<section class=\"elementor-section elementor-top-section elementor-element elementor-element-c6e8d26 elementor-section-boxed elementor-section-height-default elementor-section-height-default\" data-id=\"c6e8d26\" data-element_type=\"section\" data-e-type=\"section\">\n\t\t\t\t\t\t<div class=\"elementor-container elementor-column-gap-default\">\n\t\t\t\t\t<div class=\"elementor-column elementor-col-100 elementor-top-column elementor-element elementor-element-d92d362\" data-id=\"d92d362\" data-element_type=\"column\" data-e-type=\"column\">\n\t\t\t<div class=\"elementor-widget-wrap elementor-element-populated\">\n\t\t\t\t\t\t<div class=\"elementor-element elementor-element-70fb1ad elementor-widget elementor-widget-section_titleleft\" data-id=\"70fb1ad\" data-element_type=\"widget\" data-e-type=\"widget\" data-widget_type=\"section_titleleft.default\">\n\t\t\t\t<div class=\"elementor-widget-container\">\n\t\t\t\t\t        <div class=\"ab_text-title fl-wrap\">\n            <h3>Malalties oculars m\u00e9s freq\u00fcents<\/h3><span class=\"section-separator fl-sec-sep\"><\/span>        <\/div>\n        \t\t\t\t<\/div>\n\t\t\t\t<\/div>\n\t\t\t\t\t<\/div>\n\t\t<\/div>\n\t\t\t\t\t<\/div>\n\t\t<\/section>\n\t\t\t\t<section class=\"elementor-section elementor-top-section elementor-element elementor-element-149f379 elementor-section-boxed elementor-section-height-default elementor-section-height-default\" data-id=\"149f379\" data-element_type=\"section\" data-e-type=\"section\">\n\t\t\t\t\t\t<div class=\"elementor-container elementor-column-gap-default\">\n\t\t\t\t\t<div class=\"elementor-column elementor-col-50 elementor-top-column elementor-element elementor-element-2a8ea5b\" data-id=\"2a8ea5b\" data-element_type=\"column\" data-e-type=\"column\">\n\t\t\t<div class=\"elementor-widget-wrap elementor-element-populated\">\n\t\t\t\t\t\t<div class=\"elementor-element elementor-element-01118fc elementor-widget elementor-widget-image\" data-id=\"01118fc\" data-element_type=\"widget\" data-e-type=\"widget\" data-widget_type=\"image.default\">\n\t\t\t\t<div class=\"elementor-widget-container\">\n\t\t\t\t\t\t\t\t\t\t\t\t\t\t\t<img width=\"658\" height=\"1024\" class=\"attachment-large size-large wp-image-14454 lazy\" alt=\"\" data-src=\"https:\/\/www.unavets.com\/icanatura\/wp-content\/uploads\/sites\/61\/2021\/06\/Ophthalmology-2.jpg\" data-lazy=\"https:\/\/www.unavets.com\/icanatura\/wp-content\/uploads\/sites\/61\/2021\/06\/Ophthalmology-2.jpg\" \/>\t\t\t\t\t\t\t\t\t\t\t\t\t\t\t<\/div>\n\t\t\t\t<\/div>\n\t\t\t\t<div class=\"elementor-element elementor-element-cd1c1d9 elementor-align-center elementor-widget elementor-widget-button\" data-id=\"cd1c1d9\" data-element_type=\"widget\" data-e-type=\"widget\" data-widget_type=\"button.default\">\n\t\t\t\t<div class=\"elementor-widget-container\">\n\t\t\t\t\t\t\t\t\t<div class=\"elementor-button-wrapper\">\n\t\t\t\t\t<a class=\"elementor-button elementor-button-link elementor-size-md\" href=\"https:\/\/www.unavets.com\/icanatura\/ca\/contacte\/\">\n\t\t\t\t\t\t<span class=\"elementor-button-content-wrapper\">\n\t\t\t\t\t\t<span class=\"elementor-button-icon\">\n\t\t\t\t<i aria-hidden=\"true\" class=\"far fa-calendar-alt\"><\/i>\t\t\t<\/span>\n\t\t\t\t\t\t\t\t\t<span class=\"elementor-button-text\"> Demana Cita<\/span>\n\t\t\t\t\t<\/span>\n\t\t\t\t\t<\/a>\n\t\t\t\t<\/div>\n\t\t\t\t\t\t\t\t<\/div>\n\t\t\t\t<\/div>\n\t\t\t\t\t<\/div>\n\t\t<\/div>\n\t\t\t\t<div class=\"elementor-column elementor-col-50 elementor-top-column elementor-element elementor-element-08b8459\" data-id=\"08b8459\" data-element_type=\"column\" data-e-type=\"column\">\n\t\t\t<div class=\"elementor-widget-wrap elementor-element-populated\">\n\t\t\t\t\t\t<div class=\"elementor-element elementor-element-e1b240e elementor-widget elementor-widget-text-editor\" data-id=\"e1b240e\" data-element_type=\"widget\" data-e-type=\"widget\" data-widget_type=\"text-editor.default\">\n\t\t\t\t<div class=\"elementor-widget-container\">\n\t\t\t\t\t\t\t\t\t<p><strong>\u00dalcera corneal:<\/strong> A la nostra cl\u00ednica tractem di\u00e0riament \u00falceres corneals, superficials i profundes. Avui en dia, la t\u00e8cnica revolucion\u00e0ria de desbridament de la c\u00f2rnia amb Diamond Burr i l\u2019aplicaci\u00f3 de lents de contacte terap\u00e8utiques han fet que la resoluci\u00f3 quir\u00fargica de les \u00falceres m\u00e9s complicades sigui un proc\u00e9s m\u00e9s senzill i segur. En casos excepcionals, en el cas d\u2019\u00falceres profundes o aquelles amb alt risc de perforaci\u00f3, utilitzem t\u00e8cniques d\u2019empelt de membrana cel\u00b7lular.<\/p><p><strong>Prolapse de la gl\u00e0ndula lacrimal o de la membrana nictitant<\/strong>: El prolapse d\u2019aquesta gl\u00e0ndula \u00e9s un proc\u00e9s molt freq\u00fcent, responsable de produir el 40% de la secreci\u00f3 aquosa de la ll\u00e0grima.\u00a0Avui en dia es recomana la cirurgia per reposicionar-la i evitar que perdi la seva funci\u00f3.<\/p><p><strong>Entropi\/ectropi:<\/strong> Molts dels problemes oculars que afecten les nostres mascotes s\u00f3n deguts a anomalies en la posici\u00f3 i forma de les parpelles. A la cl\u00ednica realitzem t\u00e8cniques de correcci\u00f3 pl\u00e0stica palpebral incloent-hi t\u00e8cniques especials com la cirurgia de Sharp-pei o t\u00e8cniques per a corregir la s\u00edndrome del braquicef\u00e0lic.<\/p><p><strong>Uve\u00eftis:<\/strong> \u00c9s una inflamaci\u00f3 intraocular, que pot ser resultat de processos externs (traumatisme, accident) o interns (infecci\u00f3, neopl\u00e0sia, processos de resposta immunit\u00e0ria) les conseq\u00fc\u00e8ncies del qual poden ser molt greus. Un diagn\u00f2stic correcte i determinar un tractament com m\u00e9s aviat millor s\u00f3n les claus per a un bon pron\u00f2stic.<\/p><p><strong>Glaucoma:<\/strong> \u00c9s el resultat d\u2019un augment de pressi\u00f3 a dins de l\u2019ull, fet que produeix una simptomatologia molt dolorosa que pot fins i tot produir p\u00e8rdua de visi\u00f3. En molts casos \u00e9s necessari rec\u00f3rrer a la cirurgia per poder controlar el proc\u00e9s.<\/p><p><strong>Cataractes:<\/strong> De la mateixa manera que amb els humans, els animals tamb\u00e9 poden patir alteracions en els cristal\u00b7lins i aquestes derivar en la formaci\u00f3 de cataractes. En aquest cas \u00e9s important con\u00e8ixer la causa d\u2019aquestes alteracions, per poder realitzar un estudi i recomanar cirurgia, sempre que l\u2019animal tingui possibilitats de recuperar la visi\u00f3.<\/p><p><strong>Visi\u00f3:<\/strong> La p\u00e8rdua de visi\u00f3 pot ser temporal o permanent, parcial o total; pot oc\u00f3rrer a diferents edats i ser conseq\u00fc\u00e8ncia de diferents malalties. Durant qualsevol reconeixement m\u00e8dic \u00e9s important controlar que la visi\u00f3 de la mascota no presenta problemes per a ella. Si notes que el teu animal t\u00e9 dificultat per veure, no dubtis en acudir a la nostra cl\u00ednica.<\/p><p>Moltes de les malalties que afecten els ulls poden derivar en ceguesa irreversible o incl\u00fas en la p\u00e8rdua de l\u2019ull.<\/p>\t\t\t\t\t\t\t\t<\/div>\n\t\t\t\t<\/div>\n\t\t\t\t\t<\/div>\n\t\t<\/div>\n\t\t\t\t\t<\/div>\n\t\t<\/section>\n\t\t\t\t<\/div>\n\t\t","protected":false},"excerpt":{"rendered":"<p>Les consultes d&#8217;oftalmologia s\u00f3n gaireb\u00e9 sempre motiu d&#8217;urg\u00e8ncia; ja que una actuaci\u00f3 a temps t\u00e9 sovint un millor pron\u00f2stic, signes com gratar-se els ulls, tenir les parpelles tancades o la secreci\u00f3 ocular, s\u00f3n un bon motiu per acudir al veterinari. Els ulls s\u00f3n estructures molt delicades i sensibles que permeten a un animal actuar amb &hellip; <\/p>\n","protected":false},"author":4,"featured_media":0,"parent":0,"menu_order":0,"comment_status":"closed","ping_status":"closed","template":"page-fullwidth.php","meta":{"_acf_changed":false,"content-type":"","footnotes":""},"class_list":["post-14577","page","type-page","status-publish","hentry"],"acf":[],"_links":{"self":[{"href":"https:\/\/www.unavets.com\/icanatura\/ca\/wp-json\/wp\/v2\/pages\/14577","targetHints":{"allow":["GET"]}}],"collection":[{"href":"https:\/\/www.unavets.com\/icanatura\/ca\/wp-json\/wp\/v2\/pages"}],"about":[{"href":"https:\/\/www.unavets.com\/icanatura\/ca\/wp-json\/wp\/v2\/types\/page"}],"author":[{"embeddable":true,"href":"https:\/\/www.unavets.com\/icanatura\/ca\/wp-json\/wp\/v2\/users\/4"}],"replies":[{"embeddable":true,"href":"https:\/\/www.unavets.com\/icanatura\/ca\/wp-json\/wp\/v2\/comments?post=14577"}],"version-history":[{"count":10,"href":"https:\/\/www.unavets.com\/icanatura\/ca\/wp-json\/wp\/v2\/pages\/14577\/revisions"}],"predecessor-version":[{"id":21955,"href":"https:\/\/www.unavets.com\/icanatura\/ca\/wp-json\/wp\/v2\/pages\/14577\/revisions\/21955"}],"wp:attachment":[{"href":"https:\/\/www.unavets.com\/icanatura\/ca\/wp-json\/wp\/v2\/media?parent=14577"}],"curies":[{"name":"wp","href":"https:\/\/api.w.org\/{rel}","templated":true}]}}