{"id":13570,"date":"2020-10-03T08:11:17","date_gmt":"2020-10-03T08:11:17","guid":{"rendered":"http:\/\/www.unavets.com\/icanatura\/work-with-us\/"},"modified":"2022-04-21T08:19:39","modified_gmt":"2022-04-21T08:19:39","slug":"uneix-te-nostre-equip","status":"publish","type":"page","link":"https:\/\/www.unavets.com\/icanatura\/ca\/uneix-te-nostre-equip\/","title":{"rendered":"Treballa amb nosaltres"},"content":{"rendered":"\t\t<div data-elementor-type=\"wp-page\" data-elementor-id=\"13570\" class=\"elementor elementor-13570 elementor-280\" data-elementor-post-type=\"page\">\n\t\t\t\t\t\t<section class=\"elementor-section elementor-top-section elementor-element elementor-element-54428c4 pad-bot-50 elementor-section-boxed elementor-section-height-default elementor-section-height-default\" data-id=\"54428c4\" data-element_type=\"section\" data-e-type=\"section\" id=\"main-sec\">\n\t\t\t\t\t\t<div class=\"elementor-container elementor-column-gap-wide\">\n\t\t\t\t\t<div class=\"elementor-column elementor-col-33 elementor-top-column elementor-element elementor-element-8d6c24a\" data-id=\"8d6c24a\" data-element_type=\"column\" data-e-type=\"column\">\n\t\t\t<div class=\"elementor-widget-wrap elementor-element-populated\">\n\t\t\t\t\t\t<section class=\"elementor-section elementor-inner-section elementor-element elementor-element-9ab8219 elementor-section-boxed elementor-section-height-default elementor-section-height-default\" data-id=\"9ab8219\" data-element_type=\"section\" data-e-type=\"section\">\n\t\t\t\t\t\t<div class=\"elementor-container elementor-column-gap-default\">\n\t\t\t\t\t<div class=\"elementor-column elementor-col-100 elementor-inner-column elementor-element elementor-element-4065409\" data-id=\"4065409\" data-element_type=\"column\" data-e-type=\"column\">\n\t\t\t<div class=\"elementor-widget-wrap elementor-element-populated\">\n\t\t\t\t\t\t<div class=\"elementor-element elementor-element-78b939d elementor-widget elementor-widget-image\" data-id=\"78b939d\" data-element_type=\"widget\" data-e-type=\"widget\" data-widget_type=\"image.default\">\n\t\t\t\t<div class=\"elementor-widget-container\">\n\t\t\t\t\t\t\t\t\t\t\t\t\t\t\t<img fetchpriority=\"high\" width=\"388\" height=\"257\" class=\"attachment-townhub-lcat-one size-townhub-lcat-one wp-image-1331 lazy\" alt=\"\" data-src=\"https:\/\/www.unavets.com\/icanatura\/wp-content\/uploads\/sites\/61\/2020\/11\/shutterstock_584236459-1-388x257.jpg\" data-lazy=\"https:\/\/www.unavets.com\/icanatura\/wp-content\/uploads\/sites\/61\/2020\/11\/shutterstock_584236459-1-388x257.jpg\" \/>\t\t\t\t\t\t\t\t\t\t\t\t\t\t\t<\/div>\n\t\t\t\t<\/div>\n\t\t\t\t\t<\/div>\n\t\t<\/div>\n\t\t\t\t\t<\/div>\n\t\t<\/section>\n\t\t\t\t<section class=\"elementor-section elementor-inner-section elementor-element elementor-element-c31f089 elementor-section-boxed elementor-section-height-default elementor-section-height-default\" data-id=\"c31f089\" data-element_type=\"section\" data-e-type=\"section\">\n\t\t\t\t\t\t<div class=\"elementor-container elementor-column-gap-default\">\n\t\t\t\t\t<div class=\"elementor-column elementor-col-50 elementor-inner-column elementor-element elementor-element-96ec4f2\" data-id=\"96ec4f2\" data-element_type=\"column\" data-e-type=\"column\">\n\t\t\t<div class=\"elementor-widget-wrap\">\n\t\t\t\t\t\t\t<\/div>\n\t\t<\/div>\n\t\t\t\t<div class=\"elementor-column elementor-col-50 elementor-inner-column elementor-element elementor-element-c2b2102\" data-id=\"c2b2102\" data-element_type=\"column\" data-e-type=\"column\">\n\t\t\t<div class=\"elementor-widget-wrap\">\n\t\t\t\t\t\t\t<\/div>\n\t\t<\/div>\n\t\t\t\t\t<\/div>\n\t\t<\/section>\n\t\t\t\t<div class=\"elementor-element elementor-element-ae66eee elementor-widget elementor-widget-section_titleleft\" data-id=\"ae66eee\" data-element_type=\"widget\" data-e-type=\"widget\" data-widget_type=\"section_titleleft.default\">\n\t\t\t\t<div class=\"elementor-widget-container\">\n\t\t\t\t\t        <div class=\"ab_text-title fl-wrap\">\n            <h3>Posa't en contacte<\/h3><span class=\"section-separator fl-sec-sep\"><\/span>        <\/div>\n        \t\t\t\t<\/div>\n\t\t\t\t<\/div>\n\t\t\t\t<div class=\"elementor-element elementor-element-74a6e23 contact-infos-widget elementor-widget elementor-widget-text-editor\" data-id=\"74a6e23\" data-element_type=\"widget\" data-e-type=\"widget\" data-widget_type=\"text-editor.default\">\n\t\t\t\t<div class=\"elementor-widget-container\">\n\t\t\t\t\t\t\t\t\t<ul class=\"no-list-style contact-infos\">\n    <li><span class=\"no-rep\"><i class=\"fal fa-map-marker\"><\/i> Direcci\u00f3: <\/span>Carrer del Pened\u00e8s, 6, 25005 Lleida<\/li>\n    <li><span class=\"no-rep\"><i class=\"fal fa-phone\"><\/i> Tel\u00e8fon: <\/span><a href=\"tel:973 22 82 22\">973 22 82 22<\/a><\/li>\n    <li><span class=\"no-rep\"><i class=\"fal fa-envelope\"><\/i> Email: <\/span><a href=\"mailto:info.icanatura@unavets.com\">info.icanatura@unavets.com<\/a><\/li>\n<\/ul>\n<ul class=\"no-list-style contact-socials\">\n    <li><a href=\"https:\/\/www.facebook.com\/icanatura.centreveterinariicanatura\/?locale=es_ES\" target=\"_blank\" rel=\"noopener\"><i class=\"fab fa-facebook-f\"><\/i><\/a><\/li>\n    <li><a href=\"https:\/\/www.instagram.com\/icanatura_lleida\/\" target=\"_blank\" rel=\"noopener\"><i class=\"fab fa-instagram\"><\/i><\/a><\/li>\n<\/ul>\t\t\t\t\t\t\t\t<\/div>\n\t\t\t\t<\/div>\n\t\t\t\t\t<\/div>\n\t\t<\/div>\n\t\t\t\t<div class=\"elementor-column elementor-col-66 elementor-top-column elementor-element elementor-element-d435c3f\" data-id=\"d435c3f\" data-element_type=\"column\" data-e-type=\"column\">\n\t\t\t<div class=\"elementor-widget-wrap elementor-element-populated\">\n\t\t\t\t\t\t<div class=\"elementor-element elementor-element-4659daa elementor-widget elementor-widget-section_titleleft\" data-id=\"4659daa\" data-element_type=\"widget\" data-e-type=\"widget\" data-widget_type=\"section_titleleft.default\">\n\t\t\t\t<div class=\"elementor-widget-container\">\n\t\t\t\t\t        <div class=\"ab_text-title fl-wrap\">\n            <h3>Vols formar part del nostre equip?<\/h3><span class=\"section-separator fl-sec-sep\"><\/span>        <\/div>\n        \t\t\t\t<\/div>\n\t\t\t\t<\/div>\n\t\t\t\t<div class=\"elementor-element elementor-element-f74f60c elementor-widget elementor-widget-text-editor\" data-id=\"f74f60c\" data-element_type=\"widget\" data-e-type=\"widget\" data-widget_type=\"text-editor.default\">\n\t\t\t\t<div class=\"elementor-widget-container\">\n\t\t\t\t\t\t\t\t\t<p>Sempre estem oberts a ampliar el nostre equip amb professionals qualificats, dedicats i apassionats. <strong><span style=\"text-decoration: underline\"><span style=\"color: #3366ff;text-decoration: underline\"><a style=\"color: #3366ff;text-decoration: underline\" href=\"http:\/\/www.unavets.com\/ca\/treballa-amb-nosaltres\/\">Descobreix aqu\u00ed<\/a><\/span><\/span><\/strong> els llocs vacants a ICA Natura\u00a0i altres cl\u00edniques d&#8217;<span class=\"m_-455385131533944329hiddenspellerror\">UNAVETS<\/span>\u00a0de la teva zona.<\/p><p>Si actualment no tenim posicions disponibles i est\u00e0s interessat a treballar amb nosaltres, omple el seg\u00fcent formulari i tindrem en compte el teu perfil per a pr\u00f2ximes vacants.<\/p><p>\n\t\t\t\t\t\t<script>\n\t\t\t\t\t\t\twindow.hsFormsOnReady = window.hsFormsOnReady || [];\n\t\t\t\t\t\t\twindow.hsFormsOnReady.push(()=>{\n\t\t\t\t\t\t\t\thbspt.forms.create({\n\t\t\t\t\t\t\t\t\tportalId: 8560088,\n\t\t\t\t\t\t\t\t\tformId: \"5699b099-3447-4fb3-98e9-e3b25518659b\",\n\t\t\t\t\t\t\t\t\ttarget: \"#hbspt-form-1775550582000-0203619637\",\n\t\t\t\t\t\t\t\t\tregion: \"\",\n\t\t\t\t\t\t\t\t\t\n\t\t\t\t\t\t\t})});\n\t\t\t\t\t\t<\/script>\n\t\t\t\t\t\t<div class=\"hbspt-form\" id=\"hbspt-form-1775550582000-0203619637\"><\/div><\/p>\t\t\t\t\t\t\t\t<\/div>\n\t\t\t\t<\/div>\n\t\t\t\t\t<\/div>\n\t\t<\/div>\n\t\t\t\t\t<\/div>\n\t\t<\/section>\n\t\t\t\t<\/div>\n\t\t","protected":false},"excerpt":{"rendered":"<p>Posa&#8217;t en contacte Direcci\u00f3: Tel\u00e8fon: Email: Vols formar part del nostre equip? Sempre estem oberts a ampliar el nostre equip amb professionals qualificats, dedicats i apassionats. Descobreix aqu\u00ed els llocs vacants a \u00a0i altres cl\u00edniques d&#8217;UNAVETS\u00a0de la teva zona. Si actualment no tenim posicions disponibles i est\u00e0s interessat a treballar amb nosaltres, omple el seg\u00fcent &hellip; <\/p>\n","protected":false},"author":1,"featured_media":0,"parent":0,"menu_order":0,"comment_status":"closed","ping_status":"closed","template":"page-fullwidth.php","meta":{"_acf_changed":false,"content-type":"","footnotes":""},"class_list":["post-13570","page","type-page","status-publish","hentry"],"acf":[],"_links":{"self":[{"href":"https:\/\/www.unavets.com\/icanatura\/ca\/wp-json\/wp\/v2\/pages\/13570","targetHints":{"allow":["GET"]}}],"collection":[{"href":"https:\/\/www.unavets.com\/icanatura\/ca\/wp-json\/wp\/v2\/pages"}],"about":[{"href":"https:\/\/www.unavets.com\/icanatura\/ca\/wp-json\/wp\/v2\/types\/page"}],"author":[{"embeddable":true,"href":"https:\/\/www.unavets.com\/icanatura\/ca\/wp-json\/wp\/v2\/users\/1"}],"replies":[{"embeddable":true,"href":"https:\/\/www.unavets.com\/icanatura\/ca\/wp-json\/wp\/v2\/comments?post=13570"}],"version-history":[{"count":0,"href":"https:\/\/www.unavets.com\/icanatura\/ca\/wp-json\/wp\/v2\/pages\/13570\/revisions"}],"wp:attachment":[{"href":"https:\/\/www.unavets.com\/icanatura\/ca\/wp-json\/wp\/v2\/media?parent=13570"}],"curies":[{"name":"wp","href":"https:\/\/api.w.org\/{rel}","templated":true}]}}